{"id":5050,"date":"2014-03-19T09:24:31","date_gmt":"2014-03-19T09:24:31","guid":{"rendered":"http:\/\/localhost:8888\/themes\/ventory\/?page_id=5050"},"modified":"2025-02-20T13:43:20","modified_gmt":"2025-02-20T10:43:20","slug":"contact","status":"publish","type":"page","link":"https:\/\/www.icpe.ro\/ro\/contact\/","title":{"rendered":"CONTACT"},"content":{"rendered":"<p>[vc_row text_align=&#8221;center&#8221; top_padding=&#8221;5&#8243; bg_position=&#8221;left top&#8221;][vc_column width=&#8221;1\/1&#8243;][vc_column_text]\n<div class=\"google-maps-builder-wrap\">\n\n\t<div id=\"google-maps-builder-15595\" class=\"google-maps-builder\"  data-map-id=\"15595\" style=\"width:100%; height:400px\"><\/div>\n\n\t\n<\/div>\n<p>[\/vc_column_text][\/vc_column][\/vc_row][vc_row bg_color=&#8221;#ffffff&#8221; section_arrow=&#8221;false&#8221; top_padding=&#8221;60&#8243; bottom_padding=&#8221;60&#8243; bg_position=&#8221;left top&#8221;][vc_column width=&#8221;1\/4&#8243;]<h3 class=\"headline font-special fontsize-m fontweight-700 lh-inherit align-left transform-uppercase \" style=\"margin: 0 0 20px 0;\">Contact<\/h3>[vc_column_text]Ne pute\u0163i contacta folosind informa\u0163iile de mai jos. V\u0103 vom r\u0103spunde \u00een cel mai scurt timp posibil.<\/p>\n<i class=\"fa fa-phone minti-icon\" style=\"color:#888888 !important; font-size: 14px; margin: 0px 0px 0px 0px\"><\/i> +40 31 620 14 18<\/p>\n<i class=\"fa fa-envelope minti-icon\" style=\"color:#888888 !important; font-size: 14px; margin: 0px 0px 0px 0px\"><\/i> <a href=\"mailto:office@icpe.tech\">office@icpe.tech<\/a><\/p>\n<p><strong class=\"highlight\">Splaiul Unirii 313,<br \/>\n030138 &#8211; BUCURE\u015eTI<br \/>\nROM\u00c2NIA<\/strong><\/p>\n<a href=\"mailto:office@icpe.tech\" target=\"_self\" class=\"button color-4 small \" style=\"border-radius: 2px;\"><i class='fa fa-envelope-o'><\/i>Trimite\u021bi un email<\/a>[\/vc_column_text]<div class=\"spacer\" style=\"height: 20px;\"><\/div><h3 class=\"headline font-inherit fontsize-m fontweight-700 lh-inherit align-left transform-inherit \" style=\"margin: 0 0 20px 0;\">NE G\u0102SI\u0162I PE:<\/h3>[vc_column_text]<div class=\"social-icon social-big\"><a href=\"https:\/\/www.facebook.com\/icpe.go.electric\" target=\"_blank\" title=\"\"><i class=\"fa fa-facebook\"><\/i><\/a><\/div><div class=\"social-icon social-big\"><a href=\"https:\/\/twitter.com\/Icpe_goelectric\" target=\"_blank\" title=\"\"><i class=\"fa fa-twitter\"><\/i><\/a><\/div><div class=\"social-icon social-big\"><a href=\"https:\/\/www.linkedin.com\/company\/icpe\" target=\"_blank\" title=\"\"><i class=\"fa fa-linkedin\"><\/i><\/a><\/div><div class=\"social-icon social-big\"><a href=\"https:\/\/www.youtube.com\/channel\/UCDNNuaYCMFfVDyC-1M7CGtw\" target=\"_blank\" title=\"\"><i class=\"fa fa-youtube\"><\/i><\/a><\/div>\n<div class=\"clear\"><\/div>[\/vc_column_text][\/vc_column][vc_column width=&#8221;3\/4&#8243;]<h3 class=\"headline font-special fontsize-m fontweight-700 lh-inherit align-left transform-uppercase \" style=\"margin: 0 0 20px 0;\">Contact direct<\/h3>[vc_column_text]Ne pute\u0163i trimite un mesaj direct.[\/vc_column_text]<div role=\"form\" class=\"wpcf7\" id=\"wpcf7-f15165-o1\" lang=\"en-US\" dir=\"ltr\">\n<div class=\"screen-reader-response\" aria-live=\"polite\"><\/div>\n<form action=\"\/ro\/wp-json\/wp\/v2\/pages\/5050#wpcf7-f15165-o1\" method=\"post\" class=\"wpcf7-form\" novalidate=\"novalidate\">\n<div style=\"display: none;\">\n<input type=\"hidden\" name=\"_wpcf7\" value=\"15165\" \/>\n<input type=\"hidden\" name=\"_wpcf7_version\" value=\"5.1.9\" \/>\n<input type=\"hidden\" name=\"_wpcf7_locale\" value=\"en_US\" \/>\n<input type=\"hidden\" name=\"_wpcf7_unit_tag\" value=\"wpcf7-f15165-o1\" \/>\n<input type=\"hidden\" name=\"_wpcf7_container_post\" value=\"0\" \/>\n<\/div>\n<p>Nume (necesar)<br \/>\n    <span class=\"wpcf7-form-control-wrap your-name\"><input type=\"text\" name=\"your-name\" value=\"\" size=\"40\" class=\"wpcf7-form-control wpcf7-text wpcf7-validates-as-required\" aria-required=\"true\" aria-invalid=\"false\" \/><\/span> <\/p>\n<p>Email (necesar)<br \/>\n    <span class=\"wpcf7-form-control-wrap your-email\"><input type=\"email\" name=\"your-email\" value=\"\" size=\"40\" class=\"wpcf7-form-control wpcf7-text wpcf7-email wpcf7-validates-as-required wpcf7-validates-as-email\" aria-required=\"true\" aria-invalid=\"false\" \/><\/span> <\/p>\n<p>Subiect<br \/>\n    <span class=\"wpcf7-form-control-wrap your-subject\"><input type=\"text\" name=\"your-subject\" value=\"\" size=\"40\" class=\"wpcf7-form-control wpcf7-text wpcf7-validates-as-required\" aria-required=\"true\" aria-invalid=\"false\" \/><\/span> <\/p>\n<p>Mesaj<br \/>\n    <span class=\"wpcf7-form-control-wrap your-message\"><textarea name=\"your-message\" cols=\"40\" rows=\"10\" class=\"wpcf7-form-control wpcf7-textarea\" aria-invalid=\"false\"><\/textarea><\/span> <\/p>\n<p><span class=\"wpcf7-form-control-wrap wpgdprc\"><span class=\"wpcf7-form-control wpcf7-validates-as-required wpcf7-wpgdprc\"><span class=\"wpcf7-list-item\"><input type=\"checkbox\" name=\"wpgdprc\" value=\"1\" aria-required=\"true\" aria-invalid=\"false\" \/><span class=\"wpcf7-list-item-label\">Sunt de acord cu procesarea datelor mele conform<\/span><\/span><\/span><\/span><br \/>\n&nbsp;&nbsp;&nbsp;&nbsp;&nbsp;&nbsp;&nbsp;<a href=\"http:\/\/www.icpe.ro\/ro\/politici\/protectia-datelor\/\" target=\"_blank\" title=\"Politicii de protec\u021bie a datelor\">Politicii de protec\u021bie a datelor<\/a><\/p>\n<p><label><br \/>\nInroduce\u021bi acest cod: <input type=\"hidden\" name=\"_wpcf7_captcha_challenge_captcha-170\" value=\"2437182550\" \/><img class=\"wpcf7-form-control wpcf7-captchac wpcf7-captcha-captcha-170\" width=\"72\" height=\"24\" alt=\"captcha\" src=\"https:\/\/www.icpe.ro\/ro\/wp-content\/uploads\/wpcf7_captcha\/2437182550.png\" \/><br \/>\n<span class=\"wpcf7-form-control-wrap captcha-170\"><input type=\"text\" name=\"captcha-170\" value=\"\" size=\"4\" maxlength=\"4\" class=\"wpcf7-form-control wpcf7-captchar\" autocomplete=\"off\" aria-invalid=\"false\" \/><\/span><br \/>\n<\/label><\/p>\n<p><input type=\"submit\" value=\"Trimite\u0163i\" class=\"wpcf7-form-control wpcf7-submit\" \/><\/p>\n<div class=\"wpcf7-response-output wpcf7-display-none\" aria-hidden=\"true\"><\/div><\/form><\/div>[\/vc_column][\/vc_row]<\/p>\n","protected":false},"excerpt":{"rendered":"<p>[vc_row text_align=&#8221;center&#8221; top_padding=&#8221;5&#8243; bg_position=&#8221;left top&#8221;][vc_column width=&#8221;1\/1&#8243;][vc_column_text] [\/vc_column_text][\/vc_column][\/vc_row][vc_row bg_color=&#8221;#ffffff&#8221; section_arrow=&#8221;false&#8221; top_padding=&#8221;60&#8243; bottom_padding=&#8221;60&#8243; bg_position=&#8221;left top&#8221;][vc_column width=&#8221;1\/4&#8243;][vc_column_text]Ne pute\u0163i contacta folosind informa\u0163iile de mai jos. V\u0103 vom r\u0103spunde \u00een cel mai scurt timp posibil. +40 31 620 14 18 office@icpe.tech Splaiul Unirii 313, 030138 &#8211; BUCURE\u015eTI ROM\u00c2NIA [\/vc_column_text][vc_column_text] [\/vc_column_text][\/vc_column][vc_column width=&#8221;3\/4&#8243;][vc_column_text]Ne pute\u0163i trimite un mesaj direct.[\/vc_column_text][\/vc_column][\/vc_row]<\/p>\n","protected":false},"author":1,"featured_media":0,"parent":0,"menu_order":63,"comment_status":"open","ping_status":"open","template":"","meta":[],"folder":[46],"_links":{"self":[{"href":"https:\/\/www.icpe.ro\/ro\/wp-json\/wp\/v2\/pages\/5050"}],"collection":[{"href":"https:\/\/www.icpe.ro\/ro\/wp-json\/wp\/v2\/pages"}],"about":[{"href":"https:\/\/www.icpe.ro\/ro\/wp-json\/wp\/v2\/types\/page"}],"author":[{"embeddable":true,"href":"https:\/\/www.icpe.ro\/ro\/wp-json\/wp\/v2\/users\/1"}],"replies":[{"embeddable":true,"href":"https:\/\/www.icpe.ro\/ro\/wp-json\/wp\/v2\/comments?post=5050"}],"version-history":[{"count":0,"href":"https:\/\/www.icpe.ro\/ro\/wp-json\/wp\/v2\/pages\/5050\/revisions"}],"wp:attachment":[{"href":"https:\/\/www.icpe.ro\/ro\/wp-json\/wp\/v2\/media?parent=5050"}],"wp:term":[{"taxonomy":"folder","embeddable":true,"href":"https:\/\/www.icpe.ro\/ro\/wp-json\/wp\/v2\/folder?post=5050"}],"curies":[{"name":"wp","href":"https:\/\/api.w.org\/{rel}","templated":true}]}}