{"id":20775,"date":"2021-03-19T11:44:24","date_gmt":"2021-03-19T08:44:24","guid":{"rendered":"http:\/\/www.icpe.ro\/ro\/?page_id=20775"},"modified":"2021-04-13T10:25:19","modified_gmt":"2021-04-13T07:25:19","slug":"icpedia","status":"publish","type":"page","link":"https:\/\/www.icpe.ro\/ro\/icpedia\/","title":{"rendered":"Icpedia"},"content":{"rendered":"<p>[vc_row][vc_column width=&#8221;1\/1&#8243;][\/vc_column][\/vc_row][vc_row][vc_column width=&#8221;1\/1&#8243;][vc_column_text]<\/p>\n<p style=\"text-align: center;\"><span style=\"font-family: arial, helvetica, sans-serif; font-size: 18px;\"><strong>Icpedia<\/strong> este un proiect ce \u00ee\u0219i propune conectarea vizitatorului cu <strong>tehnologia<\/strong>, prezent\u00e2nd activit\u0103\u021bi<strong> inginere\u0219ti, industriale, \u0219tiin\u021bifice, academice, inovatoare, ecologice <\/strong>\u0219i<strong> biomedicale<\/strong> conectate prin profilul <strong>ELECTRIC<\/strong>.<\/span><\/p>\n<p><span style=\"font-size: 17px;\"><strong>Episodul 1. Editura Electra<\/strong><\/span><\/p>\n<p><center><br \/>\n<iframe loading=\"lazy\" src=\"https:\/\/www.youtube.com\/embed\/6ic8RoM8qYw\" width=\"1006\" height=\"566\" frameborder=\"0\" allowfullscreen=\"allowfullscreen\"><span style=\"display: inline-block; width: 0px; overflow: hidden; line-height: 0;\" data-mce-type=\"bookmark\" class=\"mce_SELRES_start\">\ufeff<\/span><br \/>\n<\/iframe><\/center><\/p>\n<div style=\"margin-top: 20px; margin-bottom: 20px;\"><div id=\"sp-ea-20777\" class=\"sp-ea-one sp-easy-accordion\" data-ex-icon=\"fa-minus\" data-col-icon=\"fa-plus\"  data-ea-active=\"ea-click\"  data-ea-mode=\"vertical\" data-preloader=\"\"><div class=\"ea-card  sp-ea-single\"><h3 class=\"ea-header\"><a class=\"collapsed\" data-sptoggle=\"spcollapse\" data-sptarget=#collapse207770 href=\"javascript:void(0)\" aria-expanded=\"false\"><i class=\"ea-expand-icon fa fa-plus\"><\/i> <div style=\"text-align:left\">Pove\u0219ti din Negoie\u0219ti t\u00e2lcuite de un preot de \u021bar\u0103 - Nicolae Tru\u0219c\u0103<\/div><\/a><\/h3><div class=\"sp-collapse spcollapse spcollapse\" id=\"collapse207770\" data-parent=#sp-ea-20777><div class=\"ea-body\"><p>Episodul 1 prezint\u0103 cartea <strong>preotului Nicolae Tru\u0219c\u0103<\/strong>, cu har si talent, reu\u0219e\u0219te s\u0103 ob\u021bin\u0103 un \u201ere\u021betar\u201d in care, sub forma <strong>literar<\/strong><strong>\u0103,<\/strong> se prescriu <strong>Solu<\/strong><strong>\u021bii <\/strong>- Medicament pentru suflet, comunicare, \u00een\u021belegere \u0219i iubire. <strong>Curajos <\/strong><strong>\u0219i plin de umor<\/strong>, \u201eatac\u0103\u201d toate laturile vie\u021bii de la <strong>existen<\/strong><strong>\u021ba modest\u0103<\/strong>, bogat\u0103 \u00een adnot\u0103ri \u0219i nel\u0103muriri, p\u00e2n\u0103 la <strong>e<\/strong><strong>\u0219ichierul politic<\/strong>, enigmatic, dar cu rezonan\u021b\u0103 interioar\u0103, m\u0103rturie \u00een acest sens, sunt c\u00e2teva titluri aparent ciudate raportate la con\u021binut \u2014 <em>\u00cent\u00e2lnire de gradul III, 9 Martie, Cu Cr\u0103ciunul la Giani Teologul, Costurile ader\u0103rii europene, C\u2019est la vie <\/em>\u2014 adevarate ecraniz\u0103ri pentru televiziune (sketch-uri). Acestea r\u0103m\u00e2n tema de inspira\u021bie literar\u0103, cu <strong>spirit caragialesc<\/strong>, insuficient prelucrate dramaturgic, dar \u00een care, pentru o clip\u0103, Dumnezeu r\u0103m\u00e2ne cu ale Lui \u0219i noi cu ale noastre, <strong>omul z<\/strong><strong>\u00e2mbind \u00eeng\u0103duitor eternit\u0103\u021bii.<\/strong><\/p>\n<\/div><\/div><\/div><\/div><\/div>\n<p><span style=\"font-size: 17px;\"><strong>Episodul 2. Editura Electra<\/strong><\/span><\/p>\n<p><center><br \/>\n<iframe loading=\"lazy\" title=\"YouTube video player\" src=\"https:\/\/www.youtube.com\/embed\/5EvY_fYIgQE\" width=\"1006\" height=\"566\" frameborder=\"0\" allowfullscreen=\"allowfullscreen\"><\/iframe><\/center><\/p>\n<div style=\"margin-top: 20px; margin-bottom: 20px;\"><div id=\"sp-ea-20778\" class=\"sp-ea-one sp-easy-accordion\" data-ex-icon=\"fa-minus\" data-col-icon=\"fa-plus\"  data-ea-active=\"ea-click\"  data-ea-mode=\"vertical\" data-preloader=\"\"><div class=\"ea-card  sp-ea-single\"><h3 class=\"ea-header\"><a class=\"collapsed\" data-sptoggle=\"spcollapse\" data-sptarget=#collapse207780 href=\"javascript:void(0)\" aria-expanded=\"false\"><i class=\"ea-expand-icon fa fa-plus\"><\/i> <div style=\"text-align:left\">Patima t\u0103cerii: revolte \u00een scurtissime - Mihai B\u0103dic<\/div><\/a><\/h3><div class=\"sp-collapse spcollapse spcollapse\" id=\"collapse207780\" data-parent=#sp-ea-20778><div class=\"ea-body\"><p>O carte prin care eseistica noastr\u0103 actual\u0103 \u00ee\u0219i \u00eenmul\u021be\u0219te valorile, ata\u0219at\u0103 unei linii pe care au ilustrat-o, \u00een scrierile lor, printre al\u021bii, Andrei Ple\u0219u, Gabriel Liiceanu, H. R. Patapievici, Sorin Lavric. La fel Ana Blandiana, \u00een c\u0103r\u021bile ei de eseuri. Al\u0103turi de ace\u0219tia, Mihai B\u0103dic mediteaz\u0103 la raporturile dintre <em>Relativ \u0219i Absolut<\/em>, dup\u0103 cum \u0219i la aspecte ale desf\u0103\u0219ur\u0103rilor sociale, din istorie \u0219i de acum. O carte care ne c\u00e2\u0219tig\u0103 prin ceea ce ne spune \u0219i prin felul \u00een care o face.<\/p>\n<\/div><\/div><\/div><\/div><\/div>\n<p><span style=\"font-size: 17px;\"><strong>Episodul 3. Editura Electra<\/strong><\/span><\/p>\n<p><center><br \/>\n<iframe loading=\"lazy\" title=\"YouTube video player\" src=\"https:\/\/www.youtube.com\/embed\/2LGjk1GbTPo\" width=\"1006\" height=\"566\" frameborder=\"0\" allowfullscreen=\"allowfullscreen\"><\/iframe><\/center><\/p>\n<div style=\"margin-top: 20px;\"><div id=\"sp-ea-20779\" class=\"sp-ea-one sp-easy-accordion\" data-ex-icon=\"fa-minus\" data-col-icon=\"fa-plus\"  data-ea-active=\"ea-click\"  data-ea-mode=\"vertical\" data-preloader=\"\"><div class=\"ea-card  sp-ea-single\"><h3 class=\"ea-header\"><a class=\"collapsed\" data-sptoggle=\"spcollapse\" data-sptarget=#collapse207790 href=\"javascript:void(0)\" aria-expanded=\"false\"><i class=\"ea-expand-icon fa fa-plus\"><\/i> <div style=\"text-align:left\">Sofocle Electra - Cristian Emilian Ghi\u021b\u0103<\/div><\/a><\/h3><div class=\"sp-collapse spcollapse spcollapse\" id=\"collapse207790\" data-parent=#sp-ea-20779><div class=\"ea-body\"><p>Electra este una dintre piesele t\u00e2rzii ale lui Sofocle, scris\u0103 cel mai probabil \u00een jurul anului 410 a.Chr. La aceast\u0103 epoc\u0103, Atena era prins\u0103 \u00een \u00eencle\u0219tarea titanic\u0103 a R\u0103zboiului Peloponesiac (431\u2013404 a.Chr.), purtat \u00eempotriva Spartei. \u00cen mijlocul acestor vremuri tulburi, b\u0103tr\u00e2nul Sofocle g\u0103se\u0219te inspira\u021bia pentru a scrie o pies\u0103 extraordinar\u0103 despre datorie, dreptate, tiranie, familie \u0219i eroi providen\u021biali. Dintre toate personajele piesei, de departe cel mai important este Electra. Ea este for\u021ba motrice a piesei, pun\u00e2nd \u00een mi\u0219care \u0219i sus\u021bin\u00e2nd \u00eentreg firul narativ. Electra este o for\u021b\u0103 a naturii \u2013 violen\u021ba cu care \u00eei ur\u0103\u0219te pe cei care i-au omor\u00e2t tat\u0103l e egalat\u0103 doar de dragostea pe care i-o poart\u0103 fratelui aflat \u00een exil. Cu toate acestea, este un personaj care poart\u0103 o imens\u0103 durere.<\/p>\n<\/div><\/div><\/div><\/div><\/div>\n<p>[\/vc_column_text][\/vc_column][\/vc_row]<\/p>\n","protected":false},"excerpt":{"rendered":"<p>[vc_row][vc_column width=&#8221;1\/1&#8243;][\/vc_column][\/vc_row][vc_row][vc_column width=&#8221;1\/1&#8243;][vc_column_text] Icpedia este un proiect ce \u00ee\u0219i propune conectarea vizitatorului cu tehnologia, prezent\u00e2nd activit\u0103\u021bi inginere\u0219ti, industriale, \u0219tiin\u021bifice, academice, inovatoare, ecologice \u0219i biomedicale conectate prin profilul ELECTRIC. Episodul 1. Editura Electra \ufeff Episodul 2. Editura Electra Episodul 3. Editura Electra [\/vc_column_text][\/vc_column][\/vc_row]<\/p>\n","protected":false},"author":2,"featured_media":0,"parent":0,"menu_order":0,"comment_status":"closed","ping_status":"closed","template":"","meta":[],"folder":[],"_links":{"self":[{"href":"https:\/\/www.icpe.ro\/ro\/wp-json\/wp\/v2\/pages\/20775"}],"collection":[{"href":"https:\/\/www.icpe.ro\/ro\/wp-json\/wp\/v2\/pages"}],"about":[{"href":"https:\/\/www.icpe.ro\/ro\/wp-json\/wp\/v2\/types\/page"}],"author":[{"embeddable":true,"href":"https:\/\/www.icpe.ro\/ro\/wp-json\/wp\/v2\/users\/2"}],"replies":[{"embeddable":true,"href":"https:\/\/www.icpe.ro\/ro\/wp-json\/wp\/v2\/comments?post=20775"}],"version-history":[{"count":0,"href":"https:\/\/www.icpe.ro\/ro\/wp-json\/wp\/v2\/pages\/20775\/revisions"}],"wp:attachment":[{"href":"https:\/\/www.icpe.ro\/ro\/wp-json\/wp\/v2\/media?parent=20775"}],"wp:term":[{"taxonomy":"folder","embeddable":true,"href":"https:\/\/www.icpe.ro\/ro\/wp-json\/wp\/v2\/folder?post=20775"}],"curies":[{"name":"wp","href":"https:\/\/api.w.org\/{rel}","templated":true}]}}