{"id":20768,"date":"2021-03-17T15:26:16","date_gmt":"2021-03-17T12:26:16","guid":{"rendered":"http:\/\/www.icpe.ro\/ro\/?page_id=20768"},"modified":"2021-10-25T11:29:07","modified_gmt":"2021-10-25T08:29:07","slug":"aniversarea-icpe-70-plus","status":"publish","type":"page","link":"https:\/\/www.icpe.ro\/ro\/aniversarea-icpe-70-plus\/","title":{"rendered":"Aniversarea Icpe 70+"},"content":{"rendered":"<p>[vc_row type=&#8221;full_width_section&#8221; video_bg=&#8221;use_video&#8221; enable_video_color_overlay=&#8221;true&#8221; video_mp4=&#8221;https:\/\/www.icpe.ro\/ro\/wp-content\/uploads\/2021\/04\/1_FIlmHeaderIcpe70.mp4&#8243; top_padding=&#8221;150&#8243; bottom_padding=&#8221;350&#8243;][vc_column width=&#8221;1\/1&#8243;][\/vc_column][\/vc_row][vc_row type=&#8221;full_width_section&#8221; video_bg=&#8221;use_video&#8221; enable_video_color_overlay=&#8221;true&#8221; text_align=&#8221;center&#8221; src=&#8221;&#8220;https:\/\/www.youtube.com\/embed\/mVBicAaPtRk&#8220;&#8221; width=&#8221;&#8220;1006&#8220;&#8221; height=&#8221;&#8220;566&#8220;&#8221; frameborder=&#8221;&#8220;0&#8220;&#8221;][vc_column width=&#8221;1\/1&#8243;]<div class=\"spacer\" style=\"height: 30px;\"><\/div>[\/vc_column][\/vc_row][vc_row type=&#8221;full_width_section&#8221; video_bg=&#8221;use_video&#8221; enable_video_color_overlay=&#8221;true&#8221; video_image=&#8221;17415&#8243; text_align=&#8221;center&#8221; top_padding=&#8221;200&#8243; bottom_padding=&#8221;350&#8243; class=&#8221;vc_hidden-lg vc_hidden-md vc_hidden-sm vc_hidden-xs&#8221; src=&#8221;&#8220;https:\/\/www.youtube.com\/embed\/mVBicAaPtRk&#8220;&#8221; width=&#8221;&#8220;1006&#8220;&#8221; height=&#8221;&#8220;566&#8220;&#8221; frameborder=&#8221;&#8220;0&#8220;&#8221;][vc_column width=&#8221;1\/1&#8243;][\/vc_column][\/vc_row][vc_row][vc_column width=&#8221;1\/1&#8243;]<div class=\"spacer\" style=\"height: 20px;\"><\/div>[vc_column_text]<strong>Icpe.70+, eveniment aniversar: Electrotehnica rom\u00e2neasc\u0103, \u00eentre trecut \u0219i viitor.<\/strong><\/p>\n<p>Pentru a marca cei peste 70 de ani de activitate, Icpe organizeaz\u0103 evenimentul online \u201e70+\u201d. Vor fi prezentate fragmente din istoria electrotehnicii rom\u00e2ne\u0219ti, biografii ale marilor speciali\u0219ti care au lucrat \u00een cadrul institutului, dar \u0219i contribu\u021biile \u0219tiin\u021bifice, tehnice sau inginere\u0219ti la via\u021ba economic\u0103 \u0219i social\u0103 a Rom\u00e2niei.<\/p>\n<p>Aniversarea va putea fi urm\u0103rit\u0103 direct de pe telefonul mobil, a\u0219a c\u0103 la eveniment vor putea participa oameni din \u00eentreaga lume, pasiona\u021bi de domeniul electrotehnicii \u0219i interesa\u021bi de noile perspective de dezvoltare ale institu\u021biei.<\/p>\n<p>Icpe asigur\u0103 solu\u021bii inovative complete \u00een direc\u021biile de cercetare tradi\u021bionale proprii, dovedind totodat\u0103 deschidere \u0219i pentru abordarea unor noi direc\u021bii. Infrastructura de cercetare modern\u0103, realizat\u0103 ca urmare a derul\u0103rii cu succes a proiectelor na\u021bionale \u0219i interna\u021bionale, constituie o baz\u0103 solid\u0103 pentru continua dezvoltare a cercet\u0103rii \u00een domeniul electrotehnicii dar \u0219i \u00een domenii conexe.<\/p>\n<p>\u00cen cadrul institutului, \u0219i-au desf\u0103\u0219urat activitatea academicienii Remus R\u0103dule\u021b \u0219i Aurel Avramescu, profesorii universitari Alexandru Nicolau, Gheorghe Hortopan \u0219i foarte mul\u021bi speciali\u0219ti din domeniul electrotehnic. \u00cen prezent, institutul dispune de speciali\u0219ti de \u00eenalt\u0103 calificare, de cercet\u0103tori \u0219tiin\u021bifici cu experien\u021b\u0103 dar \u0219i de tineri masteranzi si doctoranzi \u00een formare \u0219i dezvoltare \u0219tiin\u021bific\u0103.[\/vc_column_text][\/vc_column][\/vc_row][vc_row top_padding=&#8221;10&#8243; class=&#8221;vc_hidden-lg vc_hidden-md vc_hidden-sm vc_hidden-xs&#8221;][vc_column width=&#8221;3\/4&#8243;][vc_column_text]Evenimentul poate fi urm\u0103rit live, de pe telefonul mobil utilizand codul QR din partea dreapt\u0103. Fotografiati codul pentru a participa la aniversarea Icpe.70+, <strong>pe 22 Aprilie 2021, 14:00<\/strong><\/p>\n<p style=\"text-align: left;\">Echipa de organizare v\u0103 st\u0103 la dispozi\u021bie:<\/p>\n<p style=\"text-align: center;\"><img loading=\"lazy\" class=\"aligncenter size-full wp-image-20772\" src=\"https:\/\/www.icpe.ro\/ro\/wp-content\/uploads\/2021\/03\/Telefon.png\" alt=\"\" width=\"28\" height=\"31\" \/><span style=\"font-family: comic sans ms, sans-serif; font-size: 20px;\">+4021 589 3364<\/span><\/p>\n<p style=\"text-align: center; margin-top: -20px;\"><img loading=\"lazy\" class=\"aligncenter size-full wp-image-20771\" src=\"https:\/\/www.icpe.ro\/ro\/wp-content\/uploads\/2021\/03\/Mail.png\" alt=\"\" width=\"34\" height=\"34\" \/><a href=\"mailto:icpe70@icpe.ro\"><span style=\"font-family: comic sans ms, sans-serif; font-size: 20px;\">icpe70@icpe.ro<\/span><\/a><\/p>\n<p>[\/vc_column_text]<div class=\"spacer\" style=\"height: 10px;\"><\/div>[\/vc_column][vc_column width=&#8221;1\/4&#8243;]<div class=\"spacer\" style=\"height: 40px;\"><\/div><div class=\"single_image wpb_content_element align-left    \" data-animation=\"none\" data-delay=\"0\"><img width=\"145\" height=\"145\" src=\"https:\/\/www.icpe.ro\/ro\/wp-content\/uploads\/2021\/03\/Cod.ICPE_.70.jpg\" class=\"attachment-full\" alt=\"\" loading=\"lazy\" srcset=\"https:\/\/www.icpe.ro\/ro\/wp-content\/uploads\/2021\/03\/Cod.ICPE_.70.jpg 145w, https:\/\/www.icpe.ro\/ro\/wp-content\/uploads\/2021\/03\/Cod.ICPE_.70-80x80.jpg 80w\" sizes=\"(max-width: 145px) 100vw, 145px\" \/><\/div>[\/vc_column][\/vc_row][vc_row text_align=&#8221;center&#8221;][vc_column width=&#8221;1\/3&#8243;][\/vc_column][vc_column width=&#8221;1\/3&#8243;][\/vc_column][\/vc_row][vc_row][vc_column width=&#8221;1\/1&#8243;]<div class=\"spacer\" style=\"height: 20px;\"><\/div>[vc_column_text]Mul\u021bumim tuturor celor care fac parte din familia Icpe, echipei tehnice \u0219i organizatorilor, prietenilor, partenerilor, fo\u0219tilor si actualilor colegi pentru participarea la acest minunat eveniment aniversar Icpe.70+.<\/p>\n<p>A fost o onoare si o pl\u0103cere deosebit\u0103 s\u0103 comemor\u0103m cei 70 de ani de activitate ne\u00eentrerupt\u0103 la Icpe, ca organiza\u021bie implicat\u0103 nemijlocit \u00een realit\u0103\u021bile vremii, plas\u00e2ndu-ne ca \u00eentotdeauna la confluen\u021ba drumului nobil al \u0219tiin\u021bei dedicat\u0103 cunoa\u0219terii, cu ingineria \u015fi tehnologia.<\/p>\n<p><strong>Pentru c<\/strong><strong>\u0103<\/strong><strong>:<\/strong><\/p>\n<p><em>70+,\u00a0 \u00eenseamn\u0103 destinul unor oameni care au trecut \u0219i au l\u0103sat ceva din via\u021ba lor la <span style=\"color: #ff0000;\">Icpe<\/span><\/em><br \/>\n<em>70+, \u00eenseamn\u0103 nenum\u0103rate contribu\u021bii \u0219tiin\u021bifice si inginere\u0219ti \u0219i ne place s\u0103 credem c\u0103 mai\u00a0 \u00eenseamn\u0103 \u0219i un act de cultur\u0103, c\u00e2t \u00eenc\u0103 mai consider\u0103m c\u0103 \u0219tiin\u021ba face parte din cultur\u0103<\/em><br \/>\n<em>70+, prin profesionalismul, abnega\u021bia \u0219i str\u0103duin\u021ba unor oameni, \u00eenseamn\u0103 construc\u021bia unui brand consacrat<\/em><br \/>\n<em>70+, \u00eenseamn\u0103 un fragment din istoria electrotehnicii rom\u00e2ne\u0219ti<\/em>[\/vc_column_text][\/vc_column][\/vc_row][vc_row][vc_column width=&#8221;1\/1&#8243;]<div class=\"spacer\" style=\"height: 20px;\"><\/div><h2 class=\"headline font-inherit fontsize-l fontweight-800 lh-inherit align-center transform-inherit \" style=\"margin: 0 0 20px 0;\">Din Studioul Icpe.70+<\/h2><div id=\"ult-carousel-42079809369e732132f4f3\" class=\"ult-carousel-wrapper   ult_horizontal\" data-gutter=\"15\" data-rtl=\"false\" ><div class=\"ult-carousel-53898498769e732132f369 \" ><div class=\"ult-item-wrap\" data-animation=\"animated pulse\"><div class=\"single_image wpb_content_element align-left    \" data-animation=\"none\" data-delay=\"0\"><a href=\"https:\/\/www.icpe.ro\/ro\/wp-content\/uploads\/2021\/04\/carusel70plus_1.jpg\" class=\"prettyPhoto\" rel=\"prettyPhoto[image]\"><img width=\"1600\" height=\"758\" src=\"https:\/\/www.icpe.ro\/ro\/wp-content\/uploads\/2021\/04\/carusel70plus_1.jpg\" class=\"attachment-full\" alt=\"\" loading=\"lazy\" srcset=\"https:\/\/www.icpe.ro\/ro\/wp-content\/uploads\/2021\/04\/carusel70plus_1.jpg 1600w, https:\/\/www.icpe.ro\/ro\/wp-content\/uploads\/2021\/04\/carusel70plus_1-300x142.jpg 300w, https:\/\/www.icpe.ro\/ro\/wp-content\/uploads\/2021\/04\/carusel70plus_1-768x364.jpg 768w, https:\/\/www.icpe.ro\/ro\/wp-content\/uploads\/2021\/04\/carusel70plus_1-1024x485.jpg 1024w\" sizes=\"(max-width: 1600px) 100vw, 1600px\" \/><\/a><\/div><\/div><div class=\"ult-item-wrap\" data-animation=\"animated pulse\"><div class=\"single_image wpb_content_element align-left    \" data-animation=\"none\" data-delay=\"0\"><a href=\"https:\/\/www.icpe.ro\/ro\/wp-content\/uploads\/2021\/04\/carusel70plus_2.jpg\" class=\"prettyPhoto\" rel=\"prettyPhoto[image]\"><img width=\"1600\" height=\"758\" src=\"https:\/\/www.icpe.ro\/ro\/wp-content\/uploads\/2021\/04\/carusel70plus_2.jpg\" class=\"attachment-full\" alt=\"\" loading=\"lazy\" srcset=\"https:\/\/www.icpe.ro\/ro\/wp-content\/uploads\/2021\/04\/carusel70plus_2.jpg 1600w, https:\/\/www.icpe.ro\/ro\/wp-content\/uploads\/2021\/04\/carusel70plus_2-300x142.jpg 300w, https:\/\/www.icpe.ro\/ro\/wp-content\/uploads\/2021\/04\/carusel70plus_2-768x364.jpg 768w, https:\/\/www.icpe.ro\/ro\/wp-content\/uploads\/2021\/04\/carusel70plus_2-1024x485.jpg 1024w\" sizes=\"(max-width: 1600px) 100vw, 1600px\" \/><\/a><\/div><\/div><div class=\"ult-item-wrap\" data-animation=\"animated pulse\"><div class=\"single_image wpb_content_element align-left    \" data-animation=\"none\" data-delay=\"0\"><a href=\"https:\/\/www.icpe.ro\/ro\/wp-content\/uploads\/2021\/04\/carusel70plus_3.jpg\" class=\"prettyPhoto\" rel=\"prettyPhoto[image]\"><img width=\"1600\" height=\"758\" src=\"https:\/\/www.icpe.ro\/ro\/wp-content\/uploads\/2021\/04\/carusel70plus_3.jpg\" class=\"attachment-full\" alt=\"\" loading=\"lazy\" srcset=\"https:\/\/www.icpe.ro\/ro\/wp-content\/uploads\/2021\/04\/carusel70plus_3.jpg 1600w, https:\/\/www.icpe.ro\/ro\/wp-content\/uploads\/2021\/04\/carusel70plus_3-300x142.jpg 300w, https:\/\/www.icpe.ro\/ro\/wp-content\/uploads\/2021\/04\/carusel70plus_3-768x364.jpg 768w, https:\/\/www.icpe.ro\/ro\/wp-content\/uploads\/2021\/04\/carusel70plus_3-1024x485.jpg 1024w\" sizes=\"(max-width: 1600px) 100vw, 1600px\" \/><\/a><\/div><\/div><div class=\"ult-item-wrap\" data-animation=\"animated pulse\"><div class=\"single_image wpb_content_element align-left    \" data-animation=\"none\" data-delay=\"0\"><a href=\"https:\/\/www.icpe.ro\/ro\/wp-content\/uploads\/2021\/04\/carusel70plus_4.jpg\" class=\"prettyPhoto\" rel=\"prettyPhoto[image]\"><img width=\"1600\" height=\"758\" src=\"https:\/\/www.icpe.ro\/ro\/wp-content\/uploads\/2021\/04\/carusel70plus_4.jpg\" class=\"attachment-full\" alt=\"\" loading=\"lazy\" srcset=\"https:\/\/www.icpe.ro\/ro\/wp-content\/uploads\/2021\/04\/carusel70plus_4.jpg 1600w, https:\/\/www.icpe.ro\/ro\/wp-content\/uploads\/2021\/04\/carusel70plus_4-300x142.jpg 300w, https:\/\/www.icpe.ro\/ro\/wp-content\/uploads\/2021\/04\/carusel70plus_4-768x364.jpg 768w, https:\/\/www.icpe.ro\/ro\/wp-content\/uploads\/2021\/04\/carusel70plus_4-1024x485.jpg 1024w\" sizes=\"(max-width: 1600px) 100vw, 1600px\" \/><\/a><\/div><\/div><div class=\"ult-item-wrap\" data-animation=\"animated pulse\"><div class=\"single_image wpb_content_element align-left    \" data-animation=\"none\" data-delay=\"0\"><a href=\"https:\/\/www.icpe.ro\/ro\/wp-content\/uploads\/2021\/04\/carusel70plus_5.jpg\" class=\"prettyPhoto\" rel=\"prettyPhoto[image]\"><img width=\"1600\" height=\"758\" src=\"https:\/\/www.icpe.ro\/ro\/wp-content\/uploads\/2021\/04\/carusel70plus_5.jpg\" class=\"attachment-full\" alt=\"\" loading=\"lazy\" srcset=\"https:\/\/www.icpe.ro\/ro\/wp-content\/uploads\/2021\/04\/carusel70plus_5.jpg 1600w, https:\/\/www.icpe.ro\/ro\/wp-content\/uploads\/2021\/04\/carusel70plus_5-300x142.jpg 300w, https:\/\/www.icpe.ro\/ro\/wp-content\/uploads\/2021\/04\/carusel70plus_5-768x364.jpg 768w, https:\/\/www.icpe.ro\/ro\/wp-content\/uploads\/2021\/04\/carusel70plus_5-1024x485.jpg 1024w\" sizes=\"(max-width: 1600px) 100vw, 1600px\" \/><\/a><\/div><\/div><div class=\"ult-item-wrap\" data-animation=\"animated pulse\"><div class=\"single_image wpb_content_element align-left    \" data-animation=\"none\" data-delay=\"0\"><a href=\"https:\/\/www.icpe.ro\/ro\/wp-content\/uploads\/2021\/04\/carusel70plus_6.jpg\" class=\"prettyPhoto\" rel=\"prettyPhoto[image]\"><img width=\"1600\" height=\"758\" src=\"https:\/\/www.icpe.ro\/ro\/wp-content\/uploads\/2021\/04\/carusel70plus_6.jpg\" class=\"attachment-full\" alt=\"\" loading=\"lazy\" srcset=\"https:\/\/www.icpe.ro\/ro\/wp-content\/uploads\/2021\/04\/carusel70plus_6.jpg 1600w, https:\/\/www.icpe.ro\/ro\/wp-content\/uploads\/2021\/04\/carusel70plus_6-300x142.jpg 300w, https:\/\/www.icpe.ro\/ro\/wp-content\/uploads\/2021\/04\/carusel70plus_6-768x364.jpg 768w, https:\/\/www.icpe.ro\/ro\/wp-content\/uploads\/2021\/04\/carusel70plus_6-1024x485.jpg 1024w\" sizes=\"(max-width: 1600px) 100vw, 1600px\" \/><\/a><\/div><\/div><\/div><\/div>\t\t\t<script type=\"text\/javascript\">\n\t\t\t\tjQuery(document).ready(function ($) {\n\t\t\t\t\t$('.ult-carousel-53898498769e732132f369').slick({dots: true,autoplay: true,autoplaySpeed: 5000,speed: 1200,infinite: true,arrows: true,nextArrow: '<button type=\"button\" role=\"button\" aria-label=\"Next\" style=\"color:#333333; font-size:20px;\" class=\"slick-next default\"><i class=\"ultsl-arrow-right4\"><\/i><\/button>',prevArrow: '<button type=\"button\" role=\"button\" aria-label=\"Previous\" style=\"color:#333333; font-size:20px;\" class=\"slick-prev default\"><i class=\"ultsl-arrow-left4\"><\/i><\/button>',slidesToScroll:3,slidesToShow:3,swipe: true,draggable: true,touchMove: true,pauseOnHover: true,responsive: [\n\t\t\t\t\t\t\t{\n\t\t\t\t\t\t\t  breakpoint: 1025,\n\t\t\t\t\t\t\t  settings: {\n\t\t\t\t\t\t\t\tslidesToShow: 3,\n\t\t\t\t\t\t\t\tslidesToScroll: 3,  \n\t\t\t\t\t\t\t  }\n\t\t\t\t\t\t\t},\n\t\t\t\t\t\t\t{\n\t\t\t\t\t\t\t  breakpoint: 769,\n\t\t\t\t\t\t\t  settings: {\n\t\t\t\t\t\t\t\tslidesToShow: 3,\n\t\t\t\t\t\t\t\tslidesToScroll: 3\n\t\t\t\t\t\t\t  }\n\t\t\t\t\t\t\t},\n\t\t\t\t\t\t\t{\n\t\t\t\t\t\t\t  breakpoint: 481,\n\t\t\t\t\t\t\t  settings: {\n\t\t\t\t\t\t\t\tslidesToShow: 2,\n\t\t\t\t\t\t\t\tslidesToScroll: 2\n\t\t\t\t\t\t\t  }\n\t\t\t\t\t\t\t}\n\t\t\t\t\t\t],pauseOnDotsHover: true,customPaging: function(slider, i) {\n                   return '<i type=\"button\" style=\"color:#333333;\" class=\"ultsl-record\" data-role=\"none\"><\/i>';\n                },});\n\t\t\t\t});\n\t\t\t<\/script>\n\t\t\t[\/vc_column][\/vc_row][vc_row][vc_column width=&#8221;1\/1&#8243;]<div class=\"spacer\" style=\"height: 40px;\"><\/div>[\/vc_column][\/vc_row][vc_row][vc_column width=&#8221;1\/2&#8243;]<div class=\"spacer\" style=\"height: 20px;\"><\/div>[vc_column_text]<\/p>\n<h3 style=\"text-align: center;\"><strong>Icpe.70+ \u00een cifre<\/strong><\/h3>\n<p><strong>Aniversarea Icpe.70+ a \u00eensemnat:<\/strong><\/p>\n<p>\u2022 Peste 500 de spectatori live<br \/>\n\u2022 Peste 30 de vorbitori de pe 3 continente<br \/>\n\u2022 Un ecran de 36 mp<br \/>\n\u2022 Un platou de filmare complet echipat<br \/>\n\u2022 O scen\u0103<br \/>\n\u2022 Cinci camere video<br \/>\n\u2022 Conexiune internet Gbit garantat\u0103<br \/>\n\u2022 \u2026 \u0219i multe ore de munc\u0103[\/vc_column_text][\/vc_column][vc_column width=&#8221;1\/2&#8243;]<div class=\"single_image wpb_content_element align-center    \" data-animation=\"none\" data-delay=\"0\"><img width=\"800\" height=\"470\" src=\"https:\/\/www.icpe.ro\/ro\/wp-content\/uploads\/2021\/04\/70_800x470.jpg\" class=\"attachment-full\" alt=\"\" loading=\"lazy\" srcset=\"https:\/\/www.icpe.ro\/ro\/wp-content\/uploads\/2021\/04\/70_800x470.jpg 800w, https:\/\/www.icpe.ro\/ro\/wp-content\/uploads\/2021\/04\/70_800x470-300x176.jpg 300w, https:\/\/www.icpe.ro\/ro\/wp-content\/uploads\/2021\/04\/70_800x470-768x451.jpg 768w\" sizes=\"(max-width: 800px) 100vw, 800px\" \/><\/div>[\/vc_column][\/vc_row][vc_row][vc_column width=&#8221;1\/1&#8243;]<div class=\"spacer\" style=\"height: 40px;\"><\/div>[\/vc_column][\/vc_row]<\/p>\n","protected":false},"excerpt":{"rendered":"<p>[vc_row type=&#8221;full_width_section&#8221; video_bg=&#8221;use_video&#8221; enable_video_color_overlay=&#8221;true&#8221; video_mp4=&#8221;https:\/\/www.icpe.ro\/ro\/wp-content\/uploads\/2021\/04\/1_FIlmHeaderIcpe70.mp4&#8243; top_padding=&#8221;150&#8243; bottom_padding=&#8221;350&#8243;][vc_column width=&#8221;1\/1&#8243;][\/vc_column][\/vc_row][vc_row type=&#8221;full_width_section&#8221; video_bg=&#8221;use_video&#8221; enable_video_color_overlay=&#8221;true&#8221; text_align=&#8221;center&#8221; src=&#8221;&#8220;https:\/\/www.youtube.com\/embed\/mVBicAaPtRk&#8220;&#8221; width=&#8221;&#8220;1006&#8220;&#8221; height=&#8221;&#8220;566&#8220;&#8221; frameborder=&#8221;&#8220;0&#8220;&#8221;][vc_column width=&#8221;1\/1&#8243;][\/vc_column][\/vc_row][vc_row type=&#8221;full_width_section&#8221; video_bg=&#8221;use_video&#8221; enable_video_color_overlay=&#8221;true&#8221; video_image=&#8221;17415&#8243; text_align=&#8221;center&#8221; top_padding=&#8221;200&#8243; bottom_padding=&#8221;350&#8243; class=&#8221;vc_hidden-lg vc_hidden-md vc_hidden-sm vc_hidden-xs&#8221; src=&#8221;&#8220;https:\/\/www.youtube.com\/embed\/mVBicAaPtRk&#8220;&#8221; width=&#8221;&#8220;1006&#8220;&#8221; height=&#8221;&#8220;566&#8220;&#8221; frameborder=&#8221;&#8220;0&#8220;&#8221;][vc_column width=&#8221;1\/1&#8243;][\/vc_column][\/vc_row][vc_row][vc_column width=&#8221;1\/1&#8243;][vc_column_text]Icpe.70+, eveniment aniversar: Electrotehnica rom\u00e2neasc\u0103, \u00eentre trecut \u0219i viitor. Pentru a marca cei peste 70 de ani de activitate, Icpe organizeaz\u0103 evenimentul online \u201e70+\u201d. Vor fi prezentate fragmente din istoria electrotehnicii rom\u00e2ne\u0219ti, biografii ale marilor speciali\u0219ti care au lucrat \u00een cadrul institutului, dar \u0219i contribu\u021biile \u0219tiin\u021bifice, tehnice sau inginere\u0219ti la via\u021ba economic\u0103 \u0219i social\u0103 a Rom\u00e2niei. Aniversarea va putea fi urm\u0103rit\u0103 direct de pe telefonul mobil, a\u0219a c\u0103 la eveniment vor putea participa oameni din \u00eentreaga lume, pasiona\u021bi de domeniul electrotehnicii \u0219i interesa\u021bi de noile perspective de dezvoltare ale institu\u021biei. Icpe asigur\u0103 solu\u021bii inovative complete \u00een direc\u021biile de cercetare tradi\u021bionale proprii, dovedind totodat\u0103 deschidere \u0219i pentru abordarea unor noi direc\u021bii. Infrastructura de cercetare modern\u0103, realizat\u0103 ca urmare a derul\u0103rii cu succes a proiectelor na\u021bionale \u0219i interna\u021bionale, constituie o baz\u0103 solid\u0103 pentru continua dezvoltare a cercet\u0103rii \u00een domeniul electrotehnicii dar \u0219i \u00een domenii conexe. \u00cen cadrul institutului, \u0219i-au desf\u0103\u0219urat activitatea academicienii Remus R\u0103dule\u021b \u0219i Aurel Avramescu, profesorii universitari Alexandru Nicolau, Gheorghe Hortopan \u0219i foarte mul\u021bi speciali\u0219ti din domeniul [&hellip;]<\/p>\n","protected":false},"author":2,"featured_media":0,"parent":0,"menu_order":0,"comment_status":"closed","ping_status":"closed","template":"","meta":[],"folder":[],"_links":{"self":[{"href":"https:\/\/www.icpe.ro\/ro\/wp-json\/wp\/v2\/pages\/20768"}],"collection":[{"href":"https:\/\/www.icpe.ro\/ro\/wp-json\/wp\/v2\/pages"}],"about":[{"href":"https:\/\/www.icpe.ro\/ro\/wp-json\/wp\/v2\/types\/page"}],"author":[{"embeddable":true,"href":"https:\/\/www.icpe.ro\/ro\/wp-json\/wp\/v2\/users\/2"}],"replies":[{"embeddable":true,"href":"https:\/\/www.icpe.ro\/ro\/wp-json\/wp\/v2\/comments?post=20768"}],"version-history":[{"count":0,"href":"https:\/\/www.icpe.ro\/ro\/wp-json\/wp\/v2\/pages\/20768\/revisions"}],"wp:attachment":[{"href":"https:\/\/www.icpe.ro\/ro\/wp-json\/wp\/v2\/media?parent=20768"}],"wp:term":[{"taxonomy":"folder","embeddable":true,"href":"https:\/\/www.icpe.ro\/ro\/wp-json\/wp\/v2\/folder?post=20768"}],"curies":[{"name":"wp","href":"https:\/\/api.w.org\/{rel}","templated":true}]}}