{"id":20630,"date":"2021-02-25T22:09:00","date_gmt":"2021-02-25T19:09:00","guid":{"rendered":"http:\/\/www.icpe.ro\/ro\/?page_id=20630"},"modified":"2021-03-09T16:48:57","modified_gmt":"2021-03-09T13:48:57","slug":"programul-energie","status":"publish","type":"page","link":"https:\/\/www.icpe.ro\/ro\/programul-energie\/","title":{"rendered":"Programul Energie"},"content":{"rendered":"<p>[vc_row type=&#8221;full_width_section&#8221; video_bg=&#8221;use_video&#8221; enable_video_color_overlay=&#8221;true&#8221; video_mp4=&#8221;http:\/\/www.icpe.ro\/ro\/wp-content\/uploads\/2021\/02\/FilmProgramulEnergie_x264.mp4&#8243; text_align=&#8221;center&#8221; top_padding=&#8221;350&#8243; bottom_padding=&#8221;300&#8243;][vc_column][vc_column_text][\/vc_column_text][\/vc_column][\/vc_row][vc_row text_align=&#8221;center&#8221; top_padding=&#8221;10&#8243; bottom_padding=&#8221;10&#8243;][vc_column width=&#8221;1\/1&#8243;][vc_column_text]<span class=\"eap-shortcode-selectable\"><div id=\"sp-ea-20631\" class=\"sp-ea-one sp-easy-accordion\" data-ex-icon=\"fa-minus\" data-col-icon=\"fa-plus\"  data-ea-active=\"ea-click\"  data-ea-mode=\"vertical\" data-preloader=\"\"><div class=\"ea-card  sp-ea-single\"><h3 class=\"ea-header\"><a class=\"collapsed\" data-sptoggle=\"spcollapse\" data-sptarget=#collapse206310 href=\"javascript:void(0)\" aria-expanded=\"false\"><i class=\"ea-expand-icon fa fa-plus\"><\/i> <div style=\"text-align:left\">Sisteme fotovoltaice pentru gospod\u0103rii izolate<\/div><\/a><\/h3><div class=\"sp-collapse spcollapse spcollapse\" id=\"collapse206310\" data-parent=#sp-ea-20631><div class=\"ea-body\"><p style=\"text-align: left\">Icpe, instalator de sisteme fotovoltaice, validat de AFM, deruleaz\u0103 \u00eenc\u0103 de la lansare Programul privind instalarea de sisteme fotovoltaice pentru gospod\u0103riile isolate, neracordate la re\u0163eaua de distribu\u0163ie a energiei electrice.<br \/>\nObiectul programului \u00eel reprezint\u0103 finan\u021barea achizi\u021bion\u0103rii \u015fi instal\u0103rii sistemelor de panouri fotovoltaice care folosesc sursele de energie regenerabil\u0103, nepoluante.<br \/>\nProgramul se deruleaz\u0103 multianual, iar finan\u021barea programului se realizeaz\u0103 din veniturile Fondului pentru mediu, rezultate din v\u00e2nzarea certificatelor de emisii de gaze cu efect de ser\u0103, \u00een limita sumelor prev\u0103zute cu aceast\u0103 destina\u021bie prin bugetul anual al Fondului pentru mediu, aprobat conform legii.<br \/>\nFinan\u021barea nerambursabil\u0103, acordat\u0103 de Autoritate, este \u00een procent de 100% din valoarea cheltuielilor eligibile, dar nu mai mult de 25.000 lei inclusiv TVA, pentru fiecare sistem fotovoltaic care deserve\u0219te o gospod\u0103rie.<\/p>\n<p><a href=\"https:\/\/www.afm.ro\/main\/programe\/centenar\/2019\/ghid_fotovoltaice_gospodarii_izolate.pdf\">Consult\u0103 ghidul<\/a>.\u00a0\u00a0\u00a0<a href=\"https:\/\/www.afm.ro\/main\/programe\/centenar\/2019\/cerere_finantare-anexa1-fotovoltaice_gospodarii_izolate.rtf\">Descarc\u0103 cererea de finan\u021bare.<\/a>\u00a0\u00a0\u00a0<a href=\"http:\/\/www.icpe.ro\/contact\/\">Contacteaz\u0103-ne.<\/a><\/p>\n<\/div><\/div><\/div><div class=\"ea-card  sp-ea-single\"><h3 class=\"ea-header\"><a class=\"collapsed\" data-sptoggle=\"spcollapse\" data-sptarget=#collapse206311 href=\"javascript:void(0)\" aria-expanded=\"false\"><i class=\"ea-expand-icon fa fa-plus\"><\/i> <div style=\"text-align:left\">Casa Verde Fotovoltaice<\/div><\/a><\/h3><div class=\"sp-collapse spcollapse spcollapse\" id=\"collapse206311\" data-parent=#sp-ea-20631><div class=\"ea-body\"><p style=\"text-align: left\">Icpe, instalator de sisteme fotovoltaice, validat de AFM, deruleaz\u0103 \u00eenc\u0103 de la lansare Programul privind instalarea sistemelor de panouri fotovoltaice pentru producerea de energie electric\u0103, \u00een vederea acoperirii necesarului de consum \u015fi livr\u0103rii surplusului \u00een re\u0163eaua na\u0163ional\u0103.<br \/>\nObiectul programului \u00eel reprezint\u0103 finan\u0163area achizi\u0163ion\u0103rii \u015fi instal\u0103rii sistemelor care folosesc sursele de energie regenerabil\u0103, nepoluante.<br \/>\nScopul programului \u00eel reprezint\u0103 cre\u015fterea eficien\u0163ei energetice, \u00eembun\u0103t\u0103\u0163irea calit\u0103\u0163ii aerului \u015fi reducerea emisiilor de gaze cu efect de ser\u0103, prin utilizarea sistemelor de panouri fotovoltaice pentru producerea de energie electric\u0103, necesar\u0103 consumului propriu \u015fi livrarea surplusului \u00een sistemul energetic na\u0163ional.<br \/>\nFinan\u0163area se acord\u0103 \u00een procent de p\u00e2n\u0103 la 90% din valoarea total\u0103 a cheltuielilor eligibile, \u00een limita sumei de 20.000 lei.<\/p>\n<p><a href=\"https:\/\/www.afm.ro\/main\/programe\/sisteme_fotovoltaice\/2021\/ordin_121-2021_02_01-forma_consolidata.pdf\">Consult\u0103 ghidul.<\/a>\u00a0\u00a0\u00a0<a href=\"https:\/\/www.afm.ro\/main\/programe\/sisteme_fotovoltaice\/2021\/ordin_121-2021_02_01-forma_consolidata.pdf\">Deschide aplica\u021bia web.<\/a>\u00a0\u00a0\u00a0<a href=\"http:\/\/www.icpe.ro\/contact\/\">Contacteaz\u0103-ne.<\/a><\/p>\n<\/div><\/div><\/div><div class=\"ea-card  sp-ea-single\"><h3 class=\"ea-header\"><a class=\"collapsed\" data-sptoggle=\"spcollapse\" data-sptarget=#collapse206312 href=\"javascript:void(0)\" aria-expanded=\"false\"><i class=\"ea-expand-icon fa fa-plus\"><\/i> <div style=\"text-align:left\">Eficien\u021ba energetic\u0103 \u00een scoli<\/div><\/a><\/h3><div class=\"sp-collapse spcollapse spcollapse\" id=\"collapse206312\" data-parent=#sp-ea-20631><div class=\"ea-body\"><p style=\"text-align: left\">Icpe, instalator de sisteme fotovoltaice, validat de AFM, deruleaz\u0103 \u00eenc\u0103 de la lansare Programul privind cre\u015fterea eficien\u0163ei energetice \u015fi gestionarea inteligent\u0103 a energiei \u00een cl\u0103dirile publice cu destina\u0163ie de unit\u0103\u0163i de \u00eenv\u0103\u0163\u0103m\u00e2nt.<br \/>\nScopul Programului \u00eel reprezint\u0103 cre\u015fterea eficien\u0163ei energetice a cl\u0103dirilor publice cu destina\u0163ie de unit\u0103\u0163i de \u00eenv\u0103\u0163\u0103m\u00e2nt \u015fi \u00eembun\u0103t\u0103\u0163irea calit\u0103\u0163ii mediului prin reducerea emisiilor de gaze cu efect de ser\u0103, prin reducerea consumului anual de energie final\u0103.<br \/>\nObiectul Programului vizeaz\u0103 modernizarea cl\u0103dirilor publice cu destina\u0163ie de unit\u0103\u0163i de \u00eenv\u0103\u0163\u0103m\u00e2nt, prin finan\u0163area de activit\u0103\u0163i\/ac\u0163iuni specifice realiz\u0103rii de investi\u0163ii pentru cre\u015fterea performan\u0163ei energetice a acestora, respectiv:<br \/>\n\u2013 \u00eembun\u0103t\u0103\u0163irea izola\u0163iei termice a anvelopei cl\u0103dirii (pere\u0163i exteriori, ferestre \u015fi u\u015fi, plan\u015feu peste ultimul nivel, plan\u015feu peste subsol), a \u015farpantelor \u015fi \u00eenvelitorilor; precum \u015fi a altor elemente de anvelop\u0103 care \u00eenchid spa\u0163iul climatizat al cl\u0103dirii<br \/>\n\u2013 introducerea, reabilitarea \u015fi modernizarea, dup\u0103 caz, a instala\u0163iilor pentru prepararea, distribu\u0163ia \u015fi utilizarea agentului termic pentru \u00eenc\u0103lzire \u015fi a apei calde de consum, a sistemelor de ventilare \u015fi climatizare, a sistemelor de ventilare mecanic\u0103 cu recuperarea c\u0103ldurii, inclusiv sisteme de r\u0103cire pasiv\u0103, precum \u015fi achizi\u0163ionarea \u015fi instalarea echipamentelor aferente \u015fi racordarea la sistemele de \u00eenc\u0103lzire centralizat\u0103, dup\u0103 caz<br \/>\n\u2013 utilizarea surselor regenerabile de energie<br \/>\n\u2013 implementarea sistemelor de management energetic av\u00e2nd ca scop \u00eembun\u0103t\u0103\u0163irea eficien\u0163ei energetice \u015fi monitorizarea consumurilor de energie (de exemplu, achizi\u0163ionarea, instalarea, \u00eentre\u0163inerea \u015fi exploatarea sistemelor inteligente pentru gestionarea \u015fi monitorizarea oric\u0103rui tip de energie pentru asigurarea condi\u0163iilor de confort interior)<br \/>\n\u2013 \u00eenlocuirea corpurilor de iluminat fluorescent \u015fi incandescent cu corpuri de iluminat cu eficien\u0163\u0103 energetic\u0103 ridicat\u0103 \u015fi durat\u0103 mare de via\u0163\u0103, tehnologie LED, cu respectarea normelor \u015fi reglement\u0103rilor tehnice<br \/>\n\u2013 optimizarea calit\u0103\u0163ii aerului interior prin ventila\u0163ie mecanic\u0103 cu unit\u0103\u0163i individuale sau centralizat\u0103, dup\u0103 caz, cu recuperare de energie termic\u0103 pentru asigurarea necesarului de aer proasp\u0103t \u015fi a nivelului de umiditate, care s\u0103 asigure starea de s\u0103n\u0103tate a utilizatorilor \u00een spa\u0163iile \u00een care \u00ee\u015fi desf\u0103\u015foar\u0103 activitatea<br \/>\n\u2013 orice alte activit\u0103\u0163i care conduc la \u00eendeplinirea realiz\u0103rii scopului proiectului (\u00eenlocuirea circuitelor electrice, lucr\u0103ri de demontare\/montare a instala\u0163iilor \u015fi echipamentelor montate consumatoare de energie, lucr\u0103ri de repara\u0163ii \u015fi etan\u015f\u0103ri la nivelul \u00eembin\u0103rilor \u015fi str\u0103pungerilor la fa\u0163ade etc.)<\/p>\n<p style=\"text-align: left\">Finan\u0163area Programului se realizeaz\u0103 din veniturile rezultate din v\u00e2nzarea certificatelor de emisii de gaze cu efect de ser\u0103 \u00eencasate la Fondul pentru mediu, \u00een limita creditelor de angajament \u015fi bugetare prev\u0103zute cu aceast\u0103 destina\u0163ie prin bugetul anual al Fondului pentru mediu, aprobat conform legii. Programul are caracter multianual \u015fi se desf\u0103\u015foar\u0103 la nivel na\u0163ional.<\/p>\n<p><a href=\"https:\/\/www.afm.ro\/main\/programe\/eficienta_energetica\/2020\/ghid_eficienta_energetica_scoli.pdf\">Consult\u0103 ghidul.<\/a>\u00a0\u00a0\u00a0<a href=\"http:\/\/www.icpe.ro\/contact\/\">Contacteaz\u0103-ne.<\/a><\/p>\n<\/div><\/div><\/div><div class=\"ea-card  sp-ea-single\"><h3 class=\"ea-header\"><a class=\"collapsed\" data-sptoggle=\"spcollapse\" data-sptarget=#collapse206313 href=\"javascript:void(0)\" aria-expanded=\"false\"><i class=\"ea-expand-icon fa fa-plus\"><\/i> <div style=\"text-align:left\">Electric up<\/div><\/a><\/h3><div class=\"sp-collapse spcollapse spcollapse\" id=\"collapse206313\" data-parent=#sp-ea-20631><div class=\"ea-body\"><p style=\"text-align: left\">Icpe, instalator de sisteme fotovoltaice, validat de AFM, deruleaz\u0103 \u00eenc\u0103 de la lansare Programul de finan\u021bare pentru \u00eentreprinderi mici \u0219i mijlocii \u0219i domeniul HORECA.<\/p>\n<p style=\"text-align: left\">Obiectul programului \u00eel reprezint\u0103 finan\u0163area intreprinderilor mici \u0219i mijlocii \u0219i a operatorilor economici din domeniul HORECA, pentru instalarea sistemelor de panouri fotovoltaice pentru producerea de energie electric\u0103, cu o putere instalat\u0103 cuprins\u0103 \u00eentre 27 kWp \u0219i 100 kWp, necesar\u0103 consumului propriu \u0219i livrarea surplusului \u00een Sistemul energetic na\u021bional \u0219i a sta\u021biilor de re\u00eenc\u0103rcare de 22 kW pentru vehicule electrice \u0219i electrice hibrid plug-in, \u00een conformitate cu prevederile legisla\u021biei na\u021bionale \u0219i europene \u00een vigoare, privind schemele ajutorului de minimis, conform Regulamentului (UE) nr. 1.407\/2013 al Comisiei din 18 decembrie 2013, privind aplicarea articolelor 107 \u0219i 108 din Tratatul privind func\u021bionarea Uniunii Europene ajutoarelor de minimis.<\/p>\n<p style=\"text-align: left\">Scopul programului \u00eel reprezint\u0103 cre\u015fterea gradului de utilizare a surselor regenerabile de energie \u0219i a eficien\u0163ei energetice, \u00eembun\u0103t\u0103\u0163irea calit\u0103\u0163ii aerului prin reducerea emisiilor de gaze cu efect de ser\u0103, prin utilizarea sistemelor de panouri fotovoltaice pentru producerea de energie electric\u0103 necesar\u0103 consumului 3 IpSE IpPV propriu \u0219i livrarea surplusului \u00een re\u021beaua na\u021bional\u0103 de energie electric\u0103, precum \u0219i stimularea utiliz\u0103rii autovehiculelor electrice \u0219i electrice hibrid plug-in, dezvoltarea transportului ecologic cu emisii reduse de gaze cu efect de ser\u0103 prin montarea sta\u0163iilor de re\u00eenc\u0103rcare pentru vehicule electrice \u015fi electrice hibrid plugin.<\/p>\n<p style=\"text-align: left\">Obiectivul programului const\u0103 \u00een cre\u015fterea capacit\u0103\u0163ilor de producere a energiei electrice din surse regenerabile cu o putere instalat\u0103 cuprins\u0103 \u00eentre 27 kWp - 100 kWp pentru asigurarea consumului propriu \u0219i dezvoltarea electromobilit\u0103\u021bii reale la nivel na\u021bional prin cre\u0219terea num\u0103rului sta\u0163iilor de re\u00eenc\u0103rcare pentru vehicule electrice \u015fi electrice hibrid plug-in.<\/p>\n<p style=\"text-align: left\">Finan\u021barea nerambursabil\u0103 se acord\u0103 \u00een cuantum de maxim 100.000 de euro pentru instalarea sistemelor de panouri fotovoltaice pentru producerea de energie electric\u0103 cu o putere instalat\u0103 de 100 kWp \u0219i cel pu\u021bin o sta\u021bie de re\u00eenc\u0103rcare de minim 22 kW pentru vehicule electrice \u015fi electrice hibrid plug-in, cu minim dou\u0103 puncte de \u00eenc\u0103rcare, reprezent\u00e2nd un suport financiar de p\u00e2n\u0103 la 100% din cheltuielile eligibile.<\/p>\n<p><a href=\"http:\/\/energie.gov.ro\/wp-content\/uploads\/2020\/12\/Ghid-ElectricUp-03-12-2020.pdf\">Consult\u0103 ghidul.<\/a>\u00a0\u00a0\u00a0<a href=\"http:\/\/energie.gov.ro\/wp-content\/uploads\/2021\/01\/Schema-de-ajutor-de-minimis-prevazuta-in-cadrul-Programului-%E2%80%9EELECTRIC-UP.pdf\">Descarc\u0103 informa\u021bii cu privire la ajutorul de minimis.<\/a>\u00a0\u00a0\u00a0<a href=\"http:\/\/www.icpe.ro\/contact\/\">Contacteaz\u0103-ne.<\/a><\/p>\n<\/div><\/div><\/div><\/div><\/span>[\/vc_column_text]<a href=\"http:\/\/www.icpe.ro\/ro\/contact\" target=\"_self\" class=\"button color-2 small \" style=\"border-radius: 2px;\">Lucreaz\u0103 cu noi<\/a><div class=\"spacer\" style=\"height: 25px;\"><\/div>[\/vc_column][\/vc_row][vc_row][vc_column width=&#8221;1\/1&#8243;][\/vc_column][\/vc_row]<\/p>\n","protected":false},"excerpt":{"rendered":"<p>[vc_row type=&#8221;full_width_section&#8221; video_bg=&#8221;use_video&#8221; enable_video_color_overlay=&#8221;true&#8221; video_mp4=&#8221;http:\/\/www.icpe.ro\/ro\/wp-content\/uploads\/2021\/02\/FilmProgramulEnergie_x264.mp4&#8243; text_align=&#8221;center&#8221; top_padding=&#8221;350&#8243; bottom_padding=&#8221;300&#8243;][vc_column][vc_column_text][\/vc_column_text][\/vc_column][\/vc_row][vc_row text_align=&#8221;center&#8221; top_padding=&#8221;10&#8243; bottom_padding=&#8221;10&#8243;][vc_column width=&#8221;1\/1&#8243;][vc_column_text][\/vc_column_text][\/vc_column][\/vc_row][vc_row][vc_column width=&#8221;1\/1&#8243;][\/vc_column][\/vc_row]<\/p>\n","protected":false},"author":2,"featured_media":0,"parent":0,"menu_order":0,"comment_status":"closed","ping_status":"closed","template":"","meta":[],"folder":[],"_links":{"self":[{"href":"https:\/\/www.icpe.ro\/ro\/wp-json\/wp\/v2\/pages\/20630"}],"collection":[{"href":"https:\/\/www.icpe.ro\/ro\/wp-json\/wp\/v2\/pages"}],"about":[{"href":"https:\/\/www.icpe.ro\/ro\/wp-json\/wp\/v2\/types\/page"}],"author":[{"embeddable":true,"href":"https:\/\/www.icpe.ro\/ro\/wp-json\/wp\/v2\/users\/2"}],"replies":[{"embeddable":true,"href":"https:\/\/www.icpe.ro\/ro\/wp-json\/wp\/v2\/comments?post=20630"}],"version-history":[{"count":0,"href":"https:\/\/www.icpe.ro\/ro\/wp-json\/wp\/v2\/pages\/20630\/revisions"}],"wp:attachment":[{"href":"https:\/\/www.icpe.ro\/ro\/wp-json\/wp\/v2\/media?parent=20630"}],"wp:term":[{"taxonomy":"folder","embeddable":true,"href":"https:\/\/www.icpe.ro\/ro\/wp-json\/wp\/v2\/folder?post=20630"}],"curies":[{"name":"wp","href":"https:\/\/api.w.org\/{rel}","templated":true}]}}