{"id":20053,"date":"2015-11-27T10:57:36","date_gmt":"2015-11-27T10:57:36","guid":{"rendered":"http:\/\/uniconxml.mintithemes.com\/?page_id=15271"},"modified":"2021-03-02T19:24:36","modified_gmt":"2021-03-02T16:24:36","slug":"energie","status":"publish","type":"page","link":"https:\/\/www.icpe.ro\/ro\/energie\/","title":{"rendered":"Energie"},"content":{"rendered":"<p>[vc_row top_padding=&#8221;40&#8243; bottom_padding=&#8221;40&#8243;][vc_column width=&#8221;1\/1&#8243;]<div class=\"minti_masonrygrid  clearfix\"><div class=\"grid-sizer\"><\/div><div class=\"minti_masonrygrid_item masonry_text masonry_sb\"><div class=\"minti_masonrygrid_item_wrap\"><div class=\"minti_masonrygrid_item_inner\"><div class=\"minti_masonrygrid_item_cell\"><h4 class=\"font-special\">ENERGIE<\/h4><div class=\"divider\"><\/div><div class=\"minti_masonrygrid_text\">Bazat pe o echip\u0103 cu experien\u021b\u0103 \u015fi expertiz\u0103 \u0219i cu sus\u021binerea pe care o acord\u0103 o infrastructur\u0103 performant\u0103 de cercetare dezvoltare, domeniul energiei din Icpe a ajuns s\u0103 acopere sectorul energiilor regenerabile, a eficien\u021bei energetice, a serviciilor energetice integrate.<\/p>\n<a href=\"http:\/\/www.icpe.ro\/ro\/energie-2\/\" target=\"_self\" class=\"button color-3 medium \" style=\"border-radius: 2px;\">Vezi mai mult<\/a><\/div><\/div><\/div><\/div><\/div><div class=\"minti_masonrygrid_item masonry_image masonry_ss\"><a href=\"http:\/\/www.icpe.ro\/ro\/inscriere-program-sisteme-fotovoltaice\" target=\"_self\"><div class=\"minti_masonrygrid_item_wrap\"><div class=\"minti_masonrygrid_item_inner\" style=\"background-image: url(https:\/\/www.icpe.ro\/ro\/wp-content\/uploads\/2019\/02\/Icon_02_sus_500_500.png);\"><div class=\"minti_masonrygrid_item_cell minti_masonrygrid_item_overlay font-special\">SURSE REGENERABILE DE ENERGIE<\/div><\/div><\/div><\/a><\/div><div class=\"minti_masonrygrid_item masonry_image masonry_ss\"><a href=\"http:\/\/www.icpe.ro\/ro\/contact\/\" target=\"_self\"><div class=\"minti_masonrygrid_item_wrap\"><div class=\"minti_masonrygrid_item_inner\" style=\"background-image: url(https:\/\/www.icpe.ro\/ro\/wp-content\/uploads\/2019\/02\/Icon_03_500_500.png);\"><div class=\"minti_masonrygrid_item_cell minti_masonrygrid_item_overlay font-special\">CONSULTAN\u021a\u0102<\/div><\/div><\/div><\/a><\/div><div class=\"minti_masonrygrid_item masonry_image masonry_ss\"><a href=\"http:\/\/www.icpe.ro\/ro\/programul-energie\/\" target=\"_self\"><div class=\"minti_masonrygrid_item_wrap\"><div class=\"minti_masonrygrid_item_inner\" style=\"background-image: url(https:\/\/www.icpe.ro\/ro\/wp-content\/uploads\/2019\/02\/Icon_02_jos_500_500.png);\"><div class=\"minti_masonrygrid_item_cell minti_masonrygrid_item_overlay font-special\">EFICIEN\u021a\u0102 ENERGETIC\u0102<\/div><\/div><\/div><\/a><\/div><div class=\"minti_masonrygrid_item masonry_icon masonry_ss\"><a href=\"http:\/\/www.icpe.ro\/ro\/energie-2\/\" target=\"_self\"><div class=\"minti_masonrygrid_item_wrap\"><div class=\"minti_masonrygrid_item_inner\"><div class=\"minti_masonrygrid_item_cell\"><i class=\"fa far fa-building\"><\/i><h4 class=\"font-special\">PROIECTARE \u0218I EXECU\u021aIE<\/h4><div class=\"minti_masonrygrid_subtitle\">servicii<\/div><\/div><\/div><\/div><\/a><\/div><div class=\"minti_masonrygrid_item masonry_icon masonry_ss\"><a href=\"http:\/\/www.icpe.ro\/ro\/energie\/afilieri\" target=\"_self\"><div class=\"minti_masonrygrid_item_wrap\"><div class=\"minti_masonrygrid_item_inner\"><div class=\"minti_masonrygrid_item_cell\"><i class=\"fa fas fa-users\"><\/i><h4 class=\"font-special\">AFILIERI<\/h4><\/div><\/div><\/div><\/a><\/div><div class=\"minti_masonrygrid_item masonry_image masonry_rp\"><a href=\"http:\/\/www.icpe.ro\/ro\/energie\/cercetare\" target=\"_self\"><div class=\"minti_masonrygrid_item_wrap\"><div class=\"minti_masonrygrid_item_inner\" style=\"background-image: url(https:\/\/www.icpe.ro\/ro\/wp-content\/uploads\/2019\/02\/site-energie-iconuri-nr-5-500x1000.jpg);\"><div class=\"minti_masonrygrid_item_cell minti_masonrygrid_item_overlay font-special\">PROIECTE DE CERCETARE<\/div><\/div><\/div><\/a><\/div><div class=\"minti_masonrygrid_item masonry_image masonry_ss\"><a href=\"http:\/\/www.icpe.ro\/ro\/parcul-solar\/\" target=\"_self\"><div class=\"minti_masonrygrid_item_wrap\"><div class=\"minti_masonrygrid_item_inner\" style=\"background-image: url(https:\/\/www.icpe.ro\/ro\/wp-content\/uploads\/2019\/02\/Icon_07_500_500.png);\"><div class=\"minti_masonrygrid_item_cell minti_masonrygrid_item_overlay font-special\">PARCUL SOLAR Icpe<\/div><\/div><\/div><\/a><\/div><div class=\"minti_masonrygrid_item masonry_image masonry_ss\"><a href=\"http:\/\/www.icpe.ro\/ro\/agigea500kwp\/\" target=\"_self\"><div class=\"minti_masonrygrid_item_wrap\"><div class=\"minti_masonrygrid_item_inner\" style=\"background-image: url(https:\/\/www.icpe.ro\/ro\/wp-content\/uploads\/2019\/02\/Icon_08_500_500.png);\"><div class=\"minti_masonrygrid_item_cell minti_masonrygrid_item_overlay font-special\">CENTRALA FOTOVOLTAICA AGIGEA 500 kWp<\/div><\/div><\/div><\/a><\/div><div class=\"minti_masonrygrid_item masonry_image masonry_rl\"><a href=\"http:\/\/www.icpe.ro\/ro\/inscriere-program-sisteme-fotovoltaice\" target=\"_self\"><div class=\"minti_masonrygrid_item_wrap\"><div class=\"minti_masonrygrid_item_inner\" style=\"background-image: url(https:\/\/www.icpe.ro\/ro\/wp-content\/uploads\/2019\/02\/Icon_10_1000_489-1000x489.png);\"><div class=\"minti_masonrygrid_item_cell minti_masonrygrid_item_overlay font-special\">SISTEME FOTOVOLTAICE REZIDEN\u021aIALE<\/div><\/div><\/div><\/a><\/div><div class=\"minti_masonrygrid_item masonry_icon masonry_ss\"><a href=\"#\" target=\"_self\"><div class=\"minti_masonrygrid_item_wrap\"><div class=\"minti_masonrygrid_item_inner\"><div class=\"minti_masonrygrid_item_cell\"><i class=\"fa far fa-envelope\"><\/i><h4 class=\"font-special\">CONTACT<\/h4><\/div><\/div><\/div><\/a><\/div><\/div>[\/vc_column][\/vc_row][vc_row text_align=&#8221;center&#8221; bottom_padding=&#8221;40&#8243;][vc_column width=&#8221;1\/1&#8243;]<div class=\"newdivider align-center\" style=\"border-bottom-style: solid; border-color: #efefef; border-bottom-width: 1px; margin-top: 0; margin-bottom: 40px; width: 100%; \"><\/div><div class=\"clear\"><\/div>[\/vc_column][\/vc_row]<\/p>\n","protected":false},"excerpt":{"rendered":"<p>[vc_row top_padding=&#8221;40&#8243; bottom_padding=&#8221;40&#8243;][vc_column width=&#8221;1\/1&#8243;][\/vc_column][\/vc_row][vc_row text_align=&#8221;center&#8221; bottom_padding=&#8221;40&#8243;][vc_column width=&#8221;1\/1&#8243;][\/vc_column][\/vc_row]<\/p>\n","protected":false},"author":2,"featured_media":0,"parent":0,"menu_order":0,"comment_status":"closed","ping_status":"closed","template":"","meta":[],"folder":[],"_links":{"self":[{"href":"https:\/\/www.icpe.ro\/ro\/wp-json\/wp\/v2\/pages\/20053"}],"collection":[{"href":"https:\/\/www.icpe.ro\/ro\/wp-json\/wp\/v2\/pages"}],"about":[{"href":"https:\/\/www.icpe.ro\/ro\/wp-json\/wp\/v2\/types\/page"}],"author":[{"embeddable":true,"href":"https:\/\/www.icpe.ro\/ro\/wp-json\/wp\/v2\/users\/2"}],"replies":[{"embeddable":true,"href":"https:\/\/www.icpe.ro\/ro\/wp-json\/wp\/v2\/comments?post=20053"}],"version-history":[{"count":0,"href":"https:\/\/www.icpe.ro\/ro\/wp-json\/wp\/v2\/pages\/20053\/revisions"}],"wp:attachment":[{"href":"https:\/\/www.icpe.ro\/ro\/wp-json\/wp\/v2\/media?parent=20053"}],"wp:term":[{"taxonomy":"folder","embeddable":true,"href":"https:\/\/www.icpe.ro\/ro\/wp-json\/wp\/v2\/folder?post=20053"}],"curies":[{"name":"wp","href":"https:\/\/api.w.org\/{rel}","templated":true}]}}