{"id":19753,"date":"2018-05-16T12:17:23","date_gmt":"2018-05-16T09:17:23","guid":{"rendered":"http:\/\/www.icpe.ro\/ro\/?page_id=19753"},"modified":"2018-05-16T12:36:47","modified_gmt":"2018-05-16T09:36:47","slug":"motoare-sincrone-fara-perii-pentru-tractiune-electrica","status":"publish","type":"page","link":"https:\/\/www.icpe.ro\/ro\/masini-electrice-speciale\/motoare-vehicule-electrice\/motoare-sincrone-fara-perii-pentru-tractiune-electrica\/","title":{"rendered":"Motoare sincrone f\u0103r\u0103 perii pentru trac\u0163iune electric\u0103"},"content":{"rendered":"<p>[vc_row][vc_column width=&#8221;1\/1&#8243;][vc_column_text]<\/p>\n<div style=\"text-align: justify; margin-top: 0px; margin-bottom: 0px;\">\n<p><strong>Motoare sincrone f\u0103r\u0103 perii pentru trac\u0163iune electric\u0103<\/strong><\/p>\n<p>Motorul este de tip sincron cu magne\u0163i permanen\u0163i. \u00cenf\u0103\u015furarea este trifazat\u0103. Poate fi alimentat de la un controler cu und\u0103 trapezoidal\u0103 sau sinusoidal\u0103. Magne\u0163ii permanen\u0163i sunt din Nd-Fe-B, rezisten\u0163i la temperatur\u0103. Clasa de izola\u0163ie este F. Se remarc\u0103 prin dimensiunile reduse, raport cuplu\/greutate ridicat, accelera\u0163ii ridicate. Se pot folosi senzori Hall sau resolver.<\/p>\n<\/div>\n<p>[\/vc_column_text][\/vc_column][\/vc_row][vc_row][vc_column width=&#8221;1\/1&#8243;]<div class=\"spacer\" style=\"height: 20px;\"><\/div>[\/vc_column][\/vc_row][vc_row][vc_column width=&#8221;1\/3&#8243;][vc_raw_html]JTNDcCUzRSUzQ2ltZyUyMHN0eWxlJTNEJTIybWFyZ2luLXRvcCUzQSUyMDBweCUzQiUyMG1hcmdpbi1yaWdodCUzQSUyMC0yMHB4JTNCJTIwd2lkdGglM0ElMjAyNTBweCUzQiUyMGhlaWdodCUzQSUyMDIyMnB4JTNCJTIyJTIwc3JjJTNEJTIyaHR0cCUzQSUyRiUyRnd3dy5pY3BlLnJvJTJGd3AtY29udGVudCUyRkltYWdpbmklMkZ0cmFjdGlvbl9CU00uanBnJTIyJTIwYWx0JTNEJTIyJTIyJTIwYWxpZ24lM0QlMjJyaWdodCUyMiUyMHdpZHRoJTNEJTIyMjUwJTIyJTIwaGVpZ2h0JTNEJTIyMjIyJTIyJTIwYm9yZGVyJTNEJTIyMSUyMiUzRSUzQyUyRnAlM0UlMEE=[\/vc_raw_html][\/vc_column][vc_column width=&#8221;1\/3&#8243;][vc_column_text]<\/p>\n<div style=\"text-align: justify; margin-top: 10px; margin-bottom: 0px;\">\n<ul>\n<li>Cuplu tranzitoriu ridicat pentru o accelerare rapid\u0103<\/li>\n<li>Raport putere\/mas\u0103 sporit<\/li>\n<li>Cuplu tranzitoriu ridicat pentru o accelerare rapid\u0103<\/li>\n<li>48V c.c., 2kW @2000 rot\/min<\/li>\n<li>Pre\u0163 redus, nu necesit\u0103 \u00eentre\u0163inere, rotor cu magne\u0163i de energie mare<\/li>\n<li>Design compact, eficien\u0163\u0103 ridicat\u0103<\/li>\n<li>Dimensiuni: 170x170x95 mm<\/li>\n<\/ul>\n<\/div>\n<p>[\/vc_column_text][\/vc_column][vc_column width=&#8221;1\/3&#8243;][vc_raw_html]JTNDcCUzRSUzQ2ltZyUyMHN0eWxlJTNEJTIybWFyZ2luLXRvcCUzQSUyMDBweCUzQiUyMG1hcmdpbi1sZWZ0JTNBJTIwLTIwcHglM0IlMjB3aWR0aCUzQSUyMDIxNnB4JTNCJTIwaGVpZ2h0JTNBJTIwMjIycHglM0IlMjIlMjBzcmMlM0QlMjJodHRwJTNBJTJGJTJGd3d3LmljcGUucm8lMkZ3cC1jb250ZW50JTJGSW1hZ2luaSUyRnRyYWN0aW9uX0JTTV8yLmpwZyUyMiUyMGFsdCUzRCUyMiUyMiUyMGFsaWduJTNEJTIybGVmdCUyMiUyMHdpZHRoJTNEJTIyMjE2JTIyJTIwaGVpZ2h0JTNEJTIyMjIyJTIyJTIwYm9yZGVyJTNEJTIyMSUyMiUzRSUzQyUyRnAlM0U=[\/vc_raw_html][\/vc_column][\/vc_row]<\/p>\n","protected":false},"excerpt":{"rendered":"<p>[vc_row][vc_column width=&#8221;1\/1&#8243;][vc_column_text] Motoare sincrone f\u0103r\u0103 perii pentru trac\u0163iune electric\u0103 Motorul este de tip sincron cu magne\u0163i permanen\u0163i. \u00cenf\u0103\u015furarea este trifazat\u0103. Poate fi alimentat de la un controler cu und\u0103 trapezoidal\u0103 sau sinusoidal\u0103. Magne\u0163ii permanen\u0163i sunt din Nd-Fe-B, rezisten\u0163i la temperatur\u0103. Clasa de izola\u0163ie este F. Se remarc\u0103 prin dimensiunile reduse, raport cuplu\/greutate ridicat, accelera\u0163ii ridicate. Se pot folosi senzori Hall sau resolver. [\/vc_column_text][\/vc_column][\/vc_row][vc_row][vc_column width=&#8221;1\/1&#8243;][\/vc_column][\/vc_row][vc_row][vc_column width=&#8221;1\/3&#8243;][vc_raw_html]JTNDcCUzRSUzQ2ltZyUyMHN0eWxlJTNEJTIybWFyZ2luLXRvcCUzQSUyMDBweCUzQiUyMG1hcmdpbi1yaWdodCUzQSUyMC0yMHB4JTNCJTIwd2lkdGglM0ElMjAyNTBweCUzQiUyMGhlaWdodCUzQSUyMDIyMnB4JTNCJTIyJTIwc3JjJTNEJTIyaHR0cCUzQSUyRiUyRnd3dy5pY3BlLnJvJTJGd3AtY29udGVudCUyRkltYWdpbmklMkZ0cmFjdGlvbl9CU00uanBnJTIyJTIwYWx0JTNEJTIyJTIyJTIwYWxpZ24lM0QlMjJyaWdodCUyMiUyMHdpZHRoJTNEJTIyMjUwJTIyJTIwaGVpZ2h0JTNEJTIyMjIyJTIyJTIwYm9yZGVyJTNEJTIyMSUyMiUzRSUzQyUyRnAlM0UlMEE=[\/vc_raw_html][\/vc_column][vc_column width=&#8221;1\/3&#8243;][vc_column_text] Cuplu tranzitoriu ridicat pentru o accelerare rapid\u0103 Raport putere\/mas\u0103 sporit Cuplu tranzitoriu ridicat pentru o accelerare rapid\u0103 48V c.c., 2kW @2000 rot\/min Pre\u0163 redus, nu necesit\u0103 \u00eentre\u0163inere, rotor cu magne\u0163i de energie mare Design compact, eficien\u0163\u0103 ridicat\u0103 Dimensiuni: 170x170x95 mm [\/vc_column_text][\/vc_column][vc_column width=&#8221;1\/3&#8243;][vc_raw_html]JTNDcCUzRSUzQ2ltZyUyMHN0eWxlJTNEJTIybWFyZ2luLXRvcCUzQSUyMDBweCUzQiUyMG1hcmdpbi1sZWZ0JTNBJTIwLTIwcHglM0IlMjB3aWR0aCUzQSUyMDIxNnB4JTNCJTIwaGVpZ2h0JTNBJTIwMjIycHglM0IlMjIlMjBzcmMlM0QlMjJodHRwJTNBJTJGJTJGd3d3LmljcGUucm8lMkZ3cC1jb250ZW50JTJGSW1hZ2luaSUyRnRyYWN0aW9uX0JTTV8yLmpwZyUyMiUyMGFsdCUzRCUyMiUyMiUyMGFsaWduJTNEJTIybGVmdCUyMiUyMHdpZHRoJTNEJTIyMjE2JTIyJTIwaGVpZ2h0JTNEJTIyMjIyJTIyJTIwYm9yZGVyJTNEJTIyMSUyMiUzRSUzQyUyRnAlM0U=[\/vc_raw_html][\/vc_column][\/vc_row]<\/p>\n","protected":false},"author":2,"featured_media":0,"parent":18510,"menu_order":0,"comment_status":"closed","ping_status":"closed","template":"","meta":[],"folder":[48,60],"_links":{"self":[{"href":"https:\/\/www.icpe.ro\/ro\/wp-json\/wp\/v2\/pages\/19753"}],"collection":[{"href":"https:\/\/www.icpe.ro\/ro\/wp-json\/wp\/v2\/pages"}],"about":[{"href":"https:\/\/www.icpe.ro\/ro\/wp-json\/wp\/v2\/types\/page"}],"author":[{"embeddable":true,"href":"https:\/\/www.icpe.ro\/ro\/wp-json\/wp\/v2\/users\/2"}],"replies":[{"embeddable":true,"href":"https:\/\/www.icpe.ro\/ro\/wp-json\/wp\/v2\/comments?post=19753"}],"version-history":[{"count":0,"href":"https:\/\/www.icpe.ro\/ro\/wp-json\/wp\/v2\/pages\/19753\/revisions"}],"up":[{"embeddable":true,"href":"https:\/\/www.icpe.ro\/ro\/wp-json\/wp\/v2\/pages\/18510"}],"wp:attachment":[{"href":"https:\/\/www.icpe.ro\/ro\/wp-json\/wp\/v2\/media?parent=19753"}],"wp:term":[{"taxonomy":"folder","embeddable":true,"href":"https:\/\/www.icpe.ro\/ro\/wp-json\/wp\/v2\/folder?post=19753"}],"curies":[{"name":"wp","href":"https:\/\/api.w.org\/{rel}","templated":true}]}}