{"id":18513,"date":"2017-11-13T10:41:50","date_gmt":"2017-11-13T07:41:50","guid":{"rendered":"http:\/\/www.incdie-icpe.ro\/ro\/?page_id=18513"},"modified":"2017-12-14T12:41:44","modified_gmt":"2017-12-14T09:41:44","slug":"generatoare-electrice","status":"publish","type":"page","link":"https:\/\/www.icpe.ro\/ro\/masini-electrice-speciale\/generatoare-electrice\/","title":{"rendered":"Generatoare electrice"},"content":{"rendered":"<p>[vc_row top_padding=&#8221;40&#8243; bottom_padding=&#8221;40&#8243;][vc_column width=&#8221;1\/2&#8243;]<h2 class=\"headline font-inherit fontsize-m fontweight-400 lh-inherit align-center transform-inherit \" style=\"margin: 0 0 20px 0;\">Generatoare electrice pentru convertoare eoliene sau micro centrale hidroelectrice<\/h2>[vc_column_text]<strong>Generatoare sincrone cu magne\u0163i permanen\u0163i &#8211; 40&#8230;10000W @ 4000 rot\/min<\/strong><\/p>\n<p>Generatoarele sunt de tip sincron cu magne\u0163i permanen\u0163i f\u0103r\u0103 perii sau inele colectoare. Sunt proiectate pentru randamente ridicate la tura\u0163ii reduse. Se pot realiza la diferite tensiuni, gabarite, caracteristici.[\/vc_column_text][vc_raw_html]JTNDaW1nJTIwc3JjJTNEJTIyaHR0cCUzQSUyRiUyRnd3dy5pY3BlLnJvJTJGZmlsZXMlMkYzJTJGc2Vydm9tb3RvYXJlLmpwZyUyMiUzRQ==[\/vc_raw_html][\/vc_column][vc_column text_align=&#8221;center&#8221; width=&#8221;1\/2&#8243;]<h2 class=\"headline font-inherit fontsize-m fontweight-400 lh-inherit align-center transform-inherit \" style=\"margin: 0 0 20px 0;\">Kit stator &#8211; rotor: 400 W, 600 W, 1000 W, 1500 W la 370 rot\/min<\/h2><a href=\"http:\/\/www.icpe.ro\/files\/3\/Prospect_kit_generatoare_ro.pdf\" target=\"_blank\" class=\"button color-3 small \" style=\"border-radius: 2px;\">Catalog<\/a>[vc_raw_html]JTNDaW1nJTIwc3JjJTNEJTIyaHR0cCUzQSUyRiUyRnd3dy5pY3BlLnJvJTJGZmlsZXMlMkYzJTJGS2l0JTI1MjByb3RvciUyNTIwc3RhdG9yJTI1MjBnZW5lcmF0b3IlMjUyMDYwMFcuanBnJTIyJTNFJTBBJTNDaW1nJTIwc3JjJTNEJTIyaHR0cCUzQSUyRiUyRnd3dy5pY3BlLnJvJTJGZmlsZXMlMkYzJTJGS2l0JTI1MjByb3RvciUyNTIwc3RhdG9yJTI1MjBnZW5lcmF0b3IlMjUyMDEwMDBXLmpwZyUyMiUzRQ==[\/vc_raw_html][\/vc_column][\/vc_row][vc_row top_padding=&#8221;40&#8243; bottom_padding=&#8221;40&#8243;][vc_column width=&#8221;1\/2&#8243;]<h2 class=\"headline font-inherit fontsize-m fontweight-400 lh-inherit align-center transform-inherit \" style=\"margin: 0 0 20px 0;\">Generator 3kW la 380 rot\/min<\/h2>[vc_column_text]Turbina acestui generator este de tip cu ax vertical. Generatorul electric este o ma\u015fin\u0103 electric\u0103 de \u00eenalt\u0103 eficien\u0163\u0103 de tip brushless cu magne\u0163i permanen\u0163i.<\/p>\n<p>Turbinele eoliene cu ax orizontal sunt, de regul\u0103, mai eficiente dec\u00e2t cele cu ax vertical \u00een ceea ce prive\u015fte conversia energiei eoliene \u00een energie electric\u0103. Totu\u015fi, turbinele eoliene cu ax vertical\u00a0 sunt mai adecvate pentru zonele urbane deoarece:<\/p>\n<ul>\n<li>Au zgomot redus<\/li>\n<li>Aspect estetic pl\u0103cut<\/li>\n<li>Instalare simpl\u0103<\/li>\n<li>Construc\u0163ie rezistent\u0103<\/li>\n<li>\u00centre\u0163inere redus\u0103<\/li>\n<li>Nu prezinta pericol pentru oameni sau p\u0103s\u0103ri<\/li>\n<li>Generatorul montat la sol asigur\u0103 un acces mai facil dec\u00e2t cel montat pe pilon, la \u00een\u0103l\u0163ime<\/li>\n<li>Nu necesita o structur\u0103 masiv\u0103\u00a0 (turn)<\/li>\n<li>Nu necesit\u0103 ansamblu colector-perii colectoare pentru transmiterea energiei generate<\/li>\n<li>Viteza minim\u0103 a v\u00e2ntului necesar\u0103 func\u0163ion\u0103rii mai mic\u0103 dec\u00e2t a turbinelor cu elice<\/li>\n<li>Omnidirec\u0163ionale<\/li>\n<\/ul>\n<p>[\/vc_column_text][\/vc_column][vc_column text_align=&#8221;center&#8221; width=&#8221;1\/2&#8243;][vc_raw_html]JTNDaW1nJTIwc3JjJTNEJTIyaHR0cCUzQSUyRiUyRnd3dy5pY3BlLnJvJTJGJTJGZmlsZXMlMkYzJTJGZ2VuZXJhdG9yJTI1MjAza1cuSlBHJTIyJTNF[\/vc_raw_html]<a href=\"http:\/\/www.icpe.ro\/files\/3\/Frameless_12.09.06_RO.pdf\" target=\"_blank\" class=\"button color-3 small \" style=\"border-radius: 2px;\">Descarc\u0103 Fi\u0219a tehnic\u0103<\/a>[\/vc_column][\/vc_row][vc_row top_padding=&#8221;40&#8243; bottom_padding=&#8221;40&#8243;][vc_column width=&#8221;1\/2&#8243;]<h2 class=\"headline font-inherit fontsize-m fontweight-400 lh-inherit align-center transform-inherit \" style=\"margin: 0 0 20px 0;\">Generatoare cu actionare directa pentru turbine eoliene<\/h2>[vc_column_text]\u00cen componen\u0163a generatoarelor intr\u0103:<\/p>\n<ul>\n<li>Stator bobinat trifazic<\/li>\n<li>Rotor cu magne\u0163i permanen\u0163i de inalt\u0103 energie monta\u0163i pe un miez feromagnetic<\/li>\n<\/ul>\n<p>Putere nominala: de la 100W\u00a0p\u00e2n\u0103 la\u00a0100 kW, \u00een func\u0163ie de tura\u0163ia \u015fi dimensiunile turbinei.<\/p>\n<p><strong>Caracteristici:<\/strong><\/p>\n<ul>\n<li>\u00cenalt\u0103 eficien\u0163\u0103<\/li>\n<li>Design compact<\/li>\n<li>Greutate redus\u0103<\/li>\n<li>Zgomot redus \u00een func\u0163ionare<\/li>\n<li>Nu necesit\u0103 \u00eentre\u0163inere<\/li>\n<\/ul>\n<p>[\/vc_column_text][\/vc_column][vc_column text_align=&#8221;center&#8221; width=&#8221;1\/2&#8243;][vc_raw_html]JTNDaW1nJTIwc3JjJTNEJTIyaHR0cCUzQSUyRiUyRnd3dy5pY3BlLnJvJTJGZmlsZXMlMkYzJTJGQVpfbW90b3IuanBnJTIyJTNFJTBBJTNDaW1nJTIwc3JjJTNEJTIyaHR0cCUzQSUyRiUyRnd3dy5pY3BlLnJvJTJGZmlsZXMlMkYzJTJGRWxfbW90b3IuanBnJTIyJTNF[\/vc_raw_html][\/vc_column][\/vc_row]<\/p>\n","protected":false},"excerpt":{"rendered":"<p>[vc_row top_padding=&#8221;40&#8243; bottom_padding=&#8221;40&#8243;][vc_column width=&#8221;1\/2&#8243;][vc_column_text]Generatoare sincrone cu magne\u0163i permanen\u0163i &#8211; 40&#8230;10000W @ 4000 rot\/min Generatoarele sunt de tip sincron cu magne\u0163i permanen\u0163i f\u0103r\u0103 perii sau inele colectoare. Sunt proiectate pentru randamente ridicate la tura\u0163ii reduse. Se pot realiza la diferite tensiuni, gabarite, caracteristici.[\/vc_column_text][vc_raw_html]JTNDaW1nJTIwc3JjJTNEJTIyaHR0cCUzQSUyRiUyRnd3dy5pY3BlLnJvJTJGZmlsZXMlMkYzJTJGc2Vydm9tb3RvYXJlLmpwZyUyMiUzRQ==[\/vc_raw_html][\/vc_column][vc_column text_align=&#8221;center&#8221; width=&#8221;1\/2&#8243;][vc_raw_html]JTNDaW1nJTIwc3JjJTNEJTIyaHR0cCUzQSUyRiUyRnd3dy5pY3BlLnJvJTJGZmlsZXMlMkYzJTJGS2l0JTI1MjByb3RvciUyNTIwc3RhdG9yJTI1MjBnZW5lcmF0b3IlMjUyMDYwMFcuanBnJTIyJTNFJTBBJTNDaW1nJTIwc3JjJTNEJTIyaHR0cCUzQSUyRiUyRnd3dy5pY3BlLnJvJTJGZmlsZXMlMkYzJTJGS2l0JTI1MjByb3RvciUyNTIwc3RhdG9yJTI1MjBnZW5lcmF0b3IlMjUyMDEwMDBXLmpwZyUyMiUzRQ==[\/vc_raw_html][\/vc_column][\/vc_row][vc_row top_padding=&#8221;40&#8243; bottom_padding=&#8221;40&#8243;][vc_column width=&#8221;1\/2&#8243;][vc_column_text]Turbina acestui generator este de tip cu ax vertical. Generatorul electric este o ma\u015fin\u0103 electric\u0103 de \u00eenalt\u0103 eficien\u0163\u0103 de tip brushless cu magne\u0163i permanen\u0163i. Turbinele eoliene cu ax orizontal sunt, de regul\u0103, mai eficiente dec\u00e2t cele cu ax vertical \u00een ceea ce prive\u015fte conversia energiei eoliene \u00een energie electric\u0103. Totu\u015fi, turbinele eoliene cu ax vertical\u00a0 sunt mai adecvate pentru zonele urbane deoarece: Au zgomot redus Aspect estetic pl\u0103cut Instalare simpl\u0103 Construc\u0163ie rezistent\u0103 \u00centre\u0163inere redus\u0103 Nu prezinta pericol pentru oameni sau p\u0103s\u0103ri Generatorul montat la sol asigur\u0103 un acces mai facil dec\u00e2t cel montat pe pilon, la \u00een\u0103l\u0163ime Nu necesita o structur\u0103 masiv\u0103\u00a0 (turn) Nu necesit\u0103 ansamblu colector-perii colectoare pentru transmiterea energiei generate Viteza minim\u0103 a v\u00e2ntului necesar\u0103 func\u0163ion\u0103rii mai mic\u0103 dec\u00e2t a turbinelor cu elice Omnidirec\u0163ionale [\/vc_column_text][\/vc_column][vc_column text_align=&#8221;center&#8221; width=&#8221;1\/2&#8243;][vc_raw_html]JTNDaW1nJTIwc3JjJTNEJTIyaHR0cCUzQSUyRiUyRnd3dy5pY3BlLnJvJTJGJTJGZmlsZXMlMkYzJTJGZ2VuZXJhdG9yJTI1MjAza1cuSlBHJTIyJTNF[\/vc_raw_html][\/vc_column][\/vc_row][vc_row top_padding=&#8221;40&#8243; bottom_padding=&#8221;40&#8243;][vc_column width=&#8221;1\/2&#8243;][vc_column_text]\u00cen componen\u0163a generatoarelor intr\u0103: Stator bobinat trifazic Rotor cu magne\u0163i permanen\u0163i de inalt\u0103 energie monta\u0163i pe un miez feromagnetic Putere nominala: de la [&hellip;]<\/p>\n","protected":false},"author":1,"featured_media":0,"parent":18388,"menu_order":157,"comment_status":"closed","ping_status":"closed","template":"","meta":[],"folder":[47],"_links":{"self":[{"href":"https:\/\/www.icpe.ro\/ro\/wp-json\/wp\/v2\/pages\/18513"}],"collection":[{"href":"https:\/\/www.icpe.ro\/ro\/wp-json\/wp\/v2\/pages"}],"about":[{"href":"https:\/\/www.icpe.ro\/ro\/wp-json\/wp\/v2\/types\/page"}],"author":[{"embeddable":true,"href":"https:\/\/www.icpe.ro\/ro\/wp-json\/wp\/v2\/users\/1"}],"replies":[{"embeddable":true,"href":"https:\/\/www.icpe.ro\/ro\/wp-json\/wp\/v2\/comments?post=18513"}],"version-history":[{"count":0,"href":"https:\/\/www.icpe.ro\/ro\/wp-json\/wp\/v2\/pages\/18513\/revisions"}],"up":[{"embeddable":true,"href":"https:\/\/www.icpe.ro\/ro\/wp-json\/wp\/v2\/pages\/18388"}],"wp:attachment":[{"href":"https:\/\/www.icpe.ro\/ro\/wp-json\/wp\/v2\/media?parent=18513"}],"wp:term":[{"taxonomy":"folder","embeddable":true,"href":"https:\/\/www.icpe.ro\/ro\/wp-json\/wp\/v2\/folder?post=18513"}],"curies":[{"name":"wp","href":"https:\/\/api.w.org\/{rel}","templated":true}]}}