{"id":15755,"date":"2016-10-25T17:56:55","date_gmt":"2016-10-25T14:56:55","guid":{"rendered":"http:\/\/www.incdie-icpe.ro\/?page_id=15755"},"modified":"2017-12-14T12:33:46","modified_gmt":"2017-12-14T09:33:46","slug":"ssicpe","status":"publish","type":"page","link":"https:\/\/www.icpe.ro\/ro\/ssicpe\/","title":{"rendered":"SSICPE"},"content":{"rendered":"<p>[vc_row top_padding=&#8221;40&#8243;][vc_column width=&#8221;1\/1&#8243;]<div class=\"single_image wpb_content_element align-center   image_greyscale \" data-animation=\"none\" data-delay=\"0\"><img width=\"150\" height=\"150\" src=\"https:\/\/www.icpe.ro\/ro\/wp-content\/uploads\/2016\/10\/Logo-SSICPE-150x150.png\" class=\"attachment-thumbnail\" alt=\"\" loading=\"lazy\" srcset=\"https:\/\/www.icpe.ro\/ro\/wp-content\/uploads\/2016\/10\/Logo-SSICPE-150x150.png 150w, https:\/\/www.icpe.ro\/ro\/wp-content\/uploads\/2016\/10\/Logo-SSICPE-300x300.png 300w, https:\/\/www.icpe.ro\/ro\/wp-content\/uploads\/2016\/10\/Logo-SSICPE-768x767.png 768w, https:\/\/www.icpe.ro\/ro\/wp-content\/uploads\/2016\/10\/Logo-SSICPE-1024x1024.png 1024w, https:\/\/www.icpe.ro\/ro\/wp-content\/uploads\/2016\/10\/Logo-SSICPE-80x80.png 80w, https:\/\/www.icpe.ro\/ro\/wp-content\/uploads\/2016\/10\/Logo-SSICPE-500x500.png 500w, https:\/\/www.icpe.ro\/ro\/wp-content\/uploads\/2016\/10\/Logo-SSICPE-1000x1000.png 1000w, https:\/\/www.icpe.ro\/ro\/wp-content\/uploads\/2016\/10\/Logo-SSICPE.png 1385w\" sizes=\"(max-width: 150px) 100vw, 150px\" \/><\/div><h2 class=\"headline font-inherit fontsize-m fontweight-600 lh-inherit align-center transform-inherit \" style=\"margin: 0 0 20px 0;\">SSICPE &#8211; Societatea \u015etiin\u021bific\u0103 Icpe are urm\u0103toarele obiective:<\/h2>[\/vc_column][\/vc_row][vc_row top_padding=&#8221;10&#8243; bottom_padding=&#8221;40&#8243;][vc_column width=&#8221;1\/2&#8243;][vc_column_text]<\/p>\n<ul>\n<li>\n<p style=\"text-align: justify;\">Promovarea prestigiului \u015ftiin\u0163ific \u015fi a succesului \u00een domeniul cercet\u0103rii &#8211; dezvolt\u0103rii de profil electrotehnic;<\/p>\n<\/li>\n<li style=\"text-align: justify;\">Activit\u0103\u0163i pentru dezvoltarea \u015fi promovarea constituirii de baze de date, educa\u0163ie, instruire, manifest\u0103ri \u015ftiin\u0163ifice, simpozioane, conferin\u0163e, formare profesional\u0103 (ateliere, training-uri, workshop-uri etc); servicii \u015ftiin\u0163ifice tehnologice de cercetare \u015ftiin\u0163ific\u0103, informa\u0163ii tehnologice, cercetare universitar\u0103, cercetare-proiectare-dezvoltare, proiecte, produse, tehnologii, know-how, transfer tehnologic; proprietate intelectual\u0103;<\/li>\n<li style=\"text-align: justify;\">Oferirea unui cadru profesional asistat de derulare a unor programe de voluntariat adresate tinerilor speciali\u015fti \u00een scop de formare \u015fi perfec\u0163ionare, sprijinirea din fondurile asocia\u0163iei a tinerilor speciali\u015fti \u00een scop de formare, perfec\u0163ionare, specializ\u0103ri;<\/li>\n<li style=\"text-align: justify;\">Elaborarea, adoptarea \u015fi implementarea de criterii, norme \u015fi programe de formare, certificare, acreditare, precum \u015fi de norme etice \u015fi deontologice, \u00een acord cu standardele interna\u0163ionale \u015fi cu legisla\u0163ia \u00een vigoare;<\/li>\n<li style=\"text-align: justify;\">\u00cencurajarea \u015fi sus\u0163inerea cercet\u0103rii \u015ftiin\u0163ifice \u00een \u015ftiin\u0163e fizice \u015fi naturale (cercetarea fundamental\u0103 \u015fi aplicativ\u0103, cantitativ\u0103 \u015fi calitativ\u0103, cercetarea orientat\u0103 pe rezultate, pe procese \u015fi pe factorii comuni \u015fi specifici ai schimb\u0103rii etc.) \u015fi a cercet\u0103rii interdisciplinare \u015fi transdisciplinare;<\/li>\n<li>\n<p style=\"text-align: justify;\">Asigurarea unui cadru de \u00eent\u00e2lnire, dialog \u015fi dezbatere constructiv\u0103 \u00eentre speciali\u015ftii reprezentan\u0163i ai diferitelor domenii, curente \u015fi \u015fcoli \u015fi \u00eentre ace\u015ftia \u015fi public;<\/p>\n<\/li>\n<\/ul>\n<p>[\/vc_column_text][\/vc_column][vc_column width=&#8221;1\/2&#8243;][vc_column_text]<\/p>\n<ul>\n<li>\n<div style=\"text-align: justify;\">Promovarea integr\u0103rii progreselor tehnologice \u00een proiectarea, livrarea, evaluarea \u015fi cercetarea interven\u0163iilor \u015ftiin\u0163ifice \u015fi tehnologice (biofeedback, realitate virtual\u0103, diagnoz\u0103 \u015fi interven\u0163ii via internet, telefon etc);<\/div>\n<\/li>\n<li style=\"text-align: justify;\">\n<div>\u00cenfiin\u0163area unui centru de cercetare \u015ftiin\u0163ific\u0103, formare \u015fi specializare profesional\u0103 \u00een domeniile de interes;<\/div>\n<\/li>\n<li style=\"text-align: justify;\">\n<div>\u00cenfiin\u0163area unei edituri proprii, a unor centre de documentare, studiu \u015fi informare asupra domeniilor de interes \u015fi realizarea unei reviste de specialitate;<\/div>\n<\/li>\n<li style=\"text-align: justify;\">\n<div>\u00cencurajarea \u015fi sprijinirea organiz\u0103rii \u015fi desf\u0103\u015fur\u0103rii de cursuri de specializare pe domeniile de interes, independent \u015fi \u00een parteneriat cu diferite universit\u0103\u0163i \u015fi institute din \u0163ar\u0103 \u015fi str\u0103in\u0103tate, \u00een condi\u0163iile legii, oferirea de asisten\u0163\u0103, consultan\u0163\u0103;<\/div>\n<\/li>\n<li style=\"text-align: justify;\">\n<div>Protejarea \u015fi ap\u0103rarea drepturilor membrilor, colaboratorilor \u015fi organiza\u0163iilor afiliate, sus\u0163inerea \u015fi reprezentarea la nivel na\u0163ional \u015fi interna\u0163ional a intereselor acestora;<\/div>\n<\/li>\n<li style=\"text-align: justify;\">\n<div>Atragerea de resurse diverse \u015fi facilitarea accesului speciali\u015ftilor la aceste resurse;<\/div>\n<\/li>\n<li style=\"text-align: justify;\">\n<div>Informarea publicului \u015fi a speciali\u015ftilor \u00een \u015ftiin\u0163ele fizice \u015fi naturale \u00een leg\u0103tur\u0103 cu domeniile de interes;<\/div>\n<\/li>\n<li style=\"text-align: justify;\">\n<div>Comunicarea, parteneriatul \u015fi colaborarea cu autorit\u0103\u0163i, institu\u0163ii, organiza\u0163ii \u015fi persoane din \u0163ar\u0103 \u015fi str\u0103in\u0103tate pe domeniile de interes;<\/div>\n<\/li>\n<li style=\"text-align: justify;\">\u00cencurajarea \u015fi sprijinirea crea\u0163iei, inova\u0163iei \u015fi cercet\u0103rii \u00een domeniul \u015ftiin\u0163elor fizice \u015fi naturale.<\/li>\n<\/ul>\n<p>[\/vc_column_text][\/vc_column][\/vc_row][vc_row bg_image=&#8221;16165&#8243; parallax_bg=&#8221;true&#8221; bg_color=&#8221;#222222&#8243; text_align=&#8221;center&#8221; top_padding=&#8221;100&#8243; bottom_padding=&#8221;100&#8243; bg_position=&#8221;center top&#8221;][vc_column bg_color=&#8221;#ffffff&#8221; column_padding=&#8221;padding-4&#8243; width=&#8221;1\/2&#8243;][vc_column_text]<\/p>\n<h6 style=\"text-align: center;\">Consiliul Director:<\/h6>\n<ul>\n<li style=\"text-align: left;\"><strong><em>Pre\u015fedinte: <\/em><\/strong>Ionel Popa<\/li>\n<li style=\"text-align: left;\"><strong><em>Vicepre\u015fedin\u0163i:<\/em><\/strong>\n<ul>\n<li>Mihai B\u0103dic<\/li>\n<li>Alexandru Radulian<\/li>\n<li>Radu Dornean<\/li>\n<\/ul>\n<\/li>\n<li style=\"text-align: left;\"><em><strong>Secretar:<\/strong><\/em> Nicolae Mocioi<\/li>\n<\/ul>\n<p>[\/vc_column_text][\/vc_column][vc_column width=&#8221;1\/2&#8243;]<a href=\"http:\/\/www.icpe.ro\/files\/0\/SS%20Icpe%20Statut.pdf\" target=\"_blank\" class=\"button color-7 medium \" style=\"border-radius: 2px;\">Statutul SS Icpe<\/a><a href=\"http:\/\/www.icpe.ro\/files\/0\/SS%20Icpe%20-%20cerere%20aderare.pdf\" target=\"_blank\" class=\"button color-7 medium \" style=\"border-radius: 2px;\">Aderare<\/a>[\/vc_column][\/vc_row][vc_row top_padding=&#8221;40&#8243; bottom_padding=&#8221;40&#8243;][vc_column width=&#8221;1\/2&#8243;][vc_column_text]<\/p>\n<h5 style=\"text-align: justify;\"><strong>SOCIETATEA \u015eTIIN\u0162IFIC\u0102 Icpe<\/strong> este marc\u0103 \u00eenregistrat\u0103 conform Deciziei Oficiului de Stat pentru Inven\u0163ii \u015fi M\u0103rci (OSIM) nr. 001456\/01.10.2008 cu num\u0103rul de depozit M 2008 01228.<\/h5>\n<p>[\/vc_column_text][\/vc_column][vc_column width=&#8221;1\/2&#8243;][vc_tta_tour style=&#8221;flat&#8221; shape=&#8221;square&#8221; color=&#8221;chino&#8221; alignment=&#8221;center&#8221; active_section=&#8221;1&#8243;][vc_tta_section i_icon_fontawesome=&#8221;fa fa-user&#8221; title=&#8221;PRE\u0218EDINTE&#8221; tab_id=&#8221;1486724401779-0a2349b1-342f&#8221; add_icon=&#8221;true&#8221;][vc_column_text]<span style=\"color: #000000;\"><strong>Ionel Popa<\/strong><\/span><br \/>\n<span style=\"color: #000000;\"><span style=\"text-decoration: underline;\"><em>Telefon:<\/em><\/span> 021 589 33 16<\/span><br \/>\n<span style=\"color: #000000;\"><span style=\"text-decoration: underline;\"><em>Fax:<\/em><\/span> 021 589 34 77<a style=\"color: #000000;\" title=\"Harta Icpe\" href=\"http:\/\/www.icpe.ro\/files\/0\/Icpe_map.gif\"><br \/>\n<\/a><span style=\"text-decoration: underline;\"><em>Email: <\/em><\/span><a style=\"color: #000000;\" href=\"mailto:ionelpopa@icpe.ro\">ionelpopa@icpe.ro<\/a><\/span>[\/vc_column_text][\/vc_tta_section][vc_tta_section i_icon_fontawesome=&#8221;fa fa-user&#8221; title=&#8221;SECRETAR&#8221; tab_id=&#8221;1486724812367-c7df5636-b0c5&#8243; add_icon=&#8221;true&#8221;][vc_column_text]<span style=\"color: #000000;\"><strong>Nicolae Mocioi<\/strong><\/span><br \/>\n<span style=\"color: #000000;\"><span style=\"text-decoration: underline;\"><em>Telefon:<\/em><\/span> 021 589 34 39<\/span><br \/>\n<span style=\"color: #000000;\"><span style=\"text-decoration: underline;\"><em>Fax:<\/em><\/span> 021 589 34 39<a style=\"color: #000000;\" title=\"Harta Icpe\" href=\"http:\/\/www.icpe.ro\/files\/0\/Icpe_map.gif\"><br \/>\n<\/a><span style=\"text-decoration: underline;\"><em>Email<\/em><\/span><em>: <\/em><a style=\"color: #000000;\" href=\"mailto:nicolae.mocioi@icpe.ro\">nicolae.mocioi[at]icpe.ro<\/a><\/span>[\/vc_column_text][\/vc_tta_section][vc_tta_section i_icon_fontawesome=&#8221;fa fa-map-marker&#8221; title=&#8221;ADRES\u0102&#8221; tab_id=&#8221;1486725305137-0359eb08-70e5&#8243; add_icon=&#8221;true&#8221;][vc_column_text]<span style=\"color: #000000;\"><strong>Splaiul Unirii 313, 030138, BUCURE\u015eTI<\/strong><\/span>[\/vc_column_text][\/vc_tta_section][\/vc_tta_tour][\/vc_column][\/vc_row]<\/p>\n","protected":false},"excerpt":{"rendered":"<p>[vc_row top_padding=&#8221;40&#8243;][vc_column width=&#8221;1\/1&#8243;][\/vc_column][\/vc_row][vc_row top_padding=&#8221;10&#8243; bottom_padding=&#8221;40&#8243;][vc_column width=&#8221;1\/2&#8243;][vc_column_text] Promovarea prestigiului \u015ftiin\u0163ific \u015fi a succesului \u00een domeniul cercet\u0103rii &#8211; dezvolt\u0103rii de profil electrotehnic; Activit\u0103\u0163i pentru dezvoltarea \u015fi promovarea constituirii de baze de date, educa\u0163ie, instruire, manifest\u0103ri \u015ftiin\u0163ifice, simpozioane, conferin\u0163e, formare profesional\u0103 (ateliere, training-uri, workshop-uri etc); servicii \u015ftiin\u0163ifice tehnologice de cercetare \u015ftiin\u0163ific\u0103, informa\u0163ii tehnologice, cercetare universitar\u0103, cercetare-proiectare-dezvoltare, proiecte, produse, tehnologii, know-how, transfer tehnologic; proprietate intelectual\u0103; Oferirea unui cadru profesional asistat de derulare a unor programe de voluntariat adresate tinerilor speciali\u015fti \u00een scop de formare \u015fi perfec\u0163ionare, sprijinirea din fondurile asocia\u0163iei a tinerilor speciali\u015fti \u00een scop de formare, perfec\u0163ionare, specializ\u0103ri; Elaborarea, adoptarea \u015fi implementarea de criterii, norme \u015fi programe de formare, certificare, acreditare, precum \u015fi de norme etice \u015fi deontologice, \u00een acord cu standardele interna\u0163ionale \u015fi cu legisla\u0163ia \u00een vigoare; \u00cencurajarea \u015fi sus\u0163inerea cercet\u0103rii \u015ftiin\u0163ifice \u00een \u015ftiin\u0163e fizice \u015fi naturale (cercetarea fundamental\u0103 \u015fi aplicativ\u0103, cantitativ\u0103 \u015fi calitativ\u0103, cercetarea orientat\u0103 pe rezultate, pe procese \u015fi pe factorii comuni \u015fi specifici ai schimb\u0103rii etc.) \u015fi a cercet\u0103rii interdisciplinare \u015fi transdisciplinare; Asigurarea unui cadru de \u00eent\u00e2lnire, dialog \u015fi dezbatere constructiv\u0103 \u00eentre speciali\u015ftii reprezentan\u0163i ai diferitelor domenii, curente \u015fi \u015fcoli \u015fi \u00eentre ace\u015ftia \u015fi public; [\/vc_column_text][\/vc_column][vc_column width=&#8221;1\/2&#8243;][vc_column_text] Promovarea integr\u0103rii progreselor tehnologice \u00een proiectarea, livrarea, evaluarea \u015fi cercetarea interven\u0163iilor \u015ftiin\u0163ifice [&hellip;]<\/p>\n","protected":false},"author":1,"featured_media":0,"parent":0,"menu_order":348,"comment_status":"closed","ping_status":"open","template":"","meta":[],"folder":[46],"_links":{"self":[{"href":"https:\/\/www.icpe.ro\/ro\/wp-json\/wp\/v2\/pages\/15755"}],"collection":[{"href":"https:\/\/www.icpe.ro\/ro\/wp-json\/wp\/v2\/pages"}],"about":[{"href":"https:\/\/www.icpe.ro\/ro\/wp-json\/wp\/v2\/types\/page"}],"author":[{"embeddable":true,"href":"https:\/\/www.icpe.ro\/ro\/wp-json\/wp\/v2\/users\/1"}],"replies":[{"embeddable":true,"href":"https:\/\/www.icpe.ro\/ro\/wp-json\/wp\/v2\/comments?post=15755"}],"version-history":[{"count":0,"href":"https:\/\/www.icpe.ro\/ro\/wp-json\/wp\/v2\/pages\/15755\/revisions"}],"wp:attachment":[{"href":"https:\/\/www.icpe.ro\/ro\/wp-json\/wp\/v2\/media?parent=15755"}],"wp:term":[{"taxonomy":"folder","embeddable":true,"href":"https:\/\/www.icpe.ro\/ro\/wp-json\/wp\/v2\/folder?post=15755"}],"curies":[{"name":"wp","href":"https:\/\/api.w.org\/{rel}","templated":true}]}}