{"id":9413,"date":"2014-07-04T10:38:55","date_gmt":"2014-07-04T10:38:55","guid":{"rendered":"http:\/\/localhost:8888\/themes\/ventory\/?page_id=9413"},"modified":"2019-02-19T13:30:19","modified_gmt":"2019-02-19T10:30:19","slug":"cercetare","status":"publish","type":"page","link":"http:\/\/www.icpe.ro\/ro\/energie\/cercetare\/","title":{"rendered":"Cercetare"},"content":{"rendered":"<p>[vc_row bg_image=&#8221;20118&#8243; parallax_bg=&#8221;true&#8221; top_padding=&#8221;360&#8243; bottom_padding=&#8221;270&#8243; bg_position=&#8221;center center&#8221;][vc_column width=&#8221;1\/1&#8243;][\/vc_column][\/vc_row][vc_row top_padding=&#8221;50&#8243; bottom_padding=&#8221;10&#8243;][vc_column width=&#8221;2\/3&#8243;]<div class=\"headline font-inherit fontsize-xs fontweight-inherit lh-19 align-left transform-inherit \" style=\"margin: 0; color: #666666;\">\u00centr-o companie inovativ\u0103 precum Icpe, departamentul de energie a valorificat potentialul uman \u0219i dotarea de excep\u021bie prin participarea \u00een numeroase proiecte de cercetare-dezvoltare derulate \u00een cadrul programelor na\u021bionale \u0219i interna\u021bionale.<br \/>\nCu o bogat\u0103 experien\u021b\u0103 \u015fi cu competen\u021be demonstrate, speciali\u0219tii departamentului au r\u0103spuns provoc\u0103rilor pe care sectorul de energie le-a parcurs de-a lungul anilor.<\/div>[\/vc_column][vc_column text_align=&#8221;right&#8221; width=&#8221;1\/3&#8243;][vc_column_text]<a href=\"#\" target=\"_blank\" class=\"button color-2 large \" style=\"border-radius: 2px;\">LUCREAZ\u0102 CU NOI<\/a>[\/vc_column_text][\/vc_column][\/vc_row][vc_row top_padding=&#8221;50&#8243; bottom_padding=&#8221;20&#8243; bg_position=&#8221;center center&#8221;][vc_column width=&#8221;1\/4&#8243;]<div class=\"member wpb_content_element\"><div class=\"member-img\"><a href='http:\/\/www.icpe.ro\/ro\/proiecte\/rocaes\/'><img src=\"http:\/\/www.icpe.ro\/ro\/wp-content\/uploads\/2018\/11\/LOGO_Instrumente_Structurale_300x152.png\" alt=\"\" \/><\/a><\/div><h4>ROCAES<\/h4><div class=\"member-role\"><\/div><div class=\"member-content\"><p><span class=\"portfolio-subtitle\">Transfer de cuno\u0219tin\u021be \u00een domeniul ac\u021bion\u0103rilor electrice a sta\u021biilor de stocare a energiei \u00een sistem CAES prin utilizarea de compresoare \u0219i expandere cu \u0219urub<\/span><\/p><\/div><\/div>[\/vc_column][vc_column width=&#8221;1\/4&#8243;]<div class=\"member wpb_content_element\"><div class=\"member-img\"><a href='http:\/\/www.icpe.ro\/ro\/proiecte\/eteacher\/'><img src=\"http:\/\/www.icpe.ro\/ro\/wp-content\/uploads\/2018\/08\/eteacher_s.jpg\" alt=\"\" \/><\/a><\/div><h4>ETEACHER<\/h4><div class=\"member-role\"><\/div><div class=\"member-content\"><p><span class=\"portfolio-subtitle\">Instrumente dedicate utilizatorilor finali pentru stimularea \u015fi cre\u015fterea gradului de con\u015ftinetizare \u00een vederea schimb\u0103rii comportamentale relativ la eficien\u0163a energetic\u0103 \u00een cl\u0103diri<\/span><\/p><\/div><\/div>[\/vc_column][vc_column width=&#8221;1\/4&#8243;]<div class=\"member wpb_content_element\"><div class=\"member-img\"><a href='http:\/\/www.icpe.ro\/ro\/proiecte\/optimpv\/'><img src=\"http:\/\/www.icpe.ro\/ro\/wp-content\/uploads\/2014\/12\/Optimpv.jpg\" alt=\"\" \/><\/a><\/div><h4>OPTIMPV<\/h4><div class=\"member-role\"><\/div><div class=\"member-content\"><p><span class=\"portfolio-subtitle\">Solu\u0163ie informatic\u0103 complex\u0103 de optimizare a procedurilor de operare tehnic\u0103 a centralelor fotovoltaice<\/span><\/p><\/div><\/div>[\/vc_column][vc_column width=&#8221;1\/4&#8243;]<div class=\"member wpb_content_element\"><div class=\"member-img\"><a href='http:\/\/www.icpe.ro\/ro\/proiecte\/brimee\/'><img src=\"http:\/\/www.icpe.ro\/ro\/wp-content\/uploads\/2013\/01\/brimee.jpg\" alt=\"\" \/><\/a><\/div><h4>BRIMEE<\/h4><div class=\"member-role\"><\/div><div class=\"member-content\"><p><span class=\"portfolio-subtitle\">Materiale de interior bazate pe surse bio-regenerabile sustenabile cu potential ridicat de particularizare si design creativ in cladirile eficiente energetic<\/span><\/p><\/div><\/div>[\/vc_column][\/vc_row][vc_row top_padding=&#8221;10&#8243; bottom_padding=&#8221;50&#8243; bg_position=&#8221;center center&#8221;][vc_column width=&#8221;1\/4&#8243;]<div class=\"member wpb_content_element\"><div class=\"member-img\"><a href='http:\/\/www.icpe.ro\/ro\/proiecte\/energy-in-time\/'><img src=\"http:\/\/www.icpe.ro\/ro\/wp-content\/uploads\/2013\/01\/energy-in-time.jpg\" alt=\"\" \/><\/a><\/div><h4>ENERGY IN TIME<\/h4><div class=\"member-role\"><\/div><div class=\"member-content\"><p><span class=\"portfolio-subtitle\">Control bazat pe simulare destinat oper\u0103rii \u0219i mentenan\u021bei cl\u0103dirilor \u00een vederea eficientiz\u0103rii energetice<\/span><\/p><\/div><\/div>[\/vc_column][vc_column width=&#8221;1\/4&#8243;]<div class=\"member wpb_content_element\"><div class=\"member-img\"><a href='http:\/\/www.icpe.ro\/ro\/proiecte\/retrokit\/'><img src=\"http:\/\/www.icpe.ro\/ro\/wp-content\/uploads\/2017\/03\/retrokit.jpg\" alt=\"\" \/><\/a><\/div><h4>RETROKIT<\/h4><div class=\"member-role\"><\/div><div class=\"member-content\"><p><span class=\"portfolio-subtitle\">Proceduri, metode, sisteme pentru portechiparea cladirilor in vederea cresterii eficientei energetice<\/span><\/p><\/div><\/div>[\/vc_column][vc_column width=&#8221;1\/4&#8243;]<div class=\"member wpb_content_element\"><div class=\"member-img\"><a href='http:\/\/www.icpe.ro\/ro\/proiecte\/simopel\/'><img src=\"http:\/\/www.icpe.ro\/ro\/wp-content\/uploads\/2019\/02\/logo_en_SIMOPEL_OK.jpg\" alt=\"\" \/><\/a><\/div><h4>SIMOPEL<\/h4><div class=\"member-role\"><\/div><div class=\"member-content\"><p><span class=\"portfolio-subtitle\">Sistem modular de propulsie electric\u0103, realizat \u00een tehnologie flexibil\u0103, pentru vehicule terestre \u0219i ambarca\u021biuni<\/span><\/p><\/div><\/div>[\/vc_column][vc_column width=&#8221;1\/4&#8243;]<div class=\"member wpb_content_element\"><div class=\"member-img\"><a href='http:\/\/www.icpe.ro\/ro\/proiecte\/siera\/'><img src=\"http:\/\/www.icpe.ro\/ro\/wp-content\/uploads\/2019\/02\/LogoSiera.jpg\" alt=\"\" \/><\/a><\/div><h4>SIERA<\/h4><div class=\"member-role\"><\/div><div class=\"member-content\"><p><span class=\"portfolio-subtitle\">Sistem integrat autonom pentru epurarea apelor uzate menajere cu reutilizarea apei \u015fi a n\u0103molului<\/span><\/p><\/div><\/div>[\/vc_column][\/vc_row][vc_row type=&#8221;full_width_section&#8221; class=&#8221;vc_hidden-lg vc_hidden-md vc_hidden-sm vc_hidden-xs&#8221; bg_position=&#8221;left top&#8221;][vc_column bg_color=&#8221;#222222&#8243; column_padding=&#8221;padding-5&#8243; column_center=&#8221;true&#8221; text_color=&#8221;light&#8221; width=&#8221;1\/3&#8243;][vc_column_text]<\/p>\n<h3 class=\"font-special\">We create awesome Stuff<\/h3>\n<p>Aenean commodo ligula eget dolor. Aenean massa. Lorem ipsum dolor sit amet, consec tetuer adipis elit, aliquam eget nibh etlibura. Aenean commodo ligula eget dolor Aenean massa. Portals seize data-driven, tag expedite. Deliverables users, seamless beta-test implement tag, communities virtual, global, solutions synthesize.[\/vc_column_text][\/vc_column][vc_column bg_image=&#8221;15109&#8243; column_padding=&#8221;padding-5&#8243; column_center=&#8221;true&#8221; width=&#8221;1\/3&#8243;]<div class=\"spacer\" style=\"height: 200px;\"><\/div>[\/vc_column][vc_column bg_color=&#8221;#fafafa&#8221; bg_image=&#8221;15109&#8243; column_padding=&#8221;padding-5&#8243; column_center=&#8221;true&#8221; width=&#8221;1\/3&#8243;]<div class=\"spacer\" style=\"height: 200px;\"><\/div>[\/vc_column][\/vc_row][vc_row type=&#8221;full_width_section&#8221; class=&#8221;vc_hidden-lg vc_hidden-md vc_hidden-sm vc_hidden-xs&#8221; bg_position=&#8221;left top&#8221;][vc_column bg_image=&#8221;15109&#8243; column_padding=&#8221;padding-5&#8243; column_center=&#8221;true&#8221; width=&#8221;1\/3&#8243;]<div class=\"spacer\" style=\"height: 200px;\"><\/div>[\/vc_column][vc_column bg_color=&#8221;#1cbac8&#8243; column_padding=&#8221;padding-5&#8243; column_center=&#8221;true&#8221; text_color=&#8221;light&#8221; width=&#8221;1\/3&#8243;][vc_column_text]<\/p>\n<h3 class=\"font-special\">Our Work<\/h3>\n<p>Aenean commodo ligula eget dolor. Aenean massa. Lorem ipsum dolor sit amet, consec tetuer adipis elit, aliquam eget nibh etlibura. Aenean commodo ligula eget dolor Aenean massa. Portals seize data-driven, tag expedite.<\/p>\n<a href=\"#\" target=\"_self\" class=\"button color-8 medium \" style=\"border-radius: 2px;\">View Work<\/a>[\/vc_column_text][\/vc_column][vc_column bg_image=&#8221;15109&#8243; column_padding=&#8221;padding-5&#8243; column_center=&#8221;true&#8221; width=&#8221;1\/3&#8243;]<div class=\"spacer\" style=\"height: 200px;\"><\/div>[\/vc_column][\/vc_row][vc_row top_padding=&#8221;40&#8243; bottom_padding=&#8221;40&#8243; class=&#8221;vc_hidden-lg vc_hidden-md vc_hidden-sm vc_hidden-xs&#8221; bg_position=&#8221;left top&#8221;][vc_column width=&#8221;1\/4&#8243;]<div class=\"counter clearfix wpb_content_element\"><div class=\"counter-number\" style=\"color: #444444 !important;\">4302<\/div><span class=\"counter-title\">Cups of Coffee<\/span><\/div>[\/vc_column][vc_column width=&#8221;1\/4&#8243;]<div class=\"counter clearfix wpb_content_element\"><div class=\"counter-number\" style=\"color: #444444 !important;\">370<\/div><span class=\"counter-title\">Happy Customers<\/span><\/div>[\/vc_column][vc_column width=&#8221;1\/4&#8243;]<div class=\"counter clearfix wpb_content_element\"><div class=\"counter-number\" style=\"color: #444444 !important;\">857<\/div><span class=\"counter-title\">Solved Tickets<\/span><\/div>[\/vc_column][vc_column width=&#8221;1\/4&#8243;]<div class=\"counter clearfix wpb_content_element\"><div class=\"counter-number\" style=\"color: #444444 !important;\">439<\/div><span class=\"counter-title\">Lines of Code<\/span><\/div>[\/vc_column][\/vc_row][vc_row type=&#8221;full_width_section&#8221; class=&#8221;vc_hidden-lg vc_hidden-md vc_hidden-sm vc_hidden-xs&#8221; bg_position=&#8221;left top&#8221;][vc_column width=&#8221;1\/1&#8243;]<div class=\"divider divider1\" style='margin:0 !important;'><\/div>[\/vc_column][\/vc_row][vc_row top_padding=&#8221;120&#8243; class=&#8221;vc_hidden-lg vc_hidden-md vc_hidden-sm vc_hidden-xs&#8221; bg_position=&#8221;left top&#8221;][vc_column width=&#8221;1\/1&#8243;]<h2 class=\"headline font-special fontsize-xl fontweight-700 lh-inherit align-center transform-uppercase \" style=\"margin: 0 0 20px 0;\">Our Fantastic Team<\/h2><div class=\"headline font-inherit fontsize-l fontweight-inherit lh-inherit align-center transform-inherit \" style=\"margin: 0 0 20px 0; color: #999999;\">Interfaces semantic; deliverables users, seamless beta-test implement tag, communities virtual, global, solutions synthesize blogospheres models partnerships innovate evolve channels, repurpose.<\/div>[\/vc_column][\/vc_row][vc_row bg_color=&#8221;#1cbac8&#8243; text_color=&#8221;light&#8221; top_padding=&#8221;120&#8243; bottom_padding=&#8221;120&#8243; class=&#8221;vc_hidden-lg vc_hidden-md vc_hidden-sm vc_hidden-xs&#8221;][vc_column width=&#8221;1\/1&#8243;]<h2 class=\"headline font-special fontsize-xl fontweight-700 lh-inherit align-center transform-uppercase \" style=\"margin: 0 0 20px 0;\">What our clients say<\/h2><div class=\"testimonial-slider-wrap wpb_content_element\"><div class=\"testimonial-slide\">Aenean commodo ligula eget dolor. Aenean massa. Lorem ipsum dolor sit amet, consec tetuer adipis elit, aliquam eget nibh etlibura. Aenean commodo ligula eget dolor Aenean massa. Aenean commodo ligula eget dolor. Aenean massa. Lorem ipsum dolor sit amet, consec tetuer adipis elit, aliquam eget nibh etlibura.<span>&#45; John Doe, Apple Inc<\/span><\/div><div class=\"testimonial-slide\">Aenean commodo ligula eget dolor. Aenean massa. Lorem ipsum dolor sit amet, consec tetuer adipis elit, aliquam eget nibh etlibura.<span>&#45; Frank Abagnale, Google<\/span><\/div><div class=\"testimonial-slide\">Aenean commodo ligula eget dolor. Aenean massa. Lorem ipsum dolor sit amet, consec tetuer adipis elit, aliquam eget nibh etlibura. Aenean commodo ligula eget dolor Aenean massa. Aenean commodo ligula eget dolor. Aenean massa. Lorem ipsum dolor sit amet, consec tetuer adipis elit, aliquam eget nibh etlibura.<span>&#45; Mac Miller<\/span><\/div><\/div>[\/vc_column][\/vc_row][vc_row top_padding=&#8221;120&#8243; bottom_padding=&#8221;80&#8243; class=&#8221;vc_hidden-lg vc_hidden-md vc_hidden-sm vc_hidden-xs&#8221; bg_position=&#8221;left top&#8221;][vc_column width=&#8221;1\/1&#8243;]<h2 class=\"headline font-special fontsize-xl fontweight-700 lh-inherit align-center transform-uppercase \" style=\"margin: 0 0 20px 0;\">Why you should work with us<\/h2><div class=\"headline font-inherit fontsize-l fontweight-inherit lh-inherit align-center transform-inherit \" style=\"margin: 0 0 40px 0; color: #999999;\">Interfaces semantic; deliverables users, seamless beta-test implement tag, communities virtual, global, solutions synthesize blogospheres models partnerships innovate evolve channels, repurpose.<\/div>[vc_row_inner][vc_column_inner width=&#8221;1\/3&#8243;][vc_column_text]<\/p>\n<h6>Our Mission<\/h6>\n<p>Aenean commodo ligula eget dolor. Aenean massa. Lorem ipsum dolor sit amet, consec tetuer adipis elit, aliquam eget nibh etlibura. Aenean commodo ligula eget dolor Aenean massa.[\/vc_column_text][\/vc_column_inner][vc_column_inner width=&#8221;1\/3&#8243;][vc_column_text]<\/p>\n<h6>Our Vision<\/h6>\n<p>Aenean commodo ligula eget dolor. Aenean massa. Lorem ipsum dolor sit amet, consec tetuer adipis elit, aliquam eget nibh etlibura. Aenean commodo ligula eget dolor Aenean massa.[\/vc_column_text][\/vc_column_inner][vc_column_inner width=&#8221;1\/3&#8243;][vc_column_text]<\/p>\n<h6>Our Philosophy<\/h6>\n<p>Aenean commodo ligula eget dolor. Aenean massa. Lorem ipsum dolor sit amet, consec tetuer adipis elit, aliquam eget nibh etlibura. Aenean commodo ligula eget dolor Aenean massa.[\/vc_column_text][\/vc_column_inner][\/vc_row_inner][\/vc_column][\/vc_row][vc_row bg_color=&#8221;#fafafa&#8221; text_align=&#8221;center&#8221; top_padding=&#8221;120&#8243; bottom_padding=&#8221;120&#8243; class=&#8221;vc_hidden-lg vc_hidden-md vc_hidden-sm vc_hidden-xs&#8221; bg_position=&#8221;left top&#8221;][vc_column width=&#8221;1\/1&#8243;]<h2 class=\"headline font-special fontsize-xl fontweight-700 lh-inherit align-center transform-uppercase \" style=\"margin: 0 0 20px 0;\">Impressed? We&#8217;d love to work with you!<\/h2><div class=\"headline font-inherit fontsize-l fontweight-inherit lh-inherit align-center transform-inherit \" style=\"margin: 0 0 40px 0; color: #999999;\">Interfaces semantic; deliverables users, seamless beta-test implement tag, communities virtual, global, solutions synthesize blogospheres models partnerships innovate evolve channels, repurpose.<\/div>[vc_column_text]<a href=\"#\" target=\"_self\" class=\"button color-2 large \" style=\"border-radius: 2px;\">Get In Touch With Us<\/a>[\/vc_column_text][\/vc_column][\/vc_row]<\/p>\n","protected":false},"excerpt":{"rendered":"<p>[vc_row bg_image=&#8221;20118&#8243; parallax_bg=&#8221;true&#8221; top_padding=&#8221;360&#8243; bottom_padding=&#8221;270&#8243; bg_position=&#8221;center center&#8221;][vc_column width=&#8221;1\/1&#8243;][\/vc_column][\/vc_row][vc_row top_padding=&#8221;50&#8243; bottom_padding=&#8221;10&#8243;][vc_column width=&#8221;2\/3&#8243;][\/vc_column][vc_column text_align=&#8221;right&#8221; width=&#8221;1\/3&#8243;][vc_column_text][\/vc_column_text][\/vc_column][\/vc_row][vc_row top_padding=&#8221;50&#8243; bottom_padding=&#8221;20&#8243; bg_position=&#8221;center center&#8221;][vc_column width=&#8221;1\/4&#8243;][\/vc_column][vc_column width=&#8221;1\/4&#8243;][\/vc_column][vc_column width=&#8221;1\/4&#8243;][\/vc_column][vc_column width=&#8221;1\/4&#8243;][\/vc_column][\/vc_row][vc_row top_padding=&#8221;10&#8243; bottom_padding=&#8221;50&#8243; bg_position=&#8221;center center&#8221;][vc_column width=&#8221;1\/4&#8243;][\/vc_column][vc_column width=&#8221;1\/4&#8243;][\/vc_column][vc_column width=&#8221;1\/4&#8243;][\/vc_column][vc_column width=&#8221;1\/4&#8243;][\/vc_column][\/vc_row][vc_row type=&#8221;full_width_section&#8221; class=&#8221;vc_hidden-lg vc_hidden-md vc_hidden-sm vc_hidden-xs&#8221; bg_position=&#8221;left top&#8221;][vc_column bg_color=&#8221;#222222&#8243; column_padding=&#8221;padding-5&#8243; column_center=&#8221;true&#8221; text_color=&#8221;light&#8221; width=&#8221;1\/3&#8243;][vc_column_text] We create awesome Stuff Aenean commodo ligula eget dolor. Aenean massa. Lorem ipsum dolor sit amet, consec tetuer adipis elit, aliquam eget nibh etlibura. Aenean commodo ligula eget dolor Aenean massa. Portals seize data-driven, tag expedite. Deliverables users, seamless beta-test implement tag, communities virtual, global, solutions synthesize.[\/vc_column_text][\/vc_column][vc_column bg_image=&#8221;15109&#8243; column_padding=&#8221;padding-5&#8243; column_center=&#8221;true&#8221; width=&#8221;1\/3&#8243;][\/vc_column][vc_column bg_color=&#8221;#fafafa&#8221; bg_image=&#8221;15109&#8243; column_padding=&#8221;padding-5&#8243; column_center=&#8221;true&#8221; width=&#8221;1\/3&#8243;][\/vc_column][\/vc_row][vc_row type=&#8221;full_width_section&#8221; class=&#8221;vc_hidden-lg vc_hidden-md vc_hidden-sm vc_hidden-xs&#8221; bg_position=&#8221;left top&#8221;][vc_column bg_image=&#8221;15109&#8243; column_padding=&#8221;padding-5&#8243; column_center=&#8221;true&#8221; width=&#8221;1\/3&#8243;][\/vc_column][vc_column bg_color=&#8221;#1cbac8&#8243; column_padding=&#8221;padding-5&#8243; column_center=&#8221;true&#8221; text_color=&#8221;light&#8221; width=&#8221;1\/3&#8243;][vc_column_text] Our Work Aenean commodo ligula eget dolor. Aenean massa. Lorem ipsum dolor sit amet, consec tetuer adipis elit, aliquam eget nibh etlibura. Aenean commodo ligula eget dolor Aenean massa. Portals seize data-driven, tag expedite. [\/vc_column_text][\/vc_column][vc_column bg_image=&#8221;15109&#8243; column_padding=&#8221;padding-5&#8243; column_center=&#8221;true&#8221; width=&#8221;1\/3&#8243;][\/vc_column][\/vc_row][vc_row top_padding=&#8221;40&#8243; bottom_padding=&#8221;40&#8243; class=&#8221;vc_hidden-lg vc_hidden-md vc_hidden-sm vc_hidden-xs&#8221; bg_position=&#8221;left top&#8221;][vc_column width=&#8221;1\/4&#8243;][\/vc_column][vc_column width=&#8221;1\/4&#8243;][\/vc_column][vc_column width=&#8221;1\/4&#8243;][\/vc_column][vc_column width=&#8221;1\/4&#8243;][\/vc_column][\/vc_row][vc_row type=&#8221;full_width_section&#8221; class=&#8221;vc_hidden-lg vc_hidden-md vc_hidden-sm vc_hidden-xs&#8221; bg_position=&#8221;left top&#8221;][vc_column width=&#8221;1\/1&#8243;][\/vc_column][\/vc_row][vc_row top_padding=&#8221;120&#8243; class=&#8221;vc_hidden-lg vc_hidden-md vc_hidden-sm vc_hidden-xs&#8221; bg_position=&#8221;left top&#8221;][vc_column width=&#8221;1\/1&#8243;][\/vc_column][\/vc_row][vc_row bg_color=&#8221;#1cbac8&#8243; text_color=&#8221;light&#8221; top_padding=&#8221;120&#8243; bottom_padding=&#8221;120&#8243; class=&#8221;vc_hidden-lg vc_hidden-md vc_hidden-sm vc_hidden-xs&#8221;][vc_column width=&#8221;1\/1&#8243;][\/vc_column][\/vc_row][vc_row top_padding=&#8221;120&#8243; bottom_padding=&#8221;80&#8243; class=&#8221;vc_hidden-lg vc_hidden-md vc_hidden-sm vc_hidden-xs&#8221; bg_position=&#8221;left top&#8221;][vc_column width=&#8221;1\/1&#8243;][vc_row_inner][vc_column_inner width=&#8221;1\/3&#8243;][vc_column_text] Our [&hellip;]<\/p>\n","protected":false},"author":2,"featured_media":0,"parent":20053,"menu_order":0,"comment_status":"open","ping_status":"open","template":"","meta":[],"folder":[],"_links":{"self":[{"href":"http:\/\/www.icpe.ro\/ro\/wp-json\/wp\/v2\/pages\/9413"}],"collection":[{"href":"http:\/\/www.icpe.ro\/ro\/wp-json\/wp\/v2\/pages"}],"about":[{"href":"http:\/\/www.icpe.ro\/ro\/wp-json\/wp\/v2\/types\/page"}],"author":[{"embeddable":true,"href":"http:\/\/www.icpe.ro\/ro\/wp-json\/wp\/v2\/users\/2"}],"replies":[{"embeddable":true,"href":"http:\/\/www.icpe.ro\/ro\/wp-json\/wp\/v2\/comments?post=9413"}],"version-history":[{"count":0,"href":"http:\/\/www.icpe.ro\/ro\/wp-json\/wp\/v2\/pages\/9413\/revisions"}],"up":[{"embeddable":true,"href":"http:\/\/www.icpe.ro\/ro\/wp-json\/wp\/v2\/pages\/20053"}],"wp:attachment":[{"href":"http:\/\/www.icpe.ro\/ro\/wp-json\/wp\/v2\/media?parent=9413"}],"wp:term":[{"taxonomy":"folder","embeddable":true,"href":"http:\/\/www.icpe.ro\/ro\/wp-json\/wp\/v2\/folder?post=9413"}],"curies":[{"name":"wp","href":"https:\/\/api.w.org\/{rel}","templated":true}]}}