{"id":21128,"date":"2022-12-06T00:04:51","date_gmt":"2022-12-05T21:04:51","guid":{"rendered":"https:\/\/www.icpe.ro\/ro\/?page_id=21128"},"modified":"2024-06-19T16:46:10","modified_gmt":"2024-06-19T13:46:10","slug":"rezultate","status":"publish","type":"page","link":"http:\/\/www.icpe.ro\/ro\/disep\/rezultate\/","title":{"rendered":"Rezultate"},"content":{"rendered":"<p>[vc_row type=&#8221;full_width_section&#8221;][vc_column width=&#8221;1\/1&#8243;][vc_raw_html]JTNDc3R5bGUlM0UlMEEudG9wbmF2JTIwJTdCJTBBJTBBJTIwJTIwJTIwJTIwbGlzdC1zdHlsZSUzQW5vbmUlM0IlMEElMjAlMjAlMjAlMjBtYXJnaW4lM0EwJTNCJTBBJTIwJTIwJTIwJTIwcGFkZGluZyUzQTAlM0IlMEElMjAlMjAlMjAlMjB0ZXh0LWFsaWduJTNBY2VudGVyJTNCJTBBJTdEJTBBJTBBLnRvcG5hdiUyMGxpJTIwJTdCJTBBJTIwJTIwZGlzcGxheSUzQWlubGluZSUzQiUwQSU3RCUwQSUwQS50b3BuYXYlMjBhJTdCJTBBJTIwJTIwZGlzcGxheSUzQWlubGluZS1ibG9jayUzQiUwQSUyMCUyMGNvbG9yJTNBJTIwJTIzMDAwJTNCJTBBJTIwJTIwJTIwJTIwcGFkZGluZyUzQTE4cHglMjAzNnB4JTNCJTBBJTIwJTIwZm9udC1zaXplJTNBMTdweCUzQiUwQSU3RCUwQS50b3BuYXYlMjBhJTNBaG92ZXIlMjAlN0IlMEElMjAlMjBiYWNrZ3JvdW5kLWNvbG9yJTNBJTIwJTIzZGRkJTNCJTBBJTIwJTIwY29sb3IlM0ElMjBibGFjayUzQiUwQSU3RCUwQSUwQS50b3BuYXYlMjAuaWNvbiUyMCU3QiUwQSUyMCUyMGRpc3BsYXklM0ElMjBub25lJTNCJTBBJTdEJTBBLmFjdGl2ZSUyMCU3QiUwQSUyMCUyMCUyMCUyMGJhY2tncm91bmQtY29sb3IlM0ElMjAlMjNmN2Y3ZjclM0IlMEElMjAlMjAlMjAlMjBmb250LXdlaWdodCUzQSUyMGJvbGQlM0IlMEElN0QlMEElMEElNDBtZWRpYSUyMHNjcmVlbiUyMGFuZCUyMCUyOG1heC13aWR0aCUzQSUyMDYwMHB4JTI5JTIwJTdCJTBBJTIwJTIwLnRvcG5hdiUyMGElM0Fub3QlMjglM0FmaXJzdC1jaGlsZCUyOSUyMCU3QmRpc3BsYXklM0ElMjBub25lJTNCJTdEJTBBJTIwJTIwLnRvcG5hdiUyMGEuaWNvbiUyMCU3QiUwQSUyMCUyMCUyMCUyMGZsb2F0JTNBJTIwcmlnaHQlM0IlMEElMjAlMjAlMjAlMjBkaXNwbGF5JTNBJTIwYmxvY2slM0IlMEElMjAlMjAlN0QlMEElN0QlMEElMEElNDBtZWRpYSUyMHNjcmVlbiUyMGFuZCUyMCUyOG1heC13aWR0aCUzQSUyMDYwMHB4JTI5JTIwJTdCJTBBJTIwJTIwLnRvcG5hdi5yZXNwb25zaXZlJTIwJTdCcG9zaXRpb24lM0ElMjByZWxhdGl2ZSUzQiU3RCUwQSUyMCUyMC50b3BuYXYucmVzcG9uc2l2ZSUyMC5pY29uJTIwJTdCJTBBJTIwJTIwJTIwJTIwcG9zaXRpb24lM0ElMjBhYnNvbHV0ZSUzQiUwQSUyMCUyMCUyMCUyMHJpZ2h0JTNBJTIwMCUzQiUwQSUyMCUyMCUyMCUyMHRvcCUzQSUyMDAlM0IlMEElMjAlMjAlN0QlMEElMjAlMjAudG9wbmF2LnJlc3BvbnNpdmUlMjBhJTIwJTdCJTBBJTIwJTIwJTIwJTIwZmxvYXQlM0ElMjBub25lJTNCJTBBJTIwJTIwJTIwJTIwZGlzcGxheSUzQSUyMGJsb2NrJTNCJTBBJTIwJTIwJTIwJTIwdGV4dC1hbGlnbiUzQSUyMGxlZnQlM0IlMEElMjAlMjAlN0QlMEElMEElN0QlMEElM0MlMkZzdHlsZSUzRSUwQSUwQSUwQSUwQSUzQ2RpdiUyMGNsYXNzJTNEJTIydG9wbmF2JTIyJTIwaWQlM0QlMjJteVRvcG5hdiUyMiUzRSUwQSUyMCUyMCUzQ2ElMjBocmVmJTNEJTIyaHR0cCUzQSUyRiUyRnd3dy5pY3BlLnJvJTJGcm8lMkZkaXNlcCUyRiUyMiUzRUFjYXMlQzQlODMlM0MlMkZhJTNFJTBBJTIwJTIwJTNDYSUyMGhyZWYlM0QlMjJodHRwJTNBJTJGJTJGd3d3LmljcGUucm8lMkZybyUyRmRpc2VwJTJGZGVzcHJlLXByb2llY3QlMjIlM0VEZXNwcmUlMjBwcm9pZWN0JTNDJTJGYSUzRSUwQSUyMCUyMCUzQ2ElMjBocmVmJTNEJTIyaHR0cCUzQSUyRiUyRnd3dy5pY3BlLnJvJTJGcm8lMkZkaXNlcCUyRmNvbnNvcnRpdSUyMiUzRUNvbnNvciVDOCU5Qml1JTNDJTJGYSUzRSUwQSUyMCUyMCUzQ2ElMjBocmVmJTNEJTIyaHR0cCUzQSUyRiUyRnd3dy5pY3BlLnJvJTJGcm8lMkZkaXNlcCUyRmV0YXBlJTIyJTNFRXRhcGUlM0MlMkZhJTNFJTBBJTIwJTIwJTNDYSUyMGhyZWYlM0QlMjJodHRwJTNBJTJGJTJGd3d3LmljcGUucm8lMkZybyUyRmRpc2VwJTJGbm91dGF0aSUyMiUzRU5vdXQlQzQlODMlQzglOUJpJTNDJTJGYSUzRSUwQSUyMCUyMCUzQ2ElMjBocmVmJTNEJTIyaHR0cCUzQSUyRiUyRnd3dy5pY3BlLnJvJTJGcm8lMkZkaXNlcCUyRnJlenVsdGF0ZSUyMiUzRVJlenVsdGF0ZSUzQyUyRmElM0UlMEElMjAlMjAlM0NhJTIwaHJlZiUzRCUyMmh0dHAlM0ElMkYlMkZ3d3cuaWNwZS5ybyUyRnJvJTJGZGlzZXAlMkZjb250YWN0JTIyJTNFQ29udGFjdCUzQyUyRmElM0UlMEElMjAlMjAlM0NsaSUyMHN0eWxlJTNEJTIyZmxvYXQlM0FyaWdodCUyMiUzRSUzQ2ElMjBjbGFzcyUzRCUyMmFjdGl2ZSUyMiUyMGhyZWYlM0QlMjJodHRwJTNBJTJGJTJGd3d3LmljcGUucm8lMkZkaXNlcCUyRiUyMiUzRUVOJTNDJTJGYSUzRSUzQyUyRmxpJTNFJTBBJTBBJTBBJTBBJTIwJTIwJTNDYSUyMGhyZWYlM0QlMjJqYXZhc2NyaXB0JTNBdm9pZCUyODAlMjklM0IlMjIlMjBzdHlsZSUzRCUyMmZvbnQtc2l6ZSUzQTE1cHglM0IlMjIlMjBjbGFzcyUzRCUyMmljb24lMjIlMjBvbmNsaWNrJTNEJTIybXlGdW5jdGlvbiUyOCUyOSUyMiUzRSUyNiUyMzk3NzYlM0IlM0MlMkZhJTNFJTBBJTNDJTJGZGl2JTNFJTBBJTBBJTNDc2NyaXB0JTNFJTBBZnVuY3Rpb24lMjBteUZ1bmN0aW9uJTI4JTI5JTIwJTdCJTBBJTIwJTIwJTIwJTIwdmFyJTIweCUyMCUzRCUyMGRvY3VtZW50LmdldEVsZW1lbnRCeUlkJTI4JTIybXlUb3BuYXYlMjIlMjklM0IlMEElMjAlMjAlMjAlMjBpZiUyMCUyOHguY2xhc3NOYW1lJTIwJTNEJTNEJTNEJTIwJTIydG9wbmF2JTIyJTI5JTIwJTdCJTBBJTIwJTIwJTIwJTIwJTIwJTIwJTIwJTIweC5jbGFzc05hbWUlMjAlMkIlM0QlMjAlMjIlMjByZXNwb25zaXZlJTIyJTNCJTBBJTIwJTIwJTIwJTIwJTdEJTIwZWxzZSUyMCU3QiUwQSUyMCUyMCUyMCUyMCUyMCUyMCUyMCUyMHguY2xhc3NOYW1lJTIwJTNEJTIwJTIydG9wbmF2JTIyJTNCJTBBJTIwJTIwJTIwJTIwJTdEJTBBJTdEJTBBJTNDJTJGc2NyaXB0JTNF[\/vc_raw_html][\/vc_column][\/vc_row][vc_row bg_color=&#8221;#efefef&#8221; top_padding=&#8221;20&#8243; bottom_padding=&#8221;20&#8243;][vc_column width=&#8221;1\/1&#8243;]<h1 class=\"headline font-inherit fontsize-m fontweight-700 lh-inherit align-center transform-uppercase \" style=\"margin: 0 0 0 0;\">REZULTATE<\/h1><div class=\"single_image wpb_content_element align-left    \" data-animation=\"none\" data-delay=\"0\"><img width=\"224\" height=\"78\" src=\"http:\/\/www.icpe.ro\/ro\/wp-content\/uploads\/2023\/12\/DISEP-logo-fococlipping-HD-2.png\" class=\"attachment-full\" alt=\"\" loading=\"lazy\" \/><\/div>[\/vc_column][\/vc_row][vc_row top_padding=&#8221;40&#8243; bottom_padding=&#8221;40&#8243;][vc_column width=&#8221;1\/1&#8243;][vc_column_text]<\/p>\n<p style=\"text-align: left;\">In cadrul etapei a 3-a \u015fi ultima a proiectului Disep, a fost finalizat\u0103 dezvoltarea unui produs destinat at\u00e2t stoc\u0103rii energiei, c\u00e2t \u0219i protec\u021biei micro re\u021belelor electrice locale. Produsul se adreseaz\u0103 b\u0103ncilor,unit\u0103\u021bilor medicale,centrelor de date, laboratoare, unit\u0103\u021bi de interes strategic care necesit\u0103 m\u0103suri de securitate speciale (fa\u021b\u0103 de fluctua\u021bii accidentale ale tensiunii re\u021belei de alimentare dar \u0219i fa\u021b\u0103 de perturba\u021bii parazite inclusiv cu aspect de sabotaj\/spionaj). Potentialul de piata al produsului, \u020bn segmentul de pia\u0163\u0103 vizat este deosebit, mai ales \u020bntr-un context geopolitic fragmentat, UE urm\u0103rind consolidarea securit\u0103\u021bii aprovizion\u0103rii cu energie a statelor membre, pe baza angajamentului politic \u0219i economic \u0219i a cooper\u0103rii reciproce.<\/p>\n<p>Inven\u0163ia rezolv\u0103 o problem\u0103 tehnic\u0103 care const\u0103 \u00een realizarea unui dispozitiv iner\u0163ial care pe l\u00e2ng\u0103 func\u0163ia de stocare a energiei asigur\u0103 \u00een permanen\u0163\u0103 protec\u0163ie la v\u00e2rfurile de tensiune dar \u015fi fa\u0163\u0103 de elementele parazite prin separarea galvanic\u0103 a circuitului de alimentare a acestei microre\u021bele de re\u021beaua electric\u0103 industrial\u0103. Obiectivul proiectului DISEP a fost \u020bndeplinit \u020bn totalitate, \u020bn cadrul acestui proiect fiind realizat, testat \u015fi validat prototipul unui sistem iner\u021bial cu volant\u0103, care utilizeaz\u0103 o volant\u0103 av\u0203nd momentul de iner\u0163ie J = 2,3 kg*m<sup>2<\/sup> \u015fi o mas\u0103 m = 170 kg, iar la o tura\u0163ie maxim\u0103 n<sub>max<\/sub> = 10000 rot\/min, realizeaz\u0103 urm\u0103torii parametri de \u00eenc\u0103rcare (stocare iner\u0163ial\u0103) \u2013 desc\u0103rcare (prin debitarea de energie electric\u0103), stabili\u0163i prin tema de proiect: timp maxim de accelerare p\u00e2n\u0103 la n<sub>max<\/sub>: ta<sub>max<\/sub> = 30 [min], timp minim de desc\u0103rcare: td<sub>min<\/sub> =\u00a0 10 [min], putere debitat\u0103 electric: Pd<sub>min<\/sub> =\u00a0 2000 [W].<\/p>\n<p>Produsul inovator dezvoltat de c\u0103tre coordonatorul ICPE SA \u020bmpreun\u0103 cu partenerii de proiect, Institutul Na\u0163ional De Cercetare-Dezvoltare Pentru Inginerie Electric\u0103 Icpe-CA, Bucure\u015fti (ICPE-CA) \u015fi Universitatea Tehnic\u0103 din Cluj-Napoca (UTCN), va genera efecte tehnologice \u015fi economice semnificative iar ICPE SA \u00ee\u0219i va extinde astfel capabilitatea de cercetare \u0219i \u00ee\u0219i va diversifica gama de produse adaptate noilor cerin\u021be de performan\u021b\u0103 \u0219i eficien\u021b\u0103, asimil\u00e2nd rezultatele CDI ale partenerilor de proiect. Aceast\u0103 lucrare a fost sus\u021binut\u0103 printr-un grant al Ministerului Cercet\u0103rii, Inov\u0103rii \u0219i Digitaliz\u0103rii, CCCDI \u2013 UEFISCDI, num\u0103rul proiectului PN-III-P2-2.1-PTE-2021-0639, din cadrul PNCDI III.<\/p>\n<p>\u00cen cadrul etapei a 3-a a proiectului a fost depus\u0103 cererea de brevet la Oficiul de Stat pentru Inven\u021bii \u0219i M\u0103rci \u015fi \u020bnregistrat\u0103 la registratura OSIM sub num\u0103rul A\/00273 din 28.05.2024. Prin cererea depus\u0103 se solicit\u0103 acordarea unui brevet de inven\u0163ie cu titlul: \u201eDISPOZITIV INER\u0162IAL CU DOU\u0102 VOLANTE AFLATE \u00ceN MI\u015eCARE CONTRAROTATIV\u0102 PENTRU STOCARE ENERGETIC\u0102 \u015eI PROTEC\u0162IE A CONSUMATORILOR SPECIALI\u201d. Cererea de brevet con\u0163ine documentul \u201cDeclara\u0163ie con\u0163in\u0203nd desemnarea inventatorilor inven\u0163iei\u201d prin care sunt nominaliza\u0163i inventatori din partea fiec\u0103ruia dintre partenerii care alc\u0103tuiesc consor\u0163iul proiectului, astfel: Dr. Ing. V\u0103r\u0103ticeanu Dumitru-Bogdan (ICPE SA \u2013 coordonator), Ing. Demeter Lucian Nicolae (ICPE SA \u2013 coordonator), Ing. Matei Silviu \u0218tefan (ICPE SA \u2013 coordonator), Dr. Ing. Minciunescu Paul (ICPE SA \u2013 coordonator), Ing. Nicolescu Constantin (ICPE SA \u2013 coordonator), Dr. Ing. T\u0103nase Nicolae (ICPE CA \u2013 partener P1),\u00a0 \u0219i Ing. Marti\u015f Radu-Andrei (UTCN \u2013 partener P2).<\/p>\n<p>De asemenea, \u020bn cadrul etapei a 3-a a proiectului partenerul de proiect UTCN a ob\u0163inut aprobarea pentru publicare a unui articol \u015ftiin\u0163ific \u020bn cadrul volumului de lucr\u0103ri prezentate la cea de a 13-a edi\u0163ie a conferin\u0163ei interna\u0163ionale EPEi 2024 (\u201c13th IEEE International Conference and Exposition on Electrical and Power Engineering (EPEi 2024)\u201d, care se desf\u0103\u015foar\u0103 \u020bn perioada 17-19 octombrie, 2024, la Ia\u015fi, \u020bn Rom\u0203nia (<a href=\"https:\/\/www.epe.tuiasi.ro\/\">https:\/\/www.epe.tuiasi.ro\/<\/a>). Articolul \u015ftiin\u0163ific, cu titlul \u201eFlywheel Energy Storage System Technologies: A Review and Prototype Development with Optimization Strategies\u201d \u020bi are ca autori pe Radu Andrei MAR\u0162I\u015e (UTCN), Jurca Florin (UTCN), R\u0103zvan Inte (UTCN), Claudia Stelu\u0163a MAR\u0162I\u015e (UTCN), Nicolae T\u0102NASE (ICPE-CA), Lucian Nicolae DEMETER (ICPE-SA).<\/p>\n<table style=\"height: 232px;\" width=\"1161\">\n<tbody>\n<tr>\n<td style=\"width: 573.7px;\"><img loading=\"lazy\" class=\"wp-image-21220 alignleft\" src=\"http:\/\/www.icpe.ro\/ro\/wp-content\/uploads\/2024\/06\/Picture1-1-212x300.jpg\" alt=\"\" width=\"320\" height=\"452\" srcset=\"http:\/\/www.icpe.ro\/ro\/wp-content\/uploads\/2024\/06\/Picture1-1-212x300.jpg 212w, http:\/\/www.icpe.ro\/ro\/wp-content\/uploads\/2024\/06\/Picture1-1.jpg 720w\" sizes=\"(max-width: 320px) 100vw, 320px\" \/><\/td>\n<td style=\"width: 573.7px;\"><img loading=\"lazy\" class=\"wp-image-21221 alignleft\" src=\"http:\/\/www.icpe.ro\/ro\/wp-content\/uploads\/2024\/06\/Picture2-1-212x300.jpg\" alt=\"\" width=\"320\" height=\"452\" srcset=\"http:\/\/www.icpe.ro\/ro\/wp-content\/uploads\/2024\/06\/Picture2-1-212x300.jpg 212w, http:\/\/www.icpe.ro\/ro\/wp-content\/uploads\/2024\/06\/Picture2-1.jpg 720w\" sizes=\"(max-width: 320px) 100vw, 320px\" \/><\/td>\n<\/tr>\n<tr>\n<td style=\"width: 573.7px; text-align: left;\">Fig.1 \u2013 Realizarea modelului experimental Disep (TRL4)<\/td>\n<td style=\"width: 573.7px; text-align: left;\">Fig.2 \u2013 Realizarea prototipului Disep (TRL6)<\/td>\n<\/tr>\n<tr>\n<td style=\"width: 573.7px;\"><img loading=\"lazy\" class=\"wp-image-21222 alignleft\" src=\"http:\/\/www.icpe.ro\/ro\/wp-content\/uploads\/2024\/06\/Picture3-1-212x300.jpg\" alt=\"\" width=\"320\" height=\"452\" srcset=\"http:\/\/www.icpe.ro\/ro\/wp-content\/uploads\/2024\/06\/Picture3-1-212x300.jpg 212w, http:\/\/www.icpe.ro\/ro\/wp-content\/uploads\/2024\/06\/Picture3-1.jpg 721w\" sizes=\"(max-width: 320px) 100vw, 320px\" \/><\/td>\n<td style=\"width: 573.7px;\"><img loading=\"lazy\" class=\"wp-image-21223 alignleft\" src=\"http:\/\/www.icpe.ro\/ro\/wp-content\/uploads\/2024\/06\/Picture4-1-212x300.jpg\" alt=\"\" width=\"320\" height=\"453\" srcset=\"http:\/\/www.icpe.ro\/ro\/wp-content\/uploads\/2024\/06\/Picture4-1-212x300.jpg 212w, http:\/\/www.icpe.ro\/ro\/wp-content\/uploads\/2024\/06\/Picture4-1.jpg 723w\" sizes=\"(max-width: 320px) 100vw, 320px\" \/><\/td>\n<\/tr>\n<tr>\n<td style=\"width: 573.7px; text-align: left;\">Fig.3 \u2013 Testarea \u015fi validarea prototipului Disep (TRL6)<\/td>\n<td style=\"width: 573.7px; text-align: left;\">Fig.4 \u2013 Dezvoltarea de la modelul experimental Disep (TRL4)<br \/>\nla prototipul Disep (TRL6)<\/td>\n<\/tr>\n<tr>\n<td style=\"width: 1152.6px;\" colspan=\"2\"><img loading=\"lazy\" class=\"wp-image-21224 alignleft\" src=\"http:\/\/www.icpe.ro\/ro\/wp-content\/uploads\/2024\/06\/Picture5-300x80.png\" alt=\"\" width=\"600\" height=\"160\" srcset=\"http:\/\/www.icpe.ro\/ro\/wp-content\/uploads\/2024\/06\/Picture5-300x80.png 300w, http:\/\/www.icpe.ro\/ro\/wp-content\/uploads\/2024\/06\/Picture5-768x205.png 768w, http:\/\/www.icpe.ro\/ro\/wp-content\/uploads\/2024\/06\/Picture5.png 875w\" sizes=\"(max-width: 600px) 100vw, 600px\" \/><\/td>\n<\/tr>\n<tr>\n<td style=\"width: 1152.6px; text-align: left;\" colspan=\"2\">Fig.5 \u2013 a 13-a edi\u0163ie a conferin\u0163ei interna\u0163ionale EPEi 2024 (\u201c13th IEEE International<br \/>\nConference and Exposition on Electrical and Power Engineering (EPEi 2024)\u201d<\/td>\n<\/tr>\n<tr>\n<td style=\"width: 573.7px;\"><img loading=\"lazy\" class=\"wp-image-21225 alignleft\" src=\"http:\/\/www.icpe.ro\/ro\/wp-content\/uploads\/2024\/06\/Picture6-211x300.png\" alt=\"\" width=\"320\" height=\"456\" srcset=\"http:\/\/www.icpe.ro\/ro\/wp-content\/uploads\/2024\/06\/Picture6-211x300.png 211w, http:\/\/www.icpe.ro\/ro\/wp-content\/uploads\/2024\/06\/Picture6.png 446w\" sizes=\"(max-width: 320px) 100vw, 320px\" \/><\/td>\n<td style=\"width: 573.7px;\"><img loading=\"lazy\" class=\"wp-image-21226 alignleft\" src=\"http:\/\/www.icpe.ro\/ro\/wp-content\/uploads\/2024\/06\/Picture7-214x300.png\" alt=\"\" width=\"320\" height=\"448\" srcset=\"http:\/\/www.icpe.ro\/ro\/wp-content\/uploads\/2024\/06\/Picture7-214x300.png 214w, http:\/\/www.icpe.ro\/ro\/wp-content\/uploads\/2024\/06\/Picture7.png 434w\" sizes=\"(max-width: 320px) 100vw, 320px\" \/><\/td>\n<\/tr>\n<tr>\n<td style=\"width: 573.7px;\">Fig.6 \u2013 Adeverinta publicare articol EPEi 2024<\/td>\n<td style=\"width: 573.7px;\">Fig.7 \u2013 Cererea de brevet \u020bnregistrat\u0103 la registratura OSIM sub<br \/>\nnum\u0103rul A\/00273 din 28.05.2024<\/td>\n<\/tr>\n<\/tbody>\n<\/table>\n<p>[\/vc_column_text][\/vc_column][\/vc_row][vc_row top_padding=&#8221;40&#8243; bottom_padding=&#8221;40&#8243;][vc_column width=&#8221;1\/1&#8243;]<div class=\"single_image wpb_content_element align-center    \" data-animation=\"none\" data-delay=\"0\"><img width=\"780\" height=\"9\" src=\"http:\/\/www.icpe.ro\/ro\/wp-content\/uploads\/2023\/12\/Line-2.jpg\" class=\"attachment-full\" alt=\"\" loading=\"lazy\" srcset=\"http:\/\/www.icpe.ro\/ro\/wp-content\/uploads\/2023\/12\/Line-2.jpg 780w, http:\/\/www.icpe.ro\/ro\/wp-content\/uploads\/2023\/12\/Line-2-300x3.jpg 300w, http:\/\/www.icpe.ro\/ro\/wp-content\/uploads\/2023\/12\/Line-2-768x9.jpg 768w\" sizes=\"(max-width: 780px) 100vw, 780px\" \/><\/div>[vc_column_text]<\/p>\n<p style=\"text-align: center;\">In cadrul etapei a 2-a a proiectului Disep a fost realizat prototipul dispozitivului iner\u021bial pentru stocare energetic\u0103 \u0219i protec\u021bie a microre\u021belelor electrice locale<\/p>\n<p>[\/vc_column_text]<div class=\"single_image wpb_content_element align-center    \" data-animation=\"none\" data-delay=\"0\"><img width=\"800\" height=\"511\" src=\"http:\/\/www.icpe.ro\/ro\/wp-content\/uploads\/2023\/12\/Imagine-1-2.jpg\" class=\"attachment-full\" alt=\"\" loading=\"lazy\" srcset=\"http:\/\/www.icpe.ro\/ro\/wp-content\/uploads\/2023\/12\/Imagine-1-2.jpg 800w, http:\/\/www.icpe.ro\/ro\/wp-content\/uploads\/2023\/12\/Imagine-1-2-300x192.jpg 300w, http:\/\/www.icpe.ro\/ro\/wp-content\/uploads\/2023\/12\/Imagine-1-2-768x491.jpg 768w\" sizes=\"(max-width: 800px) 100vw, 800px\" \/><\/div>[\/vc_column][\/vc_row][vc_row top_padding=&#8221;40&#8243; bottom_padding=&#8221;40&#8243;][vc_column width=&#8221;1\/1&#8243;][vc_column_text]De asemenea, in cadrul etapei a 2-a a proiectului Disep, s-a publicat 1 lucrare \u0219tiin\u021bific\u0103 av\u0203ndu-i ca autori pe Nicolae T\u0102NASE, Cristinel ILIE, Marius POPA, Lucian DEMETER, Drago\u0219 OVEZEA, , cu titlul \u201cInertial energy storage system. Applicative extension\u201d, \u020bn vol.13\/2023 al revistei International Journal of Mechatronics and Applied Mechanics IJOMAM 2023 E-ISSN: 2559-6497. Revista este indexata in baze de date internationale precum Scopus, Compendex, EBSCO, ProQuest.[\/vc_column_text]<div class=\"single_image wpb_content_element align-center    \" data-animation=\"none\" data-delay=\"0\"><img width=\"600\" height=\"403\" src=\"http:\/\/www.icpe.ro\/ro\/wp-content\/uploads\/2023\/12\/Imagine-2.jpg\" class=\"attachment-full\" alt=\"\" loading=\"lazy\" srcset=\"http:\/\/www.icpe.ro\/ro\/wp-content\/uploads\/2023\/12\/Imagine-2.jpg 600w, http:\/\/www.icpe.ro\/ro\/wp-content\/uploads\/2023\/12\/Imagine-2-300x202.jpg 300w\" sizes=\"(max-width: 600px) 100vw, 600px\" \/><\/div><div class=\"single_image wpb_content_element align-center    \" data-animation=\"none\" data-delay=\"0\"><img width=\"500\" height=\"776\" src=\"http:\/\/www.icpe.ro\/ro\/wp-content\/uploads\/2023\/12\/Imagine-3.jpg\" class=\"attachment-full\" alt=\"\" loading=\"lazy\" srcset=\"http:\/\/www.icpe.ro\/ro\/wp-content\/uploads\/2023\/12\/Imagine-3.jpg 500w, http:\/\/www.icpe.ro\/ro\/wp-content\/uploads\/2023\/12\/Imagine-3-193x300.jpg 193w\" sizes=\"(max-width: 500px) 100vw, 500px\" \/><\/div>[\/vc_column][\/vc_row][vc_row top_padding=&#8221;40&#8243; bottom_padding=&#8221;40&#8243;][vc_column width=&#8221;1\/1&#8243;]<div class=\"single_image wpb_content_element align-center    \" data-animation=\"none\" data-delay=\"0\"><img width=\"780\" height=\"9\" src=\"http:\/\/www.icpe.ro\/ro\/wp-content\/uploads\/2023\/12\/Line-2.jpg\" class=\"attachment-full\" alt=\"\" loading=\"lazy\" srcset=\"http:\/\/www.icpe.ro\/ro\/wp-content\/uploads\/2023\/12\/Line-2.jpg 780w, http:\/\/www.icpe.ro\/ro\/wp-content\/uploads\/2023\/12\/Line-2-300x3.jpg 300w, http:\/\/www.icpe.ro\/ro\/wp-content\/uploads\/2023\/12\/Line-2-768x9.jpg 768w\" sizes=\"(max-width: 780px) 100vw, 780px\" \/><\/div>[vc_column_text]A fost realizat pliantul (flyer-ul) de prezentare al proiectului DISEP. \u00cen perioada 8-10 noiembrie 2022 \u00een cadrul expozitiei internationale SPS 2022\u00a0 care a avut loc la N\u00fcrnberg, \u020bn Germania (Smart Production Solutions) a fost prezentat pliantul proiectului DISEP \u00een cadrul standului ICPE ca parte a activit\u0103\u0163ii de diseminare.[\/vc_column_text]<div class=\"single_image wpb_content_element align-center    \" data-animation=\"none\" data-delay=\"0\"><img width=\"639\" height=\"889\" src=\"http:\/\/www.icpe.ro\/ro\/wp-content\/uploads\/2022\/12\/Picture10.png\" class=\"attachment-full\" alt=\"\" loading=\"lazy\" srcset=\"http:\/\/www.icpe.ro\/ro\/wp-content\/uploads\/2022\/12\/Picture10.png 639w, http:\/\/www.icpe.ro\/ro\/wp-content\/uploads\/2022\/12\/Picture10-216x300.png 216w\" sizes=\"(max-width: 639px) 100vw, 639px\" \/><\/div>[\/vc_column][\/vc_row][vc_row bg_type=&#8221;bg_color&#8221; ult_hide_row=&#8221;ult_hide_row_value&#8221; ult_hide_row_tablet=&#8221;tablet&#8221; ult_hide_row_tablet_small=&#8221;xs_tablet&#8221; ult_hide_row_mobile=&#8221;mobile&#8221; ult_hide_row_mobile_large=&#8221;xl_mobile&#8221;][vc_column width=&#8221;1\/1&#8243;]<div class=\"spacer\" style=\"height: 50px;\"><\/div>[\/vc_column][\/vc_row][vc_row bg_color=&#8221;#262626&#8243; top_padding=&#8221;70&#8243; bottom_padding=&#8221;70&#8243; bg_type=&#8221;bg_color&#8221;][vc_column width=&#8221;1\/2&#8243;][vc_column_text]\u00a9 Icpe | Tehnologii pentru dezvoltare durabil\u0103<br \/>\n<a href=\"http:\/\/www.icpe.ro\/ro\/termeni\" target=\"_blank\" rel=\"noopener\">Termeni \u0219i Condi\u021bii<\/a>[\/vc_column_text][\/vc_column][vc_column text_align=&#8221;center&#8221; width=&#8221;1\/2&#8243;]<a href=\"http:\/\/www.icpe.ro\/ro\/institutul\/proiecte\/\" target=\"_blank\" class=\"button color-3 small \" style=\"border-radius: 2px;\">Vezi mai multe proiecte<\/a>[\/vc_column][\/vc_row]<\/p>\n","protected":false},"excerpt":{"rendered":"<p>[vc_row type=&#8221;full_width_section&#8221;][vc_column width=&#8221;1\/1&#8243;][vc_raw_html]JTNDc3R5bGUlM0UlMEEudG9wbmF2JTIwJTdCJTBBJTBBJTIwJTIwJTIwJTIwbGlzdC1zdHlsZSUzQW5vbmUlM0IlMEElMjAlMjAlMjAlMjBtYXJnaW4lM0EwJTNCJTBBJTIwJTIwJTIwJTIwcGFkZGluZyUzQTAlM0IlMEElMjAlMjAlMjAlMjB0ZXh0LWFsaWduJTNBY2VudGVyJTNCJTBBJTdEJTBBJTBBLnRvcG5hdiUyMGxpJTIwJTdCJTBBJTIwJTIwZGlzcGxheSUzQWlubGluZSUzQiUwQSU3RCUwQSUwQS50b3BuYXYlMjBhJTdCJTBBJTIwJTIwZGlzcGxheSUzQWlubGluZS1ibG9jayUzQiUwQSUyMCUyMGNvbG9yJTNBJTIwJTIzMDAwJTNCJTBBJTIwJTIwJTIwJTIwcGFkZGluZyUzQTE4cHglMjAzNnB4JTNCJTBBJTIwJTIwZm9udC1zaXplJTNBMTdweCUzQiUwQSU3RCUwQS50b3BuYXYlMjBhJTNBaG92ZXIlMjAlN0IlMEElMjAlMjBiYWNrZ3JvdW5kLWNvbG9yJTNBJTIwJTIzZGRkJTNCJTBBJTIwJTIwY29sb3IlM0ElMjBibGFjayUzQiUwQSU3RCUwQSUwQS50b3BuYXYlMjAuaWNvbiUyMCU3QiUwQSUyMCUyMGRpc3BsYXklM0ElMjBub25lJTNCJTBBJTdEJTBBLmFjdGl2ZSUyMCU3QiUwQSUyMCUyMCUyMCUyMGJhY2tncm91bmQtY29sb3IlM0ElMjAlMjNmN2Y3ZjclM0IlMEElMjAlMjAlMjAlMjBmb250LXdlaWdodCUzQSUyMGJvbGQlM0IlMEElN0QlMEElMEElNDBtZWRpYSUyMHNjcmVlbiUyMGFuZCUyMCUyOG1heC13aWR0aCUzQSUyMDYwMHB4JTI5JTIwJTdCJTBBJTIwJTIwLnRvcG5hdiUyMGElM0Fub3QlMjglM0FmaXJzdC1jaGlsZCUyOSUyMCU3QmRpc3BsYXklM0ElMjBub25lJTNCJTdEJTBBJTIwJTIwLnRvcG5hdiUyMGEuaWNvbiUyMCU3QiUwQSUyMCUyMCUyMCUyMGZsb2F0JTNBJTIwcmlnaHQlM0IlMEElMjAlMjAlMjAlMjBkaXNwbGF5JTNBJTIwYmxvY2slM0IlMEElMjAlMjAlN0QlMEElN0QlMEElMEElNDBtZWRpYSUyMHNjcmVlbiUyMGFuZCUyMCUyOG1heC13aWR0aCUzQSUyMDYwMHB4JTI5JTIwJTdCJTBBJTIwJTIwLnRvcG5hdi5yZXNwb25zaXZlJTIwJTdCcG9zaXRpb24lM0ElMjByZWxhdGl2ZSUzQiU3RCUwQSUyMCUyMC50b3BuYXYucmVzcG9uc2l2ZSUyMC5pY29uJTIwJTdCJTBBJTIwJTIwJTIwJTIwcG9zaXRpb24lM0ElMjBhYnNvbHV0ZSUzQiUwQSUyMCUyMCUyMCUyMHJpZ2h0JTNBJTIwMCUzQiUwQSUyMCUyMCUyMCUyMHRvcCUzQSUyMDAlM0IlMEElMjAlMjAlN0QlMEElMjAlMjAudG9wbmF2LnJlc3BvbnNpdmUlMjBhJTIwJTdCJTBBJTIwJTIwJTIwJTIwZmxvYXQlM0ElMjBub25lJTNCJTBBJTIwJTIwJTIwJTIwZGlzcGxheSUzQSUyMGJsb2NrJTNCJTBBJTIwJTIwJTIwJTIwdGV4dC1hbGlnbiUzQSUyMGxlZnQlM0IlMEElMjAlMjAlN0QlMEElMEElN0QlMEElM0MlMkZzdHlsZSUzRSUwQSUwQSUwQSUwQSUzQ2RpdiUyMGNsYXNzJTNEJTIydG9wbmF2JTIyJTIwaWQlM0QlMjJteVRvcG5hdiUyMiUzRSUwQSUyMCUyMCUzQ2ElMjBocmVmJTNEJTIyaHR0cCUzQSUyRiUyRnd3dy5pY3BlLnJvJTJGcm8lMkZkaXNlcCUyRiUyMiUzRUFjYXMlQzQlODMlM0MlMkZhJTNFJTBBJTIwJTIwJTNDYSUyMGhyZWYlM0QlMjJodHRwJTNBJTJGJTJGd3d3LmljcGUucm8lMkZybyUyRmRpc2VwJTJGZGVzcHJlLXByb2llY3QlMjIlM0VEZXNwcmUlMjBwcm9pZWN0JTNDJTJGYSUzRSUwQSUyMCUyMCUzQ2ElMjBocmVmJTNEJTIyaHR0cCUzQSUyRiUyRnd3dy5pY3BlLnJvJTJGcm8lMkZkaXNlcCUyRmNvbnNvcnRpdSUyMiUzRUNvbnNvciVDOCU5Qml1JTNDJTJGYSUzRSUwQSUyMCUyMCUzQ2ElMjBocmVmJTNEJTIyaHR0cCUzQSUyRiUyRnd3dy5pY3BlLnJvJTJGcm8lMkZkaXNlcCUyRmV0YXBlJTIyJTNFRXRhcGUlM0MlMkZhJTNFJTBBJTIwJTIwJTNDYSUyMGhyZWYlM0QlMjJodHRwJTNBJTJGJTJGd3d3LmljcGUucm8lMkZybyUyRmRpc2VwJTJGbm91dGF0aSUyMiUzRU5vdXQlQzQlODMlQzglOUJpJTNDJTJGYSUzRSUwQSUyMCUyMCUzQ2ElMjBocmVmJTNEJTIyaHR0cCUzQSUyRiUyRnd3dy5pY3BlLnJvJTJGcm8lMkZkaXNlcCUyRnJlenVsdGF0ZSUyMiUzRVJlenVsdGF0ZSUzQyUyRmElM0UlMEElMjAlMjAlM0NhJTIwaHJlZiUzRCUyMmh0dHAlM0ElMkYlMkZ3d3cuaWNwZS5ybyUyRnJvJTJGZGlzZXAlMkZjb250YWN0JTIyJTNFQ29udGFjdCUzQyUyRmElM0UlMEElMjAlMjAlM0NsaSUyMHN0eWxlJTNEJTIyZmxvYXQlM0FyaWdodCUyMiUzRSUzQ2ElMjBjbGFzcyUzRCUyMmFjdGl2ZSUyMiUyMGhyZWYlM0QlMjJodHRwJTNBJTJGJTJGd3d3LmljcGUucm8lMkZkaXNlcCUyRiUyMiUzRUVOJTNDJTJGYSUzRSUzQyUyRmxpJTNFJTBBJTBBJTBBJTBBJTIwJTIwJTNDYSUyMGhyZWYlM0QlMjJqYXZhc2NyaXB0JTNBdm9pZCUyODAlMjklM0IlMjIlMjBzdHlsZSUzRCUyMmZvbnQtc2l6ZSUzQTE1cHglM0IlMjIlMjBjbGFzcyUzRCUyMmljb24lMjIlMjBvbmNsaWNrJTNEJTIybXlGdW5jdGlvbiUyOCUyOSUyMiUzRSUyNiUyMzk3NzYlM0IlM0MlMkZhJTNFJTBBJTNDJTJGZGl2JTNFJTBBJTBBJTNDc2NyaXB0JTNFJTBBZnVuY3Rpb24lMjBteUZ1bmN0aW9uJTI4JTI5JTIwJTdCJTBBJTIwJTIwJTIwJTIwdmFyJTIweCUyMCUzRCUyMGRvY3VtZW50LmdldEVsZW1lbnRCeUlkJTI4JTIybXlUb3BuYXYlMjIlMjklM0IlMEElMjAlMjAlMjAlMjBpZiUyMCUyOHguY2xhc3NOYW1lJTIwJTNEJTNEJTNEJTIwJTIydG9wbmF2JTIyJTI5JTIwJTdCJTBBJTIwJTIwJTIwJTIwJTIwJTIwJTIwJTIweC5jbGFzc05hbWUlMjAlMkIlM0QlMjAlMjIlMjByZXNwb25zaXZlJTIyJTNCJTBBJTIwJTIwJTIwJTIwJTdEJTIwZWxzZSUyMCU3QiUwQSUyMCUyMCUyMCUyMCUyMCUyMCUyMCUyMHguY2xhc3NOYW1lJTIwJTNEJTIwJTIydG9wbmF2JTIyJTNCJTBBJTIwJTIwJTIwJTIwJTdEJTBBJTdEJTBBJTNDJTJGc2NyaXB0JTNF[\/vc_raw_html][\/vc_column][\/vc_row][vc_row bg_color=&#8221;#efefef&#8221; top_padding=&#8221;20&#8243; bottom_padding=&#8221;20&#8243;][vc_column width=&#8221;1\/1&#8243;][\/vc_column][\/vc_row][vc_row top_padding=&#8221;40&#8243; bottom_padding=&#8221;40&#8243;][vc_column width=&#8221;1\/1&#8243;][vc_column_text] In cadrul etapei a 3-a \u015fi ultima a proiectului Disep, a fost finalizat\u0103 dezvoltarea unui produs destinat at\u00e2t stoc\u0103rii energiei, c\u00e2t \u0219i protec\u021biei micro re\u021belelor electrice locale. Produsul se adreseaz\u0103 b\u0103ncilor,unit\u0103\u021bilor medicale,centrelor de date, laboratoare, unit\u0103\u021bi de interes strategic care necesit\u0103 m\u0103suri de securitate speciale (fa\u021b\u0103 de fluctua\u021bii accidentale ale tensiunii re\u021belei de alimentare dar \u0219i fa\u021b\u0103 de perturba\u021bii parazite inclusiv cu aspect de sabotaj\/spionaj). Potentialul de piata al produsului, \u020bn segmentul de pia\u0163\u0103 vizat este deosebit, mai ales \u020bntr-un context geopolitic fragmentat, UE urm\u0103rind consolidarea securit\u0103\u021bii aprovizion\u0103rii cu energie a statelor membre, pe baza angajamentului politic \u0219i economic \u0219i a cooper\u0103rii reciproce. Inven\u0163ia rezolv\u0103 o problem\u0103 tehnic\u0103 care const\u0103 \u00een realizarea unui dispozitiv iner\u0163ial care pe l\u00e2ng\u0103 func\u0163ia de stocare a energiei asigur\u0103 \u00een permanen\u0163\u0103 protec\u0163ie la v\u00e2rfurile de tensiune dar \u015fi fa\u0163\u0103 de elementele parazite prin separarea galvanic\u0103 a circuitului de alimentare a acestei microre\u021bele de re\u021beaua electric\u0103 industrial\u0103. Obiectivul proiectului DISEP a fost \u020bndeplinit \u020bn totalitate, \u020bn cadrul acestui proiect fiind realizat, testat \u015fi validat prototipul unui sistem iner\u021bial cu volant\u0103, care utilizeaz\u0103 o volant\u0103 av\u0203nd momentul de iner\u0163ie J = 2,3 kg*m2 \u015fi o mas\u0103 m [&hellip;]<\/p>\n","protected":false},"author":1,"featured_media":0,"parent":21125,"menu_order":97,"comment_status":"closed","ping_status":"closed","template":"","meta":[],"folder":[94],"_links":{"self":[{"href":"http:\/\/www.icpe.ro\/ro\/wp-json\/wp\/v2\/pages\/21128"}],"collection":[{"href":"http:\/\/www.icpe.ro\/ro\/wp-json\/wp\/v2\/pages"}],"about":[{"href":"http:\/\/www.icpe.ro\/ro\/wp-json\/wp\/v2\/types\/page"}],"author":[{"embeddable":true,"href":"http:\/\/www.icpe.ro\/ro\/wp-json\/wp\/v2\/users\/1"}],"replies":[{"embeddable":true,"href":"http:\/\/www.icpe.ro\/ro\/wp-json\/wp\/v2\/comments?post=21128"}],"version-history":[{"count":0,"href":"http:\/\/www.icpe.ro\/ro\/wp-json\/wp\/v2\/pages\/21128\/revisions"}],"up":[{"embeddable":true,"href":"http:\/\/www.icpe.ro\/ro\/wp-json\/wp\/v2\/pages\/21125"}],"wp:attachment":[{"href":"http:\/\/www.icpe.ro\/ro\/wp-json\/wp\/v2\/media?parent=21128"}],"wp:term":[{"taxonomy":"folder","embeddable":true,"href":"http:\/\/www.icpe.ro\/ro\/wp-json\/wp\/v2\/folder?post=21128"}],"curies":[{"name":"wp","href":"https:\/\/api.w.org\/{rel}","templated":true}]}}