{"id":20627,"date":"2021-02-24T13:25:14","date_gmt":"2021-02-24T10:25:14","guid":{"rendered":"http:\/\/www.icpe.ro\/ro\/?page_id=20627"},"modified":"2021-02-25T08:46:22","modified_gmt":"2021-02-25T05:46:22","slug":"fabricatia-aditiva","status":"publish","type":"page","link":"http:\/\/www.icpe.ro\/ro\/fabricatia-aditiva\/","title":{"rendered":"Fabrica\u0163ia aditiv\u0103"},"content":{"rendered":"<p>[vc_row type=&#8221;full_width_section&#8221; bg_image=&#8221;20628&#8243; text_align=&#8221;center&#8221; top_padding=&#8221;400&#8243; bottom_padding=&#8221;100&#8243;][vc_column width=&#8221;1\/1&#8243;]<h1 class=\"headline font-inherit fontsize-l fontweight-800 lh-inherit align-center transform-inherit \" style=\"margin: 0 0 20px 0;\"><\/h1><div class=\"spacer\" style=\"height: 100px;\"><\/div>[\/vc_column][\/vc_row][vc_row][vc_column width=&#8221;1\/1&#8243;]<div class=\"spacer\" style=\"height: 50px;\"><\/div>[vc_column_text]Fabricarea aditiv\u0103 (AM), cunoscut\u0103 \u0219i sub numele de imprimare 3D, este un proces de produc\u021bie industrial\u0103 prin intermediul c\u0103ruia se creeaz\u0103 obiecte tridimensionale prin depunerea de material, de obicei \u00een straturi. Fabricarea aditiv\u0103 permite produc\u021bia direct\u0103 de piese complexe bazate pe modele digitale (CAD model), piese care pot fi prea dificile sau prea scumpe de construit folosind procesele conven\u021bionale de turnare, frezare sau strunjire.<\/p>\n<p>Consolidarea mecanic\u0103 a materialului, punct cu punct \u0219i strat cu strat, ofer\u0103 noi solu\u021bii promi\u021b\u0103toare. \u00cen acela\u0219i timp, tehnologia de fabricare aditiv\u0103 evolueaz\u0103 pentru a fi una dintre cele mai mari realiz\u0103ri din ultimii ani.<\/p>\n<p>Prin intermediul fabric\u0103rii aditive, piesele pot fi create acum cu geometrii \u0219i forme complexe, care \u00een multe cazuri sunt imposibil de creat \u00een alt mod.[\/vc_column_text]<div class=\"spacer\" style=\"height: 10px;\"><\/div>[\/vc_column][\/vc_row][vc_row][vc_column][vc_column_text]<\/p>\n<p>[\/vc_column_text][\/vc_column][\/vc_row][vc_row][vc_column text_align=&#8221;center&#8221; width=&#8221;1\/1&#8243;][vc_column_text]<\/p>\n<h3 style=\"text-align: center;\"><span style=\"font-family: arial black, sans-serif;\"><strong><span style=\"color: #000000;\">PROIECT<\/span><\/strong><\/span><\/h3>\n<p>[\/vc_column_text]<div id=\"ult-carousel-144226428469e4d8775666b\" class=\"ult-carousel-wrapper   ult_horizontal\" data-gutter=\"15\" data-rtl=\"false\" ><div class=\"ult-carousel-154691501769e4d877564ea \" >[vc_column_text]<\/p>\n<div style=\"margin-left: 0px;\">\n<h3 style=\"text-align: center;\"><span style=\"text-align: center; font-family: arial, helvetica, sans-serif;\">AMFLY<\/span><\/h3>\n<\/div>\n<p><center><br \/>\n<a href=\"https:\/\/www.icpe.ro\/ro\/proiecte\/amfly\/\"><img loading=\"lazy\" class=\"size-medium wp-image-19955 aligncenter\" src=\"http:\/\/www.icpe.ro\/ro\/wp-content\/uploads\/2020\/07\/Logo.esa_.jpg\" alt=\"\" width=\"300\" height=\"152\" \/><\/a><\/center>[\/vc_column_text]<\/div><\/div>\t\t\t<script type=\"text\/javascript\">\n\t\t\t\tjQuery(document).ready(function ($) {\n\t\t\t\t\t$('.ult-carousel-154691501769e4d877564ea').slick({dots: true,autoplay: true,autoplaySpeed: 5000,speed: 300,infinite: true,arrows: true,nextArrow: '<button type=\"button\" role=\"button\" aria-label=\"Next\" style=\"color:#333333; font-size:20px;\" class=\"slick-next default\"><i class=\"ultsl-arrow-right4\"><\/i><\/button>',prevArrow: '<button type=\"button\" role=\"button\" aria-label=\"Previous\" style=\"color:#333333; font-size:20px;\" class=\"slick-prev default\"><i class=\"ultsl-arrow-left4\"><\/i><\/button>',slidesToScroll:3,slidesToShow:3,swipe: true,draggable: true,touchMove: true,pauseOnHover: true,responsive: [\n\t\t\t\t\t\t\t{\n\t\t\t\t\t\t\t  breakpoint: 1025,\n\t\t\t\t\t\t\t  settings: {\n\t\t\t\t\t\t\t\tslidesToShow: 3,\n\t\t\t\t\t\t\t\tslidesToScroll: 3,  \n\t\t\t\t\t\t\t  }\n\t\t\t\t\t\t\t},\n\t\t\t\t\t\t\t{\n\t\t\t\t\t\t\t  breakpoint: 769,\n\t\t\t\t\t\t\t  settings: {\n\t\t\t\t\t\t\t\tslidesToShow: 3,\n\t\t\t\t\t\t\t\tslidesToScroll: 3\n\t\t\t\t\t\t\t  }\n\t\t\t\t\t\t\t},\n\t\t\t\t\t\t\t{\n\t\t\t\t\t\t\t  breakpoint: 481,\n\t\t\t\t\t\t\t  settings: {\n\t\t\t\t\t\t\t\tslidesToShow: 2,\n\t\t\t\t\t\t\t\tslidesToScroll: 2\n\t\t\t\t\t\t\t  }\n\t\t\t\t\t\t\t}\n\t\t\t\t\t\t],pauseOnDotsHover: true,customPaging: function(slider, i) {\n                   return '<i type=\"button\" style=\"color:#333333;\" class=\"ultsl-record\" data-role=\"none\"><\/i>';\n                },});\n\t\t\t\t});\n\t\t\t<\/script>\n\t\t\t[\/vc_column][\/vc_row]<\/p>\n","protected":false},"excerpt":{"rendered":"<p>[vc_row type=&#8221;full_width_section&#8221; bg_image=&#8221;20628&#8243; text_align=&#8221;center&#8221; top_padding=&#8221;400&#8243; bottom_padding=&#8221;100&#8243;][vc_column width=&#8221;1\/1&#8243;][\/vc_column][\/vc_row][vc_row][vc_column width=&#8221;1\/1&#8243;][vc_column_text]Fabricarea aditiv\u0103 (AM), cunoscut\u0103 \u0219i sub numele de imprimare 3D, este un proces de produc\u021bie industrial\u0103 prin intermediul c\u0103ruia se creeaz\u0103 obiecte tridimensionale prin depunerea de material, de obicei \u00een straturi. Fabricarea aditiv\u0103 permite produc\u021bia direct\u0103 de piese complexe bazate pe modele digitale (CAD model), piese care pot fi prea dificile sau prea scumpe de construit folosind procesele conven\u021bionale de turnare, frezare sau strunjire. Consolidarea mecanic\u0103 a materialului, punct cu punct \u0219i strat cu strat, ofer\u0103 noi solu\u021bii promi\u021b\u0103toare. \u00cen acela\u0219i timp, tehnologia de fabricare aditiv\u0103 evolueaz\u0103 pentru a fi una dintre cele mai mari realiz\u0103ri din ultimii ani. Prin intermediul fabric\u0103rii aditive, piesele pot fi create acum cu geometrii \u0219i forme complexe, care \u00een multe cazuri sunt imposibil de creat \u00een alt mod.[\/vc_column_text][\/vc_column][\/vc_row][vc_row][vc_column][vc_column_text] [\/vc_column_text][\/vc_column][\/vc_row][vc_row][vc_column text_align=&#8221;center&#8221; width=&#8221;1\/1&#8243;][vc_column_text] PROIECT [\/vc_column_text][\/vc_column][\/vc_row]<\/p>\n","protected":false},"author":2,"featured_media":0,"parent":0,"menu_order":0,"comment_status":"closed","ping_status":"closed","template":"","meta":[],"folder":[],"_links":{"self":[{"href":"http:\/\/www.icpe.ro\/ro\/wp-json\/wp\/v2\/pages\/20627"}],"collection":[{"href":"http:\/\/www.icpe.ro\/ro\/wp-json\/wp\/v2\/pages"}],"about":[{"href":"http:\/\/www.icpe.ro\/ro\/wp-json\/wp\/v2\/types\/page"}],"author":[{"embeddable":true,"href":"http:\/\/www.icpe.ro\/ro\/wp-json\/wp\/v2\/users\/2"}],"replies":[{"embeddable":true,"href":"http:\/\/www.icpe.ro\/ro\/wp-json\/wp\/v2\/comments?post=20627"}],"version-history":[{"count":0,"href":"http:\/\/www.icpe.ro\/ro\/wp-json\/wp\/v2\/pages\/20627\/revisions"}],"wp:attachment":[{"href":"http:\/\/www.icpe.ro\/ro\/wp-json\/wp\/v2\/media?parent=20627"}],"wp:term":[{"taxonomy":"folder","embeddable":true,"href":"http:\/\/www.icpe.ro\/ro\/wp-json\/wp\/v2\/folder?post=20627"}],"curies":[{"name":"wp","href":"https:\/\/api.w.org\/{rel}","templated":true}]}}