{"id":20625,"date":"2021-02-24T13:10:29","date_gmt":"2021-02-24T10:10:29","guid":{"rendered":"http:\/\/www.icpe.ro\/ro\/?page_id=20625"},"modified":"2021-02-25T08:45:37","modified_gmt":"2021-02-25T05:45:37","slug":"industrializare-4-0","status":"publish","type":"page","link":"http:\/\/www.icpe.ro\/ro\/industrializare-4-0\/","title":{"rendered":"Industrializare 4.0"},"content":{"rendered":"<p>[vc_row type=&#8221;full_width_section&#8221; bg_image=&#8221;20626&#8243; text_align=&#8221;center&#8221; top_padding=&#8221;400&#8243; bottom_padding=&#8221;100&#8243;][vc_column width=&#8221;1\/1&#8243;]<h1 class=\"headline font-inherit fontsize-l fontweight-800 lh-inherit align-center transform-inherit \" style=\"margin: 0 0 20px 0;\"><\/h1><div class=\"spacer\" style=\"height: 100px;\"><\/div>[\/vc_column][\/vc_row][vc_row][vc_column width=&#8221;1\/1&#8243;]<div class=\"spacer\" style=\"height: 50px;\"><\/div>[vc_column_text]Conceptul <strong>\u201cIndustrializare 4.0<\/strong>\u201d se refer\u0103 la o faz\u0103 a \u201c<strong><em>revolu\u021biei industriale<\/em><\/strong>\u201d, care se concentreaz\u0103 cu prec\u0103dere pe termeni precum: interconectivitate, automatizare, \u00eenv\u0103\u021bare automat\u0103 \u0219i date \u00een timp real. Termenul deriv\u0103 din german\u0103, \u201c<em>Industrie 4.0<\/em>\u201d, fiind pentru prima dat\u0103 utilizat \u00een cadrul unuia dintre <strong>cele mai mari t\u00e2rguri de tehnologie<\/strong> din lume, t\u00e2rg organizat la Hanovra, edi\u0163ia din anul 2011.<\/p>\n<p>Industrilizarea 4.0, care cuprinde no\u0163iunile de <strong>IIoT<\/strong> (the Industrial Internet of Things) \u0219i de fabrica\u0163ie inteligent\u0103, combin\u0103 procese de produc\u021bie \u0219i opera\u021bii cu tehnologia digital\u0103, \u00eenv\u0103\u021barea automat\u0103 \u0219i fluxuri mari de date (big data), pentru a crea un <strong>ecosistem<\/strong> mai bine (inter)conectat, intr-o abordare holistic\u0103, pentru companiile care se concentreaz\u0103 <strong>pe produc\u021bie<\/strong> \u0219i gestionarea lan\u021bului de aprovizionare.<\/p>\n<p>De\u0219i fiecare companie \u0219i organiza\u021bie care opereaz\u0103 ast\u0103zi este diferit\u0103, toate se confrunt\u0103 cu o provocare comun\u0103 &#8211; <strong>nevoia de conectivitate \u0219i acces la informa\u021bii<\/strong> \u00een timp real \u00eentre procese, parteneri, produse \u0219i oameni.<\/p>\n<p style=\"text-align: right;\"><em>Surse text:<br \/>\n<\/em><a href=\"https:\/\/gesrepair.com\/industry-4-and-5\/\"><em>https:\/\/gesrepair.com\/industry-4-and-5\/<\/em><\/a><br \/>\n<a href=\"https:\/\/www.epicor.com\/en-us\/resource-center\/articles\/what-is-industry-4-0\/\"><em>https:\/\/www.epicor.com\/en-us\/resource-center\/articles\/what-is-industry-4-0\/<\/em><\/a><br \/>\n<a href=\"https:\/\/ro.wikipedia.org\/wiki\/Industrializare_4.0\"><em>https:\/\/ro.wikipedia.org\/wiki\/Industrializare_4.0<\/em><\/a><br \/>\n<a href=\"https:\/\/ec.europa.eu\/growth\/tools-databases\/dem\/monitor\/sites\/default\/files\/DTM_Industrie%204.0.pdf\"><em>https:\/\/ec.europa.eu\/growth\/tools-databases\/dem\/monitor\/sites\/default\/files\/DTM_Industrie%204.0.pdf<\/em><\/a><br \/>\n<a href=\"https:\/\/ec.europa.eu\/growth\/tools-databases\/dem\/monitor\/content\/germany-industrie-40\"><em>https:\/\/ec.europa.eu\/growth\/tools-databases\/dem\/monitor\/content\/germany-industrie-40<\/em><\/a><\/p>\n<p>[\/vc_column_text]<div class=\"spacer\" style=\"height: 10px;\"><\/div>[\/vc_column][\/vc_row][vc_row][vc_column][vc_column_text]<\/p>\n<p>[\/vc_column_text][\/vc_column][\/vc_row][vc_row][vc_column text_align=&#8221;center&#8221; width=&#8221;1\/1&#8243;][vc_column_text]<\/p>\n<h3 style=\"text-align: center;\"><span style=\"font-family: arial black, sans-serif;\"><strong><span style=\"color: #000000;\">PROIECT<\/span><\/strong><\/span><\/h3>\n<p>[\/vc_column_text]<div id=\"ult-carousel-165880791869e006383bf02\" class=\"ult-carousel-wrapper   ult_horizontal\" data-gutter=\"15\" data-rtl=\"false\" ><div class=\"ult-carousel-209738768369e006383bdd7 \" >[vc_column_text]<\/p>\n<div style=\"margin-left: 0px;\">\n<h3 style=\"text-align: center;\"><span style=\"text-align: center; font-family: arial, helvetica, sans-serif;\">CM4SMART<\/span><\/h3>\n<\/div>\n<p><center><br \/>\n<a href=\"https:\/\/www.icpe.ro\/ro\/proiecte\/cm4smart\/\"><img loading=\"lazy\" class=\"size-medium wp-image-19955 aligncenter\" src=\"http:\/\/www.icpe.ro\/ro\/wp-content\/uploads\/2019\/11\/Logo_CM4Smart_300_152.png\" alt=\"\" width=\"300\" height=\"152\" \/><\/a><\/center>[\/vc_column_text]<\/div><\/div>\t\t\t<script type=\"text\/javascript\">\n\t\t\t\tjQuery(document).ready(function ($) {\n\t\t\t\t\t$('.ult-carousel-209738768369e006383bdd7').slick({dots: true,autoplay: true,autoplaySpeed: 5000,speed: 300,infinite: true,arrows: true,nextArrow: '<button type=\"button\" role=\"button\" aria-label=\"Next\" style=\"color:#333333; font-size:20px;\" class=\"slick-next default\"><i class=\"ultsl-arrow-right4\"><\/i><\/button>',prevArrow: '<button type=\"button\" role=\"button\" aria-label=\"Previous\" style=\"color:#333333; font-size:20px;\" class=\"slick-prev default\"><i class=\"ultsl-arrow-left4\"><\/i><\/button>',slidesToScroll:3,slidesToShow:3,swipe: true,draggable: true,touchMove: true,pauseOnHover: true,responsive: [\n\t\t\t\t\t\t\t{\n\t\t\t\t\t\t\t  breakpoint: 1025,\n\t\t\t\t\t\t\t  settings: {\n\t\t\t\t\t\t\t\tslidesToShow: 3,\n\t\t\t\t\t\t\t\tslidesToScroll: 3,  \n\t\t\t\t\t\t\t  }\n\t\t\t\t\t\t\t},\n\t\t\t\t\t\t\t{\n\t\t\t\t\t\t\t  breakpoint: 769,\n\t\t\t\t\t\t\t  settings: {\n\t\t\t\t\t\t\t\tslidesToShow: 3,\n\t\t\t\t\t\t\t\tslidesToScroll: 3\n\t\t\t\t\t\t\t  }\n\t\t\t\t\t\t\t},\n\t\t\t\t\t\t\t{\n\t\t\t\t\t\t\t  breakpoint: 481,\n\t\t\t\t\t\t\t  settings: {\n\t\t\t\t\t\t\t\tslidesToShow: 2,\n\t\t\t\t\t\t\t\tslidesToScroll: 2\n\t\t\t\t\t\t\t  }\n\t\t\t\t\t\t\t}\n\t\t\t\t\t\t],pauseOnDotsHover: true,customPaging: function(slider, i) {\n                   return '<i type=\"button\" style=\"color:#333333;\" class=\"ultsl-record\" data-role=\"none\"><\/i>';\n                },});\n\t\t\t\t});\n\t\t\t<\/script>\n\t\t\t[\/vc_column][\/vc_row]<\/p>\n","protected":false},"excerpt":{"rendered":"<p>[vc_row type=&#8221;full_width_section&#8221; bg_image=&#8221;20626&#8243; text_align=&#8221;center&#8221; top_padding=&#8221;400&#8243; bottom_padding=&#8221;100&#8243;][vc_column width=&#8221;1\/1&#8243;][\/vc_column][\/vc_row][vc_row][vc_column width=&#8221;1\/1&#8243;][vc_column_text]Conceptul \u201cIndustrializare 4.0\u201d se refer\u0103 la o faz\u0103 a \u201crevolu\u021biei industriale\u201d, care se concentreaz\u0103 cu prec\u0103dere pe termeni precum: interconectivitate, automatizare, \u00eenv\u0103\u021bare automat\u0103 \u0219i date \u00een timp real. Termenul deriv\u0103 din german\u0103, \u201cIndustrie 4.0\u201d, fiind pentru prima dat\u0103 utilizat \u00een cadrul unuia dintre cele mai mari t\u00e2rguri de tehnologie din lume, t\u00e2rg organizat la Hanovra, edi\u0163ia din anul 2011. Industrilizarea 4.0, care cuprinde no\u0163iunile de IIoT (the Industrial Internet of Things) \u0219i de fabrica\u0163ie inteligent\u0103, combin\u0103 procese de produc\u021bie \u0219i opera\u021bii cu tehnologia digital\u0103, \u00eenv\u0103\u021barea automat\u0103 \u0219i fluxuri mari de date (big data), pentru a crea un ecosistem mai bine (inter)conectat, intr-o abordare holistic\u0103, pentru companiile care se concentreaz\u0103 pe produc\u021bie \u0219i gestionarea lan\u021bului de aprovizionare. De\u0219i fiecare companie \u0219i organiza\u021bie care opereaz\u0103 ast\u0103zi este diferit\u0103, toate se confrunt\u0103 cu o provocare comun\u0103 &#8211; nevoia de conectivitate \u0219i acces la informa\u021bii \u00een timp real \u00eentre procese, parteneri, produse \u0219i oameni. Surse text: https:\/\/gesrepair.com\/industry-4-and-5\/ https:\/\/www.epicor.com\/en-us\/resource-center\/articles\/what-is-industry-4-0\/ https:\/\/ro.wikipedia.org\/wiki\/Industrializare_4.0 https:\/\/ec.europa.eu\/growth\/tools-databases\/dem\/monitor\/sites\/default\/files\/DTM_Industrie%204.0.pdf https:\/\/ec.europa.eu\/growth\/tools-databases\/dem\/monitor\/content\/germany-industrie-40 [\/vc_column_text][\/vc_column][\/vc_row][vc_row][vc_column][vc_column_text] [\/vc_column_text][\/vc_column][\/vc_row][vc_row][vc_column text_align=&#8221;center&#8221; width=&#8221;1\/1&#8243;][vc_column_text] PROIECT [\/vc_column_text][\/vc_column][\/vc_row]<\/p>\n","protected":false},"author":2,"featured_media":0,"parent":0,"menu_order":0,"comment_status":"closed","ping_status":"closed","template":"","meta":[],"folder":[],"_links":{"self":[{"href":"http:\/\/www.icpe.ro\/ro\/wp-json\/wp\/v2\/pages\/20625"}],"collection":[{"href":"http:\/\/www.icpe.ro\/ro\/wp-json\/wp\/v2\/pages"}],"about":[{"href":"http:\/\/www.icpe.ro\/ro\/wp-json\/wp\/v2\/types\/page"}],"author":[{"embeddable":true,"href":"http:\/\/www.icpe.ro\/ro\/wp-json\/wp\/v2\/users\/2"}],"replies":[{"embeddable":true,"href":"http:\/\/www.icpe.ro\/ro\/wp-json\/wp\/v2\/comments?post=20625"}],"version-history":[{"count":0,"href":"http:\/\/www.icpe.ro\/ro\/wp-json\/wp\/v2\/pages\/20625\/revisions"}],"wp:attachment":[{"href":"http:\/\/www.icpe.ro\/ro\/wp-json\/wp\/v2\/media?parent=20625"}],"wp:term":[{"taxonomy":"folder","embeddable":true,"href":"http:\/\/www.icpe.ro\/ro\/wp-json\/wp\/v2\/folder?post=20625"}],"curies":[{"name":"wp","href":"https:\/\/api.w.org\/{rel}","templated":true}]}}