{"id":20622,"date":"2021-02-24T12:29:59","date_gmt":"2021-02-24T09:29:59","guid":{"rendered":"http:\/\/www.icpe.ro\/ro\/?page_id=20622"},"modified":"2021-06-23T11:19:32","modified_gmt":"2021-06-23T08:19:32","slug":"robotica","status":"publish","type":"page","link":"http:\/\/www.icpe.ro\/ro\/robotica\/","title":{"rendered":"Robotica"},"content":{"rendered":"<p>[vc_row type=&#8221;full_width_section&#8221; bg_image=&#8221;20677&#8243; text_align=&#8221;center&#8221; top_padding=&#8221;400&#8243; bottom_padding=&#8221;100&#8243;][vc_column width=&#8221;1\/1&#8243;]<h1 class=\"headline font-inherit fontsize-l fontweight-800 lh-inherit align-center transform-inherit \" style=\"margin: 0 0 20px 0;\"><\/h1><div class=\"spacer\" style=\"height: 100px;\"><\/div>[\/vc_column][\/vc_row][vc_row][vc_column width=&#8221;1\/1&#8243;]<div class=\"spacer\" style=\"height: 50px;\"><\/div>[vc_column_text]<strong>Companiile moderne au implementat robotica de zeci de ani<\/strong><strong>. <\/strong><strong>Robotica<\/strong>\u00a0este o etap\u0103 fireasc\u0103 \u00een\u00a0<strong>evolu\u021bia automatiz\u0103rii<\/strong> \u00een special \u00een procesele de manufactura pentru automatizarea diferitelor operatii. Robotica este folosit\u0103 \u00een special, \u00een cazul \u00een care este nevoie de automatizarea unui proces complex av\u00e2nd \u00een acela\u0219i timp un\u00a0<strong>grad ridicat de flexibilitate<\/strong>\u00a0\u00een ceea ce priveste capabilit\u0103\u021bile de\u00a0<strong>produc\u021bie.<\/strong><\/p>\n<p>Se poate observa c\u0103, \u00een ziua de ast\u0103zi, \u00een robotic\u0103, se introduce o nou\u0103 ramur\u0103 de robo\u021bi \u0219i anume: robo\u021bii colaborativi\u00a0<strong>(CoBots).<\/strong>\u00a0Acest tip de robo\u021bi au fost dezvolta\u021bi pentru a\u00a0<strong>\u00eemp\u0103r\u021bi spa\u021biul de munc\u0103 cu oamenii<\/strong>, f\u0103c\u00e2nd astfel automatizarea mai u\u0219oar\u0103 pentru companii de toate m\u0103rimile. Robo\u021bii colaborativi au o masa mica, ocup\u0103 spa\u021biu redus \u0219i sunt u\u0219or de reinstalat pentru aplica\u021bii multiple, f\u0103r\u0103 a modifica organizarea produc\u021biei. Mutarea unui\u00a0<strong>CoBot<\/strong>\u00a0c\u0103tre un nou proces este rapid\u0103 \u0219i usoar\u0103, facilit\u00e2nd \u0219i automatizarea produc\u021biei de serie mic\u0103 \u0219i schimb\u0103ri frecvente ale produsului pe linia de produc\u021bie.<\/p>\n<p><strong>Direc\u021bii actuale de dezvoltare<\/strong><strong>:<\/strong><\/p>\n<ol>\n<li>Automatizare cognitiv\u0103<\/li>\n<li>Siguran\u021b\u0103 \u0219i securitate<\/li>\n<li>Logistic\u0103 de depozitare<\/li>\n<li>Munc\u0103 periculoas\u0103 \/ procese periculoase pentru om<\/li>\n<li>Ma\u0219ini autonome<\/li>\n<li>Suplimentarea for\u021bei de munc\u0103 din mediul de retail<\/li>\n<li>S\u0103n\u0103tate<\/li>\n<\/ol>\n<p style=\"text-align: right;\"><em>Sursa:<br \/>\n<\/em><a href=\"https:\/\/bdtechtalks.com\/2020\/01\/22\/robotics-automation-in-2020\/\"><em>https:\/\/bdtechtalks.com\/2020\/01\/22\/robotics-automation-in-2020\/<\/em><\/a><br \/>\n<a href=\"https:\/\/www.universal-robots.com\/products\/collaborative-robots-cobots-benefits\/\"><em>https:\/\/www.universal-robots.com\/products\/collaborative-robots-cobots-benefits\/<\/em><\/a><\/p>\n<p>[\/vc_column_text]<div class=\"spacer\" style=\"height: 10px;\"><\/div>[\/vc_column][\/vc_row][vc_row][vc_column text_align=&#8221;center&#8221; width=&#8221;1\/1&#8243;][vc_column_text]<\/p>\n<h3><span style=\"font-family: arial black, sans-serif;\"><strong><span style=\"color: #000000;\">PROIECTE<\/span><\/strong><\/span><\/h3>\n<p>[\/vc_column_text]<div id=\"ult-carousel-19013285536a015785aeec3\" class=\"ult-carousel-wrapper   ult_horizontal\" data-gutter=\"15\" data-rtl=\"false\" ><div class=\"ult-carousel-5957099876a015785aed29 \" >[vc_column_text]<\/p>\n<div style=\"margin-left: 0px;\">\n<h3 style=\"text-align: center;\"><span style=\"text-align: center; font-family: arial, helvetica, sans-serif;\">R4WIN<\/span><\/h3>\n<\/div>\n<p><center><br \/>\n<a href=\"https:\/\/www.icpe.ro\/ro\/proiecte\/r4win\/\"><img loading=\"lazy\" class=\"size-medium wp-image-19955 aligncenter\" src=\"http:\/\/www.icpe.ro\/ro\/wp-content\/uploads\/2018\/11\/Logo_R4WIN_300x152-300x152.png\" alt=\"\" width=\"300\" height=\"152\" \/><\/a><\/center>[\/vc_column_text][vc_column_text]<\/p>\n<div style=\"margin-left: 0px;\">\n<h3 style=\"text-align: center;\"><span style=\"text-align: center; font-family: arial, helvetica, sans-serif;\">iTORQUE<\/span><\/h3>\n<\/div>\n<p><center><br \/>\n<a href=\"https:\/\/www.icpe.ro\/ro\/proiecte\/itorque\/\"><img loading=\"lazy\" class=\"size-medium wp-image-19955 aligncenter\" src=\"http:\/\/www.icpe.ro\/ro\/wp-content\/uploads\/2020\/07\/iTorque.Logo_260x132-1.jpg\" alt=\"\" width=\"300\" height=\"152\" \/><\/a><\/center>[\/vc_column_text][vc_column_text]<\/p>\n<div style=\"margin-left: 0px;\">\n<h3 style=\"text-align: center;\"><span style=\"text-align: center; font-family: arial, helvetica, sans-serif;\">DEFEND<\/span><\/h3>\n<\/div>\n<p><center><br \/>\n<a href=\"https:\/\/www.icpe.ro\/ro\/proiecte\/defend\/\"><img loading=\"lazy\" class=\"size-medium wp-image-19955 aligncenter\" src=\"http:\/\/www.icpe.ro\/ro\/wp-content\/uploads\/2018\/11\/Logo_DEFEND_300x152.png\" alt=\"\" width=\"300\" height=\"152\" \/><\/a><\/center>[\/vc_column_text][vc_column_text]<\/p>\n<div style=\"margin-left: 0px;\">\n<h3 style=\"text-align: center;\"><span style=\"text-align: center; font-family: arial, helvetica, sans-serif;\">ACROBA<\/span><\/h3>\n<\/div>\n<p><center><br \/>\n<a href=\"https:\/\/www.icpe.ro\/ro\/proiecte\/acroba\/\"><img loading=\"lazy\" class=\"size-full wp-image-20615 aligncenter\" src=\"https:\/\/www.icpe.ro\/ro\/wp-content\/uploads\/2021\/02\/ACROBA_300x152.jpg\" alt=\"\" width=\"300\" height=\"152\" \/><\/a><\/center>[\/vc_column_text]<\/div><\/div>\t\t\t<script type=\"text\/javascript\">\n\t\t\t\tjQuery(document).ready(function ($) {\n\t\t\t\t\t$('.ult-carousel-5957099876a015785aed29').slick({dots: true,autoplay: true,autoplaySpeed: 5000,speed: 300,infinite: true,arrows: true,nextArrow: '<button type=\"button\" role=\"button\" aria-label=\"Next\" style=\"color:#333333; font-size:20px;\" class=\"slick-next default\"><i class=\"ultsl-arrow-right4\"><\/i><\/button>',prevArrow: '<button type=\"button\" role=\"button\" aria-label=\"Previous\" style=\"color:#333333; font-size:20px;\" class=\"slick-prev default\"><i class=\"ultsl-arrow-left4\"><\/i><\/button>',slidesToScroll:3,slidesToShow:3,swipe: true,draggable: true,touchMove: true,pauseOnHover: true,responsive: [\n\t\t\t\t\t\t\t{\n\t\t\t\t\t\t\t  breakpoint: 1025,\n\t\t\t\t\t\t\t  settings: {\n\t\t\t\t\t\t\t\tslidesToShow: 3,\n\t\t\t\t\t\t\t\tslidesToScroll: 3,  \n\t\t\t\t\t\t\t  }\n\t\t\t\t\t\t\t},\n\t\t\t\t\t\t\t{\n\t\t\t\t\t\t\t  breakpoint: 769,\n\t\t\t\t\t\t\t  settings: {\n\t\t\t\t\t\t\t\tslidesToShow: 3,\n\t\t\t\t\t\t\t\tslidesToScroll: 3\n\t\t\t\t\t\t\t  }\n\t\t\t\t\t\t\t},\n\t\t\t\t\t\t\t{\n\t\t\t\t\t\t\t  breakpoint: 481,\n\t\t\t\t\t\t\t  settings: {\n\t\t\t\t\t\t\t\tslidesToShow: 2,\n\t\t\t\t\t\t\t\tslidesToScroll: 2\n\t\t\t\t\t\t\t  }\n\t\t\t\t\t\t\t}\n\t\t\t\t\t\t],pauseOnDotsHover: true,customPaging: function(slider, i) {\n                   return '<i type=\"button\" style=\"color:#333333;\" class=\"ultsl-record\" data-role=\"none\"><\/i>';\n                },});\n\t\t\t\t});\n\t\t\t<\/script>\n\t\t\t[\/vc_column][\/vc_row]<\/p>\n","protected":false},"excerpt":{"rendered":"<p>[vc_row type=&#8221;full_width_section&#8221; bg_image=&#8221;20677&#8243; text_align=&#8221;center&#8221; top_padding=&#8221;400&#8243; bottom_padding=&#8221;100&#8243;][vc_column width=&#8221;1\/1&#8243;][\/vc_column][\/vc_row][vc_row][vc_column width=&#8221;1\/1&#8243;][vc_column_text]Companiile moderne au implementat robotica de zeci de ani. Robotica\u00a0este o etap\u0103 fireasc\u0103 \u00een\u00a0evolu\u021bia automatiz\u0103rii \u00een special \u00een procesele de manufactura pentru automatizarea diferitelor operatii. Robotica este folosit\u0103 \u00een special, \u00een cazul \u00een care este nevoie de automatizarea unui proces complex av\u00e2nd \u00een acela\u0219i timp un\u00a0grad ridicat de flexibilitate\u00a0\u00een ceea ce priveste capabilit\u0103\u021bile de\u00a0produc\u021bie. Se poate observa c\u0103, \u00een ziua de ast\u0103zi, \u00een robotic\u0103, se introduce o nou\u0103 ramur\u0103 de robo\u021bi \u0219i anume: robo\u021bii colaborativi\u00a0(CoBots).\u00a0Acest tip de robo\u021bi au fost dezvolta\u021bi pentru a\u00a0\u00eemp\u0103r\u021bi spa\u021biul de munc\u0103 cu oamenii, f\u0103c\u00e2nd astfel automatizarea mai u\u0219oar\u0103 pentru companii de toate m\u0103rimile. Robo\u021bii colaborativi au o masa mica, ocup\u0103 spa\u021biu redus \u0219i sunt u\u0219or de reinstalat pentru aplica\u021bii multiple, f\u0103r\u0103 a modifica organizarea produc\u021biei. Mutarea unui\u00a0CoBot\u00a0c\u0103tre un nou proces este rapid\u0103 \u0219i usoar\u0103, facilit\u00e2nd \u0219i automatizarea produc\u021biei de serie mic\u0103 \u0219i schimb\u0103ri frecvente ale produsului pe linia de produc\u021bie. Direc\u021bii actuale de dezvoltare: Automatizare cognitiv\u0103 Siguran\u021b\u0103 \u0219i securitate Logistic\u0103 de depozitare Munc\u0103 periculoas\u0103 \/ procese periculoase pentru om Ma\u0219ini autonome Suplimentarea for\u021bei de munc\u0103 din mediul de retail S\u0103n\u0103tate Sursa: https:\/\/bdtechtalks.com\/2020\/01\/22\/robotics-automation-in-2020\/ https:\/\/www.universal-robots.com\/products\/collaborative-robots-cobots-benefits\/ [\/vc_column_text][\/vc_column][\/vc_row][vc_row][vc_column text_align=&#8221;center&#8221; width=&#8221;1\/1&#8243;][vc_column_text] PROIECTE [\/vc_column_text][\/vc_column][\/vc_row]<\/p>\n","protected":false},"author":2,"featured_media":0,"parent":0,"menu_order":0,"comment_status":"closed","ping_status":"closed","template":"","meta":[],"folder":[],"_links":{"self":[{"href":"http:\/\/www.icpe.ro\/ro\/wp-json\/wp\/v2\/pages\/20622"}],"collection":[{"href":"http:\/\/www.icpe.ro\/ro\/wp-json\/wp\/v2\/pages"}],"about":[{"href":"http:\/\/www.icpe.ro\/ro\/wp-json\/wp\/v2\/types\/page"}],"author":[{"embeddable":true,"href":"http:\/\/www.icpe.ro\/ro\/wp-json\/wp\/v2\/users\/2"}],"replies":[{"embeddable":true,"href":"http:\/\/www.icpe.ro\/ro\/wp-json\/wp\/v2\/comments?post=20622"}],"version-history":[{"count":0,"href":"http:\/\/www.icpe.ro\/ro\/wp-json\/wp\/v2\/pages\/20622\/revisions"}],"wp:attachment":[{"href":"http:\/\/www.icpe.ro\/ro\/wp-json\/wp\/v2\/media?parent=20622"}],"wp:term":[{"taxonomy":"folder","embeddable":true,"href":"http:\/\/www.icpe.ro\/ro\/wp-json\/wp\/v2\/folder?post=20622"}],"curies":[{"name":"wp","href":"https:\/\/api.w.org\/{rel}","templated":true}]}}