{"id":20594,"date":"2021-02-22T10:18:17","date_gmt":"2021-02-22T07:18:17","guid":{"rendered":"http:\/\/www.icpe.ro\/ro\/?page_id=20594"},"modified":"2021-02-24T14:59:35","modified_gmt":"2021-02-24T11:59:35","slug":"energie-2","status":"publish","type":"page","link":"http:\/\/www.icpe.ro\/ro\/energie-2\/","title":{"rendered":"Energie 2"},"content":{"rendered":"<p>[vc_row bg_image=&#8221;20118&#8243; parallax_bg=&#8221;true&#8221; top_padding=&#8221;360&#8243; bottom_padding=&#8221;270&#8243; bg_position=&#8221;center center&#8221;][vc_column width=&#8221;1\/1&#8243;][\/vc_column][\/vc_row][vc_row top_padding=&#8221;50&#8243; bottom_padding=&#8221;10&#8243;][vc_column width=&#8221;1\/1&#8243;][vc_column_text]Rom\u00e2nia, al\u0103turi de celelalte state europene a elaborat \u0219i \u0219i-a asumat \u021binte de dezabonare a economiei \u0219i de dezvoltare a surselor regenerabile de energie pentru consumul intern. Rom\u00e2nia \u015fi-a propus atingerea unei \u0163inte de cel pu\u0163in 30,7% pentru energia din surse regenerabile, din totalul consumului de energie, o cre\u0219tere a eficientei energetice cu 32,5% in 2030 si un nivel de\u00a015%\u00a0de interconectare a pie\u0163ei de energie electric\u0103.<\/p>\n<p>Rom\u00e2nia va dezvolta capacit\u0103\u0163i adi\u0163ionale de SRE de aproximativ\u00a06,9 GW comparativ cu anul 2015. Pornind de la aceste premise, Rom\u00e2nia a decis s\u0103 elaboreze \u015fi s\u0103 implementeze\u00a0m\u0103suri \u015fi politici alternative care s\u0103 \u00eencurajeze economiile de energie. Strategia de Renovare pe Termen Lung adoptata in noiembrie 2020 prevede o eficien\u0163\u0103 energetic\u0103 \u015fi economii de CO2 semnificative,\u00a0precum \u015fi noi facilit\u0103\u0163i pentru sistemele fotovoltaice adaptatate pentru cl\u0103dirile existente.<\/p>\n<p>O alt\u0103 prevedere interesant\u0103 din noul PNIESC arat\u0103 c\u0103, \u00een urma unei analize detaliate, Rom\u00e2nia a decis s\u0103 elaboreze \u015fi s\u0103 implementeze\u00a0m\u0103suri \u015fi politici alternative care s\u0103 \u00eencurajeze economiile de energie,\u00a0se mai arat\u0103 \u00een documentul men\u0163ionat. \u00cen plus, un Proiect privind Strategia de Renovare pe Termen Lung a fost prezentat spre consultare public\u0103, ce urmeaz\u0103 a fi adoptat p\u00e2n\u0103 \u00een martie 2020 (scenariul actual de renovare prevede o eficien\u0163\u0103 energetic\u0103 \u015fi economii de CO2 semnificative,\u00a0precum \u015fi noi facilit\u0103\u0163i pentru instala\u0163ii de producerea de SRE-E,\u00a0majoritatea sub form\u0103 de panouri fotovoltaice pentru cl\u0103dirile existente.<\/p>\n<p style=\"text-align: center;\"><strong>Programe finan\u021bate prin AFM<\/strong><\/p>\n<p style=\"text-align: center;\"><strong>\u00a0<\/strong><strong><em>Casa verde\u00a0&#8211; Sisteme fotovoltaice<\/em><\/strong><\/p>\n<p>Lansat in 2019, finantat prin Fondul pentru Mediu si Programul Opera\u021bional Regional 2014-2020 programul isi propune sa sustina cheltuielile de investitii in proportie de 90% pentru \u00a0instalarea sistemelor de panouri fotovoltaice pentru producerea de energie electric\u0103, \u00een vederea acoperirii necesarului de consum \u015fi livr\u0103rii surplusului \u00een re\u0163eaua na\u0163ional\u0103. Sumele alocate in acest program 535 milioane lei acopera nivelul de investitii\u00a0 pentru 26000 de sisteme fotovoltaice\u00a0 cu o putere totala de aproape 80 MW. Programul este in derularea si stadiul este unul avansat, specific activitatilor de punere in functiune si de rambursarea sumelor de catre autoritatea contractanta<\/p>\n<p style=\"text-align: center;\"><strong><em>Sisteme fotovoltaice pentru gospodarii izolate<\/em><\/strong><\/p>\n<p>Scopul programului \u00eel reprezint\u0103 cre\u015fterea eficien\u0163ei energetice, \u00eembun\u0103t\u0103\u0163irea calit\u0103\u0163ii aerului \u015fi reducerea emisiilor de gaze cu efect de ser\u0103 prin producerea de energie electric\u0103 din surse regenerabile la locuin\u0163ele situate la cel pu\u0163in de 2 km fa\u0163\u0103 de re\u0163eaua na\u0163ional\u0103 de distribu\u0163ie a energiei electrice \u015fi prin reducerea utiliz\u0103rii combustibililor conven\u0163ionali. Sumele alocate in cadrul acestui program derulat prin intermediul unitatilor administrative teritoriale, pe a caror raza se gasesc gospodariile eligibile, sunt de 230 milioane lei acoprind necesarul de finantare de 100% pentru aproape 1000 de sisteme.<\/p>\n<p style=\"text-align: center;\"><strong><em>Programul privind efectuarea de lucr\u0103ri destinate cre\u015fterii eficien\u0163ei energetice \u00een locuin\u0163e unifamiliale, beneficiari persoane fizice<\/em><\/strong><\/p>\n<p>Obiectul programului \u00eel reprezint\u0103 acordarea finan\u0163\u0103rii nerambursabile din Fondul pentru mediu, \u00een vederea efectu\u0103rii de lucr\u0103ri destinate cre\u015fterii eficien\u0163ei energetice \u00een locuin\u0163ele unifamiliale. Scopul programului \u00eel reprezint\u0103 cre\u015fterea eficien\u0163ei energetice \u015fi reducerea emisiilor de gaze cu efect de ser\u0103 prin diminuarea consumului de energie \u015fi utilizarea surselor regenerabile \u00een locuin\u0163e unifamiliale.<\/p>\n<p>Obiectivele programului sunt: cre\u015fterea performan\u0163ei energetice \u015fi\/sau utilizarea energiei din surse regenerabile \u00een locuin\u0163ele unifamiliale existente, situate \u00eentr-un imobil-construc\u0163ie av\u00e2nd regim de \u00een\u0103l\u0163ime de cel mult 3 niveluri (exemplu: S\/D+P+1E, P+2E sau P+1+M).<\/p>\n<p>\u00cen cadrul programului se acord\u0103 o finan\u0163are nerambursabil\u0103 \u00een cuantum de maximum 70.000 lei, inclusiv TVA pentru fiecare proiect, f\u0103r\u0103 a dep\u0103\u015fi 60% din valoarea total\u0103 a cheltuielilor eligibile ale investi\u0163iei, pentru implementarea m\u0103surilor de cre\u015ftere a performan\u0163ei energetice a cl\u0103dirii.<\/p>\n<div style=\"text-align: center; margin-top: 20px; margin-bottom: 20px;\"><img loading=\"lazy\" class=\"wp-image-20596 size-full aligncenter\" src=\"http:\/\/www.icpe.ro\/ro\/wp-content\/uploads\/2021\/02\/Casa.Eficienta.Energetic.jpg\" alt=\"\" width=\"750\" height=\"423\" srcset=\"http:\/\/www.icpe.ro\/ro\/wp-content\/uploads\/2021\/02\/Casa.Eficienta.Energetic.jpg 750w, http:\/\/www.icpe.ro\/ro\/wp-content\/uploads\/2021\/02\/Casa.Eficienta.Energetic-300x169.jpg 300w\" sizes=\"(max-width: 750px) 100vw, 750px\" \/><\/div>\n<p style=\"text-align: center;\"><strong><em>\u00a0<\/em><\/strong><strong><em>Programului privind cre\u015fterea eficien\u0163ei energetice \u015fi gestionarea inteligent\u0103 a energiei \u00een cl\u0103dirile publice cu destina\u0163ie de unit\u0103\u0163i de \u00eenv\u0103\u0163\u0103m\u00e2nt<\/em><\/strong><\/p>\n<p>Scopul Programului \u00eel reprezint\u0103 cre\u015fterea eficien\u0163ei energetice a cl\u0103dirilor publice cu destina\u0163ie de unit\u0103\u0163i de \u00eenv\u0103\u0163\u0103m\u00e2nt \u015fi \u00eembun\u0103t\u0103\u0163irea calit\u0103\u0163ii mediului prin reducerea emisiilor de gaze cu efect de ser\u0103 prin reducerea consumului anual de energie final\u0103.<\/p>\n<p>Obiectul Programului vizeaz\u0103 modernizarea cl\u0103dirilor publice cu destina\u0163ie de unit\u0103\u0163i de \u00eenv\u0103\u0163\u0103m\u00e2nt, prin finan\u0163area de activit\u0103\u0163i\/ac\u0163iuni specifice realiz\u0103rii de investi\u0163ii pentru cre\u015fterea performan\u0163ei energetice a acestora, respectiv:<\/p>\n<ul>\n<li>\u00eembun\u0103t\u0103\u0163irea izola\u0163iei termice a anvelopei cl\u0103dirii (pere\u0163i exteriori, ferestre \u015fi u\u015fi, plan\u015feu peste ultimul nivel, plan\u015feu peste subsol), a \u015farpantelor \u015fi \u00eenvelitorilor; precum \u015fi a altor elemente de anvelop\u0103 care \u00eenchid spa\u0163iul climatizat al cl\u0103dirii;<\/li>\n<li>introducerea, reabilitarea \u015fi modernizarea, dup\u0103 caz, a instala\u0163iilor pentru prepararea, distribu\u0163ia \u015fi utilizarea agentului termic pentru \u00eenc\u0103lzire \u015fi a apei calde de consum, a sistemelor de ventilare \u015fi climatizare, a sistemelor de ventilare mecanic\u0103 cu recuperarea c\u0103ldurii, inclusiv sisteme de r\u0103cire pasiv\u0103, precum \u015fi achizi\u0163ionarea \u015fi instalarea echipamentelor aferente \u015fi racordarea la sistemele de \u00eenc\u0103lzire centralizat\u0103, dup\u0103 caz;<\/li>\n<li>utilizarea surselor regenerabile de energie;<\/li>\n<li>implementarea sistemelor de management energetic av\u00e2nd ca scop \u00eembun\u0103t\u0103\u0163irea eficien\u0163ei energetice \u015fi monitorizarea consumurilor de energie (de exemplu, achizi\u0163ionarea, instalarea, \u00eentre\u0163inerea \u015fi exploatarea sistemelor inteligente pentru gestionarea \u015fi monitorizarea oric\u0103rui tip de energie pentru asigurarea condi\u0163iilor de confort interior);<\/li>\n<\/ul>\n<p style=\"text-align: center;\"><strong><em>Programul privind sprijinirea eficien\u0163ei energetice \u015fi a gestion\u0103rii inteligente a energiei \u00een infrastructura de iluminat public<\/em><\/strong><\/p>\n<p>Obiectivul Programului \u00eel reprezint\u0103 cre\u015fterea eficien\u0163ei energetice a sistemelor de iluminat public.<\/p>\n<p>Scopul Programului \u00eel reprezint\u0103 \u00eembun\u0103t\u0103\u0163irea calit\u0103\u0163ii mediului prin reducerea emisiilor de gaze cu efect de ser\u0103 prin utilizarea unor corpuri de iluminat cu LED care s\u0103 determine o eficien\u0163\u0103 energetic\u0103 ridicat\u0103.<\/p>\n<p>Obiectul Programului vizeaz\u0103 modernizarea sistemelor de iluminat public prin \u00eenlocuirea corpurilor de iluminat av\u00e2nd un consum ridicat de energie electric\u0103 cu corpuri de iluminat cu LED, precum \u015fi achizi\u0163ionarea \u015fi instalarea sistemelor de dimare\/telegestiune care permit reglarea fluxului luminos la nivelul \u00eentregului obiectiv de investi\u0163ii.<\/p>\n<p>Finan\u0163area se acord\u0103 \u00een procent de maximum 90% din cheltuielile eligibile \u015fi \u00een limita sumelor ce pot fi acordate pentru fiecare categorie de solicitan\u0163i. \u00a0Finan\u0163area se acord\u0103 \u00een func\u0163ie de categoria unit\u0103\u0163ii administrativ-teritoriale, dup\u0103 cum urmeaz\u0103:<\/p>\n<ol start=\"4\">\n<li>a) unitate administrativ-teritorial\u0103 cu o popula\u0163ie de p\u00e2n\u0103 la 4.000 locuitori &#8211; maximum 500.000 lei;<\/li>\n<li>b) unitate administrativ-teritorial\u0103 cu o popula\u0163ie de peste 4.001 locuitori &#8211; maximum 1.000.000 lei.<\/li>\n<\/ol>\n<p>[\/vc_column_text]<div class=\"spacer\" style=\"height: 20px;\"><\/div>[\/vc_column][\/vc_row][vc_row top_padding=&#8221;40&#8243; bottom_padding=&#8221;40&#8243; class=&#8221;vc_hidden-lg vc_hidden-md vc_hidden-sm vc_hidden-xs&#8221; bg_position=&#8221;left top&#8221;][vc_column width=&#8221;1\/4&#8243;]<div class=\"counter clearfix wpb_content_element\"><div class=\"counter-number\" style=\"color: #444444 !important;\">4302<\/div><span class=\"counter-title\">Cups of Coffee<\/span><\/div>[\/vc_column][vc_column width=&#8221;1\/4&#8243;]<div class=\"counter clearfix wpb_content_element\"><div class=\"counter-number\" style=\"color: #444444 !important;\">370<\/div><span class=\"counter-title\">Happy Customers<\/span><\/div>[\/vc_column][vc_column width=&#8221;1\/4&#8243;]<div class=\"counter clearfix wpb_content_element\"><div class=\"counter-number\" style=\"color: #444444 !important;\">857<\/div><span class=\"counter-title\">Solved Tickets<\/span><\/div>[\/vc_column][vc_column width=&#8221;1\/4&#8243;]<div class=\"counter clearfix wpb_content_element\"><div class=\"counter-number\" style=\"color: #444444 !important;\">439<\/div><span class=\"counter-title\">Lines of Code<\/span><\/div>[\/vc_column][\/vc_row][vc_row top_padding=&#8221;120&#8243; class=&#8221;vc_hidden-lg vc_hidden-md vc_hidden-sm vc_hidden-xs&#8221; bg_position=&#8221;left top&#8221;][vc_column width=&#8221;1\/1&#8243;]<h2 class=\"headline font-special fontsize-xl fontweight-700 lh-inherit align-center transform-uppercase \" style=\"margin: 0 0 20px 0;\">Our Fantastic Team<\/h2><div class=\"headline font-inherit fontsize-l fontweight-inherit lh-inherit align-center transform-inherit \" style=\"margin: 0 0 20px 0; color: #999999;\">Interfaces semantic; deliverables users, seamless beta-test implement tag, communities virtual, global, solutions synthesize blogospheres models partnerships innovate evolve channels, repurpose.<\/div>[\/vc_column][\/vc_row][vc_row bg_color=&#8221;#1cbac8&#8243; text_color=&#8221;light&#8221; top_padding=&#8221;120&#8243; bottom_padding=&#8221;120&#8243; class=&#8221;vc_hidden-lg vc_hidden-md vc_hidden-sm vc_hidden-xs&#8221;][vc_column width=&#8221;1\/1&#8243;]<h2 class=\"headline font-special fontsize-xl fontweight-700 lh-inherit align-center transform-uppercase \" style=\"margin: 0 0 20px 0;\">What our clients say<\/h2><div class=\"testimonial-slider-wrap wpb_content_element\"><div class=\"testimonial-slide\">Aenean commodo ligula eget dolor. Aenean massa. Lorem ipsum dolor sit amet, consec tetuer adipis elit, aliquam eget nibh etlibura. Aenean commodo ligula eget dolor Aenean massa. Aenean commodo ligula eget dolor. Aenean massa. Lorem ipsum dolor sit amet, consec tetuer adipis elit, aliquam eget nibh etlibura.<span>&#45; John Doe, Apple Inc<\/span><\/div><div class=\"testimonial-slide\">Aenean commodo ligula eget dolor. Aenean massa. Lorem ipsum dolor sit amet, consec tetuer adipis elit, aliquam eget nibh etlibura.<span>&#45; Frank Abagnale, Google<\/span><\/div><div class=\"testimonial-slide\">Aenean commodo ligula eget dolor. Aenean massa. Lorem ipsum dolor sit amet, consec tetuer adipis elit, aliquam eget nibh etlibura. Aenean commodo ligula eget dolor Aenean massa. Aenean commodo ligula eget dolor. Aenean massa. Lorem ipsum dolor sit amet, consec tetuer adipis elit, aliquam eget nibh etlibura.<span>&#45; Mac Miller<\/span><\/div><\/div>[\/vc_column][\/vc_row][vc_row bg_color=&#8221;#fafafa&#8221; text_align=&#8221;center&#8221; top_padding=&#8221;120&#8243; bottom_padding=&#8221;120&#8243; class=&#8221;vc_hidden-lg vc_hidden-md vc_hidden-sm vc_hidden-xs&#8221; bg_position=&#8221;left top&#8221;][vc_column width=&#8221;1\/1&#8243;]<h2 class=\"headline font-special fontsize-xl fontweight-700 lh-inherit align-center transform-uppercase \" style=\"margin: 0 0 20px 0;\">Impressed? We&#8217;d love to work with you!<\/h2><div class=\"headline font-inherit fontsize-l fontweight-inherit lh-inherit align-center transform-inherit \" style=\"margin: 0 0 40px 0; color: #999999;\">Interfaces semantic; deliverables users, seamless beta-test implement tag, communities virtual, global, solutions synthesize blogospheres models partnerships innovate evolve channels, repurpose.<\/div>[vc_column_text]<a href=\"#\" target=\"_self\" class=\"button color-2 large \" style=\"border-radius: 2px;\">Get In Touch With Us<\/a>[\/vc_column_text][vc_column_text]<\/p>\n<p><center><br \/>\n<a href=\"http:\/\/www.icpe.ro\/ro\/cariere\/\" target=\"_blank\" class=\"button color-2 large \" style=\"border-radius: 2px;\">LUCREAZ\u0102 CU NOI<\/a><\/center>[\/vc_column_text][\/vc_column][\/vc_row]<\/p>\n","protected":false},"excerpt":{"rendered":"<p>[vc_row bg_image=&#8221;20118&#8243; parallax_bg=&#8221;true&#8221; top_padding=&#8221;360&#8243; bottom_padding=&#8221;270&#8243; bg_position=&#8221;center center&#8221;][vc_column width=&#8221;1\/1&#8243;][\/vc_column][\/vc_row][vc_row top_padding=&#8221;50&#8243; bottom_padding=&#8221;10&#8243;][vc_column width=&#8221;1\/1&#8243;][vc_column_text]Rom\u00e2nia, al\u0103turi de celelalte state europene a elaborat \u0219i \u0219i-a asumat \u021binte de dezabonare a economiei \u0219i de dezvoltare a surselor regenerabile de energie pentru consumul intern. Rom\u00e2nia \u015fi-a propus atingerea unei \u0163inte de cel pu\u0163in 30,7% pentru energia din surse regenerabile, din totalul consumului de energie, o cre\u0219tere a eficientei energetice cu 32,5% in 2030 si un nivel de\u00a015%\u00a0de interconectare a pie\u0163ei de energie electric\u0103. Rom\u00e2nia va dezvolta capacit\u0103\u0163i adi\u0163ionale de SRE de aproximativ\u00a06,9 GW comparativ cu anul 2015. Pornind de la aceste premise, Rom\u00e2nia a decis s\u0103 elaboreze \u015fi s\u0103 implementeze\u00a0m\u0103suri \u015fi politici alternative care s\u0103 \u00eencurajeze economiile de energie. Strategia de Renovare pe Termen Lung adoptata in noiembrie 2020 prevede o eficien\u0163\u0103 energetic\u0103 \u015fi economii de CO2 semnificative,\u00a0precum \u015fi noi facilit\u0103\u0163i pentru sistemele fotovoltaice adaptatate pentru cl\u0103dirile existente. O alt\u0103 prevedere interesant\u0103 din noul PNIESC arat\u0103 c\u0103, \u00een urma unei analize detaliate, Rom\u00e2nia a decis s\u0103 elaboreze \u015fi s\u0103 implementeze\u00a0m\u0103suri \u015fi politici alternative care s\u0103 \u00eencurajeze economiile de energie,\u00a0se mai arat\u0103 \u00een documentul men\u0163ionat. \u00cen plus, un Proiect privind Strategia de Renovare pe Termen Lung a fost prezentat spre consultare public\u0103, ce urmeaz\u0103 a fi adoptat p\u00e2n\u0103 [&hellip;]<\/p>\n","protected":false},"author":2,"featured_media":0,"parent":0,"menu_order":0,"comment_status":"open","ping_status":"open","template":"","meta":[],"folder":[],"_links":{"self":[{"href":"http:\/\/www.icpe.ro\/ro\/wp-json\/wp\/v2\/pages\/20594"}],"collection":[{"href":"http:\/\/www.icpe.ro\/ro\/wp-json\/wp\/v2\/pages"}],"about":[{"href":"http:\/\/www.icpe.ro\/ro\/wp-json\/wp\/v2\/types\/page"}],"author":[{"embeddable":true,"href":"http:\/\/www.icpe.ro\/ro\/wp-json\/wp\/v2\/users\/2"}],"replies":[{"embeddable":true,"href":"http:\/\/www.icpe.ro\/ro\/wp-json\/wp\/v2\/comments?post=20594"}],"version-history":[{"count":0,"href":"http:\/\/www.icpe.ro\/ro\/wp-json\/wp\/v2\/pages\/20594\/revisions"}],"wp:attachment":[{"href":"http:\/\/www.icpe.ro\/ro\/wp-json\/wp\/v2\/media?parent=20594"}],"wp:term":[{"taxonomy":"folder","embeddable":true,"href":"http:\/\/www.icpe.ro\/ro\/wp-json\/wp\/v2\/folder?post=20594"}],"curies":[{"name":"wp","href":"https:\/\/api.w.org\/{rel}","templated":true}]}}