{"id":20561,"date":"2021-02-17T13:56:34","date_gmt":"2021-02-17T10:56:34","guid":{"rendered":"http:\/\/www.icpe.ro\/ro\/?page_id=20561"},"modified":"2021-02-22T11:43:00","modified_gmt":"2021-02-22T08:43:00","slug":"programul-spatial","status":"publish","type":"page","link":"http:\/\/www.icpe.ro\/ro\/programul-spatial\/","title":{"rendered":"Programul Spa\u021bial"},"content":{"rendered":"<p>[vc_row type=&#8221;full_width_section&#8221; video_bg=&#8221;use_video&#8221; enable_video_color_overlay=&#8221;true&#8221; video_mp4=&#8221;http:\/\/www.icpe.ro\/wp-content\/uploads\/2021\/02\/IcpeSpaceLogo.mp4&#8243; video_image=&#8221;17415&#8243; text_align=&#8221;center&#8221; top_padding=&#8221;100&#8243; bottom_padding=&#8221;250&#8243;][vc_column width=&#8221;1\/1&#8243;]<h1 class=\"headline font-inherit fontsize-l fontweight-800 lh-inherit align-center transform-inherit \" style=\"margin: 0 0 20px 0;\"><\/h1><div class=\"spacer\" style=\"height: 100px;\"><\/div>[\/vc_column][\/vc_row][vc_row][vc_column width=&#8221;1\/1&#8243;]<div class=\"spacer\" style=\"height: 50px;\"><\/div>[vc_column_text]Icpe face parte din categoria de parteneri agreeati ESA din anul 2011 atunci cand a fost semnat Acordul privind Aderarea Rom\u00e2niei la Conven\u0163ia Agen\u0163iei Spa\u0163iale Europene (ESA).\u00a0Acordul a fost semnat de Jean-Jacques Dordain, directorul general al Agen\u0163iei Spa\u0163iale Europene \u015fi Marius-Ioan PISO, directorul general \u015fi pre\u015fedinte al Agen\u0163iei Spa\u0163iale Rom\u00e2ne. \u00cen conformitate cu decizia Consiliului Agen\u0163iei Spa\u0163iale Europene din 16 decembrie 2010, Rom\u00e2nia a fost acceptat\u0103 \u00een unanimitate ca membru cu drepturi depline \u00een cadrul ESA. Apartenen\u0163a Rom\u00e2niei la ESA ofer\u0103 importante oportunit\u0103\u0163i \u015fi garan\u0163ii, at\u00e2t pentru nivelul cercet\u0103rii-dezvolt\u0103rii, dar \u015fi pentru industria na\u0163ional\u0103 de \u00eenalt\u0103 tehnologie, care se va putea dezvolta stabil, cu garantarea locurilor de munc\u0103 pe termen lung. Accesul direct la sistemele spa\u0163iale ESA va permite Icpe dezvoltarea aplica\u0163iilor spa\u0163iale pentru agricultur\u0103, mediu, transporturi, m\u0103surarea dezastrelor naturale \u015fi telemedicin\u0103.<\/p>\n<p>Agen\u0163ia Spa\u0163iala European\u0103 (ESA) este o organiza\u0163ie interguvernamental\u0103 fondat\u0103 \u00een 1975, av\u00e2nd 18 state membre (16 din UE, plus Elve\u0163ia \u015fi Norvegia). Dintre \u0163\u0103rile fostului Pact de la Var\u015fovia, Cehia este singura admis\u0103 ca membru (\u00een anul 2009), Rom\u00e2nia fiind a doua. ESA este considerat\u0103 cea mai important\u0103 organiza\u0163ie interguvernamentala european\u0103 cu caracter \u015ftiin\u0163ific \u015fi tehnologic \u015fi cu rol important \u00een domeniul securit\u0103\u0163ii. Rom\u00e2nia a \u00eencheiat primul Acord cu ESA \u00een 1992, care a fost ratificat prin Legea nr. 40\/1993, fiind urmat de alt acord \u00een anul 1999. \u00cencep\u00e2nd cu 2006, Rom\u00e2nia este Stat European Cooperant al ESA, statut ratificat prin Legea nr.1\/2007. Statutul de stat membru cu drepturi depline al ESA permite accesul organiza\u0163iilor din Rom\u00e2nia precum Icpe, la toate programele derulate, aceasta constituind un important transfer de tehnologie.<\/p>\n<p>Agen\u0163ia Spa\u0163ial\u0103 Rom\u00e2n\u0103 (ROSA) a fost \u00eenfiin\u0163at\u0103 \u00een 1991 \u015fi reorganizat\u0103 printr-o Hot\u0103r\u00e2re a Guvernului \u00een 1995 ca institu\u0163ie public\u0103 finan\u0163at\u0103 integral extrabugetar \u00een sistemul Ministerului Cercet\u0103rii \u015fi Tehnologiei (\u00een prezent Ministerul Educa\u0163iei, Cercet\u0103rii, Tineretului \u015fi Sportului). ROSA este coordonatorul la nivel na\u0163ional al activit\u0103\u0163ilor din domeniul spa\u0163ial. Misiunea principal\u0103 a Agen\u0163iei Spa\u0163iale Rom\u00e2ne este promovarea \u015fi coordonarea dezvolt\u0103rii \u00een domeniu \u015fi reprezentarea Guvernului \u00een programele de cooperare interna\u0163ional\u0103. Agen\u0163ia este autorizat\u0103 s\u0103 \u00eenfiin\u0163eze centre de cercetare \u015fi dezvoltare orientate \u00een func\u0163ie de obiectivele Programului Spa\u0163ial Na\u0163ional. Agen\u0163ia desf\u0103\u015foar\u0103 propriile proiecte de cercetare \u015ftiin\u0163ifica \u015fi dezvoltare.[\/vc_column_text]<a href=\"http:\/\/www.icpe.ro\/wp-content\/uploads\/2021\/02\/Icpe_Space_Program_2019.pdf\" target=\"_self\" class=\"button color-3 small \" style=\"border-radius: 2px;\">Read More<\/a><div class=\"spacer\" style=\"height: 50px;\"><\/div>[\/vc_column][\/vc_row][vc_row][vc_column width=&#8221;1\/1&#8243;]<div id=\"ult-carousel-20894239569f6311a984a4\" class=\"ult-carousel-wrapper   ult_horizontal\" data-gutter=\"15\" data-rtl=\"false\" ><div class=\"ult-carousel-146376660969f6311a982b8 \" ><div class=\"ult-item-wrap\" data-animation=\"animated pulse\"><div class=\"single_image wpb_content_element align-left    \" data-animation=\"none\" data-delay=\"0\"><a href=\"http:\/\/www.icpe.ro\/ro\/wp-content\/uploads\/2021\/02\/Icpe-space-program-2019-1_Page_01.png\" class=\"prettyPhoto\" rel=\"prettyPhoto[image]\"><img width=\"1774\" height=\"983\" src=\"http:\/\/www.icpe.ro\/ro\/wp-content\/uploads\/2021\/02\/Icpe-space-program-2019-1_Page_01.png\" class=\"attachment-full\" alt=\"\" loading=\"lazy\" srcset=\"http:\/\/www.icpe.ro\/ro\/wp-content\/uploads\/2021\/02\/Icpe-space-program-2019-1_Page_01.png 1774w, http:\/\/www.icpe.ro\/ro\/wp-content\/uploads\/2021\/02\/Icpe-space-program-2019-1_Page_01-300x166.png 300w, http:\/\/www.icpe.ro\/ro\/wp-content\/uploads\/2021\/02\/Icpe-space-program-2019-1_Page_01-768x426.png 768w, http:\/\/www.icpe.ro\/ro\/wp-content\/uploads\/2021\/02\/Icpe-space-program-2019-1_Page_01-1024x567.png 1024w\" sizes=\"(max-width: 1774px) 100vw, 1774px\" \/><\/a><\/div><\/div><div class=\"ult-item-wrap\" data-animation=\"animated pulse\"><div class=\"single_image wpb_content_element align-left    \" data-animation=\"none\" data-delay=\"0\"><a href=\"http:\/\/www.icpe.ro\/ro\/wp-content\/uploads\/2021\/02\/Icpe-space-program-2019-1_Page_27.png\" class=\"prettyPhoto\" rel=\"prettyPhoto[image]\"><img width=\"2667\" height=\"1501\" src=\"http:\/\/www.icpe.ro\/ro\/wp-content\/uploads\/2021\/02\/Icpe-space-program-2019-1_Page_27.png\" class=\"attachment-full\" alt=\"\" loading=\"lazy\" srcset=\"http:\/\/www.icpe.ro\/ro\/wp-content\/uploads\/2021\/02\/Icpe-space-program-2019-1_Page_27.png 2667w, http:\/\/www.icpe.ro\/ro\/wp-content\/uploads\/2021\/02\/Icpe-space-program-2019-1_Page_27-300x169.png 300w, http:\/\/www.icpe.ro\/ro\/wp-content\/uploads\/2021\/02\/Icpe-space-program-2019-1_Page_27-768x432.png 768w, http:\/\/www.icpe.ro\/ro\/wp-content\/uploads\/2021\/02\/Icpe-space-program-2019-1_Page_27-1024x576.png 1024w, http:\/\/www.icpe.ro\/ro\/wp-content\/uploads\/2021\/02\/Icpe-space-program-2019-1_Page_27-1000x563.png 1000w\" sizes=\"(max-width: 2667px) 100vw, 2667px\" \/><\/a><\/div><\/div><div class=\"ult-item-wrap\" data-animation=\"animated pulse\"><div class=\"single_image wpb_content_element align-left    \" data-animation=\"none\" data-delay=\"0\"><a href=\"http:\/\/www.icpe.ro\/ro\/wp-content\/uploads\/2021\/02\/Icpe-space-program-2019-1_Page_29.png\" class=\"prettyPhoto\" rel=\"prettyPhoto[image]\"><img width=\"2667\" height=\"1501\" src=\"http:\/\/www.icpe.ro\/ro\/wp-content\/uploads\/2021\/02\/Icpe-space-program-2019-1_Page_29.png\" class=\"attachment-full\" alt=\"\" loading=\"lazy\" srcset=\"http:\/\/www.icpe.ro\/ro\/wp-content\/uploads\/2021\/02\/Icpe-space-program-2019-1_Page_29.png 2667w, http:\/\/www.icpe.ro\/ro\/wp-content\/uploads\/2021\/02\/Icpe-space-program-2019-1_Page_29-300x169.png 300w, http:\/\/www.icpe.ro\/ro\/wp-content\/uploads\/2021\/02\/Icpe-space-program-2019-1_Page_29-768x432.png 768w, http:\/\/www.icpe.ro\/ro\/wp-content\/uploads\/2021\/02\/Icpe-space-program-2019-1_Page_29-1024x576.png 1024w, http:\/\/www.icpe.ro\/ro\/wp-content\/uploads\/2021\/02\/Icpe-space-program-2019-1_Page_29-1000x563.png 1000w\" sizes=\"(max-width: 2667px) 100vw, 2667px\" \/><\/a><\/div><\/div><div class=\"ult-item-wrap\" data-animation=\"animated pulse\"><div class=\"single_image wpb_content_element align-left    \" data-animation=\"none\" data-delay=\"0\"><a href=\"http:\/\/www.icpe.ro\/ro\/wp-content\/uploads\/2021\/02\/Icpe-space-program-2019-1_Page_24.png\" class=\"prettyPhoto\" rel=\"prettyPhoto[image]\"><img width=\"2667\" height=\"1501\" src=\"http:\/\/www.icpe.ro\/ro\/wp-content\/uploads\/2021\/02\/Icpe-space-program-2019-1_Page_24.png\" class=\"attachment-full\" alt=\"\" loading=\"lazy\" srcset=\"http:\/\/www.icpe.ro\/ro\/wp-content\/uploads\/2021\/02\/Icpe-space-program-2019-1_Page_24.png 2667w, http:\/\/www.icpe.ro\/ro\/wp-content\/uploads\/2021\/02\/Icpe-space-program-2019-1_Page_24-300x169.png 300w, http:\/\/www.icpe.ro\/ro\/wp-content\/uploads\/2021\/02\/Icpe-space-program-2019-1_Page_24-768x432.png 768w, http:\/\/www.icpe.ro\/ro\/wp-content\/uploads\/2021\/02\/Icpe-space-program-2019-1_Page_24-1024x576.png 1024w, http:\/\/www.icpe.ro\/ro\/wp-content\/uploads\/2021\/02\/Icpe-space-program-2019-1_Page_24-1000x563.png 1000w\" sizes=\"(max-width: 2667px) 100vw, 2667px\" \/><\/a><\/div><\/div><div class=\"ult-item-wrap\" data-animation=\"animated pulse\"><div class=\"single_image wpb_content_element align-left    \" data-animation=\"none\" data-delay=\"0\"><a href=\"http:\/\/www.icpe.ro\/ro\/wp-content\/uploads\/2021\/02\/Icpe-space-program-2019-1_Page_22.png\" class=\"prettyPhoto\" rel=\"prettyPhoto[image]\"><img width=\"2667\" height=\"1501\" src=\"http:\/\/www.icpe.ro\/ro\/wp-content\/uploads\/2021\/02\/Icpe-space-program-2019-1_Page_22.png\" class=\"attachment-full\" alt=\"\" loading=\"lazy\" srcset=\"http:\/\/www.icpe.ro\/ro\/wp-content\/uploads\/2021\/02\/Icpe-space-program-2019-1_Page_22.png 2667w, http:\/\/www.icpe.ro\/ro\/wp-content\/uploads\/2021\/02\/Icpe-space-program-2019-1_Page_22-300x169.png 300w, http:\/\/www.icpe.ro\/ro\/wp-content\/uploads\/2021\/02\/Icpe-space-program-2019-1_Page_22-768x432.png 768w, http:\/\/www.icpe.ro\/ro\/wp-content\/uploads\/2021\/02\/Icpe-space-program-2019-1_Page_22-1024x576.png 1024w, http:\/\/www.icpe.ro\/ro\/wp-content\/uploads\/2021\/02\/Icpe-space-program-2019-1_Page_22-1000x563.png 1000w\" sizes=\"(max-width: 2667px) 100vw, 2667px\" \/><\/a><\/div><\/div><div class=\"ult-item-wrap\" data-animation=\"animated pulse\"><div class=\"single_image wpb_content_element align-left    \" data-animation=\"none\" data-delay=\"0\"><a href=\"http:\/\/www.icpe.ro\/ro\/wp-content\/uploads\/2021\/02\/Icpe-space-program-2019-1_Page_18.png\" class=\"prettyPhoto\" rel=\"prettyPhoto[image]\"><img width=\"2480\" height=\"1395\" src=\"http:\/\/www.icpe.ro\/ro\/wp-content\/uploads\/2021\/02\/Icpe-space-program-2019-1_Page_18.png\" class=\"attachment-full\" alt=\"\" loading=\"lazy\" srcset=\"http:\/\/www.icpe.ro\/ro\/wp-content\/uploads\/2021\/02\/Icpe-space-program-2019-1_Page_18.png 2480w, http:\/\/www.icpe.ro\/ro\/wp-content\/uploads\/2021\/02\/Icpe-space-program-2019-1_Page_18-300x169.png 300w, http:\/\/www.icpe.ro\/ro\/wp-content\/uploads\/2021\/02\/Icpe-space-program-2019-1_Page_18-768x432.png 768w, http:\/\/www.icpe.ro\/ro\/wp-content\/uploads\/2021\/02\/Icpe-space-program-2019-1_Page_18-1024x576.png 1024w, http:\/\/www.icpe.ro\/ro\/wp-content\/uploads\/2021\/02\/Icpe-space-program-2019-1_Page_18-1000x563.png 1000w\" sizes=\"(max-width: 2480px) 100vw, 2480px\" \/><\/a><\/div><\/div><div class=\"ult-item-wrap\" data-animation=\"animated pulse\"><div class=\"single_image wpb_content_element align-left    \" data-animation=\"none\" data-delay=\"0\"><a href=\"http:\/\/www.icpe.ro\/ro\/wp-content\/uploads\/2021\/02\/Icpe-space-program-2019-1_Page_20.png\" class=\"prettyPhoto\" rel=\"prettyPhoto[image]\"><img width=\"2667\" height=\"1501\" src=\"http:\/\/www.icpe.ro\/ro\/wp-content\/uploads\/2021\/02\/Icpe-space-program-2019-1_Page_20.png\" class=\"attachment-full\" alt=\"\" loading=\"lazy\" srcset=\"http:\/\/www.icpe.ro\/ro\/wp-content\/uploads\/2021\/02\/Icpe-space-program-2019-1_Page_20.png 2667w, http:\/\/www.icpe.ro\/ro\/wp-content\/uploads\/2021\/02\/Icpe-space-program-2019-1_Page_20-300x169.png 300w, http:\/\/www.icpe.ro\/ro\/wp-content\/uploads\/2021\/02\/Icpe-space-program-2019-1_Page_20-768x432.png 768w, http:\/\/www.icpe.ro\/ro\/wp-content\/uploads\/2021\/02\/Icpe-space-program-2019-1_Page_20-1024x576.png 1024w, http:\/\/www.icpe.ro\/ro\/wp-content\/uploads\/2021\/02\/Icpe-space-program-2019-1_Page_20-1000x563.png 1000w\" sizes=\"(max-width: 2667px) 100vw, 2667px\" \/><\/a><\/div><\/div><div class=\"ult-item-wrap\" data-animation=\"animated pulse\"><div class=\"single_image wpb_content_element align-left    \" data-animation=\"none\" data-delay=\"0\"><a href=\"http:\/\/www.icpe.ro\/ro\/wp-content\/uploads\/2021\/02\/Icpe-space-program-2019-1_Page_21.png\" class=\"prettyPhoto\" rel=\"prettyPhoto[image]\"><img width=\"2667\" height=\"1501\" src=\"http:\/\/www.icpe.ro\/ro\/wp-content\/uploads\/2021\/02\/Icpe-space-program-2019-1_Page_21.png\" class=\"attachment-full\" alt=\"\" loading=\"lazy\" srcset=\"http:\/\/www.icpe.ro\/ro\/wp-content\/uploads\/2021\/02\/Icpe-space-program-2019-1_Page_21.png 2667w, http:\/\/www.icpe.ro\/ro\/wp-content\/uploads\/2021\/02\/Icpe-space-program-2019-1_Page_21-300x169.png 300w, http:\/\/www.icpe.ro\/ro\/wp-content\/uploads\/2021\/02\/Icpe-space-program-2019-1_Page_21-768x432.png 768w, http:\/\/www.icpe.ro\/ro\/wp-content\/uploads\/2021\/02\/Icpe-space-program-2019-1_Page_21-1024x576.png 1024w, http:\/\/www.icpe.ro\/ro\/wp-content\/uploads\/2021\/02\/Icpe-space-program-2019-1_Page_21-1000x563.png 1000w\" sizes=\"(max-width: 2667px) 100vw, 2667px\" \/><\/a><\/div><\/div><div class=\"ult-item-wrap\" data-animation=\"animated pulse\"><div class=\"single_image wpb_content_element align-left    \" data-animation=\"none\" data-delay=\"0\"><a href=\"http:\/\/www.icpe.ro\/ro\/wp-content\/uploads\/2021\/02\/Icpe-space-program-2019-1_Page_19.png\" class=\"prettyPhoto\" rel=\"prettyPhoto[image]\"><img width=\"2667\" height=\"1501\" src=\"http:\/\/www.icpe.ro\/ro\/wp-content\/uploads\/2021\/02\/Icpe-space-program-2019-1_Page_19.png\" class=\"attachment-full\" alt=\"\" loading=\"lazy\" srcset=\"http:\/\/www.icpe.ro\/ro\/wp-content\/uploads\/2021\/02\/Icpe-space-program-2019-1_Page_19.png 2667w, http:\/\/www.icpe.ro\/ro\/wp-content\/uploads\/2021\/02\/Icpe-space-program-2019-1_Page_19-300x169.png 300w, http:\/\/www.icpe.ro\/ro\/wp-content\/uploads\/2021\/02\/Icpe-space-program-2019-1_Page_19-768x432.png 768w, http:\/\/www.icpe.ro\/ro\/wp-content\/uploads\/2021\/02\/Icpe-space-program-2019-1_Page_19-1024x576.png 1024w, http:\/\/www.icpe.ro\/ro\/wp-content\/uploads\/2021\/02\/Icpe-space-program-2019-1_Page_19-1000x563.png 1000w\" sizes=\"(max-width: 2667px) 100vw, 2667px\" \/><\/a><\/div><\/div><\/div><\/div>\t\t\t<script type=\"text\/javascript\">\n\t\t\t\tjQuery(document).ready(function ($) {\n\t\t\t\t\t$('.ult-carousel-146376660969f6311a982b8').slick({dots: true,autoplay: true,autoplaySpeed: 5000,speed: 300,infinite: true,arrows: true,nextArrow: '<button type=\"button\" role=\"button\" aria-label=\"Next\" style=\"color:#333333; font-size:20px;\" class=\"slick-next default\"><i class=\"ultsl-arrow-right4\"><\/i><\/button>',prevArrow: '<button type=\"button\" role=\"button\" aria-label=\"Previous\" style=\"color:#333333; font-size:20px;\" class=\"slick-prev default\"><i class=\"ultsl-arrow-left4\"><\/i><\/button>',slidesToScroll:3,slidesToShow:3,swipe: true,draggable: true,touchMove: true,pauseOnHover: true,responsive: [\n\t\t\t\t\t\t\t{\n\t\t\t\t\t\t\t  breakpoint: 1025,\n\t\t\t\t\t\t\t  settings: {\n\t\t\t\t\t\t\t\tslidesToShow: 3,\n\t\t\t\t\t\t\t\tslidesToScroll: 3,  \n\t\t\t\t\t\t\t  }\n\t\t\t\t\t\t\t},\n\t\t\t\t\t\t\t{\n\t\t\t\t\t\t\t  breakpoint: 769,\n\t\t\t\t\t\t\t  settings: {\n\t\t\t\t\t\t\t\tslidesToShow: 3,\n\t\t\t\t\t\t\t\tslidesToScroll: 3\n\t\t\t\t\t\t\t  }\n\t\t\t\t\t\t\t},\n\t\t\t\t\t\t\t{\n\t\t\t\t\t\t\t  breakpoint: 481,\n\t\t\t\t\t\t\t  settings: {\n\t\t\t\t\t\t\t\tslidesToShow: 2,\n\t\t\t\t\t\t\t\tslidesToScroll: 2\n\t\t\t\t\t\t\t  }\n\t\t\t\t\t\t\t}\n\t\t\t\t\t\t],pauseOnDotsHover: true,customPaging: function(slider, i) {\n                   return '<i type=\"button\" style=\"color:#333333;\" class=\"ultsl-record\" data-role=\"none\"><\/i>';\n                },});\n\t\t\t\t});\n\t\t\t<\/script>\n\t\t\t[\/vc_column][\/vc_row]<\/p>\n","protected":false},"excerpt":{"rendered":"<p>[vc_row type=&#8221;full_width_section&#8221; video_bg=&#8221;use_video&#8221; enable_video_color_overlay=&#8221;true&#8221; video_mp4=&#8221;http:\/\/www.icpe.ro\/wp-content\/uploads\/2021\/02\/IcpeSpaceLogo.mp4&#8243; video_image=&#8221;17415&#8243; text_align=&#8221;center&#8221; top_padding=&#8221;100&#8243; bottom_padding=&#8221;250&#8243;][vc_column width=&#8221;1\/1&#8243;][\/vc_column][\/vc_row][vc_row][vc_column width=&#8221;1\/1&#8243;][vc_column_text]Icpe face parte din categoria de parteneri agreeati ESA din anul 2011 atunci cand a fost semnat Acordul privind Aderarea Rom\u00e2niei la Conven\u0163ia Agen\u0163iei Spa\u0163iale Europene (ESA).\u00a0Acordul a fost semnat de Jean-Jacques Dordain, directorul general al Agen\u0163iei Spa\u0163iale Europene \u015fi Marius-Ioan PISO, directorul general \u015fi pre\u015fedinte al Agen\u0163iei Spa\u0163iale Rom\u00e2ne. \u00cen conformitate cu decizia Consiliului Agen\u0163iei Spa\u0163iale Europene din 16 decembrie 2010, Rom\u00e2nia a fost acceptat\u0103 \u00een unanimitate ca membru cu drepturi depline \u00een cadrul ESA. Apartenen\u0163a Rom\u00e2niei la ESA ofer\u0103 importante oportunit\u0103\u0163i \u015fi garan\u0163ii, at\u00e2t pentru nivelul cercet\u0103rii-dezvolt\u0103rii, dar \u015fi pentru industria na\u0163ional\u0103 de \u00eenalt\u0103 tehnologie, care se va putea dezvolta stabil, cu garantarea locurilor de munc\u0103 pe termen lung. Accesul direct la sistemele spa\u0163iale ESA va permite Icpe dezvoltarea aplica\u0163iilor spa\u0163iale pentru agricultur\u0103, mediu, transporturi, m\u0103surarea dezastrelor naturale \u015fi telemedicin\u0103. Agen\u0163ia Spa\u0163iala European\u0103 (ESA) este o organiza\u0163ie interguvernamental\u0103 fondat\u0103 \u00een 1975, av\u00e2nd 18 state membre (16 din UE, plus Elve\u0163ia \u015fi Norvegia). Dintre \u0163\u0103rile fostului Pact de la Var\u015fovia, Cehia este singura admis\u0103 ca membru (\u00een anul 2009), Rom\u00e2nia fiind a doua. ESA este considerat\u0103 cea mai important\u0103 organiza\u0163ie interguvernamentala european\u0103 cu caracter \u015ftiin\u0163ific \u015fi tehnologic \u015fi cu [&hellip;]<\/p>\n","protected":false},"author":2,"featured_media":0,"parent":0,"menu_order":0,"comment_status":"closed","ping_status":"closed","template":"","meta":[],"folder":[],"_links":{"self":[{"href":"http:\/\/www.icpe.ro\/ro\/wp-json\/wp\/v2\/pages\/20561"}],"collection":[{"href":"http:\/\/www.icpe.ro\/ro\/wp-json\/wp\/v2\/pages"}],"about":[{"href":"http:\/\/www.icpe.ro\/ro\/wp-json\/wp\/v2\/types\/page"}],"author":[{"embeddable":true,"href":"http:\/\/www.icpe.ro\/ro\/wp-json\/wp\/v2\/users\/2"}],"replies":[{"embeddable":true,"href":"http:\/\/www.icpe.ro\/ro\/wp-json\/wp\/v2\/comments?post=20561"}],"version-history":[{"count":0,"href":"http:\/\/www.icpe.ro\/ro\/wp-json\/wp\/v2\/pages\/20561\/revisions"}],"wp:attachment":[{"href":"http:\/\/www.icpe.ro\/ro\/wp-json\/wp\/v2\/media?parent=20561"}],"wp:term":[{"taxonomy":"folder","embeddable":true,"href":"http:\/\/www.icpe.ro\/ro\/wp-json\/wp\/v2\/folder?post=20561"}],"curies":[{"name":"wp","href":"https:\/\/api.w.org\/{rel}","templated":true}]}}