{"id":20512,"date":"2021-02-15T12:59:48","date_gmt":"2021-02-15T09:59:48","guid":{"rendered":"http:\/\/www.icpe.ro\/ro\/?page_id=20512"},"modified":"2021-02-17T12:34:43","modified_gmt":"2021-02-17T09:34:43","slug":"produse-si-servicii","status":"publish","type":"page","link":"http:\/\/www.icpe.ro\/ro\/produse-si-servicii\/","title":{"rendered":"Produse \u0219i Servicii"},"content":{"rendered":"<p>[vc_row][vc_column width=&#8221;1\/2&#8243;][vc_column_text]<div id=\"sp-ea-20536\" class=\"sp-ea-one sp-easy-accordion\" data-ex-icon=\"fa-minus\" data-col-icon=\"fa-plus\"  data-ea-active=\"ea-click\"  data-ea-mode=\"vertical\" data-preloader=\"\"><div class=\"ea-card  sp-ea-single\"><h3 class=\"ea-header\"><a class=\"collapsed\" data-sptoggle=\"spcollapse\" data-sptarget=#collapse205360 href=\"javascript:void(0)\" aria-expanded=\"false\"><i class=\"ea-expand-icon fa fa-plus\"><\/i> Aparate Electrice<\/a><\/h3><div class=\"sp-collapse spcollapse spcollapse\" id=\"collapse205360\" data-parent=#sp-ea-20536><div class=\"ea-body\"><p><a href=\"http:\/\/www.icpe.ro\/ro\/aparate-electrice\/contactoare\">Contactoare cu comuta\u021bie \u00een vid<\/a><br \/>\n<a href=\"http:\/\/www.icpe.ro\/ro\/aparate-electrice\/intreruptoare\">\u00centreruptoare cu comuta\u021bie \u00een vid<\/a><br \/>\n<a href=\"http:\/\/www.icpe.ro\/ro\/aparate-electrice\/intreruptoare\">\u00centreruptoare de curent continuu<\/a><br \/>\n<a href=\"http:\/\/www.icpe.ro\/ro\/aparate-electrice\/intreruptoare\">Separatoare de curent continuu<\/a><br \/>\n<a href=\"http:\/\/www.icpe.ro\/ro\/aparate-electrice\/sigurante-fuzibile-inalta-tensiune\">Siguran\u021be fuzibile de \u00eenalt\u0103 tensiune<\/a><br \/>\n<a href=\"http:\/\/www.icpe.ro\/ro\/aparate-electrice\/sigurante-fuzibile-joasa-tensiune\">Siguran\u021be fuzibile de joas\u0103 tensiune<\/a><br \/>\n<a href=\"http:\/\/www.icpe.ro\/ro\/aparate-electrice\/carucior-debrosabil\/\">C\u0103rucior debro\u0219abil 7.2kV 160A<\/a><br \/>\n<a href=\"http:\/\/www.icpe.ro\/ro\/aparate-electrice\/\" target=\"_self\" class=\"button color-3 small \" style=\"border-radius: 2px\">Read more<\/a><\/p>\n<\/div><\/div><\/div><div class=\"ea-card  sp-ea-single\"><h3 class=\"ea-header\"><a class=\"collapsed\" data-sptoggle=\"spcollapse\" data-sptarget=#collapse205361 href=\"javascript:void(0)\" aria-expanded=\"false\"><i class=\"ea-expand-icon fa fa-plus\"><\/i> Cabluri Electrice Speciale<\/a><\/h3><div class=\"sp-collapse spcollapse spcollapse\" id=\"collapse205361\" data-parent=#sp-ea-20536><div class=\"ea-body\"><p><a href=\"http:\/\/www.icpe.ro\/files\/0\/icpe_cabluri_2012_OK.pdf\">Cabluri electrice speciale<\/a><br \/>\n<a href=\"http:\/\/www.icpe.ro\/files\/0\/icpe_cabluri_2012_OK.pdf\">Cabluri electrice cu tres\u0103<\/a><br \/>\n<a href=\"http:\/\/www.icpe.ro\/files\/0\/icpe_cabluri_2012_OK.pdf\">Cabluri electrice cu izola\u021bie din polimer fluorocarbonic FEP<\/a><br \/>\n<a href=\"http:\/\/www.icpe.ro\/files\/0\/Plasa_de_Incalzire_Icpe_2014.pdf\">Plas\u0103 de \u00eenc\u0103lzire \u00een pardoseal\u0103<\/a><br \/>\n<a href=\"http:\/\/www.icpe.ro\/files\/0\/Cablu_de_Incalzire_Icpe_2014.pdf\">Cabluri de \u00eenc\u0103lzire electric\u0103 \u00een pardoseal\u0103<\/a><br \/>\n<a href=\"http:\/\/www.icpe.ro\/ro\/cabluri-electrice-speciale\/\" target=\"_self\" class=\"button color-3 small \" style=\"border-radius: 2px\">Read more<\/a><\/p>\n<\/div><\/div><\/div><div class=\"ea-card  sp-ea-single\"><h3 class=\"ea-header\"><a class=\"collapsed\" data-sptoggle=\"spcollapse\" data-sptarget=#collapse205362 href=\"javascript:void(0)\" aria-expanded=\"false\"><i class=\"ea-expand-icon fa fa-plus\"><\/i> Energie<\/a><\/h3><div class=\"sp-collapse spcollapse spcollapse\" id=\"collapse205362\" data-parent=#sp-ea-20536><div class=\"ea-body\"><p><a href=\"http:\/\/www.icpe.ro\/ro\/inscriere-program-sisteme-fotovoltaice\">Surse regenerabile de energie<\/a><br \/>\nConsultan\u021b\u0103 energetic\u0103<br \/>\nEficien\u021b\u0103 energetic\u0103<br \/>\n<a href=\"http:\/\/www.icpe.ro\/ro\/inscriere-program-sisteme-fotovoltaice\/\">Programul Casa Verde<\/a><br \/>\n<a href=\"http:\/\/www.icpe.ro\/ro\/inscriere-program-sisteme-fotovoltaice\/\">Sisteme fotovoltaice reziden\u021biale<\/a><br \/>\n<a href=\"http:\/\/www.icpe.ro\/ro\/energie\/\" target=\"_self\" class=\"button color-3 small \" style=\"border-radius: 2px\">Read more<\/a><\/p>\n<\/div><\/div><\/div><div class=\"ea-card  sp-ea-single\"><h3 class=\"ea-header\"><a class=\"collapsed\" data-sptoggle=\"spcollapse\" data-sptarget=#collapse205363 href=\"javascript:void(0)\" aria-expanded=\"false\"><i class=\"ea-expand-icon fa fa-plus\"><\/i> Metrologie<\/a><\/h3><div class=\"sp-collapse spcollapse spcollapse\" id=\"collapse205363\" data-parent=#sp-ea-20536><div class=\"ea-body\"><p><a href=\"http:\/\/www.icpe.ro\/ro\/metrologie\/\">Metrologizare marimi electrice<\/a><br \/>\n<a href=\"http:\/\/www.icpe.ro\/ro\/metrologie\/\">Metrologizare marimi mecanice<\/a><br \/>\n<a href=\"http:\/\/www.icpe.ro\/ro\/metrologie\/\">Metrologizare lungimi<\/a><br \/>\n<a href=\"http:\/\/www.icpe.ro\/ro\/metrologie\/\">Metrologizare temperaturi<\/a><br \/>\n<a href=\"http:\/\/www.icpe.ro\/ro\/metrologie\/\">Metrologizare timp\/fecven\u021b\u0103<\/a><br \/>\n<a href=\"http:\/\/www.icpe.ro\/ro\/metrologie\/\" target=\"_self\" class=\"button color-3 small \" style=\"border-radius: 2px\">Read more<\/a><\/p>\n<\/div><\/div><\/div><\/div>[\/vc_column_text][\/vc_column][vc_column width=&#8221;1\/2&#8243;][vc_column_text]<\/p>\n<div style=\"width: 1161px;\" class=\"wp-video\"><!--[if lt IE 9]><script>document.createElement('video');<\/script><![endif]-->\n<video class=\"wp-video-shortcode\" id=\"video-20512-1\" width=\"1161\" height=\"653\" loop=\"1\" autoplay=\"1\" preload=\"metadata\" controls=\"controls\"><source type=\"video\/mp4\" src=\"http:\/\/www.icpe.ro\/ro\/wp-content\/uploads\/2021\/02\/IcpeLogoActivGIF.mp4?_=1\" \/><a href=\"http:\/\/www.icpe.ro\/ro\/wp-content\/uploads\/2021\/02\/IcpeLogoActivGIF.mp4\">http:\/\/www.icpe.ro\/ro\/wp-content\/uploads\/2021\/02\/IcpeLogoActivGIF.mp4<\/a><\/video><\/div>\n<p>[\/vc_column_text][\/vc_column][\/vc_row][vc_row][vc_column][vc_column_text][\/vc_column_text][\/vc_column][\/vc_row]<\/p>\n","protected":false},"excerpt":{"rendered":"<p>[vc_row][vc_column width=&#8221;1\/2&#8243;][vc_column_text][\/vc_column_text][\/vc_column][vc_column width=&#8221;1\/2&#8243;][vc_column_text] [\/vc_column_text][\/vc_column][\/vc_row][vc_row][vc_column][vc_column_text][\/vc_column_text][\/vc_column][\/vc_row]<\/p>\n","protected":false},"author":2,"featured_media":0,"parent":0,"menu_order":0,"comment_status":"closed","ping_status":"closed","template":"","meta":[],"folder":[],"_links":{"self":[{"href":"http:\/\/www.icpe.ro\/ro\/wp-json\/wp\/v2\/pages\/20512"}],"collection":[{"href":"http:\/\/www.icpe.ro\/ro\/wp-json\/wp\/v2\/pages"}],"about":[{"href":"http:\/\/www.icpe.ro\/ro\/wp-json\/wp\/v2\/types\/page"}],"author":[{"embeddable":true,"href":"http:\/\/www.icpe.ro\/ro\/wp-json\/wp\/v2\/users\/2"}],"replies":[{"embeddable":true,"href":"http:\/\/www.icpe.ro\/ro\/wp-json\/wp\/v2\/comments?post=20512"}],"version-history":[{"count":0,"href":"http:\/\/www.icpe.ro\/ro\/wp-json\/wp\/v2\/pages\/20512\/revisions"}],"wp:attachment":[{"href":"http:\/\/www.icpe.ro\/ro\/wp-json\/wp\/v2\/media?parent=20512"}],"wp:term":[{"taxonomy":"folder","embeddable":true,"href":"http:\/\/www.icpe.ro\/ro\/wp-json\/wp\/v2\/folder?post=20512"}],"curies":[{"name":"wp","href":"https:\/\/api.w.org\/{rel}","templated":true}]}}