{"id":20469,"date":"2020-12-08T13:50:37","date_gmt":"2020-12-08T10:50:37","guid":{"rendered":"http:\/\/www.icpe.ro\/ro\/?page_id=20469"},"modified":"2020-12-08T14:09:51","modified_gmt":"2020-12-08T11:09:51","slug":"despre-proiect","status":"publish","type":"page","link":"http:\/\/www.icpe.ro\/ro\/pvadipc\/despre-proiect\/","title":{"rendered":"Despre proiect"},"content":{"rendered":"<p>[vc_row type=&#8221;full_width_section&#8221;][vc_column width=&#8221;1\/1&#8243;][vc_raw_html]JTNDc3R5bGUlM0UlMEEudG9wbmF2JTIwJTdCJTBBJTBBJTIwJTIwJTIwJTIwbGlzdC1zdHlsZSUzQW5vbmUlM0IlMEElMjAlMjAlMjAlMjBtYXJnaW4lM0EwJTNCJTBBJTIwJTIwJTIwJTIwcGFkZGluZyUzQTAlM0IlMEElMjAlMjAlMjAlMjB0ZXh0LWFsaWduJTNBY2VudGVyJTNCJTBBJTdEJTBBJTBBLnRvcG5hdiUyMGxpJTIwJTdCJTBBJTIwJTIwZGlzcGxheSUzQWlubGluZSUzQiUwQSU3RCUwQSUwQS50b3BuYXYlMjBhJTdCJTBBJTIwJTIwZGlzcGxheSUzQWlubGluZS1ibG9jayUzQiUwQSUyMCUyMGNvbG9yJTNBJTIwJTIzMDAwJTNCJTBBJTIwJTIwJTIwJTIwcGFkZGluZyUzQTE4cHglMjAzNnB4JTNCJTBBJTIwJTIwZm9udC1zaXplJTNBMTdweCUzQiUwQSU3RCUwQS50b3BuYXYlMjBhJTNBaG92ZXIlMjAlN0IlMEElMjAlMjBiYWNrZ3JvdW5kLWNvbG9yJTNBJTIwJTIzZGRkJTNCJTBBJTIwJTIwY29sb3IlM0ElMjBibGFjayUzQiUwQSU3RCUwQSUwQS50b3BuYXYlMjAuaWNvbiUyMCU3QiUwQSUyMCUyMGRpc3BsYXklM0ElMjBub25lJTNCJTBBJTdEJTBBLmFjdGl2ZSUyMCU3QiUwQSUyMCUyMCUyMCUyMGJhY2tncm91bmQtY29sb3IlM0ElMjAlMjNmN2Y3ZjclM0IlMEElMjAlMjAlMjAlMjBmb250LXdlaWdodCUzQSUyMGJvbGQlM0IlMEElN0QlMEElMEElNDBtZWRpYSUyMHNjcmVlbiUyMGFuZCUyMCUyOG1heC13aWR0aCUzQSUyMDYwMHB4JTI5JTIwJTdCJTBBJTIwJTIwLnRvcG5hdiUyMGElM0Fub3QlMjglM0FmaXJzdC1jaGlsZCUyOSUyMCU3QmRpc3BsYXklM0ElMjBub25lJTNCJTdEJTBBJTIwJTIwLnRvcG5hdiUyMGEuaWNvbiUyMCU3QiUwQSUyMCUyMCUyMCUyMGZsb2F0JTNBJTIwcmlnaHQlM0IlMEElMjAlMjAlMjAlMjBkaXNwbGF5JTNBJTIwYmxvY2slM0IlMEElMjAlMjAlN0QlMEElN0QlMEElMEElNDBtZWRpYSUyMHNjcmVlbiUyMGFuZCUyMCUyOG1heC13aWR0aCUzQSUyMDYwMHB4JTI5JTIwJTdCJTBBJTIwJTIwLnRvcG5hdi5yZXNwb25zaXZlJTIwJTdCcG9zaXRpb24lM0ElMjByZWxhdGl2ZSUzQiU3RCUwQSUyMCUyMC50b3BuYXYucmVzcG9uc2l2ZSUyMC5pY29uJTIwJTdCJTBBJTIwJTIwJTIwJTIwcG9zaXRpb24lM0ElMjBhYnNvbHV0ZSUzQiUwQSUyMCUyMCUyMCUyMHJpZ2h0JTNBJTIwMCUzQiUwQSUyMCUyMCUyMCUyMHRvcCUzQSUyMDAlM0IlMEElMjAlMjAlN0QlMEElMjAlMjAudG9wbmF2LnJlc3BvbnNpdmUlMjBhJTIwJTdCJTBBJTIwJTIwJTIwJTIwZmxvYXQlM0ElMjBub25lJTNCJTBBJTIwJTIwJTIwJTIwZGlzcGxheSUzQSUyMGJsb2NrJTNCJTBBJTIwJTIwJTIwJTIwdGV4dC1hbGlnbiUzQSUyMGxlZnQlM0IlMEElMjAlMjAlN0QlMEElMEElN0QlMEElM0MlMkZzdHlsZSUzRSUwQSUwQSUwQSUwQSUzQ2RpdiUyMGNsYXNzJTNEJTIydG9wbmF2JTIyJTIwaWQlM0QlMjJteVRvcG5hdiUyMiUzRSUwQSUyMCUyMCUzQ2ElMjBocmVmJTNEJTIyaHR0cCUzQSUyRiUyRnd3dy5pY3BlLnJvJTJGcm8lMkZwdmFkaXBjJTJGJTIyJTNFQWNhcyVDNCU4MyUzQyUyRmElM0UlMEElMjAlMjAlM0NhJTIwaHJlZiUzRCUyMmh0dHAlM0ElMkYlMkZ3d3cuaWNwZS5ybyUyRnJvJTJGcHZhZGlwYyUyRmRlc3ByZS1wcm9pZWN0JTJGJTIyJTNFRGVzcHJlJTIwcHJvaWVjdCUzQyUyRmElM0UlMEElMjAlMjAlM0NhJTIwaHJlZiUzRCUyMmh0dHAlM0ElMkYlMkZ3d3cuaWNwZS5ybyUyRnJvJTJGcHZhZGlwYyUyRmNvbnNvcnRpdSUyRiUyMiUzRUNvbnNvciVDNSVBM2l1JTNDJTJGYSUzRSUwQSUyMCUyMCUzQ2ElMjBocmVmJTNEJTIyaHR0cCUzQSUyRiUyRnd3dy5pY3BlLnJvJTJGcm8lMkZwdmFkaXBjJTJGZXRhcGUlMkYlMjIlM0VQYWNoZXRlJTIwZGUlMjBsdWNydSUzQyUyRmElM0UlMEElMjAlMjAlM0NhJTIwaHJlZiUzRCUyMmh0dHAlM0ElMkYlMkZ3d3cuaWNwZS5ybyUyRnJvJTJGcHZhZGlwYyUyRm5vdXRhdGklMkYlMjIlM0VOb3V0JUM0JTgzJUM1JUEzaSUzQyUyRmElM0UlMEElMjAlMjAlM0NhJTIwaHJlZiUzRCUyMmh0dHAlM0ElMkYlMkZ3d3cuaWNwZS5ybyUyRnJvJTJGcHZhZGlwYyUyRmNvbnRhY3QlMkYlMjIlM0VDb250YWN0JTNDJTJGYSUzRSUwQSUyMCUyMCUzQ2xpJTIwc3R5bGUlM0QlMjJmbG9hdCUzQXJpZ2h0JTIyJTNFJTNDYSUyMGNsYXNzJTNEJTIyYWN0aXZlJTIyJTIwaHJlZiUzRCUyMmh0dHAlM0ElMkYlMkZ3d3cuaWNwZS5ybyUyRnB2YWRpcGMlMkYlMjIlM0VFTiUzQyUyRmElM0UlM0MlMkZsaSUzRSUwQSUwQSUwQSUyMCUyMCUzQ2ElMjBocmVmJTNEJTIyamF2YXNjcmlwdCUzQXZvaWQlMjgwJTI5JTNCJTIyJTIwc3R5bGUlM0QlMjJmb250LXNpemUlM0ExNXB4JTNCJTIyJTIwY2xhc3MlM0QlMjJpY29uJTIyJTIwb25jbGljayUzRCUyMm15RnVuY3Rpb24lMjglMjklMjIlM0UlMjYlMjM5Nzc2JTNCJTNDJTJGYSUzRSUwQSUzQyUyRmRpdiUzRSUwQSUwQSUzQ3NjcmlwdCUzRSUwQWZ1bmN0aW9uJTIwbXlGdW5jdGlvbiUyOCUyOSUyMCU3QiUwQSUyMCUyMCUyMCUyMHZhciUyMHglMjAlM0QlMjBkb2N1bWVudC5nZXRFbGVtZW50QnlJZCUyOCUyMm15VG9wbmF2JTIyJTI5JTNCJTBBJTIwJTIwJTIwJTIwaWYlMjAlMjh4LmNsYXNzTmFtZSUyMCUzRCUzRCUzRCUyMCUyMnRvcG5hdiUyMiUyOSUyMCU3QiUwQSUyMCUyMCUyMCUyMCUyMCUyMCUyMCUyMHguY2xhc3NOYW1lJTIwJTJCJTNEJTIwJTIyJTIwcmVzcG9uc2l2ZSUyMiUzQiUwQSUyMCUyMCUyMCUyMCU3RCUyMGVsc2UlMjAlN0IlMEElMjAlMjAlMjAlMjAlMjAlMjAlMjAlMjB4LmNsYXNzTmFtZSUyMCUzRCUyMCUyMnRvcG5hdiUyMiUzQiUwQSUyMCUyMCUyMCUyMCU3RCUwQSU3RCUwQSUzQyUyRnNjcmlwdCUzRQ==[\/vc_raw_html][\/vc_column][\/vc_row][vc_row][vc_column width=&#8221;1\/1&#8243;]<div class=\"single_image wpb_content_element align-center    \" data-animation=\"none\" data-delay=\"0\"><img width=\"300\" height=\"152\" src=\"http:\/\/www.icpe.ro\/ro\/wp-content\/uploads\/2020\/12\/PVADIPC_logo.jpg\" class=\"attachment-full\" alt=\"\" loading=\"lazy\" \/><\/div><div class=\"spacer\" style=\"height: 5px;\"><\/div>[\/vc_column][\/vc_row][vc_row bg_color=&#8221;#efefef&#8221; top_padding=&#8221;20&#8243; bottom_padding=&#8221;20&#8243;][vc_column width=&#8221;1\/1&#8243;]<h1 class=\"headline font-inherit fontsize-m fontweight-700 lh-inherit align-center transform-uppercase \" style=\"margin: 0 0 0 0;\">Despre proiect<\/h1>[\/vc_column][\/vc_row][vc_row top_padding=&#8221;40&#8243; bottom_padding=&#8221;40&#8243;][vc_column width=&#8221;1\/1&#8243;][vc_column_text]Proiectul propune o solu\u021bie eficient\u0103 din punct de vedere al costurilor, destinat\u0103 sistemele fotovoltaice mici ongrid, unde datele relevante de la fa\u021ba locului sunt colectate, transmise c\u0103tre o platform\u0103 cloud dedicat\u0103 pentru a fi procesate, analizate \u0219i diagnosticate. Echipamentul va asigura o montare u\u0219oar\u0103 la fa\u021ba locului, direct pe sistemul PV instalat de prosumer, f\u0103r\u0103 asisten\u021b\u0103 tehnic\u0103. Odat\u0103 conectat, sistemul va \u00eencepe rapid s\u0103 colecteze \u0219i s\u0103 transmit\u0103 date, cum ar fi: meteorologice, configura\u021bia sistemului spa\u021bial PV, orientarea \u0219i \u00eenclinarea \u00een platform\u0103. Toate datele recep\u021bionate vor fi integrate automat, iar datele de ie\u0219ire procesate prin intermediul algoritmilor. Principalele avantaje ale proiectului PVADIPC sunt \u00een termeni de economii importante de timp \u0219i bani. Punerea \u00een func\u021biune a senzorilor la fa\u021ba locului, transferul de date c\u0103tre platforma cloud PVADIPC, procesarea, analiza \u0219i diagnosticarea acestora se fac rapid \u0219i u\u0219or. Ca rezultat al proiectului, va fi ob\u021binut un sistem inteligent, u\u0219or de utilizat, care va u\u0219ura folosirea sistemelor PV. Acesta va permite prosumatorilor s\u0103-\u0219i optimizeze beneficiile sistemului PV propriu, de ex. pentru maximizarea utiliz\u0103rii produc\u021biei fotovoltaice \u00een momentele \u00een care injectarea puterii \u00een re\u021bea nu este permis\u0103, maximiz\u00e2nd veniturile acestora sau oferind flexibilitate operatorului sistemului de distribu\u021bie (DSO).[\/vc_column_text][\/vc_column][\/vc_row][vc_row bg_type=&#8221;bg_color&#8221; ult_hide_row=&#8221;ult_hide_row_value&#8221; ult_hide_row_tablet=&#8221;tablet&#8221; ult_hide_row_tablet_small=&#8221;xs_tablet&#8221; ult_hide_row_mobile=&#8221;mobile&#8221; ult_hide_row_mobile_large=&#8221;xl_mobile&#8221;][vc_column width=&#8221;1\/1&#8243;]<div class=\"spacer\" style=\"height: 250px;\"><\/div>[\/vc_column][\/vc_row][vc_row bg_color=&#8221;#262626&#8243; top_padding=&#8221;70&#8243; bottom_padding=&#8221;70&#8243; bg_type=&#8221;bg_color&#8221;][vc_column width=&#8221;1\/2&#8243;][vc_column_text]\u00a9 Icpe | Tehnologii pentru dezvoltare durabil\u0103<br \/>\n<a href=\"http:\/\/www.icpe.ro\/ro\/termeni\" target=\"_blank\" rel=\"noopener\">Termeni \u0219i Condi\u021bii<\/a>[\/vc_column_text][\/vc_column][vc_column text_align=&#8221;center&#8221; width=&#8221;1\/2&#8243;]<a href=\"http:\/\/www.icpe.ro\/ro\/institutul\/proiecte\/\" target=\"_blank\" class=\"button color-3 small \" style=\"border-radius: 2px;\">Vezi mai multe proiecte<\/a>[\/vc_column][\/vc_row]<\/p>\n","protected":false},"excerpt":{"rendered":"<p>[vc_row type=&#8221;full_width_section&#8221;][vc_column width=&#8221;1\/1&#8243;][vc_raw_html]JTNDc3R5bGUlM0UlMEEudG9wbmF2JTIwJTdCJTBBJTBBJTIwJTIwJTIwJTIwbGlzdC1zdHlsZSUzQW5vbmUlM0IlMEElMjAlMjAlMjAlMjBtYXJnaW4lM0EwJTNCJTBBJTIwJTIwJTIwJTIwcGFkZGluZyUzQTAlM0IlMEElMjAlMjAlMjAlMjB0ZXh0LWFsaWduJTNBY2VudGVyJTNCJTBBJTdEJTBBJTBBLnRvcG5hdiUyMGxpJTIwJTdCJTBBJTIwJTIwZGlzcGxheSUzQWlubGluZSUzQiUwQSU3RCUwQSUwQS50b3BuYXYlMjBhJTdCJTBBJTIwJTIwZGlzcGxheSUzQWlubGluZS1ibG9jayUzQiUwQSUyMCUyMGNvbG9yJTNBJTIwJTIzMDAwJTNCJTBBJTIwJTIwJTIwJTIwcGFkZGluZyUzQTE4cHglMjAzNnB4JTNCJTBBJTIwJTIwZm9udC1zaXplJTNBMTdweCUzQiUwQSU3RCUwQS50b3BuYXYlMjBhJTNBaG92ZXIlMjAlN0IlMEElMjAlMjBiYWNrZ3JvdW5kLWNvbG9yJTNBJTIwJTIzZGRkJTNCJTBBJTIwJTIwY29sb3IlM0ElMjBibGFjayUzQiUwQSU3RCUwQSUwQS50b3BuYXYlMjAuaWNvbiUyMCU3QiUwQSUyMCUyMGRpc3BsYXklM0ElMjBub25lJTNCJTBBJTdEJTBBLmFjdGl2ZSUyMCU3QiUwQSUyMCUyMCUyMCUyMGJhY2tncm91bmQtY29sb3IlM0ElMjAlMjNmN2Y3ZjclM0IlMEElMjAlMjAlMjAlMjBmb250LXdlaWdodCUzQSUyMGJvbGQlM0IlMEElN0QlMEElMEElNDBtZWRpYSUyMHNjcmVlbiUyMGFuZCUyMCUyOG1heC13aWR0aCUzQSUyMDYwMHB4JTI5JTIwJTdCJTBBJTIwJTIwLnRvcG5hdiUyMGElM0Fub3QlMjglM0FmaXJzdC1jaGlsZCUyOSUyMCU3QmRpc3BsYXklM0ElMjBub25lJTNCJTdEJTBBJTIwJTIwLnRvcG5hdiUyMGEuaWNvbiUyMCU3QiUwQSUyMCUyMCUyMCUyMGZsb2F0JTNBJTIwcmlnaHQlM0IlMEElMjAlMjAlMjAlMjBkaXNwbGF5JTNBJTIwYmxvY2slM0IlMEElMjAlMjAlN0QlMEElN0QlMEElMEElNDBtZWRpYSUyMHNjcmVlbiUyMGFuZCUyMCUyOG1heC13aWR0aCUzQSUyMDYwMHB4JTI5JTIwJTdCJTBBJTIwJTIwLnRvcG5hdi5yZXNwb25zaXZlJTIwJTdCcG9zaXRpb24lM0ElMjByZWxhdGl2ZSUzQiU3RCUwQSUyMCUyMC50b3BuYXYucmVzcG9uc2l2ZSUyMC5pY29uJTIwJTdCJTBBJTIwJTIwJTIwJTIwcG9zaXRpb24lM0ElMjBhYnNvbHV0ZSUzQiUwQSUyMCUyMCUyMCUyMHJpZ2h0JTNBJTIwMCUzQiUwQSUyMCUyMCUyMCUyMHRvcCUzQSUyMDAlM0IlMEElMjAlMjAlN0QlMEElMjAlMjAudG9wbmF2LnJlc3BvbnNpdmUlMjBhJTIwJTdCJTBBJTIwJTIwJTIwJTIwZmxvYXQlM0ElMjBub25lJTNCJTBBJTIwJTIwJTIwJTIwZGlzcGxheSUzQSUyMGJsb2NrJTNCJTBBJTIwJTIwJTIwJTIwdGV4dC1hbGlnbiUzQSUyMGxlZnQlM0IlMEElMjAlMjAlN0QlMEElMEElN0QlMEElM0MlMkZzdHlsZSUzRSUwQSUwQSUwQSUwQSUzQ2RpdiUyMGNsYXNzJTNEJTIydG9wbmF2JTIyJTIwaWQlM0QlMjJteVRvcG5hdiUyMiUzRSUwQSUyMCUyMCUzQ2ElMjBocmVmJTNEJTIyaHR0cCUzQSUyRiUyRnd3dy5pY3BlLnJvJTJGcm8lMkZwdmFkaXBjJTJGJTIyJTNFQWNhcyVDNCU4MyUzQyUyRmElM0UlMEElMjAlMjAlM0NhJTIwaHJlZiUzRCUyMmh0dHAlM0ElMkYlMkZ3d3cuaWNwZS5ybyUyRnJvJTJGcHZhZGlwYyUyRmRlc3ByZS1wcm9pZWN0JTJGJTIyJTNFRGVzcHJlJTIwcHJvaWVjdCUzQyUyRmElM0UlMEElMjAlMjAlM0NhJTIwaHJlZiUzRCUyMmh0dHAlM0ElMkYlMkZ3d3cuaWNwZS5ybyUyRnJvJTJGcHZhZGlwYyUyRmNvbnNvcnRpdSUyRiUyMiUzRUNvbnNvciVDNSVBM2l1JTNDJTJGYSUzRSUwQSUyMCUyMCUzQ2ElMjBocmVmJTNEJTIyaHR0cCUzQSUyRiUyRnd3dy5pY3BlLnJvJTJGcm8lMkZwdmFkaXBjJTJGZXRhcGUlMkYlMjIlM0VQYWNoZXRlJTIwZGUlMjBsdWNydSUzQyUyRmElM0UlMEElMjAlMjAlM0NhJTIwaHJlZiUzRCUyMmh0dHAlM0ElMkYlMkZ3d3cuaWNwZS5ybyUyRnJvJTJGcHZhZGlwYyUyRm5vdXRhdGklMkYlMjIlM0VOb3V0JUM0JTgzJUM1JUEzaSUzQyUyRmElM0UlMEElMjAlMjAlM0NhJTIwaHJlZiUzRCUyMmh0dHAlM0ElMkYlMkZ3d3cuaWNwZS5ybyUyRnJvJTJGcHZhZGlwYyUyRmNvbnRhY3QlMkYlMjIlM0VDb250YWN0JTNDJTJGYSUzRSUwQSUyMCUyMCUzQ2xpJTIwc3R5bGUlM0QlMjJmbG9hdCUzQXJpZ2h0JTIyJTNFJTNDYSUyMGNsYXNzJTNEJTIyYWN0aXZlJTIyJTIwaHJlZiUzRCUyMmh0dHAlM0ElMkYlMkZ3d3cuaWNwZS5ybyUyRnB2YWRpcGMlMkYlMjIlM0VFTiUzQyUyRmElM0UlM0MlMkZsaSUzRSUwQSUwQSUwQSUyMCUyMCUzQ2ElMjBocmVmJTNEJTIyamF2YXNjcmlwdCUzQXZvaWQlMjgwJTI5JTNCJTIyJTIwc3R5bGUlM0QlMjJmb250LXNpemUlM0ExNXB4JTNCJTIyJTIwY2xhc3MlM0QlMjJpY29uJTIyJTIwb25jbGljayUzRCUyMm15RnVuY3Rpb24lMjglMjklMjIlM0UlMjYlMjM5Nzc2JTNCJTNDJTJGYSUzRSUwQSUzQyUyRmRpdiUzRSUwQSUwQSUzQ3NjcmlwdCUzRSUwQWZ1bmN0aW9uJTIwbXlGdW5jdGlvbiUyOCUyOSUyMCU3QiUwQSUyMCUyMCUyMCUyMHZhciUyMHglMjAlM0QlMjBkb2N1bWVudC5nZXRFbGVtZW50QnlJZCUyOCUyMm15VG9wbmF2JTIyJTI5JTNCJTBBJTIwJTIwJTIwJTIwaWYlMjAlMjh4LmNsYXNzTmFtZSUyMCUzRCUzRCUzRCUyMCUyMnRvcG5hdiUyMiUyOSUyMCU3QiUwQSUyMCUyMCUyMCUyMCUyMCUyMCUyMCUyMHguY2xhc3NOYW1lJTIwJTJCJTNEJTIwJTIyJTIwcmVzcG9uc2l2ZSUyMiUzQiUwQSUyMCUyMCUyMCUyMCU3RCUyMGVsc2UlMjAlN0IlMEElMjAlMjAlMjAlMjAlMjAlMjAlMjAlMjB4LmNsYXNzTmFtZSUyMCUzRCUyMCUyMnRvcG5hdiUyMiUzQiUwQSUyMCUyMCUyMCUyMCU3RCUwQSU3RCUwQSUzQyUyRnNjcmlwdCUzRQ==[\/vc_raw_html][\/vc_column][\/vc_row][vc_row][vc_column width=&#8221;1\/1&#8243;][\/vc_column][\/vc_row][vc_row bg_color=&#8221;#efefef&#8221; top_padding=&#8221;20&#8243; bottom_padding=&#8221;20&#8243;][vc_column width=&#8221;1\/1&#8243;][\/vc_column][\/vc_row][vc_row top_padding=&#8221;40&#8243; bottom_padding=&#8221;40&#8243;][vc_column width=&#8221;1\/1&#8243;][vc_column_text]Proiectul propune o solu\u021bie eficient\u0103 din punct de vedere al costurilor, destinat\u0103 sistemele fotovoltaice mici ongrid, unde datele relevante de la fa\u021ba locului sunt colectate, transmise c\u0103tre o platform\u0103 cloud dedicat\u0103 pentru a fi procesate, analizate \u0219i diagnosticate. Echipamentul va asigura o montare u\u0219oar\u0103 la fa\u021ba locului, direct pe sistemul PV instalat de prosumer, f\u0103r\u0103 asisten\u021b\u0103 tehnic\u0103. Odat\u0103 conectat, sistemul va \u00eencepe rapid s\u0103 colecteze \u0219i s\u0103 transmit\u0103 date, cum ar fi: meteorologice, configura\u021bia sistemului spa\u021bial PV, orientarea \u0219i \u00eenclinarea \u00een platform\u0103. Toate datele recep\u021bionate vor fi integrate automat, iar datele de ie\u0219ire procesate prin intermediul algoritmilor. Principalele avantaje ale proiectului PVADIPC sunt \u00een termeni de economii importante de timp \u0219i bani. Punerea \u00een func\u021biune a senzorilor la fa\u021ba locului, transferul de date c\u0103tre platforma cloud PVADIPC, procesarea, analiza \u0219i diagnosticarea acestora se fac rapid \u0219i u\u0219or. Ca rezultat al proiectului, va fi ob\u021binut un sistem inteligent, u\u0219or de utilizat, care va u\u0219ura folosirea sistemelor PV. Acesta va permite prosumatorilor s\u0103-\u0219i optimizeze beneficiile sistemului PV propriu, de ex. pentru maximizarea utiliz\u0103rii produc\u021biei fotovoltaice \u00een momentele \u00een care injectarea puterii \u00een re\u021bea nu este permis\u0103, maximiz\u00e2nd veniturile acestora sau oferind flexibilitate [&hellip;]<\/p>\n","protected":false},"author":2,"featured_media":0,"parent":20459,"menu_order":108,"comment_status":"closed","ping_status":"closed","template":"","meta":[],"folder":[88],"_links":{"self":[{"href":"http:\/\/www.icpe.ro\/ro\/wp-json\/wp\/v2\/pages\/20469"}],"collection":[{"href":"http:\/\/www.icpe.ro\/ro\/wp-json\/wp\/v2\/pages"}],"about":[{"href":"http:\/\/www.icpe.ro\/ro\/wp-json\/wp\/v2\/types\/page"}],"author":[{"embeddable":true,"href":"http:\/\/www.icpe.ro\/ro\/wp-json\/wp\/v2\/users\/2"}],"replies":[{"embeddable":true,"href":"http:\/\/www.icpe.ro\/ro\/wp-json\/wp\/v2\/comments?post=20469"}],"version-history":[{"count":0,"href":"http:\/\/www.icpe.ro\/ro\/wp-json\/wp\/v2\/pages\/20469\/revisions"}],"up":[{"embeddable":true,"href":"http:\/\/www.icpe.ro\/ro\/wp-json\/wp\/v2\/pages\/20459"}],"wp:attachment":[{"href":"http:\/\/www.icpe.ro\/ro\/wp-json\/wp\/v2\/media?parent=20469"}],"wp:term":[{"taxonomy":"folder","embeddable":true,"href":"http:\/\/www.icpe.ro\/ro\/wp-json\/wp\/v2\/folder?post=20469"}],"curies":[{"name":"wp","href":"https:\/\/api.w.org\/{rel}","templated":true}]}}