{"id":20432,"date":"2020-11-26T18:13:59","date_gmt":"2020-11-26T15:13:59","guid":{"rendered":"http:\/\/www.icpe.ro\/ro\/?page_id=20432"},"modified":"2022-09-20T11:16:19","modified_gmt":"2022-09-20T08:16:19","slug":"etape","status":"publish","type":"page","link":"http:\/\/www.icpe.ro\/ro\/emlev\/etape\/","title":{"rendered":"Etape"},"content":{"rendered":"<p>[vc_row type=&#8221;full_width_section&#8221;][vc_column width=&#8221;1\/1&#8243;][vc_raw_html]JTNDc3R5bGUlM0UlMEEudG9wbmF2JTIwJTdCJTBBJTBBJTIwJTIwJTIwJTIwbGlzdC1zdHlsZSUzQW5vbmUlM0IlMEElMjAlMjAlMjAlMjBtYXJnaW4lM0EwJTNCJTBBJTIwJTIwJTIwJTIwcGFkZGluZyUzQTAlM0IlMEElMjAlMjAlMjAlMjB0ZXh0LWFsaWduJTNBY2VudGVyJTNCJTBBJTdEJTBBJTBBLnRvcG5hdiUyMGxpJTIwJTdCJTBBJTIwJTIwZGlzcGxheSUzQWlubGluZSUzQiUwQSU3RCUwQSUwQS50b3BuYXYlMjBhJTdCJTBBJTIwJTIwZGlzcGxheSUzQWlubGluZS1ibG9jayUzQiUwQSUyMCUyMGNvbG9yJTNBJTIwJTIzMDAwJTNCJTBBJTIwJTIwJTIwJTIwcGFkZGluZyUzQTE4cHglMjAzNnB4JTNCJTBBJTIwJTIwZm9udC1zaXplJTNBMTdweCUzQiUwQSU3RCUwQS50b3BuYXYlMjBhJTNBaG92ZXIlMjAlN0IlMEElMjAlMjBiYWNrZ3JvdW5kLWNvbG9yJTNBJTIwJTIzZGRkJTNCJTBBJTIwJTIwY29sb3IlM0ElMjBibGFjayUzQiUwQSU3RCUwQSUwQS50b3BuYXYlMjAuaWNvbiUyMCU3QiUwQSUyMCUyMGRpc3BsYXklM0ElMjBub25lJTNCJTBBJTdEJTBBLmFjdGl2ZSUyMCU3QiUwQSUyMCUyMCUyMCUyMGJhY2tncm91bmQtY29sb3IlM0ElMjAlMjNmN2Y3ZjclM0IlMEElMjAlMjAlMjAlMjBmb250LXdlaWdodCUzQSUyMGJvbGQlM0IlMEElN0QlMEElMEElNDBtZWRpYSUyMHNjcmVlbiUyMGFuZCUyMCUyOG1heC13aWR0aCUzQSUyMDYwMHB4JTI5JTIwJTdCJTBBJTIwJTIwLnRvcG5hdiUyMGElM0Fub3QlMjglM0FmaXJzdC1jaGlsZCUyOSUyMCU3QmRpc3BsYXklM0ElMjBub25lJTNCJTdEJTBBJTIwJTIwLnRvcG5hdiUyMGEuaWNvbiUyMCU3QiUwQSUyMCUyMCUyMCUyMGZsb2F0JTNBJTIwcmlnaHQlM0IlMEElMjAlMjAlMjAlMjBkaXNwbGF5JTNBJTIwYmxvY2slM0IlMEElMjAlMjAlN0QlMEElN0QlMEElMEElNDBtZWRpYSUyMHNjcmVlbiUyMGFuZCUyMCUyOG1heC13aWR0aCUzQSUyMDYwMHB4JTI5JTIwJTdCJTBBJTIwJTIwLnRvcG5hdi5yZXNwb25zaXZlJTIwJTdCcG9zaXRpb24lM0ElMjByZWxhdGl2ZSUzQiU3RCUwQSUyMCUyMC50b3BuYXYucmVzcG9uc2l2ZSUyMC5pY29uJTIwJTdCJTBBJTIwJTIwJTIwJTIwcG9zaXRpb24lM0ElMjBhYnNvbHV0ZSUzQiUwQSUyMCUyMCUyMCUyMHJpZ2h0JTNBJTIwMCUzQiUwQSUyMCUyMCUyMCUyMHRvcCUzQSUyMDAlM0IlMEElMjAlMjAlN0QlMEElMjAlMjAudG9wbmF2LnJlc3BvbnNpdmUlMjBhJTIwJTdCJTBBJTIwJTIwJTIwJTIwZmxvYXQlM0ElMjBub25lJTNCJTBBJTIwJTIwJTIwJTIwZGlzcGxheSUzQSUyMGJsb2NrJTNCJTBBJTIwJTIwJTIwJTIwdGV4dC1hbGlnbiUzQSUyMGxlZnQlM0IlMEElMjAlMjAlN0QlMEElMEElN0QlMEElM0MlMkZzdHlsZSUzRSUwQSUwQSUwQSUwQSUzQ2RpdiUyMGNsYXNzJTNEJTIydG9wbmF2JTIyJTIwaWQlM0QlMjJteVRvcG5hdiUyMiUzRSUwQSUyMCUyMCUzQ2ElMjBocmVmJTNEJTIyaHR0cCUzQSUyRiUyRnd3dy5pY3BlLnJvJTJGcm8lMkZlbWxldiUyRiUyMiUzRUFjYXMlQzQlODMlM0MlMkZhJTNFJTBBJTIwJTIwJTNDYSUyMGhyZWYlM0QlMjJodHRwJTNBJTJGJTJGd3d3LmljcGUucm8lMkZybyUyRmVtbGV2JTJGZGVzcHJlLXByb2llY3QlMjIlM0VEZXNwcmUlMjBwcm9pZWN0JTNDJTJGYSUzRSUwQSUyMCUyMCUzQ2ElMjBocmVmJTNEJTIyaHR0cCUzQSUyRiUyRnd3dy5pY3BlLnJvJTJGcm8lMkZlbWxldiUyRmNvbnNvcnRpdSUyMiUzRUNvbnNvciVDOCU5Qml1JTNDJTJGYSUzRSUwQSUyMCUyMCUzQ2ElMjBocmVmJTNEJTIyaHR0cCUzQSUyRiUyRnd3dy5pY3BlLnJvJTJGcm8lMkZlbWxldiUyRmV0YXBlJTIyJTNFRXRhcGUlM0MlMkZhJTNFJTBBJTIwJTIwJTNDYSUyMGhyZWYlM0QlMjJodHRwJTNBJTJGJTJGd3d3LmljcGUucm8lMkZybyUyRmVtbGV2JTJGbm91dGF0aSUyMiUzRU5vdXQlQzQlODMlQzglOUJpJTNDJTJGYSUzRSUwQSUyMCUyMCUzQ2ElMjBocmVmJTNEJTIyaHR0cCUzQSUyRiUyRnd3dy5pY3BlLnJvJTJGcm8lMkZlbWxldiUyRnJlenVsdGF0ZSUyMiUzRVJlenVsdGF0ZSUzQyUyRmElM0UlMEElMjAlMjAlM0NhJTIwaHJlZiUzRCUyMmh0dHAlM0ElMkYlMkZ3d3cuaWNwZS5ybyUyRnJvJTJGZW1sZXYlMkZjb250YWN0JTIyJTNFQ29udGFjdCUzQyUyRmElM0UlMEElMjAlMjAlM0NsaSUyMHN0eWxlJTNEJTIyZmxvYXQlM0FyaWdodCUyMiUzRSUzQ2ElMjBjbGFzcyUzRCUyMmFjdGl2ZSUyMiUyMGhyZWYlM0QlMjJodHRwJTNBJTJGJTJGd3d3LmljcGUucm8lMkZlbWxldiUyRiUyMiUzRUVOJTNDJTJGYSUzRSUzQyUyRmxpJTNFJTBBJTBBJTBBJTIwJTIwJTNDYSUyMGhyZWYlM0QlMjJqYXZhc2NyaXB0JTNBdm9pZCUyODAlMjklM0IlMjIlMjBzdHlsZSUzRCUyMmZvbnQtc2l6ZSUzQTE1cHglM0IlMjIlMjBjbGFzcyUzRCUyMmljb24lMjIlMjBvbmNsaWNrJTNEJTIybXlGdW5jdGlvbiUyOCUyOSUyMiUzRSUyNiUyMzk3NzYlM0IlM0MlMkZhJTNFJTBBJTNDJTJGZGl2JTNFJTBBJTBBJTNDc2NyaXB0JTNFJTBBZnVuY3Rpb24lMjBteUZ1bmN0aW9uJTI4JTI5JTIwJTdCJTBBJTIwJTIwJTIwJTIwdmFyJTIweCUyMCUzRCUyMGRvY3VtZW50LmdldEVsZW1lbnRCeUlkJTI4JTIybXlUb3BuYXYlMjIlMjklM0IlMEElMjAlMjAlMjAlMjBpZiUyMCUyOHguY2xhc3NOYW1lJTIwJTNEJTNEJTNEJTIwJTIydG9wbmF2JTIyJTI5JTIwJTdCJTBBJTIwJTIwJTIwJTIwJTIwJTIwJTIwJTIweC5jbGFzc05hbWUlMjAlMkIlM0QlMjAlMjIlMjByZXNwb25zaXZlJTIyJTNCJTBBJTIwJTIwJTIwJTIwJTdEJTIwZWxzZSUyMCU3QiUwQSUyMCUyMCUyMCUyMCUyMCUyMCUyMCUyMHguY2xhc3NOYW1lJTIwJTNEJTIwJTIydG9wbmF2JTIyJTNCJTBBJTIwJTIwJTIwJTIwJTdEJTBBJTdEJTBBJTNDJTJGc2NyaXB0JTNF[\/vc_raw_html][\/vc_column][\/vc_row][vc_row bg_color=&#8221;#efefef&#8221; top_padding=&#8221;20&#8243; bottom_padding=&#8221;20&#8243;][vc_column width=&#8221;1\/1&#8243;]<h1 class=\"headline font-inherit fontsize-m fontweight-700 lh-inherit align-center transform-uppercase \" style=\"margin: 0 0 0 0;\">Etape<\/h1>[\/vc_column][\/vc_row][vc_row top_padding=&#8221;40&#8243;][vc_column width=&#8221;1\/6&#8243;][vc_pie value=&#8221;100&#8243; color=&#8221;#1e73be&#8221; title=&#8221;Realizat&#8221; units=&#8221;%&#8221;][\/vc_column][vc_column width=&#8221;2\/6&#8243;][vc_column_text]<\/p>\n<table>\n<tbody>\n<tr>\n<td width=\"50%\">Etapa 1 &#8211; Studiu privind determinarea caracteristicilor tehnice ale seriei de motoare sincrone cu reluctan\u0163\u0103 variabil\u0103 asistate de magne\u021bi permanen\u021bi<\/p>\n<p><strong>10.09.2020 \u2013 30.12.2020<br \/>\n( ~ 4 luni)<\/strong><\/td>\n<td width=\"50%\">Act 1.1 &#8211; Analiza rezultatelor (testelor) obtinute pentru modelul de laborator al motorului EMLEV<br \/>\nAct 1.2 &#8211; Studiu preliminar privind principalele componente si definirea caracteristicilor tehnice ale seriei de motoare sincrone cu reluctan\u0163\u0103 variabil\u0103 asistate de magne\u021bi permanen\u021bi<br \/>\nAct 1.3 &#8211; Diseminare informatii<\/td>\n<\/tr>\n<\/tbody>\n<\/table>\n<p>[\/vc_column_text][\/vc_column][vc_column width=&#8221;3\/6&#8243;][vc_column_text]<\/p>\n<table class=\" aligncenter\" style=\"height: 527px;\" width=\"486\">\n<tbody>\n<tr>\n<td style=\"width: 476.8px;\"><img loading=\"lazy\" class=\"size-full wp-image-21051 aligncenter\" src=\"http:\/\/www.icpe.ro\/ro\/wp-content\/uploads\/2021\/12\/Poza1.jpg\" alt=\"\" width=\"281\" height=\"219\" \/><\/td>\n<\/tr>\n<tr>\n<td style=\"width: 476.8px; text-align: left;\">In cadrul primei etape toate activitatile din planul de realizare au fost realizate. Astfel a fost realizat un model experimental al motorului iar rezultatele obtinute cu ajutorul simularilor si precum si rezultatele testarilor au contribuit la realizarea studiului preliminar privind principalele componente si definirea caracteristicilor tehnice ale seriei de motoare sincrone cu reluctan\u0163\u0103 variabil\u0103 asistate de magne\u021bi permanen\u021bi.<\/td>\n<\/tr>\n<\/tbody>\n<\/table>\n<p>[\/vc_column_text][\/vc_column][\/vc_row][vc_row][vc_column width=&#8221;1\/1&#8243;]<div class=\"newdivider align-center\" style=\"border-bottom-style: solid; border-color: #999999; border-bottom-width: 2px; margin-top: 40px; margin-bottom: 40px; width: 100%; \"><\/div><div class=\"clear\"><\/div>[\/vc_column][\/vc_row][vc_row][vc_column width=&#8221;1\/6&#8243;][vc_pie value=&#8221;100&#8243; color=&#8221;#1e73be&#8221; title=&#8221;Realizat&#8221; units=&#8221;%&#8221;][\/vc_column][vc_column width=&#8221;2\/6&#8243;][vc_column_text]<\/p>\n<table>\n<tbody>\n<tr>\n<td width=\"50%\">Etapa 2 &#8211; Realizarea si testarea prototipului pentru tipodimensiunea reprezentativa a seriei de motoare electrice EMLEV<\/p>\n<p><strong>04.01.2021 \u2013 31.12.2021<br \/>\n( ~ 12 luni)<\/strong><\/td>\n<td width=\"50%\">Act 2.1 \u2013 Studiu (final) privind principalele componente si definirea caracteristicilor tehnice a seriei e motoare sincrone cu reluctan\u0163\u0103 variabil\u0103 asistate de magne\u021bi permanen\u021bi<br \/>\nAct 2.2 &#8211; Studiu de fezabilitate pentru dezvoltarea experimentala a motorului EMLEV<br \/>\nAct 2.3 &#8211; Proiectarea prototip tipodimensiune reprezentativa a seriei de motoare sincrone cu reluctan\u0163\u0103 variabil\u0103 asistate de magne\u021bi permanen\u021bi EMLEV<br \/>\nAct 2.4 &#8211; Realizare prototip si subansamble stand de incercari<br \/>\nAct 2.5 &#8211; Diseminare informatii<\/td>\n<\/tr>\n<\/tbody>\n<\/table>\n<p>[\/vc_column_text][\/vc_column][vc_column width=&#8221;3\/6&#8243;][vc_column_text]<\/p>\n<table class=\" aligncenter\" style=\"height: 880px; width: 486px;\">\n<tbody>\n<tr>\n<td style=\"width: 203.675px;\"><img loading=\"lazy\" class=\"size-full wp-image-21053 aligncenter\" src=\"http:\/\/www.icpe.ro\/ro\/wp-content\/uploads\/2021\/12\/Poza2.jpg\" alt=\"\" width=\"236\" height=\"217\" \/><\/td>\n<td style=\"width: 267.525px;\"><img loading=\"lazy\" class=\"alignnone wp-image-21054 aligncenter\" src=\"http:\/\/www.icpe.ro\/ro\/wp-content\/uploads\/2021\/12\/Poza3.jpg\" alt=\"\" width=\"220\" height=\"192\" \/><\/td>\n<\/tr>\n<tr>\n<td style=\"width: 476.8px;\" colspan=\"2\"><img loading=\"lazy\" class=\"alignnone size-medium wp-image-21055 aligncenter\" src=\"http:\/\/www.icpe.ro\/ro\/wp-content\/uploads\/2021\/12\/Poza4-300x145.jpg\" alt=\"\" width=\"300\" height=\"145\" srcset=\"http:\/\/www.icpe.ro\/ro\/wp-content\/uploads\/2021\/12\/Poza4-300x145.jpg 300w, http:\/\/www.icpe.ro\/ro\/wp-content\/uploads\/2021\/12\/Poza4.jpg 359w\" sizes=\"(max-width: 300px) 100vw, 300px\" \/><\/td>\n<\/tr>\n<tr>\n<td style=\"width: 476.8px;\" colspan=\"2\">In cadrul celei de a 2-a etape toate activitatile din planul de realizare au fost realizate. Astfel a fost definitivat studiul privind principalele componente si definirea caracteristicilor tehnice ale seriei de motoare sincrone cu reluctan\u0163\u0103 variabil\u0103 asistate de magne\u021bi permanen\u021bi. A fost realizat un studiu de fezabilitate inainte de proiectarea si realizarea efectiva a prototipului. Prototipul a fost realizat de catre coordonatorul de proiect parametrii sai principali putandu-se regasi in tabelul 1.<\/td>\n<\/tr>\n<tr>\n<td style=\"width: 476.8px;\" colspan=\"2\"><img loading=\"lazy\" class=\"alignnone size-medium wp-image-21056 aligncenter\" src=\"http:\/\/www.icpe.ro\/ro\/wp-content\/uploads\/2021\/12\/Poza5-300x273.jpg\" alt=\"\" width=\"300\" height=\"273\" srcset=\"http:\/\/www.icpe.ro\/ro\/wp-content\/uploads\/2021\/12\/Poza5-300x273.jpg 300w, http:\/\/www.icpe.ro\/ro\/wp-content\/uploads\/2021\/12\/Poza5.jpg 613w\" sizes=\"(max-width: 300px) 100vw, 300px\" \/><\/p>\n<p>&nbsp;<\/td>\n<\/tr>\n<\/tbody>\n<\/table>\n<p>[\/vc_column_text][\/vc_column][\/vc_row][vc_row][vc_column width=&#8221;1\/1&#8243;]<div class=\"newdivider align-center\" style=\"border-bottom-style: solid; border-color: #999999; border-bottom-width: 2px; margin-top: 40px; margin-bottom: 40px; width: 100%; \"><\/div><div class=\"clear\"><\/div>[\/vc_column][\/vc_row][vc_row bottom_padding=&#8221;40&#8243;][vc_column width=&#8221;1\/6&#8243;][vc_pie value=&#8221;100&#8243; color=&#8221;#1e73be&#8221; title=&#8221;Realizat&#8221; units=&#8221;%&#8221;][\/vc_column][vc_column width=&#8221;2\/6&#8243;][vc_column_text]<\/p>\n<table>\n<tbody>\n<tr>\n<td width=\"50%\">Etapa 3 &#8211; Demonstrarea functionalitatii produsului EMLEV<\/p>\n<p><strong>03.01.2022 \u2013 09.09.2022<br \/>\n( ~ 8 luni)<\/strong><\/td>\n<td width=\"50%\">Act 3.1 &#8211; Realizare stand de incercari<br \/>\nAct 3.2 &#8211; Testarea prototipului EMLEV<br \/>\nAct 3.3 &#8211; Demonstrarea functionalitatii si validarea prototipului EMLEV<br \/>\nAct 3.4 &#8211; Elaborarea Specificatiei Tehnice finale pentru seria de motoare EMLEV.<br \/>\nRaport final<br \/>\nAct 3.5 &#8211; Diseminare informatii<\/td>\n<\/tr>\n<\/tbody>\n<\/table>\n<p>[\/vc_column_text][\/vc_column][vc_column width=&#8221;3\/6&#8243;][vc_column_text]<\/p>\n<table style=\"height: 191px; width: 544px;\">\n<tbody>\n<tr style=\"height: 152px;\">\n<td style=\"width: 834px; height: 152px; text-align: center;\" colspan=\"3\">\n<p style=\"text-align: justify;\">Pe parcursul etapei a 3-a a proiectului (etapa final\u0103) au fost realizate toate activit\u0103\u021bile din planul de implementare. Astfel, bancul de teste a fost realizat, activitatea de testare a prototipului motorului sincron cu reluctan\u0163\u0103 variabil\u0103 asistat de magne\u0163i permanen\u0163i din ferit\u0103 (EMLEV) fiind \u020bnceput\u0103 \u015fi finalizat\u0103 cu succes. Rezultatele ob\u0163inute au fost \u00een concordan\u0163\u0103 cu cele ob\u0163inute \u00een urma simul\u0103rilor efectuate, dar \u015fi cu cele ob\u0163inute din testele efectuate pe modelul experimental. Documenta\u021bia tehnic\u0103 final\u0103 a fost elaborat\u0103, iar rezultatele proiectului au fost diseminate \u00een cadrul unor t\u00e2rguri \u0219i expozi\u021bii europene prestigioase (de exemplu Eurosatory 2022 dar \u0219i altele din aceea\u0219i categorie de importan\u021b\u0103, asigur\u00e2ndu-se astfel o vizibilitate foarte bun\u0103 a proiectului \u00een r\u00e2ndul cercet\u0103torilor dar \u015fi al posibililor viitori parteneri).<\/p>\n<p>&nbsp;<\/td>\n<\/tr>\n<tr style=\"height: 24px;\">\n<td style=\"width: 415.275px; height: 24px; text-align: center;\" colspan=\"2\"><img loading=\"lazy\" class=\"aligncenter wp-image-21279\" src=\"http:\/\/www.icpe.ro\/wp-content\/uploads\/2022\/09\/Picture1-1-300x177.jpg\" alt=\"\" width=\"271\" height=\"160\" \/><\/p>\n<p>&nbsp;<\/td>\n<td style=\"width: 418.725px; height: 24px; text-align: center;\"><img loading=\"lazy\" class=\"aligncenter wp-image-21271\" src=\"http:\/\/www.icpe.ro\/wp-content\/uploads\/2022\/09\/Picture2-300x200.jpg\" alt=\"\" width=\"241\" height=\"160\" \/><\/p>\n<p>&nbsp;<\/td>\n<\/tr>\n<tr style=\"height: 24px;\">\n<td style=\"width: 834px; height: 24px; text-align: center;\" colspan=\"3\"><img loading=\"lazy\" class=\"alignnone wp-image-21272\" src=\"http:\/\/www.icpe.ro\/wp-content\/uploads\/2022\/09\/Picture3-300x147.jpg\" alt=\"\" width=\"667\" height=\"327\" \/><\/p>\n<p>&nbsp;<\/td>\n<\/tr>\n<tr style=\"height: 24px;\">\n<td style=\"width: 834px; height: 24px; text-align: center;\" colspan=\"3\"><img loading=\"lazy\" class=\"alignnone wp-image-21278\" src=\"http:\/\/www.icpe.ro\/wp-content\/uploads\/2022\/09\/Picture9-300x249.jpg\" alt=\"\" width=\"600\" height=\"498\" \/><\/p>\n<p>&nbsp;<\/td>\n<\/tr>\n<tr style=\"height: 47px;\">\n<td style=\"width: 208px; height: 47px; text-align: center;\"><img loading=\"lazy\" class=\"aligncenter wp-image-21273\" src=\"http:\/\/www.icpe.ro\/wp-content\/uploads\/2022\/09\/Picture4-225x300.jpg\" alt=\"\" width=\"120\" height=\"160\" \/><\/p>\n<p>&nbsp;<\/td>\n<td style=\"width: 207.275px; height: 47px; text-align: center;\"><img loading=\"lazy\" class=\"aligncenter wp-image-21274\" src=\"http:\/\/www.icpe.ro\/wp-content\/uploads\/2022\/09\/Picture5-225x300.jpg\" alt=\"\" width=\"120\" height=\"160\" \/><\/p>\n<p>&nbsp;<\/td>\n<td style=\"width: 418.725px; height: 47px; text-align: center;\"><img loading=\"lazy\" class=\"aligncenter wp-image-21275\" src=\"http:\/\/www.icpe.ro\/wp-content\/uploads\/2022\/09\/Picture6-300x225.jpg\" alt=\"\" width=\"213\" height=\"160\" \/><\/p>\n<p>&nbsp;<\/td>\n<\/tr>\n<tr style=\"height: 44.3375px;\">\n<td style=\"width: 415.275px; height: 44.3375px; text-align: center;\" colspan=\"2\"><img loading=\"lazy\" class=\"aligncenter wp-image-21276\" src=\"http:\/\/www.icpe.ro\/wp-content\/uploads\/2022\/09\/Picture7-300x225.jpg\" alt=\"\" width=\"213\" height=\"160\" \/><\/td>\n<td style=\"width: 418.725px; height: 44.3375px; text-align: center;\"><img loading=\"lazy\" class=\"aligncenter wp-image-21277\" src=\"http:\/\/www.icpe.ro\/wp-content\/uploads\/2022\/09\/Picture8-300x225.jpg\" alt=\"\" width=\"213\" height=\"160\" \/><\/td>\n<\/tr>\n<tr style=\"height: 24px;\">\n<td style=\"width: 208px; height: 24px;\"><\/td>\n<td style=\"width: 207.275px; height: 24px;\"><\/td>\n<td style=\"width: 418.725px; height: 24px;\"><\/td>\n<\/tr>\n<\/tbody>\n<\/table>\n<p>[\/vc_column_text][\/vc_column][\/vc_row][vc_row bg_color=&#8221;#262626&#8243; top_padding=&#8221;70&#8243; bottom_padding=&#8221;70&#8243; bg_type=&#8221;bg_color&#8221;][vc_column width=&#8221;1\/2&#8243;][vc_column_text]\u00a9 Icpe | Technologies for Sustainable Development<br \/>\n<a href=\"http:\/\/www.icpe.ro\/terms\" target=\"_blank\" rel=\"noopener\">Terms and Conditions<\/a>[\/vc_column_text][\/vc_column][vc_column text_align=&#8221;center&#8221; width=&#8221;1\/2&#8243;]<a href=\"http:\/\/www.icpe.ro\/institute\/projects\/\" target=\"_blank\" class=\"button color-3 small \" style=\"border-radius: 2px;\">See more projects<\/a>[\/vc_column][\/vc_row]<\/p>\n","protected":false},"excerpt":{"rendered":"<p>[vc_row type=&#8221;full_width_section&#8221;][vc_column width=&#8221;1\/1&#8243;][vc_raw_html]JTNDc3R5bGUlM0UlMEEudG9wbmF2JTIwJTdCJTBBJTBBJTIwJTIwJTIwJTIwbGlzdC1zdHlsZSUzQW5vbmUlM0IlMEElMjAlMjAlMjAlMjBtYXJnaW4lM0EwJTNCJTBBJTIwJTIwJTIwJTIwcGFkZGluZyUzQTAlM0IlMEElMjAlMjAlMjAlMjB0ZXh0LWFsaWduJTNBY2VudGVyJTNCJTBBJTdEJTBBJTBBLnRvcG5hdiUyMGxpJTIwJTdCJTBBJTIwJTIwZGlzcGxheSUzQWlubGluZSUzQiUwQSU3RCUwQSUwQS50b3BuYXYlMjBhJTdCJTBBJTIwJTIwZGlzcGxheSUzQWlubGluZS1ibG9jayUzQiUwQSUyMCUyMGNvbG9yJTNBJTIwJTIzMDAwJTNCJTBBJTIwJTIwJTIwJTIwcGFkZGluZyUzQTE4cHglMjAzNnB4JTNCJTBBJTIwJTIwZm9udC1zaXplJTNBMTdweCUzQiUwQSU3RCUwQS50b3BuYXYlMjBhJTNBaG92ZXIlMjAlN0IlMEElMjAlMjBiYWNrZ3JvdW5kLWNvbG9yJTNBJTIwJTIzZGRkJTNCJTBBJTIwJTIwY29sb3IlM0ElMjBibGFjayUzQiUwQSU3RCUwQSUwQS50b3BuYXYlMjAuaWNvbiUyMCU3QiUwQSUyMCUyMGRpc3BsYXklM0ElMjBub25lJTNCJTBBJTdEJTBBLmFjdGl2ZSUyMCU3QiUwQSUyMCUyMCUyMCUyMGJhY2tncm91bmQtY29sb3IlM0ElMjAlMjNmN2Y3ZjclM0IlMEElMjAlMjAlMjAlMjBmb250LXdlaWdodCUzQSUyMGJvbGQlM0IlMEElN0QlMEElMEElNDBtZWRpYSUyMHNjcmVlbiUyMGFuZCUyMCUyOG1heC13aWR0aCUzQSUyMDYwMHB4JTI5JTIwJTdCJTBBJTIwJTIwLnRvcG5hdiUyMGElM0Fub3QlMjglM0FmaXJzdC1jaGlsZCUyOSUyMCU3QmRpc3BsYXklM0ElMjBub25lJTNCJTdEJTBBJTIwJTIwLnRvcG5hdiUyMGEuaWNvbiUyMCU3QiUwQSUyMCUyMCUyMCUyMGZsb2F0JTNBJTIwcmlnaHQlM0IlMEElMjAlMjAlMjAlMjBkaXNwbGF5JTNBJTIwYmxvY2slM0IlMEElMjAlMjAlN0QlMEElN0QlMEElMEElNDBtZWRpYSUyMHNjcmVlbiUyMGFuZCUyMCUyOG1heC13aWR0aCUzQSUyMDYwMHB4JTI5JTIwJTdCJTBBJTIwJTIwLnRvcG5hdi5yZXNwb25zaXZlJTIwJTdCcG9zaXRpb24lM0ElMjByZWxhdGl2ZSUzQiU3RCUwQSUyMCUyMC50b3BuYXYucmVzcG9uc2l2ZSUyMC5pY29uJTIwJTdCJTBBJTIwJTIwJTIwJTIwcG9zaXRpb24lM0ElMjBhYnNvbHV0ZSUzQiUwQSUyMCUyMCUyMCUyMHJpZ2h0JTNBJTIwMCUzQiUwQSUyMCUyMCUyMCUyMHRvcCUzQSUyMDAlM0IlMEElMjAlMjAlN0QlMEElMjAlMjAudG9wbmF2LnJlc3BvbnNpdmUlMjBhJTIwJTdCJTBBJTIwJTIwJTIwJTIwZmxvYXQlM0ElMjBub25lJTNCJTBBJTIwJTIwJTIwJTIwZGlzcGxheSUzQSUyMGJsb2NrJTNCJTBBJTIwJTIwJTIwJTIwdGV4dC1hbGlnbiUzQSUyMGxlZnQlM0IlMEElMjAlMjAlN0QlMEElMEElN0QlMEElM0MlMkZzdHlsZSUzRSUwQSUwQSUwQSUwQSUzQ2RpdiUyMGNsYXNzJTNEJTIydG9wbmF2JTIyJTIwaWQlM0QlMjJteVRvcG5hdiUyMiUzRSUwQSUyMCUyMCUzQ2ElMjBocmVmJTNEJTIyaHR0cCUzQSUyRiUyRnd3dy5pY3BlLnJvJTJGcm8lMkZlbWxldiUyRiUyMiUzRUFjYXMlQzQlODMlM0MlMkZhJTNFJTBBJTIwJTIwJTNDYSUyMGhyZWYlM0QlMjJodHRwJTNBJTJGJTJGd3d3LmljcGUucm8lMkZybyUyRmVtbGV2JTJGZGVzcHJlLXByb2llY3QlMjIlM0VEZXNwcmUlMjBwcm9pZWN0JTNDJTJGYSUzRSUwQSUyMCUyMCUzQ2ElMjBocmVmJTNEJTIyaHR0cCUzQSUyRiUyRnd3dy5pY3BlLnJvJTJGcm8lMkZlbWxldiUyRmNvbnNvcnRpdSUyMiUzRUNvbnNvciVDOCU5Qml1JTNDJTJGYSUzRSUwQSUyMCUyMCUzQ2ElMjBocmVmJTNEJTIyaHR0cCUzQSUyRiUyRnd3dy5pY3BlLnJvJTJGcm8lMkZlbWxldiUyRmV0YXBlJTIyJTNFRXRhcGUlM0MlMkZhJTNFJTBBJTIwJTIwJTNDYSUyMGhyZWYlM0QlMjJodHRwJTNBJTJGJTJGd3d3LmljcGUucm8lMkZybyUyRmVtbGV2JTJGbm91dGF0aSUyMiUzRU5vdXQlQzQlODMlQzglOUJpJTNDJTJGYSUzRSUwQSUyMCUyMCUzQ2ElMjBocmVmJTNEJTIyaHR0cCUzQSUyRiUyRnd3dy5pY3BlLnJvJTJGcm8lMkZlbWxldiUyRnJlenVsdGF0ZSUyMiUzRVJlenVsdGF0ZSUzQyUyRmElM0UlMEElMjAlMjAlM0NhJTIwaHJlZiUzRCUyMmh0dHAlM0ElMkYlMkZ3d3cuaWNwZS5ybyUyRnJvJTJGZW1sZXYlMkZjb250YWN0JTIyJTNFQ29udGFjdCUzQyUyRmElM0UlMEElMjAlMjAlM0NsaSUyMHN0eWxlJTNEJTIyZmxvYXQlM0FyaWdodCUyMiUzRSUzQ2ElMjBjbGFzcyUzRCUyMmFjdGl2ZSUyMiUyMGhyZWYlM0QlMjJodHRwJTNBJTJGJTJGd3d3LmljcGUucm8lMkZlbWxldiUyRiUyMiUzRUVOJTNDJTJGYSUzRSUzQyUyRmxpJTNFJTBBJTBBJTBBJTIwJTIwJTNDYSUyMGhyZWYlM0QlMjJqYXZhc2NyaXB0JTNBdm9pZCUyODAlMjklM0IlMjIlMjBzdHlsZSUzRCUyMmZvbnQtc2l6ZSUzQTE1cHglM0IlMjIlMjBjbGFzcyUzRCUyMmljb24lMjIlMjBvbmNsaWNrJTNEJTIybXlGdW5jdGlvbiUyOCUyOSUyMiUzRSUyNiUyMzk3NzYlM0IlM0MlMkZhJTNFJTBBJTNDJTJGZGl2JTNFJTBBJTBBJTNDc2NyaXB0JTNFJTBBZnVuY3Rpb24lMjBteUZ1bmN0aW9uJTI4JTI5JTIwJTdCJTBBJTIwJTIwJTIwJTIwdmFyJTIweCUyMCUzRCUyMGRvY3VtZW50LmdldEVsZW1lbnRCeUlkJTI4JTIybXlUb3BuYXYlMjIlMjklM0IlMEElMjAlMjAlMjAlMjBpZiUyMCUyOHguY2xhc3NOYW1lJTIwJTNEJTNEJTNEJTIwJTIydG9wbmF2JTIyJTI5JTIwJTdCJTBBJTIwJTIwJTIwJTIwJTIwJTIwJTIwJTIweC5jbGFzc05hbWUlMjAlMkIlM0QlMjAlMjIlMjByZXNwb25zaXZlJTIyJTNCJTBBJTIwJTIwJTIwJTIwJTdEJTIwZWxzZSUyMCU3QiUwQSUyMCUyMCUyMCUyMCUyMCUyMCUyMCUyMHguY2xhc3NOYW1lJTIwJTNEJTIwJTIydG9wbmF2JTIyJTNCJTBBJTIwJTIwJTIwJTIwJTdEJTBBJTdEJTBBJTNDJTJGc2NyaXB0JTNF[\/vc_raw_html][\/vc_column][\/vc_row][vc_row bg_color=&#8221;#efefef&#8221; top_padding=&#8221;20&#8243; bottom_padding=&#8221;20&#8243;][vc_column width=&#8221;1\/1&#8243;][\/vc_column][\/vc_row][vc_row top_padding=&#8221;40&#8243;][vc_column width=&#8221;1\/6&#8243;][vc_pie value=&#8221;100&#8243; color=&#8221;#1e73be&#8221; title=&#8221;Realizat&#8221; units=&#8221;%&#8221;][\/vc_column][vc_column width=&#8221;2\/6&#8243;][vc_column_text] Etapa 1 &#8211; Studiu privind determinarea caracteristicilor tehnice ale seriei de motoare sincrone cu reluctan\u0163\u0103 variabil\u0103 asistate de magne\u021bi permanen\u021bi 10.09.2020 \u2013 30.12.2020 ( ~ 4 luni) Act 1.1 &#8211; Analiza rezultatelor (testelor) obtinute pentru modelul de laborator al motorului EMLEV Act 1.2 &#8211; Studiu preliminar privind principalele componente si definirea caracteristicilor tehnice ale seriei de motoare sincrone cu reluctan\u0163\u0103 variabil\u0103 asistate de magne\u021bi permanen\u021bi Act 1.3 &#8211; Diseminare informatii [\/vc_column_text][\/vc_column][vc_column width=&#8221;3\/6&#8243;][vc_column_text] In cadrul primei etape toate activitatile din planul de realizare au fost realizate. Astfel a fost realizat un model experimental al motorului iar rezultatele obtinute cu ajutorul simularilor si precum si rezultatele testarilor au contribuit la realizarea studiului preliminar privind principalele componente si definirea caracteristicilor tehnice ale seriei de motoare sincrone cu reluctan\u0163\u0103 variabil\u0103 asistate de magne\u021bi permanen\u021bi. [\/vc_column_text][\/vc_column][\/vc_row][vc_row][vc_column width=&#8221;1\/1&#8243;][\/vc_column][\/vc_row][vc_row][vc_column width=&#8221;1\/6&#8243;][vc_pie value=&#8221;100&#8243; color=&#8221;#1e73be&#8221; title=&#8221;Realizat&#8221; units=&#8221;%&#8221;][\/vc_column][vc_column width=&#8221;2\/6&#8243;][vc_column_text] Etapa 2 &#8211; Realizarea si testarea prototipului pentru tipodimensiunea reprezentativa a seriei de motoare electrice EMLEV 04.01.2021 \u2013 31.12.2021 ( ~ 12 luni) Act 2.1 \u2013 Studiu (final) privind principalele componente si definirea caracteristicilor tehnice a seriei e motoare sincrone cu reluctan\u0163\u0103 variabil\u0103 asistate de magne\u021bi permanen\u021bi Act [&hellip;]<\/p>\n","protected":false},"author":2,"featured_media":0,"parent":20421,"menu_order":136,"comment_status":"closed","ping_status":"closed","template":"","meta":[],"folder":[86],"_links":{"self":[{"href":"http:\/\/www.icpe.ro\/ro\/wp-json\/wp\/v2\/pages\/20432"}],"collection":[{"href":"http:\/\/www.icpe.ro\/ro\/wp-json\/wp\/v2\/pages"}],"about":[{"href":"http:\/\/www.icpe.ro\/ro\/wp-json\/wp\/v2\/types\/page"}],"author":[{"embeddable":true,"href":"http:\/\/www.icpe.ro\/ro\/wp-json\/wp\/v2\/users\/2"}],"replies":[{"embeddable":true,"href":"http:\/\/www.icpe.ro\/ro\/wp-json\/wp\/v2\/comments?post=20432"}],"version-history":[{"count":0,"href":"http:\/\/www.icpe.ro\/ro\/wp-json\/wp\/v2\/pages\/20432\/revisions"}],"up":[{"embeddable":true,"href":"http:\/\/www.icpe.ro\/ro\/wp-json\/wp\/v2\/pages\/20421"}],"wp:attachment":[{"href":"http:\/\/www.icpe.ro\/ro\/wp-json\/wp\/v2\/media?parent=20432"}],"wp:term":[{"taxonomy":"folder","embeddable":true,"href":"http:\/\/www.icpe.ro\/ro\/wp-json\/wp\/v2\/folder?post=20432"}],"curies":[{"name":"wp","href":"https:\/\/api.w.org\/{rel}","templated":true}]}}