{"id":20300,"date":"2020-07-01T08:00:45","date_gmt":"2020-07-01T05:00:45","guid":{"rendered":"http:\/\/www.icpe.ro\/ro\/?page_id=20300"},"modified":"2021-11-21T14:22:05","modified_gmt":"2021-11-21T11:22:05","slug":"noutati","status":"publish","type":"page","link":"http:\/\/www.icpe.ro\/ro\/itorque\/noutati\/","title":{"rendered":"Nout\u0103\u021bi"},"content":{"rendered":"<p>[vc_row type=&#8221;full_width_section&#8221;][vc_column width=&#8221;1\/1&#8243;][vc_raw_html]JTNDc3R5bGUlM0UlMEEudG9wbmF2JTIwJTdCJTBBJTBBJTIwJTIwJTIwJTIwbGlzdC1zdHlsZSUzQW5vbmUlM0IlMEElMjAlMjAlMjAlMjBtYXJnaW4lM0EwJTNCJTBBJTIwJTIwJTIwJTIwcGFkZGluZyUzQTAlM0IlMEElMjAlMjAlMjAlMjB0ZXh0LWFsaWduJTNBY2VudGVyJTNCJTBBJTdEJTBBJTBBLnRvcG5hdiUyMGxpJTIwJTdCJTBBJTIwJTIwZGlzcGxheSUzQWlubGluZSUzQiUwQSU3RCUwQSUwQS50b3BuYXYlMjBhJTdCJTBBJTIwJTIwZGlzcGxheSUzQWlubGluZS1ibG9jayUzQiUwQSUyMCUyMGNvbG9yJTNBJTIwJTIzMDAwJTNCJTBBJTIwJTIwJTIwJTIwcGFkZGluZyUzQTE4cHglMjAzNnB4JTNCJTBBJTIwJTIwZm9udC1zaXplJTNBMTdweCUzQiUwQSU3RCUwQS50b3BuYXYlMjBhJTNBaG92ZXIlMjAlN0IlMEElMjAlMjBiYWNrZ3JvdW5kLWNvbG9yJTNBJTIwJTIzZGRkJTNCJTBBJTIwJTIwY29sb3IlM0ElMjBibGFjayUzQiUwQSU3RCUwQSUwQS50b3BuYXYlMjAuaWNvbiUyMCU3QiUwQSUyMCUyMGRpc3BsYXklM0ElMjBub25lJTNCJTBBJTdEJTBBLmFjdGl2ZSUyMCU3QiUwQSUyMCUyMCUyMCUyMGJhY2tncm91bmQtY29sb3IlM0ElMjAlMjNmN2Y3ZjclM0IlMEElMjAlMjAlMjAlMjBmb250LXdlaWdodCUzQSUyMGJvbGQlM0IlMEElN0QlMEElMEElNDBtZWRpYSUyMHNjcmVlbiUyMGFuZCUyMCUyOG1heC13aWR0aCUzQSUyMDYwMHB4JTI5JTIwJTdCJTBBJTIwJTIwLnRvcG5hdiUyMGElM0Fub3QlMjglM0FmaXJzdC1jaGlsZCUyOSUyMCU3QmRpc3BsYXklM0ElMjBub25lJTNCJTdEJTBBJTIwJTIwLnRvcG5hdiUyMGEuaWNvbiUyMCU3QiUwQSUyMCUyMCUyMCUyMGZsb2F0JTNBJTIwcmlnaHQlM0IlMEElMjAlMjAlMjAlMjBkaXNwbGF5JTNBJTIwYmxvY2slM0IlMEElMjAlMjAlN0QlMEElN0QlMEElMEElNDBtZWRpYSUyMHNjcmVlbiUyMGFuZCUyMCUyOG1heC13aWR0aCUzQSUyMDYwMHB4JTI5JTIwJTdCJTBBJTIwJTIwLnRvcG5hdi5yZXNwb25zaXZlJTIwJTdCcG9zaXRpb24lM0ElMjByZWxhdGl2ZSUzQiU3RCUwQSUyMCUyMC50b3BuYXYucmVzcG9uc2l2ZSUyMC5pY29uJTIwJTdCJTBBJTIwJTIwJTIwJTIwcG9zaXRpb24lM0ElMjBhYnNvbHV0ZSUzQiUwQSUyMCUyMCUyMCUyMHJpZ2h0JTNBJTIwMCUzQiUwQSUyMCUyMCUyMCUyMHRvcCUzQSUyMDAlM0IlMEElMjAlMjAlN0QlMEElMjAlMjAudG9wbmF2LnJlc3BvbnNpdmUlMjBhJTIwJTdCJTBBJTIwJTIwJTIwJTIwZmxvYXQlM0ElMjBub25lJTNCJTBBJTIwJTIwJTIwJTIwZGlzcGxheSUzQSUyMGJsb2NrJTNCJTBBJTIwJTIwJTIwJTIwdGV4dC1hbGlnbiUzQSUyMGxlZnQlM0IlMEElMjAlMjAlN0QlMEElMEElN0QlMEElM0MlMkZzdHlsZSUzRSUwQSUwQSUwQSUwQSUzQ2RpdiUyMGNsYXNzJTNEJTIydG9wbmF2JTIyJTIwaWQlM0QlMjJteVRvcG5hdiUyMiUzRSUwQSUyMCUyMCUzQ2ElMjBocmVmJTNEJTIyaHR0cCUzQSUyRiUyRnd3dy5pY3BlLnJvJTJGcm8lMkZpdG9ycXVlJTJGJTIyJTNFQWNhcyVDNCU4MyUzQyUyRmElM0UlMEElMjAlMjAlM0NhJTIwaHJlZiUzRCUyMmh0dHAlM0ElMkYlMkZ3d3cuaWNwZS5ybyUyRnJvJTJGaXRvcnF1ZSUyRmRlc3ByZS1wcm9pZWN0JTIyJTNFRGVzcHJlJTIwcHJvaWVjdCUzQyUyRmElM0UlMEElMjAlMjAlM0NhJTIwaHJlZiUzRCUyMmh0dHAlM0ElMkYlMkZ3d3cuaWNwZS5ybyUyRnJvJTJGaXRvcnF1ZSUyRmNvbnNvcnRpdSUyMiUzRUNvbnNvciVDOCU5Qml1JTNDJTJGYSUzRSUwQSUyMCUyMCUzQ2ElMjBocmVmJTNEJTIyaHR0cCUzQSUyRiUyRnd3dy5pY3BlLnJvJTJGcm8lMkZpdG9ycXVlJTJGZXRhcGUlMjIlM0VFdGFwZSUzQyUyRmElM0UlMEElMjAlMjAlM0NhJTIwaHJlZiUzRCUyMmh0dHAlM0ElMkYlMkZ3d3cuaWNwZS5ybyUyRnJvJTJGaXRvcnF1ZSUyRm5vdXRhdGklMjIlM0VOb3V0JUM0JTgzJUM4JTlCaSUzQyUyRmElM0UlMEElMjAlMjAlM0NhJTIwaHJlZiUzRCUyMmh0dHAlM0ElMkYlMkZ3d3cuaWNwZS5ybyUyRnJvJTJGaXRvcnF1ZSUyRmNvbnRhY3QlMjIlM0VDb250YWN0JTNDJTJGYSUzRSUwQSUyMCUyMCUzQ2xpJTIwc3R5bGUlM0QlMjJmbG9hdCUzQXJpZ2h0JTIyJTNFJTNDYSUyMGNsYXNzJTNEJTIyYWN0aXZlJTIyJTIwaHJlZiUzRCUyMmh0dHAlM0ElMkYlMkZ3d3cuaWNwZS5ybyUyRml0b3JxdWUlMkYlMjIlM0VFTiUzQyUyRmElM0UlM0MlMkZsaSUzRSUwQSUwQSUwQSUyMCUyMCUzQ2ElMjBocmVmJTNEJTIyamF2YXNjcmlwdCUzQXZvaWQlMjgwJTI5JTNCJTIyJTIwc3R5bGUlM0QlMjJmb250LXNpemUlM0ExNXB4JTNCJTIyJTIwY2xhc3MlM0QlMjJpY29uJTIyJTIwb25jbGljayUzRCUyMm15RnVuY3Rpb24lMjglMjklMjIlM0UlMjYlMjM5Nzc2JTNCJTNDJTJGYSUzRSUwQSUzQyUyRmRpdiUzRSUwQSUwQSUzQ3NjcmlwdCUzRSUwQWZ1bmN0aW9uJTIwbXlGdW5jdGlvbiUyOCUyOSUyMCU3QiUwQSUyMCUyMCUyMCUyMHZhciUyMHglMjAlM0QlMjBkb2N1bWVudC5nZXRFbGVtZW50QnlJZCUyOCUyMm15VG9wbmF2JTIyJTI5JTNCJTBBJTIwJTIwJTIwJTIwaWYlMjAlMjh4LmNsYXNzTmFtZSUyMCUzRCUzRCUzRCUyMCUyMnRvcG5hdiUyMiUyOSUyMCU3QiUwQSUyMCUyMCUyMCUyMCUyMCUyMCUyMCUyMHguY2xhc3NOYW1lJTIwJTJCJTNEJTIwJTIyJTIwcmVzcG9uc2l2ZSUyMiUzQiUwQSUyMCUyMCUyMCUyMCU3RCUyMGVsc2UlMjAlN0IlMEElMjAlMjAlMjAlMjAlMjAlMjAlMjAlMjB4LmNsYXNzTmFtZSUyMCUzRCUyMCUyMnRvcG5hdiUyMiUzQiUwQSUyMCUyMCUyMCUyMCU3RCUwQSU3RCUwQSUzQyUyRnNjcmlwdCUzRQ==[\/vc_raw_html][\/vc_column][\/vc_row][vc_row][vc_column width=&#8221;1\/1&#8243;]<div class=\"single_image wpb_content_element align-center    \" data-animation=\"none\" data-delay=\"0\"><img width=\"260\" height=\"132\" src=\"http:\/\/www.icpe.ro\/ro\/wp-content\/uploads\/2020\/07\/iTorque.Logo_260x132.jpg\" class=\"attachment-full\" alt=\"\" loading=\"lazy\" \/><\/div>[\/vc_column][\/vc_row][vc_row bg_color=&#8221;#efefef&#8221; top_padding=&#8221;20&#8243; bottom_padding=&#8221;20&#8243;][vc_column width=&#8221;1\/1&#8243;]<h1 class=\"headline font-inherit fontsize-m fontweight-700 lh-inherit align-center transform-uppercase \" style=\"margin: 0 0 0 0;\">Nout\u0103\u021bi<\/h1>[\/vc_column][\/vc_row][vc_row top_padding=&#8221;40&#8243; bottom_padding=&#8221;40&#8243;][vc_column width=&#8221;2\/3&#8243;][vc_column_text]<strong>Publicare articol<\/strong><\/p>\n<p>In revista EEA http:\/\/www.eea-journal.ro\/, va fi publicat articolul intitulat \u201cReducerea cuplului de ag\u0103\u021bare \u00eentr-o ma\u0219in\u0103 sincrona cu magne\u021bi permanen\u021bi de tip Vernier\u201d, autori Andrei E. Dumitru, Bogdan Varaticeanu si Paul Minciunescu[\/vc_column_text][\/vc_column][vc_column width=&#8221;1\/3&#8243;]<div class=\"single_image wpb_content_element align-left    \" data-animation=\"none\" data-delay=\"0\"><img width=\"335\" height=\"115\" src=\"http:\/\/www.icpe.ro\/ro\/wp-content\/uploads\/2020\/11\/EEA.jpg\" class=\"attachment-full\" alt=\"\" loading=\"lazy\" srcset=\"http:\/\/www.icpe.ro\/ro\/wp-content\/uploads\/2020\/11\/EEA.jpg 335w, http:\/\/www.icpe.ro\/ro\/wp-content\/uploads\/2020\/11\/EEA-300x103.jpg 300w\" sizes=\"(max-width: 335px) 100vw, 335px\" \/><\/div>[\/vc_column][\/vc_row][vc_row][vc_column width=&#8221;1\/1&#8243;]<div class=\"newdivider align-center\" style=\"border-bottom-style: solid; border-color: #999999; border-bottom-width: 2px; margin-top: 0; margin-bottom: 0; width: 100%; \"><\/div><div class=\"clear\"><\/div>[\/vc_column][\/vc_row][vc_row top_padding=&#8221;40&#8243; bottom_padding=&#8221;40&#8243;][vc_column width=&#8221;1\/1&#8243;][vc_column_text]<strong>Participare la SME\u201921<\/strong><\/p>\n<p>Andrei Dumitru din echipa proiectului iTorque a prezentat lucrarea cu titlul \u201cANALIZA EXPERIMENTAL\u0102 A UNUI MOTOR SINCRON CU MAGNE\u021aI PERMANEN\u021aI \u0218I STATOR SEGMENTAT\u201d in cadrul Conferintei ACTUALIT\u0102\u0162I \u015eI PERSPECTIVE \u00ceN DOMENIUL MA\u015eINILOR ELECTRICE, SME\u201921, 19 Noiembrie 2021[\/vc_column_text][\/vc_column][\/vc_row][vc_row][vc_column width=&#8221;1\/1&#8243;]<div class=\"newdivider align-center\" style=\"border-bottom-style: solid; border-color: #999999; border-bottom-width: 2px; margin-top: 0; margin-bottom: 0; width: 100%; \"><\/div><div class=\"clear\"><\/div>[\/vc_column][\/vc_row][vc_row top_padding=&#8221;40&#8243; bottom_padding=&#8221;40&#8243;][vc_column width=&#8221;2\/3&#8243;][vc_column_text]<strong>Participare expozitie SPS<\/strong><\/p>\n<p>Paul Minciunescu si Constantin Nicolescu vor participa la expozi\u021bia SPS smart production solutions in perioada 23.11.2021 \u2013 25.11.2021 in Nuremberg, Germania, cea mai mare expozitie de automatizari din Europa[\/vc_column_text][\/vc_column][vc_column width=&#8221;1\/3&#8243;]<div class=\"single_image wpb_content_element align-left    \" data-animation=\"none\" data-delay=\"0\"><img width=\"355\" height=\"205\" src=\"http:\/\/www.icpe.ro\/ro\/wp-content\/uploads\/2021\/11\/SPS-1.jpg\" class=\"attachment-full\" alt=\"\" loading=\"lazy\" srcset=\"http:\/\/www.icpe.ro\/ro\/wp-content\/uploads\/2021\/11\/SPS-1.jpg 355w, http:\/\/www.icpe.ro\/ro\/wp-content\/uploads\/2021\/11\/SPS-1-300x173.jpg 300w\" sizes=\"(max-width: 355px) 100vw, 355px\" \/><\/div>[\/vc_column][\/vc_row][vc_row][vc_column width=&#8221;1\/1&#8243;]<div class=\"newdivider align-center\" style=\"border-bottom-style: solid; border-color: #999999; border-bottom-width: 2px; margin-top: 0; margin-bottom: 0; width: 100%; \"><\/div><div class=\"clear\"><\/div>[\/vc_column][\/vc_row][vc_row top_padding=&#8221;40&#8243; bottom_padding=&#8221;40&#8243;][vc_column width=&#8221;1\/1&#8243;][vc_column_text]<strong>Intalnire de lucru<br \/>\n<\/strong><br \/>\n\u00cen data de 19.10.2021 a avut loc \u00eent\u00e2lnirea de lucru intre membri echipei de cercetare a proiectului \u00een care s-au examinat obiectivele, pachetele de lucru si activitatile proiectului.[\/vc_column_text][\/vc_column][\/vc_row][vc_row][vc_column width=&#8221;1\/1&#8243;]<div class=\"newdivider align-center\" style=\"border-bottom-style: solid; border-color: #999999; border-bottom-width: 2px; margin-top: 0; margin-bottom: 0; width: 100%; \"><\/div><div class=\"clear\"><\/div>[\/vc_column][\/vc_row][vc_row top_padding=&#8221;40&#8243; bottom_padding=&#8221;40&#8243;][vc_column width=&#8221;2\/3&#8243;][vc_column_text]<strong>Publicare articol<\/strong><\/p>\n<p>In revista EEA <a href=\"http:\/\/www.eea-journal.ro\/\" target=\"_blank\" rel=\"noopener\">http:\/\/www.eea-journal.ro\/<\/a>, va fi publicat articolul intitulat \u201c<a href=\"http:\/\/www.icpe.ro\/ro\/wp-content\/uploads\/2020\/12\/Performance_analysis_of_brushless_motors.pdf\">Performance analysis of brushless motors with segmented cores considering manufacturing constraints<\/a>\u201d, autori Andrei E. Dumitru, Bogdan Varaticeanu si Paul Minciunescu[\/vc_column_text][\/vc_column][vc_column width=&#8221;1\/3&#8243;]<div class=\"single_image wpb_content_element align-left    \" data-animation=\"none\" data-delay=\"0\"><img width=\"335\" height=\"115\" src=\"http:\/\/www.icpe.ro\/ro\/wp-content\/uploads\/2020\/11\/EEA.jpg\" class=\"attachment-full\" alt=\"\" loading=\"lazy\" srcset=\"http:\/\/www.icpe.ro\/ro\/wp-content\/uploads\/2020\/11\/EEA.jpg 335w, http:\/\/www.icpe.ro\/ro\/wp-content\/uploads\/2020\/11\/EEA-300x103.jpg 300w\" sizes=\"(max-width: 335px) 100vw, 335px\" \/><\/div>[\/vc_column][\/vc_row][vc_row][vc_column width=&#8221;1\/1&#8243;]<div class=\"newdivider align-center\" style=\"border-bottom-style: solid; border-color: #999999; border-bottom-width: 2px; margin-top: 0; margin-bottom: 0; width: 100%; \"><\/div><div class=\"clear\"><\/div>[\/vc_column][\/vc_row][vc_row top_padding=&#8221;40&#8243; bottom_padding=&#8221;40&#8243;][vc_column width=&#8221;1\/1&#8243;][vc_column_text]<em><strong>20 noiembrie 2020<\/strong><\/em><\/p>\n<p><strong>Participare la SME\u201920<\/strong><\/p>\n<p>Bogdan Varaticeanu din echipa proiectului iTorque a prezentat lucrarea cu titlul \u201c<a href=\"http:\/\/www.icpe.ro\/ro\/wp-content\/uploads\/2020\/12\/Lucrare_conferinta_SME_20_Varaticeanu.pdf\">Ma\u0219in\u0103 electric\u0103 sincron\u0103 cu magne\u021bi permanen\u021bi \u00een configura\u021bie HALBACH cu stator f\u0103r\u0103 jug magnetic \u0219i rotor exterior destinat\u0103 aplica\u021biilor speciale<\/a>\u201d in cadrul Conferintei ACTUALIT\u0102\u0162I \u015eI PERSPECTIVE \u00ceN DOMENIUL MA\u015eINILOR ELECTRICE, SME\u201920, EDI\u0162IA A XVI-a, 20 Noiembrie 2020[\/vc_column_text][\/vc_column][\/vc_row][vc_row][vc_column width=&#8221;1\/1&#8243;]<div class=\"newdivider align-center\" style=\"border-bottom-style: solid; border-color: #999999; border-bottom-width: 2px; margin-top: 0; margin-bottom: 0; width: 100%; \"><\/div><div class=\"clear\"><\/div>[\/vc_column][\/vc_row][vc_row top_padding=&#8221;40&#8243; bottom_padding=&#8221;40&#8243;][vc_column width=&#8221;1\/1&#8243;][vc_column_text]<em><strong>30 octombrie 2019<\/strong><\/em><\/p>\n<p><strong>Intalnire de lucru<\/strong><\/p>\n<p>\u00cen data de 30.10.2019 a avut loc \u00eent\u00e2lnirea de lucru intre membri echipei de cercetare a proiectului iTorque (STAM si Icpe) \u00een care s-au examinat obiectivele, pachetele de lucru si activitatile proiectului.[\/vc_column_text][\/vc_column][\/vc_row][vc_row][vc_column width=&#8221;1\/1&#8243;]<div class=\"newdivider align-center\" style=\"border-bottom-style: solid; border-color: #999999; border-bottom-width: 2px; margin-top: 0; margin-bottom: 0; width: 100%; \"><\/div><div class=\"clear\"><\/div>[\/vc_column][\/vc_row][vc_row top_padding=&#8221;40&#8243; bottom_padding=&#8221;40&#8243;][vc_column width=&#8221;2\/3&#8243;][vc_column_text]<em><strong>14 &#8211; 16 octombrie 2019<\/strong><\/em><\/p>\n<p><strong>Participare expozitia AUSA<br \/>\n<\/strong><br \/>\nPaul Minciunescu a participat la expozi\u021bia AUSA in perioada 14.10.2019-16.10.2019 in Washington, USA[\/vc_column_text][\/vc_column][vc_column width=&#8221;1\/3&#8243;]<div class=\"single_image wpb_content_element align-left    \" data-animation=\"none\" data-delay=\"0\"><img width=\"435\" height=\"86\" src=\"http:\/\/www.icpe.ro\/ro\/wp-content\/uploads\/2020\/11\/AUSA.Logo_.jpg\" class=\"attachment-full\" alt=\"\" loading=\"lazy\" srcset=\"http:\/\/www.icpe.ro\/ro\/wp-content\/uploads\/2020\/11\/AUSA.Logo_.jpg 435w, http:\/\/www.icpe.ro\/ro\/wp-content\/uploads\/2020\/11\/AUSA.Logo_-300x59.jpg 300w\" sizes=\"(max-width: 435px) 100vw, 435px\" \/><\/div>[\/vc_column][\/vc_row][vc_row top_padding=&#8221;0&#8243; bottom_padding=&#8221;0&#8243;][vc_column width=&#8221;1\/3&#8243;]<div class=\"single_image wpb_content_element align-left    \" data-animation=\"none\" data-delay=\"0\"><img width=\"350\" height=\"260\" src=\"http:\/\/www.icpe.ro\/ro\/wp-content\/uploads\/2020\/11\/AUSA_01.jpg\" class=\"attachment-full\" alt=\"\" loading=\"lazy\" srcset=\"http:\/\/www.icpe.ro\/ro\/wp-content\/uploads\/2020\/11\/AUSA_01.jpg 350w, http:\/\/www.icpe.ro\/ro\/wp-content\/uploads\/2020\/11\/AUSA_01-300x223.jpg 300w\" sizes=\"(max-width: 350px) 100vw, 350px\" \/><\/div>[\/vc_column][vc_column width=&#8221;1\/3&#8243;]<div class=\"single_image wpb_content_element align-left    \" data-animation=\"none\" data-delay=\"0\"><img width=\"350\" height=\"260\" src=\"http:\/\/www.icpe.ro\/ro\/wp-content\/uploads\/2020\/11\/AUSA_02.jpg\" class=\"attachment-full\" alt=\"\" loading=\"lazy\" srcset=\"http:\/\/www.icpe.ro\/ro\/wp-content\/uploads\/2020\/11\/AUSA_02.jpg 350w, http:\/\/www.icpe.ro\/ro\/wp-content\/uploads\/2020\/11\/AUSA_02-300x223.jpg 300w\" sizes=\"(max-width: 350px) 100vw, 350px\" \/><\/div>[\/vc_column][vc_column width=&#8221;1\/3&#8243;]<div class=\"single_image wpb_content_element align-left    \" data-animation=\"none\" data-delay=\"0\"><img width=\"350\" height=\"260\" src=\"http:\/\/www.icpe.ro\/ro\/wp-content\/uploads\/2020\/11\/AUSA_03.jpg\" class=\"attachment-full\" alt=\"\" loading=\"lazy\" srcset=\"http:\/\/www.icpe.ro\/ro\/wp-content\/uploads\/2020\/11\/AUSA_03.jpg 350w, http:\/\/www.icpe.ro\/ro\/wp-content\/uploads\/2020\/11\/AUSA_03-300x223.jpg 300w\" sizes=\"(max-width: 350px) 100vw, 350px\" \/><\/div>[\/vc_column][\/vc_row][vc_row top_padding=&#8221;40&#8243; bottom_padding=&#8221;40&#8243;][\/vc_row][vc_row][vc_column width=&#8221;1\/1&#8243;]<div class=\"newdivider align-center\" style=\"border-bottom-style: solid; border-color: #999999; border-bottom-width: 2px; margin-top: 0; margin-bottom: 0; width: 100%; \"><\/div><div class=\"clear\"><\/div>[\/vc_column][\/vc_row][vc_row top_padding=&#8221;40&#8243; bottom_padding=&#8221;0&#8243;][vc_column width=&#8221;2\/3&#8243;][vc_column_text]<em><strong>03 &#8211; 04 octombrie 2019<\/strong><\/em><\/p>\n<p><strong>Participare EV 2019<\/strong><\/p>\n<p>In zilele de 3 si 4 octombrie 2019 a avut loc la Bucure\u0219ti, conferin\u021ba \u0219tiin\u021bifica si expozi\u021bia EV 2019, unde membrii echipei de cercetare din Icpe au prezentat problematicile proiectului iTorque[\/vc_column_text][\/vc_column][vc_column width=&#8221;1\/3&#8243;]<div class=\"single_image wpb_content_element align-left    \" data-animation=\"none\" data-delay=\"0\"><img width=\"438\" height=\"95\" src=\"http:\/\/www.icpe.ro\/ro\/wp-content\/uploads\/2020\/11\/EV2019.Logo_.jpg\" class=\"attachment-full\" alt=\"\" loading=\"lazy\" srcset=\"http:\/\/www.icpe.ro\/ro\/wp-content\/uploads\/2020\/11\/EV2019.Logo_.jpg 438w, http:\/\/www.icpe.ro\/ro\/wp-content\/uploads\/2020\/11\/EV2019.Logo_-300x65.jpg 300w\" sizes=\"(max-width: 438px) 100vw, 438px\" \/><\/div>[\/vc_column][\/vc_row][vc_row top_padding=&#8221;40&#8243; bottom_padding=&#8221;40&#8243;][vc_column width=&#8221;1\/2&#8243;]<div class=\"single_image wpb_content_element align-center    \" data-animation=\"none\" data-delay=\"0\"><img width=\"350\" height=\"260\" src=\"http:\/\/www.icpe.ro\/ro\/wp-content\/uploads\/2020\/11\/EV2019_02.jpg\" class=\"attachment-full\" alt=\"\" loading=\"lazy\" srcset=\"http:\/\/www.icpe.ro\/ro\/wp-content\/uploads\/2020\/11\/EV2019_02.jpg 350w, http:\/\/www.icpe.ro\/ro\/wp-content\/uploads\/2020\/11\/EV2019_02-300x223.jpg 300w\" sizes=\"(max-width: 350px) 100vw, 350px\" \/><\/div>[\/vc_column][vc_column width=&#8221;1\/2&#8243;]<div class=\"single_image wpb_content_element align-center    \" data-animation=\"none\" data-delay=\"0\"><img width=\"350\" height=\"260\" src=\"http:\/\/www.icpe.ro\/ro\/wp-content\/uploads\/2020\/11\/EV2019_01.jpg\" class=\"attachment-full\" alt=\"\" loading=\"lazy\" srcset=\"http:\/\/www.icpe.ro\/ro\/wp-content\/uploads\/2020\/11\/EV2019_01.jpg 350w, http:\/\/www.icpe.ro\/ro\/wp-content\/uploads\/2020\/11\/EV2019_01-300x223.jpg 300w\" sizes=\"(max-width: 350px) 100vw, 350px\" \/><\/div>[\/vc_column][\/vc_row][vc_row top_padding=&#8221;20&#8243;][vc_column width=&#8221;1\/1&#8243;]<div class=\"newdivider align-center\" style=\"border-bottom-style: solid; border-color: #999999; border-bottom-width: 2px; margin-top: 0; margin-bottom: 0; width: 100%; \"><\/div><div class=\"clear\"><\/div>[\/vc_column][\/vc_row][vc_row top_padding=&#8221;40&#8243; bottom_padding=&#8221;40&#8243;][vc_column width=&#8221;1\/1&#8243;][vc_column_text]<em><strong>13 &#8211; 14 martie 2018<\/strong><\/em><\/p>\n<p>\u00cen perioada 13 &#8211; 14 Martie 2018, a avut loc kickoff meeting, la care au participat din partea ICPE: Paul Minciunescu, Bogdan Varaticeanu, Nicolescu Constantin, Mihaela Chefneux \u0219i din partea STAM: Stefano Ellero, Mony Khosravi. S-a propus ca data de \u00eencepere a proiectului s\u0103 fie 02 Aprilie 2018.[\/vc_column_text][\/vc_column][\/vc_row][vc_row bottom_padding=&#8221;100&#8243;][vc_column width=&#8221;1\/1&#8243;]<div class=\"newdivider align-center\" style=\"border-bottom-style: solid; border-color: #999999; border-bottom-width: 2px; margin-top: 0; margin-bottom: 0; width: 100%; \"><\/div><div class=\"clear\"><\/div>[\/vc_column][\/vc_row][vc_row bg_color=&#8221;#262626&#8243; top_padding=&#8221;70&#8243; bottom_padding=&#8221;70&#8243; bg_type=&#8221;bg_color&#8221;][vc_column width=&#8221;1\/2&#8243;][vc_column_text]\u00a9 Icpe | Tehnologii pentru dezvoltare durabil\u0103<br \/>\n<a href=\"http:\/\/www.icpe.ro\/ro\/termeni\" target=\"_blank\" rel=\"noopener\">Termeni \u0219i Condi\u021bii<\/a>[\/vc_column_text][\/vc_column][vc_column text_align=&#8221;center&#8221; width=&#8221;1\/2&#8243;]<a href=\"http:\/\/www.icpe.ro\/ro\/institutul\/proiecte\/\" target=\"_blank\" class=\"button color-3 small \" style=\"border-radius: 2px;\">Vezi mai multe proiecte<\/a>[\/vc_column][\/vc_row][vc_row][\/vc_row]<\/p>\n","protected":false},"excerpt":{"rendered":"<p>[vc_row type=&#8221;full_width_section&#8221;][vc_column width=&#8221;1\/1&#8243;][vc_raw_html]JTNDc3R5bGUlM0UlMEEudG9wbmF2JTIwJTdCJTBBJTBBJTIwJTIwJTIwJTIwbGlzdC1zdHlsZSUzQW5vbmUlM0IlMEElMjAlMjAlMjAlMjBtYXJnaW4lM0EwJTNCJTBBJTIwJTIwJTIwJTIwcGFkZGluZyUzQTAlM0IlMEElMjAlMjAlMjAlMjB0ZXh0LWFsaWduJTNBY2VudGVyJTNCJTBBJTdEJTBBJTBBLnRvcG5hdiUyMGxpJTIwJTdCJTBBJTIwJTIwZGlzcGxheSUzQWlubGluZSUzQiUwQSU3RCUwQSUwQS50b3BuYXYlMjBhJTdCJTBBJTIwJTIwZGlzcGxheSUzQWlubGluZS1ibG9jayUzQiUwQSUyMCUyMGNvbG9yJTNBJTIwJTIzMDAwJTNCJTBBJTIwJTIwJTIwJTIwcGFkZGluZyUzQTE4cHglMjAzNnB4JTNCJTBBJTIwJTIwZm9udC1zaXplJTNBMTdweCUzQiUwQSU3RCUwQS50b3BuYXYlMjBhJTNBaG92ZXIlMjAlN0IlMEElMjAlMjBiYWNrZ3JvdW5kLWNvbG9yJTNBJTIwJTIzZGRkJTNCJTBBJTIwJTIwY29sb3IlM0ElMjBibGFjayUzQiUwQSU3RCUwQSUwQS50b3BuYXYlMjAuaWNvbiUyMCU3QiUwQSUyMCUyMGRpc3BsYXklM0ElMjBub25lJTNCJTBBJTdEJTBBLmFjdGl2ZSUyMCU3QiUwQSUyMCUyMCUyMCUyMGJhY2tncm91bmQtY29sb3IlM0ElMjAlMjNmN2Y3ZjclM0IlMEElMjAlMjAlMjAlMjBmb250LXdlaWdodCUzQSUyMGJvbGQlM0IlMEElN0QlMEElMEElNDBtZWRpYSUyMHNjcmVlbiUyMGFuZCUyMCUyOG1heC13aWR0aCUzQSUyMDYwMHB4JTI5JTIwJTdCJTBBJTIwJTIwLnRvcG5hdiUyMGElM0Fub3QlMjglM0FmaXJzdC1jaGlsZCUyOSUyMCU3QmRpc3BsYXklM0ElMjBub25lJTNCJTdEJTBBJTIwJTIwLnRvcG5hdiUyMGEuaWNvbiUyMCU3QiUwQSUyMCUyMCUyMCUyMGZsb2F0JTNBJTIwcmlnaHQlM0IlMEElMjAlMjAlMjAlMjBkaXNwbGF5JTNBJTIwYmxvY2slM0IlMEElMjAlMjAlN0QlMEElN0QlMEElMEElNDBtZWRpYSUyMHNjcmVlbiUyMGFuZCUyMCUyOG1heC13aWR0aCUzQSUyMDYwMHB4JTI5JTIwJTdCJTBBJTIwJTIwLnRvcG5hdi5yZXNwb25zaXZlJTIwJTdCcG9zaXRpb24lM0ElMjByZWxhdGl2ZSUzQiU3RCUwQSUyMCUyMC50b3BuYXYucmVzcG9uc2l2ZSUyMC5pY29uJTIwJTdCJTBBJTIwJTIwJTIwJTIwcG9zaXRpb24lM0ElMjBhYnNvbHV0ZSUzQiUwQSUyMCUyMCUyMCUyMHJpZ2h0JTNBJTIwMCUzQiUwQSUyMCUyMCUyMCUyMHRvcCUzQSUyMDAlM0IlMEElMjAlMjAlN0QlMEElMjAlMjAudG9wbmF2LnJlc3BvbnNpdmUlMjBhJTIwJTdCJTBBJTIwJTIwJTIwJTIwZmxvYXQlM0ElMjBub25lJTNCJTBBJTIwJTIwJTIwJTIwZGlzcGxheSUzQSUyMGJsb2NrJTNCJTBBJTIwJTIwJTIwJTIwdGV4dC1hbGlnbiUzQSUyMGxlZnQlM0IlMEElMjAlMjAlN0QlMEElMEElN0QlMEElM0MlMkZzdHlsZSUzRSUwQSUwQSUwQSUwQSUzQ2RpdiUyMGNsYXNzJTNEJTIydG9wbmF2JTIyJTIwaWQlM0QlMjJteVRvcG5hdiUyMiUzRSUwQSUyMCUyMCUzQ2ElMjBocmVmJTNEJTIyaHR0cCUzQSUyRiUyRnd3dy5pY3BlLnJvJTJGcm8lMkZpdG9ycXVlJTJGJTIyJTNFQWNhcyVDNCU4MyUzQyUyRmElM0UlMEElMjAlMjAlM0NhJTIwaHJlZiUzRCUyMmh0dHAlM0ElMkYlMkZ3d3cuaWNwZS5ybyUyRnJvJTJGaXRvcnF1ZSUyRmRlc3ByZS1wcm9pZWN0JTIyJTNFRGVzcHJlJTIwcHJvaWVjdCUzQyUyRmElM0UlMEElMjAlMjAlM0NhJTIwaHJlZiUzRCUyMmh0dHAlM0ElMkYlMkZ3d3cuaWNwZS5ybyUyRnJvJTJGaXRvcnF1ZSUyRmNvbnNvcnRpdSUyMiUzRUNvbnNvciVDOCU5Qml1JTNDJTJGYSUzRSUwQSUyMCUyMCUzQ2ElMjBocmVmJTNEJTIyaHR0cCUzQSUyRiUyRnd3dy5pY3BlLnJvJTJGcm8lMkZpdG9ycXVlJTJGZXRhcGUlMjIlM0VFdGFwZSUzQyUyRmElM0UlMEElMjAlMjAlM0NhJTIwaHJlZiUzRCUyMmh0dHAlM0ElMkYlMkZ3d3cuaWNwZS5ybyUyRnJvJTJGaXRvcnF1ZSUyRm5vdXRhdGklMjIlM0VOb3V0JUM0JTgzJUM4JTlCaSUzQyUyRmElM0UlMEElMjAlMjAlM0NhJTIwaHJlZiUzRCUyMmh0dHAlM0ElMkYlMkZ3d3cuaWNwZS5ybyUyRnJvJTJGaXRvcnF1ZSUyRmNvbnRhY3QlMjIlM0VDb250YWN0JTNDJTJGYSUzRSUwQSUyMCUyMCUzQ2xpJTIwc3R5bGUlM0QlMjJmbG9hdCUzQXJpZ2h0JTIyJTNFJTNDYSUyMGNsYXNzJTNEJTIyYWN0aXZlJTIyJTIwaHJlZiUzRCUyMmh0dHAlM0ElMkYlMkZ3d3cuaWNwZS5ybyUyRml0b3JxdWUlMkYlMjIlM0VFTiUzQyUyRmElM0UlM0MlMkZsaSUzRSUwQSUwQSUwQSUyMCUyMCUzQ2ElMjBocmVmJTNEJTIyamF2YXNjcmlwdCUzQXZvaWQlMjgwJTI5JTNCJTIyJTIwc3R5bGUlM0QlMjJmb250LXNpemUlM0ExNXB4JTNCJTIyJTIwY2xhc3MlM0QlMjJpY29uJTIyJTIwb25jbGljayUzRCUyMm15RnVuY3Rpb24lMjglMjklMjIlM0UlMjYlMjM5Nzc2JTNCJTNDJTJGYSUzRSUwQSUzQyUyRmRpdiUzRSUwQSUwQSUzQ3NjcmlwdCUzRSUwQWZ1bmN0aW9uJTIwbXlGdW5jdGlvbiUyOCUyOSUyMCU3QiUwQSUyMCUyMCUyMCUyMHZhciUyMHglMjAlM0QlMjBkb2N1bWVudC5nZXRFbGVtZW50QnlJZCUyOCUyMm15VG9wbmF2JTIyJTI5JTNCJTBBJTIwJTIwJTIwJTIwaWYlMjAlMjh4LmNsYXNzTmFtZSUyMCUzRCUzRCUzRCUyMCUyMnRvcG5hdiUyMiUyOSUyMCU3QiUwQSUyMCUyMCUyMCUyMCUyMCUyMCUyMCUyMHguY2xhc3NOYW1lJTIwJTJCJTNEJTIwJTIyJTIwcmVzcG9uc2l2ZSUyMiUzQiUwQSUyMCUyMCUyMCUyMCU3RCUyMGVsc2UlMjAlN0IlMEElMjAlMjAlMjAlMjAlMjAlMjAlMjAlMjB4LmNsYXNzTmFtZSUyMCUzRCUyMCUyMnRvcG5hdiUyMiUzQiUwQSUyMCUyMCUyMCUyMCU3RCUwQSU3RCUwQSUzQyUyRnNjcmlwdCUzRQ==[\/vc_raw_html][\/vc_column][\/vc_row][vc_row][vc_column width=&#8221;1\/1&#8243;][\/vc_column][\/vc_row][vc_row bg_color=&#8221;#efefef&#8221; top_padding=&#8221;20&#8243; bottom_padding=&#8221;20&#8243;][vc_column width=&#8221;1\/1&#8243;][\/vc_column][\/vc_row][vc_row top_padding=&#8221;40&#8243; bottom_padding=&#8221;40&#8243;][vc_column width=&#8221;2\/3&#8243;][vc_column_text]Publicare articol In revista EEA http:\/\/www.eea-journal.ro\/, va fi publicat articolul intitulat \u201cReducerea cuplului de ag\u0103\u021bare \u00eentr-o ma\u0219in\u0103 sincrona cu magne\u021bi permanen\u021bi de tip Vernier\u201d, autori Andrei E. Dumitru, Bogdan Varaticeanu si Paul Minciunescu[\/vc_column_text][\/vc_column][vc_column width=&#8221;1\/3&#8243;][\/vc_column][\/vc_row][vc_row][vc_column width=&#8221;1\/1&#8243;][\/vc_column][\/vc_row][vc_row top_padding=&#8221;40&#8243; bottom_padding=&#8221;40&#8243;][vc_column width=&#8221;1\/1&#8243;][vc_column_text]Participare la SME\u201921 Andrei Dumitru din echipa proiectului iTorque a prezentat lucrarea cu titlul \u201cANALIZA EXPERIMENTAL\u0102 A UNUI MOTOR SINCRON CU MAGNE\u021aI PERMANEN\u021aI \u0218I STATOR SEGMENTAT\u201d in cadrul Conferintei ACTUALIT\u0102\u0162I \u015eI PERSPECTIVE \u00ceN DOMENIUL MA\u015eINILOR ELECTRICE, SME\u201921, 19 Noiembrie 2021[\/vc_column_text][\/vc_column][\/vc_row][vc_row][vc_column width=&#8221;1\/1&#8243;][\/vc_column][\/vc_row][vc_row top_padding=&#8221;40&#8243; bottom_padding=&#8221;40&#8243;][vc_column width=&#8221;2\/3&#8243;][vc_column_text]Participare expozitie SPS Paul Minciunescu si Constantin Nicolescu vor participa la expozi\u021bia SPS smart production solutions in perioada 23.11.2021 \u2013 25.11.2021 in Nuremberg, Germania, cea mai mare expozitie de automatizari din Europa[\/vc_column_text][\/vc_column][vc_column width=&#8221;1\/3&#8243;][\/vc_column][\/vc_row][vc_row][vc_column width=&#8221;1\/1&#8243;][\/vc_column][\/vc_row][vc_row top_padding=&#8221;40&#8243; bottom_padding=&#8221;40&#8243;][vc_column width=&#8221;1\/1&#8243;][vc_column_text]Intalnire de lucru \u00cen data de 19.10.2021 a avut loc \u00eent\u00e2lnirea de lucru intre membri echipei de cercetare a proiectului \u00een care s-au examinat obiectivele, pachetele de lucru si activitatile proiectului.[\/vc_column_text][\/vc_column][\/vc_row][vc_row][vc_column width=&#8221;1\/1&#8243;][\/vc_column][\/vc_row][vc_row top_padding=&#8221;40&#8243; bottom_padding=&#8221;40&#8243;][vc_column width=&#8221;2\/3&#8243;][vc_column_text]Publicare articol In revista EEA http:\/\/www.eea-journal.ro\/, va fi publicat articolul intitulat \u201cPerformance analysis of brushless motors with segmented cores considering manufacturing constraints\u201d, autori Andrei E. Dumitru, Bogdan Varaticeanu si Paul Minciunescu[\/vc_column_text][\/vc_column][vc_column width=&#8221;1\/3&#8243;][\/vc_column][\/vc_row][vc_row][vc_column width=&#8221;1\/1&#8243;][\/vc_column][\/vc_row][vc_row top_padding=&#8221;40&#8243; bottom_padding=&#8221;40&#8243;][vc_column width=&#8221;1\/1&#8243;][vc_column_text]20 noiembrie 2020 Participare la [&hellip;]<\/p>\n","protected":false},"author":2,"featured_media":0,"parent":20291,"menu_order":249,"comment_status":"closed","ping_status":"closed","template":"","meta":[],"folder":[82],"_links":{"self":[{"href":"http:\/\/www.icpe.ro\/ro\/wp-json\/wp\/v2\/pages\/20300"}],"collection":[{"href":"http:\/\/www.icpe.ro\/ro\/wp-json\/wp\/v2\/pages"}],"about":[{"href":"http:\/\/www.icpe.ro\/ro\/wp-json\/wp\/v2\/types\/page"}],"author":[{"embeddable":true,"href":"http:\/\/www.icpe.ro\/ro\/wp-json\/wp\/v2\/users\/2"}],"replies":[{"embeddable":true,"href":"http:\/\/www.icpe.ro\/ro\/wp-json\/wp\/v2\/comments?post=20300"}],"version-history":[{"count":0,"href":"http:\/\/www.icpe.ro\/ro\/wp-json\/wp\/v2\/pages\/20300\/revisions"}],"up":[{"embeddable":true,"href":"http:\/\/www.icpe.ro\/ro\/wp-json\/wp\/v2\/pages\/20291"}],"wp:attachment":[{"href":"http:\/\/www.icpe.ro\/ro\/wp-json\/wp\/v2\/media?parent=20300"}],"wp:term":[{"taxonomy":"folder","embeddable":true,"href":"http:\/\/www.icpe.ro\/ro\/wp-json\/wp\/v2\/folder?post=20300"}],"curies":[{"name":"wp","href":"https:\/\/api.w.org\/{rel}","templated":true}]}}