{"id":20286,"date":"2020-06-03T12:57:06","date_gmt":"2020-06-03T09:57:06","guid":{"rendered":"http:\/\/www.icpe.ro\/ro\/?page_id=20286"},"modified":"2022-11-14T17:31:28","modified_gmt":"2022-11-14T14:31:28","slug":"etape","status":"publish","type":"page","link":"http:\/\/www.icpe.ro\/ro\/smartq\/etape\/","title":{"rendered":"Etape"},"content":{"rendered":"<p>[vc_row type=&#8221;full_width_section&#8221;][vc_column width=&#8221;1\/1&#8243;][vc_raw_html]JTNDc3R5bGUlM0UlMEEudG9wbmF2JTIwJTdCJTBBJTBBJTIwJTIwJTIwJTIwbGlzdC1zdHlsZSUzQW5vbmUlM0IlMEElMjAlMjAlMjAlMjBtYXJnaW4lM0EwJTNCJTBBJTIwJTIwJTIwJTIwcGFkZGluZyUzQTAlM0IlMEElMjAlMjAlMjAlMjB0ZXh0LWFsaWduJTNBY2VudGVyJTNCJTBBJTdEJTBBJTBBLnRvcG5hdiUyMGxpJTIwJTdCJTBBJTIwJTIwZGlzcGxheSUzQWlubGluZSUzQiUwQSU3RCUwQSUwQS50b3BuYXYlMjBhJTdCJTBBJTIwJTIwZGlzcGxheSUzQWlubGluZS1ibG9jayUzQiUwQSUyMCUyMGNvbG9yJTNBJTIwJTIzMDAwJTNCJTBBJTIwJTIwJTIwJTIwcGFkZGluZyUzQTE4cHglMjAzNnB4JTNCJTBBJTIwJTIwZm9udC1zaXplJTNBMTdweCUzQiUwQSU3RCUwQS50b3BuYXYlMjBhJTNBaG92ZXIlMjAlN0IlMEElMjAlMjBiYWNrZ3JvdW5kLWNvbG9yJTNBJTIwJTIzZGRkJTNCJTBBJTIwJTIwY29sb3IlM0ElMjBibGFjayUzQiUwQSU3RCUwQSUwQS50b3BuYXYlMjAuaWNvbiUyMCU3QiUwQSUyMCUyMGRpc3BsYXklM0ElMjBub25lJTNCJTBBJTdEJTBBLmFjdGl2ZSUyMCU3QiUwQSUyMCUyMCUyMCUyMGJhY2tncm91bmQtY29sb3IlM0ElMjAlMjNmN2Y3ZjclM0IlMEElMjAlMjAlMjAlMjBmb250LXdlaWdodCUzQSUyMGJvbGQlM0IlMEElN0QlMEElMEElNDBtZWRpYSUyMHNjcmVlbiUyMGFuZCUyMCUyOG1heC13aWR0aCUzQSUyMDYwMHB4JTI5JTIwJTdCJTBBJTIwJTIwLnRvcG5hdiUyMGElM0Fub3QlMjglM0FmaXJzdC1jaGlsZCUyOSUyMCU3QmRpc3BsYXklM0ElMjBub25lJTNCJTdEJTBBJTIwJTIwLnRvcG5hdiUyMGEuaWNvbiUyMCU3QiUwQSUyMCUyMCUyMCUyMGZsb2F0JTNBJTIwcmlnaHQlM0IlMEElMjAlMjAlMjAlMjBkaXNwbGF5JTNBJTIwYmxvY2slM0IlMEElMjAlMjAlN0QlMEElN0QlMEElMEElNDBtZWRpYSUyMHNjcmVlbiUyMGFuZCUyMCUyOG1heC13aWR0aCUzQSUyMDYwMHB4JTI5JTIwJTdCJTBBJTIwJTIwLnRvcG5hdi5yZXNwb25zaXZlJTIwJTdCcG9zaXRpb24lM0ElMjByZWxhdGl2ZSUzQiU3RCUwQSUyMCUyMC50b3BuYXYucmVzcG9uc2l2ZSUyMC5pY29uJTIwJTdCJTBBJTIwJTIwJTIwJTIwcG9zaXRpb24lM0ElMjBhYnNvbHV0ZSUzQiUwQSUyMCUyMCUyMCUyMHJpZ2h0JTNBJTIwMCUzQiUwQSUyMCUyMCUyMCUyMHRvcCUzQSUyMDAlM0IlMEElMjAlMjAlN0QlMEElMjAlMjAudG9wbmF2LnJlc3BvbnNpdmUlMjBhJTIwJTdCJTBBJTIwJTIwJTIwJTIwZmxvYXQlM0ElMjBub25lJTNCJTBBJTIwJTIwJTIwJTIwZGlzcGxheSUzQSUyMGJsb2NrJTNCJTBBJTIwJTIwJTIwJTIwdGV4dC1hbGlnbiUzQSUyMGxlZnQlM0IlMEElMjAlMjAlN0QlMEElMEElN0QlMEElM0MlMkZzdHlsZSUzRSUwQSUwQSUwQSUwQSUzQ2RpdiUyMGNsYXNzJTNEJTIydG9wbmF2JTIyJTIwaWQlM0QlMjJteVRvcG5hdiUyMiUzRSUwQSUyMCUyMCUzQ2ElMjBocmVmJTNEJTIyaHR0cCUzQSUyRiUyRnd3dy5pY3BlLnJvJTJGcm8lMkZzbWFydHElMkYlMjIlM0VBY2FzJUM0JTgzJTNDJTJGYSUzRSUwQSUyMCUyMCUzQ2ElMjBocmVmJTNEJTIyaHR0cCUzQSUyRiUyRnd3dy5pY3BlLnJvJTJGcm8lMkZzbWFydHElMkZkZXNwcmUtcHJvaWVjdCUyMiUzRURlc3ByZSUyMHByb2llY3QlM0MlMkZhJTNFJTBBJTIwJTIwJTNDYSUyMGhyZWYlM0QlMjJodHRwJTNBJTJGJTJGd3d3LmljcGUucm8lMkZybyUyRnNtYXJ0cSUyRmNvbnNvcnRpdSUyMiUzRUNvbnNvciVDOCU5Qml1JTNDJTJGYSUzRSUwQSUyMCUyMCUzQ2ElMjBocmVmJTNEJTIyaHR0cCUzQSUyRiUyRnd3dy5pY3BlLnJvJTJGcm8lMkZzbWFydHElMkZldGFwZSUyMiUzRUV0YXBlJTNDJTJGYSUzRSUwQSUyMCUyMCUzQ2ElMjBocmVmJTNEJTIyaHR0cCUzQSUyRiUyRnd3dy5pY3BlLnJvJTJGcm8lMkZzbWFydHElMkZub3V0YXRpJTIyJTNFTm91dCVDNCU4MyVDOCU5QmklM0MlMkZhJTNFJTBBJTIwJTIwJTNDYSUyMGhyZWYlM0QlMjJodHRwJTNBJTJGJTJGd3d3LmljcGUucm8lMkZybyUyRnNtYXJ0cSUyRmNvbnRhY3QlMjIlM0VDb250YWN0JTNDJTJGYSUzRSUwQSUyMCUyMCUzQ2xpJTIwc3R5bGUlM0QlMjJmbG9hdCUzQXJpZ2h0JTIyJTNFJTNDYSUyMGNsYXNzJTNEJTIyYWN0aXZlJTIyJTIwaHJlZiUzRCUyMmh0dHAlM0ElMkYlMkZ3d3cuaWNwZS5ybyUyRnNtYXJ0cSUyRiUyMiUzRUVOJTNDJTJGYSUzRSUzQyUyRmxpJTNFJTBBJTBBJTBBJTIwJTIwJTNDYSUyMGhyZWYlM0QlMjJqYXZhc2NyaXB0JTNBdm9pZCUyODAlMjklM0IlMjIlMjBzdHlsZSUzRCUyMmZvbnQtc2l6ZSUzQTE1cHglM0IlMjIlMjBjbGFzcyUzRCUyMmljb24lMjIlMjBvbmNsaWNrJTNEJTIybXlGdW5jdGlvbiUyOCUyOSUyMiUzRSUyNiUyMzk3NzYlM0IlM0MlMkZhJTNFJTBBJTNDJTJGZGl2JTNFJTBBJTBBJTNDc2NyaXB0JTNFJTBBZnVuY3Rpb24lMjBteUZ1bmN0aW9uJTI4JTI5JTIwJTdCJTBBJTIwJTIwJTIwJTIwdmFyJTIweCUyMCUzRCUyMGRvY3VtZW50LmdldEVsZW1lbnRCeUlkJTI4JTIybXlUb3BuYXYlMjIlMjklM0IlMEElMjAlMjAlMjAlMjBpZiUyMCUyOHguY2xhc3NOYW1lJTIwJTNEJTNEJTNEJTIwJTIydG9wbmF2JTIyJTI5JTIwJTdCJTBBJTIwJTIwJTIwJTIwJTIwJTIwJTIwJTIweC5jbGFzc05hbWUlMjAlMkIlM0QlMjAlMjIlMjByZXNwb25zaXZlJTIyJTNCJTBBJTIwJTIwJTIwJTIwJTdEJTIwZWxzZSUyMCU3QiUwQSUyMCUyMCUyMCUyMCUyMCUyMCUyMCUyMHguY2xhc3NOYW1lJTIwJTNEJTIwJTIydG9wbmF2JTIyJTNCJTBBJTIwJTIwJTIwJTIwJTdEJTBBJTdEJTBBJTNDJTJGc2NyaXB0JTNF[\/vc_raw_html][\/vc_column][\/vc_row][vc_row][vc_column width=&#8221;1\/1&#8243;]<div class=\"single_image wpb_content_element align-center    \" data-animation=\"none\" data-delay=\"0\"><img width=\"300\" height=\"152\" src=\"http:\/\/www.icpe.ro\/ro\/wp-content\/uploads\/2021\/01\/Logo_SMART_Q_300x152.jpg\" class=\"attachment-full\" alt=\"\" loading=\"lazy\" \/><\/div>[\/vc_column][\/vc_row][vc_row bg_color=&#8221;#efefef&#8221; top_padding=&#8221;20&#8243; bottom_padding=&#8221;20&#8243;][vc_column width=&#8221;1\/1&#8243;]<h1 class=\"headline font-inherit fontsize-m fontweight-700 lh-inherit align-center transform-uppercase \" style=\"margin: 0 0 0 0;\">Etape<\/h1>[\/vc_column][\/vc_row][vc_row top_padding=&#8221;40&#8243;][vc_column width=&#8221;1\/6&#8243;][vc_pie value=&#8221;100&#8243; color=&#8221;#1e73be&#8221; title=&#8221;Realizat&#8221; units=&#8221;%&#8221;][\/vc_column][vc_column width=&#8221;5\/6&#8243;][vc_column_text]<strong>Etapa 1<\/strong><br \/>\n<strong>Studii asupra solutiilor, tendintelor constructive si stabilire solutie noua pentru compensatoare capacitive automate.<\/strong><\/p>\n<p><strong>Pentru mai multe informa\u021bii v\u0103 rug\u0103m s\u0103 accesa\u021bi documentul de mai jos:<br \/>\n<\/strong><a href=\"http:\/\/www.icpe.ro\/ro\/wp-content\/uploads\/2020\/12\/SMARTQ_Etapa_1.pdf\">SMARTQ_Etapa_1<\/a>[\/vc_column_text][\/vc_column][\/vc_row][vc_row][vc_column width=&#8221;1\/1&#8243;]<div class=\"newdivider align-center\" style=\"border-bottom-style: solid; border-color: #999999; border-bottom-width: 2px; margin-top: 40px; margin-bottom: 40px; width: 100%; \"><\/div><div class=\"clear\"><\/div>[\/vc_column][\/vc_row][vc_row][vc_column width=&#8221;1\/6&#8243;][vc_pie value=&#8221;100&#8243; color=&#8221;#1e73be&#8221; title=&#8221;Realizat&#8221; units=&#8221;%&#8221;][\/vc_column][vc_column width=&#8221;5\/6&#8243;][vc_column_text]<strong>Etapa 2<\/strong><\/p>\n<p><strong>Realizare si testare modele experimentale; Proiectare si realizare tipodimensiune reprezentativa prototip compensatoare capacitive automate.<\/strong><\/p>\n<p><strong>Pentru mai multe informa\u021bii v\u0103 rug\u0103m s\u0103 accesa\u021bi documentul de mai jos:<br \/>\n<\/strong><a href=\"http:\/\/www.icpe.ro\/ro\/wp-content\/uploads\/2021\/12\/Raport-stiintific-si-tehnic-SMART-Q-etapa-II-1.pdf\" target=\"_blank\" rel=\"noopener\">Raport stiintific si tehnic SMART-Q -etapa II<\/a>[\/vc_column_text][\/vc_column][\/vc_row][vc_row][vc_column width=&#8221;1\/1&#8243;]<div class=\"newdivider align-center\" style=\"border-bottom-style: solid; border-color: #999999; border-bottom-width: 2px; margin-top: 40px; margin-bottom: 40px; width: 100%; \"><\/div><div class=\"clear\"><\/div>[\/vc_column][\/vc_row][vc_row bottom_padding=&#8221;40&#8243;][vc_column width=&#8221;1\/6&#8243;][vc_pie value=&#8221;100&#8243; color=&#8221;#1e73be&#8221; title=&#8221;Realizat&#8221; units=&#8221;%&#8221;][\/vc_column][vc_column width=&#8221;5\/6&#8243;][vc_column_text]<strong>Etapa 3<\/strong><br \/>\n<strong>Realizare si experimentare prototipuri; Diseminare rezultate.<\/strong><\/p>\n<p><a href=\"http:\/\/www.icpe.ro\/ro\/wp-content\/uploads\/2022\/11\/Raport-stiintific-si-tehnic-SMART-Q-etapa-III.pdf\" target=\"_blank\" rel=\"noopener\">Raport stiintific si tehnic SMART-Q -etapa III<\/a><\/p>\n<p>&nbsp;<\/p>\n<table style=\"height: 10px; width: 920.463px;\">\n<tbody>\n<tr>\n<td style=\"width: 452.075px; text-align: center;\"><video controls=\"controls\" width=\"450\" height=\"225\"><source src=\"http:\/\/www.icpe.ro\/ro\/wp-content\/uploads\/2022\/11\/Clip1-4-3.mp4\" type=\"video\/mp4\" \/><\/video><\/td>\n<td style=\"width: 453.587px; text-align: center;\"><video controls=\"controls\" width=\"450\" height=\"225\"><source src=\"http:\/\/www.icpe.ro\/ro\/wp-content\/uploads\/2022\/11\/Clip2-.mp4\" type=\"video\/mp4\" \/><\/video><\/td>\n<\/tr>\n<tr>\n<td style=\"width: 452.075px; text-align: center;\">Secven\u021b\u0103 de func\u021bionare discontinu\u0103 a ansamblului sarcin\u0103<br \/>\n&#8211; compensator capacitiv automat<\/td>\n<td style=\"width: 453.587px; text-align: center;\">Secven\u021b\u0103 de func\u021bionare continu\u0103 a ansamblului sarcin\u0103<br \/>\n&#8211; compensator capacitiv automat<\/td>\n<\/tr>\n<tr>\n<td style=\"width: 452.075px; text-align: center;\">&nbsp;<\/p>\n<p>&nbsp;<\/td>\n<td style=\"width: 453.587px; text-align: center;\"><\/td>\n<\/tr>\n<tr>\n<td style=\"width: 452.075px; text-align: center;\"><img loading=\"lazy\" class=\"alignnone size-medium wp-image-21122\" src=\"http:\/\/www.icpe.ro\/ro\/wp-content\/uploads\/2022\/11\/Poza_12-225x300.jpeg\" alt=\"\" width=\"225\" height=\"300\" srcset=\"http:\/\/www.icpe.ro\/ro\/wp-content\/uploads\/2022\/11\/Poza_12-225x300.jpeg 225w, http:\/\/www.icpe.ro\/ro\/wp-content\/uploads\/2022\/11\/Poza_12.jpeg 768w\" sizes=\"(max-width: 225px) 100vw, 225px\" \/><\/p>\n<p>&nbsp;<\/td>\n<td style=\"width: 453.587px; text-align: center;\"><img loading=\"lazy\" class=\"alignnone size-medium wp-image-21121\" src=\"http:\/\/www.icpe.ro\/ro\/wp-content\/uploads\/2022\/11\/Poza_11-300x225.jpeg\" alt=\"\" width=\"300\" height=\"225\" srcset=\"http:\/\/www.icpe.ro\/ro\/wp-content\/uploads\/2022\/11\/Poza_11-300x225.jpeg 300w, http:\/\/www.icpe.ro\/ro\/wp-content\/uploads\/2022\/11\/Poza_11-1024x768.jpeg 1024w, http:\/\/www.icpe.ro\/ro\/wp-content\/uploads\/2022\/11\/Poza_11-768x576.jpeg 768w, http:\/\/www.icpe.ro\/ro\/wp-content\/uploads\/2022\/11\/Poza_11-1536x1152.jpeg 1536w, http:\/\/www.icpe.ro\/ro\/wp-content\/uploads\/2022\/11\/Poza_11.jpeg 1600w\" sizes=\"(max-width: 300px) 100vw, 300px\" \/><\/td>\n<\/tr>\n<tr>\n<td style=\"width: 452.075px; text-align: center;\"><img loading=\"lazy\" class=\"alignnone size-medium wp-image-21120\" src=\"http:\/\/www.icpe.ro\/ro\/wp-content\/uploads\/2022\/11\/Poza_10-300x225.jpeg\" alt=\"\" width=\"300\" height=\"225\" srcset=\"http:\/\/www.icpe.ro\/ro\/wp-content\/uploads\/2022\/11\/Poza_10-300x225.jpeg 300w, http:\/\/www.icpe.ro\/ro\/wp-content\/uploads\/2022\/11\/Poza_10-1024x768.jpeg 1024w, http:\/\/www.icpe.ro\/ro\/wp-content\/uploads\/2022\/11\/Poza_10-768x576.jpeg 768w, http:\/\/www.icpe.ro\/ro\/wp-content\/uploads\/2022\/11\/Poza_10-1536x1152.jpeg 1536w, http:\/\/www.icpe.ro\/ro\/wp-content\/uploads\/2022\/11\/Poza_10.jpeg 1824w\" sizes=\"(max-width: 300px) 100vw, 300px\" \/><\/td>\n<td style=\"width: 453.587px; text-align: center;\"><img loading=\"lazy\" class=\"alignnone size-medium wp-image-21119\" src=\"http:\/\/www.icpe.ro\/ro\/wp-content\/uploads\/2022\/11\/Poza_9-225x300.jpeg\" alt=\"\" width=\"225\" height=\"300\" srcset=\"http:\/\/www.icpe.ro\/ro\/wp-content\/uploads\/2022\/11\/Poza_9-225x300.jpeg 225w, http:\/\/www.icpe.ro\/ro\/wp-content\/uploads\/2022\/11\/Poza_9.jpeg 768w\" sizes=\"(max-width: 225px) 100vw, 225px\" \/><\/p>\n<p>&nbsp;<\/td>\n<\/tr>\n<tr>\n<td style=\"width: 452.075px; text-align: center;\"><img loading=\"lazy\" class=\"alignnone size-medium wp-image-21118\" src=\"http:\/\/www.icpe.ro\/ro\/wp-content\/uploads\/2022\/11\/Poza_8-225x300.jpeg\" alt=\"\" width=\"225\" height=\"300\" srcset=\"http:\/\/www.icpe.ro\/ro\/wp-content\/uploads\/2022\/11\/Poza_8-225x300.jpeg 225w, http:\/\/www.icpe.ro\/ro\/wp-content\/uploads\/2022\/11\/Poza_8.jpeg 768w\" sizes=\"(max-width: 225px) 100vw, 225px\" \/><\/p>\n<p>&nbsp;<\/td>\n<td style=\"width: 453.587px; text-align: center;\"><img loading=\"lazy\" class=\"alignnone size-medium wp-image-21117\" src=\"http:\/\/www.icpe.ro\/ro\/wp-content\/uploads\/2022\/11\/Poza_7-225x300.jpeg\" alt=\"\" width=\"225\" height=\"300\" srcset=\"http:\/\/www.icpe.ro\/ro\/wp-content\/uploads\/2022\/11\/Poza_7-225x300.jpeg 225w, http:\/\/www.icpe.ro\/ro\/wp-content\/uploads\/2022\/11\/Poza_7.jpeg 768w\" sizes=\"(max-width: 225px) 100vw, 225px\" \/><\/p>\n<p>&nbsp;<\/td>\n<\/tr>\n<tr>\n<td style=\"width: 452.075px; text-align: center;\"><img loading=\"lazy\" class=\"alignnone size-medium wp-image-21116\" src=\"http:\/\/www.icpe.ro\/ro\/wp-content\/uploads\/2022\/11\/Poza_6-225x300.jpeg\" alt=\"\" width=\"225\" height=\"300\" srcset=\"http:\/\/www.icpe.ro\/ro\/wp-content\/uploads\/2022\/11\/Poza_6-225x300.jpeg 225w, http:\/\/www.icpe.ro\/ro\/wp-content\/uploads\/2022\/11\/Poza_6.jpeg 768w\" sizes=\"(max-width: 225px) 100vw, 225px\" \/><\/p>\n<p>&nbsp;<\/td>\n<td style=\"width: 453.587px; text-align: center;\"><img loading=\"lazy\" class=\"alignnone size-medium wp-image-21115\" src=\"http:\/\/www.icpe.ro\/ro\/wp-content\/uploads\/2022\/11\/Poza_5-225x300.jpeg\" alt=\"\" width=\"225\" height=\"300\" srcset=\"http:\/\/www.icpe.ro\/ro\/wp-content\/uploads\/2022\/11\/Poza_5-225x300.jpeg 225w, http:\/\/www.icpe.ro\/ro\/wp-content\/uploads\/2022\/11\/Poza_5.jpeg 768w\" sizes=\"(max-width: 225px) 100vw, 225px\" \/><\/td>\n<\/tr>\n<tr>\n<td style=\"width: 452.075px; text-align: center;\"><img loading=\"lazy\" class=\"alignnone size-medium wp-image-21114\" src=\"http:\/\/www.icpe.ro\/ro\/wp-content\/uploads\/2022\/11\/Poza_4-300x225.jpeg\" alt=\"\" width=\"300\" height=\"225\" srcset=\"http:\/\/www.icpe.ro\/ro\/wp-content\/uploads\/2022\/11\/Poza_4-300x225.jpeg 300w, http:\/\/www.icpe.ro\/ro\/wp-content\/uploads\/2022\/11\/Poza_4-768x576.jpeg 768w, http:\/\/www.icpe.ro\/ro\/wp-content\/uploads\/2022\/11\/Poza_4.jpeg 1024w\" sizes=\"(max-width: 300px) 100vw, 300px\" \/><\/p>\n<p>&nbsp;<\/td>\n<td style=\"width: 453.587px; text-align: center;\"><img loading=\"lazy\" class=\"alignnone size-medium wp-image-21113\" src=\"http:\/\/www.icpe.ro\/ro\/wp-content\/uploads\/2022\/11\/Poza_3-300x225.jpeg\" alt=\"\" width=\"300\" height=\"225\" srcset=\"http:\/\/www.icpe.ro\/ro\/wp-content\/uploads\/2022\/11\/Poza_3-300x225.jpeg 300w, http:\/\/www.icpe.ro\/ro\/wp-content\/uploads\/2022\/11\/Poza_3-1024x768.jpeg 1024w, http:\/\/www.icpe.ro\/ro\/wp-content\/uploads\/2022\/11\/Poza_3-768x576.jpeg 768w, http:\/\/www.icpe.ro\/ro\/wp-content\/uploads\/2022\/11\/Poza_3-1536x1152.jpeg 1536w, http:\/\/www.icpe.ro\/ro\/wp-content\/uploads\/2022\/11\/Poza_3.jpeg 1600w\" sizes=\"(max-width: 300px) 100vw, 300px\" \/><\/td>\n<\/tr>\n<tr>\n<td style=\"width: 452.075px; text-align: center;\"><img loading=\"lazy\" class=\"alignnone size-medium wp-image-21112\" src=\"http:\/\/www.icpe.ro\/ro\/wp-content\/uploads\/2022\/11\/Poza_2-225x300.jpeg\" alt=\"\" width=\"225\" height=\"300\" srcset=\"http:\/\/www.icpe.ro\/ro\/wp-content\/uploads\/2022\/11\/Poza_2-225x300.jpeg 225w, http:\/\/www.icpe.ro\/ro\/wp-content\/uploads\/2022\/11\/Poza_2.jpeg 768w\" sizes=\"(max-width: 225px) 100vw, 225px\" \/><\/td>\n<td style=\"width: 453.587px; text-align: center;\"><img loading=\"lazy\" class=\"alignnone size-medium wp-image-21111\" src=\"http:\/\/www.icpe.ro\/ro\/wp-content\/uploads\/2022\/11\/Poza_1-300x169.jpeg\" alt=\"\" width=\"300\" height=\"169\" srcset=\"http:\/\/www.icpe.ro\/ro\/wp-content\/uploads\/2022\/11\/Poza_1-300x169.jpeg 300w, http:\/\/www.icpe.ro\/ro\/wp-content\/uploads\/2022\/11\/Poza_1-1024x577.jpeg 1024w, http:\/\/www.icpe.ro\/ro\/wp-content\/uploads\/2022\/11\/Poza_1-768x432.jpeg 768w, http:\/\/www.icpe.ro\/ro\/wp-content\/uploads\/2022\/11\/Poza_1-1536x865.jpeg 1536w, http:\/\/www.icpe.ro\/ro\/wp-content\/uploads\/2022\/11\/Poza_1-1000x563.jpeg 1000w, http:\/\/www.icpe.ro\/ro\/wp-content\/uploads\/2022\/11\/Poza_1.jpeg 2000w\" sizes=\"(max-width: 300px) 100vw, 300px\" \/><\/td>\n<\/tr>\n<\/tbody>\n<\/table>\n<p>[\/vc_column_text][\/vc_column][\/vc_row][vc_row bg_color=&#8221;#262626&#8243; top_padding=&#8221;70&#8243; bottom_padding=&#8221;70&#8243; bg_type=&#8221;bg_color&#8221;][vc_column width=&#8221;1\/2&#8243;][vc_column_text]\u00a9 Icpe | Technologies for Sustainable Development<br \/>\n<a href=\"http:\/\/www.icpe.ro\/terms\" target=\"_blank\" rel=\"noopener\">Terms and Conditions<\/a>[\/vc_column_text][\/vc_column][vc_column text_align=&#8221;center&#8221; width=&#8221;1\/2&#8243;]<a href=\"http:\/\/www.icpe.ro\/institute\/projects\/\" target=\"_blank\" class=\"button color-3 small \" style=\"border-radius: 2px;\">See more projects<\/a>[\/vc_column][\/vc_row]<\/p>\n","protected":false},"excerpt":{"rendered":"<p>[vc_row type=&#8221;full_width_section&#8221;][vc_column width=&#8221;1\/1&#8243;][vc_raw_html]JTNDc3R5bGUlM0UlMEEudG9wbmF2JTIwJTdCJTBBJTBBJTIwJTIwJTIwJTIwbGlzdC1zdHlsZSUzQW5vbmUlM0IlMEElMjAlMjAlMjAlMjBtYXJnaW4lM0EwJTNCJTBBJTIwJTIwJTIwJTIwcGFkZGluZyUzQTAlM0IlMEElMjAlMjAlMjAlMjB0ZXh0LWFsaWduJTNBY2VudGVyJTNCJTBBJTdEJTBBJTBBLnRvcG5hdiUyMGxpJTIwJTdCJTBBJTIwJTIwZGlzcGxheSUzQWlubGluZSUzQiUwQSU3RCUwQSUwQS50b3BuYXYlMjBhJTdCJTBBJTIwJTIwZGlzcGxheSUzQWlubGluZS1ibG9jayUzQiUwQSUyMCUyMGNvbG9yJTNBJTIwJTIzMDAwJTNCJTBBJTIwJTIwJTIwJTIwcGFkZGluZyUzQTE4cHglMjAzNnB4JTNCJTBBJTIwJTIwZm9udC1zaXplJTNBMTdweCUzQiUwQSU3RCUwQS50b3BuYXYlMjBhJTNBaG92ZXIlMjAlN0IlMEElMjAlMjBiYWNrZ3JvdW5kLWNvbG9yJTNBJTIwJTIzZGRkJTNCJTBBJTIwJTIwY29sb3IlM0ElMjBibGFjayUzQiUwQSU3RCUwQSUwQS50b3BuYXYlMjAuaWNvbiUyMCU3QiUwQSUyMCUyMGRpc3BsYXklM0ElMjBub25lJTNCJTBBJTdEJTBBLmFjdGl2ZSUyMCU3QiUwQSUyMCUyMCUyMCUyMGJhY2tncm91bmQtY29sb3IlM0ElMjAlMjNmN2Y3ZjclM0IlMEElMjAlMjAlMjAlMjBmb250LXdlaWdodCUzQSUyMGJvbGQlM0IlMEElN0QlMEElMEElNDBtZWRpYSUyMHNjcmVlbiUyMGFuZCUyMCUyOG1heC13aWR0aCUzQSUyMDYwMHB4JTI5JTIwJTdCJTBBJTIwJTIwLnRvcG5hdiUyMGElM0Fub3QlMjglM0FmaXJzdC1jaGlsZCUyOSUyMCU3QmRpc3BsYXklM0ElMjBub25lJTNCJTdEJTBBJTIwJTIwLnRvcG5hdiUyMGEuaWNvbiUyMCU3QiUwQSUyMCUyMCUyMCUyMGZsb2F0JTNBJTIwcmlnaHQlM0IlMEElMjAlMjAlMjAlMjBkaXNwbGF5JTNBJTIwYmxvY2slM0IlMEElMjAlMjAlN0QlMEElN0QlMEElMEElNDBtZWRpYSUyMHNjcmVlbiUyMGFuZCUyMCUyOG1heC13aWR0aCUzQSUyMDYwMHB4JTI5JTIwJTdCJTBBJTIwJTIwLnRvcG5hdi5yZXNwb25zaXZlJTIwJTdCcG9zaXRpb24lM0ElMjByZWxhdGl2ZSUzQiU3RCUwQSUyMCUyMC50b3BuYXYucmVzcG9uc2l2ZSUyMC5pY29uJTIwJTdCJTBBJTIwJTIwJTIwJTIwcG9zaXRpb24lM0ElMjBhYnNvbHV0ZSUzQiUwQSUyMCUyMCUyMCUyMHJpZ2h0JTNBJTIwMCUzQiUwQSUyMCUyMCUyMCUyMHRvcCUzQSUyMDAlM0IlMEElMjAlMjAlN0QlMEElMjAlMjAudG9wbmF2LnJlc3BvbnNpdmUlMjBhJTIwJTdCJTBBJTIwJTIwJTIwJTIwZmxvYXQlM0ElMjBub25lJTNCJTBBJTIwJTIwJTIwJTIwZGlzcGxheSUzQSUyMGJsb2NrJTNCJTBBJTIwJTIwJTIwJTIwdGV4dC1hbGlnbiUzQSUyMGxlZnQlM0IlMEElMjAlMjAlN0QlMEElMEElN0QlMEElM0MlMkZzdHlsZSUzRSUwQSUwQSUwQSUwQSUzQ2RpdiUyMGNsYXNzJTNEJTIydG9wbmF2JTIyJTIwaWQlM0QlMjJteVRvcG5hdiUyMiUzRSUwQSUyMCUyMCUzQ2ElMjBocmVmJTNEJTIyaHR0cCUzQSUyRiUyRnd3dy5pY3BlLnJvJTJGcm8lMkZzbWFydHElMkYlMjIlM0VBY2FzJUM0JTgzJTNDJTJGYSUzRSUwQSUyMCUyMCUzQ2ElMjBocmVmJTNEJTIyaHR0cCUzQSUyRiUyRnd3dy5pY3BlLnJvJTJGcm8lMkZzbWFydHElMkZkZXNwcmUtcHJvaWVjdCUyMiUzRURlc3ByZSUyMHByb2llY3QlM0MlMkZhJTNFJTBBJTIwJTIwJTNDYSUyMGhyZWYlM0QlMjJodHRwJTNBJTJGJTJGd3d3LmljcGUucm8lMkZybyUyRnNtYXJ0cSUyRmNvbnNvcnRpdSUyMiUzRUNvbnNvciVDOCU5Qml1JTNDJTJGYSUzRSUwQSUyMCUyMCUzQ2ElMjBocmVmJTNEJTIyaHR0cCUzQSUyRiUyRnd3dy5pY3BlLnJvJTJGcm8lMkZzbWFydHElMkZldGFwZSUyMiUzRUV0YXBlJTNDJTJGYSUzRSUwQSUyMCUyMCUzQ2ElMjBocmVmJTNEJTIyaHR0cCUzQSUyRiUyRnd3dy5pY3BlLnJvJTJGcm8lMkZzbWFydHElMkZub3V0YXRpJTIyJTNFTm91dCVDNCU4MyVDOCU5QmklM0MlMkZhJTNFJTBBJTIwJTIwJTNDYSUyMGhyZWYlM0QlMjJodHRwJTNBJTJGJTJGd3d3LmljcGUucm8lMkZybyUyRnNtYXJ0cSUyRmNvbnRhY3QlMjIlM0VDb250YWN0JTNDJTJGYSUzRSUwQSUyMCUyMCUzQ2xpJTIwc3R5bGUlM0QlMjJmbG9hdCUzQXJpZ2h0JTIyJTNFJTNDYSUyMGNsYXNzJTNEJTIyYWN0aXZlJTIyJTIwaHJlZiUzRCUyMmh0dHAlM0ElMkYlMkZ3d3cuaWNwZS5ybyUyRnNtYXJ0cSUyRiUyMiUzRUVOJTNDJTJGYSUzRSUzQyUyRmxpJTNFJTBBJTBBJTBBJTIwJTIwJTNDYSUyMGhyZWYlM0QlMjJqYXZhc2NyaXB0JTNBdm9pZCUyODAlMjklM0IlMjIlMjBzdHlsZSUzRCUyMmZvbnQtc2l6ZSUzQTE1cHglM0IlMjIlMjBjbGFzcyUzRCUyMmljb24lMjIlMjBvbmNsaWNrJTNEJTIybXlGdW5jdGlvbiUyOCUyOSUyMiUzRSUyNiUyMzk3NzYlM0IlM0MlMkZhJTNFJTBBJTNDJTJGZGl2JTNFJTBBJTBBJTNDc2NyaXB0JTNFJTBBZnVuY3Rpb24lMjBteUZ1bmN0aW9uJTI4JTI5JTIwJTdCJTBBJTIwJTIwJTIwJTIwdmFyJTIweCUyMCUzRCUyMGRvY3VtZW50LmdldEVsZW1lbnRCeUlkJTI4JTIybXlUb3BuYXYlMjIlMjklM0IlMEElMjAlMjAlMjAlMjBpZiUyMCUyOHguY2xhc3NOYW1lJTIwJTNEJTNEJTNEJTIwJTIydG9wbmF2JTIyJTI5JTIwJTdCJTBBJTIwJTIwJTIwJTIwJTIwJTIwJTIwJTIweC5jbGFzc05hbWUlMjAlMkIlM0QlMjAlMjIlMjByZXNwb25zaXZlJTIyJTNCJTBBJTIwJTIwJTIwJTIwJTdEJTIwZWxzZSUyMCU3QiUwQSUyMCUyMCUyMCUyMCUyMCUyMCUyMCUyMHguY2xhc3NOYW1lJTIwJTNEJTIwJTIydG9wbmF2JTIyJTNCJTBBJTIwJTIwJTIwJTIwJTdEJTBBJTdEJTBBJTNDJTJGc2NyaXB0JTNF[\/vc_raw_html][\/vc_column][\/vc_row][vc_row][vc_column width=&#8221;1\/1&#8243;][\/vc_column][\/vc_row][vc_row bg_color=&#8221;#efefef&#8221; top_padding=&#8221;20&#8243; bottom_padding=&#8221;20&#8243;][vc_column width=&#8221;1\/1&#8243;][\/vc_column][\/vc_row][vc_row top_padding=&#8221;40&#8243;][vc_column width=&#8221;1\/6&#8243;][vc_pie value=&#8221;100&#8243; color=&#8221;#1e73be&#8221; title=&#8221;Realizat&#8221; units=&#8221;%&#8221;][\/vc_column][vc_column width=&#8221;5\/6&#8243;][vc_column_text]Etapa 1 Studii asupra solutiilor, tendintelor constructive si stabilire solutie noua pentru compensatoare capacitive automate. Pentru mai multe informa\u021bii v\u0103 rug\u0103m s\u0103 accesa\u021bi documentul de mai jos: SMARTQ_Etapa_1[\/vc_column_text][\/vc_column][\/vc_row][vc_row][vc_column width=&#8221;1\/1&#8243;][\/vc_column][\/vc_row][vc_row][vc_column width=&#8221;1\/6&#8243;][vc_pie value=&#8221;100&#8243; color=&#8221;#1e73be&#8221; title=&#8221;Realizat&#8221; units=&#8221;%&#8221;][\/vc_column][vc_column width=&#8221;5\/6&#8243;][vc_column_text]Etapa 2 Realizare si testare modele experimentale; Proiectare si realizare tipodimensiune reprezentativa prototip compensatoare capacitive automate. Pentru mai multe informa\u021bii v\u0103 rug\u0103m s\u0103 accesa\u021bi documentul de mai jos: Raport stiintific si tehnic SMART-Q -etapa II[\/vc_column_text][\/vc_column][\/vc_row][vc_row][vc_column width=&#8221;1\/1&#8243;][\/vc_column][\/vc_row][vc_row bottom_padding=&#8221;40&#8243;][vc_column width=&#8221;1\/6&#8243;][vc_pie value=&#8221;100&#8243; color=&#8221;#1e73be&#8221; title=&#8221;Realizat&#8221; units=&#8221;%&#8221;][\/vc_column][vc_column width=&#8221;5\/6&#8243;][vc_column_text]Etapa 3 Realizare si experimentare prototipuri; Diseminare rezultate. Raport stiintific si tehnic SMART-Q -etapa III &nbsp; Secven\u021b\u0103 de func\u021bionare discontinu\u0103 a ansamblului sarcin\u0103 &#8211; compensator capacitiv automat Secven\u021b\u0103 de func\u021bionare continu\u0103 a ansamblului sarcin\u0103 &#8211; compensator capacitiv automat &nbsp; &nbsp; &nbsp; &nbsp; &nbsp; &nbsp; &nbsp; &nbsp; [\/vc_column_text][\/vc_column][\/vc_row][vc_row bg_color=&#8221;#262626&#8243; top_padding=&#8221;70&#8243; bottom_padding=&#8221;70&#8243; bg_type=&#8221;bg_color&#8221;][vc_column width=&#8221;1\/2&#8243;][vc_column_text]\u00a9 Icpe | Technologies for Sustainable Development Terms and Conditions[\/vc_column_text][\/vc_column][vc_column text_align=&#8221;center&#8221; width=&#8221;1\/2&#8243;][\/vc_column][\/vc_row]<\/p>\n","protected":false},"author":2,"featured_media":0,"parent":20278,"menu_order":136,"comment_status":"closed","ping_status":"closed","template":"","meta":[],"folder":[81],"_links":{"self":[{"href":"http:\/\/www.icpe.ro\/ro\/wp-json\/wp\/v2\/pages\/20286"}],"collection":[{"href":"http:\/\/www.icpe.ro\/ro\/wp-json\/wp\/v2\/pages"}],"about":[{"href":"http:\/\/www.icpe.ro\/ro\/wp-json\/wp\/v2\/types\/page"}],"author":[{"embeddable":true,"href":"http:\/\/www.icpe.ro\/ro\/wp-json\/wp\/v2\/users\/2"}],"replies":[{"embeddable":true,"href":"http:\/\/www.icpe.ro\/ro\/wp-json\/wp\/v2\/comments?post=20286"}],"version-history":[{"count":0,"href":"http:\/\/www.icpe.ro\/ro\/wp-json\/wp\/v2\/pages\/20286\/revisions"}],"up":[{"embeddable":true,"href":"http:\/\/www.icpe.ro\/ro\/wp-json\/wp\/v2\/pages\/20278"}],"wp:attachment":[{"href":"http:\/\/www.icpe.ro\/ro\/wp-json\/wp\/v2\/media?parent=20286"}],"wp:term":[{"taxonomy":"folder","embeddable":true,"href":"http:\/\/www.icpe.ro\/ro\/wp-json\/wp\/v2\/folder?post=20286"}],"curies":[{"name":"wp","href":"https:\/\/api.w.org\/{rel}","templated":true}]}}