{"id":20278,"date":"2020-06-03T12:06:59","date_gmt":"2020-06-03T09:06:59","guid":{"rendered":"http:\/\/www.icpe.ro\/ro\/?page_id=20278"},"modified":"2022-12-06T15:21:54","modified_gmt":"2022-12-06T12:21:54","slug":"smartq","status":"publish","type":"page","link":"http:\/\/www.icpe.ro\/ro\/smartq\/","title":{"rendered":"SMART Q"},"content":{"rendered":"<p>[vc_row type=&#8221;full_width_section&#8221;][vc_column width=&#8221;1\/1&#8243;][vc_raw_html]JTNDc3R5bGUlM0UlMEEudG9wbmF2JTIwJTdCJTBBJTBBJTIwJTIwJTIwJTIwbGlzdC1zdHlsZSUzQW5vbmUlM0IlMEElMjAlMjAlMjAlMjBtYXJnaW4lM0EwJTNCJTBBJTIwJTIwJTIwJTIwcGFkZGluZyUzQTAlM0IlMEElMjAlMjAlMjAlMjB0ZXh0LWFsaWduJTNBY2VudGVyJTNCJTBBJTdEJTBBJTBBLnRvcG5hdiUyMGxpJTIwJTdCJTBBJTIwJTIwZGlzcGxheSUzQWlubGluZSUzQiUwQSU3RCUwQSUwQS50b3BuYXYlMjBhJTdCJTBBJTIwJTIwZGlzcGxheSUzQWlubGluZS1ibG9jayUzQiUwQSUyMCUyMGNvbG9yJTNBJTIwJTIzMDAwJTNCJTBBJTIwJTIwJTIwJTIwcGFkZGluZyUzQTE4cHglMjAzNnB4JTNCJTBBJTIwJTIwZm9udC1zaXplJTNBMTdweCUzQiUwQSU3RCUwQS50b3BuYXYlMjBhJTNBaG92ZXIlMjAlN0IlMEElMjAlMjBiYWNrZ3JvdW5kLWNvbG9yJTNBJTIwJTIzZGRkJTNCJTBBJTIwJTIwY29sb3IlM0ElMjBibGFjayUzQiUwQSU3RCUwQSUwQS50b3BuYXYlMjAuaWNvbiUyMCU3QiUwQSUyMCUyMGRpc3BsYXklM0ElMjBub25lJTNCJTBBJTdEJTBBLmFjdGl2ZSUyMCU3QiUwQSUyMCUyMCUyMCUyMGJhY2tncm91bmQtY29sb3IlM0ElMjAlMjNmN2Y3ZjclM0IlMEElMjAlMjAlMjAlMjBmb250LXdlaWdodCUzQSUyMGJvbGQlM0IlMEElN0QlMEElMEElNDBtZWRpYSUyMHNjcmVlbiUyMGFuZCUyMCUyOG1heC13aWR0aCUzQSUyMDYwMHB4JTI5JTIwJTdCJTBBJTIwJTIwLnRvcG5hdiUyMGElM0Fub3QlMjglM0FmaXJzdC1jaGlsZCUyOSUyMCU3QmRpc3BsYXklM0ElMjBub25lJTNCJTdEJTBBJTIwJTIwLnRvcG5hdiUyMGEuaWNvbiUyMCU3QiUwQSUyMCUyMCUyMCUyMGZsb2F0JTNBJTIwcmlnaHQlM0IlMEElMjAlMjAlMjAlMjBkaXNwbGF5JTNBJTIwYmxvY2slM0IlMEElMjAlMjAlN0QlMEElN0QlMEElMEElNDBtZWRpYSUyMHNjcmVlbiUyMGFuZCUyMCUyOG1heC13aWR0aCUzQSUyMDYwMHB4JTI5JTIwJTdCJTBBJTIwJTIwLnRvcG5hdi5yZXNwb25zaXZlJTIwJTdCcG9zaXRpb24lM0ElMjByZWxhdGl2ZSUzQiU3RCUwQSUyMCUyMC50b3BuYXYucmVzcG9uc2l2ZSUyMC5pY29uJTIwJTdCJTBBJTIwJTIwJTIwJTIwcG9zaXRpb24lM0ElMjBhYnNvbHV0ZSUzQiUwQSUyMCUyMCUyMCUyMHJpZ2h0JTNBJTIwMCUzQiUwQSUyMCUyMCUyMCUyMHRvcCUzQSUyMDAlM0IlMEElMjAlMjAlN0QlMEElMjAlMjAudG9wbmF2LnJlc3BvbnNpdmUlMjBhJTIwJTdCJTBBJTIwJTIwJTIwJTIwZmxvYXQlM0ElMjBub25lJTNCJTBBJTIwJTIwJTIwJTIwZGlzcGxheSUzQSUyMGJsb2NrJTNCJTBBJTIwJTIwJTIwJTIwdGV4dC1hbGlnbiUzQSUyMGxlZnQlM0IlMEElMjAlMjAlN0QlMEElMEElN0QlMEElM0MlMkZzdHlsZSUzRSUwQSUwQSUwQSUwQSUzQ2RpdiUyMGNsYXNzJTNEJTIydG9wbmF2JTIyJTIwaWQlM0QlMjJteVRvcG5hdiUyMiUzRSUwQSUyMCUyMCUzQ2ElMjBocmVmJTNEJTIyaHR0cCUzQSUyRiUyRnd3dy5pY3BlLnJvJTJGcm8lMkZzbWFydHElMkYlMjIlM0VBY2FzJUM0JTgzJTNDJTJGYSUzRSUwQSUyMCUyMCUzQ2ElMjBocmVmJTNEJTIyaHR0cCUzQSUyRiUyRnd3dy5pY3BlLnJvJTJGcm8lMkZzbWFydHElMkZkZXNwcmUtcHJvaWVjdCUyMiUzRURlc3ByZSUyMHByb2llY3QlM0MlMkZhJTNFJTBBJTIwJTIwJTNDYSUyMGhyZWYlM0QlMjJodHRwJTNBJTJGJTJGd3d3LmljcGUucm8lMkZybyUyRnNtYXJ0cSUyRmNvbnNvcnRpdSUyMiUzRUNvbnNvciVDOCU5Qml1JTNDJTJGYSUzRSUwQSUyMCUyMCUzQ2ElMjBocmVmJTNEJTIyaHR0cCUzQSUyRiUyRnd3dy5pY3BlLnJvJTJGcm8lMkZzbWFydHElMkZldGFwZSUyMiUzRUV0YXBlJTNDJTJGYSUzRSUwQSUyMCUyMCUzQ2ElMjBocmVmJTNEJTIyaHR0cCUzQSUyRiUyRnd3dy5pY3BlLnJvJTJGcm8lMkZzbWFydHElMkZub3V0YXRpJTIyJTNFTm91dCVDNCU4MyVDOCU5QmklM0MlMkZhJTNFJTBBJTIwJTIwJTNDYSUyMGhyZWYlM0QlMjJodHRwJTNBJTJGJTJGd3d3LmljcGUucm8lMkZybyUyRnNtYXJ0cSUyRmNvbnRhY3QlMjIlM0VDb250YWN0JTNDJTJGYSUzRSUwQSUyMCUyMCUzQ2xpJTIwc3R5bGUlM0QlMjJmbG9hdCUzQXJpZ2h0JTIyJTNFJTNDYSUyMGNsYXNzJTNEJTIyYWN0aXZlJTIyJTIwaHJlZiUzRCUyMmh0dHAlM0ElMkYlMkZ3d3cuaWNwZS5ybyUyRnNtYXJ0cSUyRiUyMiUzRUVOJTNDJTJGYSUzRSUzQyUyRmxpJTNFJTBBJTBBJTBBJTIwJTIwJTNDYSUyMGhyZWYlM0QlMjJqYXZhc2NyaXB0JTNBdm9pZCUyODAlMjklM0IlMjIlMjBzdHlsZSUzRCUyMmZvbnQtc2l6ZSUzQTE1cHglM0IlMjIlMjBjbGFzcyUzRCUyMmljb24lMjIlMjBvbmNsaWNrJTNEJTIybXlGdW5jdGlvbiUyOCUyOSUyMiUzRSUyNiUyMzk3NzYlM0IlM0MlMkZhJTNFJTBBJTNDJTJGZGl2JTNFJTBBJTBBJTNDc2NyaXB0JTNFJTBBZnVuY3Rpb24lMjBteUZ1bmN0aW9uJTI4JTI5JTIwJTdCJTBBJTIwJTIwJTIwJTIwdmFyJTIweCUyMCUzRCUyMGRvY3VtZW50LmdldEVsZW1lbnRCeUlkJTI4JTIybXlUb3BuYXYlMjIlMjklM0IlMEElMjAlMjAlMjAlMjBpZiUyMCUyOHguY2xhc3NOYW1lJTIwJTNEJTNEJTNEJTIwJTIydG9wbmF2JTIyJTI5JTIwJTdCJTBBJTIwJTIwJTIwJTIwJTIwJTIwJTIwJTIweC5jbGFzc05hbWUlMjAlMkIlM0QlMjAlMjIlMjByZXNwb25zaXZlJTIyJTNCJTBBJTIwJTIwJTIwJTIwJTdEJTIwZWxzZSUyMCU3QiUwQSUyMCUyMCUyMCUyMCUyMCUyMCUyMCUyMHguY2xhc3NOYW1lJTIwJTNEJTIwJTIydG9wbmF2JTIyJTNCJTBBJTIwJTIwJTIwJTIwJTdEJTBBJTdEJTBBJTNDJTJGc2NyaXB0JTNF[\/vc_raw_html][\/vc_column][\/vc_row][vc_row][vc_column width=&#8221;1\/1&#8243;]<div class=\"single_image wpb_content_element align-center    \" data-animation=\"none\" data-delay=\"0\"><img width=\"300\" height=\"152\" src=\"http:\/\/www.icpe.ro\/ro\/wp-content\/uploads\/2021\/01\/Logo_SMART_Q_300x152.jpg\" class=\"attachment-full\" alt=\"\" loading=\"lazy\" \/><\/div>[\/vc_column][\/vc_row][vc_row bg_color=&#8221;#efefef&#8221; top_padding=&#8221;20&#8243; bottom_padding=&#8221;20&#8243;][vc_column width=&#8221;1\/1&#8243;]<h1 class=\"headline font-inherit fontsize-m fontweight-700 lh-inherit align-center transform-inherit \" style=\"margin: 0 0 0 0;\">Gama de prototipuri de compensatoare capacitive automate destinate imbunatatirii factorului de putere si echilibrarii sarcinilor in retelele electrice de joasa tensiune<\/h1><h2 class=\"headline font-inherit fontsize-s fontweight-600 lh-inherit align-center transform-inherit \" style=\"margin: 0 0 0 0;\">Proiect nr. 41PTE \/ 2020<\/h2>[\/vc_column][\/vc_row][vc_row][vc_column width=&#8221;1\/1&#8243;][vc_column_text]<u>Scurt\u0103 prezentare a proiectului:<\/u><\/p>\n<p>Proiectul cu titlul \u201eGam\u0103 de prototipuri de compensatoare capacitive automate destinate \u00eembun\u0103t\u0103\u021birii factorului de putere \u0219i echilibr\u0103rii sarcinilor \u00een re\u021belele electrice de joas\u0103 tensiune\u201d, acronim SMART-Q, cod proiect PN-III-P2-2.1-PTE-2019-0694, contract nr. 41PTE\/20202, a fost \u00a0realizat \u00eentr-un conso\u021biu format din ICPE SA (IMM) \u0219i Universitatea Politehnica Timi\u0219oara &#8211; UPT. Proiectul s-a derulat pe o perioad\u0103 de 32 de luni. Valoarea total\u0103 a proiectului a fost de 1.804.000 lei, din care 615.000 lei a reprezentat cofinan\u021barea asigurat\u0103 de ICPE SA.<\/p>\n<p>Obiectivul general al proiectului este reprezentat de transferul propriet\u0103\u021bii intelectuale de c\u0103tre ICPE SA (\u00een calitate de coordonator) dinspre UPT (\u00een calitate de partener) ob\u021binut\u0103 \u00een proiectul derulat \u00een cadrul PN-II-PT-PCCA-2013-4. (<a href=\"https:\/\/www.sites.google.com\/site\/caeredjt\/\">https:\/\/www.sites.google.com\/site\/caeredjt\/\u00a0<\/a>&#8211; contract de finan\u021bare nr. 48\/01.07.2014) \u00een scopul asimil\u0103rii de c\u0103tre ICPE SA a metodei de control al compensatoarelor capacitive automate de echilibrare pentru aplica\u021bii industriale. Proiectul a \u00eenceput cu un nivel de maturitate tehnologic\u0103 TRL 4 \u015fi s-a finalizat cu nivelul TRL 6. Produsul a fost dezvoltat \u00een scopul \u00eembun\u0103t\u0103\u021birii factorului de putere \u00een acela\u0219i timp cu echilibrarea sarcinilor trifazate \u00een re\u021belele de distribu\u021bie de joas\u0103 tensiune.<\/p>\n<p>\u00cen urma parcurgerii planului de realizare, cei doi parteneri au contribuit la realizarea unui produs inovativ, ce folose\u0219te solu\u021bii tehnologice avansate \u0219i pentru care s-a confirmat func\u021bionarea eficient\u0103 \u0219i deci poten\u021bialul ridicat de a fi introdus pe pia\u021b\u0103. Pentru mai multe detalii se poate consulta site-ul proiectului:\u00a0<a href=\"http:\/\/www.icpe.ro\/ro\/smartq\/\">http:\/\/www.icpe.ro\/ro\/smartq\/<\/a>.<\/p>\n<table style=\"height: 62px;\" width=\"1043\">\n<tbody>\n<tr>\n<td style=\"width: 340.85px; text-align: left;\"><img loading=\"lazy\" class=\"size-medium wp-image-21142 aligncenter\" src=\"http:\/\/www.icpe.ro\/ro\/wp-content\/uploads\/2022\/12\/Poza1-212x300.png\" alt=\"\" width=\"212\" height=\"300\" srcset=\"http:\/\/www.icpe.ro\/ro\/wp-content\/uploads\/2022\/12\/Poza1-212x300.png 212w, http:\/\/www.icpe.ro\/ro\/wp-content\/uploads\/2022\/12\/Poza1-722x1024.png 722w, http:\/\/www.icpe.ro\/ro\/wp-content\/uploads\/2022\/12\/Poza1-768x1089.png 768w, http:\/\/www.icpe.ro\/ro\/wp-content\/uploads\/2022\/12\/Poza1-1083x1536.png 1083w, http:\/\/www.icpe.ro\/ro\/wp-content\/uploads\/2022\/12\/Poza1.png 1224w\" sizes=\"(max-width: 212px) 100vw, 212px\" \/><\/td>\n<td style=\"width: 340.85px; text-align: left;\"><img loading=\"lazy\" class=\"size-medium wp-image-21147 aligncenter\" src=\"http:\/\/www.icpe.ro\/ro\/wp-content\/uploads\/2022\/12\/Poza2-225x300.png\" alt=\"\" width=\"225\" height=\"300\" srcset=\"http:\/\/www.icpe.ro\/ro\/wp-content\/uploads\/2022\/12\/Poza2-225x300.png 225w, http:\/\/www.icpe.ro\/ro\/wp-content\/uploads\/2022\/12\/Poza2.png 768w\" sizes=\"(max-width: 225px) 100vw, 225px\" \/><\/td>\n<td style=\"width: 340.9px; text-align: left;\"><img loading=\"lazy\" class=\"size-medium wp-image-21143 aligncenter\" src=\"http:\/\/www.icpe.ro\/ro\/wp-content\/uploads\/2022\/12\/Poza-3-300x225.png\" alt=\"\" width=\"300\" height=\"225\" srcset=\"http:\/\/www.icpe.ro\/ro\/wp-content\/uploads\/2022\/12\/Poza-3-300x225.png 300w, http:\/\/www.icpe.ro\/ro\/wp-content\/uploads\/2022\/12\/Poza-3-1024x768.png 1024w, http:\/\/www.icpe.ro\/ro\/wp-content\/uploads\/2022\/12\/Poza-3-768x576.png 768w, http:\/\/www.icpe.ro\/ro\/wp-content\/uploads\/2022\/12\/Poza-3-1536x1152.png 1536w, http:\/\/www.icpe.ro\/ro\/wp-content\/uploads\/2022\/12\/Poza-3.png 1600w\" sizes=\"(max-width: 300px) 100vw, 300px\" \/><\/td>\n<\/tr>\n<tr>\n<td style=\"width: 340.85px; text-align: center;\" colspan=\"3\">&nbsp;<\/p>\n<p><em>Fig. 1 Vederi de ansamblu cu compensatoarele capacitive automate realizate \u0219i testate<\/em><\/td>\n<\/tr>\n<tr>\n<td style=\"width: 340.85px; text-align: center;\"><\/td>\n<td style=\"width: 340.85px; text-align: center;\">&nbsp;<\/p>\n<p>&nbsp;<\/p>\n<p>&nbsp;<\/td>\n<td style=\"width: 340.9px; text-align: center;\"><\/td>\n<\/tr>\n<tr>\n<td style=\"width: 340.85px; text-align: center;\"><img loading=\"lazy\" class=\"size-medium wp-image-21144 aligncenter\" src=\"http:\/\/www.icpe.ro\/ro\/wp-content\/uploads\/2022\/12\/Poza-4-225x300.png\" alt=\"\" width=\"225\" height=\"300\" srcset=\"http:\/\/www.icpe.ro\/ro\/wp-content\/uploads\/2022\/12\/Poza-4-225x300.png 225w, http:\/\/www.icpe.ro\/ro\/wp-content\/uploads\/2022\/12\/Poza-4.png 768w\" sizes=\"(max-width: 225px) 100vw, 225px\" \/><\/td>\n<td style=\"width: 340.85px; text-align: center;\"><img loading=\"lazy\" class=\"size-medium wp-image-21145 aligncenter\" src=\"http:\/\/www.icpe.ro\/ro\/wp-content\/uploads\/2022\/12\/Poza-5-225x300.png\" alt=\"\" width=\"225\" height=\"300\" srcset=\"http:\/\/www.icpe.ro\/ro\/wp-content\/uploads\/2022\/12\/Poza-5-225x300.png 225w, http:\/\/www.icpe.ro\/ro\/wp-content\/uploads\/2022\/12\/Poza-5.png 768w\" sizes=\"(max-width: 225px) 100vw, 225px\" \/><\/td>\n<td style=\"width: 340.9px; text-align: center;\"><img loading=\"lazy\" class=\"size-medium wp-image-21146 aligncenter\" src=\"http:\/\/www.icpe.ro\/ro\/wp-content\/uploads\/2022\/12\/Poza-6-225x300.png\" alt=\"\" width=\"225\" height=\"300\" srcset=\"http:\/\/www.icpe.ro\/ro\/wp-content\/uploads\/2022\/12\/Poza-6-225x300.png 225w, http:\/\/www.icpe.ro\/ro\/wp-content\/uploads\/2022\/12\/Poza-6.png 768w\" sizes=\"(max-width: 225px) 100vw, 225px\" \/><\/td>\n<\/tr>\n<tr>\n<td style=\"width: 340.85px; text-align: center;\"><\/td>\n<td style=\"width: 340.85px; text-align: center;\">&nbsp;<\/p>\n<p>Fig. 2 Echipa SMART-Q<\/td>\n<td style=\"width: 340.9px; text-align: center;\"><\/td>\n<\/tr>\n<\/tbody>\n<\/table>\n<p>&nbsp;<\/p>\n<p>[\/vc_column_text][\/vc_column][\/vc_row][vc_row bg_color=&#8221;#1e73be&#8221; text_color=&#8221;light&#8221; top_padding=&#8221;80&#8243; bottom_padding=&#8221;80&#8243;][vc_column width=&#8221;1\/4&#8243;][\/vc_column][vc_column width=&#8221;1\/4&#8243;][\/vc_column][vc_column width=&#8221;1\/4&#8243;][\/vc_column][vc_column width=&#8221;1\/4&#8243;][\/vc_column][\/vc_row][vc_row][vc_column text_align=&#8221;center&#8221; width=&#8221;1\/1&#8243;]<div class=\"spacer\" style=\"height: 40px;\"><\/div>[vc_column_text]<\/p>\n<p style=\"text-align: center;\"><span style=\"font-size: 14pt;\">Proiect finan\u021bat de:<\/span><\/p>\n<p>[\/vc_column_text]<div class=\"single_image wpb_content_element align-center    \" data-animation=\"none\" data-delay=\"0\"><a href=\"https:\/\/uefiscdi.gov.ro\/transfer-la-operatorul-economic\" target=\"_self\"><img width=\"184\" height=\"74\" src=\"http:\/\/www.icpe.ro\/ro\/wp-content\/uploads\/2016\/10\/uefiscdi-mic.jpg\" class=\"attachment-full\" alt=\"\" loading=\"lazy\" \/><\/a><\/div><div class=\"spacer\" style=\"height: 40px;\"><\/div>[\/vc_column][\/vc_row][vc_row bg_color=&#8221;#262626&#8243; top_padding=&#8221;70&#8243; bottom_padding=&#8221;70&#8243; bg_type=&#8221;bg_color&#8221;][vc_column width=&#8221;1\/2&#8243;][vc_column_text]\u00a9 Icpe | Tehnologii pentru dezvoltare durabil\u0103<br \/>\n<a href=\"http:\/\/www.icpe.ro\/ro\/termeni\" target=\"_blank\" rel=\"noopener\">Termeni \u0219i Condi\u021bii<\/a>[\/vc_column_text][\/vc_column][vc_column text_align=&#8221;center&#8221; width=&#8221;1\/2&#8243;]<a href=\"http:\/\/www.icpe.ro\/ro\/institutul\/proiecte\/\" target=\"_blank\" class=\"button color-3 small \" style=\"border-radius: 2px;\">Vezi mai multe proiecte<\/a>[\/vc_column][\/vc_row]<\/p>\n","protected":false},"excerpt":{"rendered":"<p>[vc_row type=&#8221;full_width_section&#8221;][vc_column width=&#8221;1\/1&#8243;][vc_raw_html]JTNDc3R5bGUlM0UlMEEudG9wbmF2JTIwJTdCJTBBJTBBJTIwJTIwJTIwJTIwbGlzdC1zdHlsZSUzQW5vbmUlM0IlMEElMjAlMjAlMjAlMjBtYXJnaW4lM0EwJTNCJTBBJTIwJTIwJTIwJTIwcGFkZGluZyUzQTAlM0IlMEElMjAlMjAlMjAlMjB0ZXh0LWFsaWduJTNBY2VudGVyJTNCJTBBJTdEJTBBJTBBLnRvcG5hdiUyMGxpJTIwJTdCJTBBJTIwJTIwZGlzcGxheSUzQWlubGluZSUzQiUwQSU3RCUwQSUwQS50b3BuYXYlMjBhJTdCJTBBJTIwJTIwZGlzcGxheSUzQWlubGluZS1ibG9jayUzQiUwQSUyMCUyMGNvbG9yJTNBJTIwJTIzMDAwJTNCJTBBJTIwJTIwJTIwJTIwcGFkZGluZyUzQTE4cHglMjAzNnB4JTNCJTBBJTIwJTIwZm9udC1zaXplJTNBMTdweCUzQiUwQSU3RCUwQS50b3BuYXYlMjBhJTNBaG92ZXIlMjAlN0IlMEElMjAlMjBiYWNrZ3JvdW5kLWNvbG9yJTNBJTIwJTIzZGRkJTNCJTBBJTIwJTIwY29sb3IlM0ElMjBibGFjayUzQiUwQSU3RCUwQSUwQS50b3BuYXYlMjAuaWNvbiUyMCU3QiUwQSUyMCUyMGRpc3BsYXklM0ElMjBub25lJTNCJTBBJTdEJTBBLmFjdGl2ZSUyMCU3QiUwQSUyMCUyMCUyMCUyMGJhY2tncm91bmQtY29sb3IlM0ElMjAlMjNmN2Y3ZjclM0IlMEElMjAlMjAlMjAlMjBmb250LXdlaWdodCUzQSUyMGJvbGQlM0IlMEElN0QlMEElMEElNDBtZWRpYSUyMHNjcmVlbiUyMGFuZCUyMCUyOG1heC13aWR0aCUzQSUyMDYwMHB4JTI5JTIwJTdCJTBBJTIwJTIwLnRvcG5hdiUyMGElM0Fub3QlMjglM0FmaXJzdC1jaGlsZCUyOSUyMCU3QmRpc3BsYXklM0ElMjBub25lJTNCJTdEJTBBJTIwJTIwLnRvcG5hdiUyMGEuaWNvbiUyMCU3QiUwQSUyMCUyMCUyMCUyMGZsb2F0JTNBJTIwcmlnaHQlM0IlMEElMjAlMjAlMjAlMjBkaXNwbGF5JTNBJTIwYmxvY2slM0IlMEElMjAlMjAlN0QlMEElN0QlMEElMEElNDBtZWRpYSUyMHNjcmVlbiUyMGFuZCUyMCUyOG1heC13aWR0aCUzQSUyMDYwMHB4JTI5JTIwJTdCJTBBJTIwJTIwLnRvcG5hdi5yZXNwb25zaXZlJTIwJTdCcG9zaXRpb24lM0ElMjByZWxhdGl2ZSUzQiU3RCUwQSUyMCUyMC50b3BuYXYucmVzcG9uc2l2ZSUyMC5pY29uJTIwJTdCJTBBJTIwJTIwJTIwJTIwcG9zaXRpb24lM0ElMjBhYnNvbHV0ZSUzQiUwQSUyMCUyMCUyMCUyMHJpZ2h0JTNBJTIwMCUzQiUwQSUyMCUyMCUyMCUyMHRvcCUzQSUyMDAlM0IlMEElMjAlMjAlN0QlMEElMjAlMjAudG9wbmF2LnJlc3BvbnNpdmUlMjBhJTIwJTdCJTBBJTIwJTIwJTIwJTIwZmxvYXQlM0ElMjBub25lJTNCJTBBJTIwJTIwJTIwJTIwZGlzcGxheSUzQSUyMGJsb2NrJTNCJTBBJTIwJTIwJTIwJTIwdGV4dC1hbGlnbiUzQSUyMGxlZnQlM0IlMEElMjAlMjAlN0QlMEElMEElN0QlMEElM0MlMkZzdHlsZSUzRSUwQSUwQSUwQSUwQSUzQ2RpdiUyMGNsYXNzJTNEJTIydG9wbmF2JTIyJTIwaWQlM0QlMjJteVRvcG5hdiUyMiUzRSUwQSUyMCUyMCUzQ2ElMjBocmVmJTNEJTIyaHR0cCUzQSUyRiUyRnd3dy5pY3BlLnJvJTJGcm8lMkZzbWFydHElMkYlMjIlM0VBY2FzJUM0JTgzJTNDJTJGYSUzRSUwQSUyMCUyMCUzQ2ElMjBocmVmJTNEJTIyaHR0cCUzQSUyRiUyRnd3dy5pY3BlLnJvJTJGcm8lMkZzbWFydHElMkZkZXNwcmUtcHJvaWVjdCUyMiUzRURlc3ByZSUyMHByb2llY3QlM0MlMkZhJTNFJTBBJTIwJTIwJTNDYSUyMGhyZWYlM0QlMjJodHRwJTNBJTJGJTJGd3d3LmljcGUucm8lMkZybyUyRnNtYXJ0cSUyRmNvbnNvcnRpdSUyMiUzRUNvbnNvciVDOCU5Qml1JTNDJTJGYSUzRSUwQSUyMCUyMCUzQ2ElMjBocmVmJTNEJTIyaHR0cCUzQSUyRiUyRnd3dy5pY3BlLnJvJTJGcm8lMkZzbWFydHElMkZldGFwZSUyMiUzRUV0YXBlJTNDJTJGYSUzRSUwQSUyMCUyMCUzQ2ElMjBocmVmJTNEJTIyaHR0cCUzQSUyRiUyRnd3dy5pY3BlLnJvJTJGcm8lMkZzbWFydHElMkZub3V0YXRpJTIyJTNFTm91dCVDNCU4MyVDOCU5QmklM0MlMkZhJTNFJTBBJTIwJTIwJTNDYSUyMGhyZWYlM0QlMjJodHRwJTNBJTJGJTJGd3d3LmljcGUucm8lMkZybyUyRnNtYXJ0cSUyRmNvbnRhY3QlMjIlM0VDb250YWN0JTNDJTJGYSUzRSUwQSUyMCUyMCUzQ2xpJTIwc3R5bGUlM0QlMjJmbG9hdCUzQXJpZ2h0JTIyJTNFJTNDYSUyMGNsYXNzJTNEJTIyYWN0aXZlJTIyJTIwaHJlZiUzRCUyMmh0dHAlM0ElMkYlMkZ3d3cuaWNwZS5ybyUyRnNtYXJ0cSUyRiUyMiUzRUVOJTNDJTJGYSUzRSUzQyUyRmxpJTNFJTBBJTBBJTBBJTIwJTIwJTNDYSUyMGhyZWYlM0QlMjJqYXZhc2NyaXB0JTNBdm9pZCUyODAlMjklM0IlMjIlMjBzdHlsZSUzRCUyMmZvbnQtc2l6ZSUzQTE1cHglM0IlMjIlMjBjbGFzcyUzRCUyMmljb24lMjIlMjBvbmNsaWNrJTNEJTIybXlGdW5jdGlvbiUyOCUyOSUyMiUzRSUyNiUyMzk3NzYlM0IlM0MlMkZhJTNFJTBBJTNDJTJGZGl2JTNFJTBBJTBBJTNDc2NyaXB0JTNFJTBBZnVuY3Rpb24lMjBteUZ1bmN0aW9uJTI4JTI5JTIwJTdCJTBBJTIwJTIwJTIwJTIwdmFyJTIweCUyMCUzRCUyMGRvY3VtZW50LmdldEVsZW1lbnRCeUlkJTI4JTIybXlUb3BuYXYlMjIlMjklM0IlMEElMjAlMjAlMjAlMjBpZiUyMCUyOHguY2xhc3NOYW1lJTIwJTNEJTNEJTNEJTIwJTIydG9wbmF2JTIyJTI5JTIwJTdCJTBBJTIwJTIwJTIwJTIwJTIwJTIwJTIwJTIweC5jbGFzc05hbWUlMjAlMkIlM0QlMjAlMjIlMjByZXNwb25zaXZlJTIyJTNCJTBBJTIwJTIwJTIwJTIwJTdEJTIwZWxzZSUyMCU3QiUwQSUyMCUyMCUyMCUyMCUyMCUyMCUyMCUyMHguY2xhc3NOYW1lJTIwJTNEJTIwJTIydG9wbmF2JTIyJTNCJTBBJTIwJTIwJTIwJTIwJTdEJTBBJTdEJTBBJTNDJTJGc2NyaXB0JTNF[\/vc_raw_html][\/vc_column][\/vc_row][vc_row][vc_column width=&#8221;1\/1&#8243;][\/vc_column][\/vc_row][vc_row bg_color=&#8221;#efefef&#8221; top_padding=&#8221;20&#8243; bottom_padding=&#8221;20&#8243;][vc_column width=&#8221;1\/1&#8243;][\/vc_column][\/vc_row][vc_row][vc_column width=&#8221;1\/1&#8243;][vc_column_text]Scurt\u0103 prezentare a proiectului: Proiectul cu titlul \u201eGam\u0103 de prototipuri de compensatoare capacitive automate destinate \u00eembun\u0103t\u0103\u021birii factorului de putere \u0219i echilibr\u0103rii sarcinilor \u00een re\u021belele electrice de joas\u0103 tensiune\u201d, acronim SMART-Q, cod proiect PN-III-P2-2.1-PTE-2019-0694, contract nr. 41PTE\/20202, a fost \u00a0realizat \u00eentr-un conso\u021biu format din ICPE SA (IMM) \u0219i Universitatea Politehnica Timi\u0219oara &#8211; UPT. Proiectul s-a derulat pe o perioad\u0103 de 32 de luni. Valoarea total\u0103 a proiectului a fost de 1.804.000 lei, din care 615.000 lei a reprezentat cofinan\u021barea asigurat\u0103 de ICPE SA. Obiectivul general al proiectului este reprezentat de transferul propriet\u0103\u021bii intelectuale de c\u0103tre ICPE SA (\u00een calitate de coordonator) dinspre UPT (\u00een calitate de partener) ob\u021binut\u0103 \u00een proiectul derulat \u00een cadrul PN-II-PT-PCCA-2013-4. (https:\/\/www.sites.google.com\/site\/caeredjt\/\u00a0&#8211; contract de finan\u021bare nr. 48\/01.07.2014) \u00een scopul asimil\u0103rii de c\u0103tre ICPE SA a metodei de control al compensatoarelor capacitive automate de echilibrare pentru aplica\u021bii industriale. Proiectul a \u00eenceput cu un nivel de maturitate tehnologic\u0103 TRL 4 \u015fi s-a finalizat cu nivelul TRL 6. Produsul a fost dezvoltat \u00een scopul \u00eembun\u0103t\u0103\u021birii factorului de putere \u00een acela\u0219i timp cu echilibrarea sarcinilor trifazate \u00een re\u021belele de distribu\u021bie de joas\u0103 tensiune. \u00cen urma parcurgerii planului de realizare, cei doi parteneri au contribuit [&hellip;]<\/p>\n","protected":false},"author":2,"featured_media":0,"parent":0,"menu_order":268,"comment_status":"closed","ping_status":"closed","template":"","meta":[],"folder":[81],"_links":{"self":[{"href":"http:\/\/www.icpe.ro\/ro\/wp-json\/wp\/v2\/pages\/20278"}],"collection":[{"href":"http:\/\/www.icpe.ro\/ro\/wp-json\/wp\/v2\/pages"}],"about":[{"href":"http:\/\/www.icpe.ro\/ro\/wp-json\/wp\/v2\/types\/page"}],"author":[{"embeddable":true,"href":"http:\/\/www.icpe.ro\/ro\/wp-json\/wp\/v2\/users\/2"}],"replies":[{"embeddable":true,"href":"http:\/\/www.icpe.ro\/ro\/wp-json\/wp\/v2\/comments?post=20278"}],"version-history":[{"count":0,"href":"http:\/\/www.icpe.ro\/ro\/wp-json\/wp\/v2\/pages\/20278\/revisions"}],"wp:attachment":[{"href":"http:\/\/www.icpe.ro\/ro\/wp-json\/wp\/v2\/media?parent=20278"}],"wp:term":[{"taxonomy":"folder","embeddable":true,"href":"http:\/\/www.icpe.ro\/ro\/wp-json\/wp\/v2\/folder?post=20278"}],"curies":[{"name":"wp","href":"https:\/\/api.w.org\/{rel}","templated":true}]}}