{"id":20237,"date":"2019-11-26T13:34:21","date_gmt":"2019-11-26T10:34:21","guid":{"rendered":"http:\/\/www.icpe.ro\/ro\/?page_id=20237"},"modified":"2020-11-25T13:36:07","modified_gmt":"2020-11-25T10:36:07","slug":"noutati","status":"publish","type":"page","link":"http:\/\/www.icpe.ro\/ro\/cm4smart\/noutati\/","title":{"rendered":"Nout\u0103\u021bi"},"content":{"rendered":"<p>[vc_row type=&#8221;full_width_section&#8221;][vc_column width=&#8221;1\/1&#8243;][vc_raw_html]JTNDc3R5bGUlM0UlMEEudG9wbmF2JTIwJTdCJTBBJTBBJTIwJTIwJTIwJTIwbGlzdC1zdHlsZSUzQW5vbmUlM0IlMEElMjAlMjAlMjAlMjBtYXJnaW4lM0EwJTNCJTBBJTIwJTIwJTIwJTIwcGFkZGluZyUzQTAlM0IlMEElMjAlMjAlMjAlMjB0ZXh0LWFsaWduJTNBY2VudGVyJTNCJTBBJTdEJTBBJTBBLnRvcG5hdiUyMGxpJTIwJTdCJTBBJTIwJTIwZGlzcGxheSUzQWlubGluZSUzQiUwQSU3RCUwQSUwQS50b3BuYXYlMjBhJTdCJTBBJTIwJTIwZGlzcGxheSUzQWlubGluZS1ibG9jayUzQiUwQSUyMCUyMGNvbG9yJTNBJTIwJTIzMDAwJTNCJTBBJTIwJTIwJTIwJTIwcGFkZGluZyUzQTE4cHglMjAzNnB4JTNCJTBBJTIwJTIwZm9udC1zaXplJTNBMTdweCUzQiUwQSU3RCUwQS50b3BuYXYlMjBhJTNBaG92ZXIlMjAlN0IlMEElMjAlMjBiYWNrZ3JvdW5kLWNvbG9yJTNBJTIwJTIzZGRkJTNCJTBBJTIwJTIwY29sb3IlM0ElMjBibGFjayUzQiUwQSU3RCUwQSUwQS50b3BuYXYlMjAuaWNvbiUyMCU3QiUwQSUyMCUyMGRpc3BsYXklM0ElMjBub25lJTNCJTBBJTdEJTBBLmFjdGl2ZSUyMCU3QiUwQSUyMCUyMCUyMCUyMGJhY2tncm91bmQtY29sb3IlM0ElMjAlMjNmN2Y3ZjclM0IlMEElMjAlMjAlMjAlMjBmb250LXdlaWdodCUzQSUyMGJvbGQlM0IlMEElN0QlMEElMEElNDBtZWRpYSUyMHNjcmVlbiUyMGFuZCUyMCUyOG1heC13aWR0aCUzQSUyMDYwMHB4JTI5JTIwJTdCJTBBJTIwJTIwLnRvcG5hdiUyMGElM0Fub3QlMjglM0FmaXJzdC1jaGlsZCUyOSUyMCU3QmRpc3BsYXklM0ElMjBub25lJTNCJTdEJTBBJTIwJTIwLnRvcG5hdiUyMGEuaWNvbiUyMCU3QiUwQSUyMCUyMCUyMCUyMGZsb2F0JTNBJTIwcmlnaHQlM0IlMEElMjAlMjAlMjAlMjBkaXNwbGF5JTNBJTIwYmxvY2slM0IlMEElMjAlMjAlN0QlMEElN0QlMEElMEElNDBtZWRpYSUyMHNjcmVlbiUyMGFuZCUyMCUyOG1heC13aWR0aCUzQSUyMDYwMHB4JTI5JTIwJTdCJTBBJTIwJTIwLnRvcG5hdi5yZXNwb25zaXZlJTIwJTdCcG9zaXRpb24lM0ElMjByZWxhdGl2ZSUzQiU3RCUwQSUyMCUyMC50b3BuYXYucmVzcG9uc2l2ZSUyMC5pY29uJTIwJTdCJTBBJTIwJTIwJTIwJTIwcG9zaXRpb24lM0ElMjBhYnNvbHV0ZSUzQiUwQSUyMCUyMCUyMCUyMHJpZ2h0JTNBJTIwMCUzQiUwQSUyMCUyMCUyMCUyMHRvcCUzQSUyMDAlM0IlMEElMjAlMjAlN0QlMEElMjAlMjAudG9wbmF2LnJlc3BvbnNpdmUlMjBhJTIwJTdCJTBBJTIwJTIwJTIwJTIwZmxvYXQlM0ElMjBub25lJTNCJTBBJTIwJTIwJTIwJTIwZGlzcGxheSUzQSUyMGJsb2NrJTNCJTBBJTIwJTIwJTIwJTIwdGV4dC1hbGlnbiUzQSUyMGxlZnQlM0IlMEElMjAlMjAlN0QlMEElMEElN0QlMEElM0MlMkZzdHlsZSUzRSUwQSUwQSUwQSUwQSUzQ2RpdiUyMGNsYXNzJTNEJTIydG9wbmF2JTIyJTIwaWQlM0QlMjJteVRvcG5hdiUyMiUzRSUwQSUyMCUyMCUzQ2ElMjBocmVmJTNEJTIyaHR0cCUzQSUyRiUyRnd3dy5pY3BlLnJvJTJGcm8lMkZjbTRzbWFydCUyRiUyMiUzRUFjYXMlQzQlODMlM0MlMkZhJTNFJTBBJTIwJTIwJTNDYSUyMGhyZWYlM0QlMjJodHRwJTNBJTJGJTJGd3d3LmljcGUucm8lMkZybyUyRmNtNHNtYXJ0JTJGZGVzcHJlLXByb2llY3QlMkYlMjIlM0VEZXNwcmUlMjBwcm9pZWN0JTNDJTJGYSUzRSUwQSUyMCUyMCUzQ2ElMjBocmVmJTNEJTIyaHR0cCUzQSUyRiUyRnd3dy5pY3BlLnJvJTJGcm8lMkZjbTRzbWFydCUyRmNvbnNvcnRpdSUyRiUyMiUzRUNvbnNvciVDNSVBM2l1JTNDJTJGYSUzRSUwQSUyMCUyMCUzQ2ElMjBocmVmJTNEJTIyaHR0cCUzQSUyRiUyRnd3dy5pY3BlLnJvJTJGcm8lMkZjbTRzbWFydCUyRmV0YXBlJTJGJTIyJTNFUGFjaGV0ZSUyMGRlJTIwbHVjcnUlM0MlMkZhJTNFJTBBJTIwJTIwJTNDYSUyMGhyZWYlM0QlMjJodHRwJTNBJTJGJTJGd3d3LmljcGUucm8lMkZybyUyRmNtNHNtYXJ0JTJGbm91dGF0aSUyRiUyMiUzRU5vdXQlQzQlODMlQzUlQTNpJTNDJTJGYSUzRSUwQSUyMCUyMCUzQ2ElMjBocmVmJTNEJTIyaHR0cCUzQSUyRiUyRnd3dy5pY3BlLnJvJTJGcm8lMkZjbTRzbWFydCUyRmNvbnRhY3QlMkYlMjIlM0VDb250YWN0JTNDJTJGYSUzRSUwQSUyMCUyMCUzQ2xpJTIwc3R5bGUlM0QlMjJmbG9hdCUzQXJpZ2h0JTIyJTNFJTNDYSUyMGNsYXNzJTNEJTIyYWN0aXZlJTIyJTIwaHJlZiUzRCUyMmh0dHAlM0ElMkYlMkZ3d3cuaWNwZS5ybyUyRmNtNHNtYXJ0JTJGJTIyJTNFRU4lM0MlMkZhJTNFJTNDJTJGbGklM0UlMEElMEElMEElMjAlMjAlM0NhJTIwaHJlZiUzRCUyMmphdmFzY3JpcHQlM0F2b2lkJTI4MCUyOSUzQiUyMiUyMHN0eWxlJTNEJTIyZm9udC1zaXplJTNBMTVweCUzQiUyMiUyMGNsYXNzJTNEJTIyaWNvbiUyMiUyMG9uY2xpY2slM0QlMjJteUZ1bmN0aW9uJTI4JTI5JTIyJTNFJTI2JTIzOTc3NiUzQiUzQyUyRmElM0UlMEElM0MlMkZkaXYlM0UlMEElMEElM0NzY3JpcHQlM0UlMEFmdW5jdGlvbiUyMG15RnVuY3Rpb24lMjglMjklMjAlN0IlMEElMjAlMjAlMjAlMjB2YXIlMjB4JTIwJTNEJTIwZG9jdW1lbnQuZ2V0RWxlbWVudEJ5SWQlMjglMjJteVRvcG5hdiUyMiUyOSUzQiUwQSUyMCUyMCUyMCUyMGlmJTIwJTI4eC5jbGFzc05hbWUlMjAlM0QlM0QlM0QlMjAlMjJ0b3BuYXYlMjIlMjklMjAlN0IlMEElMjAlMjAlMjAlMjAlMjAlMjAlMjAlMjB4LmNsYXNzTmFtZSUyMCUyQiUzRCUyMCUyMiUyMHJlc3BvbnNpdmUlMjIlM0IlMEElMjAlMjAlMjAlMjAlN0QlMjBlbHNlJTIwJTdCJTBBJTIwJTIwJTIwJTIwJTIwJTIwJTIwJTIweC5jbGFzc05hbWUlMjAlM0QlMjAlMjJ0b3BuYXYlMjIlM0IlMEElMjAlMjAlMjAlMjAlN0QlMEElN0QlMEElM0MlMkZzY3JpcHQlM0UlMEE=[\/vc_raw_html][\/vc_column][\/vc_row][vc_row][vc_column width=&#8221;1\/1&#8243;]<div class=\"single_image wpb_content_element align-center    \" data-animation=\"none\" data-delay=\"0\"><img width=\"300\" height=\"152\" src=\"http:\/\/www.icpe.ro\/ro\/wp-content\/uploads\/2019\/05\/Logo_CM4Smart_300_152.png\" class=\"attachment-full\" alt=\"\" loading=\"lazy\" \/><\/div><div class=\"spacer\" style=\"height: 5px;\"><\/div>[\/vc_column][\/vc_row][vc_row bg_color=&#8221;#efefef&#8221; top_padding=&#8221;20&#8243; bottom_padding=&#8221;20&#8243;][vc_column width=&#8221;1\/1&#8243;]<h1 class=\"headline font-inherit fontsize-m fontweight-700 lh-inherit align-center transform-uppercase \" style=\"margin: 0 0 0 0;\">Nout\u0103\u0163i<\/h1>[\/vc_column][\/vc_row][vc_row][vc_column][vc_column_text]<\/p>\n<p>[\/vc_column_text][\/vc_column][\/vc_row][vc_row top_padding=&#8221;40&#8243; bottom_padding=&#8221;40&#8243;][vc_column width=&#8221;1\/1&#8243;][vc_column_text]<em><strong>12 &#8211; 13 noiembrie 2020<br \/>\n<\/strong><\/em><\/p>\n<p><strong>ICMaS<\/strong><em><strong><br \/>\n<\/strong><\/em><\/p>\n<p><center><br \/>\n<img loading=\"lazy\" class=\"aligncenter size-full wp-image-20419\" src=\"http:\/\/www.icpe.ro\/ro\/wp-content\/uploads\/2020\/11\/ICMAS.jpg\" alt=\"\" width=\"511\" height=\"136\" srcset=\"http:\/\/www.icpe.ro\/ro\/wp-content\/uploads\/2020\/11\/ICMAS.jpg 511w, http:\/\/www.icpe.ro\/ro\/wp-content\/uploads\/2020\/11\/ICMAS-300x80.jpg 300w\" sizes=\"(max-width: 511px) 100vw, 511px\" \/><\/center><br \/>\n\u00cen cadrul celei de-a 29-a edi\u0163ie a conferin\u0163ei ICMaS (International Conference on Manufacturing Systems), desf\u0103\u015furate \u00een perioada 12-13 noiembrie 2020, la Bucure\u015fti, ICPE a participat cu lucrarea \u201cCloudbased Maintenance IIoT Platform for Smart Manufacturing\u201d, autori Lucian Nicolae DEMETER, Radu CALISTRU, Bogdan V\u0102R\u0102TICEANU, Paul MINCIUNESCU, Paula ANGHELI\u021a\u0102.[\/vc_column_text]<div class=\"newdivider align-center\" style=\"border-bottom-style: solid; border-color: #999999; border-bottom-width: 2px; margin-top: 0; margin-bottom: 40px; width: 100%; \"><\/div><div class=\"clear\"><\/div>[vc_column_text]<em><strong>12 &#8211; 13 octombrie 2020<\/strong><\/em><\/p>\n<p><strong>IWAMA 2020<\/strong><\/p>\n<p><strong>10TH INTERNATIONAL WORKSHOP OF ADVANCED MANUFACTURING AND AUTOMATION<\/strong><\/p>\n<p>\u00cen cadrul edi\u0163iei a 10-a a conferin\u0163ei International Workshop Of Advanced Manufacturing And Automation (IWAMA 2020) desf\u0103\u015furat\u0103 \u00een perioada 12\u201313 octombrie, 2020 la Zhanjiang, China, a fost prezentat\u0103 lucrarea av\u00e2ndu-l ca autor principal pe Harald R\u00f8dseth (NTNU): \u201cSmart Maintenance and Profit Loss Indicator\u201d.<\/p>\n<p>De asemenea au fost organizate \u00eent\u00e2lniri unu la unu cu companii c\u0103rora li s-a f\u0103cut o prezentare \u0219i o demonstra\u021bie a platformei Upkip \u0219i rezultatele dezvoltate \u00een cadrul proiectului CM4Smart. Dintre acestea pot fi men\u0163ionate : VSK Kentavar JSC (Bulgaria), OSO Hotwater (Norway), Siemens (Bulgaria), Schneider Electric (Bulgaria), Festo (Bulgaria), Azrieli Academic College of Engineering (Israel), Lenovo (France), Conet (Germany), Metal Technology Group (Bulgaria), Helmes (Estonia), Vaptech (Bulgaria), Coca Cola HBC (Bulgaria), Milara (USA), Herti (Bulgaria), Uvdal Maskinfabrikk (Norway), Compa (Romania), My Production (Norway), Pratt &amp; Whitney (Poland), Alcomet (Romania), Tempodem (Bulgaria), RightPack (Bulgaria), totaliz\u00e2nd un num\u0103r de 21 de prezent\u0103ri.<\/p>\n<p>Platforma IIoT de mentenan\u0163\u0103 predictiv\u0103 a fost prezentat\u0103 de Ivelin Andreev, arhitect software \u0219i CTO (chief technology officer) la ICB Digital, la c\u00e2teva conferin\u021be tehnice din Bulgaria. Acestea sunt:<\/p>\n<p>\u27a2\u00a0\u00a0\u00a0\u00a0\u00a0\u00a0\u00a0\u00a0\u00a0\u00a0 IoT Bulgaria Summit 2019: Industrial IoT with Azure and Open Source<\/p>\n<p>\u27a2\u00a0\u00a0\u00a0\u00a0\u00a0\u00a0\u00a0\u00a0\u00a0\u00a0 SQL Saturday Sofia 2019: Machine Learning with Power BI<\/p>\n<p>\u27a2\u00a0\u00a0\u00a0\u00a0\u00a0\u00a0\u00a0\u00a0\u00a0\u00a0 Global AI Bootcamp Bulgaria 2019: The Power of Auto ML for Predictive Maintenance<\/p>\n<p>\u27a2\u00a0\u00a0\u00a0\u00a0\u00a0\u00a0\u00a0\u00a0\u00a0\u00a0 Virtual Azure Community Day: Industrial IoT with Azure and Open Source<\/p>\n<p>\u27a2\u00a0\u00a0\u00a0\u00a0\u00a0\u00a0\u00a0\u00a0\u00a0\u00a0 1 technical IoT and cloud related group meeting which was mostly a 2h Q&amp;A session about best practices on IoT and AI[\/vc_column_text]<div class=\"newdivider align-center\" style=\"border-bottom-style: solid; border-color: #999999; border-bottom-width: 2px; margin-top: 0; margin-bottom: 40px; width: 100%; \"><\/div><div class=\"clear\"><\/div>[vc_column_text]<strong>Participare la SME\u201919<br \/>\nActualitati si perspective in domeniul masinilor electrice SME \u201919, Editia a XV-a<br \/>\n<\/strong><\/p>\n<p><em><strong>15 noiembrie 2019<\/strong><\/em><\/p>\n<p style=\"text-align: justify;\">Biblioteca Central\u0103 Universitar\u0103 a UPB, Bucure\u0219ti, Rom\u00e2nia<\/p>\n<p><center><br \/>\n<img loading=\"lazy\" class=\"aligncenter size-full wp-image-20517\" src=\"http:\/\/www.icpe.ro\/wp-content\/uploads\/2019\/11\/SME_2019-1.jpg\" alt=\"\" width=\"600\" height=\"450\" \/><\/center>[\/vc_column_text]<div class=\"newdivider align-center\" style=\"border-bottom-style: solid; border-color: #999999; border-bottom-width: 2px; margin-top: 0; margin-bottom: 40px; width: 100%; \"><\/div><div class=\"clear\"><\/div>[vc_column_text]<strong>Electric Vehicles International Conference &amp; Show \u2013 EV2019<\/strong><\/p>\n<p><em><strong>03 &#8211; 04 octombrie 2019<\/strong><\/em><\/p>\n<p style=\"text-align: left;\">Icpe, Bucure\u0219ti, Rom\u00e2nia<\/p>\n<table style=\"height: 260px; width: 1100; margin-left: auto; margin-right: auto;\">\n<tbody>\n<tr>\n<td style=\"width: 360px;\"><img loading=\"lazy\" class=\"aligncenter size-full wp-image-20518\" src=\"http:\/\/www.icpe.ro\/wp-content\/uploads\/2019\/11\/EV2019_01.jpg\" alt=\"\" width=\"350\" height=\"260\" \/><\/td>\n<td style=\"width: 360px;\"><img loading=\"lazy\" class=\"aligncenter size-full wp-image-20519\" src=\"http:\/\/www.icpe.ro\/wp-content\/uploads\/2019\/11\/EV2019_02.jpg\" alt=\"\" width=\"350\" height=\"260\" \/><\/td>\n<td style=\"width: 360px;\"><img loading=\"lazy\" class=\"aligncenter size-full wp-image-20520\" src=\"http:\/\/www.icpe.ro\/wp-content\/uploads\/2019\/11\/EV2019_03.jpg\" alt=\"\" width=\"350\" height=\"260\" \/><\/td>\n<\/tr>\n<\/tbody>\n<\/table>\n<p>[\/vc_column_text]<div class=\"newdivider align-center\" style=\"border-bottom-style: solid; border-color: #999999; border-bottom-width: 2px; margin-top: 0; margin-bottom: 40px; width: 100%; \"><\/div><div class=\"clear\"><\/div>[vc_column_text]<strong>Distribuire document de lucru c\u0103tre parteneri<\/strong><\/p>\n<p><em><strong>27 septembrie 2019<\/strong><\/em><\/p>\n<p>Documentul \u201cSumar al activit\u0103\u021bilor desf\u0103\u0219urate (Raport preliminar)\u201d editat de Icpe a fost trimis la to\u021bi partenerii.[\/vc_column_text]<div class=\"newdivider align-center\" style=\"border-bottom-style: solid; border-color: #999999; border-bottom-width: 2px; margin-top: 0; margin-bottom: 40px; width: 100%; \"><\/div><div class=\"clear\"><\/div>[vc_column_text]<strong>\u00cent\u00e2lnire periodic\u0103 de lucru<\/strong><\/p>\n<p><em><strong>24 septembrie 2019<\/strong><\/em><\/p>\n<p>\u00cent\u00e2lnire online[\/vc_column_text]<div class=\"newdivider align-center\" style=\"border-bottom-style: solid; border-color: #999999; border-bottom-width: 2px; margin-top: 0; margin-bottom: 40px; width: 100%; \"><\/div><div class=\"clear\"><\/div>[vc_column_text]<strong>Distribuire document de lucru c\u0103tre parteneri<\/strong><\/p>\n<p><em><strong>16 septembrie 2019<\/strong><\/em><\/p>\n<p>Documentul \u201cList\u0103 cu indicatorii KPI pentru mentenan\u021b\u0103\u201d editat de Icpe a fost trimit la to\u021bi partenerii.[\/vc_column_text]<div class=\"newdivider align-center\" style=\"border-bottom-style: solid; border-color: #999999; border-bottom-width: 2px; margin-top: 0; margin-bottom: 40px; width: 100%; \"><\/div><div class=\"clear\"><\/div>[vc_column_text]<strong>\u00cent\u00e2lnire periodic\u0103 de lucru<\/strong><\/p>\n<p><em><strong>10 septembrie 2019<\/strong><\/em><\/p>\n<p>\u00cent\u00e2lnire online[\/vc_column_text]<div class=\"newdivider align-center\" style=\"border-bottom-style: solid; border-color: #999999; border-bottom-width: 2px; margin-top: 0; margin-bottom: 40px; width: 100%; \"><\/div><div class=\"clear\"><\/div>[vc_column_text]<strong>Int\u00e2lnire periodic\u0103 de lucru<\/strong><\/p>\n<p><em><strong>28 august 2019<\/strong><\/em><\/p>\n<p>\u00cent\u00e2lnire online[\/vc_column_text]<div class=\"newdivider align-center\" style=\"border-bottom-style: solid; border-color: #999999; border-bottom-width: 2px; margin-top: 0; margin-bottom: 40px; width: 100%; \"><\/div><div class=\"clear\"><\/div>[vc_column_text]<strong>Int\u00e2lnire periodic\u0103 de lucru<\/strong><\/p>\n<p><em><strong>28 iunie 2019<\/strong><\/em><\/p>\n<p>\u00cent\u00e2lnire online[\/vc_column_text]<div class=\"newdivider align-center\" style=\"border-bottom-style: solid; border-color: #999999; border-bottom-width: 2px; margin-top: 0; margin-bottom: 40px; width: 100%; \"><\/div><div class=\"clear\"><\/div>[vc_column_text]<strong>Distribuire document de lucru c\u0103tre parteneri<\/strong><\/p>\n<p><em><strong>18 iunie 2019<\/strong><\/em><\/p>\n<p>Documentul \u201cConectarea la ma\u0219inile noastre CNC\u201d editat de Icpe a fost trimit la to\u021bi parteneri.[\/vc_column_text]<div class=\"newdivider align-center\" style=\"border-bottom-style: solid; border-color: #999999; border-bottom-width: 2px; margin-top: 0; margin-bottom: 40px; width: 100%; \"><\/div><div class=\"clear\"><\/div>[vc_column_text]<strong>\u00cent\u00e2lnire periodic\u0103 de lucru<\/strong><\/p>\n<p><em><strong>31 mai 2019<\/strong><\/em><\/p>\n<p>Int\u00e2lnire online[\/vc_column_text]<div class=\"newdivider align-center\" style=\"border-bottom-style: solid; border-color: #999999; border-bottom-width: 2px; margin-top: 0; margin-bottom: 40px; width: 100%; \"><\/div><div class=\"clear\"><\/div>[vc_column_text]<strong>\u00cent\u00e2lnirea de deschidere<\/strong><\/p>\n<p><em><strong>02 &#8211; 03 aprilie 2019<\/strong><\/em><\/p>\n<p style=\"text-align: left;\">Prima int\u00e2lnire de lucru \u00een cadrul proiectului CM4Smart, Icpe, Bucure\u0219ti, Rom\u00e2nia.<\/p>\n<p>[\/vc_column_text][\/vc_column][\/vc_row][vc_row bottom_padding=&#8221;50&#8243;][vc_column width=&#8221;1\/4&#8243;]<div class=\"single_image wpb_content_element align-left    \" data-animation=\"none\" data-delay=\"0\"><img width=\"300\" height=\"200\" src=\"http:\/\/www.icpe.ro\/ro\/wp-content\/uploads\/2019\/11\/CM4Smart_01.jpg\" class=\"attachment-full\" alt=\"\" loading=\"lazy\" \/><\/div>[\/vc_column][vc_column width=&#8221;1\/4&#8243;]<div class=\"single_image wpb_content_element align-left    \" data-animation=\"none\" data-delay=\"0\"><img width=\"300\" height=\"200\" src=\"http:\/\/www.icpe.ro\/ro\/wp-content\/uploads\/2019\/11\/CM4Smart_02.jpg\" class=\"attachment-full\" alt=\"\" loading=\"lazy\" \/><\/div>[\/vc_column][vc_column width=&#8221;1\/4&#8243;]<div class=\"single_image wpb_content_element align-left    \" data-animation=\"none\" data-delay=\"0\"><img width=\"300\" height=\"200\" src=\"http:\/\/www.icpe.ro\/ro\/wp-content\/uploads\/2019\/11\/CM4Smart_03.jpg\" class=\"attachment-full\" alt=\"\" loading=\"lazy\" \/><\/div>[\/vc_column][vc_column width=&#8221;1\/4&#8243;]<div class=\"single_image wpb_content_element align-left    \" data-animation=\"none\" data-delay=\"0\"><img width=\"300\" height=\"200\" src=\"http:\/\/www.icpe.ro\/ro\/wp-content\/uploads\/2019\/11\/CM4Smart_04.jpg\" class=\"attachment-full\" alt=\"\" loading=\"lazy\" \/><\/div>[\/vc_column][\/vc_row][vc_row][vc_column][vc_column_text]<\/p>\n<p>[\/vc_column_text][\/vc_column][\/vc_row][vc_row bg_color=&#8221;#020202&#8243; top_padding=&#8221;70&#8243; bottom_padding=&#8221;70&#8243;][vc_column width=&#8221;1\/2&#8243;][vc_column_text]\u00a9 Icpe | Tehnologii pentru dezvoltare durabil\u0103<br \/>\n<a href=\"http:\/\/www.icpe.ro\/ro\/termeni\" target=\"_blank\" rel=\"noopener\">Termeni \u0219i Condi\u021bii<\/a>[\/vc_column_text][\/vc_column][vc_column text_align=&#8221;center&#8221; width=&#8221;1\/2&#8243;]<a href=\"http:\/\/www.icpe.ro\/ro\/institutul\/proiecte\/\" target=\"_blank\" class=\"button color-3 small \" style=\"border-radius: 2px;\">Vezi mai multe proiecte<\/a>[\/vc_column][\/vc_row]<\/p>\n","protected":false},"excerpt":{"rendered":"<p>[vc_row type=&#8221;full_width_section&#8221;][vc_column width=&#8221;1\/1&#8243;][vc_raw_html]JTNDc3R5bGUlM0UlMEEudG9wbmF2JTIwJTdCJTBBJTBBJTIwJTIwJTIwJTIwbGlzdC1zdHlsZSUzQW5vbmUlM0IlMEElMjAlMjAlMjAlMjBtYXJnaW4lM0EwJTNCJTBBJTIwJTIwJTIwJTIwcGFkZGluZyUzQTAlM0IlMEElMjAlMjAlMjAlMjB0ZXh0LWFsaWduJTNBY2VudGVyJTNCJTBBJTdEJTBBJTBBLnRvcG5hdiUyMGxpJTIwJTdCJTBBJTIwJTIwZGlzcGxheSUzQWlubGluZSUzQiUwQSU3RCUwQSUwQS50b3BuYXYlMjBhJTdCJTBBJTIwJTIwZGlzcGxheSUzQWlubGluZS1ibG9jayUzQiUwQSUyMCUyMGNvbG9yJTNBJTIwJTIzMDAwJTNCJTBBJTIwJTIwJTIwJTIwcGFkZGluZyUzQTE4cHglMjAzNnB4JTNCJTBBJTIwJTIwZm9udC1zaXplJTNBMTdweCUzQiUwQSU3RCUwQS50b3BuYXYlMjBhJTNBaG92ZXIlMjAlN0IlMEElMjAlMjBiYWNrZ3JvdW5kLWNvbG9yJTNBJTIwJTIzZGRkJTNCJTBBJTIwJTIwY29sb3IlM0ElMjBibGFjayUzQiUwQSU3RCUwQSUwQS50b3BuYXYlMjAuaWNvbiUyMCU3QiUwQSUyMCUyMGRpc3BsYXklM0ElMjBub25lJTNCJTBBJTdEJTBBLmFjdGl2ZSUyMCU3QiUwQSUyMCUyMCUyMCUyMGJhY2tncm91bmQtY29sb3IlM0ElMjAlMjNmN2Y3ZjclM0IlMEElMjAlMjAlMjAlMjBmb250LXdlaWdodCUzQSUyMGJvbGQlM0IlMEElN0QlMEElMEElNDBtZWRpYSUyMHNjcmVlbiUyMGFuZCUyMCUyOG1heC13aWR0aCUzQSUyMDYwMHB4JTI5JTIwJTdCJTBBJTIwJTIwLnRvcG5hdiUyMGElM0Fub3QlMjglM0FmaXJzdC1jaGlsZCUyOSUyMCU3QmRpc3BsYXklM0ElMjBub25lJTNCJTdEJTBBJTIwJTIwLnRvcG5hdiUyMGEuaWNvbiUyMCU3QiUwQSUyMCUyMCUyMCUyMGZsb2F0JTNBJTIwcmlnaHQlM0IlMEElMjAlMjAlMjAlMjBkaXNwbGF5JTNBJTIwYmxvY2slM0IlMEElMjAlMjAlN0QlMEElN0QlMEElMEElNDBtZWRpYSUyMHNjcmVlbiUyMGFuZCUyMCUyOG1heC13aWR0aCUzQSUyMDYwMHB4JTI5JTIwJTdCJTBBJTIwJTIwLnRvcG5hdi5yZXNwb25zaXZlJTIwJTdCcG9zaXRpb24lM0ElMjByZWxhdGl2ZSUzQiU3RCUwQSUyMCUyMC50b3BuYXYucmVzcG9uc2l2ZSUyMC5pY29uJTIwJTdCJTBBJTIwJTIwJTIwJTIwcG9zaXRpb24lM0ElMjBhYnNvbHV0ZSUzQiUwQSUyMCUyMCUyMCUyMHJpZ2h0JTNBJTIwMCUzQiUwQSUyMCUyMCUyMCUyMHRvcCUzQSUyMDAlM0IlMEElMjAlMjAlN0QlMEElMjAlMjAudG9wbmF2LnJlc3BvbnNpdmUlMjBhJTIwJTdCJTBBJTIwJTIwJTIwJTIwZmxvYXQlM0ElMjBub25lJTNCJTBBJTIwJTIwJTIwJTIwZGlzcGxheSUzQSUyMGJsb2NrJTNCJTBBJTIwJTIwJTIwJTIwdGV4dC1hbGlnbiUzQSUyMGxlZnQlM0IlMEElMjAlMjAlN0QlMEElMEElN0QlMEElM0MlMkZzdHlsZSUzRSUwQSUwQSUwQSUwQSUzQ2RpdiUyMGNsYXNzJTNEJTIydG9wbmF2JTIyJTIwaWQlM0QlMjJteVRvcG5hdiUyMiUzRSUwQSUyMCUyMCUzQ2ElMjBocmVmJTNEJTIyaHR0cCUzQSUyRiUyRnd3dy5pY3BlLnJvJTJGcm8lMkZjbTRzbWFydCUyRiUyMiUzRUFjYXMlQzQlODMlM0MlMkZhJTNFJTBBJTIwJTIwJTNDYSUyMGhyZWYlM0QlMjJodHRwJTNBJTJGJTJGd3d3LmljcGUucm8lMkZybyUyRmNtNHNtYXJ0JTJGZGVzcHJlLXByb2llY3QlMkYlMjIlM0VEZXNwcmUlMjBwcm9pZWN0JTNDJTJGYSUzRSUwQSUyMCUyMCUzQ2ElMjBocmVmJTNEJTIyaHR0cCUzQSUyRiUyRnd3dy5pY3BlLnJvJTJGcm8lMkZjbTRzbWFydCUyRmNvbnNvcnRpdSUyRiUyMiUzRUNvbnNvciVDNSVBM2l1JTNDJTJGYSUzRSUwQSUyMCUyMCUzQ2ElMjBocmVmJTNEJTIyaHR0cCUzQSUyRiUyRnd3dy5pY3BlLnJvJTJGcm8lMkZjbTRzbWFydCUyRmV0YXBlJTJGJTIyJTNFUGFjaGV0ZSUyMGRlJTIwbHVjcnUlM0MlMkZhJTNFJTBBJTIwJTIwJTNDYSUyMGhyZWYlM0QlMjJodHRwJTNBJTJGJTJGd3d3LmljcGUucm8lMkZybyUyRmNtNHNtYXJ0JTJGbm91dGF0aSUyRiUyMiUzRU5vdXQlQzQlODMlQzUlQTNpJTNDJTJGYSUzRSUwQSUyMCUyMCUzQ2ElMjBocmVmJTNEJTIyaHR0cCUzQSUyRiUyRnd3dy5pY3BlLnJvJTJGcm8lMkZjbTRzbWFydCUyRmNvbnRhY3QlMkYlMjIlM0VDb250YWN0JTNDJTJGYSUzRSUwQSUyMCUyMCUzQ2xpJTIwc3R5bGUlM0QlMjJmbG9hdCUzQXJpZ2h0JTIyJTNFJTNDYSUyMGNsYXNzJTNEJTIyYWN0aXZlJTIyJTIwaHJlZiUzRCUyMmh0dHAlM0ElMkYlMkZ3d3cuaWNwZS5ybyUyRmNtNHNtYXJ0JTJGJTIyJTNFRU4lM0MlMkZhJTNFJTNDJTJGbGklM0UlMEElMEElMEElMjAlMjAlM0NhJTIwaHJlZiUzRCUyMmphdmFzY3JpcHQlM0F2b2lkJTI4MCUyOSUzQiUyMiUyMHN0eWxlJTNEJTIyZm9udC1zaXplJTNBMTVweCUzQiUyMiUyMGNsYXNzJTNEJTIyaWNvbiUyMiUyMG9uY2xpY2slM0QlMjJteUZ1bmN0aW9uJTI4JTI5JTIyJTNFJTI2JTIzOTc3NiUzQiUzQyUyRmElM0UlMEElM0MlMkZkaXYlM0UlMEElMEElM0NzY3JpcHQlM0UlMEFmdW5jdGlvbiUyMG15RnVuY3Rpb24lMjglMjklMjAlN0IlMEElMjAlMjAlMjAlMjB2YXIlMjB4JTIwJTNEJTIwZG9jdW1lbnQuZ2V0RWxlbWVudEJ5SWQlMjglMjJteVRvcG5hdiUyMiUyOSUzQiUwQSUyMCUyMCUyMCUyMGlmJTIwJTI4eC5jbGFzc05hbWUlMjAlM0QlM0QlM0QlMjAlMjJ0b3BuYXYlMjIlMjklMjAlN0IlMEElMjAlMjAlMjAlMjAlMjAlMjAlMjAlMjB4LmNsYXNzTmFtZSUyMCUyQiUzRCUyMCUyMiUyMHJlc3BvbnNpdmUlMjIlM0IlMEElMjAlMjAlMjAlMjAlN0QlMjBlbHNlJTIwJTdCJTBBJTIwJTIwJTIwJTIwJTIwJTIwJTIwJTIweC5jbGFzc05hbWUlMjAlM0QlMjAlMjJ0b3BuYXYlMjIlM0IlMEElMjAlMjAlMjAlMjAlN0QlMEElN0QlMEElM0MlMkZzY3JpcHQlM0UlMEE=[\/vc_raw_html][\/vc_column][\/vc_row][vc_row][vc_column width=&#8221;1\/1&#8243;][\/vc_column][\/vc_row][vc_row bg_color=&#8221;#efefef&#8221; top_padding=&#8221;20&#8243; bottom_padding=&#8221;20&#8243;][vc_column width=&#8221;1\/1&#8243;][\/vc_column][\/vc_row][vc_row][vc_column][vc_column_text] [\/vc_column_text][\/vc_column][\/vc_row][vc_row top_padding=&#8221;40&#8243; bottom_padding=&#8221;40&#8243;][vc_column width=&#8221;1\/1&#8243;][vc_column_text]12 &#8211; 13 noiembrie 2020 ICMaS \u00cen cadrul celei de-a 29-a edi\u0163ie a conferin\u0163ei ICMaS (International Conference on Manufacturing Systems), desf\u0103\u015furate \u00een perioada 12-13 noiembrie 2020, la Bucure\u015fti, ICPE a participat cu lucrarea \u201cCloudbased Maintenance IIoT Platform for Smart Manufacturing\u201d, autori Lucian Nicolae DEMETER, Radu CALISTRU, Bogdan V\u0102R\u0102TICEANU, Paul MINCIUNESCU, Paula ANGHELI\u021a\u0102.[\/vc_column_text][vc_column_text]12 &#8211; 13 octombrie 2020 IWAMA 2020 10TH INTERNATIONAL WORKSHOP OF ADVANCED MANUFACTURING AND AUTOMATION \u00cen cadrul edi\u0163iei a 10-a a conferin\u0163ei International Workshop Of Advanced Manufacturing And Automation (IWAMA 2020) desf\u0103\u015furat\u0103 \u00een perioada 12\u201313 octombrie, 2020 la Zhanjiang, China, a fost prezentat\u0103 lucrarea av\u00e2ndu-l ca autor principal pe Harald R\u00f8dseth (NTNU): \u201cSmart Maintenance and Profit Loss Indicator\u201d. De asemenea au fost organizate \u00eent\u00e2lniri unu la unu cu companii c\u0103rora li s-a f\u0103cut o prezentare \u0219i o demonstra\u021bie a platformei Upkip \u0219i rezultatele dezvoltate \u00een cadrul proiectului CM4Smart. Dintre acestea pot fi men\u0163ionate : VSK Kentavar JSC (Bulgaria), OSO Hotwater (Norway), Siemens (Bulgaria), Schneider Electric (Bulgaria), Festo (Bulgaria), Azrieli Academic College of Engineering (Israel), Lenovo (France), Conet (Germany), Metal Technology Group (Bulgaria), Helmes (Estonia), Vaptech (Bulgaria), Coca Cola HBC (Bulgaria), Milara (USA), Herti (Bulgaria), Uvdal Maskinfabrikk (Norway), Compa [&hellip;]<\/p>\n","protected":false},"author":2,"featured_media":0,"parent":20225,"menu_order":260,"comment_status":"closed","ping_status":"closed","template":"","meta":[],"folder":[79],"_links":{"self":[{"href":"http:\/\/www.icpe.ro\/ro\/wp-json\/wp\/v2\/pages\/20237"}],"collection":[{"href":"http:\/\/www.icpe.ro\/ro\/wp-json\/wp\/v2\/pages"}],"about":[{"href":"http:\/\/www.icpe.ro\/ro\/wp-json\/wp\/v2\/types\/page"}],"author":[{"embeddable":true,"href":"http:\/\/www.icpe.ro\/ro\/wp-json\/wp\/v2\/users\/2"}],"replies":[{"embeddable":true,"href":"http:\/\/www.icpe.ro\/ro\/wp-json\/wp\/v2\/comments?post=20237"}],"version-history":[{"count":0,"href":"http:\/\/www.icpe.ro\/ro\/wp-json\/wp\/v2\/pages\/20237\/revisions"}],"up":[{"embeddable":true,"href":"http:\/\/www.icpe.ro\/ro\/wp-json\/wp\/v2\/pages\/20225"}],"wp:attachment":[{"href":"http:\/\/www.icpe.ro\/ro\/wp-json\/wp\/v2\/media?parent=20237"}],"wp:term":[{"taxonomy":"folder","embeddable":true,"href":"http:\/\/www.icpe.ro\/ro\/wp-json\/wp\/v2\/folder?post=20237"}],"curies":[{"name":"wp","href":"https:\/\/api.w.org\/{rel}","templated":true}]}}