{"id":20228,"date":"2019-11-26T09:19:58","date_gmt":"2019-11-26T06:19:58","guid":{"rendered":"http:\/\/www.icpe.ro\/ro\/?page_id=20228"},"modified":"2019-11-26T09:27:59","modified_gmt":"2019-11-26T06:27:59","slug":"despre-proiect","status":"publish","type":"page","link":"http:\/\/www.icpe.ro\/ro\/cm4smart\/despre-proiect\/","title":{"rendered":"Despre proiect"},"content":{"rendered":"<p>[vc_row type=&#8221;full_width_section&#8221;][vc_column width=&#8221;1\/1&#8243;][vc_raw_html]JTNDc3R5bGUlM0UlMEEudG9wbmF2JTIwJTdCJTBBJTBBJTIwJTIwJTIwJTIwbGlzdC1zdHlsZSUzQW5vbmUlM0IlMEElMjAlMjAlMjAlMjBtYXJnaW4lM0EwJTNCJTBBJTIwJTIwJTIwJTIwcGFkZGluZyUzQTAlM0IlMEElMjAlMjAlMjAlMjB0ZXh0LWFsaWduJTNBY2VudGVyJTNCJTBBJTdEJTBBJTBBLnRvcG5hdiUyMGxpJTIwJTdCJTBBJTIwJTIwZGlzcGxheSUzQWlubGluZSUzQiUwQSU3RCUwQSUwQS50b3BuYXYlMjBhJTdCJTBBJTIwJTIwZGlzcGxheSUzQWlubGluZS1ibG9jayUzQiUwQSUyMCUyMGNvbG9yJTNBJTIwJTIzMDAwJTNCJTBBJTIwJTIwJTIwJTIwcGFkZGluZyUzQTE4cHglMjAzNnB4JTNCJTBBJTIwJTIwZm9udC1zaXplJTNBMTdweCUzQiUwQSU3RCUwQS50b3BuYXYlMjBhJTNBaG92ZXIlMjAlN0IlMEElMjAlMjBiYWNrZ3JvdW5kLWNvbG9yJTNBJTIwJTIzZGRkJTNCJTBBJTIwJTIwY29sb3IlM0ElMjBibGFjayUzQiUwQSU3RCUwQSUwQS50b3BuYXYlMjAuaWNvbiUyMCU3QiUwQSUyMCUyMGRpc3BsYXklM0ElMjBub25lJTNCJTBBJTdEJTBBLmFjdGl2ZSUyMCU3QiUwQSUyMCUyMCUyMCUyMGJhY2tncm91bmQtY29sb3IlM0ElMjAlMjNmN2Y3ZjclM0IlMEElMjAlMjAlMjAlMjBmb250LXdlaWdodCUzQSUyMGJvbGQlM0IlMEElN0QlMEElMEElNDBtZWRpYSUyMHNjcmVlbiUyMGFuZCUyMCUyOG1heC13aWR0aCUzQSUyMDYwMHB4JTI5JTIwJTdCJTBBJTIwJTIwLnRvcG5hdiUyMGElM0Fub3QlMjglM0FmaXJzdC1jaGlsZCUyOSUyMCU3QmRpc3BsYXklM0ElMjBub25lJTNCJTdEJTBBJTIwJTIwLnRvcG5hdiUyMGEuaWNvbiUyMCU3QiUwQSUyMCUyMCUyMCUyMGZsb2F0JTNBJTIwcmlnaHQlM0IlMEElMjAlMjAlMjAlMjBkaXNwbGF5JTNBJTIwYmxvY2slM0IlMEElMjAlMjAlN0QlMEElN0QlMEElMEElNDBtZWRpYSUyMHNjcmVlbiUyMGFuZCUyMCUyOG1heC13aWR0aCUzQSUyMDYwMHB4JTI5JTIwJTdCJTBBJTIwJTIwLnRvcG5hdi5yZXNwb25zaXZlJTIwJTdCcG9zaXRpb24lM0ElMjByZWxhdGl2ZSUzQiU3RCUwQSUyMCUyMC50b3BuYXYucmVzcG9uc2l2ZSUyMC5pY29uJTIwJTdCJTBBJTIwJTIwJTIwJTIwcG9zaXRpb24lM0ElMjBhYnNvbHV0ZSUzQiUwQSUyMCUyMCUyMCUyMHJpZ2h0JTNBJTIwMCUzQiUwQSUyMCUyMCUyMCUyMHRvcCUzQSUyMDAlM0IlMEElMjAlMjAlN0QlMEElMjAlMjAudG9wbmF2LnJlc3BvbnNpdmUlMjBhJTIwJTdCJTBBJTIwJTIwJTIwJTIwZmxvYXQlM0ElMjBub25lJTNCJTBBJTIwJTIwJTIwJTIwZGlzcGxheSUzQSUyMGJsb2NrJTNCJTBBJTIwJTIwJTIwJTIwdGV4dC1hbGlnbiUzQSUyMGxlZnQlM0IlMEElMjAlMjAlN0QlMEElMEElN0QlMEElM0MlMkZzdHlsZSUzRSUwQSUwQSUwQSUwQSUzQ2RpdiUyMGNsYXNzJTNEJTIydG9wbmF2JTIyJTIwaWQlM0QlMjJteVRvcG5hdiUyMiUzRSUwQSUyMCUyMCUzQ2ElMjBocmVmJTNEJTIyaHR0cCUzQSUyRiUyRnd3dy5pY3BlLnJvJTJGcm8lMkZjbTRzbWFydCUyRiUyMiUzRUFjYXMlQzQlODMlM0MlMkZhJTNFJTBBJTIwJTIwJTNDYSUyMGhyZWYlM0QlMjJodHRwJTNBJTJGJTJGd3d3LmljcGUucm8lMkZybyUyRmNtNHNtYXJ0JTJGZGVzcHJlLXByb2llY3QlMkYlMjIlM0VEZXNwcmUlMjBwcm9pZWN0JTNDJTJGYSUzRSUwQSUyMCUyMCUzQ2ElMjBocmVmJTNEJTIyaHR0cCUzQSUyRiUyRnd3dy5pY3BlLnJvJTJGcm8lMkZjbTRzbWFydCUyRmNvbnNvcnRpdSUyRiUyMiUzRUNvbnNvciVDNSVBM2l1JTNDJTJGYSUzRSUwQSUyMCUyMCUzQ2ElMjBocmVmJTNEJTIyaHR0cCUzQSUyRiUyRnd3dy5pY3BlLnJvJTJGcm8lMkZjbTRzbWFydCUyRmV0YXBlJTJGJTIyJTNFUGFjaGV0ZSUyMGRlJTIwbHVjcnUlM0MlMkZhJTNFJTBBJTIwJTIwJTNDYSUyMGhyZWYlM0QlMjJodHRwJTNBJTJGJTJGd3d3LmljcGUucm8lMkZybyUyRmNtNHNtYXJ0JTJGbm91dGF0aSUyRiUyMiUzRU5vdXQlQzQlODMlQzUlQTNpJTNDJTJGYSUzRSUwQSUyMCUyMCUzQ2ElMjBocmVmJTNEJTIyaHR0cCUzQSUyRiUyRnd3dy5pY3BlLnJvJTJGcm8lMkZjbTRzbWFydCUyRmNvbnRhY3QlMkYlMjIlM0VDb250YWN0JTNDJTJGYSUzRSUwQSUyMCUyMCUzQ2xpJTIwc3R5bGUlM0QlMjJmbG9hdCUzQXJpZ2h0JTIyJTNFJTNDYSUyMGNsYXNzJTNEJTIyYWN0aXZlJTIyJTIwaHJlZiUzRCUyMmh0dHAlM0ElMkYlMkZ3d3cuaWNwZS5ybyUyRmNtNHNtYXJ0JTJGJTIyJTNFRU4lM0MlMkZhJTNFJTNDJTJGbGklM0UlMEElMEElMEElMjAlMjAlM0NhJTIwaHJlZiUzRCUyMmphdmFzY3JpcHQlM0F2b2lkJTI4MCUyOSUzQiUyMiUyMHN0eWxlJTNEJTIyZm9udC1zaXplJTNBMTVweCUzQiUyMiUyMGNsYXNzJTNEJTIyaWNvbiUyMiUyMG9uY2xpY2slM0QlMjJteUZ1bmN0aW9uJTI4JTI5JTIyJTNFJTI2JTIzOTc3NiUzQiUzQyUyRmElM0UlMEElM0MlMkZkaXYlM0UlMEElMEElM0NzY3JpcHQlM0UlMEFmdW5jdGlvbiUyMG15RnVuY3Rpb24lMjglMjklMjAlN0IlMEElMjAlMjAlMjAlMjB2YXIlMjB4JTIwJTNEJTIwZG9jdW1lbnQuZ2V0RWxlbWVudEJ5SWQlMjglMjJteVRvcG5hdiUyMiUyOSUzQiUwQSUyMCUyMCUyMCUyMGlmJTIwJTI4eC5jbGFzc05hbWUlMjAlM0QlM0QlM0QlMjAlMjJ0b3BuYXYlMjIlMjklMjAlN0IlMEElMjAlMjAlMjAlMjAlMjAlMjAlMjAlMjB4LmNsYXNzTmFtZSUyMCUyQiUzRCUyMCUyMiUyMHJlc3BvbnNpdmUlMjIlM0IlMEElMjAlMjAlMjAlMjAlN0QlMjBlbHNlJTIwJTdCJTBBJTIwJTIwJTIwJTIwJTIwJTIwJTIwJTIweC5jbGFzc05hbWUlMjAlM0QlMjAlMjJ0b3BuYXYlMjIlM0IlMEElMjAlMjAlMjAlMjAlN0QlMEElN0QlMEElM0MlMkZzY3JpcHQlM0U=[\/vc_raw_html][\/vc_column][\/vc_row][vc_row][vc_column width=&#8221;1\/1&#8243;]<div class=\"single_image wpb_content_element align-center    \" data-animation=\"none\" data-delay=\"0\"><img width=\"300\" height=\"152\" src=\"http:\/\/www.icpe.ro\/ro\/wp-content\/uploads\/2019\/11\/Logo_CM4Smart_300_152.png\" class=\"attachment-full\" alt=\"\" loading=\"lazy\" \/><\/div><div class=\"spacer\" style=\"height: 5px;\"><\/div>[\/vc_column][\/vc_row][vc_row bg_color=&#8221;#efefef&#8221; top_padding=&#8221;20&#8243; bottom_padding=&#8221;20&#8243;][vc_column width=&#8221;1\/1&#8243;]<h1 class=\"headline font-inherit fontsize-m fontweight-700 lh-inherit align-center transform-uppercase \" style=\"margin: 0 0 0 0;\">Despre proiect<\/h1>[\/vc_column][\/vc_row][vc_row top_padding=&#8221;40&#8243; bottom_padding=&#8221;40&#8243;][vc_column width=&#8221;1\/1&#8243;][vc_column_text]Obiectivul principal al <strong>CM4Smart<\/strong> este de a efectua cercet\u0103ri, dezvolt\u0103ri, simul\u0103ri \u0219i implementarea \u00een produc\u021bie a unei solu\u021bii inteligente de mentenan\u021b\u0103 a proceselor de productie, bazat\u0103 pe tehnologiile cloud.<br \/>\nRezultatul proiectului va permite transformarea digital\u0103 a produc\u021biei \u00een scopul asigur\u0103rii mentenan\u021bei inteligente \u0219i ob\u021binerea unor noi modele de eficien\u021b\u0103 a produc\u021biei pentru sectorul IMM-urilor. \u00cen conformitate cu principiile cheie de proiectare ale Industry 4.0, proiectul va avea ca scop interconectarea sistemelor software cu date opera\u021bionale din domeniu astfel incat s\u0103 se asigure alinierea programelor de produc\u021bie cu activit\u0103\u021bile de mentenan\u021b\u0103. Algoritmi inovatori de \u00eenv\u0103\u021bare a ma\u0219inilor pentru predic\u021bia mentnan\u021bei vor permite analiza datelor, identificarea defectelor \u0219i vor propune at\u00e2t ac\u021biuni preventive, c\u00e2t \u0219i ac\u021biuni de optimizare, \u00eenainte ca defec\u021biunile ma\u0219inilor s\u0103 aib\u0103 loc, urm\u0103rindu-se astfel zero perioade de nefunc\u021bionare, o fabrica\u021bie f\u0103r\u0103 rebuturi \u0219i asigurarea unor procese tehnologice ecologice.<br \/>\nProiectul va combina \u00een\u021belegerea profund\u0103 a tehnologiei IIoT \u0219i experien\u021ba \u00een domeniu a partenerilor din proiect (conduc\u0103tor de proiect este ICN -Interconsult din Norvegia), capacitatea puternic\u0103 de cercetare \u0219i dezvoltare de la NTNU (Norvegia) cu cuno\u0219tin\u021bele practice \u0219i provoc\u0103rile reale de fabrica\u021bie provenite de la dou\u0103 \u00eentreprinderi de produc\u021bie &#8211; ICPE (Rom\u00e2nia) \u0219i HTS Maskinteknikk (Norvegia).[\/vc_column_text][\/vc_column][\/vc_row][vc_row bg_type=&#8221;bg_color&#8221; ult_hide_row=&#8221;ult_hide_row_value&#8221; ult_hide_row_tablet=&#8221;tablet&#8221; ult_hide_row_tablet_small=&#8221;xs_tablet&#8221; ult_hide_row_mobile=&#8221;mobile&#8221; ult_hide_row_mobile_large=&#8221;xl_mobile&#8221;][vc_column width=&#8221;1\/1&#8243;]<div class=\"spacer\" style=\"height: 250px;\"><\/div>[\/vc_column][\/vc_row][vc_row bg_color=&#8221;#262626&#8243; top_padding=&#8221;70&#8243; bottom_padding=&#8221;70&#8243; bg_type=&#8221;bg_color&#8221;][vc_column width=&#8221;1\/2&#8243;][vc_column_text]\u00a9 Icpe | Tehnologii pentru dezvoltare durabil\u0103<br \/>\n<a href=\"http:\/\/www.icpe.ro\/ro\/termeni\" target=\"_blank\" rel=\"noopener\">Termeni \u0219i Condi\u021bii<\/a>[\/vc_column_text][\/vc_column][vc_column text_align=&#8221;center&#8221; width=&#8221;1\/2&#8243;]<a href=\"http:\/\/www.icpe.ro\/ro\/institutul\/proiecte\/\" target=\"_blank\" class=\"button color-3 small \" style=\"border-radius: 2px;\">Vezi mai multe proiecte<\/a>[\/vc_column][\/vc_row]<\/p>\n","protected":false},"excerpt":{"rendered":"<p>[vc_row type=&#8221;full_width_section&#8221;][vc_column width=&#8221;1\/1&#8243;][vc_raw_html]JTNDc3R5bGUlM0UlMEEudG9wbmF2JTIwJTdCJTBBJTBBJTIwJTIwJTIwJTIwbGlzdC1zdHlsZSUzQW5vbmUlM0IlMEElMjAlMjAlMjAlMjBtYXJnaW4lM0EwJTNCJTBBJTIwJTIwJTIwJTIwcGFkZGluZyUzQTAlM0IlMEElMjAlMjAlMjAlMjB0ZXh0LWFsaWduJTNBY2VudGVyJTNCJTBBJTdEJTBBJTBBLnRvcG5hdiUyMGxpJTIwJTdCJTBBJTIwJTIwZGlzcGxheSUzQWlubGluZSUzQiUwQSU3RCUwQSUwQS50b3BuYXYlMjBhJTdCJTBBJTIwJTIwZGlzcGxheSUzQWlubGluZS1ibG9jayUzQiUwQSUyMCUyMGNvbG9yJTNBJTIwJTIzMDAwJTNCJTBBJTIwJTIwJTIwJTIwcGFkZGluZyUzQTE4cHglMjAzNnB4JTNCJTBBJTIwJTIwZm9udC1zaXplJTNBMTdweCUzQiUwQSU3RCUwQS50b3BuYXYlMjBhJTNBaG92ZXIlMjAlN0IlMEElMjAlMjBiYWNrZ3JvdW5kLWNvbG9yJTNBJTIwJTIzZGRkJTNCJTBBJTIwJTIwY29sb3IlM0ElMjBibGFjayUzQiUwQSU3RCUwQSUwQS50b3BuYXYlMjAuaWNvbiUyMCU3QiUwQSUyMCUyMGRpc3BsYXklM0ElMjBub25lJTNCJTBBJTdEJTBBLmFjdGl2ZSUyMCU3QiUwQSUyMCUyMCUyMCUyMGJhY2tncm91bmQtY29sb3IlM0ElMjAlMjNmN2Y3ZjclM0IlMEElMjAlMjAlMjAlMjBmb250LXdlaWdodCUzQSUyMGJvbGQlM0IlMEElN0QlMEElMEElNDBtZWRpYSUyMHNjcmVlbiUyMGFuZCUyMCUyOG1heC13aWR0aCUzQSUyMDYwMHB4JTI5JTIwJTdCJTBBJTIwJTIwLnRvcG5hdiUyMGElM0Fub3QlMjglM0FmaXJzdC1jaGlsZCUyOSUyMCU3QmRpc3BsYXklM0ElMjBub25lJTNCJTdEJTBBJTIwJTIwLnRvcG5hdiUyMGEuaWNvbiUyMCU3QiUwQSUyMCUyMCUyMCUyMGZsb2F0JTNBJTIwcmlnaHQlM0IlMEElMjAlMjAlMjAlMjBkaXNwbGF5JTNBJTIwYmxvY2slM0IlMEElMjAlMjAlN0QlMEElN0QlMEElMEElNDBtZWRpYSUyMHNjcmVlbiUyMGFuZCUyMCUyOG1heC13aWR0aCUzQSUyMDYwMHB4JTI5JTIwJTdCJTBBJTIwJTIwLnRvcG5hdi5yZXNwb25zaXZlJTIwJTdCcG9zaXRpb24lM0ElMjByZWxhdGl2ZSUzQiU3RCUwQSUyMCUyMC50b3BuYXYucmVzcG9uc2l2ZSUyMC5pY29uJTIwJTdCJTBBJTIwJTIwJTIwJTIwcG9zaXRpb24lM0ElMjBhYnNvbHV0ZSUzQiUwQSUyMCUyMCUyMCUyMHJpZ2h0JTNBJTIwMCUzQiUwQSUyMCUyMCUyMCUyMHRvcCUzQSUyMDAlM0IlMEElMjAlMjAlN0QlMEElMjAlMjAudG9wbmF2LnJlc3BvbnNpdmUlMjBhJTIwJTdCJTBBJTIwJTIwJTIwJTIwZmxvYXQlM0ElMjBub25lJTNCJTBBJTIwJTIwJTIwJTIwZGlzcGxheSUzQSUyMGJsb2NrJTNCJTBBJTIwJTIwJTIwJTIwdGV4dC1hbGlnbiUzQSUyMGxlZnQlM0IlMEElMjAlMjAlN0QlMEElMEElN0QlMEElM0MlMkZzdHlsZSUzRSUwQSUwQSUwQSUwQSUzQ2RpdiUyMGNsYXNzJTNEJTIydG9wbmF2JTIyJTIwaWQlM0QlMjJteVRvcG5hdiUyMiUzRSUwQSUyMCUyMCUzQ2ElMjBocmVmJTNEJTIyaHR0cCUzQSUyRiUyRnd3dy5pY3BlLnJvJTJGcm8lMkZjbTRzbWFydCUyRiUyMiUzRUFjYXMlQzQlODMlM0MlMkZhJTNFJTBBJTIwJTIwJTNDYSUyMGhyZWYlM0QlMjJodHRwJTNBJTJGJTJGd3d3LmljcGUucm8lMkZybyUyRmNtNHNtYXJ0JTJGZGVzcHJlLXByb2llY3QlMkYlMjIlM0VEZXNwcmUlMjBwcm9pZWN0JTNDJTJGYSUzRSUwQSUyMCUyMCUzQ2ElMjBocmVmJTNEJTIyaHR0cCUzQSUyRiUyRnd3dy5pY3BlLnJvJTJGcm8lMkZjbTRzbWFydCUyRmNvbnNvcnRpdSUyRiUyMiUzRUNvbnNvciVDNSVBM2l1JTNDJTJGYSUzRSUwQSUyMCUyMCUzQ2ElMjBocmVmJTNEJTIyaHR0cCUzQSUyRiUyRnd3dy5pY3BlLnJvJTJGcm8lMkZjbTRzbWFydCUyRmV0YXBlJTJGJTIyJTNFUGFjaGV0ZSUyMGRlJTIwbHVjcnUlM0MlMkZhJTNFJTBBJTIwJTIwJTNDYSUyMGhyZWYlM0QlMjJodHRwJTNBJTJGJTJGd3d3LmljcGUucm8lMkZybyUyRmNtNHNtYXJ0JTJGbm91dGF0aSUyRiUyMiUzRU5vdXQlQzQlODMlQzUlQTNpJTNDJTJGYSUzRSUwQSUyMCUyMCUzQ2ElMjBocmVmJTNEJTIyaHR0cCUzQSUyRiUyRnd3dy5pY3BlLnJvJTJGcm8lMkZjbTRzbWFydCUyRmNvbnRhY3QlMkYlMjIlM0VDb250YWN0JTNDJTJGYSUzRSUwQSUyMCUyMCUzQ2xpJTIwc3R5bGUlM0QlMjJmbG9hdCUzQXJpZ2h0JTIyJTNFJTNDYSUyMGNsYXNzJTNEJTIyYWN0aXZlJTIyJTIwaHJlZiUzRCUyMmh0dHAlM0ElMkYlMkZ3d3cuaWNwZS5ybyUyRmNtNHNtYXJ0JTJGJTIyJTNFRU4lM0MlMkZhJTNFJTNDJTJGbGklM0UlMEElMEElMEElMjAlMjAlM0NhJTIwaHJlZiUzRCUyMmphdmFzY3JpcHQlM0F2b2lkJTI4MCUyOSUzQiUyMiUyMHN0eWxlJTNEJTIyZm9udC1zaXplJTNBMTVweCUzQiUyMiUyMGNsYXNzJTNEJTIyaWNvbiUyMiUyMG9uY2xpY2slM0QlMjJteUZ1bmN0aW9uJTI4JTI5JTIyJTNFJTI2JTIzOTc3NiUzQiUzQyUyRmElM0UlMEElM0MlMkZkaXYlM0UlMEElMEElM0NzY3JpcHQlM0UlMEFmdW5jdGlvbiUyMG15RnVuY3Rpb24lMjglMjklMjAlN0IlMEElMjAlMjAlMjAlMjB2YXIlMjB4JTIwJTNEJTIwZG9jdW1lbnQuZ2V0RWxlbWVudEJ5SWQlMjglMjJteVRvcG5hdiUyMiUyOSUzQiUwQSUyMCUyMCUyMCUyMGlmJTIwJTI4eC5jbGFzc05hbWUlMjAlM0QlM0QlM0QlMjAlMjJ0b3BuYXYlMjIlMjklMjAlN0IlMEElMjAlMjAlMjAlMjAlMjAlMjAlMjAlMjB4LmNsYXNzTmFtZSUyMCUyQiUzRCUyMCUyMiUyMHJlc3BvbnNpdmUlMjIlM0IlMEElMjAlMjAlMjAlMjAlN0QlMjBlbHNlJTIwJTdCJTBBJTIwJTIwJTIwJTIwJTIwJTIwJTIwJTIweC5jbGFzc05hbWUlMjAlM0QlMjAlMjJ0b3BuYXYlMjIlM0IlMEElMjAlMjAlMjAlMjAlN0QlMEElN0QlMEElM0MlMkZzY3JpcHQlM0U=[\/vc_raw_html][\/vc_column][\/vc_row][vc_row][vc_column width=&#8221;1\/1&#8243;][\/vc_column][\/vc_row][vc_row bg_color=&#8221;#efefef&#8221; top_padding=&#8221;20&#8243; bottom_padding=&#8221;20&#8243;][vc_column width=&#8221;1\/1&#8243;][\/vc_column][\/vc_row][vc_row top_padding=&#8221;40&#8243; bottom_padding=&#8221;40&#8243;][vc_column width=&#8221;1\/1&#8243;][vc_column_text]Obiectivul principal al CM4Smart este de a efectua cercet\u0103ri, dezvolt\u0103ri, simul\u0103ri \u0219i implementarea \u00een produc\u021bie a unei solu\u021bii inteligente de mentenan\u021b\u0103 a proceselor de productie, bazat\u0103 pe tehnologiile cloud. Rezultatul proiectului va permite transformarea digital\u0103 a produc\u021biei \u00een scopul asigur\u0103rii mentenan\u021bei inteligente \u0219i ob\u021binerea unor noi modele de eficien\u021b\u0103 a produc\u021biei pentru sectorul IMM-urilor. \u00cen conformitate cu principiile cheie de proiectare ale Industry 4.0, proiectul va avea ca scop interconectarea sistemelor software cu date opera\u021bionale din domeniu astfel incat s\u0103 se asigure alinierea programelor de produc\u021bie cu activit\u0103\u021bile de mentenan\u021b\u0103. Algoritmi inovatori de \u00eenv\u0103\u021bare a ma\u0219inilor pentru predic\u021bia mentnan\u021bei vor permite analiza datelor, identificarea defectelor \u0219i vor propune at\u00e2t ac\u021biuni preventive, c\u00e2t \u0219i ac\u021biuni de optimizare, \u00eenainte ca defec\u021biunile ma\u0219inilor s\u0103 aib\u0103 loc, urm\u0103rindu-se astfel zero perioade de nefunc\u021bionare, o fabrica\u021bie f\u0103r\u0103 rebuturi \u0219i asigurarea unor procese tehnologice ecologice. Proiectul va combina \u00een\u021belegerea profund\u0103 a tehnologiei IIoT \u0219i experien\u021ba \u00een domeniu a partenerilor din proiect (conduc\u0103tor de proiect este ICN -Interconsult din Norvegia), capacitatea puternic\u0103 de cercetare \u0219i dezvoltare de la NTNU (Norvegia) cu cuno\u0219tin\u021bele practice \u0219i provoc\u0103rile reale de fabrica\u021bie provenite de la dou\u0103 \u00eentreprinderi de produc\u021bie &#8211; ICPE [&hellip;]<\/p>\n","protected":false},"author":2,"featured_media":0,"parent":20225,"menu_order":108,"comment_status":"closed","ping_status":"closed","template":"","meta":[],"folder":[79],"_links":{"self":[{"href":"http:\/\/www.icpe.ro\/ro\/wp-json\/wp\/v2\/pages\/20228"}],"collection":[{"href":"http:\/\/www.icpe.ro\/ro\/wp-json\/wp\/v2\/pages"}],"about":[{"href":"http:\/\/www.icpe.ro\/ro\/wp-json\/wp\/v2\/types\/page"}],"author":[{"embeddable":true,"href":"http:\/\/www.icpe.ro\/ro\/wp-json\/wp\/v2\/users\/2"}],"replies":[{"embeddable":true,"href":"http:\/\/www.icpe.ro\/ro\/wp-json\/wp\/v2\/comments?post=20228"}],"version-history":[{"count":0,"href":"http:\/\/www.icpe.ro\/ro\/wp-json\/wp\/v2\/pages\/20228\/revisions"}],"up":[{"embeddable":true,"href":"http:\/\/www.icpe.ro\/ro\/wp-json\/wp\/v2\/pages\/20225"}],"wp:attachment":[{"href":"http:\/\/www.icpe.ro\/ro\/wp-json\/wp\/v2\/media?parent=20228"}],"wp:term":[{"taxonomy":"folder","embeddable":true,"href":"http:\/\/www.icpe.ro\/ro\/wp-json\/wp\/v2\/folder?post=20228"}],"curies":[{"name":"wp","href":"https:\/\/api.w.org\/{rel}","templated":true}]}}