{"id":20129,"date":"2019-03-01T10:59:31","date_gmt":"2019-03-01T07:59:31","guid":{"rendered":"http:\/\/www.icpe.ro\/ro\/?page_id=20129"},"modified":"2019-03-01T11:47:23","modified_gmt":"2019-03-01T08:47:23","slug":"carucior-debrosabil","status":"publish","type":"page","link":"http:\/\/www.icpe.ro\/ro\/aparate-electrice\/carucior-debrosabil\/","title":{"rendered":"C\u0103rucior debro\u0219abil 7.2 KV 160 A"},"content":{"rendered":"<p>[vc_row][vc_column width=&#8221;2\/3&#8243;]<div class=\"spacer\" style=\"height: 50px;\"><\/div><h2 class=\"headline font-inherit fontsize-xs fontweight-inherit lh-inherit align-left transform-inherit \" style=\"margin: 40px 40px 20px 0;\">C\u0102RUCIORUL DEBRO\u0218ABIL ECHIPAT CU CONTACTOR CU COMUTA\u021aIE \u00ceN VID, SIGURAN\u021aE FUZIBILE \u0218I TRANSFORMATOARE DE CURENT 7,2 kV \/ 160 A este destinat, \u00een principal, ac\u021bion\u0103rii sarcinilor inductive precum motoarele sincrone si asincrone de putere de medie tensiune (agregate de pompare, ventilatoarelor, cuptoare industriale) \u0219i a sarcinilor capacitive, sarcini \u00eent\u00e2lnite \u00een sistemul de iriga\u021bii \u0219i \u00een industria mineritului, petrolului \u0219i a gazelor naturale.<\/h2><a href=\"http:\/\/www.icpe.ro\/ro\/wp-content\/uploads\/2019\/02\/Icpe_Carucior_Debrosabil_2019.pdf\" target=\"_blank\" class=\"button color-3 small \" style=\"border-radius: 2px;\">VEZI DATELE TEHNICE<\/a><div class=\"spacer\" style=\"height: 70px;\"><\/div>[\/vc_column][vc_column width=&#8221;1\/3&#8243;][vc_column_text]<img loading=\"lazy\" class=\"aligncenter size-full wp-image-20132\" src=\"http:\/\/www.icpe.ro\/ro\/wp-content\/uploads\/2019\/03\/Carucior.Debrosabil_02_600_600.png\" alt=\"\" width=\"600\" height=\"600\" srcset=\"http:\/\/www.icpe.ro\/ro\/wp-content\/uploads\/2019\/03\/Carucior.Debrosabil_02_600_600.png 600w, http:\/\/www.icpe.ro\/ro\/wp-content\/uploads\/2019\/03\/Carucior.Debrosabil_02_600_600-150x150.png 150w, http:\/\/www.icpe.ro\/ro\/wp-content\/uploads\/2019\/03\/Carucior.Debrosabil_02_600_600-300x300.png 300w, http:\/\/www.icpe.ro\/ro\/wp-content\/uploads\/2019\/03\/Carucior.Debrosabil_02_600_600-80x80.png 80w, http:\/\/www.icpe.ro\/ro\/wp-content\/uploads\/2019\/03\/Carucior.Debrosabil_02_600_600-500x500.png 500w\" sizes=\"(max-width: 600px) 100vw, 600px\" \/>[\/vc_column_text][\/vc_column][\/vc_row][vc_row][vc_column][vc_column_text]<\/p>\n<p>[\/vc_column_text]<div class=\"spacer\" style=\"height: 10px;\"><\/div>[\/vc_column][\/vc_row][vc_row bg_image=&#8221;20135&#8243; parallax_bg=&#8221;true&#8221; top_padding=&#8221;70&#8243; bottom_padding=&#8221;150&#8243;][vc_column width=&#8221;1\/2&#8243;][vc_tta_accordion style=&#8221;modern&#8221; shape=&#8221;square&#8221; color=&#8221;white&#8221; c_align=&#8221;center&#8221; active_section=&#8221;&#8221; no_fill=&#8221;true&#8221; collapsible_all=&#8221;true&#8221;][vc_tta_section title=&#8221;CERE OFERTA&#8221; tab_id=&#8221;1509525379031-f2541fa9-b0f8&#8243;]<div role=\"form\" class=\"wpcf7\" id=\"wpcf7-f19336-o1\" lang=\"en-US\" dir=\"ltr\">\n<div class=\"screen-reader-response\" aria-live=\"polite\"><\/div>\n<form action=\"\/ro\/wp-json\/wp\/v2\/pages\/20129#wpcf7-f19336-o1\" method=\"post\" class=\"wpcf7-form\" enctype=\"multipart\/form-data\" novalidate=\"novalidate\">\n<div style=\"display: none;\">\n<input type=\"hidden\" name=\"_wpcf7\" value=\"19336\" \/>\n<input type=\"hidden\" name=\"_wpcf7_version\" value=\"5.1.9\" \/>\n<input type=\"hidden\" name=\"_wpcf7_locale\" value=\"en_US\" \/>\n<input type=\"hidden\" name=\"_wpcf7_unit_tag\" value=\"wpcf7-f19336-o1\" \/>\n<input type=\"hidden\" name=\"_wpcf7_container_post\" value=\"0\" \/>\n<\/div>\n<div class=\"box style-3 wpb_content_element\">\n<p>Numele dumneavoastr\u0103<br \/>\n    <span class=\"wpcf7-form-control-wrap your-name\"><input type=\"text\" name=\"your-name\" value=\"\" size=\"40\" class=\"wpcf7-form-control wpcf7-text wpcf7-validates-as-required\" aria-required=\"true\" aria-invalid=\"false\" \/><\/span> <\/p>\n<p>Companie<br \/>\n    <span class=\"wpcf7-form-control-wrap company\"><input type=\"text\" name=\"company\" value=\"\" size=\"40\" class=\"wpcf7-form-control wpcf7-text wpcf7-validates-as-required\" aria-required=\"true\" aria-invalid=\"false\" \/><\/span> <\/p>\n<p>E-Mail<br \/>\n    <span class=\"wpcf7-form-control-wrap your-email\"><input type=\"email\" name=\"your-email\" value=\"\" size=\"40\" class=\"wpcf7-form-control wpcf7-text wpcf7-email wpcf7-validates-as-required wpcf7-validates-as-email\" aria-required=\"true\" aria-invalid=\"false\" \/><\/span> <\/p>\n<p>Telefon<br \/>\n    <span class=\"wpcf7-form-control-wrap phone\"><input type=\"text\" name=\"phone\" value=\"\" size=\"40\" class=\"wpcf7-form-control wpcf7-text wpcf7-validates-as-required\" aria-required=\"true\" aria-invalid=\"false\" \/><\/span> <\/p>\n<p>Detalii<br \/>\n    <span class=\"wpcf7-form-control-wrap details\"><input type=\"text\" name=\"details\" value=\"\" size=\"40\" class=\"wpcf7-form-control wpcf7-text wpcf7-validates-as-required\" aria-required=\"true\" aria-invalid=\"false\" \/><\/span> <\/p>\n<p>\u00cencarc\u0103 fi\u0219ier (op\u021bional)<br \/>\n<span class=\"wpcf7-form-control-wrap file-341\"><input type=\"file\" name=\"file-341\" size=\"40\" class=\"wpcf7-form-control wpcf7-file\" accept=\".png,.jpg,.doc,.pdf,.xlsx,.docx,.xls,.xlt,.xml\" aria-invalid=\"false\" \/><\/span> <\/p>\n<\/div>\n<p><span class=\"wpcf7-form-control-wrap wpgdprc\"><span class=\"wpcf7-form-control wpcf7-validates-as-required wpcf7-wpgdprc\"><span class=\"wpcf7-list-item\"><input type=\"checkbox\" name=\"wpgdprc\" value=\"1\" aria-required=\"true\" aria-invalid=\"false\" \/><span class=\"wpcf7-list-item-label\">Sunt de acord cu procesarea datelor mele conform<\/span><\/span><\/span><\/span><br \/>\n&nbsp;&nbsp;&nbsp;&nbsp;&nbsp;&nbsp;&nbsp;<a href=\"http:\/\/www.icpe.ro\/ro\/politici\/protectia-datelor\/\" target=\"_blank\" title=\"Politicii de protec\u021bie a datelor\">Politicii de protec\u021bie a datelor<\/a><\/p>\n<p><input type=\"submit\" style=\"font-face: 'Comic Sans MS'; color: white; background-color: #b92e31;\" value=\"Cere Oferta\"><\/p>\n<div class=\"wpcf7-response-output wpcf7-display-none\" aria-hidden=\"true\"><\/div><\/form><\/div>[\/vc_tta_section][\/vc_tta_accordion][\/vc_column][vc_column width=&#8221;1\/2&#8243;][\/vc_column][\/vc_row]<\/p>\n","protected":false},"excerpt":{"rendered":"<p>[vc_row][vc_column width=&#8221;2\/3&#8243;][\/vc_column][vc_column width=&#8221;1\/3&#8243;][vc_column_text][\/vc_column_text][\/vc_column][\/vc_row][vc_row][vc_column][vc_column_text] [\/vc_column_text][\/vc_column][\/vc_row][vc_row bg_image=&#8221;20135&#8243; parallax_bg=&#8221;true&#8221; top_padding=&#8221;70&#8243; bottom_padding=&#8221;150&#8243;][vc_column width=&#8221;1\/2&#8243;][vc_tta_accordion style=&#8221;modern&#8221; shape=&#8221;square&#8221; color=&#8221;white&#8221; c_align=&#8221;center&#8221; active_section=&#8221;&#8221; no_fill=&#8221;true&#8221; collapsible_all=&#8221;true&#8221;][vc_tta_section title=&#8221;CERE OFERTA&#8221; tab_id=&#8221;1509525379031-f2541fa9-b0f8&#8243;][\/vc_tta_section][\/vc_tta_accordion][\/vc_column][vc_column width=&#8221;1\/2&#8243;][\/vc_column][\/vc_row]<\/p>\n","protected":false},"author":2,"featured_media":0,"parent":17920,"menu_order":16,"comment_status":"closed","ping_status":"closed","template":"","meta":[],"folder":[48],"_links":{"self":[{"href":"http:\/\/www.icpe.ro\/ro\/wp-json\/wp\/v2\/pages\/20129"}],"collection":[{"href":"http:\/\/www.icpe.ro\/ro\/wp-json\/wp\/v2\/pages"}],"about":[{"href":"http:\/\/www.icpe.ro\/ro\/wp-json\/wp\/v2\/types\/page"}],"author":[{"embeddable":true,"href":"http:\/\/www.icpe.ro\/ro\/wp-json\/wp\/v2\/users\/2"}],"replies":[{"embeddable":true,"href":"http:\/\/www.icpe.ro\/ro\/wp-json\/wp\/v2\/comments?post=20129"}],"version-history":[{"count":0,"href":"http:\/\/www.icpe.ro\/ro\/wp-json\/wp\/v2\/pages\/20129\/revisions"}],"up":[{"embeddable":true,"href":"http:\/\/www.icpe.ro\/ro\/wp-json\/wp\/v2\/pages\/17920"}],"wp:attachment":[{"href":"http:\/\/www.icpe.ro\/ro\/wp-json\/wp\/v2\/media?parent=20129"}],"wp:term":[{"taxonomy":"folder","embeddable":true,"href":"http:\/\/www.icpe.ro\/ro\/wp-json\/wp\/v2\/folder?post=20129"}],"curies":[{"name":"wp","href":"https:\/\/api.w.org\/{rel}","templated":true}]}}