{"id":20110,"date":"2019-02-18T09:59:11","date_gmt":"2019-02-18T06:59:11","guid":{"rendered":"http:\/\/www.icpe.ro\/ro\/?page_id=20110"},"modified":"2019-02-19T15:02:01","modified_gmt":"2019-02-19T12:02:01","slug":"afilieri","status":"publish","type":"page","link":"http:\/\/www.icpe.ro\/ro\/energie\/afilieri\/","title":{"rendered":"Afilieri"},"content":{"rendered":"<p>[vc_row top_padding=&#8221;40&#8243; bottom_padding=&#8221;40&#8243; class=&#8221;vc_hidden-lg vc_hidden-md vc_hidden-sm vc_hidden-xs&#8221; bg_position=&#8221;left top&#8221;][vc_column]<h2 class=\"headline font-special fontsize-m fontweight-700 lh-inherit align-center transform-uppercase \" style=\"margin: 0 0 20px 0;\">Super flexible Carousel<\/h2><div class=\"headline font-inherit fontsize-m fontweight-inherit lh-inherit align-center transform-inherit \" style=\"margin: 0; color: #999999;\">With our new carousel element you can create super flexible carousels of existing page builder elements. Super flexible, super easy!<\/div><div class=\"divider divider1\" style='margin:20px 0 20px 0 !important;'><\/div>[\/vc_column][\/vc_row][vc_row bg_color=&#8221;#fafafa&#8221; top_padding=&#8221;5&#8243; bottom_padding=&#8221;50&#8243;][vc_column width=&#8221;1\/1&#8243;]<div class=\"minti_carousel  grab-true dots\" data-columns=\"3\" data-tabletcolumns=\"3\" data-nav=\"true\" data-pagination=\"false\" data-autoplay=\"true\" data-animationtime=\"6000\"><div class=\"imagebox wpb_content_element style-1\"><div class=\"imagebox-img\"><img src=\"http:\/\/www.icpe.ro\/ro\/wp-content\/uploads\/2019\/02\/Affiliations_Foto_01a.png\" alt=\"\" \/><\/div>Icpe este membru CNR-CME &#8211; Comitetul Na\u0163ional Rom\u00e2n al Consiliului Mondial al Energiei organiza\u021bie nonguvernamental\u0103, membr\u0103 a Consiliului Mondial al Energiei \u00eenc\u0103 din anul 1926.<br \/>\nCNR-CME s-a dovedit un partener strategic pentru dezvoltarea energetic\u0103 durabil\u0103 a Rom\u00e2niei \u0219i utilizarea surselor de energie de toate formele.<\/div><div class=\"imagebox wpb_content_element style-1\"><div class=\"imagebox-img\"><img src=\"http:\/\/www.icpe.ro\/ro\/wp-content\/uploads\/2019\/02\/Affiliations_Foto_03.png\" alt=\"\" \/><\/div>\u00cen anul 2007 Icpe a fondat \u015fi o lung\u0103 perioad\u0103 a g\u0103zduit activitatea din ce \u00een ce mai vizibil\u0103 a Asocia\u021biei profesionale SUNe care a devenit \u0219i o asocia\u021bie patronal\u0103 dedicat\u0103 Eficien\u021bei Energetice \u0219i Surselor Noi \u0219i Regenerabile de Energie.<br \/>\nSUNe sprijin\u0103 activ realizarea cadrului legislativ si de normare necesar desfasurarii activitatii companiilor din sectorul SRE dezbate, promoveaza politici economice si comerciale in sprijinul dezvoltarii domeniului colaboreaza cu alte organizatii nationale si internationale pentru ghidarea dezvoltarii sustenabile.<\/div><div class=\"imagebox wpb_content_element style-1\"><div class=\"imagebox-img\"><img src=\"http:\/\/www.icpe.ro\/ro\/wp-content\/uploads\/2019\/02\/Affiliations_Foto_02a.png\" alt=\"\" \/><\/div>Icpe a avut o contribu\u021bie major\u0103 \u00een fondarea Agen\u021biei Locale a Energiei Alba \u2013 ALEA \u00eenfiin\u021bat\u0103 \u00een 2008 ca o asocia\u021bie neguvernamental\u0103 non-profit ce are menirea de a contribui la dezvoltarea durabil\u0103 a jude\u021bului Alba prin \u00eembun\u0103t\u0103\u021birea situa\u021biei actuale \u00een domeniul eficien\u021bei energetice, a managementului energetic \u0219i a utiliz\u0103rii energiei din surse regenerabile.<\/div><\/div>[\/vc_column][\/vc_row][vc_row top_padding=&#8221;80&#8243; bottom_padding=&#8221;80&#8243; class=&#8221;vc_hidden-lg vc_hidden-md vc_hidden-sm vc_hidden-xs&#8221; bg_position=&#8221;left top&#8221;][vc_column]<h2 class=\"headline font-special fontsize-m fontweight-700 lh-inherit align-center transform-uppercase \" style=\"margin: 0 0 20px 0;\">Super flexible Carousel<\/h2><div class=\"headline font-inherit fontsize-m fontweight-inherit lh-inherit align-center transform-inherit \" style=\"margin: 0; color: #999999;\">With our new carousel element you can create super flexible carousels of existing page builder elements. Super flexible, super easy!<\/div><div class=\"divider divider1\" style='margin:60px 0 60px 0 !important;'><\/div><div class=\"minti_carousel  grab-true dots\" data-columns=\"3\" data-tabletcolumns=\"2\" data-nav=\"true\" data-pagination=\"true\" data-autoplay=\"false\" data-animationtime=\"4000\">[vc_column_text]<\/p>\n<h6>Element 1<\/h6>\n<p>At vero eos et accusam et justo duo dolores et ea rebum. Stet clita kasd gubergren, no sea takimata sanctus est Lorem ipsum dolor sit amet. Lorem ipsum dolor sit amet, consetetur sadipscing elitr, sed diam nonumy eirmod tempor invidunt ut labore et dolore magna aliquyam erat, sed diam voluptua. At vero eos et accusam et justo duo dolores et ea rebum.[\/vc_column_text][vc_column_text]<\/p>\n<h6>Element 2<\/h6>\n<p>At vero eos et accusam et justo duo dolores et ea rebum. Stet clita kasd gubergren, no sea takimata sanctus est Lorem ipsum dolor sit amet. Lorem ipsum dolor sit amet, consetetur sadipscing elitr, sed diam nonumy eirmod tempor invidunt ut labore et dolore magna aliquyam erat, sed diam voluptua. At vero eos et accusam et justo duo dolores et ea rebum.[\/vc_column_text][vc_column_text]<\/p>\n<h6>Element 3<\/h6>\n<p>At vero eos et accusam et justo duo dolores et ea rebum. Stet clita kasd gubergren, no sea takimata sanctus est Lorem ipsum dolor sit amet. Lorem ipsum dolor sit amet, consetetur sadipscing elitr, sed diam nonumy eirmod tempor invidunt ut labore et dolore magna aliquyam erat, sed diam voluptua. At vero eos et accusam et justo duo dolores et ea rebum.[\/vc_column_text][vc_column_text]<\/p>\n<h6>Element 4<\/h6>\n<p>At vero eos et accusam et justo duo dolores et ea rebum. Stet clita kasd gubergren, no sea takimata sanctus est Lorem ipsum dolor sit amet. Lorem ipsum dolor sit amet, consetetur sadipscing elitr, sed diam nonumy eirmod tempor invidunt ut labore et dolore magna aliquyam erat, sed diam voluptua. At vero eos et accusam et justo duo dolores et ea rebum.[\/vc_column_text][vc_column_text]<\/p>\n<h6>Element 5<\/h6>\n<p>At vero eos et accusam et justo duo dolores et ea rebum. Stet clita kasd gubergren, no sea takimata sanctus est Lorem ipsum dolor sit amet. Lorem ipsum dolor sit amet, consetetur sadipscing elitr, sed diam nonumy eirmod tempor invidunt ut labore et dolore magna aliquyam erat, sed diam voluptua. At vero eos et accusam et justo duo dolores et ea rebum.[\/vc_column_text][vc_column_text]<\/p>\n<h6>Element 6<\/h6>\n<p>At vero eos et accusam et justo duo dolores et ea rebum. Stet clita kasd gubergren, no sea takimata sanctus est Lorem ipsum dolor sit amet. Lorem ipsum dolor sit amet, consetetur sadipscing elitr, sed diam nonumy eirmod tempor invidunt ut labore et dolore magna aliquyam erat, sed diam voluptua. At vero eos et accusam et justo duo dolores et ea rebum.[\/vc_column_text]<\/div>[\/vc_column][\/vc_row][vc_row bg_color=&#8221;#1cbac8&#8243; text_color=&#8221;light&#8221; top_padding=&#8221;40&#8243; bottom_padding=&#8221;0&#8243; class=&#8221;vc_hidden-lg vc_hidden-md vc_hidden-sm vc_hidden-xs&#8221;][vc_column width=&#8221;1\/1&#8243;]<div class=\"minti_carousel  grab-true dots\" data-columns=\"5\" data-tabletcolumns=\"3\" data-nav=\"false\" data-pagination=\"false\" data-autoplay=\"true\" data-animationtime=\"2000\"><div class=\"single_image wpb_content_element align-center   image_zoomout \" data-animation=\"none\" data-delay=\"0\"><img width=\"150\" height=\"74\" src=\"http:\/\/www.icpe.ro\/ro\/wp-content\/uploads\/2014\/09\/logo2_white.png\" class=\"attachment-full\" alt=\"\" loading=\"lazy\" \/><\/div><div class=\"single_image wpb_content_element align-center   image_zoomout \" data-animation=\"none\" data-delay=\"0\"><img width=\"150\" height=\"74\" src=\"http:\/\/www.icpe.ro\/ro\/wp-content\/uploads\/2014\/09\/logo6_white.png\" class=\"attachment-full\" alt=\"\" loading=\"lazy\" \/><\/div><div class=\"single_image wpb_content_element align-center   image_zoomout \" data-animation=\"none\" data-delay=\"0\"><img width=\"150\" height=\"74\" src=\"http:\/\/www.icpe.ro\/ro\/wp-content\/uploads\/2014\/09\/logo5_white.png\" class=\"attachment-full\" alt=\"\" loading=\"lazy\" \/><\/div><div class=\"single_image wpb_content_element align-center   image_zoomout \" data-animation=\"none\" data-delay=\"0\"><img width=\"150\" height=\"74\" src=\"http:\/\/www.icpe.ro\/ro\/wp-content\/uploads\/2014\/09\/logo1_white.png\" class=\"attachment-full\" alt=\"\" loading=\"lazy\" \/><\/div><div class=\"single_image wpb_content_element align-center   image_zoomout \" data-animation=\"none\" data-delay=\"0\"><img width=\"150\" height=\"74\" src=\"http:\/\/www.icpe.ro\/ro\/wp-content\/uploads\/2014\/09\/logo4_white.png\" class=\"attachment-full\" alt=\"\" loading=\"lazy\" \/><\/div><div class=\"single_image wpb_content_element align-center   image_zoomout \" data-animation=\"none\" data-delay=\"0\"><img width=\"150\" height=\"74\" src=\"http:\/\/www.icpe.ro\/ro\/wp-content\/uploads\/2014\/09\/logo3_white.png\" class=\"attachment-full\" alt=\"\" loading=\"lazy\" \/><\/div><div class=\"single_image wpb_content_element align-center   image_zoomout \" data-animation=\"none\" data-delay=\"0\"><img width=\"150\" height=\"74\" src=\"http:\/\/www.icpe.ro\/ro\/wp-content\/uploads\/2014\/09\/logo2_white.png\" class=\"attachment-full\" alt=\"\" loading=\"lazy\" \/><\/div><div class=\"single_image wpb_content_element align-center   image_zoomout \" data-animation=\"none\" data-delay=\"0\"><img width=\"150\" height=\"74\" src=\"http:\/\/www.icpe.ro\/ro\/wp-content\/uploads\/2014\/09\/logo1_white.png\" class=\"attachment-full\" alt=\"\" loading=\"lazy\" \/><\/div><\/div>[\/vc_column][\/vc_row]<\/p>\n","protected":false},"excerpt":{"rendered":"<p>[vc_row top_padding=&#8221;40&#8243; bottom_padding=&#8221;40&#8243; class=&#8221;vc_hidden-lg vc_hidden-md vc_hidden-sm vc_hidden-xs&#8221; bg_position=&#8221;left top&#8221;][vc_column][\/vc_column][\/vc_row][vc_row bg_color=&#8221;#fafafa&#8221; top_padding=&#8221;5&#8243; bottom_padding=&#8221;50&#8243;][vc_column width=&#8221;1\/1&#8243;][\/vc_column][\/vc_row][vc_row top_padding=&#8221;80&#8243; bottom_padding=&#8221;80&#8243; class=&#8221;vc_hidden-lg vc_hidden-md vc_hidden-sm vc_hidden-xs&#8221; bg_position=&#8221;left top&#8221;][vc_column][\/vc_column][\/vc_row][vc_row bg_color=&#8221;#1cbac8&#8243; text_color=&#8221;light&#8221; top_padding=&#8221;40&#8243; bottom_padding=&#8221;0&#8243; class=&#8221;vc_hidden-lg vc_hidden-md vc_hidden-sm vc_hidden-xs&#8221;][vc_column width=&#8221;1\/1&#8243;][\/vc_column][\/vc_row]<\/p>\n","protected":false},"author":2,"featured_media":0,"parent":20053,"menu_order":0,"comment_status":"closed","ping_status":"closed","template":"","meta":[],"folder":[],"_links":{"self":[{"href":"http:\/\/www.icpe.ro\/ro\/wp-json\/wp\/v2\/pages\/20110"}],"collection":[{"href":"http:\/\/www.icpe.ro\/ro\/wp-json\/wp\/v2\/pages"}],"about":[{"href":"http:\/\/www.icpe.ro\/ro\/wp-json\/wp\/v2\/types\/page"}],"author":[{"embeddable":true,"href":"http:\/\/www.icpe.ro\/ro\/wp-json\/wp\/v2\/users\/2"}],"replies":[{"embeddable":true,"href":"http:\/\/www.icpe.ro\/ro\/wp-json\/wp\/v2\/comments?post=20110"}],"version-history":[{"count":0,"href":"http:\/\/www.icpe.ro\/ro\/wp-json\/wp\/v2\/pages\/20110\/revisions"}],"up":[{"embeddable":true,"href":"http:\/\/www.icpe.ro\/ro\/wp-json\/wp\/v2\/pages\/20053"}],"wp:attachment":[{"href":"http:\/\/www.icpe.ro\/ro\/wp-json\/wp\/v2\/media?parent=20110"}],"wp:term":[{"taxonomy":"folder","embeddable":true,"href":"http:\/\/www.icpe.ro\/ro\/wp-json\/wp\/v2\/folder?post=20110"}],"curies":[{"name":"wp","href":"https:\/\/api.w.org\/{rel}","templated":true}]}}