{"id":19963,"date":"2018-11-20T14:14:04","date_gmt":"2018-11-20T11:14:04","guid":{"rendered":"http:\/\/www.icpe.ro\/ro\/?page_id=19963"},"modified":"2020-10-16T13:17:23","modified_gmt":"2020-10-16T10:17:23","slug":"noutati","status":"publish","type":"page","link":"http:\/\/www.icpe.ro\/ro\/r4win\/noutati\/","title":{"rendered":"Nout\u0103\u021bi"},"content":{"rendered":"<p>[vc_row type=&#8221;full_width_section&#8221;][vc_column width=&#8221;1\/1&#8243;][vc_raw_html]JTNDc3R5bGUlM0UlMEEudG9wbmF2JTIwJTdCJTBBJTBBJTIwJTIwJTIwJTIwbGlzdC1zdHlsZSUzQW5vbmUlM0IlMEElMjAlMjAlMjAlMjBtYXJnaW4lM0EwJTNCJTBBJTIwJTIwJTIwJTIwcGFkZGluZyUzQTAlM0IlMEElMjAlMjAlMjAlMjB0ZXh0LWFsaWduJTNBY2VudGVyJTNCJTBBJTdEJTBBJTBBLnRvcG5hdiUyMGxpJTIwJTdCJTBBJTIwJTIwZGlzcGxheSUzQWlubGluZSUzQiUwQSU3RCUwQSUwQS50b3BuYXYlMjBhJTdCJTBBJTIwJTIwZGlzcGxheSUzQWlubGluZS1ibG9jayUzQiUwQSUyMCUyMGNvbG9yJTNBJTIwJTIzMDAwJTNCJTBBJTIwJTIwJTIwJTIwcGFkZGluZyUzQTE4cHglMjAzNnB4JTNCJTBBJTIwJTIwZm9udC1zaXplJTNBMTdweCUzQiUwQSU3RCUwQS50b3BuYXYlMjBhJTNBaG92ZXIlMjAlN0IlMEElMjAlMjBiYWNrZ3JvdW5kLWNvbG9yJTNBJTIwJTIzZGRkJTNCJTBBJTIwJTIwY29sb3IlM0ElMjBibGFjayUzQiUwQSU3RCUwQSUwQS50b3BuYXYlMjAuaWNvbiUyMCU3QiUwQSUyMCUyMGRpc3BsYXklM0ElMjBub25lJTNCJTBBJTdEJTBBLmFjdGl2ZSUyMCU3QiUwQSUyMCUyMCUyMCUyMGJhY2tncm91bmQtY29sb3IlM0ElMjAlMjNmN2Y3ZjclM0IlMEElMjAlMjAlMjAlMjBmb250LXdlaWdodCUzQSUyMGJvbGQlM0IlMEElN0QlMEElMEElNDBtZWRpYSUyMHNjcmVlbiUyMGFuZCUyMCUyOG1heC13aWR0aCUzQSUyMDYwMHB4JTI5JTIwJTdCJTBBJTIwJTIwLnRvcG5hdiUyMGElM0Fub3QlMjglM0FmaXJzdC1jaGlsZCUyOSUyMCU3QmRpc3BsYXklM0ElMjBub25lJTNCJTdEJTBBJTIwJTIwLnRvcG5hdiUyMGEuaWNvbiUyMCU3QiUwQSUyMCUyMCUyMCUyMGZsb2F0JTNBJTIwcmlnaHQlM0IlMEElMjAlMjAlMjAlMjBkaXNwbGF5JTNBJTIwYmxvY2slM0IlMEElMjAlMjAlN0QlMEElN0QlMEElMEElNDBtZWRpYSUyMHNjcmVlbiUyMGFuZCUyMCUyOG1heC13aWR0aCUzQSUyMDYwMHB4JTI5JTIwJTdCJTBBJTIwJTIwLnRvcG5hdi5yZXNwb25zaXZlJTIwJTdCcG9zaXRpb24lM0ElMjByZWxhdGl2ZSUzQiU3RCUwQSUyMCUyMC50b3BuYXYucmVzcG9uc2l2ZSUyMC5pY29uJTIwJTdCJTBBJTIwJTIwJTIwJTIwcG9zaXRpb24lM0ElMjBhYnNvbHV0ZSUzQiUwQSUyMCUyMCUyMCUyMHJpZ2h0JTNBJTIwMCUzQiUwQSUyMCUyMCUyMCUyMHRvcCUzQSUyMDAlM0IlMEElMjAlMjAlN0QlMEElMjAlMjAudG9wbmF2LnJlc3BvbnNpdmUlMjBhJTIwJTdCJTBBJTIwJTIwJTIwJTIwZmxvYXQlM0ElMjBub25lJTNCJTBBJTIwJTIwJTIwJTIwZGlzcGxheSUzQSUyMGJsb2NrJTNCJTBBJTIwJTIwJTIwJTIwdGV4dC1hbGlnbiUzQSUyMGxlZnQlM0IlMEElMjAlMjAlN0QlMEElMEElN0QlMEElM0MlMkZzdHlsZSUzRSUwQSUwQSUwQSUwQSUzQ2RpdiUyMGNsYXNzJTNEJTIydG9wbmF2JTIyJTIwaWQlM0QlMjJteVRvcG5hdiUyMiUzRSUwQSUyMCUyMCUzQ2ElMjBocmVmJTNEJTIyaHR0cCUzQSUyRiUyRnd3dy5pY3BlLnJvJTJGcm8lMkZyNHdpbiUyRiUyMiUzRUFjYXMlQzQlODMlM0MlMkZhJTNFJTBBJTIwJTIwJTNDYSUyMGhyZWYlM0QlMjJodHRwJTNBJTJGJTJGd3d3LmljcGUucm8lMkZybyUyRnI0d2luJTJGZGVzcHJlLXByb2llY3QlMkYlMjIlM0VEZXNwcmUlMjBwcm9pZWN0JTNDJTJGYSUzRSUwQSUyMCUyMCUzQ2ElMjBocmVmJTNEJTIyaHR0cCUzQSUyRiUyRnd3dy5pY3BlLnJvJTJGcm8lMkZyNHdpbiUyRmNvbnNvcnRpdSUyRiUyMiUzRUNvbnNvciVDNSVBM2l1JTNDJTJGYSUzRSUwQSUyMCUyMCUzQ2ElMjBocmVmJTNEJTIyaHR0cCUzQSUyRiUyRnd3dy5pY3BlLnJvJTJGcm8lMkZyNHdpbiUyRmV0YXBlJTJGJTIyJTNFUGFjaGV0ZSUyMGRlJTIwbHVjcnUlM0MlMkZhJTNFJTBBJTIwJTIwJTNDYSUyMGhyZWYlM0QlMjJodHRwJTNBJTJGJTJGd3d3LmljcGUucm8lMkZybyUyRnI0d2luJTJGbm91dGF0aSUyRiUyMiUzRU5vdXQlQzQlODMlQzUlQTNpJTNDJTJGYSUzRSUwQSUyMCUyMCUzQ2ElMjBocmVmJTNEJTIyaHR0cCUzQSUyRiUyRnd3dy5pY3BlLnJvJTJGcm8lMkZyNHdpbiUyRmNvbnRhY3QlMkYlMjIlM0VDb250YWN0JTNDJTJGYSUzRSUwQSUyMCUyMCUzQ2xpJTIwc3R5bGUlM0QlMjJmbG9hdCUzQXJpZ2h0JTIyJTNFJTNDYSUyMGNsYXNzJTNEJTIyYWN0aXZlJTIyJTIwaHJlZiUzRCUyMmh0dHAlM0ElMkYlMkZ3d3cuaWNwZS5ybyUyRnI0d2luJTJGJTIyJTNFRU4lM0MlMkZhJTNFJTNDJTJGbGklM0UlMEElMEElMEElMjAlMjAlM0NhJTIwaHJlZiUzRCUyMmphdmFzY3JpcHQlM0F2b2lkJTI4MCUyOSUzQiUyMiUyMHN0eWxlJTNEJTIyZm9udC1zaXplJTNBMTVweCUzQiUyMiUyMGNsYXNzJTNEJTIyaWNvbiUyMiUyMG9uY2xpY2slM0QlMjJteUZ1bmN0aW9uJTI4JTI5JTIyJTNFJTI2JTIzOTc3NiUzQiUzQyUyRmElM0UlMEElM0MlMkZkaXYlM0UlMEElMEElM0NzY3JpcHQlM0UlMEFmdW5jdGlvbiUyMG15RnVuY3Rpb24lMjglMjklMjAlN0IlMEElMjAlMjAlMjAlMjB2YXIlMjB4JTIwJTNEJTIwZG9jdW1lbnQuZ2V0RWxlbWVudEJ5SWQlMjglMjJteVRvcG5hdiUyMiUyOSUzQiUwQSUyMCUyMCUyMCUyMGlmJTIwJTI4eC5jbGFzc05hbWUlMjAlM0QlM0QlM0QlMjAlMjJ0b3BuYXYlMjIlMjklMjAlN0IlMEElMjAlMjAlMjAlMjAlMjAlMjAlMjAlMjB4LmNsYXNzTmFtZSUyMCUyQiUzRCUyMCUyMiUyMHJlc3BvbnNpdmUlMjIlM0IlMEElMjAlMjAlMjAlMjAlN0QlMjBlbHNlJTIwJTdCJTBBJTIwJTIwJTIwJTIwJTIwJTIwJTIwJTIweC5jbGFzc05hbWUlMjAlM0QlMjAlMjJ0b3BuYXYlMjIlM0IlMEElMjAlMjAlMjAlMjAlN0QlMEElN0QlMEElM0MlMkZzY3JpcHQlM0U=[\/vc_raw_html][\/vc_column][\/vc_row][vc_row][vc_column width=&#8221;1\/1&#8243;]<div class=\"single_image wpb_content_element align-center    \" data-animation=\"none\" data-delay=\"0\"><img width=\"300\" height=\"152\" src=\"http:\/\/www.icpe.ro\/ro\/wp-content\/uploads\/2018\/11\/Logo_R4WIN_300x152.png\" class=\"attachment-full\" alt=\"\" loading=\"lazy\" \/><\/div><div class=\"spacer\" style=\"height: 5px;\"><\/div>[\/vc_column][\/vc_row][vc_row bg_color=&#8221;#efefef&#8221; top_padding=&#8221;20&#8243; bottom_padding=&#8221;20&#8243;][vc_column width=&#8221;1\/1&#8243;]<h1 class=\"headline font-inherit fontsize-m fontweight-700 lh-inherit align-center transform-uppercase \" style=\"margin: 0 0 0 0;\">Nout\u0103\u0163i<\/h1>[\/vc_column][\/vc_row][vc_row top_padding=&#8221;40&#8243; bottom_padding=&#8221;40&#8243;][vc_column width=&#8221;1\/1&#8243;][vc_column_text]<strong>Kickoff Meeting<\/strong><\/p>\n<p><em><strong>13-14 martie 2018<\/strong><\/em><\/p>\n<p style=\"text-align: justify;\">\u00cen perioada 13-14 Martie 2018, a avut loc kickoff meeting, la care au participat din partea Icpe: Paul Minciunescu, Bogdan V\u0103r\u0103ticeanu, Nicolescu Constantin, Mihaela Chefneux \u015fi din partea STAM: Stefano Ellero, Mony Khosravi.<br \/>\nS-a propus ca data de \u00eencepere a proiectului s\u0103 fie 02 Aprilie 2018.<\/p>\n<p>[\/vc_column_text]<div class=\"newdivider align-center\" style=\"border-bottom-style: solid; border-color: #999999; border-bottom-width: 2px; margin-top: 0; margin-bottom: 40px; width: 100%; \"><\/div><div class=\"clear\"><\/div>[vc_column_text]<strong>COILTECH 2018<\/strong><\/p>\n<p><em><strong>26-27 septembrie 2018<\/strong><\/em><\/p>\n<p style=\"text-align: justify;\">\u00cen perioada 26.09.2018-27.09.2018 s-a deplasat la Pordenone (Italia) Silviu Matei pentru a participa la expozi\u021bia \u0219i conferin\u021ba COILTECH 2018.<\/p>\n<p><center><br \/>\n<img loading=\"lazy\" class=\"aligncenter size-full wp-image-19997\" src=\"http:\/\/www.icpe.ro\/ro\/wp-content\/uploads\/2018\/11\/Coiltech_2018_421x453.png\" alt=\"\" width=\"421\" height=\"453\" srcset=\"http:\/\/www.icpe.ro\/ro\/wp-content\/uploads\/2018\/11\/Coiltech_2018_421x453.png 421w, http:\/\/www.icpe.ro\/ro\/wp-content\/uploads\/2018\/11\/Coiltech_2018_421x453-279x300.png 279w\" sizes=\"(max-width: 421px) 100vw, 421px\" \/><\/center>[\/vc_column_text]<div class=\"newdivider align-center\" style=\"border-bottom-style: solid; border-color: #999999; border-bottom-width: 2px; margin-top: 0; margin-bottom: 40px; width: 100%; \"><\/div><div class=\"clear\"><\/div>[vc_column_text]<strong>Progress meeting<\/strong><\/p>\n<p><em><strong>16 noiembrie 2018<\/strong><\/em><\/p>\n<p style=\"text-align: justify;\">\u00cen data de 16.11.2018 a avut loc \u201eProgress meeting\u201d \u00een care s-au analizat rezultatele ob\u021binute p\u00e2n\u0103 \u00een prezent de ICPE. Aceste rezultate au constat \u00een finalizarea WP1 Analysis of Application Requirements and selection of the electrical motors design \u0219i contribu\u021biile la WP2 si WP3 care au fost analizate \u00een detaliu. De asemenea s-au stabilit urm\u0103torii pa\u0219i de urmat.<\/p>\n<p><strong>Participan\u021bi:<\/strong><br \/>\nPaul Minciunescu (Icpe)<br \/>\nBogdan Varaticeanu (Icpe)<br \/>\nAlberto Landini (STAM)<br \/>\nMony Khosravi (STAM)[\/vc_column_text]<div class=\"newdivider align-center\" style=\"border-bottom-style: solid; border-color: #999999; border-bottom-width: 2px; margin-top: 0; margin-bottom: 40px; width: 100%; \"><\/div><div class=\"clear\"><\/div>[vc_column_text]<strong>Publicare articol<\/strong><\/p>\n<p style=\"text-align: justify;\">In revista EEA nr. 4 (octombrie-decembrie 2018) a fost publicat articolul \u201cModern Methods Organizing for Servomotor Production \u201c autor Mihai Diaconu membru al echipei de cercetare R4Win.<\/p>\n<p>[\/vc_column_text]<div class=\"newdivider align-center\" style=\"border-bottom-style: solid; border-color: #999999; border-bottom-width: 2px; margin-top: 0; margin-bottom: 40px; width: 100%; \"><\/div><div class=\"clear\"><\/div>[vc_column_text]<strong>FIAE 2019<\/strong><\/p>\n<p><em><strong>18 martie 2018<\/strong><\/em><\/p>\n<p style=\"text-align: justify;\">Mihai Neacsu a participat la Forumul Industriei Auto Europene 2019 (18 martie, Craiova- Romania).<\/p>\n<p><center><br \/>\n<img loading=\"lazy\" class=\"aligncenter size-full wp-image-20490\" src=\"http:\/\/www.icpe.ro\/wp-content\/uploads\/2019\/11\/Automotive_Industry_Forum.jpg\" alt=\"\" width=\"421\" height=\"281\" \/><\/center>[\/vc_column_text]<div class=\"newdivider align-center\" style=\"border-bottom-style: solid; border-color: #999999; border-bottom-width: 2px; margin-top: 0; margin-bottom: 40px; width: 100%; \"><\/div><div class=\"clear\"><\/div>[vc_row_inner][vc_column_inner][\/vc_column_inner][\/vc_row_inner][vc_column_text]<strong>AUSA Fair<\/strong><\/p>\n<p><em><strong>14 octombrie 2019 &#8211; 16 octombrie 2019<\/strong><\/em><\/p>\n<p><img loading=\"lazy\" class=\"size-full wp-image-20491 alignleft\" src=\"http:\/\/www.icpe.ro\/wp-content\/uploads\/2019\/11\/Sigla_AUSA.jpg\" alt=\"\" width=\"435\" height=\"86\" \/>[\/vc_column_text][vc_row_inner][vc_column_inner][vc_column_text]Paul Minciunescu a participat la expozi\u021bia AUSA in perioada 14.10.2019-16.10.2019 in Washington, USA.[\/vc_column_text][\/vc_column_inner][\/vc_row_inner]<div class=\"spacer\" style=\"height: 20px;\"><\/div>[vc_row_inner][vc_column_inner width=&#8221;1\/3&#8243;]<div class=\"single_image wpb_content_element align-left    \" data-animation=\"none\" data-delay=\"0\"><img width=\"380\" height=\"285\" src=\"http:\/\/www.icpe.ro\/ro\/wp-content\/uploads\/2019\/11\/AUSA_01.jpg\" class=\"attachment-full\" alt=\"\" loading=\"lazy\" srcset=\"http:\/\/www.icpe.ro\/ro\/wp-content\/uploads\/2019\/11\/AUSA_01.jpg 380w, http:\/\/www.icpe.ro\/ro\/wp-content\/uploads\/2019\/11\/AUSA_01-300x225.jpg 300w\" sizes=\"(max-width: 380px) 100vw, 380px\" \/><\/div>[\/vc_column_inner][vc_column_inner width=&#8221;1\/3&#8243;]<div class=\"single_image wpb_content_element align-left    \" data-animation=\"none\" data-delay=\"0\"><img width=\"380\" height=\"285\" src=\"http:\/\/www.icpe.ro\/ro\/wp-content\/uploads\/2019\/11\/AUSA_02.jpg\" class=\"attachment-full\" alt=\"\" loading=\"lazy\" srcset=\"http:\/\/www.icpe.ro\/ro\/wp-content\/uploads\/2019\/11\/AUSA_02.jpg 380w, http:\/\/www.icpe.ro\/ro\/wp-content\/uploads\/2019\/11\/AUSA_02-300x225.jpg 300w\" sizes=\"(max-width: 380px) 100vw, 380px\" \/><\/div>[\/vc_column_inner][vc_column_inner width=&#8221;1\/3&#8243;]<div class=\"single_image wpb_content_element align-left    \" data-animation=\"none\" data-delay=\"0\"><img width=\"380\" height=\"285\" src=\"http:\/\/www.icpe.ro\/ro\/wp-content\/uploads\/2019\/11\/AUSA_03.jpg\" class=\"attachment-full\" alt=\"\" loading=\"lazy\" srcset=\"http:\/\/www.icpe.ro\/ro\/wp-content\/uploads\/2019\/11\/AUSA_03.jpg 380w, http:\/\/www.icpe.ro\/ro\/wp-content\/uploads\/2019\/11\/AUSA_03-300x225.jpg 300w\" sizes=\"(max-width: 380px) 100vw, 380px\" \/><\/div>[\/vc_column_inner][\/vc_row_inner]<div class=\"spacer\" style=\"height: 50px;\"><\/div><div class=\"newdivider align-center\" style=\"border-bottom-style: solid; border-color: #999999; border-bottom-width: 2px; margin-top: 0; margin-bottom: 40px; width: 100%; \"><\/div><div class=\"clear\"><\/div>[vc_column_text]<strong>\u00cent\u00e2lnire de lucru<\/strong><\/p>\n<p><em><strong>28 octombrie 2018<\/strong><\/em><\/p>\n<p style=\"text-align: justify;\">\u00cen data de 28.10.2019 a avut loc \u00eent\u00e2lnirea de lucru intre membri echipei de cercetare (STAM si Icpe) \u00een care s-au analizat rezultatele ob\u021binute p\u00e2n\u0103 \u00een prezent. Aceste rezultate au constat \u00een finalizarea WP2, WP3, WP4 si WP5. De asemenea s-au stabilit urm\u0103torii pa\u0219i de urmat.<\/p>\n<p>[\/vc_column_text]<div class=\"newdivider align-center\" style=\"border-bottom-style: solid; border-color: #999999; border-bottom-width: 2px; margin-top: 0; margin-bottom: 40px; width: 100%; \"><\/div><div class=\"clear\"><\/div>[vc_column_text]<strong>EV 2019<\/strong><\/p>\n<p><em><strong>3 &#8211; 4 octombrie 2019<\/strong><\/em><\/p>\n<p><img loading=\"lazy\" class=\" wp-image-20495 alignleft\" src=\"http:\/\/www.icpe.ro\/wp-content\/uploads\/2019\/11\/EV_2019b.jpg\" alt=\"\" width=\"384\" height=\"83\" \/>[\/vc_column_text][vc_column_text]In zilele de 3 si 4 octombrie 2019 a avut loc la Bucure\u0219ti, conferin\u021ba \u0219tiin\u021bifica si expozi\u021bia EV 2019, unde membrii echipei de cercetare din Icpe au prezentat stadiul actual al proiectului R4Win.<\/p>\n<p><center><br \/>\n<img loading=\"lazy\" class=\"aligncenter size-full wp-image-20496\" src=\"http:\/\/www.icpe.ro\/wp-content\/uploads\/2019\/11\/EVS_2019_01.jpg\" alt=\"\" width=\"421\" height=\"316\" \/><\/center>[\/vc_column_text]<div class=\"newdivider align-center\" style=\"border-bottom-style: solid; border-color: #999999; border-bottom-width: 2px; margin-top: 0; margin-bottom: 40px; width: 100%; \"><\/div><div class=\"clear\"><\/div>[vc_column_text]<strong>Participare SME\u201919<\/strong><\/p>\n<p style=\"text-align: justify;\">Andrei Dumitru de la Icpe a prezentat posterul cu titlul \u201cRobotic Winding of Electrical Motors R4Win\u201d in cadrul simpozionului ACTUALIT\u0102\u0162I \u015eI PERSPECTIVE \u00ceN DOMENIUL MA\u015eINILOR ELECTRICE, SME\u201919, EDI\u0162IA A XV-a.<\/p>\n<p>[\/vc_column_text][vc_column_text]<\/p>\n<p><center><br \/>\n<img loading=\"lazy\" class=\"aligncenter size-full wp-image-20497\" src=\"http:\/\/www.icpe.ro\/wp-content\/uploads\/2019\/11\/SME_2019.jpg\" alt=\"\" width=\"316\" height=\"421\" \/><\/center>[\/vc_column_text]<div class=\"newdivider align-center\" style=\"border-bottom-style: solid; border-color: #999999; border-bottom-width: 2px; margin-top: 0; margin-bottom: 40px; width: 100%; \"><\/div><div class=\"clear\"><\/div>[vc_column_text]<strong>Publicare articol<\/strong><\/p>\n<p><img loading=\"lazy\" class=\"size-full wp-image-20498 alignleft\" src=\"http:\/\/www.icpe.ro\/wp-content\/uploads\/2019\/11\/EEA_01.jpg\" alt=\"\" width=\"421\" height=\"153\" \/>[\/vc_column_text][vc_column_text]In revista EEA <a href=\"http:\/\/www.eea-journal.ro\/\">http:\/\/www.eea-journal.ro\/<\/a>, va fi publicat articolul intitulat \u201cRobot for winding of variable stator configuration\u201d, autori Constantin Nicolescu si Paul Minciunescu.[\/vc_column_text]<div class=\"spacer\" style=\"height: 40px;\"><\/div><div class=\"newdivider align-center\" style=\"border-bottom-style: solid; border-color: #999999; border-bottom-width: 2px; margin-top: 40px; margin-bottom: 40px; width: 100%; \"><\/div><div class=\"clear\"><\/div>[vc_column_text]<strong>Participare Motion Control &amp; Power Solutions 2020<br \/>\n<\/strong><\/p>\n<p><em><strong>14 ianuarie 2020<\/strong><\/em><\/p>\n<p style=\"text-align: justify;\">\u00cen 14 ianuarie 2020 a avut loc la Tel Aviv, Israel, expozi\u021bia tehnic\u0103 \u201eMotion Control &amp; Power Solutions\u201d. Au participat cu standuri firme care au prezentat: servomotoare \u0219i sisteme de mi\u0219care, sisteme de automatizare, robotic\u0103, drivere, sisteme de control \u0219i putere, analizoare \u0219i simulatoare, metode de control, algoritmi, software, diverse traductoare de senzori, giroscop, accelerare, putere, noi tehnologii, furnizori de energie electric\u0103, solu\u021bii de alimentare, dispersie de c\u0103ldur\u0103, baterii. Membrii echipei de cercetare din Icpe au prezentat stadiul actual al proiectului R4Win la standul firmei Relcom &#8211; distribuitor Icpe in Israel.<\/p>\n<p><center><img loading=\"lazy\" class=\"size-full wp-image-20308 aligncenter\" src=\"http:\/\/www.icpe.ro\/ro\/wp-content\/uploads\/2020\/07\/Motion.Control.And_.Power_.Solutions.jpg\" alt=\"\" width=\"546\" height=\"297\" srcset=\"http:\/\/www.icpe.ro\/ro\/wp-content\/uploads\/2020\/07\/Motion.Control.And_.Power_.Solutions.jpg 546w, http:\/\/www.icpe.ro\/ro\/wp-content\/uploads\/2020\/07\/Motion.Control.And_.Power_.Solutions-300x163.jpg 300w\" sizes=\"(max-width: 546px) 100vw, 546px\" \/><\/center>&nbsp;<\/p>\n<p>&nbsp;<\/p>\n<h4>Rezultatele finale ale proiectului sunt prezentate <a href=\"http:\/\/www.icpe.ro\/wp-content\/uploads\/2020\/07\/R4Win_Final_Presentation.pdf\"><strong><span style=\"color: #0000ff;\">aici<\/span><\/strong><\/a>.<\/h4>\n<p>[\/vc_column_text]<div class=\"newdivider align-center\" style=\"border-bottom-style: solid; border-color: #999999; border-bottom-width: 2px; margin-top: 0px; margin-bottom: 0px; width: 100%; \"><\/div><div class=\"clear\"><\/div>[\/vc_column][\/vc_row][vc_row][vc_column width=&#8221;1\/1&#8243;][vc_column_text]<em><strong>06 octombrie 2020<\/strong><\/em><\/p>\n<p style=\"text-align: justify;\">Dup\u0103 doi ani, am finalizat cu succes proiectul nostru Manunet R4Win. Ce dezvoltare interesant\u0103! Un sistem flexibil, dar automatizat, pentru a \u00eenf\u0103\u0219ura bobinele motoarelor electrice.<\/p>\n<p><center><br \/>\n<em><strong><iframe loading=\"lazy\" src=\"https:\/\/www.youtube.com\/embed\/o7agXArGkAE\" width=\"1006\" height=\"566\" frameborder=\"0\" allowfullscreen=\"allowfullscreen\"><\/iframe><\/strong><\/em><\/center>[\/vc_column_text]<div class=\"spacer\" style=\"height: 40px;\"><\/div>[\/vc_column][\/vc_row][vc_row bg_color=&#8221;#020202&#8243; top_padding=&#8221;70&#8243; bottom_padding=&#8221;70&#8243;][vc_column width=&#8221;1\/2&#8243;][vc_column_text]\u00a9 Icpe | Tehnologii pentru dezvoltare durabil\u0103<br \/>\n<a href=\"http:\/\/www.icpe.ro\/ro\/termeni\" target=\"_blank\" rel=\"noopener\">Termeni \u0219i Condi\u021bii<\/a>[\/vc_column_text][\/vc_column][vc_column text_align=&#8221;center&#8221; width=&#8221;1\/2&#8243;]<a href=\"http:\/\/www.icpe.ro\/ro\/institutul\/proiecte\/\" target=\"_blank\" class=\"button color-3 small \" style=\"border-radius: 2px;\">Vezi mai multe proiecte<\/a>[\/vc_column][\/vc_row]<\/p>\n","protected":false},"excerpt":{"rendered":"<p>[vc_row type=&#8221;full_width_section&#8221;][vc_column width=&#8221;1\/1&#8243;][vc_raw_html]JTNDc3R5bGUlM0UlMEEudG9wbmF2JTIwJTdCJTBBJTBBJTIwJTIwJTIwJTIwbGlzdC1zdHlsZSUzQW5vbmUlM0IlMEElMjAlMjAlMjAlMjBtYXJnaW4lM0EwJTNCJTBBJTIwJTIwJTIwJTIwcGFkZGluZyUzQTAlM0IlMEElMjAlMjAlMjAlMjB0ZXh0LWFsaWduJTNBY2VudGVyJTNCJTBBJTdEJTBBJTBBLnRvcG5hdiUyMGxpJTIwJTdCJTBBJTIwJTIwZGlzcGxheSUzQWlubGluZSUzQiUwQSU3RCUwQSUwQS50b3BuYXYlMjBhJTdCJTBBJTIwJTIwZGlzcGxheSUzQWlubGluZS1ibG9jayUzQiUwQSUyMCUyMGNvbG9yJTNBJTIwJTIzMDAwJTNCJTBBJTIwJTIwJTIwJTIwcGFkZGluZyUzQTE4cHglMjAzNnB4JTNCJTBBJTIwJTIwZm9udC1zaXplJTNBMTdweCUzQiUwQSU3RCUwQS50b3BuYXYlMjBhJTNBaG92ZXIlMjAlN0IlMEElMjAlMjBiYWNrZ3JvdW5kLWNvbG9yJTNBJTIwJTIzZGRkJTNCJTBBJTIwJTIwY29sb3IlM0ElMjBibGFjayUzQiUwQSU3RCUwQSUwQS50b3BuYXYlMjAuaWNvbiUyMCU3QiUwQSUyMCUyMGRpc3BsYXklM0ElMjBub25lJTNCJTBBJTdEJTBBLmFjdGl2ZSUyMCU3QiUwQSUyMCUyMCUyMCUyMGJhY2tncm91bmQtY29sb3IlM0ElMjAlMjNmN2Y3ZjclM0IlMEElMjAlMjAlMjAlMjBmb250LXdlaWdodCUzQSUyMGJvbGQlM0IlMEElN0QlMEElMEElNDBtZWRpYSUyMHNjcmVlbiUyMGFuZCUyMCUyOG1heC13aWR0aCUzQSUyMDYwMHB4JTI5JTIwJTdCJTBBJTIwJTIwLnRvcG5hdiUyMGElM0Fub3QlMjglM0FmaXJzdC1jaGlsZCUyOSUyMCU3QmRpc3BsYXklM0ElMjBub25lJTNCJTdEJTBBJTIwJTIwLnRvcG5hdiUyMGEuaWNvbiUyMCU3QiUwQSUyMCUyMCUyMCUyMGZsb2F0JTNBJTIwcmlnaHQlM0IlMEElMjAlMjAlMjAlMjBkaXNwbGF5JTNBJTIwYmxvY2slM0IlMEElMjAlMjAlN0QlMEElN0QlMEElMEElNDBtZWRpYSUyMHNjcmVlbiUyMGFuZCUyMCUyOG1heC13aWR0aCUzQSUyMDYwMHB4JTI5JTIwJTdCJTBBJTIwJTIwLnRvcG5hdi5yZXNwb25zaXZlJTIwJTdCcG9zaXRpb24lM0ElMjByZWxhdGl2ZSUzQiU3RCUwQSUyMCUyMC50b3BuYXYucmVzcG9uc2l2ZSUyMC5pY29uJTIwJTdCJTBBJTIwJTIwJTIwJTIwcG9zaXRpb24lM0ElMjBhYnNvbHV0ZSUzQiUwQSUyMCUyMCUyMCUyMHJpZ2h0JTNBJTIwMCUzQiUwQSUyMCUyMCUyMCUyMHRvcCUzQSUyMDAlM0IlMEElMjAlMjAlN0QlMEElMjAlMjAudG9wbmF2LnJlc3BvbnNpdmUlMjBhJTIwJTdCJTBBJTIwJTIwJTIwJTIwZmxvYXQlM0ElMjBub25lJTNCJTBBJTIwJTIwJTIwJTIwZGlzcGxheSUzQSUyMGJsb2NrJTNCJTBBJTIwJTIwJTIwJTIwdGV4dC1hbGlnbiUzQSUyMGxlZnQlM0IlMEElMjAlMjAlN0QlMEElMEElN0QlMEElM0MlMkZzdHlsZSUzRSUwQSUwQSUwQSUwQSUzQ2RpdiUyMGNsYXNzJTNEJTIydG9wbmF2JTIyJTIwaWQlM0QlMjJteVRvcG5hdiUyMiUzRSUwQSUyMCUyMCUzQ2ElMjBocmVmJTNEJTIyaHR0cCUzQSUyRiUyRnd3dy5pY3BlLnJvJTJGcm8lMkZyNHdpbiUyRiUyMiUzRUFjYXMlQzQlODMlM0MlMkZhJTNFJTBBJTIwJTIwJTNDYSUyMGhyZWYlM0QlMjJodHRwJTNBJTJGJTJGd3d3LmljcGUucm8lMkZybyUyRnI0d2luJTJGZGVzcHJlLXByb2llY3QlMkYlMjIlM0VEZXNwcmUlMjBwcm9pZWN0JTNDJTJGYSUzRSUwQSUyMCUyMCUzQ2ElMjBocmVmJTNEJTIyaHR0cCUzQSUyRiUyRnd3dy5pY3BlLnJvJTJGcm8lMkZyNHdpbiUyRmNvbnNvcnRpdSUyRiUyMiUzRUNvbnNvciVDNSVBM2l1JTNDJTJGYSUzRSUwQSUyMCUyMCUzQ2ElMjBocmVmJTNEJTIyaHR0cCUzQSUyRiUyRnd3dy5pY3BlLnJvJTJGcm8lMkZyNHdpbiUyRmV0YXBlJTJGJTIyJTNFUGFjaGV0ZSUyMGRlJTIwbHVjcnUlM0MlMkZhJTNFJTBBJTIwJTIwJTNDYSUyMGhyZWYlM0QlMjJodHRwJTNBJTJGJTJGd3d3LmljcGUucm8lMkZybyUyRnI0d2luJTJGbm91dGF0aSUyRiUyMiUzRU5vdXQlQzQlODMlQzUlQTNpJTNDJTJGYSUzRSUwQSUyMCUyMCUzQ2ElMjBocmVmJTNEJTIyaHR0cCUzQSUyRiUyRnd3dy5pY3BlLnJvJTJGcm8lMkZyNHdpbiUyRmNvbnRhY3QlMkYlMjIlM0VDb250YWN0JTNDJTJGYSUzRSUwQSUyMCUyMCUzQ2xpJTIwc3R5bGUlM0QlMjJmbG9hdCUzQXJpZ2h0JTIyJTNFJTNDYSUyMGNsYXNzJTNEJTIyYWN0aXZlJTIyJTIwaHJlZiUzRCUyMmh0dHAlM0ElMkYlMkZ3d3cuaWNwZS5ybyUyRnI0d2luJTJGJTIyJTNFRU4lM0MlMkZhJTNFJTNDJTJGbGklM0UlMEElMEElMEElMjAlMjAlM0NhJTIwaHJlZiUzRCUyMmphdmFzY3JpcHQlM0F2b2lkJTI4MCUyOSUzQiUyMiUyMHN0eWxlJTNEJTIyZm9udC1zaXplJTNBMTVweCUzQiUyMiUyMGNsYXNzJTNEJTIyaWNvbiUyMiUyMG9uY2xpY2slM0QlMjJteUZ1bmN0aW9uJTI4JTI5JTIyJTNFJTI2JTIzOTc3NiUzQiUzQyUyRmElM0UlMEElM0MlMkZkaXYlM0UlMEElMEElM0NzY3JpcHQlM0UlMEFmdW5jdGlvbiUyMG15RnVuY3Rpb24lMjglMjklMjAlN0IlMEElMjAlMjAlMjAlMjB2YXIlMjB4JTIwJTNEJTIwZG9jdW1lbnQuZ2V0RWxlbWVudEJ5SWQlMjglMjJteVRvcG5hdiUyMiUyOSUzQiUwQSUyMCUyMCUyMCUyMGlmJTIwJTI4eC5jbGFzc05hbWUlMjAlM0QlM0QlM0QlMjAlMjJ0b3BuYXYlMjIlMjklMjAlN0IlMEElMjAlMjAlMjAlMjAlMjAlMjAlMjAlMjB4LmNsYXNzTmFtZSUyMCUyQiUzRCUyMCUyMiUyMHJlc3BvbnNpdmUlMjIlM0IlMEElMjAlMjAlMjAlMjAlN0QlMjBlbHNlJTIwJTdCJTBBJTIwJTIwJTIwJTIwJTIwJTIwJTIwJTIweC5jbGFzc05hbWUlMjAlM0QlMjAlMjJ0b3BuYXYlMjIlM0IlMEElMjAlMjAlMjAlMjAlN0QlMEElN0QlMEElM0MlMkZzY3JpcHQlM0U=[\/vc_raw_html][\/vc_column][\/vc_row][vc_row][vc_column width=&#8221;1\/1&#8243;][\/vc_column][\/vc_row][vc_row bg_color=&#8221;#efefef&#8221; top_padding=&#8221;20&#8243; bottom_padding=&#8221;20&#8243;][vc_column width=&#8221;1\/1&#8243;][\/vc_column][\/vc_row][vc_row top_padding=&#8221;40&#8243; bottom_padding=&#8221;40&#8243;][vc_column width=&#8221;1\/1&#8243;][vc_column_text]Kickoff Meeting 13-14 martie 2018 \u00cen perioada 13-14 Martie 2018, a avut loc kickoff meeting, la care au participat din partea Icpe: Paul Minciunescu, Bogdan V\u0103r\u0103ticeanu, Nicolescu Constantin, Mihaela Chefneux \u015fi din partea STAM: Stefano Ellero, Mony Khosravi. S-a propus ca data de \u00eencepere a proiectului s\u0103 fie 02 Aprilie 2018. [\/vc_column_text][vc_column_text]COILTECH 2018 26-27 septembrie 2018 \u00cen perioada 26.09.2018-27.09.2018 s-a deplasat la Pordenone (Italia) Silviu Matei pentru a participa la expozi\u021bia \u0219i conferin\u021ba COILTECH 2018. [\/vc_column_text][vc_column_text]Progress meeting 16 noiembrie 2018 \u00cen data de 16.11.2018 a avut loc \u201eProgress meeting\u201d \u00een care s-au analizat rezultatele ob\u021binute p\u00e2n\u0103 \u00een prezent de ICPE. Aceste rezultate au constat \u00een finalizarea WP1 Analysis of Application Requirements and selection of the electrical motors design \u0219i contribu\u021biile la WP2 si WP3 care au fost analizate \u00een detaliu. De asemenea s-au stabilit urm\u0103torii pa\u0219i de urmat. Participan\u021bi: Paul Minciunescu (Icpe) Bogdan Varaticeanu (Icpe) Alberto Landini (STAM) Mony Khosravi (STAM)[\/vc_column_text][vc_column_text]Publicare articol In revista EEA nr. 4 (octombrie-decembrie 2018) a fost publicat articolul \u201cModern Methods Organizing for Servomotor Production \u201c autor Mihai Diaconu membru al echipei de cercetare R4Win. [\/vc_column_text][vc_column_text]FIAE 2019 18 martie 2018 Mihai Neacsu a participat la Forumul [&hellip;]<\/p>\n","protected":false},"author":2,"featured_media":0,"parent":19953,"menu_order":260,"comment_status":"closed","ping_status":"closed","template":"","meta":[],"folder":[62],"_links":{"self":[{"href":"http:\/\/www.icpe.ro\/ro\/wp-json\/wp\/v2\/pages\/19963"}],"collection":[{"href":"http:\/\/www.icpe.ro\/ro\/wp-json\/wp\/v2\/pages"}],"about":[{"href":"http:\/\/www.icpe.ro\/ro\/wp-json\/wp\/v2\/types\/page"}],"author":[{"embeddable":true,"href":"http:\/\/www.icpe.ro\/ro\/wp-json\/wp\/v2\/users\/2"}],"replies":[{"embeddable":true,"href":"http:\/\/www.icpe.ro\/ro\/wp-json\/wp\/v2\/comments?post=19963"}],"version-history":[{"count":0,"href":"http:\/\/www.icpe.ro\/ro\/wp-json\/wp\/v2\/pages\/19963\/revisions"}],"up":[{"embeddable":true,"href":"http:\/\/www.icpe.ro\/ro\/wp-json\/wp\/v2\/pages\/19953"}],"wp:attachment":[{"href":"http:\/\/www.icpe.ro\/ro\/wp-json\/wp\/v2\/media?parent=19963"}],"wp:term":[{"taxonomy":"folder","embeddable":true,"href":"http:\/\/www.icpe.ro\/ro\/wp-json\/wp\/v2\/folder?post=19963"}],"curies":[{"name":"wp","href":"https:\/\/api.w.org\/{rel}","templated":true}]}}