{"id":19935,"date":"2018-10-11T08:49:54","date_gmt":"2018-10-11T05:49:54","guid":{"rendered":"http:\/\/www.icpe.ro\/ro\/?page_id=19935"},"modified":"2018-10-18T11:37:48","modified_gmt":"2018-10-18T08:37:48","slug":"arhiva-evenimentelor","status":"publish","type":"page","link":"http:\/\/www.icpe.ro\/ro\/arhiva-evenimentelor\/","title":{"rendered":"Arhiva evenimentelor"},"content":{"rendered":"<p>[vc_row][vc_column width=&#8221;1\/1&#8243;][vc_column_text]<\/p>\n<h3><span style=\"color: #0000ff;\">\u00cen curs de actualizare &#8230;<\/span><\/h3>\n<p>[\/vc_column_text][\/vc_column][\/vc_row][vc_row type=&#8221;full_width_section&#8221; class=&#8221;vc_hidden-lg vc_hidden-md vc_hidden-sm vc_hidden-xs&#8221;][vc_column][vc_column_text]ANUL 2018[\/vc_column_text][vc_tta_tabs color=&#8221;chino&#8221; active_section=&#8221;1&#8243;][vc_tta_section add_icon=&#8221;true&#8221; title=&#8221;Evenimentul 1&#8243; tab_id=&#8221;1539260747788-75d7e54d-044e&#8221;][\/vc_tta_section][vc_tta_section i_position=&#8221;right&#8221; i_type=&#8221;typicons&#8221; add_icon=&#8221;true&#8221; title=&#8221;Evenimentul 2&#8243; tab_id=&#8221;1539251720646-d57c8417-ddd1&#8243;]<style>#count-down-wrap-4330 .ult_countdown-amount { font-weight:normal;  font-family : ;\tcolor: ; } #count-down-wrap-4330 .ult_countdown-period{font-weight:normal;\tcolor: ;\tfont-family: ;}<\/style><div \" data-ultimate-target='#count-down-wrap-4330 .ult_countdown-period'  data-responsive-json-new='{\"font-size\":\"desktop:13px;\",\"line-height\":\"\"}' \" class=\"ult-responsive ult_countdown   ult-cd-s1\"><div id=\"count-down-wrap-4330\"  class=\"ult-responsive ult_countdown-div ult_countdown-dateAndTime ult-usrtz\" data-labels=\"Ani,Luni,S\u0103pt\u0103m\u00e2ni,Zile,Ore,Minute,Secunde\" data-labels2=\"An,Lun\u0103,S\u0103pt\u0103m\u00e2n\u0103,Zi,Or\u0103,Minut,Secund\u0103\"  data-terminal-date=\"2018\/10\/18 14:03:54\" data-countformat=\"YOWDHMS\" data-time-zone=\"3\" data-time-now=\"2026\/04\/18 07:47:11\"  data-tick-col=\"\"   data-ultimate-target='#count-down-wrap-4330 .ult_countdown-amount'  data-responsive-json-new='{\"font-size\":\"desktop:36px;\",\"line-height\":\"\"}'  data-tick-p-col=\"\" data-br-color=\"#479de8\" data-br-style=\"solid\" data-br-size=\"4\"  data-tick-style=\"font-weight:normal;\"  data-tick-p-style=\"\"  data-bg-color=\"#ffffff\" data-br-radius=\"4\" data-padd=\"6\" >2018\/10\/18 14:03:54<\/div><\/div>[\/vc_tta_section][vc_tta_section add_icon=&#8221;true&#8221; title=&#8221;Evenimentul 3&#8243; tab_id=&#8221;1539252048051-0213c672-bdda&#8221;]<div class=\"latest-blog-modern clearfix\"><ul class=\"latest-blog-list-modern\"><li>\n\t\t\t  \t\t<a href=\"http:\/\/www.icpe.ro\/ro\/spatii-de-inchiriat\/\" title=\"Spa\u021bii de \u00eenchiriat\">\n\t\t\t  \t\t\t<span>August 30, 2023<\/span>\n\t\t\t\t\t\t<h4>Spa\u021bii de \u00eenchiriat<\/h4>\n\t\t\t\t\t<\/a>\n\t\t\t\t<\/li><li>\n\t\t\t  \t\t<a href=\"http:\/\/www.icpe.ro\/ro\/icpe-organizeaza-concurs-pentru-titlul-de-cercetator-stiintific-metodologie\/\" title=\"Icpe organizeaz\u0103 concurs pentru titlul de cercet\u0103tor \u0219tiin\u021bific (metodologie)\">\n\t\t\t  \t\t\t<span>September 25, 2021<\/span>\n\t\t\t\t\t\t<h4>Icpe organizeaz\u0103 concurs pentru titlul de cercet\u0103tor \u0219tiin\u021bific (metodologie)<\/h4>\n\t\t\t\t\t<\/a>\n\t\t\t\t<\/li><li>\n\t\t\t  \t\t<a href=\"http:\/\/www.icpe.ro\/ro\/vino-in-echipa-icpe\/\" title=\"Vino \u00een echipa ICPE\">\n\t\t\t  \t\t\t<span>September 09, 2021<\/span>\n\t\t\t\t\t\t<h4>Vino \u00een echipa ICPE<\/h4>\n\t\t\t\t\t<\/a>\n\t\t\t\t<\/li><li>\n\t\t\t  \t\t<a href=\"http:\/\/www.icpe.ro\/ro\/anunt-privind-convocarea-adunarii-generale-a-actionarilor-icpe-sa-pentru-data-de-23-24-august-2021\/\" title=\"Anun\u021b privind convocarea Adun\u0103rii Generale a Ac\u021bionarilor ICPE SA pentru data de 23\/24 august 2021\">\n\t\t\t  \t\t\t<span>July 20, 2021<\/span>\n\t\t\t\t\t\t<h4>Anun\u021b privind convocarea Adun\u0103rii Generale a Ac\u021bionarilor ICPE SA pentru data de 23\/24 august 2021<\/h4>\n\t\t\t\t\t<\/a>\n\t\t\t\t<\/li><\/ul><\/div>[\/vc_tta_section][\/vc_tta_tabs][vc_column_text]ANUL 2017[\/vc_column_text][vc_tta_tabs style=&#8221;flat&#8221; shape=&#8221;square&#8221; color=&#8221;chino&#8221; alignment=&#8221;center&#8221; active_section=&#8221;1&#8243;][vc_tta_section title=&#8221;Evenimentul 4&#8243; tab_id=&#8221;1539260791060-f78d3cbc-bd7b&#8221;][\/vc_tta_section][vc_tta_section title=&#8221;Evenimentul 5&#8243; tab_id=&#8221;1539260798399-b1f21c86-4106&#8243;]<div id=\"uvc-type-wrap-9247\"  data-ultimate-target='#uvc-type-wrap-9247'  data-responsive-json-new='{\"font-size\":\"desktop:40px;\",\"line-height\":\"desktop:50px;\"}'  class=\"uvc-type-wrap  ult-adjust-bottom-margin ult-responsive  uvc-type-align-center  uvc-wrap-205757902869e30ccfd1edb\" style=\"font-family:'Stint Ultra Condensed';font-weight:300;text-align:center;\"><span  data-ultimate-target='#uvc-type-wrap-9247 .mycustfancy'  data-responsive-json-new='{\"font-size\":\"\",\"line-height\":\"\"}'  class=\"ultimate-typewriter-prefix mycustfancy ult-responsive\" style=\"font-weight:normal;\">Informa\u0163ii <\/span><span id=\"typed-205757902869e30ccfd1edb\" class=\"ultimate-typed-main \" style=\"color:#255bed;\"><\/span><span  data-ultimate-target='#uvc-type-wrap-9247 .mycustfancy'  data-responsive-json-new='{\"font-size\":\"\",\"line-height\":\"\"}'  class=\"ultimate-typewriter-suffix mycustfancy ult-responsive\" style=\"font-weight:normal;\"> pentru anul 2019<\/span><script type=\"text\/javascript\"> jQuery(function($){ $(\"#typed-205757902869e30ccfd1edb\").typed({\n\t\t\t\t\t\t\t\tstrings: [\"Noile ma\u015fini hibrid ale viitorului\"],\n\t\t\t\t\t\t\t\ttypeSpeed: 50,\n\t\t\t\t\t\t\t\tbackSpeed: 50,\n\t\t\t\t\t\t\t\tstartDelay: 200,\n\t\t\t\t\t\t\t\tbackDelay: 1500,\n\t\t\t\t\t\t\t\tloop: true,\n\t\t\t\t\t\t\t\tloopCount: false,\n\t\t\t\t\t\t\t\tshowCursor: true,\n\t\t\t\t\t\t\t\tcursorChar: \"|\",\n\t\t\t\t\t\t\t\tattr: null\n\t\t\t\t\t\t\t});\n\t\t\t\t\t\t});\n\t\t\t\t\t<\/script><\/div>[\/vc_tta_section][vc_tta_section title=&#8221;Evenimentul 6&#8243; tab_id=&#8221;1539260799729-dd12f4e7-4ef3&#8243;][\/vc_tta_section][vc_tta_section title=&#8221;Evenimentul 7&#8243; tab_id=&#8221;1539260800848-60dbd065-e6a3&#8243;][\/vc_tta_section][\/vc_tta_tabs][\/vc_column][\/vc_row][vc_row type=&#8221;full_width_section&#8221;][\/vc_row][vc_row][vc_column][vc_column_text]<\/p>\n<p>[\/vc_column_text][\/vc_column][\/vc_row][vc_row top_padding=&#8221;40&#8243; bottom_padding=&#8221;40&#8243; class=&#8221;vc_hidden-lg vc_hidden-md vc_hidden-sm vc_hidden-xs&#8221;][vc_column width=&#8221;1\/1&#8243;][vc_tta_tour style=&#8221;flat&#8221; shape=&#8221;square&#8221; color=&#8221;chino&#8221; alignment=&#8221;center&#8221; active_section=&#8221;1&#8243;][vc_tta_section title=&#8221;Evenimentul 1&#8243; tab_id=&#8221;1486724401779-0a2349b1-342f&#8221;][vc_column_text]<\/p>\n<h4><span style=\"color: #ff0000;\"><strong>Evenimentul 1<\/strong><\/span><\/h4>\n<p>[\/vc_column_text][\/vc_tta_section][vc_tta_section i_icon_fontawesome=&#8221;fa fa-gitlab&#8221; add_icon=&#8221;true&#8221; title=&#8221;Evenimentul 2&#8243; tab_id=&#8221;1486724812367-c7df5636-b0c5&#8243;][vc_column_text]<\/p>\n<h3><span style=\"color: #00ff00;\"><strong>Evenimentul 2<\/strong><\/span><\/h3>\n<p>[\/vc_column_text][\/vc_tta_section][vc_tta_section i_position=&#8221;right&#8221; i_icon_fontawesome=&#8221;fa fa-wpbeginner&#8221; add_icon=&#8221;true&#8221; title=&#8221;Evenimentul 3&#8243; tab_id=&#8221;1486725305137-0359eb08-70e5&#8243;][vc_column_text]<\/p>\n<h2><span style=\"color: #000000;\"><strong><span style=\"color: #0000ff;\">Evenimentul 3<\/span><br \/>\n<\/strong><\/span><\/h2>\n<p>[\/vc_column_text][\/vc_tta_section][\/vc_tta_tour][\/vc_column][\/vc_row]<\/p>\n","protected":false},"excerpt":{"rendered":"<p>[vc_row][vc_column width=&#8221;1\/1&#8243;][vc_column_text] \u00cen curs de actualizare &#8230; [\/vc_column_text][\/vc_column][\/vc_row][vc_row type=&#8221;full_width_section&#8221; class=&#8221;vc_hidden-lg vc_hidden-md vc_hidden-sm vc_hidden-xs&#8221;][vc_column][vc_column_text]ANUL 2018[\/vc_column_text][vc_tta_tabs color=&#8221;chino&#8221; active_section=&#8221;1&#8243;][vc_tta_section add_icon=&#8221;true&#8221; title=&#8221;Evenimentul 1&#8243; tab_id=&#8221;1539260747788-75d7e54d-044e&#8221;][\/vc_tta_section][vc_tta_section i_position=&#8221;right&#8221; i_type=&#8221;typicons&#8221; add_icon=&#8221;true&#8221; title=&#8221;Evenimentul 2&#8243; tab_id=&#8221;1539251720646-d57c8417-ddd1&#8243;][\/vc_tta_section][vc_tta_section add_icon=&#8221;true&#8221; title=&#8221;Evenimentul 3&#8243; tab_id=&#8221;1539252048051-0213c672-bdda&#8221;][\/vc_tta_section][\/vc_tta_tabs][vc_column_text]ANUL 2017[\/vc_column_text][vc_tta_tabs style=&#8221;flat&#8221; shape=&#8221;square&#8221; color=&#8221;chino&#8221; alignment=&#8221;center&#8221; active_section=&#8221;1&#8243;][vc_tta_section title=&#8221;Evenimentul 4&#8243; tab_id=&#8221;1539260791060-f78d3cbc-bd7b&#8221;][\/vc_tta_section][vc_tta_section title=&#8221;Evenimentul 5&#8243; tab_id=&#8221;1539260798399-b1f21c86-4106&#8243;][\/vc_tta_section][vc_tta_section title=&#8221;Evenimentul 6&#8243; tab_id=&#8221;1539260799729-dd12f4e7-4ef3&#8243;][\/vc_tta_section][vc_tta_section title=&#8221;Evenimentul 7&#8243; tab_id=&#8221;1539260800848-60dbd065-e6a3&#8243;][\/vc_tta_section][\/vc_tta_tabs][\/vc_column][\/vc_row][vc_row type=&#8221;full_width_section&#8221;][\/vc_row][vc_row][vc_column][vc_column_text] [\/vc_column_text][\/vc_column][\/vc_row][vc_row top_padding=&#8221;40&#8243; bottom_padding=&#8221;40&#8243; class=&#8221;vc_hidden-lg vc_hidden-md vc_hidden-sm vc_hidden-xs&#8221;][vc_column width=&#8221;1\/1&#8243;][vc_tta_tour style=&#8221;flat&#8221; shape=&#8221;square&#8221; color=&#8221;chino&#8221; alignment=&#8221;center&#8221; active_section=&#8221;1&#8243;][vc_tta_section title=&#8221;Evenimentul 1&#8243; tab_id=&#8221;1486724401779-0a2349b1-342f&#8221;][vc_column_text] Evenimentul 1 [\/vc_column_text][\/vc_tta_section][vc_tta_section i_icon_fontawesome=&#8221;fa fa-gitlab&#8221; add_icon=&#8221;true&#8221; title=&#8221;Evenimentul 2&#8243; tab_id=&#8221;1486724812367-c7df5636-b0c5&#8243;][vc_column_text] Evenimentul 2 [\/vc_column_text][\/vc_tta_section][vc_tta_section i_position=&#8221;right&#8221; i_icon_fontawesome=&#8221;fa fa-wpbeginner&#8221; add_icon=&#8221;true&#8221; title=&#8221;Evenimentul 3&#8243; tab_id=&#8221;1486725305137-0359eb08-70e5&#8243;][vc_column_text] Evenimentul 3 [\/vc_column_text][\/vc_tta_section][\/vc_tta_tour][\/vc_column][\/vc_row]<\/p>\n","protected":false},"author":2,"featured_media":0,"parent":0,"menu_order":0,"comment_status":"closed","ping_status":"closed","template":"","meta":[],"folder":[],"_links":{"self":[{"href":"http:\/\/www.icpe.ro\/ro\/wp-json\/wp\/v2\/pages\/19935"}],"collection":[{"href":"http:\/\/www.icpe.ro\/ro\/wp-json\/wp\/v2\/pages"}],"about":[{"href":"http:\/\/www.icpe.ro\/ro\/wp-json\/wp\/v2\/types\/page"}],"author":[{"embeddable":true,"href":"http:\/\/www.icpe.ro\/ro\/wp-json\/wp\/v2\/users\/2"}],"replies":[{"embeddable":true,"href":"http:\/\/www.icpe.ro\/ro\/wp-json\/wp\/v2\/comments?post=19935"}],"version-history":[{"count":0,"href":"http:\/\/www.icpe.ro\/ro\/wp-json\/wp\/v2\/pages\/19935\/revisions"}],"wp:attachment":[{"href":"http:\/\/www.icpe.ro\/ro\/wp-json\/wp\/v2\/media?parent=19935"}],"wp:term":[{"taxonomy":"folder","embeddable":true,"href":"http:\/\/www.icpe.ro\/ro\/wp-json\/wp\/v2\/folder?post=19935"}],"curies":[{"name":"wp","href":"https:\/\/api.w.org\/{rel}","templated":true}]}}