{"id":19890,"date":"2018-08-08T14:17:08","date_gmt":"2018-08-08T11:17:08","guid":{"rendered":"http:\/\/www.icpe.ro\/ro\/?page_id=19890"},"modified":"2019-04-10T10:46:29","modified_gmt":"2019-04-10T07:46:29","slug":"contact","status":"publish","type":"page","link":"http:\/\/www.icpe.ro\/ro\/eteacher\/contact\/","title":{"rendered":"Contact"},"content":{"rendered":"<p>[vc_row type=&#8221;full_width_section&#8221;][vc_column width=&#8221;1\/1&#8243;][vc_raw_html]JTNDc3R5bGUlM0UlMEEudG9wbmF2JTIwJTdCJTBBJTBBJTIwJTIwJTIwJTIwbGlzdC1zdHlsZSUzQW5vbmUlM0IlMEElMjAlMjAlMjAlMjBtYXJnaW4lM0EwJTNCJTBBJTIwJTIwJTIwJTIwcGFkZGluZyUzQTAlM0IlMEElMjAlMjAlMjAlMjB0ZXh0LWFsaWduJTNBY2VudGVyJTNCJTBBJTdEJTBBJTBBLnRvcG5hdiUyMGxpJTIwJTdCJTBBJTIwJTIwZGlzcGxheSUzQWlubGluZSUzQiUwQSU3RCUwQSUwQS50b3BuYXYlMjBhJTdCJTBBJTIwJTIwZGlzcGxheSUzQWlubGluZS1ibG9jayUzQiUwQSUyMCUyMGNvbG9yJTNBJTIwJTIzMDAwJTNCJTBBJTIwJTIwJTIwJTIwcGFkZGluZyUzQTE4cHglMjAzNnB4JTNCJTBBJTIwJTIwZm9udC1zaXplJTNBMTdweCUzQiUwQSU3RCUwQS50b3BuYXYlMjBhJTNBaG92ZXIlMjAlN0IlMEElMjAlMjBiYWNrZ3JvdW5kLWNvbG9yJTNBJTIwJTIzZGRkJTNCJTBBJTIwJTIwY29sb3IlM0ElMjBibGFjayUzQiUwQSU3RCUwQSUwQS50b3BuYXYlMjAuaWNvbiUyMCU3QiUwQSUyMCUyMGRpc3BsYXklM0ElMjBub25lJTNCJTBBJTdEJTBBLmFjdGl2ZSUyMCU3QiUwQSUyMCUyMCUyMCUyMGJhY2tncm91bmQtY29sb3IlM0ElMjAlMjNmN2Y3ZjclM0IlMEElMjAlMjAlMjAlMjBmb250LXdlaWdodCUzQSUyMGJvbGQlM0IlMEElN0QlMEElMEElNDBtZWRpYSUyMHNjcmVlbiUyMGFuZCUyMCUyOG1heC13aWR0aCUzQSUyMDYwMHB4JTI5JTIwJTdCJTBBJTIwJTIwLnRvcG5hdiUyMGElM0Fub3QlMjglM0FmaXJzdC1jaGlsZCUyOSUyMCU3QmRpc3BsYXklM0ElMjBub25lJTNCJTdEJTBBJTIwJTIwLnRvcG5hdiUyMGEuaWNvbiUyMCU3QiUwQSUyMCUyMCUyMCUyMGZsb2F0JTNBJTIwcmlnaHQlM0IlMEElMjAlMjAlMjAlMjBkaXNwbGF5JTNBJTIwYmxvY2slM0IlMEElMjAlMjAlN0QlMEElN0QlMEElMEElNDBtZWRpYSUyMHNjcmVlbiUyMGFuZCUyMCUyOG1heC13aWR0aCUzQSUyMDYwMHB4JTI5JTIwJTdCJTBBJTIwJTIwLnRvcG5hdi5yZXNwb25zaXZlJTIwJTdCcG9zaXRpb24lM0ElMjByZWxhdGl2ZSUzQiU3RCUwQSUyMCUyMC50b3BuYXYucmVzcG9uc2l2ZSUyMC5pY29uJTIwJTdCJTBBJTIwJTIwJTIwJTIwcG9zaXRpb24lM0ElMjBhYnNvbHV0ZSUzQiUwQSUyMCUyMCUyMCUyMHJpZ2h0JTNBJTIwMCUzQiUwQSUyMCUyMCUyMCUyMHRvcCUzQSUyMDAlM0IlMEElMjAlMjAlN0QlMEElMjAlMjAudG9wbmF2LnJlc3BvbnNpdmUlMjBhJTIwJTdCJTBBJTIwJTIwJTIwJTIwZmxvYXQlM0ElMjBub25lJTNCJTBBJTIwJTIwJTIwJTIwZGlzcGxheSUzQSUyMGJsb2NrJTNCJTBBJTIwJTIwJTIwJTIwdGV4dC1hbGlnbiUzQSUyMGxlZnQlM0IlMEElMjAlMjAlN0QlMEElMEElN0QlMEElM0MlMkZzdHlsZSUzRSUwQSUwQSUwQSUwQSUzQ2RpdiUyMGNsYXNzJTNEJTIydG9wbmF2JTIyJTIwaWQlM0QlMjJteVRvcG5hdiUyMiUzRSUwQSUyMCUyMCUzQ2ElMjBocmVmJTNEJTIyaHR0cCUzQSUyRiUyRnd3dy5pY3BlLnJvJTJGcm8lMkZldGVhY2hlciUyRiUyMiUzRUFjYXMlQzQlODMlM0MlMkZhJTNFJTBBJTIwJTIwJTNDYSUyMGhyZWYlM0QlMjJodHRwJTNBJTJGJTJGd3d3LmljcGUucm8lMkZybyUyRmV0ZWFjaGVyJTJGZGVzcHJlLXByb2llY3QlMkYlMjIlM0VEZXNwcmUlMjBwcm9pZWN0JTNDJTJGYSUzRSUwQSUyMCUyMCUzQ2ElMjBocmVmJTNEJTIyaHR0cCUzQSUyRiUyRnd3dy5pY3BlLnJvJTJGcm8lMkZldGVhY2hlciUyRmNvbnNvcnRpdSUyRiUyMiUzRUNvbnNvciVDNSVBM2l1JTNDJTJGYSUzRSUwQSUyMCUyMCUzQ2ElMjBocmVmJTNEJTIyaHR0cCUzQSUyRiUyRnd3dy5pY3BlLnJvJTJGcm8lMkZldGVhY2hlciUyRmV0YXBlJTJGJTIyJTNFUGFjaGV0ZSUyMGRlJTIwbHVjcnUlM0MlMkZhJTNFJTBBJTIwJTIwJTNDYSUyMGhyZWYlM0QlMjJodHRwJTNBJTJGJTJGd3d3LmljcGUucm8lMkZybyUyRmV0ZWFjaGVyJTJGbm91dGF0aSUyRiUyMiUzRU5vdXQlQzQlODMlQzUlQTNpJTNDJTJGYSUzRSUwQSUyMCUyMCUzQ2ElMjBocmVmJTNEJTIyaHR0cCUzQSUyRiUyRnd3dy5pY3BlLnJvJTJGcm8lMkZldGVhY2hlciUyRmNvbnRhY3QlMkYlMjIlM0VDb250YWN0JTNDJTJGYSUzRSUwQSUyMCUyMCUzQ2xpJTIwc3R5bGUlM0QlMjJmbG9hdCUzQXJpZ2h0JTIyJTNFJTNDYSUyMGNsYXNzJTNEJTIyYWN0aXZlJTIyJTIwaHJlZiUzRCUyMmh0dHAlM0ElMkYlMkZ3d3cuaWNwZS5ybyUyRmV0ZWFjaGVyJTJGJTIyJTNFRU4lM0MlMkZhJTNFJTNDJTJGbGklM0UlMEElMEElMEElMjAlMjAlM0NhJTIwaHJlZiUzRCUyMmphdmFzY3JpcHQlM0F2b2lkJTI4MCUyOSUzQiUyMiUyMHN0eWxlJTNEJTIyZm9udC1zaXplJTNBMTVweCUzQiUyMiUyMGNsYXNzJTNEJTIyaWNvbiUyMiUyMG9uY2xpY2slM0QlMjJteUZ1bmN0aW9uJTI4JTI5JTIyJTNFJTI2JTIzOTc3NiUzQiUzQyUyRmElM0UlMEElM0MlMkZkaXYlM0UlMEElMEElM0NzY3JpcHQlM0UlMEFmdW5jdGlvbiUyMG15RnVuY3Rpb24lMjglMjklMjAlN0IlMEElMjAlMjAlMjAlMjB2YXIlMjB4JTIwJTNEJTIwZG9jdW1lbnQuZ2V0RWxlbWVudEJ5SWQlMjglMjJteVRvcG5hdiUyMiUyOSUzQiUwQSUyMCUyMCUyMCUyMGlmJTIwJTI4eC5jbGFzc05hbWUlMjAlM0QlM0QlM0QlMjAlMjJ0b3BuYXYlMjIlMjklMjAlN0IlMEElMjAlMjAlMjAlMjAlMjAlMjAlMjAlMjB4LmNsYXNzTmFtZSUyMCUyQiUzRCUyMCUyMiUyMHJlc3BvbnNpdmUlMjIlM0IlMEElMjAlMjAlMjAlMjAlN0QlMjBlbHNlJTIwJTdCJTBBJTIwJTIwJTIwJTIwJTIwJTIwJTIwJTIweC5jbGFzc05hbWUlMjAlM0QlMjAlMjJ0b3BuYXYlMjIlM0IlMEElMjAlMjAlMjAlMjAlN0QlMEElN0QlMEElM0MlMkZzY3JpcHQlM0U=[\/vc_raw_html][\/vc_column][\/vc_row][vc_row][vc_column width=&#8221;1\/1&#8243;]<div class=\"single_image wpb_content_element align-center    \" data-animation=\"none\" data-delay=\"0\"><img width=\"466\" height=\"236\" src=\"http:\/\/www.icpe.ro\/ro\/wp-content\/uploads\/2018\/08\/eteacher-e1533791426112.jpg\" class=\"attachment-full\" alt=\"\" loading=\"lazy\" srcset=\"http:\/\/www.icpe.ro\/ro\/wp-content\/uploads\/2018\/08\/eteacher-e1533791426112.jpg 466w, http:\/\/www.icpe.ro\/ro\/wp-content\/uploads\/2018\/08\/eteacher-e1533791426112-300x152.jpg 300w\" sizes=\"(max-width: 466px) 100vw, 466px\" \/><\/div>[\/vc_column][\/vc_row][vc_row bg_color=&#8221;#efefef&#8221; top_padding=&#8221;20&#8243; bottom_padding=&#8221;20&#8243;][vc_column width=&#8221;1\/1&#8243;]<h1 class=\"headline font-inherit fontsize-m fontweight-700 lh-inherit align-center transform-inherit \" style=\"margin: 0 0 0 0;\">Contact<\/h1>[\/vc_column][\/vc_row][vc_row top_padding=&#8221;40&#8243; bottom_padding=&#8221;40&#8243;][vc_column text_align=&#8221;center&#8221; width=&#8221;1\/1&#8243;][vc_column_text]<strong>Manager de proiect<\/strong><br \/>\n<strong>&#8212;<\/strong><br \/>\n<strong>Paula ANGHELI\u021a\u0102<\/strong><br \/>\n<strong>+4021 589 3386<\/strong><br \/>\n<a href=\"mailto:p.anghelita@icpe.ro\"><strong>p.anghelita@icpe.ro<\/strong><\/a><br \/>\n<strong>Icpe | Splaiul Unirii 313, 030138 &#8211; Bucure\u0219ti, ROM\u00c2NIA<\/strong>[\/vc_column_text][\/vc_column][\/vc_row][vc_row bg_type=&#8221;bg_color&#8221; ult_hide_row=&#8221;ult_hide_row_value&#8221; ult_hide_row_tablet=&#8221;tablet&#8221; ult_hide_row_tablet_small=&#8221;xs_tablet&#8221; ult_hide_row_mobile=&#8221;mobile&#8221; ult_hide_row_mobile_large=&#8221;xl_mobile&#8221;][vc_column width=&#8221;1\/1&#8243;]<div class=\"spacer\" style=\"height: 200px;\"><\/div>[\/vc_column][\/vc_row][vc_row bg_color=&#8221;#262626&#8243; top_padding=&#8221;70&#8243; bottom_padding=&#8221;70&#8243; bg_type=&#8221;bg_color&#8221;][vc_column width=&#8221;1\/2&#8243;][vc_column_text]\u00a9 Icpe | Tehnologii pentru dezvoltare durabil\u0103<br \/>\n<a href=\"http:\/\/www.icpe.ro\/ro\/termeni\" target=\"_blank\" rel=\"noopener\">Termeni \u015fi Condi\u0163ii<\/a>[\/vc_column_text][\/vc_column][vc_column text_align=&#8221;center&#8221; width=&#8221;1\/2&#8243;]<a href=\"http:\/\/www.icpe.ro\/ro\/institutul\/proiecte\/\" target=\"_blank\" class=\"button color-3 small \" style=\"border-radius: 2px;\">Vezi mai multe proiecte<\/a>[\/vc_column][\/vc_row]<\/p>\n","protected":false},"excerpt":{"rendered":"<p>[vc_row type=&#8221;full_width_section&#8221;][vc_column width=&#8221;1\/1&#8243;][vc_raw_html]JTNDc3R5bGUlM0UlMEEudG9wbmF2JTIwJTdCJTBBJTBBJTIwJTIwJTIwJTIwbGlzdC1zdHlsZSUzQW5vbmUlM0IlMEElMjAlMjAlMjAlMjBtYXJnaW4lM0EwJTNCJTBBJTIwJTIwJTIwJTIwcGFkZGluZyUzQTAlM0IlMEElMjAlMjAlMjAlMjB0ZXh0LWFsaWduJTNBY2VudGVyJTNCJTBBJTdEJTBBJTBBLnRvcG5hdiUyMGxpJTIwJTdCJTBBJTIwJTIwZGlzcGxheSUzQWlubGluZSUzQiUwQSU3RCUwQSUwQS50b3BuYXYlMjBhJTdCJTBBJTIwJTIwZGlzcGxheSUzQWlubGluZS1ibG9jayUzQiUwQSUyMCUyMGNvbG9yJTNBJTIwJTIzMDAwJTNCJTBBJTIwJTIwJTIwJTIwcGFkZGluZyUzQTE4cHglMjAzNnB4JTNCJTBBJTIwJTIwZm9udC1zaXplJTNBMTdweCUzQiUwQSU3RCUwQS50b3BuYXYlMjBhJTNBaG92ZXIlMjAlN0IlMEElMjAlMjBiYWNrZ3JvdW5kLWNvbG9yJTNBJTIwJTIzZGRkJTNCJTBBJTIwJTIwY29sb3IlM0ElMjBibGFjayUzQiUwQSU3RCUwQSUwQS50b3BuYXYlMjAuaWNvbiUyMCU3QiUwQSUyMCUyMGRpc3BsYXklM0ElMjBub25lJTNCJTBBJTdEJTBBLmFjdGl2ZSUyMCU3QiUwQSUyMCUyMCUyMCUyMGJhY2tncm91bmQtY29sb3IlM0ElMjAlMjNmN2Y3ZjclM0IlMEElMjAlMjAlMjAlMjBmb250LXdlaWdodCUzQSUyMGJvbGQlM0IlMEElN0QlMEElMEElNDBtZWRpYSUyMHNjcmVlbiUyMGFuZCUyMCUyOG1heC13aWR0aCUzQSUyMDYwMHB4JTI5JTIwJTdCJTBBJTIwJTIwLnRvcG5hdiUyMGElM0Fub3QlMjglM0FmaXJzdC1jaGlsZCUyOSUyMCU3QmRpc3BsYXklM0ElMjBub25lJTNCJTdEJTBBJTIwJTIwLnRvcG5hdiUyMGEuaWNvbiUyMCU3QiUwQSUyMCUyMCUyMCUyMGZsb2F0JTNBJTIwcmlnaHQlM0IlMEElMjAlMjAlMjAlMjBkaXNwbGF5JTNBJTIwYmxvY2slM0IlMEElMjAlMjAlN0QlMEElN0QlMEElMEElNDBtZWRpYSUyMHNjcmVlbiUyMGFuZCUyMCUyOG1heC13aWR0aCUzQSUyMDYwMHB4JTI5JTIwJTdCJTBBJTIwJTIwLnRvcG5hdi5yZXNwb25zaXZlJTIwJTdCcG9zaXRpb24lM0ElMjByZWxhdGl2ZSUzQiU3RCUwQSUyMCUyMC50b3BuYXYucmVzcG9uc2l2ZSUyMC5pY29uJTIwJTdCJTBBJTIwJTIwJTIwJTIwcG9zaXRpb24lM0ElMjBhYnNvbHV0ZSUzQiUwQSUyMCUyMCUyMCUyMHJpZ2h0JTNBJTIwMCUzQiUwQSUyMCUyMCUyMCUyMHRvcCUzQSUyMDAlM0IlMEElMjAlMjAlN0QlMEElMjAlMjAudG9wbmF2LnJlc3BvbnNpdmUlMjBhJTIwJTdCJTBBJTIwJTIwJTIwJTIwZmxvYXQlM0ElMjBub25lJTNCJTBBJTIwJTIwJTIwJTIwZGlzcGxheSUzQSUyMGJsb2NrJTNCJTBBJTIwJTIwJTIwJTIwdGV4dC1hbGlnbiUzQSUyMGxlZnQlM0IlMEElMjAlMjAlN0QlMEElMEElN0QlMEElM0MlMkZzdHlsZSUzRSUwQSUwQSUwQSUwQSUzQ2RpdiUyMGNsYXNzJTNEJTIydG9wbmF2JTIyJTIwaWQlM0QlMjJteVRvcG5hdiUyMiUzRSUwQSUyMCUyMCUzQ2ElMjBocmVmJTNEJTIyaHR0cCUzQSUyRiUyRnd3dy5pY3BlLnJvJTJGcm8lMkZldGVhY2hlciUyRiUyMiUzRUFjYXMlQzQlODMlM0MlMkZhJTNFJTBBJTIwJTIwJTNDYSUyMGhyZWYlM0QlMjJodHRwJTNBJTJGJTJGd3d3LmljcGUucm8lMkZybyUyRmV0ZWFjaGVyJTJGZGVzcHJlLXByb2llY3QlMkYlMjIlM0VEZXNwcmUlMjBwcm9pZWN0JTNDJTJGYSUzRSUwQSUyMCUyMCUzQ2ElMjBocmVmJTNEJTIyaHR0cCUzQSUyRiUyRnd3dy5pY3BlLnJvJTJGcm8lMkZldGVhY2hlciUyRmNvbnNvcnRpdSUyRiUyMiUzRUNvbnNvciVDNSVBM2l1JTNDJTJGYSUzRSUwQSUyMCUyMCUzQ2ElMjBocmVmJTNEJTIyaHR0cCUzQSUyRiUyRnd3dy5pY3BlLnJvJTJGcm8lMkZldGVhY2hlciUyRmV0YXBlJTJGJTIyJTNFUGFjaGV0ZSUyMGRlJTIwbHVjcnUlM0MlMkZhJTNFJTBBJTIwJTIwJTNDYSUyMGhyZWYlM0QlMjJodHRwJTNBJTJGJTJGd3d3LmljcGUucm8lMkZybyUyRmV0ZWFjaGVyJTJGbm91dGF0aSUyRiUyMiUzRU5vdXQlQzQlODMlQzUlQTNpJTNDJTJGYSUzRSUwQSUyMCUyMCUzQ2ElMjBocmVmJTNEJTIyaHR0cCUzQSUyRiUyRnd3dy5pY3BlLnJvJTJGcm8lMkZldGVhY2hlciUyRmNvbnRhY3QlMkYlMjIlM0VDb250YWN0JTNDJTJGYSUzRSUwQSUyMCUyMCUzQ2xpJTIwc3R5bGUlM0QlMjJmbG9hdCUzQXJpZ2h0JTIyJTNFJTNDYSUyMGNsYXNzJTNEJTIyYWN0aXZlJTIyJTIwaHJlZiUzRCUyMmh0dHAlM0ElMkYlMkZ3d3cuaWNwZS5ybyUyRmV0ZWFjaGVyJTJGJTIyJTNFRU4lM0MlMkZhJTNFJTNDJTJGbGklM0UlMEElMEElMEElMjAlMjAlM0NhJTIwaHJlZiUzRCUyMmphdmFzY3JpcHQlM0F2b2lkJTI4MCUyOSUzQiUyMiUyMHN0eWxlJTNEJTIyZm9udC1zaXplJTNBMTVweCUzQiUyMiUyMGNsYXNzJTNEJTIyaWNvbiUyMiUyMG9uY2xpY2slM0QlMjJteUZ1bmN0aW9uJTI4JTI5JTIyJTNFJTI2JTIzOTc3NiUzQiUzQyUyRmElM0UlMEElM0MlMkZkaXYlM0UlMEElMEElM0NzY3JpcHQlM0UlMEFmdW5jdGlvbiUyMG15RnVuY3Rpb24lMjglMjklMjAlN0IlMEElMjAlMjAlMjAlMjB2YXIlMjB4JTIwJTNEJTIwZG9jdW1lbnQuZ2V0RWxlbWVudEJ5SWQlMjglMjJteVRvcG5hdiUyMiUyOSUzQiUwQSUyMCUyMCUyMCUyMGlmJTIwJTI4eC5jbGFzc05hbWUlMjAlM0QlM0QlM0QlMjAlMjJ0b3BuYXYlMjIlMjklMjAlN0IlMEElMjAlMjAlMjAlMjAlMjAlMjAlMjAlMjB4LmNsYXNzTmFtZSUyMCUyQiUzRCUyMCUyMiUyMHJlc3BvbnNpdmUlMjIlM0IlMEElMjAlMjAlMjAlMjAlN0QlMjBlbHNlJTIwJTdCJTBBJTIwJTIwJTIwJTIwJTIwJTIwJTIwJTIweC5jbGFzc05hbWUlMjAlM0QlMjAlMjJ0b3BuYXYlMjIlM0IlMEElMjAlMjAlMjAlMjAlN0QlMEElN0QlMEElM0MlMkZzY3JpcHQlM0U=[\/vc_raw_html][\/vc_column][\/vc_row][vc_row][vc_column width=&#8221;1\/1&#8243;][\/vc_column][\/vc_row][vc_row bg_color=&#8221;#efefef&#8221; top_padding=&#8221;20&#8243; bottom_padding=&#8221;20&#8243;][vc_column width=&#8221;1\/1&#8243;][\/vc_column][\/vc_row][vc_row top_padding=&#8221;40&#8243; bottom_padding=&#8221;40&#8243;][vc_column text_align=&#8221;center&#8221; width=&#8221;1\/1&#8243;][vc_column_text]Manager de proiect &#8212; Paula ANGHELI\u021a\u0102 +4021 589 3386 p.anghelita@icpe.ro Icpe | Splaiul Unirii 313, 030138 &#8211; Bucure\u0219ti, ROM\u00c2NIA[\/vc_column_text][\/vc_column][\/vc_row][vc_row bg_type=&#8221;bg_color&#8221; ult_hide_row=&#8221;ult_hide_row_value&#8221; ult_hide_row_tablet=&#8221;tablet&#8221; ult_hide_row_tablet_small=&#8221;xs_tablet&#8221; ult_hide_row_mobile=&#8221;mobile&#8221; ult_hide_row_mobile_large=&#8221;xl_mobile&#8221;][vc_column width=&#8221;1\/1&#8243;][\/vc_column][\/vc_row][vc_row bg_color=&#8221;#262626&#8243; top_padding=&#8221;70&#8243; bottom_padding=&#8221;70&#8243; bg_type=&#8221;bg_color&#8221;][vc_column width=&#8221;1\/2&#8243;][vc_column_text]\u00a9 Icpe | Tehnologii pentru dezvoltare durabil\u0103 Termeni \u015fi Condi\u0163ii[\/vc_column_text][\/vc_column][vc_column text_align=&#8221;center&#8221; width=&#8221;1\/2&#8243;][\/vc_column][\/vc_row]<\/p>\n","protected":false},"author":2,"featured_media":0,"parent":19817,"menu_order":73,"comment_status":"closed","ping_status":"closed","template":"","meta":[],"folder":[61],"_links":{"self":[{"href":"http:\/\/www.icpe.ro\/ro\/wp-json\/wp\/v2\/pages\/19890"}],"collection":[{"href":"http:\/\/www.icpe.ro\/ro\/wp-json\/wp\/v2\/pages"}],"about":[{"href":"http:\/\/www.icpe.ro\/ro\/wp-json\/wp\/v2\/types\/page"}],"author":[{"embeddable":true,"href":"http:\/\/www.icpe.ro\/ro\/wp-json\/wp\/v2\/users\/2"}],"replies":[{"embeddable":true,"href":"http:\/\/www.icpe.ro\/ro\/wp-json\/wp\/v2\/comments?post=19890"}],"version-history":[{"count":0,"href":"http:\/\/www.icpe.ro\/ro\/wp-json\/wp\/v2\/pages\/19890\/revisions"}],"up":[{"embeddable":true,"href":"http:\/\/www.icpe.ro\/ro\/wp-json\/wp\/v2\/pages\/19817"}],"wp:attachment":[{"href":"http:\/\/www.icpe.ro\/ro\/wp-json\/wp\/v2\/media?parent=19890"}],"wp:term":[{"taxonomy":"folder","embeddable":true,"href":"http:\/\/www.icpe.ro\/ro\/wp-json\/wp\/v2\/folder?post=19890"}],"curies":[{"name":"wp","href":"https:\/\/api.w.org\/{rel}","templated":true}]}}