{"id":19598,"date":"2018-03-07T11:23:58","date_gmt":"2018-03-07T08:23:58","guid":{"rendered":"http:\/\/www.icpe.ro\/ro\/?page_id=19598"},"modified":"2018-03-20T10:38:38","modified_gmt":"2018-03-20T07:38:38","slug":"despre-proiect","status":"publish","type":"page","link":"http:\/\/www.icpe.ro\/ro\/free-moby\/despre-proiect\/","title":{"rendered":"Despre proiect"},"content":{"rendered":"<p>[vc_row type=&#8221;full_width_section&#8221;][vc_column width=&#8221;1\/1&#8243;][vc_raw_html]JTNDc3R5bGUlM0UlMEEudG9wbmF2JTIwJTdCJTBBJTBBJTIwJTIwJTIwJTIwbGlzdC1zdHlsZSUzQW5vbmUlM0IlMEElMjAlMjAlMjAlMjBtYXJnaW4lM0EwJTNCJTBBJTIwJTIwJTIwJTIwcGFkZGluZyUzQTAlM0IlMEElMjAlMjAlMjAlMjB0ZXh0LWFsaWduJTNBY2VudGVyJTNCJTBBJTdEJTBBJTBBLnRvcG5hdiUyMGxpJTIwJTdCJTBBJTIwJTIwZGlzcGxheSUzQWlubGluZSUzQiUwQSU3RCUwQSUwQS50b3BuYXYlMjBhJTdCJTBBJTIwJTIwZGlzcGxheSUzQWlubGluZS1ibG9jayUzQiUwQSUyMCUyMGNvbG9yJTNBJTIwJTIzMDAwJTNCJTBBJTIwJTIwJTIwJTIwcGFkZGluZyUzQTE4cHglMjAzNnB4JTNCJTBBJTIwJTIwZm9udC1zaXplJTNBMTdweCUzQiUwQSU3RCUwQS50b3BuYXYlMjBhJTNBaG92ZXIlMjAlN0IlMEElMjAlMjBiYWNrZ3JvdW5kLWNvbG9yJTNBJTIwJTIzZGRkJTNCJTBBJTIwJTIwY29sb3IlM0ElMjBibGFjayUzQiUwQSU3RCUwQSUwQS50b3BuYXYlMjAuaWNvbiUyMCU3QiUwQSUyMCUyMGRpc3BsYXklM0ElMjBub25lJTNCJTBBJTdEJTBBLmFjdGl2ZSUyMCU3QiUwQSUyMCUyMCUyMCUyMGJhY2tncm91bmQtY29sb3IlM0ElMjAlMjNmN2Y3ZjclM0IlMEElMjAlMjAlMjAlMjBmb250LXdlaWdodCUzQSUyMGJvbGQlM0IlMEElN0QlMEElMEElNDBtZWRpYSUyMHNjcmVlbiUyMGFuZCUyMCUyOG1heC13aWR0aCUzQSUyMDYwMHB4JTI5JTIwJTdCJTBBJTIwJTIwLnRvcG5hdiUyMGElM0Fub3QlMjglM0FmaXJzdC1jaGlsZCUyOSUyMCU3QmRpc3BsYXklM0ElMjBub25lJTNCJTdEJTBBJTIwJTIwLnRvcG5hdiUyMGEuaWNvbiUyMCU3QiUwQSUyMCUyMCUyMCUyMGZsb2F0JTNBJTIwcmlnaHQlM0IlMEElMjAlMjAlMjAlMjBkaXNwbGF5JTNBJTIwYmxvY2slM0IlMEElMjAlMjAlN0QlMEElN0QlMEElMEElNDBtZWRpYSUyMHNjcmVlbiUyMGFuZCUyMCUyOG1heC13aWR0aCUzQSUyMDYwMHB4JTI5JTIwJTdCJTBBJTIwJTIwLnRvcG5hdi5yZXNwb25zaXZlJTIwJTdCcG9zaXRpb24lM0ElMjByZWxhdGl2ZSUzQiU3RCUwQSUyMCUyMC50b3BuYXYucmVzcG9uc2l2ZSUyMC5pY29uJTIwJTdCJTBBJTIwJTIwJTIwJTIwcG9zaXRpb24lM0ElMjBhYnNvbHV0ZSUzQiUwQSUyMCUyMCUyMCUyMHJpZ2h0JTNBJTIwMCUzQiUwQSUyMCUyMCUyMCUyMHRvcCUzQSUyMDAlM0IlMEElMjAlMjAlN0QlMEElMjAlMjAudG9wbmF2LnJlc3BvbnNpdmUlMjBhJTIwJTdCJTBBJTIwJTIwJTIwJTIwZmxvYXQlM0ElMjBub25lJTNCJTBBJTIwJTIwJTIwJTIwZGlzcGxheSUzQSUyMGJsb2NrJTNCJTBBJTIwJTIwJTIwJTIwdGV4dC1hbGlnbiUzQSUyMGxlZnQlM0IlMEElMjAlMjAlN0QlMEElMEElN0QlMEElM0MlMkZzdHlsZSUzRSUwQSUwQSUwQSUwQSUzQ2RpdiUyMGNsYXNzJTNEJTIydG9wbmF2JTIyJTIwaWQlM0QlMjJteVRvcG5hdiUyMiUzRSUwQSUyMCUyMCUzQ2ElMjBocmVmJTNEJTIyaHR0cCUzQSUyRiUyRnd3dy5pY3BlLnJvJTJGcm8lMkZmcmVlLW1vYnklMkYlMjIlM0VBY2FzJUM0JTgzJTNDJTJGYSUzRSUwQSUyMCUyMCUzQ2ElMjBocmVmJTNEJTIyaHR0cCUzQSUyRiUyRnd3dy5pY3BlLnJvJTJGcm8lMkZmcmVlLW1vYnklMkZkZXNwcmUtcHJvaWVjdCUyRiUyMiUzRURlc3ByZSUyMHByb2llY3QlM0MlMkZhJTNFJTBBJTIwJTIwJTNDYSUyMGhyZWYlM0QlMjJodHRwJTNBJTJGJTJGd3d3LmljcGUucm8lMkZybyUyRmZyZWUtbW9ieSUyRmNvbnNvcnRpdSUyRiUyMiUzRUNvbnNvciVDNSVBM2l1JTNDJTJGYSUzRSUwQSUyMCUyMCUzQ2ElMjBocmVmJTNEJTIyaHR0cCUzQSUyRiUyRnd3dy5pY3BlLnJvJTJGcm8lMkZmcmVlLW1vYnklMkZldGFwZSUyRiUyMiUzRVBhY2hldGUlMjBkZSUyMGx1Y3J1JTNDJTJGYSUzRSUwQSUyMCUyMCUzQ2ElMjBocmVmJTNEJTIyaHR0cCUzQSUyRiUyRnd3dy5pY3BlLnJvJTJGcm8lMkZmcmVlLW1vYnklMkZub3V0YXRpJTJGJTIyJTNFTm91dCVDNCU4MyVDNSVBM2klM0MlMkZhJTNFJTBBJTIwJTIwJTNDYSUyMGhyZWYlM0QlMjJodHRwJTNBJTJGJTJGd3d3LmljcGUucm8lMkZybyUyRmZyZWUtbW9ieSUyRmNvbnRhY3QlMkYlMjIlM0VDb250YWN0JTNDJTJGYSUzRSUwQSUyMCUyMCUzQ2xpJTIwc3R5bGUlM0QlMjJmbG9hdCUzQXJpZ2h0JTIyJTNFJTNDYSUyMGNsYXNzJTNEJTIyYWN0aXZlJTIyJTIwaHJlZiUzRCUyMmh0dHAlM0ElMkYlMkZ3d3cuaWNwZS5ybyUyRmZyZWUtbW9ieSUyRiUyMiUzRUVOJTNDJTJGYSUzRSUzQyUyRmxpJTNFJTBBJTBBJTBBJTIwJTIwJTNDYSUyMGhyZWYlM0QlMjJqYXZhc2NyaXB0JTNBdm9pZCUyODAlMjklM0IlMjIlMjBzdHlsZSUzRCUyMmZvbnQtc2l6ZSUzQTE1cHglM0IlMjIlMjBjbGFzcyUzRCUyMmljb24lMjIlMjBvbmNsaWNrJTNEJTIybXlGdW5jdGlvbiUyOCUyOSUyMiUzRSUyNiUyMzk3NzYlM0IlM0MlMkZhJTNFJTBBJTNDJTJGZGl2JTNFJTBBJTBBJTNDc2NyaXB0JTNFJTBBZnVuY3Rpb24lMjBteUZ1bmN0aW9uJTI4JTI5JTIwJTdCJTBBJTIwJTIwJTIwJTIwdmFyJTIweCUyMCUzRCUyMGRvY3VtZW50LmdldEVsZW1lbnRCeUlkJTI4JTIybXlUb3BuYXYlMjIlMjklM0IlMEElMjAlMjAlMjAlMjBpZiUyMCUyOHguY2xhc3NOYW1lJTIwJTNEJTNEJTNEJTIwJTIydG9wbmF2JTIyJTI5JTIwJTdCJTBBJTIwJTIwJTIwJTIwJTIwJTIwJTIwJTIweC5jbGFzc05hbWUlMjAlMkIlM0QlMjAlMjIlMjByZXNwb25zaXZlJTIyJTNCJTBBJTIwJTIwJTIwJTIwJTdEJTIwZWxzZSUyMCU3QiUwQSUyMCUyMCUyMCUyMCUyMCUyMCUyMCUyMHguY2xhc3NOYW1lJTIwJTNEJTIwJTIydG9wbmF2JTIyJTNCJTBBJTIwJTIwJTIwJTIwJTdEJTBBJTdEJTBBJTNDJTJGc2NyaXB0JTNF[\/vc_raw_html][\/vc_column][\/vc_row][vc_row][vc_column width=&#8221;1\/1&#8243;]<div class=\"single_image wpb_content_element align-center    \" data-animation=\"none\" data-delay=\"0\"><img width=\"300\" height=\"152\" src=\"http:\/\/www.icpe.ro\/ro\/wp-content\/uploads\/2013\/01\/free-moby.jpg\" class=\"attachment-full\" alt=\"\" loading=\"lazy\" \/><\/div>[\/vc_column][\/vc_row][vc_row bg_color=&#8221;#efefef&#8221; top_padding=&#8221;20&#8243; bottom_padding=&#8221;20&#8243;][vc_column width=&#8221;1\/1&#8243;]<h1 class=\"headline font-inherit fontsize-m fontweight-700 lh-inherit align-center transform-uppercase \" style=\"margin: 0 0 0 0;\">Despre proiect<\/h1>[\/vc_column][\/vc_row][vc_row top_padding=&#8221;40&#8243; bottom_padding=&#8221;40&#8243;][vc_column width=&#8221;1\/2&#8243;][vc_column_text]Parc\u0103rile cu panouri solare \u015fi instala\u0163ii fotovoltaice-baterie integrate devin din ce \u00een ce mai populare \u00een multe \u0163\u0103ri ale UE. Disponibilitatea de instala\u0163ii de energie regenerabil\u0103, \u00een mare m\u0103sur\u0103 necuplate la re\u0163elele nationale, atrage un num\u0103r mare de utilizatori de vehicule electrice.<\/p>\n<p>FREE-MOBY \u00ee\u015fi propune:<\/p>\n<ul>\n<li>Dezvoltarea de prototipuri de Micro EV de tip premium at\u00e2t pentru transportul pasagerilor c\u00e2t \u015fi pentru livrarea de marf\u0103, prin aplicarea conceptelor de fabrica\u0163ie pe scar\u0103 mare<\/li>\n<li>Demonstrarea convergen\u0163ei totale \u00eentre energiile regenerabile \u0219i electromobilitate chiar cu tehnologiile actuale<\/li>\n<li>Demonstrarea interactivit\u0103\u0163ii sigure \u015fi inteligente \u00eentre vehicul \u0219i infrastructur\u0103<\/li>\n<li>Dezvoltarea unei arhitecturi electrice simplificate care deserve\u015fte dou\u0103 sisteme de propulsie cu cutii de viteze robotizate \u00een dou\u0103 trepte<\/li>\n<li>Dezvoltarea unui sistem universal de monitorizare a bateriilor cu accent pe sistemele de monitorizarea a st\u0103rii fiec\u0103rei celule de baterii<\/li>\n<li>Dezvoltarea de module de baterii \u0219i de sub-module bazate pe celule de baterii standard Li-ion, cu electronic\u0103 de monitorizare \u0219i management integrate<\/li>\n<li>Utilizarea ICT (information and communications technology) pentru a ob\u0163ine sc\u0103derea costurilor de produc\u0163ie \u015fi de \u00eentre\u0163inere a vehiculelor<\/li>\n<li>Dezvoltarea de module fotovoltaice inteligente cu circuite electronice integrate<\/li>\n<li>Simplificarea arhitecturii electrice prin adoptarea progreselor din ITC \u00een dispozitivele portabile<\/li>\n<\/ul>\n<p>[\/vc_column_text][\/vc_column][vc_column width=&#8221;1\/2&#8243;][vc_column_text]Proiectul\u00a0 va deschide un nou drum \u00een electro-mobilitate, bazat pe simplitate, libertatea de func\u0163ionare, pre\u0163 redus de utilizare \u015fi u\u015furinta \u00een furnizarea componentelor.<\/p>\n<p>Cofinan\u0163area este asigurat\u0103 de Unitatea Executiv\u0103 pentru Finan\u0163are a \u00cenv\u0103\u0163\u0103m\u00e2ntului Superior, a Cercet\u0103rii, Dezvolt\u0103rii \u015fi Inov\u0103rii (UEFISCDI) prin contractul nr.\u00a0 258\/03.03.2014, semnat cu Autoritatea Na\u0163ional\u0103 pentru Cercetare \u015etiin\u0163ific\u0103, \u00een cadrul Programului PN II Capacit\u0103\u0163i \u2013 Modulul III PC7-Cofina\u0163area particip\u0103rii Rom\u00e2niei la Programul FP7.<\/p>\n<p>Proiectul FREE-MOBY se ocup\u0103 de preg\u0103tirea introducerii \u00een fabrica\u0163ie a unor micro vehicule electrice av\u00e2nd masa de 450-650 kg \u015fi viteze de p\u00e2n\u0103 la 90 km\/h. Cu un extra de cost de numai 15%, panourile solare instalate pe acoperi\u015ful vehiculelor pot aduce un plus de putere (de v\u00e2rf) de 30%.<\/p>\n<p>Proiectul se desf\u0103\u0219oar\u0103 \u00een perioada &#8230;[\/vc_column_text][\/vc_column][\/vc_row][vc_row bg_type=&#8221;bg_color&#8221; ult_hide_row=&#8221;ult_hide_row_value&#8221; ult_hide_row_tablet=&#8221;tablet&#8221; ult_hide_row_tablet_small=&#8221;xs_tablet&#8221; ult_hide_row_mobile=&#8221;mobile&#8221; ult_hide_row_mobile_large=&#8221;xl_mobile&#8221;][vc_column width=&#8221;1\/1&#8243;]<div class=\"spacer\" style=\"height: 250px;\"><\/div>[\/vc_column][\/vc_row][vc_row bg_color=&#8221;#262626&#8243; top_padding=&#8221;70&#8243; bottom_padding=&#8221;70&#8243; bg_type=&#8221;bg_color&#8221;][vc_column width=&#8221;1\/2&#8243;][vc_column_text]\u00a9 Icpe | Tehnologii pentru dezvoltare durabil\u0103<br \/>\n<a href=\"http:\/\/www.icpe.ro\/ro\/termeni\" target=\"_blank\" rel=\"noopener\">Termeni \u0219i Condi\u021bii<\/a>[\/vc_column_text][\/vc_column][vc_column text_align=&#8221;center&#8221; width=&#8221;1\/2&#8243;]<a href=\"http:\/\/www.icpe.ro\/ro\/institutul\/proiecte\/\" target=\"_blank\" class=\"button color-3 small \" style=\"border-radius: 2px;\">Vezi mai multe proiecte<\/a>[\/vc_column][\/vc_row]<\/p>\n","protected":false},"excerpt":{"rendered":"<p>[vc_row type=&#8221;full_width_section&#8221;][vc_column width=&#8221;1\/1&#8243;][vc_raw_html]JTNDc3R5bGUlM0UlMEEudG9wbmF2JTIwJTdCJTBBJTBBJTIwJTIwJTIwJTIwbGlzdC1zdHlsZSUzQW5vbmUlM0IlMEElMjAlMjAlMjAlMjBtYXJnaW4lM0EwJTNCJTBBJTIwJTIwJTIwJTIwcGFkZGluZyUzQTAlM0IlMEElMjAlMjAlMjAlMjB0ZXh0LWFsaWduJTNBY2VudGVyJTNCJTBBJTdEJTBBJTBBLnRvcG5hdiUyMGxpJTIwJTdCJTBBJTIwJTIwZGlzcGxheSUzQWlubGluZSUzQiUwQSU3RCUwQSUwQS50b3BuYXYlMjBhJTdCJTBBJTIwJTIwZGlzcGxheSUzQWlubGluZS1ibG9jayUzQiUwQSUyMCUyMGNvbG9yJTNBJTIwJTIzMDAwJTNCJTBBJTIwJTIwJTIwJTIwcGFkZGluZyUzQTE4cHglMjAzNnB4JTNCJTBBJTIwJTIwZm9udC1zaXplJTNBMTdweCUzQiUwQSU3RCUwQS50b3BuYXYlMjBhJTNBaG92ZXIlMjAlN0IlMEElMjAlMjBiYWNrZ3JvdW5kLWNvbG9yJTNBJTIwJTIzZGRkJTNCJTBBJTIwJTIwY29sb3IlM0ElMjBibGFjayUzQiUwQSU3RCUwQSUwQS50b3BuYXYlMjAuaWNvbiUyMCU3QiUwQSUyMCUyMGRpc3BsYXklM0ElMjBub25lJTNCJTBBJTdEJTBBLmFjdGl2ZSUyMCU3QiUwQSUyMCUyMCUyMCUyMGJhY2tncm91bmQtY29sb3IlM0ElMjAlMjNmN2Y3ZjclM0IlMEElMjAlMjAlMjAlMjBmb250LXdlaWdodCUzQSUyMGJvbGQlM0IlMEElN0QlMEElMEElNDBtZWRpYSUyMHNjcmVlbiUyMGFuZCUyMCUyOG1heC13aWR0aCUzQSUyMDYwMHB4JTI5JTIwJTdCJTBBJTIwJTIwLnRvcG5hdiUyMGElM0Fub3QlMjglM0FmaXJzdC1jaGlsZCUyOSUyMCU3QmRpc3BsYXklM0ElMjBub25lJTNCJTdEJTBBJTIwJTIwLnRvcG5hdiUyMGEuaWNvbiUyMCU3QiUwQSUyMCUyMCUyMCUyMGZsb2F0JTNBJTIwcmlnaHQlM0IlMEElMjAlMjAlMjAlMjBkaXNwbGF5JTNBJTIwYmxvY2slM0IlMEElMjAlMjAlN0QlMEElN0QlMEElMEElNDBtZWRpYSUyMHNjcmVlbiUyMGFuZCUyMCUyOG1heC13aWR0aCUzQSUyMDYwMHB4JTI5JTIwJTdCJTBBJTIwJTIwLnRvcG5hdi5yZXNwb25zaXZlJTIwJTdCcG9zaXRpb24lM0ElMjByZWxhdGl2ZSUzQiU3RCUwQSUyMCUyMC50b3BuYXYucmVzcG9uc2l2ZSUyMC5pY29uJTIwJTdCJTBBJTIwJTIwJTIwJTIwcG9zaXRpb24lM0ElMjBhYnNvbHV0ZSUzQiUwQSUyMCUyMCUyMCUyMHJpZ2h0JTNBJTIwMCUzQiUwQSUyMCUyMCUyMCUyMHRvcCUzQSUyMDAlM0IlMEElMjAlMjAlN0QlMEElMjAlMjAudG9wbmF2LnJlc3BvbnNpdmUlMjBhJTIwJTdCJTBBJTIwJTIwJTIwJTIwZmxvYXQlM0ElMjBub25lJTNCJTBBJTIwJTIwJTIwJTIwZGlzcGxheSUzQSUyMGJsb2NrJTNCJTBBJTIwJTIwJTIwJTIwdGV4dC1hbGlnbiUzQSUyMGxlZnQlM0IlMEElMjAlMjAlN0QlMEElMEElN0QlMEElM0MlMkZzdHlsZSUzRSUwQSUwQSUwQSUwQSUzQ2RpdiUyMGNsYXNzJTNEJTIydG9wbmF2JTIyJTIwaWQlM0QlMjJteVRvcG5hdiUyMiUzRSUwQSUyMCUyMCUzQ2ElMjBocmVmJTNEJTIyaHR0cCUzQSUyRiUyRnd3dy5pY3BlLnJvJTJGcm8lMkZmcmVlLW1vYnklMkYlMjIlM0VBY2FzJUM0JTgzJTNDJTJGYSUzRSUwQSUyMCUyMCUzQ2ElMjBocmVmJTNEJTIyaHR0cCUzQSUyRiUyRnd3dy5pY3BlLnJvJTJGcm8lMkZmcmVlLW1vYnklMkZkZXNwcmUtcHJvaWVjdCUyRiUyMiUzRURlc3ByZSUyMHByb2llY3QlM0MlMkZhJTNFJTBBJTIwJTIwJTNDYSUyMGhyZWYlM0QlMjJodHRwJTNBJTJGJTJGd3d3LmljcGUucm8lMkZybyUyRmZyZWUtbW9ieSUyRmNvbnNvcnRpdSUyRiUyMiUzRUNvbnNvciVDNSVBM2l1JTNDJTJGYSUzRSUwQSUyMCUyMCUzQ2ElMjBocmVmJTNEJTIyaHR0cCUzQSUyRiUyRnd3dy5pY3BlLnJvJTJGcm8lMkZmcmVlLW1vYnklMkZldGFwZSUyRiUyMiUzRVBhY2hldGUlMjBkZSUyMGx1Y3J1JTNDJTJGYSUzRSUwQSUyMCUyMCUzQ2ElMjBocmVmJTNEJTIyaHR0cCUzQSUyRiUyRnd3dy5pY3BlLnJvJTJGcm8lMkZmcmVlLW1vYnklMkZub3V0YXRpJTJGJTIyJTNFTm91dCVDNCU4MyVDNSVBM2klM0MlMkZhJTNFJTBBJTIwJTIwJTNDYSUyMGhyZWYlM0QlMjJodHRwJTNBJTJGJTJGd3d3LmljcGUucm8lMkZybyUyRmZyZWUtbW9ieSUyRmNvbnRhY3QlMkYlMjIlM0VDb250YWN0JTNDJTJGYSUzRSUwQSUyMCUyMCUzQ2xpJTIwc3R5bGUlM0QlMjJmbG9hdCUzQXJpZ2h0JTIyJTNFJTNDYSUyMGNsYXNzJTNEJTIyYWN0aXZlJTIyJTIwaHJlZiUzRCUyMmh0dHAlM0ElMkYlMkZ3d3cuaWNwZS5ybyUyRmZyZWUtbW9ieSUyRiUyMiUzRUVOJTNDJTJGYSUzRSUzQyUyRmxpJTNFJTBBJTBBJTBBJTIwJTIwJTNDYSUyMGhyZWYlM0QlMjJqYXZhc2NyaXB0JTNBdm9pZCUyODAlMjklM0IlMjIlMjBzdHlsZSUzRCUyMmZvbnQtc2l6ZSUzQTE1cHglM0IlMjIlMjBjbGFzcyUzRCUyMmljb24lMjIlMjBvbmNsaWNrJTNEJTIybXlGdW5jdGlvbiUyOCUyOSUyMiUzRSUyNiUyMzk3NzYlM0IlM0MlMkZhJTNFJTBBJTNDJTJGZGl2JTNFJTBBJTBBJTNDc2NyaXB0JTNFJTBBZnVuY3Rpb24lMjBteUZ1bmN0aW9uJTI4JTI5JTIwJTdCJTBBJTIwJTIwJTIwJTIwdmFyJTIweCUyMCUzRCUyMGRvY3VtZW50LmdldEVsZW1lbnRCeUlkJTI4JTIybXlUb3BuYXYlMjIlMjklM0IlMEElMjAlMjAlMjAlMjBpZiUyMCUyOHguY2xhc3NOYW1lJTIwJTNEJTNEJTNEJTIwJTIydG9wbmF2JTIyJTI5JTIwJTdCJTBBJTIwJTIwJTIwJTIwJTIwJTIwJTIwJTIweC5jbGFzc05hbWUlMjAlMkIlM0QlMjAlMjIlMjByZXNwb25zaXZlJTIyJTNCJTBBJTIwJTIwJTIwJTIwJTdEJTIwZWxzZSUyMCU3QiUwQSUyMCUyMCUyMCUyMCUyMCUyMCUyMCUyMHguY2xhc3NOYW1lJTIwJTNEJTIwJTIydG9wbmF2JTIyJTNCJTBBJTIwJTIwJTIwJTIwJTdEJTBBJTdEJTBBJTNDJTJGc2NyaXB0JTNF[\/vc_raw_html][\/vc_column][\/vc_row][vc_row][vc_column width=&#8221;1\/1&#8243;][\/vc_column][\/vc_row][vc_row bg_color=&#8221;#efefef&#8221; top_padding=&#8221;20&#8243; bottom_padding=&#8221;20&#8243;][vc_column width=&#8221;1\/1&#8243;][\/vc_column][\/vc_row][vc_row top_padding=&#8221;40&#8243; bottom_padding=&#8221;40&#8243;][vc_column width=&#8221;1\/2&#8243;][vc_column_text]Parc\u0103rile cu panouri solare \u015fi instala\u0163ii fotovoltaice-baterie integrate devin din ce \u00een ce mai populare \u00een multe \u0163\u0103ri ale UE. Disponibilitatea de instala\u0163ii de energie regenerabil\u0103, \u00een mare m\u0103sur\u0103 necuplate la re\u0163elele nationale, atrage un num\u0103r mare de utilizatori de vehicule electrice. FREE-MOBY \u00ee\u015fi propune: Dezvoltarea de prototipuri de Micro EV de tip premium at\u00e2t pentru transportul pasagerilor c\u00e2t \u015fi pentru livrarea de marf\u0103, prin aplicarea conceptelor de fabrica\u0163ie pe scar\u0103 mare Demonstrarea convergen\u0163ei totale \u00eentre energiile regenerabile \u0219i electromobilitate chiar cu tehnologiile actuale Demonstrarea interactivit\u0103\u0163ii sigure \u015fi inteligente \u00eentre vehicul \u0219i infrastructur\u0103 Dezvoltarea unei arhitecturi electrice simplificate care deserve\u015fte dou\u0103 sisteme de propulsie cu cutii de viteze robotizate \u00een dou\u0103 trepte Dezvoltarea unui sistem universal de monitorizare a bateriilor cu accent pe sistemele de monitorizarea a st\u0103rii fiec\u0103rei celule de baterii Dezvoltarea de module de baterii \u0219i de sub-module bazate pe celule de baterii standard Li-ion, cu electronic\u0103 de monitorizare \u0219i management integrate Utilizarea ICT (information and communications technology) pentru a ob\u0163ine sc\u0103derea costurilor de produc\u0163ie \u015fi de \u00eentre\u0163inere a vehiculelor Dezvoltarea de module fotovoltaice inteligente cu circuite electronice integrate Simplificarea arhitecturii electrice prin adoptarea progreselor din ITC \u00een [&hellip;]<\/p>\n","protected":false},"author":2,"featured_media":0,"parent":19597,"menu_order":108,"comment_status":"closed","ping_status":"closed","template":"","meta":[],"folder":[59],"_links":{"self":[{"href":"http:\/\/www.icpe.ro\/ro\/wp-json\/wp\/v2\/pages\/19598"}],"collection":[{"href":"http:\/\/www.icpe.ro\/ro\/wp-json\/wp\/v2\/pages"}],"about":[{"href":"http:\/\/www.icpe.ro\/ro\/wp-json\/wp\/v2\/types\/page"}],"author":[{"embeddable":true,"href":"http:\/\/www.icpe.ro\/ro\/wp-json\/wp\/v2\/users\/2"}],"replies":[{"embeddable":true,"href":"http:\/\/www.icpe.ro\/ro\/wp-json\/wp\/v2\/comments?post=19598"}],"version-history":[{"count":0,"href":"http:\/\/www.icpe.ro\/ro\/wp-json\/wp\/v2\/pages\/19598\/revisions"}],"up":[{"embeddable":true,"href":"http:\/\/www.icpe.ro\/ro\/wp-json\/wp\/v2\/pages\/19597"}],"wp:attachment":[{"href":"http:\/\/www.icpe.ro\/ro\/wp-json\/wp\/v2\/media?parent=19598"}],"wp:term":[{"taxonomy":"folder","embeddable":true,"href":"http:\/\/www.icpe.ro\/ro\/wp-json\/wp\/v2\/folder?post=19598"}],"curies":[{"name":"wp","href":"https:\/\/api.w.org\/{rel}","templated":true}]}}