{"id":19586,"date":"2018-03-06T15:02:48","date_gmt":"2018-03-06T12:02:48","guid":{"rendered":"http:\/\/www.icpe.ro\/ro\/?page_id=19586"},"modified":"2018-04-26T14:10:27","modified_gmt":"2018-04-26T11:10:27","slug":"etape","status":"publish","type":"page","link":"http:\/\/www.icpe.ro\/ro\/plus-moby\/etape\/","title":{"rendered":"Pachete de lucru"},"content":{"rendered":"<p>[vc_row type=&#8221;full_width_section&#8221;][vc_column width=&#8221;1\/1&#8243;][vc_raw_html]JTNDc3R5bGUlM0UlMEEudG9wbmF2JTIwJTdCJTBBJTBBJTIwJTIwJTIwJTIwbGlzdC1zdHlsZSUzQW5vbmUlM0IlMEElMjAlMjAlMjAlMjBtYXJnaW4lM0EwJTNCJTBBJTIwJTIwJTIwJTIwcGFkZGluZyUzQTAlM0IlMEElMjAlMjAlMjAlMjB0ZXh0LWFsaWduJTNBY2VudGVyJTNCJTBBJTdEJTBBJTBBLnRvcG5hdiUyMGxpJTIwJTdCJTBBJTIwJTIwZGlzcGxheSUzQWlubGluZSUzQiUwQSU3RCUwQSUwQS50b3BuYXYlMjBhJTdCJTBBJTIwJTIwZGlzcGxheSUzQWlubGluZS1ibG9jayUzQiUwQSUyMCUyMGNvbG9yJTNBJTIwJTIzMDAwJTNCJTBBJTIwJTIwJTIwJTIwcGFkZGluZyUzQTE4cHglMjAzNnB4JTNCJTBBJTIwJTIwZm9udC1zaXplJTNBMTdweCUzQiUwQSU3RCUwQS50b3BuYXYlMjBhJTNBaG92ZXIlMjAlN0IlMEElMjAlMjBiYWNrZ3JvdW5kLWNvbG9yJTNBJTIwJTIzZGRkJTNCJTBBJTIwJTIwY29sb3IlM0ElMjBibGFjayUzQiUwQSU3RCUwQSUwQS50b3BuYXYlMjAuaWNvbiUyMCU3QiUwQSUyMCUyMGRpc3BsYXklM0ElMjBub25lJTNCJTBBJTdEJTBBLmFjdGl2ZSUyMCU3QiUwQSUyMCUyMCUyMCUyMGJhY2tncm91bmQtY29sb3IlM0ElMjAlMjNmN2Y3ZjclM0IlMEElMjAlMjAlMjAlMjBmb250LXdlaWdodCUzQSUyMGJvbGQlM0IlMEElN0QlMEElMEElNDBtZWRpYSUyMHNjcmVlbiUyMGFuZCUyMCUyOG1heC13aWR0aCUzQSUyMDYwMHB4JTI5JTIwJTdCJTBBJTIwJTIwLnRvcG5hdiUyMGElM0Fub3QlMjglM0FmaXJzdC1jaGlsZCUyOSUyMCU3QmRpc3BsYXklM0ElMjBub25lJTNCJTdEJTBBJTIwJTIwLnRvcG5hdiUyMGEuaWNvbiUyMCU3QiUwQSUyMCUyMCUyMCUyMGZsb2F0JTNBJTIwcmlnaHQlM0IlMEElMjAlMjAlMjAlMjBkaXNwbGF5JTNBJTIwYmxvY2slM0IlMEElMjAlMjAlN0QlMEElN0QlMEElMEElNDBtZWRpYSUyMHNjcmVlbiUyMGFuZCUyMCUyOG1heC13aWR0aCUzQSUyMDYwMHB4JTI5JTIwJTdCJTBBJTIwJTIwLnRvcG5hdi5yZXNwb25zaXZlJTIwJTdCcG9zaXRpb24lM0ElMjByZWxhdGl2ZSUzQiU3RCUwQSUyMCUyMC50b3BuYXYucmVzcG9uc2l2ZSUyMC5pY29uJTIwJTdCJTBBJTIwJTIwJTIwJTIwcG9zaXRpb24lM0ElMjBhYnNvbHV0ZSUzQiUwQSUyMCUyMCUyMCUyMHJpZ2h0JTNBJTIwMCUzQiUwQSUyMCUyMCUyMCUyMHRvcCUzQSUyMDAlM0IlMEElMjAlMjAlN0QlMEElMjAlMjAudG9wbmF2LnJlc3BvbnNpdmUlMjBhJTIwJTdCJTBBJTIwJTIwJTIwJTIwZmxvYXQlM0ElMjBub25lJTNCJTBBJTIwJTIwJTIwJTIwZGlzcGxheSUzQSUyMGJsb2NrJTNCJTBBJTIwJTIwJTIwJTIwdGV4dC1hbGlnbiUzQSUyMGxlZnQlM0IlMEElMjAlMjAlN0QlMEElMEElN0QlMEElM0MlMkZzdHlsZSUzRSUwQSUwQSUwQSUwQSUzQ2RpdiUyMGNsYXNzJTNEJTIydG9wbmF2JTIyJTIwaWQlM0QlMjJteVRvcG5hdiUyMiUzRSUwQSUyMCUyMCUzQ2ElMjBocmVmJTNEJTIyaHR0cCUzQSUyRiUyRnd3dy5pY3BlLnJvJTJGcm8lMkZwbHVzLW1vYnklMkYlMjIlM0VBY2FzJUM0JTgzJTNDJTJGYSUzRSUwQSUyMCUyMCUzQ2ElMjBocmVmJTNEJTIyaHR0cCUzQSUyRiUyRnd3dy5pY3BlLnJvJTJGcm8lMkZwbHVzLW1vYnklMkZkZXNwcmUtcHJvaWVjdCUyRiUyMiUzRURlc3ByZSUyMHByb2llY3QlM0MlMkZhJTNFJTBBJTIwJTIwJTNDYSUyMGhyZWYlM0QlMjJodHRwJTNBJTJGJTJGd3d3LmljcGUucm8lMkZybyUyRnBsdXMtbW9ieSUyRmNvbnNvcnRpdSUyRiUyMiUzRUNvbnNvciVDNSVBM2l1JTNDJTJGYSUzRSUwQSUyMCUyMCUzQ2ElMjBocmVmJTNEJTIyaHR0cCUzQSUyRiUyRnd3dy5pY3BlLnJvJTJGcm8lMkZwbHVzLW1vYnklMkZldGFwZSUyRiUyMiUzRVBhY2hldGUlMjBkZSUyMGx1Y3J1JTNDJTJGYSUzRSUwQSUyMCUyMCUzQ2ElMjBocmVmJTNEJTIyaHR0cCUzQSUyRiUyRnd3dy5pY3BlLnJvJTJGcm8lMkZwbHVzLW1vYnklMkZub3V0YXRpJTJGJTIyJTNFTm91dCVDNCU4MyVDNSVBM2klM0MlMkZhJTNFJTBBJTIwJTIwJTNDYSUyMGhyZWYlM0QlMjJodHRwJTNBJTJGJTJGd3d3LmljcGUucm8lMkZybyUyRnBsdXMtbW9ieSUyRmNvbnRhY3QlMkYlMjIlM0VDb250YWN0JTNDJTJGYSUzRSUwQSUyMCUyMCUzQ2xpJTIwc3R5bGUlM0QlMjJmbG9hdCUzQXJpZ2h0JTIyJTNFJTNDYSUyMGNsYXNzJTNEJTIyYWN0aXZlJTIyJTIwaHJlZiUzRCUyMmh0dHAlM0ElMkYlMkZ3d3cuaWNwZS5ybyUyRnBsdXMtbW9ieSUyRiUyMiUzRUVOJTNDJTJGYSUzRSUzQyUyRmxpJTNFJTBBJTBBJTBBJTIwJTIwJTNDYSUyMGhyZWYlM0QlMjJqYXZhc2NyaXB0JTNBdm9pZCUyODAlMjklM0IlMjIlMjBzdHlsZSUzRCUyMmZvbnQtc2l6ZSUzQTE1cHglM0IlMjIlMjBjbGFzcyUzRCUyMmljb24lMjIlMjBvbmNsaWNrJTNEJTIybXlGdW5jdGlvbiUyOCUyOSUyMiUzRSUyNiUyMzk3NzYlM0IlM0MlMkZhJTNFJTBBJTNDJTJGZGl2JTNFJTBBJTBBJTNDc2NyaXB0JTNFJTBBZnVuY3Rpb24lMjBteUZ1bmN0aW9uJTI4JTI5JTIwJTdCJTBBJTIwJTIwJTIwJTIwdmFyJTIweCUyMCUzRCUyMGRvY3VtZW50LmdldEVsZW1lbnRCeUlkJTI4JTIybXlUb3BuYXYlMjIlMjklM0IlMEElMjAlMjAlMjAlMjBpZiUyMCUyOHguY2xhc3NOYW1lJTIwJTNEJTNEJTNEJTIwJTIydG9wbmF2JTIyJTI5JTIwJTdCJTBBJTIwJTIwJTIwJTIwJTIwJTIwJTIwJTIweC5jbGFzc05hbWUlMjAlMkIlM0QlMjAlMjIlMjByZXNwb25zaXZlJTIyJTNCJTBBJTIwJTIwJTIwJTIwJTdEJTIwZWxzZSUyMCU3QiUwQSUyMCUyMCUyMCUyMCUyMCUyMCUyMCUyMHguY2xhc3NOYW1lJTIwJTNEJTIwJTIydG9wbmF2JTIyJTNCJTBBJTIwJTIwJTIwJTIwJTdEJTBBJTdEJTBBJTNDJTJGc2NyaXB0JTNF[\/vc_raw_html][\/vc_column][\/vc_row][vc_row][vc_column width=&#8221;1\/1&#8243;]<div class=\"single_image wpb_content_element align-center    \" data-animation=\"none\" data-delay=\"0\"><img width=\"300\" height=\"152\" src=\"http:\/\/www.icpe.ro\/ro\/wp-content\/uploads\/2013\/01\/Plus-moby.jpg\" class=\"attachment-full\" alt=\"\" loading=\"lazy\" \/><\/div>[\/vc_column][\/vc_row][vc_row bg_color=&#8221;#efefef&#8221; top_padding=&#8221;20&#8243; bottom_padding=&#8221;20&#8243;][vc_column width=&#8221;1\/1&#8243;]<h1 class=\"headline font-inherit fontsize-m fontweight-700 lh-inherit align-center transform-uppercase \" style=\"margin: 0 0 0 0;\">Pachete de lucru<\/h1>[\/vc_column][\/vc_row][vc_row top_padding=&#8221;40&#8243;][vc_column width=&#8221;1\/6&#8243;][vc_pie value=&#8221;100&#8243; color=&#8221;#1e73be&#8221; title=&#8221;Realizat&#8221; units=&#8221;%&#8221;][\/vc_column][vc_column width=&#8221;5\/6&#8243;][vc_column_text]<strong>Pachetul de lucru 1<\/strong><br \/>\n<strong>\u0218asiu integrat \u0219i carcas\u0103 de caroserie<\/strong><\/p>\n<p>Activitatea 1.1. Definirea interfe\u0163ei mecanice a sistemului de propulsie, fixarea pe \u015fasiu, alegerea carcasei<br \/>\nActivitatea 1.2. Integrarea suspensiilor pe toate axele[\/vc_column_text][\/vc_column][\/vc_row][vc_row][vc_column width=&#8221;1\/1&#8243;]<div class=\"newdivider align-center\" style=\"border-bottom-style: solid; border-color: #999999; border-bottom-width: 2px; margin-top: 40px; margin-bottom: 40px; width: 100%; \"><\/div><div class=\"clear\"><\/div>[\/vc_column][\/vc_row][vc_row][vc_column width=&#8221;1\/6&#8243;][vc_pie value=&#8221;100&#8243; color=&#8221;#1e73be&#8221; title=&#8221;Realizat&#8221; units=&#8221;%&#8221;][\/vc_column][vc_column width=&#8221;5\/6&#8243;][vc_column_text]<strong>Pachetul de lucru 2<\/strong><br \/>\n<strong>Trenul de rulare electric multifunc\u0163ional<\/strong><\/p>\n<p><strong>Activitatea 2.5.<\/strong> Implementarea algoritmilor de control direct al fluxului pentru ma\u015fina PMaSyR (ma\u015fina sincron\u0103 reactiv\u0103 cu magne\u0163i din ferit\u0103)[\/vc_column_text][\/vc_column][\/vc_row][vc_row][vc_column width=&#8221;1\/1&#8243;]<div class=\"newdivider align-center\" style=\"border-bottom-style: solid; border-color: #999999; border-bottom-width: 2px; margin-top: 40px; margin-bottom: 40px; width: 100%; \"><\/div><div class=\"clear\"><\/div>[\/vc_column][\/vc_row][vc_row bottom_padding=&#8221;40&#8243;][vc_column width=&#8221;1\/6&#8243;][vc_pie value=&#8221;100&#8243; color=&#8221;#1e73be&#8221; title=&#8221;Realizat&#8221; units=&#8221;%&#8221;][\/vc_column][vc_column width=&#8221;5\/6&#8243;][vc_column_text]<strong>Pachetul de lucru 3<\/strong><br \/>\n<strong>Integrarea sistemelor, gestionarea \u0219i parametrizarea &#8220;ca un \u00eentreg&#8221;<\/strong><\/p>\n<p><strong>Activitatea 3.1.<\/strong> Asamblarea tuturor sub-modulelor<br \/>\n<strong>Activitatea 3.2.<\/strong> Proceduri de control ale trenului de rulare \u015fi sistemelor auxiliare[\/vc_column_text][\/vc_column][\/vc_row][vc_row][vc_column width=&#8221;1\/1&#8243;]<div class=\"newdivider align-center\" style=\"border-bottom-style: solid; border-color: #999999; border-bottom-width: 2px; margin-top: 0; margin-bottom: 40px; width: 100%; \"><\/div><div class=\"clear\"><\/div>[\/vc_column][\/vc_row][vc_row bottom_padding=&#8221;40&#8243;][vc_column width=&#8221;1\/6&#8243;][vc_pie value=&#8221;100&#8243; color=&#8221;#1e73be&#8221; title=&#8221;Realizat&#8221; units=&#8221;%&#8221;][\/vc_column][vc_column width=&#8221;5\/6&#8243;][vc_column_text]<strong>Pachetul de lucru 4<\/strong><br \/>\n<strong>Linie de asamblare pentru procese de fabrica\u0163ie cu costuri reduse \u0219i cu consum redus de energie<\/strong><\/p>\n<p><strong>Activitatea 4.1.<\/strong> Introducerea \u00een fabrica\u0163ie; stabilirea echipamentelor \u015fi materialelor necesare<br \/>\n<strong>Activitatea 4.2.<\/strong> Investi\u0163ii \u00een raport cu volumul de produc\u0163ie<br \/>\n<strong>Activitatea 4.3.<\/strong> Aprovizionarea cumateriale[\/vc_column_text][\/vc_column][\/vc_row][vc_row][vc_column width=&#8221;1\/1&#8243;]<div class=\"newdivider align-center\" style=\"border-bottom-style: solid; border-color: #999999; border-bottom-width: 2px; margin-top: 0; margin-bottom: 40px; width: 100%; \"><\/div><div class=\"clear\"><\/div>[\/vc_column][\/vc_row][vc_row bottom_padding=&#8221;40&#8243;][vc_column width=&#8221;1\/6&#8243;][vc_pie value=&#8221;100&#8243; color=&#8221;#1e73be&#8221; title=&#8221;Realizat&#8221; units=&#8221;%&#8221;][\/vc_column][vc_column width=&#8221;5\/6&#8243;][vc_column_text]<strong>Pachetul de lucru 5<\/strong><br \/>\n<strong>\u00a0Noi abord\u0103ri de afaceri, bazate pe bugete relativ sc\u0103zute \u0219i care conduc la lan\u021buri de aprovizionare noi<\/strong><\/p>\n<p><strong>Activitatea 5.1.<\/strong> Studiu de caz de succes \u015fi e\u015fec<br \/>\n<strong>Activitatea 5.2.<\/strong> Implementarea metodelor de management al riscului<br \/>\n<strong>Activitatea 5.3.<\/strong> Studiul posibilit\u0103\u0163ii accept\u0103rii de c\u0103tre public a ma\u015finii de tip Premium[\/vc_column_text][\/vc_column][\/vc_row][vc_row][vc_column width=&#8221;1\/1&#8243;]<div class=\"newdivider align-center\" style=\"border-bottom-style: solid; border-color: #999999; border-bottom-width: 2px; margin-top: 0; margin-bottom: 40px; width: 100%; \"><\/div><div class=\"clear\"><\/div>[\/vc_column][\/vc_row][vc_row bottom_padding=&#8221;40&#8243;][vc_column width=&#8221;1\/6&#8243;][vc_pie value=&#8221;100&#8243; color=&#8221;#1e73be&#8221; title=&#8221;Realizat&#8221; units=&#8221;%&#8221;][\/vc_column][vc_column width=&#8221;5\/6&#8243;][vc_column_text]<strong>Pachetul de lucru 6<\/strong><br \/>\n<strong>Asamblarea prototipului<\/strong><\/p>\n<p><strong>Activitatea 6.2.<\/strong> Testarea prototipului<br \/>\n<strong>Activitatea 6.3.<\/strong> Evaluarea aspectelor de securitate global\u0103<br \/>\n<strong>Activitatea 6.4.<\/strong> Ajustarea algoritmilor dezvolta\u0163i \u00een P.L.2[\/vc_column_text][\/vc_column][\/vc_row][vc_row][vc_column width=&#8221;1\/1&#8243;]<div class=\"newdivider align-center\" style=\"border-bottom-style: solid; border-color: #999999; border-bottom-width: 2px; margin-top: 0; margin-bottom: 40px; width: 100%; \"><\/div><div class=\"clear\"><\/div>[\/vc_column][\/vc_row][vc_row bottom_padding=&#8221;40&#8243;][vc_column width=&#8221;1\/6&#8243;][vc_pie value=&#8221;100&#8243; color=&#8221;#1e73be&#8221; title=&#8221;Realizat&#8221; units=&#8221;%&#8221;][\/vc_column][vc_column width=&#8221;5\/6&#8243;][vc_column_text]<strong>Pachetul de lucru 7<\/strong><br \/>\n<strong>Costuri economice<\/strong><\/p>\n<p><strong>Activitatea 7.1.<\/strong> Scenariu de pia\u0163\u0103<br \/>\n<strong>Activitatea 7.2.<\/strong> Analiza costurilor[\/vc_column_text][\/vc_column][\/vc_row][vc_row][vc_column width=&#8221;1\/1&#8243;]<div class=\"newdivider align-center\" style=\"border-bottom-style: solid; border-color: #999999; border-bottom-width: 2px; margin-top: 0; margin-bottom: 40px; width: 100%; \"><\/div><div class=\"clear\"><\/div>[\/vc_column][\/vc_row][vc_row bottom_padding=&#8221;40&#8243;][vc_column width=&#8221;1\/6&#8243;][vc_pie value=&#8221;100&#8243; color=&#8221;#1e73be&#8221; title=&#8221;Realizat&#8221; units=&#8221;%&#8221;][\/vc_column][vc_column width=&#8221;5\/6&#8243;][vc_column_text]<strong>Pachetul de lucru 8<\/strong><br \/>\n<strong>Exploatare \u015fi Diseminare<\/strong><\/p>\n<p><strong>Activitatea 8.1.<\/strong> Planul de exploatare<br \/>\n<strong>Activitatea 8.2.<\/strong> Diseminarea rezultatelor[\/vc_column_text][\/vc_column][\/vc_row][vc_row bg_color=&#8221;#262626&#8243; top_padding=&#8221;70&#8243; bottom_padding=&#8221;70&#8243; bg_type=&#8221;bg_color&#8221;][vc_column width=&#8221;1\/2&#8243;][vc_column_text]\u00a9 Icpe | Tehnologii pentru dezvoltare durabil\u0103<br \/>\n<a href=\"http:\/\/www.icpe.ro\/ro\/termeni\" target=\"_blank\" rel=\"noopener\">Termeni \u0219i Condi\u021bii<\/a>[\/vc_column_text][\/vc_column][vc_column text_align=&#8221;center&#8221; width=&#8221;1\/2&#8243;]<a href=\"http:\/\/www.icpe.ro\/ro\/institutul\/proiecte\/\" target=\"_blank\" class=\"button color-3 small \" style=\"border-radius: 2px;\">Vezi mai multe proiecte<\/a>[\/vc_column][\/vc_row]<\/p>\n","protected":false},"excerpt":{"rendered":"<p>[vc_row type=&#8221;full_width_section&#8221;][vc_column width=&#8221;1\/1&#8243;][vc_raw_html]JTNDc3R5bGUlM0UlMEEudG9wbmF2JTIwJTdCJTBBJTBBJTIwJTIwJTIwJTIwbGlzdC1zdHlsZSUzQW5vbmUlM0IlMEElMjAlMjAlMjAlMjBtYXJnaW4lM0EwJTNCJTBBJTIwJTIwJTIwJTIwcGFkZGluZyUzQTAlM0IlMEElMjAlMjAlMjAlMjB0ZXh0LWFsaWduJTNBY2VudGVyJTNCJTBBJTdEJTBBJTBBLnRvcG5hdiUyMGxpJTIwJTdCJTBBJTIwJTIwZGlzcGxheSUzQWlubGluZSUzQiUwQSU3RCUwQSUwQS50b3BuYXYlMjBhJTdCJTBBJTIwJTIwZGlzcGxheSUzQWlubGluZS1ibG9jayUzQiUwQSUyMCUyMGNvbG9yJTNBJTIwJTIzMDAwJTNCJTBBJTIwJTIwJTIwJTIwcGFkZGluZyUzQTE4cHglMjAzNnB4JTNCJTBBJTIwJTIwZm9udC1zaXplJTNBMTdweCUzQiUwQSU3RCUwQS50b3BuYXYlMjBhJTNBaG92ZXIlMjAlN0IlMEElMjAlMjBiYWNrZ3JvdW5kLWNvbG9yJTNBJTIwJTIzZGRkJTNCJTBBJTIwJTIwY29sb3IlM0ElMjBibGFjayUzQiUwQSU3RCUwQSUwQS50b3BuYXYlMjAuaWNvbiUyMCU3QiUwQSUyMCUyMGRpc3BsYXklM0ElMjBub25lJTNCJTBBJTdEJTBBLmFjdGl2ZSUyMCU3QiUwQSUyMCUyMCUyMCUyMGJhY2tncm91bmQtY29sb3IlM0ElMjAlMjNmN2Y3ZjclM0IlMEElMjAlMjAlMjAlMjBmb250LXdlaWdodCUzQSUyMGJvbGQlM0IlMEElN0QlMEElMEElNDBtZWRpYSUyMHNjcmVlbiUyMGFuZCUyMCUyOG1heC13aWR0aCUzQSUyMDYwMHB4JTI5JTIwJTdCJTBBJTIwJTIwLnRvcG5hdiUyMGElM0Fub3QlMjglM0FmaXJzdC1jaGlsZCUyOSUyMCU3QmRpc3BsYXklM0ElMjBub25lJTNCJTdEJTBBJTIwJTIwLnRvcG5hdiUyMGEuaWNvbiUyMCU3QiUwQSUyMCUyMCUyMCUyMGZsb2F0JTNBJTIwcmlnaHQlM0IlMEElMjAlMjAlMjAlMjBkaXNwbGF5JTNBJTIwYmxvY2slM0IlMEElMjAlMjAlN0QlMEElN0QlMEElMEElNDBtZWRpYSUyMHNjcmVlbiUyMGFuZCUyMCUyOG1heC13aWR0aCUzQSUyMDYwMHB4JTI5JTIwJTdCJTBBJTIwJTIwLnRvcG5hdi5yZXNwb25zaXZlJTIwJTdCcG9zaXRpb24lM0ElMjByZWxhdGl2ZSUzQiU3RCUwQSUyMCUyMC50b3BuYXYucmVzcG9uc2l2ZSUyMC5pY29uJTIwJTdCJTBBJTIwJTIwJTIwJTIwcG9zaXRpb24lM0ElMjBhYnNvbHV0ZSUzQiUwQSUyMCUyMCUyMCUyMHJpZ2h0JTNBJTIwMCUzQiUwQSUyMCUyMCUyMCUyMHRvcCUzQSUyMDAlM0IlMEElMjAlMjAlN0QlMEElMjAlMjAudG9wbmF2LnJlc3BvbnNpdmUlMjBhJTIwJTdCJTBBJTIwJTIwJTIwJTIwZmxvYXQlM0ElMjBub25lJTNCJTBBJTIwJTIwJTIwJTIwZGlzcGxheSUzQSUyMGJsb2NrJTNCJTBBJTIwJTIwJTIwJTIwdGV4dC1hbGlnbiUzQSUyMGxlZnQlM0IlMEElMjAlMjAlN0QlMEElMEElN0QlMEElM0MlMkZzdHlsZSUzRSUwQSUwQSUwQSUwQSUzQ2RpdiUyMGNsYXNzJTNEJTIydG9wbmF2JTIyJTIwaWQlM0QlMjJteVRvcG5hdiUyMiUzRSUwQSUyMCUyMCUzQ2ElMjBocmVmJTNEJTIyaHR0cCUzQSUyRiUyRnd3dy5pY3BlLnJvJTJGcm8lMkZwbHVzLW1vYnklMkYlMjIlM0VBY2FzJUM0JTgzJTNDJTJGYSUzRSUwQSUyMCUyMCUzQ2ElMjBocmVmJTNEJTIyaHR0cCUzQSUyRiUyRnd3dy5pY3BlLnJvJTJGcm8lMkZwbHVzLW1vYnklMkZkZXNwcmUtcHJvaWVjdCUyRiUyMiUzRURlc3ByZSUyMHByb2llY3QlM0MlMkZhJTNFJTBBJTIwJTIwJTNDYSUyMGhyZWYlM0QlMjJodHRwJTNBJTJGJTJGd3d3LmljcGUucm8lMkZybyUyRnBsdXMtbW9ieSUyRmNvbnNvcnRpdSUyRiUyMiUzRUNvbnNvciVDNSVBM2l1JTNDJTJGYSUzRSUwQSUyMCUyMCUzQ2ElMjBocmVmJTNEJTIyaHR0cCUzQSUyRiUyRnd3dy5pY3BlLnJvJTJGcm8lMkZwbHVzLW1vYnklMkZldGFwZSUyRiUyMiUzRVBhY2hldGUlMjBkZSUyMGx1Y3J1JTNDJTJGYSUzRSUwQSUyMCUyMCUzQ2ElMjBocmVmJTNEJTIyaHR0cCUzQSUyRiUyRnd3dy5pY3BlLnJvJTJGcm8lMkZwbHVzLW1vYnklMkZub3V0YXRpJTJGJTIyJTNFTm91dCVDNCU4MyVDNSVBM2klM0MlMkZhJTNFJTBBJTIwJTIwJTNDYSUyMGhyZWYlM0QlMjJodHRwJTNBJTJGJTJGd3d3LmljcGUucm8lMkZybyUyRnBsdXMtbW9ieSUyRmNvbnRhY3QlMkYlMjIlM0VDb250YWN0JTNDJTJGYSUzRSUwQSUyMCUyMCUzQ2xpJTIwc3R5bGUlM0QlMjJmbG9hdCUzQXJpZ2h0JTIyJTNFJTNDYSUyMGNsYXNzJTNEJTIyYWN0aXZlJTIyJTIwaHJlZiUzRCUyMmh0dHAlM0ElMkYlMkZ3d3cuaWNwZS5ybyUyRnBsdXMtbW9ieSUyRiUyMiUzRUVOJTNDJTJGYSUzRSUzQyUyRmxpJTNFJTBBJTBBJTBBJTIwJTIwJTNDYSUyMGhyZWYlM0QlMjJqYXZhc2NyaXB0JTNBdm9pZCUyODAlMjklM0IlMjIlMjBzdHlsZSUzRCUyMmZvbnQtc2l6ZSUzQTE1cHglM0IlMjIlMjBjbGFzcyUzRCUyMmljb24lMjIlMjBvbmNsaWNrJTNEJTIybXlGdW5jdGlvbiUyOCUyOSUyMiUzRSUyNiUyMzk3NzYlM0IlM0MlMkZhJTNFJTBBJTNDJTJGZGl2JTNFJTBBJTBBJTNDc2NyaXB0JTNFJTBBZnVuY3Rpb24lMjBteUZ1bmN0aW9uJTI4JTI5JTIwJTdCJTBBJTIwJTIwJTIwJTIwdmFyJTIweCUyMCUzRCUyMGRvY3VtZW50LmdldEVsZW1lbnRCeUlkJTI4JTIybXlUb3BuYXYlMjIlMjklM0IlMEElMjAlMjAlMjAlMjBpZiUyMCUyOHguY2xhc3NOYW1lJTIwJTNEJTNEJTNEJTIwJTIydG9wbmF2JTIyJTI5JTIwJTdCJTBBJTIwJTIwJTIwJTIwJTIwJTIwJTIwJTIweC5jbGFzc05hbWUlMjAlMkIlM0QlMjAlMjIlMjByZXNwb25zaXZlJTIyJTNCJTBBJTIwJTIwJTIwJTIwJTdEJTIwZWxzZSUyMCU3QiUwQSUyMCUyMCUyMCUyMCUyMCUyMCUyMCUyMHguY2xhc3NOYW1lJTIwJTNEJTIwJTIydG9wbmF2JTIyJTNCJTBBJTIwJTIwJTIwJTIwJTdEJTBBJTdEJTBBJTNDJTJGc2NyaXB0JTNF[\/vc_raw_html][\/vc_column][\/vc_row][vc_row][vc_column width=&#8221;1\/1&#8243;][\/vc_column][\/vc_row][vc_row bg_color=&#8221;#efefef&#8221; top_padding=&#8221;20&#8243; bottom_padding=&#8221;20&#8243;][vc_column width=&#8221;1\/1&#8243;][\/vc_column][\/vc_row][vc_row top_padding=&#8221;40&#8243;][vc_column width=&#8221;1\/6&#8243;][vc_pie value=&#8221;100&#8243; color=&#8221;#1e73be&#8221; title=&#8221;Realizat&#8221; units=&#8221;%&#8221;][\/vc_column][vc_column width=&#8221;5\/6&#8243;][vc_column_text]Pachetul de lucru 1 \u0218asiu integrat \u0219i carcas\u0103 de caroserie Activitatea 1.1. Definirea interfe\u0163ei mecanice a sistemului de propulsie, fixarea pe \u015fasiu, alegerea carcasei Activitatea 1.2. Integrarea suspensiilor pe toate axele[\/vc_column_text][\/vc_column][\/vc_row][vc_row][vc_column width=&#8221;1\/1&#8243;][\/vc_column][\/vc_row][vc_row][vc_column width=&#8221;1\/6&#8243;][vc_pie value=&#8221;100&#8243; color=&#8221;#1e73be&#8221; title=&#8221;Realizat&#8221; units=&#8221;%&#8221;][\/vc_column][vc_column width=&#8221;5\/6&#8243;][vc_column_text]Pachetul de lucru 2 Trenul de rulare electric multifunc\u0163ional Activitatea 2.5. Implementarea algoritmilor de control direct al fluxului pentru ma\u015fina PMaSyR (ma\u015fina sincron\u0103 reactiv\u0103 cu magne\u0163i din ferit\u0103)[\/vc_column_text][\/vc_column][\/vc_row][vc_row][vc_column width=&#8221;1\/1&#8243;][\/vc_column][\/vc_row][vc_row bottom_padding=&#8221;40&#8243;][vc_column width=&#8221;1\/6&#8243;][vc_pie value=&#8221;100&#8243; color=&#8221;#1e73be&#8221; title=&#8221;Realizat&#8221; units=&#8221;%&#8221;][\/vc_column][vc_column width=&#8221;5\/6&#8243;][vc_column_text]Pachetul de lucru 3 Integrarea sistemelor, gestionarea \u0219i parametrizarea &#8220;ca un \u00eentreg&#8221; Activitatea 3.1. Asamblarea tuturor sub-modulelor Activitatea 3.2. Proceduri de control ale trenului de rulare \u015fi sistemelor auxiliare[\/vc_column_text][\/vc_column][\/vc_row][vc_row][vc_column width=&#8221;1\/1&#8243;][\/vc_column][\/vc_row][vc_row bottom_padding=&#8221;40&#8243;][vc_column width=&#8221;1\/6&#8243;][vc_pie value=&#8221;100&#8243; color=&#8221;#1e73be&#8221; title=&#8221;Realizat&#8221; units=&#8221;%&#8221;][\/vc_column][vc_column width=&#8221;5\/6&#8243;][vc_column_text]Pachetul de lucru 4 Linie de asamblare pentru procese de fabrica\u0163ie cu costuri reduse \u0219i cu consum redus de energie Activitatea 4.1. Introducerea \u00een fabrica\u0163ie; stabilirea echipamentelor \u015fi materialelor necesare Activitatea 4.2. Investi\u0163ii \u00een raport cu volumul de produc\u0163ie Activitatea 4.3. Aprovizionarea cumateriale[\/vc_column_text][\/vc_column][\/vc_row][vc_row][vc_column width=&#8221;1\/1&#8243;][\/vc_column][\/vc_row][vc_row bottom_padding=&#8221;40&#8243;][vc_column width=&#8221;1\/6&#8243;][vc_pie value=&#8221;100&#8243; color=&#8221;#1e73be&#8221; title=&#8221;Realizat&#8221; units=&#8221;%&#8221;][\/vc_column][vc_column width=&#8221;5\/6&#8243;][vc_column_text]Pachetul de lucru 5 \u00a0Noi abord\u0103ri de afaceri, bazate pe bugete relativ sc\u0103zute \u0219i care conduc la lan\u021buri de aprovizionare noi Activitatea 5.1. Studiu de caz de succes [&hellip;]<\/p>\n","protected":false},"author":2,"featured_media":0,"parent":19582,"menu_order":275,"comment_status":"closed","ping_status":"closed","template":"","meta":[],"folder":[58],"_links":{"self":[{"href":"http:\/\/www.icpe.ro\/ro\/wp-json\/wp\/v2\/pages\/19586"}],"collection":[{"href":"http:\/\/www.icpe.ro\/ro\/wp-json\/wp\/v2\/pages"}],"about":[{"href":"http:\/\/www.icpe.ro\/ro\/wp-json\/wp\/v2\/types\/page"}],"author":[{"embeddable":true,"href":"http:\/\/www.icpe.ro\/ro\/wp-json\/wp\/v2\/users\/2"}],"replies":[{"embeddable":true,"href":"http:\/\/www.icpe.ro\/ro\/wp-json\/wp\/v2\/comments?post=19586"}],"version-history":[{"count":0,"href":"http:\/\/www.icpe.ro\/ro\/wp-json\/wp\/v2\/pages\/19586\/revisions"}],"up":[{"embeddable":true,"href":"http:\/\/www.icpe.ro\/ro\/wp-json\/wp\/v2\/pages\/19582"}],"wp:attachment":[{"href":"http:\/\/www.icpe.ro\/ro\/wp-json\/wp\/v2\/media?parent=19586"}],"wp:term":[{"taxonomy":"folder","embeddable":true,"href":"http:\/\/www.icpe.ro\/ro\/wp-json\/wp\/v2\/folder?post=19586"}],"curies":[{"name":"wp","href":"https:\/\/api.w.org\/{rel}","templated":true}]}}