{"id":19576,"date":"2018-03-06T10:41:16","date_gmt":"2018-03-06T07:41:16","guid":{"rendered":"http:\/\/www.icpe.ro\/ro\/?page_id=19576"},"modified":"2018-03-20T09:28:33","modified_gmt":"2018-03-20T06:28:33","slug":"despre-proiect","status":"publish","type":"page","link":"http:\/\/www.icpe.ro\/ro\/brimee\/despre-proiect\/","title":{"rendered":"Despre proiect"},"content":{"rendered":"<p>[vc_row type=&#8221;full_width_section&#8221;][vc_column width=&#8221;1\/1&#8243;][vc_raw_html]JTNDc3R5bGUlM0UlMEEudG9wbmF2JTIwJTdCJTBBJTBBJTIwJTIwJTIwJTIwbGlzdC1zdHlsZSUzQW5vbmUlM0IlMEElMjAlMjAlMjAlMjBtYXJnaW4lM0EwJTNCJTBBJTIwJTIwJTIwJTIwcGFkZGluZyUzQTAlM0IlMEElMjAlMjAlMjAlMjB0ZXh0LWFsaWduJTNBY2VudGVyJTNCJTBBJTdEJTBBJTBBLnRvcG5hdiUyMGxpJTIwJTdCJTBBJTIwJTIwZGlzcGxheSUzQWlubGluZSUzQiUwQSU3RCUwQSUwQS50b3BuYXYlMjBhJTdCJTBBJTIwJTIwZGlzcGxheSUzQWlubGluZS1ibG9jayUzQiUwQSUyMCUyMGNvbG9yJTNBJTIwJTIzMDAwJTNCJTBBJTIwJTIwJTIwJTIwcGFkZGluZyUzQTE4cHglMjAzNnB4JTNCJTBBJTIwJTIwZm9udC1zaXplJTNBMTdweCUzQiUwQSU3RCUwQS50b3BuYXYlMjBhJTNBaG92ZXIlMjAlN0IlMEElMjAlMjBiYWNrZ3JvdW5kLWNvbG9yJTNBJTIwJTIzZGRkJTNCJTBBJTIwJTIwY29sb3IlM0ElMjBibGFjayUzQiUwQSU3RCUwQSUwQS50b3BuYXYlMjAuaWNvbiUyMCU3QiUwQSUyMCUyMGRpc3BsYXklM0ElMjBub25lJTNCJTBBJTdEJTBBLmFjdGl2ZSUyMCU3QiUwQSUyMCUyMCUyMCUyMGJhY2tncm91bmQtY29sb3IlM0ElMjAlMjNmN2Y3ZjclM0IlMEElMjAlMjAlMjAlMjBmb250LXdlaWdodCUzQSUyMGJvbGQlM0IlMEElN0QlMEElMEElNDBtZWRpYSUyMHNjcmVlbiUyMGFuZCUyMCUyOG1heC13aWR0aCUzQSUyMDYwMHB4JTI5JTIwJTdCJTBBJTIwJTIwLnRvcG5hdiUyMGElM0Fub3QlMjglM0FmaXJzdC1jaGlsZCUyOSUyMCU3QmRpc3BsYXklM0ElMjBub25lJTNCJTdEJTBBJTIwJTIwLnRvcG5hdiUyMGEuaWNvbiUyMCU3QiUwQSUyMCUyMCUyMCUyMGZsb2F0JTNBJTIwcmlnaHQlM0IlMEElMjAlMjAlMjAlMjBkaXNwbGF5JTNBJTIwYmxvY2slM0IlMEElMjAlMjAlN0QlMEElN0QlMEElMEElNDBtZWRpYSUyMHNjcmVlbiUyMGFuZCUyMCUyOG1heC13aWR0aCUzQSUyMDYwMHB4JTI5JTIwJTdCJTBBJTIwJTIwLnRvcG5hdi5yZXNwb25zaXZlJTIwJTdCcG9zaXRpb24lM0ElMjByZWxhdGl2ZSUzQiU3RCUwQSUyMCUyMC50b3BuYXYucmVzcG9uc2l2ZSUyMC5pY29uJTIwJTdCJTBBJTIwJTIwJTIwJTIwcG9zaXRpb24lM0ElMjBhYnNvbHV0ZSUzQiUwQSUyMCUyMCUyMCUyMHJpZ2h0JTNBJTIwMCUzQiUwQSUyMCUyMCUyMCUyMHRvcCUzQSUyMDAlM0IlMEElMjAlMjAlN0QlMEElMjAlMjAudG9wbmF2LnJlc3BvbnNpdmUlMjBhJTIwJTdCJTBBJTIwJTIwJTIwJTIwZmxvYXQlM0ElMjBub25lJTNCJTBBJTIwJTIwJTIwJTIwZGlzcGxheSUzQSUyMGJsb2NrJTNCJTBBJTIwJTIwJTIwJTIwdGV4dC1hbGlnbiUzQSUyMGxlZnQlM0IlMEElMjAlMjAlN0QlMEElMEElN0QlMEElM0MlMkZzdHlsZSUzRSUwQSUwQSUwQSUwQSUzQ2RpdiUyMGNsYXNzJTNEJTIydG9wbmF2JTIyJTIwaWQlM0QlMjJteVRvcG5hdiUyMiUzRSUwQSUyMCUyMCUzQ2ElMjBocmVmJTNEJTIyaHR0cCUzQSUyRiUyRnd3dy5pY3BlLnJvJTJGcm8lMkZicmltZWUlMkYlMjIlM0VBY2FzJUM0JTgzJTNDJTJGYSUzRSUwQSUyMCUyMCUzQ2ElMjBocmVmJTNEJTIyaHR0cCUzQSUyRiUyRnd3dy5pY3BlLnJvJTJGcm8lMkZicmltZWUlMkZkZXNwcmUtcHJvaWVjdCUyRiUyMiUzRURlc3ByZSUyMHByb2llY3QlM0MlMkZhJTNFJTBBJTIwJTIwJTNDYSUyMGhyZWYlM0QlMjJodHRwJTNBJTJGJTJGd3d3LmljcGUucm8lMkZybyUyRmJyaW1lZSUyRmNvbnNvcnRpdSUyRiUyMiUzRUNvbnNvciVDNSVBM2l1JTNDJTJGYSUzRSUwQSUyMCUyMCUzQ2ElMjBocmVmJTNEJTIyaHR0cCUzQSUyRiUyRnd3dy5pY3BlLnJvJTJGcm8lMkZicmltZWUlMkZldGFwZSUyRiUyMiUzRVBhY2hldGUlMjBkZSUyMGx1Y3J1JTNDJTJGYSUzRSUwQSUyMCUyMCUzQ2ElMjBocmVmJTNEJTIyaHR0cCUzQSUyRiUyRnd3dy5pY3BlLnJvJTJGcm8lMkZicmltZWUlMkZub3V0YXRpJTJGJTIyJTNFTm91dCVDNCU4MyVDNSVBM2klM0MlMkZhJTNFJTBBJTIwJTIwJTNDYSUyMGhyZWYlM0QlMjJodHRwJTNBJTJGJTJGd3d3LmljcGUucm8lMkZybyUyRmJyaW1lZSUyRmNvbnRhY3QlMkYlMjIlM0VDb250YWN0JTNDJTJGYSUzRSUwQSUyMCUyMCUzQ2xpJTIwc3R5bGUlM0QlMjJmbG9hdCUzQXJpZ2h0JTIyJTNFJTNDYSUyMGNsYXNzJTNEJTIyYWN0aXZlJTIyJTIwaHJlZiUzRCUyMmh0dHAlM0ElMkYlMkZ3d3cuaWNwZS5ybyUyRmJyaW1lZSUyRiUyMiUzRUVOJTNDJTJGYSUzRSUzQyUyRmxpJTNFJTBBJTBBJTBBJTIwJTIwJTNDYSUyMGhyZWYlM0QlMjJqYXZhc2NyaXB0JTNBdm9pZCUyODAlMjklM0IlMjIlMjBzdHlsZSUzRCUyMmZvbnQtc2l6ZSUzQTE1cHglM0IlMjIlMjBjbGFzcyUzRCUyMmljb24lMjIlMjBvbmNsaWNrJTNEJTIybXlGdW5jdGlvbiUyOCUyOSUyMiUzRSUyNiUyMzk3NzYlM0IlM0MlMkZhJTNFJTBBJTNDJTJGZGl2JTNFJTBBJTBBJTNDc2NyaXB0JTNFJTBBZnVuY3Rpb24lMjBteUZ1bmN0aW9uJTI4JTI5JTIwJTdCJTBBJTIwJTIwJTIwJTIwdmFyJTIweCUyMCUzRCUyMGRvY3VtZW50LmdldEVsZW1lbnRCeUlkJTI4JTIybXlUb3BuYXYlMjIlMjklM0IlMEElMjAlMjAlMjAlMjBpZiUyMCUyOHguY2xhc3NOYW1lJTIwJTNEJTNEJTNEJTIwJTIydG9wbmF2JTIyJTI5JTIwJTdCJTBBJTIwJTIwJTIwJTIwJTIwJTIwJTIwJTIweC5jbGFzc05hbWUlMjAlMkIlM0QlMjAlMjIlMjByZXNwb25zaXZlJTIyJTNCJTBBJTIwJTIwJTIwJTIwJTdEJTIwZWxzZSUyMCU3QiUwQSUyMCUyMCUyMCUyMCUyMCUyMCUyMCUyMHguY2xhc3NOYW1lJTIwJTNEJTIwJTIydG9wbmF2JTIyJTNCJTBBJTIwJTIwJTIwJTIwJTdEJTBBJTdEJTBBJTNDJTJGc2NyaXB0JTNFJTBB[\/vc_raw_html][\/vc_column][\/vc_row][vc_row][vc_column width=&#8221;1\/1&#8243;]<div class=\"single_image wpb_content_element align-center    \" data-animation=\"none\" data-delay=\"0\"><img width=\"300\" height=\"152\" src=\"http:\/\/www.icpe.ro\/ro\/wp-content\/uploads\/2013\/01\/brimee.jpg\" class=\"attachment-full\" alt=\"\" loading=\"lazy\" \/><\/div>[\/vc_column][\/vc_row][vc_row bg_color=&#8221;#efefef&#8221; top_padding=&#8221;20&#8243; bottom_padding=&#8221;20&#8243;][vc_column width=&#8221;1\/1&#8243;]<h1 class=\"headline font-inherit fontsize-m fontweight-700 lh-inherit align-center transform-uppercase \" style=\"margin: 0 0 0 0;\">Despre proiect<\/h1>[\/vc_column][\/vc_row][vc_row top_padding=&#8221;40&#8243; bottom_padding=&#8221;40&#8243;][vc_column width=&#8221;1\/2&#8243;][vc_column_text]Proiectul BRIMEE (website principal: www.brimee.eu) a fost c\u00e2\u0219tigat \u00een cadrul programului FP7, (Project number: 608910, Call identifier: Fp7-2013-NMP- ENV-EeB, Funding scheme: Collaborative project). \u00cen acest proiect, Icpe este singurul participant din Rom\u00e2nia consor\u021biul fiind coordonat de firma D&#8217;Appolonia &#8211; Italia.<br \/>\nUna din provoc\u0103rile prezentului se refer\u0103 la realizarea de cl\u0103diri cu consum redus de energie, sustenabile, care s\u0103 \u00eembine \u00een acela\u015fi timp propriet\u0103\u0163ile termoizolatoare ale materialelor de construc\u0163ii, oferind \u00een interior un mediu s\u0103n\u0103tos, confort, accesibilitate \u015fi condi\u0163ii de siguran\u0163\u0103. Reducerea cerin\u0163elor energetice prin intermediul materialelor izolante, r\u0103m\u00e2ne \u00eenc\u0103 o provocare at\u00e2t pentru arhitec\u0163ii europeni, proiectan\u0163ii de cl\u0103diri c\u00e2t \u015fi pentru produc\u0103torii de materiale. Pe l\u00e2ng\u0103 performan\u0163ele \u00een timp termice \u015fi acustice, un material de izola\u0163ie cu succes de pia\u0163\u0103 ar trebui s\u0103 aib\u0103 o serie de caracteristici, cum ar fi: nedegradabilitatea, nedeformabilitatea, siguran\u0163\u0103 \u00een timpul manipul\u0103rii \u015fi mont\u0103rii, un pre\u0163 de cost sc\u0103zut, s\u0103 fie nepoluant pentru locuin\u0163e \u015fi un consum redus de energie. Scopul principal al proiectului BRIMEE, este de a combina caracteristicile unor materiale izolatoare performante \u00een vederea cre\u015fterii eficien\u0163ei energetice a cl\u0103dirilor, iar obiectivul final al \u00eentregului proiect este de a ob\u0163ine, prin intermediul materialelor dezvoltate \u00een cadrul proiectului, reduceri ale cheltuielilor energetice de operare. Aceste materiale nu vor emite substan\u0163e nocive \u00een mediul interior \u015fi vor avea \u015fi capabilitatea de a ac\u0163iona ca un absorbant pentru poluan\u0163ii din interiorul locuin\u0163elor.<br \/>\nSolu\u0163ia inovativ\u0103 a proiectului se bazeaz\u0103 pe spuma celulozic\u0103 nano-cristalin\u0103, rigidizat\u0103 cu r\u0103\u015fin\u0103 (furan), care asigur\u0103 propriet\u0103\u0163i ignifuge acestui material. O abordare inovativ\u0103 va conferi materialului caracteristici adi\u0163ionale foarte importante, care se refer\u0103 la absorb\u0163ia mirosurilor, impermeabilitatea \u015fi calit\u0103\u0163ile antibacteriene.<br \/>\nDatorit\u0103 unei proces\u0103ri avansate, materialul poate fi ob\u0163inut foarte profitabil din reziduuri provenite din industria de prelucrare a h\u00e2rtiei.<br \/>\nDe\u015fi familia de produse BRIMEE sunt destinate anvelop\u0103rii externe \u015fi interioare, at\u00e2t a cl\u0103dirilor existente c\u00e2t \u015fi a celor noi, se previzioneaz\u0103 c\u0103 cel mai mare impact \u015fi succes de pia\u0163\u0103 va fi reprezentat de cl\u0103dirile care necesita reabilitare construite \u00eenainte de anul 1975.[\/vc_column_text][\/vc_column][vc_column width=&#8221;1\/2&#8243;][vc_column_text]Aceasta este pia\u0163a ini\u0163ial\u0103 avut\u0103 \u00een vedere, \u00een concordan\u0163\u0103 cu priorit\u0103\u0163ile Uniunii Europene precum \u015fi cu directivele recente \u015fi planurile de ac\u0163iune.<br \/>\nConsor\u0163iul format pentru realizarea proiectului BRIMEE, este coordonat de firma D&#8217;Appolonia (Italia). ICPE este singurul partener din Rom\u00e2nia \u00een acest consor\u0163iu format din 14 entit\u0103\u0163i din 10 \u0163\u0103ri (Italia, Spania, Germania, Cehia, Slovenia, Israel, Polonia, Anglia, Grecia \u015fi Rom\u00e2nia).<br \/>\n<strong>Cofinan\u0163area a fot asigurat\u0103 de Unitatea Executiv\u0103 pentru Finan\u0163are a \u00cenv\u0103\u0163\u0103m\u00e2ntului Superior, a Cercet\u0103rii, Dezvolt\u0103rii \u015fi Inov\u0103rii (UEFISCDI) prin contractul nr. C.234 EU\/04.09.2013, semnat cu Autoritatea Na\u0163ional\u0103 pentru Cercetare \u015etiin\u0163ific\u0103, \u00een cadrul Programului PN II Capacit\u0103\u0163i \u2013 Modulul III PC7-Cofina\u0163area particip\u0103rii Rom\u00e2niei la Programul FP7.<\/strong><br \/>\nEchipa proiectului este multidisciplinar\u0103, av\u00e2nd subechipe de lucru cu sarcini bine definite \u00een cadrul proiectului. Pentru \u00eendeplinirea obiectivelor proiectului, activit\u0103\u0163ile ce urmeaza a fi desf\u0103\u015furate au fost grupate \u00een nou\u0103 pachete de lucru (WP-uri), fiecare av\u00e2nd specificate diferite task-uri (activit\u0103\u0163i) \u015fi subtaskuri (subactivit\u0103\u0163i) specifice ca \u015fi livrabilele.<br \/>\nPlanul de lucru aferent proiectului, se aliniaz\u0103 obiectivelor \u0219tiin\u021bifice \u0219i tehnologice, \u0163in\u00e2nd cont de metodologia adoptat\u0103 \u015fi de impactul previzionat. \u00cen cadrul descrierii proiectului, au fost stabilite valori clare, cuantificabile \u015fi m\u0103surabile \u00een ceea ce priveste performan\u021bele. Testarile au fost realizate at\u00e2t \u00een laboratoare acreditate interna\u0163ional ale partenerilor la proiect c\u00e2t \u015fi direct \u00een cl\u0103dirile supuse procesului de reabilitare. Pentru validarea rezultatelor, \u00een ceea ce prive\u0219te evaluarea economiei de energie, au fost investihate 3 cl\u0103diri demonstrative situate \u00een zone climatice diferite.<br \/>\nProiectul <strong>BRIMEE<\/strong> (website principal: <a href=\"http:\/\/www.brimee.eu\">www.brimee.eu<\/a>) a fost c\u00e2\u0219tigat \u00een cadrul programului FP7, (Project number: 608910, Call identifier: Fp7-2013-NMP- ENV-EeB, Funding scheme: Collaborative project).<\/p>\n<p>Proiectul <strong>BRIMEE<\/strong> s-a desf\u0103\u0219urat \u00een perioada <strong>01 iunie 2013 \u2013 30 iulie 2017.<\/strong>[\/vc_column_text][\/vc_column][\/vc_row][vc_row bg_type=&#8221;bg_color&#8221; ult_hide_row=&#8221;ult_hide_row_value&#8221; ult_hide_row_tablet=&#8221;tablet&#8221; ult_hide_row_tablet_small=&#8221;xs_tablet&#8221; ult_hide_row_mobile=&#8221;mobile&#8221; ult_hide_row_mobile_large=&#8221;xl_mobile&#8221;][vc_column width=&#8221;1\/1&#8243;]<div class=\"spacer\" style=\"height: 250px;\"><\/div>[\/vc_column][\/vc_row][vc_row bg_color=&#8221;#262626&#8243; top_padding=&#8221;70&#8243; bottom_padding=&#8221;70&#8243; bg_type=&#8221;bg_color&#8221;][vc_column width=&#8221;1\/2&#8243;][vc_column_text]\u00a9 Icpe | Tehnologii pentru dezvoltare durabil\u0103<br \/>\n<a href=\"http:\/\/www.icpe.ro\/ro\/termeni\" target=\"_blank\" rel=\"noopener\">Termeni \u0219i Condi\u021bii<\/a>[\/vc_column_text][\/vc_column][vc_column text_align=&#8221;center&#8221; width=&#8221;1\/2&#8243;]<a href=\"http:\/\/www.icpe.ro\/ro\/institutul\/proiecte\/\" target=\"_blank\" class=\"button color-3 small \" style=\"border-radius: 2px;\">Vezi mai multe proiecte<\/a>[\/vc_column][\/vc_row]<\/p>\n","protected":false},"excerpt":{"rendered":"<p>[vc_row type=&#8221;full_width_section&#8221;][vc_column width=&#8221;1\/1&#8243;][vc_raw_html]JTNDc3R5bGUlM0UlMEEudG9wbmF2JTIwJTdCJTBBJTBBJTIwJTIwJTIwJTIwbGlzdC1zdHlsZSUzQW5vbmUlM0IlMEElMjAlMjAlMjAlMjBtYXJnaW4lM0EwJTNCJTBBJTIwJTIwJTIwJTIwcGFkZGluZyUzQTAlM0IlMEElMjAlMjAlMjAlMjB0ZXh0LWFsaWduJTNBY2VudGVyJTNCJTBBJTdEJTBBJTBBLnRvcG5hdiUyMGxpJTIwJTdCJTBBJTIwJTIwZGlzcGxheSUzQWlubGluZSUzQiUwQSU3RCUwQSUwQS50b3BuYXYlMjBhJTdCJTBBJTIwJTIwZGlzcGxheSUzQWlubGluZS1ibG9jayUzQiUwQSUyMCUyMGNvbG9yJTNBJTIwJTIzMDAwJTNCJTBBJTIwJTIwJTIwJTIwcGFkZGluZyUzQTE4cHglMjAzNnB4JTNCJTBBJTIwJTIwZm9udC1zaXplJTNBMTdweCUzQiUwQSU3RCUwQS50b3BuYXYlMjBhJTNBaG92ZXIlMjAlN0IlMEElMjAlMjBiYWNrZ3JvdW5kLWNvbG9yJTNBJTIwJTIzZGRkJTNCJTBBJTIwJTIwY29sb3IlM0ElMjBibGFjayUzQiUwQSU3RCUwQSUwQS50b3BuYXYlMjAuaWNvbiUyMCU3QiUwQSUyMCUyMGRpc3BsYXklM0ElMjBub25lJTNCJTBBJTdEJTBBLmFjdGl2ZSUyMCU3QiUwQSUyMCUyMCUyMCUyMGJhY2tncm91bmQtY29sb3IlM0ElMjAlMjNmN2Y3ZjclM0IlMEElMjAlMjAlMjAlMjBmb250LXdlaWdodCUzQSUyMGJvbGQlM0IlMEElN0QlMEElMEElNDBtZWRpYSUyMHNjcmVlbiUyMGFuZCUyMCUyOG1heC13aWR0aCUzQSUyMDYwMHB4JTI5JTIwJTdCJTBBJTIwJTIwLnRvcG5hdiUyMGElM0Fub3QlMjglM0FmaXJzdC1jaGlsZCUyOSUyMCU3QmRpc3BsYXklM0ElMjBub25lJTNCJTdEJTBBJTIwJTIwLnRvcG5hdiUyMGEuaWNvbiUyMCU3QiUwQSUyMCUyMCUyMCUyMGZsb2F0JTNBJTIwcmlnaHQlM0IlMEElMjAlMjAlMjAlMjBkaXNwbGF5JTNBJTIwYmxvY2slM0IlMEElMjAlMjAlN0QlMEElN0QlMEElMEElNDBtZWRpYSUyMHNjcmVlbiUyMGFuZCUyMCUyOG1heC13aWR0aCUzQSUyMDYwMHB4JTI5JTIwJTdCJTBBJTIwJTIwLnRvcG5hdi5yZXNwb25zaXZlJTIwJTdCcG9zaXRpb24lM0ElMjByZWxhdGl2ZSUzQiU3RCUwQSUyMCUyMC50b3BuYXYucmVzcG9uc2l2ZSUyMC5pY29uJTIwJTdCJTBBJTIwJTIwJTIwJTIwcG9zaXRpb24lM0ElMjBhYnNvbHV0ZSUzQiUwQSUyMCUyMCUyMCUyMHJpZ2h0JTNBJTIwMCUzQiUwQSUyMCUyMCUyMCUyMHRvcCUzQSUyMDAlM0IlMEElMjAlMjAlN0QlMEElMjAlMjAudG9wbmF2LnJlc3BvbnNpdmUlMjBhJTIwJTdCJTBBJTIwJTIwJTIwJTIwZmxvYXQlM0ElMjBub25lJTNCJTBBJTIwJTIwJTIwJTIwZGlzcGxheSUzQSUyMGJsb2NrJTNCJTBBJTIwJTIwJTIwJTIwdGV4dC1hbGlnbiUzQSUyMGxlZnQlM0IlMEElMjAlMjAlN0QlMEElMEElN0QlMEElM0MlMkZzdHlsZSUzRSUwQSUwQSUwQSUwQSUzQ2RpdiUyMGNsYXNzJTNEJTIydG9wbmF2JTIyJTIwaWQlM0QlMjJteVRvcG5hdiUyMiUzRSUwQSUyMCUyMCUzQ2ElMjBocmVmJTNEJTIyaHR0cCUzQSUyRiUyRnd3dy5pY3BlLnJvJTJGcm8lMkZicmltZWUlMkYlMjIlM0VBY2FzJUM0JTgzJTNDJTJGYSUzRSUwQSUyMCUyMCUzQ2ElMjBocmVmJTNEJTIyaHR0cCUzQSUyRiUyRnd3dy5pY3BlLnJvJTJGcm8lMkZicmltZWUlMkZkZXNwcmUtcHJvaWVjdCUyRiUyMiUzRURlc3ByZSUyMHByb2llY3QlM0MlMkZhJTNFJTBBJTIwJTIwJTNDYSUyMGhyZWYlM0QlMjJodHRwJTNBJTJGJTJGd3d3LmljcGUucm8lMkZybyUyRmJyaW1lZSUyRmNvbnNvcnRpdSUyRiUyMiUzRUNvbnNvciVDNSVBM2l1JTNDJTJGYSUzRSUwQSUyMCUyMCUzQ2ElMjBocmVmJTNEJTIyaHR0cCUzQSUyRiUyRnd3dy5pY3BlLnJvJTJGcm8lMkZicmltZWUlMkZldGFwZSUyRiUyMiUzRVBhY2hldGUlMjBkZSUyMGx1Y3J1JTNDJTJGYSUzRSUwQSUyMCUyMCUzQ2ElMjBocmVmJTNEJTIyaHR0cCUzQSUyRiUyRnd3dy5pY3BlLnJvJTJGcm8lMkZicmltZWUlMkZub3V0YXRpJTJGJTIyJTNFTm91dCVDNCU4MyVDNSVBM2klM0MlMkZhJTNFJTBBJTIwJTIwJTNDYSUyMGhyZWYlM0QlMjJodHRwJTNBJTJGJTJGd3d3LmljcGUucm8lMkZybyUyRmJyaW1lZSUyRmNvbnRhY3QlMkYlMjIlM0VDb250YWN0JTNDJTJGYSUzRSUwQSUyMCUyMCUzQ2xpJTIwc3R5bGUlM0QlMjJmbG9hdCUzQXJpZ2h0JTIyJTNFJTNDYSUyMGNsYXNzJTNEJTIyYWN0aXZlJTIyJTIwaHJlZiUzRCUyMmh0dHAlM0ElMkYlMkZ3d3cuaWNwZS5ybyUyRmJyaW1lZSUyRiUyMiUzRUVOJTNDJTJGYSUzRSUzQyUyRmxpJTNFJTBBJTBBJTBBJTIwJTIwJTNDYSUyMGhyZWYlM0QlMjJqYXZhc2NyaXB0JTNBdm9pZCUyODAlMjklM0IlMjIlMjBzdHlsZSUzRCUyMmZvbnQtc2l6ZSUzQTE1cHglM0IlMjIlMjBjbGFzcyUzRCUyMmljb24lMjIlMjBvbmNsaWNrJTNEJTIybXlGdW5jdGlvbiUyOCUyOSUyMiUzRSUyNiUyMzk3NzYlM0IlM0MlMkZhJTNFJTBBJTNDJTJGZGl2JTNFJTBBJTBBJTNDc2NyaXB0JTNFJTBBZnVuY3Rpb24lMjBteUZ1bmN0aW9uJTI4JTI5JTIwJTdCJTBBJTIwJTIwJTIwJTIwdmFyJTIweCUyMCUzRCUyMGRvY3VtZW50LmdldEVsZW1lbnRCeUlkJTI4JTIybXlUb3BuYXYlMjIlMjklM0IlMEElMjAlMjAlMjAlMjBpZiUyMCUyOHguY2xhc3NOYW1lJTIwJTNEJTNEJTNEJTIwJTIydG9wbmF2JTIyJTI5JTIwJTdCJTBBJTIwJTIwJTIwJTIwJTIwJTIwJTIwJTIweC5jbGFzc05hbWUlMjAlMkIlM0QlMjAlMjIlMjByZXNwb25zaXZlJTIyJTNCJTBBJTIwJTIwJTIwJTIwJTdEJTIwZWxzZSUyMCU3QiUwQSUyMCUyMCUyMCUyMCUyMCUyMCUyMCUyMHguY2xhc3NOYW1lJTIwJTNEJTIwJTIydG9wbmF2JTIyJTNCJTBBJTIwJTIwJTIwJTIwJTdEJTBBJTdEJTBBJTNDJTJGc2NyaXB0JTNFJTBB[\/vc_raw_html][\/vc_column][\/vc_row][vc_row][vc_column width=&#8221;1\/1&#8243;][\/vc_column][\/vc_row][vc_row bg_color=&#8221;#efefef&#8221; top_padding=&#8221;20&#8243; bottom_padding=&#8221;20&#8243;][vc_column width=&#8221;1\/1&#8243;][\/vc_column][\/vc_row][vc_row top_padding=&#8221;40&#8243; bottom_padding=&#8221;40&#8243;][vc_column width=&#8221;1\/2&#8243;][vc_column_text]Proiectul BRIMEE (website principal: www.brimee.eu) a fost c\u00e2\u0219tigat \u00een cadrul programului FP7, (Project number: 608910, Call identifier: Fp7-2013-NMP- ENV-EeB, Funding scheme: Collaborative project). \u00cen acest proiect, Icpe este singurul participant din Rom\u00e2nia consor\u021biul fiind coordonat de firma D&#8217;Appolonia &#8211; Italia. Una din provoc\u0103rile prezentului se refer\u0103 la realizarea de cl\u0103diri cu consum redus de energie, sustenabile, care s\u0103 \u00eembine \u00een acela\u015fi timp propriet\u0103\u0163ile termoizolatoare ale materialelor de construc\u0163ii, oferind \u00een interior un mediu s\u0103n\u0103tos, confort, accesibilitate \u015fi condi\u0163ii de siguran\u0163\u0103. Reducerea cerin\u0163elor energetice prin intermediul materialelor izolante, r\u0103m\u00e2ne \u00eenc\u0103 o provocare at\u00e2t pentru arhitec\u0163ii europeni, proiectan\u0163ii de cl\u0103diri c\u00e2t \u015fi pentru produc\u0103torii de materiale. Pe l\u00e2ng\u0103 performan\u0163ele \u00een timp termice \u015fi acustice, un material de izola\u0163ie cu succes de pia\u0163\u0103 ar trebui s\u0103 aib\u0103 o serie de caracteristici, cum ar fi: nedegradabilitatea, nedeformabilitatea, siguran\u0163\u0103 \u00een timpul manipul\u0103rii \u015fi mont\u0103rii, un pre\u0163 de cost sc\u0103zut, s\u0103 fie nepoluant pentru locuin\u0163e \u015fi un consum redus de energie. Scopul principal al proiectului BRIMEE, este de a combina caracteristicile unor materiale izolatoare performante \u00een vederea cre\u015fterii eficien\u0163ei energetice a cl\u0103dirilor, iar obiectivul final al \u00eentregului proiect este de a ob\u0163ine, prin intermediul materialelor dezvoltate [&hellip;]<\/p>\n","protected":false},"author":2,"featured_media":0,"parent":19572,"menu_order":106,"comment_status":"closed","ping_status":"closed","template":"","meta":[],"folder":[57],"_links":{"self":[{"href":"http:\/\/www.icpe.ro\/ro\/wp-json\/wp\/v2\/pages\/19576"}],"collection":[{"href":"http:\/\/www.icpe.ro\/ro\/wp-json\/wp\/v2\/pages"}],"about":[{"href":"http:\/\/www.icpe.ro\/ro\/wp-json\/wp\/v2\/types\/page"}],"author":[{"embeddable":true,"href":"http:\/\/www.icpe.ro\/ro\/wp-json\/wp\/v2\/users\/2"}],"replies":[{"embeddable":true,"href":"http:\/\/www.icpe.ro\/ro\/wp-json\/wp\/v2\/comments?post=19576"}],"version-history":[{"count":0,"href":"http:\/\/www.icpe.ro\/ro\/wp-json\/wp\/v2\/pages\/19576\/revisions"}],"up":[{"embeddable":true,"href":"http:\/\/www.icpe.ro\/ro\/wp-json\/wp\/v2\/pages\/19572"}],"wp:attachment":[{"href":"http:\/\/www.icpe.ro\/ro\/wp-json\/wp\/v2\/media?parent=19576"}],"wp:term":[{"taxonomy":"folder","embeddable":true,"href":"http:\/\/www.icpe.ro\/ro\/wp-json\/wp\/v2\/folder?post=19576"}],"curies":[{"name":"wp","href":"https:\/\/api.w.org\/{rel}","templated":true}]}}