{"id":19550,"date":"2018-03-02T11:46:27","date_gmt":"2018-03-02T08:46:27","guid":{"rendered":"http:\/\/www.icpe.ro\/ro\/?page_id=19550"},"modified":"2018-05-03T10:39:25","modified_gmt":"2018-05-03T07:39:25","slug":"despre-proiect","status":"publish","type":"page","link":"http:\/\/www.icpe.ro\/ro\/retrokit\/despre-proiect\/","title":{"rendered":"Despre proiect"},"content":{"rendered":"<p>[vc_row type=&#8221;full_width_section&#8221;][vc_column width=&#8221;1\/1&#8243;][vc_raw_html]JTNDc3R5bGUlM0UlMEEudG9wbmF2JTIwJTdCJTBBJTBBJTIwJTIwJTIwJTIwbGlzdC1zdHlsZSUzQW5vbmUlM0IlMEElMjAlMjAlMjAlMjBtYXJnaW4lM0EwJTNCJTBBJTIwJTIwJTIwJTIwcGFkZGluZyUzQTAlM0IlMEElMjAlMjAlMjAlMjB0ZXh0LWFsaWduJTNBY2VudGVyJTNCJTBBJTdEJTBBJTBBLnRvcG5hdiUyMGxpJTIwJTdCJTBBJTIwJTIwZGlzcGxheSUzQWlubGluZSUzQiUwQSU3RCUwQSUwQS50b3BuYXYlMjBhJTdCJTBBJTIwJTIwZGlzcGxheSUzQWlubGluZS1ibG9jayUzQiUwQSUyMCUyMGNvbG9yJTNBJTIwJTIzMDAwJTNCJTBBJTIwJTIwJTIwJTIwcGFkZGluZyUzQTE4cHglMjAzNnB4JTNCJTBBJTIwJTIwZm9udC1zaXplJTNBMTdweCUzQiUwQSU3RCUwQS50b3BuYXYlMjBhJTNBaG92ZXIlMjAlN0IlMEElMjAlMjBiYWNrZ3JvdW5kLWNvbG9yJTNBJTIwJTIzZGRkJTNCJTBBJTIwJTIwY29sb3IlM0ElMjBibGFjayUzQiUwQSU3RCUwQSUwQS50b3BuYXYlMjAuaWNvbiUyMCU3QiUwQSUyMCUyMGRpc3BsYXklM0ElMjBub25lJTNCJTBBJTdEJTBBLmFjdGl2ZSUyMCU3QiUwQSUyMCUyMCUyMCUyMGJhY2tncm91bmQtY29sb3IlM0ElMjAlMjNmN2Y3ZjclM0IlMEElMjAlMjAlMjAlMjBmb250LXdlaWdodCUzQSUyMGJvbGQlM0IlMEElN0QlMEElMEElNDBtZWRpYSUyMHNjcmVlbiUyMGFuZCUyMCUyOG1heC13aWR0aCUzQSUyMDYwMHB4JTI5JTIwJTdCJTBBJTIwJTIwLnRvcG5hdiUyMGElM0Fub3QlMjglM0FmaXJzdC1jaGlsZCUyOSUyMCU3QmRpc3BsYXklM0ElMjBub25lJTNCJTdEJTBBJTIwJTIwLnRvcG5hdiUyMGEuaWNvbiUyMCU3QiUwQSUyMCUyMCUyMCUyMGZsb2F0JTNBJTIwcmlnaHQlM0IlMEElMjAlMjAlMjAlMjBkaXNwbGF5JTNBJTIwYmxvY2slM0IlMEElMjAlMjAlN0QlMEElN0QlMEElMEElNDBtZWRpYSUyMHNjcmVlbiUyMGFuZCUyMCUyOG1heC13aWR0aCUzQSUyMDYwMHB4JTI5JTIwJTdCJTBBJTIwJTIwLnRvcG5hdi5yZXNwb25zaXZlJTIwJTdCcG9zaXRpb24lM0ElMjByZWxhdGl2ZSUzQiU3RCUwQSUyMCUyMC50b3BuYXYucmVzcG9uc2l2ZSUyMC5pY29uJTIwJTdCJTBBJTIwJTIwJTIwJTIwcG9zaXRpb24lM0ElMjBhYnNvbHV0ZSUzQiUwQSUyMCUyMCUyMCUyMHJpZ2h0JTNBJTIwMCUzQiUwQSUyMCUyMCUyMCUyMHRvcCUzQSUyMDAlM0IlMEElMjAlMjAlN0QlMEElMjAlMjAudG9wbmF2LnJlc3BvbnNpdmUlMjBhJTIwJTdCJTBBJTIwJTIwJTIwJTIwZmxvYXQlM0ElMjBub25lJTNCJTBBJTIwJTIwJTIwJTIwZGlzcGxheSUzQSUyMGJsb2NrJTNCJTBBJTIwJTIwJTIwJTIwdGV4dC1hbGlnbiUzQSUyMGxlZnQlM0IlMEElMjAlMjAlN0QlMEElMEElN0QlMEElM0MlMkZzdHlsZSUzRSUwQSUwQSUwQSUwQSUzQ2RpdiUyMGNsYXNzJTNEJTIydG9wbmF2JTIyJTIwaWQlM0QlMjJteVRvcG5hdiUyMiUzRSUwQSUyMCUyMCUzQ2ElMjBocmVmJTNEJTIyaHR0cCUzQSUyRiUyRnd3dy5pY3BlLnJvJTJGcm8lMkZyZXRyb2tpdCUyRiUyMiUzRUFjYXMlQzQlODMlM0MlMkZhJTNFJTBBJTIwJTIwJTNDYSUyMGhyZWYlM0QlMjJodHRwJTNBJTJGJTJGd3d3LmljcGUucm8lMkZybyUyRnJldHJva2l0JTJGZGVzcHJlLXByb2llY3QlMkYlMjIlM0VEZXNwcmUlMjBwcm9pZWN0JTNDJTJGYSUzRSUwQSUyMCUyMCUzQ2ElMjBocmVmJTNEJTIyaHR0cCUzQSUyRiUyRnd3dy5pY3BlLnJvJTJGcm8lMkZyZXRyb2tpdCUyRmNvbnNvcnRpdSUyRiUyMiUzRUNvbnNvciVDNSVBM2l1JTNDJTJGYSUzRSUwQSUyMCUyMCUzQ2ElMjBocmVmJTNEJTIyaHR0cCUzQSUyRiUyRnd3dy5pY3BlLnJvJTJGcm8lMkZyZXRyb2tpdCUyRmV0YXBlJTJGJTIyJTNFUGFjaGV0ZSUyMGRlJTIwbHVjcnUlM0MlMkZhJTNFJTBBJTIwJTIwJTNDYSUyMGhyZWYlM0QlMjJodHRwJTNBJTJGJTJGd3d3LmljcGUucm8lMkZybyUyRnJldHJva2l0JTJGbm91dGF0aSUyRiUyMiUzRU5vdXQlQzQlODMlQzUlQTNpJTNDJTJGYSUzRSUwQSUyMCUyMCUzQ2ElMjBocmVmJTNEJTIyaHR0cCUzQSUyRiUyRnd3dy5pY3BlLnJvJTJGcm8lMkZyZXRyb2tpdCUyRmNvbnRhY3QlMkYlMjIlM0VDb250YWN0JTNDJTJGYSUzRSUwQSUyMCUyMCUzQ2xpJTIwc3R5bGUlM0QlMjJmbG9hdCUzQXJpZ2h0JTIyJTNFJTNDYSUyMGNsYXNzJTNEJTIyYWN0aXZlJTIyJTIwaHJlZiUzRCUyMmh0dHAlM0ElMkYlMkZ3d3cuaWNwZS5ybyUyRnJldHJva2l0JTJGJTIyJTNFRU4lM0MlMkZhJTNFJTNDJTJGbGklM0UlMEElMEElMEElMjAlMjAlM0NhJTIwaHJlZiUzRCUyMmphdmFzY3JpcHQlM0F2b2lkJTI4MCUyOSUzQiUyMiUyMHN0eWxlJTNEJTIyZm9udC1zaXplJTNBMTVweCUzQiUyMiUyMGNsYXNzJTNEJTIyaWNvbiUyMiUyMG9uY2xpY2slM0QlMjJteUZ1bmN0aW9uJTI4JTI5JTIyJTNFJTI2JTIzOTc3NiUzQiUzQyUyRmElM0UlMEElM0MlMkZkaXYlM0UlMEElMEElM0NzY3JpcHQlM0UlMEFmdW5jdGlvbiUyMG15RnVuY3Rpb24lMjglMjklMjAlN0IlMEElMjAlMjAlMjAlMjB2YXIlMjB4JTIwJTNEJTIwZG9jdW1lbnQuZ2V0RWxlbWVudEJ5SWQlMjglMjJteVRvcG5hdiUyMiUyOSUzQiUwQSUyMCUyMCUyMCUyMGlmJTIwJTI4eC5jbGFzc05hbWUlMjAlM0QlM0QlM0QlMjAlMjJ0b3BuYXYlMjIlMjklMjAlN0IlMEElMjAlMjAlMjAlMjAlMjAlMjAlMjAlMjB4LmNsYXNzTmFtZSUyMCUyQiUzRCUyMCUyMiUyMHJlc3BvbnNpdmUlMjIlM0IlMEElMjAlMjAlMjAlMjAlN0QlMjBlbHNlJTIwJTdCJTBBJTIwJTIwJTIwJTIwJTIwJTIwJTIwJTIweC5jbGFzc05hbWUlMjAlM0QlMjAlMjJ0b3BuYXYlMjIlM0IlMEElMjAlMjAlMjAlMjAlN0QlMEElN0QlMEElM0MlMkZzY3JpcHQlM0UlMEE=[\/vc_raw_html][\/vc_column][\/vc_row][vc_row][vc_column width=&#8221;1\/1&#8243;]<div class=\"single_image wpb_content_element align-center    \" data-animation=\"none\" data-delay=\"0\"><img width=\"300\" height=\"152\" src=\"http:\/\/www.icpe.ro\/ro\/wp-content\/uploads\/2017\/03\/retrokit.jpg\" class=\"attachment-full\" alt=\"\" loading=\"lazy\" \/><\/div>[\/vc_column][\/vc_row][vc_row bg_color=&#8221;#efefef&#8221; top_padding=&#8221;20&#8243; bottom_padding=&#8221;20&#8243;][vc_column width=&#8221;1\/1&#8243;]<h1 class=\"headline font-inherit fontsize-m fontweight-700 lh-inherit align-center transform-uppercase \" style=\"margin: 0 0 0 0;\">Despre proiect<\/h1>[\/vc_column][\/vc_row][vc_row top_padding=&#8221;40&#8243; bottom_padding=&#8221;40&#8243;][vc_column width=&#8221;1\/2&#8243;][vc_column_text]Proiectul <strong>RETROKIT<\/strong> (<a href=\"http:\/\/www.retrokitproject.eu\/\">www.retrokitproject.eu\/<\/a>) a fost c\u00e2\u0219tigat \u00een cadrul programului FP7, (Project number: 314229, Call identifier: Fp7-2012-NMP- ENERGY-ICT-EeB, Funding scheme: Collaborative project). \u00cen acest proiect, Icpe este singurul participant din Rom\u00e2nia consor\u021biul fiind coordonat de firma D&#8217;Appolonia &#8211; Italia.<\/p>\n<p>\u00cen cadrul proiectului <strong>RetroKit<\/strong> se vor dezvolta \u015fi implementa module prefabricate ieftine, cu \u00eentrebuin\u0163\u0103ri multiple \u015fi u\u015for de instalat, care s\u0103 \u00eenglobeze eficient sistemul de utilizare a energiei \u015fi Renewable Energy Sources (RES), \u00een vederea reabilit\u0103rii sistematice a cl\u0103dirilor de locuin\u0163e. Pe baza conceptului de reabilitare exterioar\u0103, care integreaz\u0103 \u0219i aspecte de renovare interioar\u0103, urmez\u0103 a fi realizat\u0103 o grupare a solu\u021biilor tehnologice de prefabricate, sus\u0163inut\u0103 de un sistem de suport decizional, care s\u0103 asigure accesul la informa\u0163ie, transparen\u0163\u0103, ghidare \u015fi baz\u0103 pentru proiectare.<\/p>\n<p>Solu\u0163iile vor avea \u00een vedere blocurile de locuinte vechi, care \u00een prezent reprezint\u0103 mai mult de jum\u0103tate din num\u0103rul cl\u0103dirilor din Europa, \u015fi care utilizeaz\u0103 \u00eentre 65% \u015fi 80% din totalul de energie consumat\u0103 de cl\u0103dirile din UE.<\/p>\n<p>Proiectul RetroKit urm\u0103re\u0219te dep\u0103\u015firea barierelor sociale, tehnologice, industriale \u015fi economice, care \u00eengreuneaz\u0103 \u00een prezent reabilitarea cl\u0103dirilor \u00eemb\u0103tr\u00e2nite. Prin derularea proiectului RetroKit, aceste bariere vor fi dep\u0103\u0219ite, \u00een pricipal, pe baza abord\u0103rii unor strategii care vizeaz\u0103 economisirea de energie. Astfel vor fi dezvoltate configura\u0163ii de module semi-prefabricate la scar\u0103 industrial\u0103 care s\u0103 \u00eenglobeaze diferite func\u0163ionalit\u0103\u0163i, care urmeaz\u0103 s\u0103 fie \u00eencorporate \u00een fa\u0163ade \u0219i acoperi\u015furi. Solu\u0163iile propuse \u00een cadrul proiectului RetroKit includ RES, strategii de ventila\u0163ie \u015fi \u00eenc\u0103lzire solar\u0103 naturale, urm\u00e2nd ca modelele de plan de afaceri s\u0103 sus\u021bin\u0103 succesul pe pia\u021b\u0103 a solu\u021biilor dezvoltate.[\/vc_column_text][\/vc_column][vc_column width=&#8221;1\/2&#8243;][vc_column_text]Abordarea sistemic\u0103 a proiectului <strong>RetroKit<\/strong> privind reabilitarea va conduce la eficientizarea lan\u0163ului valoric, ceea ce va \u00eenlesni at\u00e2t adaptarea produselor pentru produc\u0163ia de mas\u0103, la scar\u0103 industrial\u0103 c\u00e2t \u015fi integrarea \u00eentr-un proces eficient de utilizare.<\/p>\n<p>Planul de lucru aferent proiectului, se aliniaz\u0103 obiectivelor \u0219tiin\u021bifice \u0219i tehnologice, \u0163in\u00e2nd cont de metodologia adoptat\u0103 \u015fi de impactul previzionat. \u00cen cadrul descrierii proiectului, au fost stabilite valori clare, cuantificabile \u015fi m\u0103surabile \u00een ceea ce priveste performan\u021bele. Testarile vor fi realizate at\u00e2t \u00een laboratoare acreditate interna\u0163ional ale partenerilor la proiect c\u00e2t \u015fi direct \u00een cl\u0103dirile supuse procesului de reabilitare. Pentru validarea rezultatelor, \u00een ceea ce prive\u0219te evaluarea economiei de energie, se vor folosi 3 cl\u0103diri situate \u00een zone climatice diferite, pe baza aplic\u0103rii standardelor interna\u0163ionale.<\/p>\n<p>Cofinan\u0163area este asigurat\u0103 de Unitatea Executiv\u0103 pentru Finan\u0163are a \u00cenv\u0103\u0163\u0103m\u00e2ntului Superior, a Cercet\u0103rii, Dezvolt\u0103rii \u015fi Inov\u0103rii (UEFISCDI) prin contractul nr. 292\/21.06.2013, semnat cu Autoritatea Na\u0163ional\u0103 pentru Cercetare \u015etiin\u0163ific\u0103, \u00een cadrul Programului PN II Capacit\u0103\u0163i \u2013 Modulul III PC7-Cofina\u0163area particip\u0103rii Rom\u00e2niei la Programul FP7<\/p>\n<p>Proiectul RetroKit este coordonat de firma d&#8217;Appolonia (Italia) \u0219i se va desf\u0103\u0219ura \u00eentr-un parteneriat de 18 parteneri, av\u00e2nd prev\u0103zute at\u00e2t activit\u0103\u021bi R&amp;D c\u00e2t \u0219i DEMO.<\/p>\n<p>Proiectul <strong>RETROKIT<\/strong> (<a href=\"http:\/\/www.retrokitproject.eu\/\">www.retrokitproject.eu\/<\/a>) a fost c\u00e2\u0219tigat \u00een cadrul programului FP7, (Project number: 314229, Call identifier: Fp7-2012-NMP- ENERGY-ICT-EeB, Funding scheme: Collaborative project)<\/p>\n<p>Proiectul se desf\u0103\u0219oar\u0103 \u00een perioada <strong>01 August 2012 \u2013 30 Septembrie 2016.<\/strong>[\/vc_column_text][\/vc_column][\/vc_row][vc_row bg_type=&#8221;bg_color&#8221; ult_hide_row=&#8221;ult_hide_row_value&#8221; ult_hide_row_tablet=&#8221;tablet&#8221; ult_hide_row_tablet_small=&#8221;xs_tablet&#8221; ult_hide_row_mobile=&#8221;mobile&#8221; ult_hide_row_mobile_large=&#8221;xl_mobile&#8221;][vc_column width=&#8221;1\/1&#8243;]<div class=\"spacer\" style=\"height: 250px;\"><\/div>[\/vc_column][\/vc_row][vc_row bg_color=&#8221;#262626&#8243; top_padding=&#8221;70&#8243; bottom_padding=&#8221;70&#8243; bg_type=&#8221;bg_color&#8221;][vc_column width=&#8221;1\/2&#8243;][vc_column_text]\u00a9 Icpe | Tehnologii pentru dezvoltare durabil\u0103<br \/>\n<a href=\"http:\/\/www.icpe.ro\/ro\/termeni\" target=\"_blank\" rel=\"noopener\">Termeni \u0219i Condi\u021bii<\/a>[\/vc_column_text][\/vc_column][vc_column text_align=&#8221;center&#8221; width=&#8221;1\/2&#8243;]<a href=\"http:\/\/www.icpe.ro\/ro\/institutul\/proiecte\/\" target=\"_blank\" class=\"button color-3 small \" style=\"border-radius: 2px;\">Vezi mai multe proiecte<\/a>[\/vc_column][\/vc_row]<\/p>\n","protected":false},"excerpt":{"rendered":"<p>[vc_row type=&#8221;full_width_section&#8221;][vc_column width=&#8221;1\/1&#8243;][vc_raw_html]JTNDc3R5bGUlM0UlMEEudG9wbmF2JTIwJTdCJTBBJTBBJTIwJTIwJTIwJTIwbGlzdC1zdHlsZSUzQW5vbmUlM0IlMEElMjAlMjAlMjAlMjBtYXJnaW4lM0EwJTNCJTBBJTIwJTIwJTIwJTIwcGFkZGluZyUzQTAlM0IlMEElMjAlMjAlMjAlMjB0ZXh0LWFsaWduJTNBY2VudGVyJTNCJTBBJTdEJTBBJTBBLnRvcG5hdiUyMGxpJTIwJTdCJTBBJTIwJTIwZGlzcGxheSUzQWlubGluZSUzQiUwQSU3RCUwQSUwQS50b3BuYXYlMjBhJTdCJTBBJTIwJTIwZGlzcGxheSUzQWlubGluZS1ibG9jayUzQiUwQSUyMCUyMGNvbG9yJTNBJTIwJTIzMDAwJTNCJTBBJTIwJTIwJTIwJTIwcGFkZGluZyUzQTE4cHglMjAzNnB4JTNCJTBBJTIwJTIwZm9udC1zaXplJTNBMTdweCUzQiUwQSU3RCUwQS50b3BuYXYlMjBhJTNBaG92ZXIlMjAlN0IlMEElMjAlMjBiYWNrZ3JvdW5kLWNvbG9yJTNBJTIwJTIzZGRkJTNCJTBBJTIwJTIwY29sb3IlM0ElMjBibGFjayUzQiUwQSU3RCUwQSUwQS50b3BuYXYlMjAuaWNvbiUyMCU3QiUwQSUyMCUyMGRpc3BsYXklM0ElMjBub25lJTNCJTBBJTdEJTBBLmFjdGl2ZSUyMCU3QiUwQSUyMCUyMCUyMCUyMGJhY2tncm91bmQtY29sb3IlM0ElMjAlMjNmN2Y3ZjclM0IlMEElMjAlMjAlMjAlMjBmb250LXdlaWdodCUzQSUyMGJvbGQlM0IlMEElN0QlMEElMEElNDBtZWRpYSUyMHNjcmVlbiUyMGFuZCUyMCUyOG1heC13aWR0aCUzQSUyMDYwMHB4JTI5JTIwJTdCJTBBJTIwJTIwLnRvcG5hdiUyMGElM0Fub3QlMjglM0FmaXJzdC1jaGlsZCUyOSUyMCU3QmRpc3BsYXklM0ElMjBub25lJTNCJTdEJTBBJTIwJTIwLnRvcG5hdiUyMGEuaWNvbiUyMCU3QiUwQSUyMCUyMCUyMCUyMGZsb2F0JTNBJTIwcmlnaHQlM0IlMEElMjAlMjAlMjAlMjBkaXNwbGF5JTNBJTIwYmxvY2slM0IlMEElMjAlMjAlN0QlMEElN0QlMEElMEElNDBtZWRpYSUyMHNjcmVlbiUyMGFuZCUyMCUyOG1heC13aWR0aCUzQSUyMDYwMHB4JTI5JTIwJTdCJTBBJTIwJTIwLnRvcG5hdi5yZXNwb25zaXZlJTIwJTdCcG9zaXRpb24lM0ElMjByZWxhdGl2ZSUzQiU3RCUwQSUyMCUyMC50b3BuYXYucmVzcG9uc2l2ZSUyMC5pY29uJTIwJTdCJTBBJTIwJTIwJTIwJTIwcG9zaXRpb24lM0ElMjBhYnNvbHV0ZSUzQiUwQSUyMCUyMCUyMCUyMHJpZ2h0JTNBJTIwMCUzQiUwQSUyMCUyMCUyMCUyMHRvcCUzQSUyMDAlM0IlMEElMjAlMjAlN0QlMEElMjAlMjAudG9wbmF2LnJlc3BvbnNpdmUlMjBhJTIwJTdCJTBBJTIwJTIwJTIwJTIwZmxvYXQlM0ElMjBub25lJTNCJTBBJTIwJTIwJTIwJTIwZGlzcGxheSUzQSUyMGJsb2NrJTNCJTBBJTIwJTIwJTIwJTIwdGV4dC1hbGlnbiUzQSUyMGxlZnQlM0IlMEElMjAlMjAlN0QlMEElMEElN0QlMEElM0MlMkZzdHlsZSUzRSUwQSUwQSUwQSUwQSUzQ2RpdiUyMGNsYXNzJTNEJTIydG9wbmF2JTIyJTIwaWQlM0QlMjJteVRvcG5hdiUyMiUzRSUwQSUyMCUyMCUzQ2ElMjBocmVmJTNEJTIyaHR0cCUzQSUyRiUyRnd3dy5pY3BlLnJvJTJGcm8lMkZyZXRyb2tpdCUyRiUyMiUzRUFjYXMlQzQlODMlM0MlMkZhJTNFJTBBJTIwJTIwJTNDYSUyMGhyZWYlM0QlMjJodHRwJTNBJTJGJTJGd3d3LmljcGUucm8lMkZybyUyRnJldHJva2l0JTJGZGVzcHJlLXByb2llY3QlMkYlMjIlM0VEZXNwcmUlMjBwcm9pZWN0JTNDJTJGYSUzRSUwQSUyMCUyMCUzQ2ElMjBocmVmJTNEJTIyaHR0cCUzQSUyRiUyRnd3dy5pY3BlLnJvJTJGcm8lMkZyZXRyb2tpdCUyRmNvbnNvcnRpdSUyRiUyMiUzRUNvbnNvciVDNSVBM2l1JTNDJTJGYSUzRSUwQSUyMCUyMCUzQ2ElMjBocmVmJTNEJTIyaHR0cCUzQSUyRiUyRnd3dy5pY3BlLnJvJTJGcm8lMkZyZXRyb2tpdCUyRmV0YXBlJTJGJTIyJTNFUGFjaGV0ZSUyMGRlJTIwbHVjcnUlM0MlMkZhJTNFJTBBJTIwJTIwJTNDYSUyMGhyZWYlM0QlMjJodHRwJTNBJTJGJTJGd3d3LmljcGUucm8lMkZybyUyRnJldHJva2l0JTJGbm91dGF0aSUyRiUyMiUzRU5vdXQlQzQlODMlQzUlQTNpJTNDJTJGYSUzRSUwQSUyMCUyMCUzQ2ElMjBocmVmJTNEJTIyaHR0cCUzQSUyRiUyRnd3dy5pY3BlLnJvJTJGcm8lMkZyZXRyb2tpdCUyRmNvbnRhY3QlMkYlMjIlM0VDb250YWN0JTNDJTJGYSUzRSUwQSUyMCUyMCUzQ2xpJTIwc3R5bGUlM0QlMjJmbG9hdCUzQXJpZ2h0JTIyJTNFJTNDYSUyMGNsYXNzJTNEJTIyYWN0aXZlJTIyJTIwaHJlZiUzRCUyMmh0dHAlM0ElMkYlMkZ3d3cuaWNwZS5ybyUyRnJldHJva2l0JTJGJTIyJTNFRU4lM0MlMkZhJTNFJTNDJTJGbGklM0UlMEElMEElMEElMjAlMjAlM0NhJTIwaHJlZiUzRCUyMmphdmFzY3JpcHQlM0F2b2lkJTI4MCUyOSUzQiUyMiUyMHN0eWxlJTNEJTIyZm9udC1zaXplJTNBMTVweCUzQiUyMiUyMGNsYXNzJTNEJTIyaWNvbiUyMiUyMG9uY2xpY2slM0QlMjJteUZ1bmN0aW9uJTI4JTI5JTIyJTNFJTI2JTIzOTc3NiUzQiUzQyUyRmElM0UlMEElM0MlMkZkaXYlM0UlMEElMEElM0NzY3JpcHQlM0UlMEFmdW5jdGlvbiUyMG15RnVuY3Rpb24lMjglMjklMjAlN0IlMEElMjAlMjAlMjAlMjB2YXIlMjB4JTIwJTNEJTIwZG9jdW1lbnQuZ2V0RWxlbWVudEJ5SWQlMjglMjJteVRvcG5hdiUyMiUyOSUzQiUwQSUyMCUyMCUyMCUyMGlmJTIwJTI4eC5jbGFzc05hbWUlMjAlM0QlM0QlM0QlMjAlMjJ0b3BuYXYlMjIlMjklMjAlN0IlMEElMjAlMjAlMjAlMjAlMjAlMjAlMjAlMjB4LmNsYXNzTmFtZSUyMCUyQiUzRCUyMCUyMiUyMHJlc3BvbnNpdmUlMjIlM0IlMEElMjAlMjAlMjAlMjAlN0QlMjBlbHNlJTIwJTdCJTBBJTIwJTIwJTIwJTIwJTIwJTIwJTIwJTIweC5jbGFzc05hbWUlMjAlM0QlMjAlMjJ0b3BuYXYlMjIlM0IlMEElMjAlMjAlMjAlMjAlN0QlMEElN0QlMEElM0MlMkZzY3JpcHQlM0UlMEE=[\/vc_raw_html][\/vc_column][\/vc_row][vc_row][vc_column width=&#8221;1\/1&#8243;][\/vc_column][\/vc_row][vc_row bg_color=&#8221;#efefef&#8221; top_padding=&#8221;20&#8243; bottom_padding=&#8221;20&#8243;][vc_column width=&#8221;1\/1&#8243;][\/vc_column][\/vc_row][vc_row top_padding=&#8221;40&#8243; bottom_padding=&#8221;40&#8243;][vc_column width=&#8221;1\/2&#8243;][vc_column_text]Proiectul RETROKIT (www.retrokitproject.eu\/) a fost c\u00e2\u0219tigat \u00een cadrul programului FP7, (Project number: 314229, Call identifier: Fp7-2012-NMP- ENERGY-ICT-EeB, Funding scheme: Collaborative project). \u00cen acest proiect, Icpe este singurul participant din Rom\u00e2nia consor\u021biul fiind coordonat de firma D&#8217;Appolonia &#8211; Italia. \u00cen cadrul proiectului RetroKit se vor dezvolta \u015fi implementa module prefabricate ieftine, cu \u00eentrebuin\u0163\u0103ri multiple \u015fi u\u015for de instalat, care s\u0103 \u00eenglobeze eficient sistemul de utilizare a energiei \u015fi Renewable Energy Sources (RES), \u00een vederea reabilit\u0103rii sistematice a cl\u0103dirilor de locuin\u0163e. Pe baza conceptului de reabilitare exterioar\u0103, care integreaz\u0103 \u0219i aspecte de renovare interioar\u0103, urmez\u0103 a fi realizat\u0103 o grupare a solu\u021biilor tehnologice de prefabricate, sus\u0163inut\u0103 de un sistem de suport decizional, care s\u0103 asigure accesul la informa\u0163ie, transparen\u0163\u0103, ghidare \u015fi baz\u0103 pentru proiectare. Solu\u0163iile vor avea \u00een vedere blocurile de locuinte vechi, care \u00een prezent reprezint\u0103 mai mult de jum\u0103tate din num\u0103rul cl\u0103dirilor din Europa, \u015fi care utilizeaz\u0103 \u00eentre 65% \u015fi 80% din totalul de energie consumat\u0103 de cl\u0103dirile din UE. Proiectul RetroKit urm\u0103re\u0219te dep\u0103\u015firea barierelor sociale, tehnologice, industriale \u015fi economice, care \u00eengreuneaz\u0103 \u00een prezent reabilitarea cl\u0103dirilor \u00eemb\u0103tr\u00e2nite. Prin derularea proiectului RetroKit, aceste bariere vor fi dep\u0103\u0219ite, \u00een pricipal, pe baza [&hellip;]<\/p>\n","protected":false},"author":2,"featured_media":0,"parent":19546,"menu_order":105,"comment_status":"closed","ping_status":"closed","template":"","meta":[],"folder":[56],"_links":{"self":[{"href":"http:\/\/www.icpe.ro\/ro\/wp-json\/wp\/v2\/pages\/19550"}],"collection":[{"href":"http:\/\/www.icpe.ro\/ro\/wp-json\/wp\/v2\/pages"}],"about":[{"href":"http:\/\/www.icpe.ro\/ro\/wp-json\/wp\/v2\/types\/page"}],"author":[{"embeddable":true,"href":"http:\/\/www.icpe.ro\/ro\/wp-json\/wp\/v2\/users\/2"}],"replies":[{"embeddable":true,"href":"http:\/\/www.icpe.ro\/ro\/wp-json\/wp\/v2\/comments?post=19550"}],"version-history":[{"count":0,"href":"http:\/\/www.icpe.ro\/ro\/wp-json\/wp\/v2\/pages\/19550\/revisions"}],"up":[{"embeddable":true,"href":"http:\/\/www.icpe.ro\/ro\/wp-json\/wp\/v2\/pages\/19546"}],"wp:attachment":[{"href":"http:\/\/www.icpe.ro\/ro\/wp-json\/wp\/v2\/media?parent=19550"}],"wp:term":[{"taxonomy":"folder","embeddable":true,"href":"http:\/\/www.icpe.ro\/ro\/wp-json\/wp\/v2\/folder?post=19550"}],"curies":[{"name":"wp","href":"https:\/\/api.w.org\/{rel}","templated":true}]}}