{"id":19540,"date":"2018-03-02T08:50:23","date_gmt":"2018-03-02T05:50:23","guid":{"rendered":"http:\/\/www.icpe.ro\/ro\/?page_id=19540"},"modified":"2018-03-20T09:58:03","modified_gmt":"2018-03-20T06:58:03","slug":"etape","status":"publish","type":"page","link":"http:\/\/www.icpe.ro\/ro\/energy-in-time\/etape\/","title":{"rendered":"Pachete de lucru"},"content":{"rendered":"<p>[vc_row type=&#8221;full_width_section&#8221;][vc_column width=&#8221;1\/1&#8243;][vc_raw_html]JTNDc3R5bGUlM0UlMEEudG9wbmF2JTIwJTdCJTBBJTBBJTIwJTIwJTIwJTIwbGlzdC1zdHlsZSUzQW5vbmUlM0IlMEElMjAlMjAlMjAlMjBtYXJnaW4lM0EwJTNCJTBBJTIwJTIwJTIwJTIwcGFkZGluZyUzQTAlM0IlMEElMjAlMjAlMjAlMjB0ZXh0LWFsaWduJTNBY2VudGVyJTNCJTBBJTdEJTBBJTBBLnRvcG5hdiUyMGxpJTIwJTdCJTBBJTIwJTIwZGlzcGxheSUzQWlubGluZSUzQiUwQSU3RCUwQSUwQS50b3BuYXYlMjBhJTdCJTBBJTIwJTIwZGlzcGxheSUzQWlubGluZS1ibG9jayUzQiUwQSUyMCUyMGNvbG9yJTNBJTIwJTIzMDAwJTNCJTBBJTIwJTIwJTIwJTIwcGFkZGluZyUzQTE4cHglMjAzNnB4JTNCJTBBJTIwJTIwZm9udC1zaXplJTNBMTdweCUzQiUwQSU3RCUwQS50b3BuYXYlMjBhJTNBaG92ZXIlMjAlN0IlMEElMjAlMjBiYWNrZ3JvdW5kLWNvbG9yJTNBJTIwJTIzZGRkJTNCJTBBJTIwJTIwY29sb3IlM0ElMjBibGFjayUzQiUwQSU3RCUwQSUwQS50b3BuYXYlMjAuaWNvbiUyMCU3QiUwQSUyMCUyMGRpc3BsYXklM0ElMjBub25lJTNCJTBBJTdEJTBBLmFjdGl2ZSUyMCU3QiUwQSUyMCUyMCUyMCUyMGJhY2tncm91bmQtY29sb3IlM0ElMjAlMjNmN2Y3ZjclM0IlMEElMjAlMjAlMjAlMjBmb250LXdlaWdodCUzQSUyMGJvbGQlM0IlMEElN0QlMEElMEElNDBtZWRpYSUyMHNjcmVlbiUyMGFuZCUyMCUyOG1heC13aWR0aCUzQSUyMDYwMHB4JTI5JTIwJTdCJTBBJTIwJTIwLnRvcG5hdiUyMGElM0Fub3QlMjglM0FmaXJzdC1jaGlsZCUyOSUyMCU3QmRpc3BsYXklM0ElMjBub25lJTNCJTdEJTBBJTIwJTIwLnRvcG5hdiUyMGEuaWNvbiUyMCU3QiUwQSUyMCUyMCUyMCUyMGZsb2F0JTNBJTIwcmlnaHQlM0IlMEElMjAlMjAlMjAlMjBkaXNwbGF5JTNBJTIwYmxvY2slM0IlMEElMjAlMjAlN0QlMEElN0QlMEElMEElNDBtZWRpYSUyMHNjcmVlbiUyMGFuZCUyMCUyOG1heC13aWR0aCUzQSUyMDYwMHB4JTI5JTIwJTdCJTBBJTIwJTIwLnRvcG5hdi5yZXNwb25zaXZlJTIwJTdCcG9zaXRpb24lM0ElMjByZWxhdGl2ZSUzQiU3RCUwQSUyMCUyMC50b3BuYXYucmVzcG9uc2l2ZSUyMC5pY29uJTIwJTdCJTBBJTIwJTIwJTIwJTIwcG9zaXRpb24lM0ElMjBhYnNvbHV0ZSUzQiUwQSUyMCUyMCUyMCUyMHJpZ2h0JTNBJTIwMCUzQiUwQSUyMCUyMCUyMCUyMHRvcCUzQSUyMDAlM0IlMEElMjAlMjAlN0QlMEElMjAlMjAudG9wbmF2LnJlc3BvbnNpdmUlMjBhJTIwJTdCJTBBJTIwJTIwJTIwJTIwZmxvYXQlM0ElMjBub25lJTNCJTBBJTIwJTIwJTIwJTIwZGlzcGxheSUzQSUyMGJsb2NrJTNCJTBBJTIwJTIwJTIwJTIwdGV4dC1hbGlnbiUzQSUyMGxlZnQlM0IlMEElMjAlMjAlN0QlMEElMEElN0QlMEElM0MlMkZzdHlsZSUzRSUwQSUwQSUwQSUwQSUzQ2RpdiUyMGNsYXNzJTNEJTIydG9wbmF2JTIyJTIwaWQlM0QlMjJteVRvcG5hdiUyMiUzRSUwQSUyMCUyMCUzQ2ElMjBocmVmJTNEJTIyaHR0cCUzQSUyRiUyRnd3dy5pY3BlLnJvJTJGcm8lMkZlbmVyZ3ktaW4tdGltZSUyRiUyMiUzRUFjYXMlQzQlODMlM0MlMkZhJTNFJTBBJTIwJTIwJTNDYSUyMGhyZWYlM0QlMjJodHRwJTNBJTJGJTJGd3d3LmljcGUucm8lMkZybyUyRmVuZXJneS1pbi10aW1lJTJGZGVzcHJlLXByb2llY3QlMkYlMjIlM0VEZXNwcmUlMjBwcm9pZWN0JTNDJTJGYSUzRSUwQSUyMCUyMCUzQ2ElMjBocmVmJTNEJTIyaHR0cCUzQSUyRiUyRnd3dy5pY3BlLnJvJTJGcm8lMkZlbmVyZ3ktaW4tdGltZSUyRmNvbnNvcnRpdSUyRiUyMiUzRUNvbnNvciVDNSVBM2l1JTNDJTJGYSUzRSUwQSUyMCUyMCUzQ2ElMjBocmVmJTNEJTIyaHR0cCUzQSUyRiUyRnd3dy5pY3BlLnJvJTJGcm8lMkZlbmVyZ3ktaW4tdGltZSUyRmV0YXBlJTJGJTIyJTNFUGFjaGV0ZSUyMGRlJTIwbHVjcnUlM0MlMkZhJTNFJTBBJTIwJTIwJTNDYSUyMGhyZWYlM0QlMjJodHRwJTNBJTJGJTJGd3d3LmljcGUucm8lMkZybyUyRmVuZXJneS1pbi10aW1lJTJGbm91dGF0aSUyRiUyMiUzRU5vdXQlQzQlODMlQzUlQTNpJTNDJTJGYSUzRSUwQSUyMCUyMCUzQ2ElMjBocmVmJTNEJTIyaHR0cCUzQSUyRiUyRnd3dy5pY3BlLnJvJTJGcm8lMkZlbmVyZ3ktaW4tdGltZSUyRmNvbnRhY3QlMkYlMjIlM0VDb250YWN0JTNDJTJGYSUzRSUwQSUyMCUyMCUzQ2xpJTIwc3R5bGUlM0QlMjJmbG9hdCUzQXJpZ2h0JTIyJTNFJTNDYSUyMGNsYXNzJTNEJTIyYWN0aXZlJTIyJTIwaHJlZiUzRCUyMmh0dHAlM0ElMkYlMkZ3d3cuaWNwZS5ybyUyRmVuZXJneS1pbi10aW1lJTJGJTIyJTNFRU4lM0MlMkZhJTNFJTNDJTJGbGklM0UlMEElMEElMEElMjAlMjAlM0NhJTIwaHJlZiUzRCUyMmphdmFzY3JpcHQlM0F2b2lkJTI4MCUyOSUzQiUyMiUyMHN0eWxlJTNEJTIyZm9udC1zaXplJTNBMTVweCUzQiUyMiUyMGNsYXNzJTNEJTIyaWNvbiUyMiUyMG9uY2xpY2slM0QlMjJteUZ1bmN0aW9uJTI4JTI5JTIyJTNFJTI2JTIzOTc3NiUzQiUzQyUyRmElM0UlMEElM0MlMkZkaXYlM0UlMEElMEElM0NzY3JpcHQlM0UlMEFmdW5jdGlvbiUyMG15RnVuY3Rpb24lMjglMjklMjAlN0IlMEElMjAlMjAlMjAlMjB2YXIlMjB4JTIwJTNEJTIwZG9jdW1lbnQuZ2V0RWxlbWVudEJ5SWQlMjglMjJteVRvcG5hdiUyMiUyOSUzQiUwQSUyMCUyMCUyMCUyMGlmJTIwJTI4eC5jbGFzc05hbWUlMjAlM0QlM0QlM0QlMjAlMjJ0b3BuYXYlMjIlMjklMjAlN0IlMEElMjAlMjAlMjAlMjAlMjAlMjAlMjAlMjB4LmNsYXNzTmFtZSUyMCUyQiUzRCUyMCUyMiUyMHJlc3BvbnNpdmUlMjIlM0IlMEElMjAlMjAlMjAlMjAlN0QlMjBlbHNlJTIwJTdCJTBBJTIwJTIwJTIwJTIwJTIwJTIwJTIwJTIweC5jbGFzc05hbWUlMjAlM0QlMjAlMjJ0b3BuYXYlMjIlM0IlMEElMjAlMjAlMjAlMjAlN0QlMEElN0QlMEElM0MlMkZzY3JpcHQlM0UlMEE=[\/vc_raw_html][\/vc_column][\/vc_row][vc_row][vc_column width=&#8221;1\/1&#8243;]<div class=\"single_image wpb_content_element align-center    \" data-animation=\"none\" data-delay=\"0\"><img width=\"300\" height=\"152\" src=\"http:\/\/www.icpe.ro\/ro\/wp-content\/uploads\/2013\/01\/energy-in-time.jpg\" class=\"attachment-full\" alt=\"\" loading=\"lazy\" \/><\/div>[\/vc_column][\/vc_row][vc_row bg_color=&#8221;#efefef&#8221; top_padding=&#8221;20&#8243; bottom_padding=&#8221;20&#8243;][vc_column width=&#8221;1\/1&#8243;]<h1 class=\"headline font-inherit fontsize-m fontweight-700 lh-inherit align-center transform-uppercase \" style=\"margin: 0 0 0 0;\">Pachete de lucru<\/h1>[\/vc_column][\/vc_row][vc_row top_padding=&#8221;40&#8243;][vc_column width=&#8221;1\/6&#8243;][vc_pie value=&#8221;100&#8243; color=&#8221;#1e73be&#8221; title=&#8221;Realizat&#8221; units=&#8221;%&#8221;][\/vc_column][vc_column width=&#8221;5\/6&#8243;][vc_column_text]<strong>Pachetul de lucru 1<\/strong><br \/>\n<strong>Cerin\u021be \u0219i arhitectur\u0103 sistem<\/strong><\/p>\n<p><strong>Activitatea 1.1.<\/strong> Cerin\u021bele \u0219i defini\u021bia cazurilor de utilizare<br \/>\n<strong>Activitatea 1.2.<\/strong> Metodologia pentru analiza energetic\u0103<br \/>\n<strong>Activitatea 1.3.<\/strong> Arhitectura sistemului<br \/>\n<strong>Activitatea 1.4.<\/strong> Platform\u0103 de informa\u021bii cheie<br \/>\n<strong>Activitatea 1.5.<\/strong> Metodologia achizi\u021biei de date \u0219i platforma de comunicare[\/vc_column_text][\/vc_column][\/vc_row][vc_row][vc_column width=&#8221;1\/1&#8243;]<div class=\"newdivider align-center\" style=\"border-bottom-style: solid; border-color: #999999; border-bottom-width: 2px; margin-top: 40px; margin-bottom: 40px; width: 100%; \"><\/div><div class=\"clear\"><\/div>[\/vc_column][\/vc_row][vc_row][vc_column width=&#8221;1\/6&#8243;][vc_pie value=&#8221;100&#8243; color=&#8221;#1e73be&#8221; title=&#8221;Realizat&#8221; units=&#8221;%&#8221;][\/vc_column][vc_column width=&#8221;5\/6&#8243;][vc_column_text]<strong>Pachetul de lucru 2<\/strong><br \/>\n<strong>Simularea modelului de referin\u021b\u0103<\/strong><\/p>\n<p><strong>Activitatea 2.1.<\/strong> Identificarea relevant\u0103 a parametrilor pentru modelele energetice<br \/>\n<strong>Activitatea 2.2.<\/strong> Mediu de simulare pentru colectarea datelor<br \/>\n<strong>Activitatea 2.3.<\/strong> Caracterizarea comportamentului utilizatorului<br \/>\n<strong>Activitatea 2.4.<\/strong> Modelul de referin\u021b\u0103 al simul\u0103rii<br \/>\n<strong>Activitatea 2.5.<\/strong> Calibrarea continu\u0103 a modelelor energetice[\/vc_column_text][\/vc_column][\/vc_row][vc_row][vc_column width=&#8221;1\/1&#8243;]<div class=\"newdivider align-center\" style=\"border-bottom-style: solid; border-color: #999999; border-bottom-width: 2px; margin-top: 40px; margin-bottom: 40px; width: 100%; \"><\/div><div class=\"clear\"><\/div>[\/vc_column][\/vc_row][vc_row][vc_column width=&#8221;1\/6&#8243;][vc_pie value=&#8221;100&#8243; color=&#8221;#1e73be&#8221; title=&#8221;Realizat&#8221; units=&#8221;%&#8221;][\/vc_column][vc_column width=&#8221;5\/6&#8243;][vc_column_text]<strong>Pachetul de lucru 3<\/strong><br \/>\n<strong>Sistem de control inteligent pentru cl\u0103dire<\/strong><\/p>\n<p><strong>Activitatea 3.1.<\/strong> Plan de operare optim<br \/>\n<strong>Activitatea 3.2.<\/strong> Controlul modelului la cerere<br \/>\n<strong>Activitatea 3.3.<\/strong> Controlul adaptiv al defec\u021biunilor prin integrarea cu diagnosticarea<br \/>\n<strong>Activitatea 3.4.<\/strong> Evaluarea strategiilor de optimizare a energiei \u00een mediul de simulare[\/vc_column_text][\/vc_column][\/vc_row][vc_row][vc_column width=&#8221;1\/1&#8243;]<div class=\"newdivider align-center\" style=\"border-bottom-style: solid; border-color: #999999; border-bottom-width: 2px; margin-top: 40px; margin-bottom: 40px; width: 100%; \"><\/div><div class=\"clear\"><\/div>[\/vc_column][\/vc_row][vc_row][vc_column width=&#8221;1\/6&#8243;][vc_pie value=&#8221;100&#8243; color=&#8221;#1e73be&#8221; title=&#8221;Realizat&#8221; units=&#8221;%&#8221;][\/vc_column][vc_column width=&#8221;5\/6&#8243;][vc_column_text]<strong>Pachetul de lucru 4<\/strong><br \/>\n<strong>Diagnosticul \u0219i comunicarea continu\u0103<\/strong><\/p>\n<p><strong>Activitatea 4.1.<\/strong> Metodologia continu\u0103 de punere \u00een func\u021biune<br \/>\n<strong>Activitatea 4.2.<\/strong> Modelarea structurilor \u0219i analiza sistemelor<br \/>\n<strong>Activitatea 4.3.<\/strong> Detectarea \u0219i diagnosticarea defec\u021biunilor (FDD)<br \/>\n<strong>Activitatea 4.4.<\/strong> Mentenan\u021b\u0103 predictiv\u0103[\/vc_column_text][\/vc_column][\/vc_row][vc_row][vc_column width=&#8221;1\/1&#8243;]<div class=\"newdivider align-center\" style=\"border-bottom-style: solid; border-color: #999999; border-bottom-width: 2px; margin-top: 40px; margin-bottom: 40px; width: 100%; \"><\/div><div class=\"clear\"><\/div>[\/vc_column][\/vc_row][vc_row][vc_column width=&#8221;1\/6&#8243;][vc_pie value=&#8221;100&#8243; color=&#8221;#1e73be&#8221; title=&#8221;Realizat&#8221; units=&#8221;%&#8221;][\/vc_column][vc_column width=&#8221;5\/6&#8243;][vc_column_text]<strong>Pachetul de lucru 5<\/strong><br \/>\n<strong>Instrument suport de decizie<\/strong><\/p>\n<p><strong>Activitatea 5.1.<\/strong> Centralizator de informa\u021bii despre cl\u0103diri<br \/>\n<strong>Activitatea 5.2.<\/strong> Utilizarea pe termen lung a cl\u0103dirilor \u0219i a datelor privind energia<br \/>\n<strong>Activitatea 5.3.<\/strong> Instrumentul de sprijinire a deciziei[\/vc_column_text][\/vc_column][\/vc_row][vc_row][vc_column width=&#8221;1\/1&#8243;]<div class=\"newdivider align-center\" style=\"border-bottom-style: solid; border-color: #999999; border-bottom-width: 2px; margin-top: 40px; margin-bottom: 40px; width: 100%; \"><\/div><div class=\"clear\"><\/div>[\/vc_column][\/vc_row][vc_row][vc_column width=&#8221;1\/6&#8243;][vc_pie value=&#8221;100&#8243; color=&#8221;#1e73be&#8221; title=&#8221;Realizat&#8221; units=&#8221;%&#8221;][\/vc_column][vc_column width=&#8221;5\/6&#8243;][vc_column_text]<strong>Pachetul de lucru 6<\/strong><br \/>\n<strong>Integraea sistemului \u0219i validarea la nivel pilot<\/strong><\/p>\n<p><strong>Activitatea 6.1.<\/strong> Integrarea sistemului<br \/>\n<strong>Activitatea 6.2.<\/strong> Control centralizat la distan\u021b\u0103<br \/>\n<strong>Activitatea 6.3.<\/strong> Validarea sistemului la scar\u0103 de laborator[\/vc_column_text][\/vc_column][\/vc_row][vc_row][vc_column width=&#8221;1\/1&#8243;]<div class=\"newdivider align-center\" style=\"border-bottom-style: solid; border-color: #999999; border-bottom-width: 2px; margin-top: 40px; margin-bottom: 40px; width: 100%; \"><\/div><div class=\"clear\"><\/div>[\/vc_column][\/vc_row][vc_row][vc_column width=&#8221;1\/6&#8243;][vc_pie value=&#8221;100&#8243; color=&#8221;#1e73be&#8221; title=&#8221;Realizat&#8221; units=&#8221;%&#8221;][\/vc_column][vc_column width=&#8221;5\/6&#8243;][vc_column_text]<strong>Pachetul de lucru 7<\/strong><br \/>\n<strong>Demonstrator<\/strong><\/p>\n<p><strong>Activitatea 7.1.<\/strong> Caracterizarea cl\u0103dirilor pilot<br \/>\n<strong>Activitatea 7.2.<\/strong> Integrarea sistemului \u00een cl\u0103dirile demo<br \/>\n<strong>Activitatea 7.3.<\/strong> Monitorizarea \u0219i evaluarea performan\u021belor[\/vc_column_text][\/vc_column][\/vc_row][vc_row][vc_column width=&#8221;1\/1&#8243;]<div class=\"newdivider align-center\" style=\"border-bottom-style: solid; border-color: #999999; border-bottom-width: 2px; margin-top: 40px; margin-bottom: 40px; width: 100%; \"><\/div><div class=\"clear\"><\/div>[\/vc_column][\/vc_row][vc_row][vc_column width=&#8221;1\/6&#8243;][vc_pie value=&#8221;100&#8243; color=&#8221;#1e73be&#8221; title=&#8221;Realizat&#8221; units=&#8221;%&#8221;][\/vc_column][vc_column width=&#8221;5\/6&#8243;][vc_column_text]<strong>Pachetul de lucru 8<\/strong><br \/>\n<strong>Diseminare \u0219i exploatare<\/strong><\/p>\n<p><strong>Activitatea 8.1.<\/strong> Diseminare<br \/>\n<strong>Activitatea 8.2.<\/strong> Elaborarea planului de exploatare[\/vc_column_text][\/vc_column][\/vc_row][vc_row][vc_column width=&#8221;1\/1&#8243;]<div class=\"newdivider align-center\" style=\"border-bottom-style: solid; border-color: #999999; border-bottom-width: 2px; margin-top: 40px; margin-bottom: 40px; width: 100%; \"><\/div><div class=\"clear\"><\/div>[\/vc_column][\/vc_row][vc_row bottom_padding=&#8221;40&#8243;][vc_column width=&#8221;1\/6&#8243;][vc_pie value=&#8221;100&#8243; color=&#8221;#1e73be&#8221; title=&#8221;Realizat&#8221; units=&#8221;%&#8221;][\/vc_column][vc_column width=&#8221;5\/6&#8243;][vc_column_text]<strong>Pachetul de lucru 9<\/strong><br \/>\n<strong>Coordonare<\/strong><\/p>\n<p><strong>Activitatea 9.1.<\/strong> Structura de guvernare, fluxurile de comunicare \u0219i metodele<br \/>\n<strong>Activitatea 9.2.<\/strong> Monitorizare \u0219i ac\u021biuni corective\/de urgen\u021b\u0103[\/vc_column_text][\/vc_column][\/vc_row][vc_row bg_color=&#8221;#262626&#8243; top_padding=&#8221;70&#8243; bottom_padding=&#8221;70&#8243; bg_type=&#8221;bg_color&#8221;][vc_column width=&#8221;1\/2&#8243;][vc_column_text]\u00a9 Icpe | Tehnologii pentru dezvoltare durabil\u0103<br \/>\n<a href=\"http:\/\/www.icpe.ro\/ro\/termeni\" target=\"_blank\" rel=\"noopener\">Termeni \u0219i Condi\u021bii<\/a>[\/vc_column_text][\/vc_column][vc_column text_align=&#8221;center&#8221; width=&#8221;1\/2&#8243;]<a href=\"http:\/\/www.icpe.ro\/ro\/institutul\/proiecte\/\" target=\"_blank\" class=\"button color-3 small \" style=\"border-radius: 2px;\">Vezi mai multe proiecte<\/a>[\/vc_column][\/vc_row]<\/p>\n","protected":false},"excerpt":{"rendered":"<p>[vc_row type=&#8221;full_width_section&#8221;][vc_column width=&#8221;1\/1&#8243;][vc_raw_html]JTNDc3R5bGUlM0UlMEEudG9wbmF2JTIwJTdCJTBBJTBBJTIwJTIwJTIwJTIwbGlzdC1zdHlsZSUzQW5vbmUlM0IlMEElMjAlMjAlMjAlMjBtYXJnaW4lM0EwJTNCJTBBJTIwJTIwJTIwJTIwcGFkZGluZyUzQTAlM0IlMEElMjAlMjAlMjAlMjB0ZXh0LWFsaWduJTNBY2VudGVyJTNCJTBBJTdEJTBBJTBBLnRvcG5hdiUyMGxpJTIwJTdCJTBBJTIwJTIwZGlzcGxheSUzQWlubGluZSUzQiUwQSU3RCUwQSUwQS50b3BuYXYlMjBhJTdCJTBBJTIwJTIwZGlzcGxheSUzQWlubGluZS1ibG9jayUzQiUwQSUyMCUyMGNvbG9yJTNBJTIwJTIzMDAwJTNCJTBBJTIwJTIwJTIwJTIwcGFkZGluZyUzQTE4cHglMjAzNnB4JTNCJTBBJTIwJTIwZm9udC1zaXplJTNBMTdweCUzQiUwQSU3RCUwQS50b3BuYXYlMjBhJTNBaG92ZXIlMjAlN0IlMEElMjAlMjBiYWNrZ3JvdW5kLWNvbG9yJTNBJTIwJTIzZGRkJTNCJTBBJTIwJTIwY29sb3IlM0ElMjBibGFjayUzQiUwQSU3RCUwQSUwQS50b3BuYXYlMjAuaWNvbiUyMCU3QiUwQSUyMCUyMGRpc3BsYXklM0ElMjBub25lJTNCJTBBJTdEJTBBLmFjdGl2ZSUyMCU3QiUwQSUyMCUyMCUyMCUyMGJhY2tncm91bmQtY29sb3IlM0ElMjAlMjNmN2Y3ZjclM0IlMEElMjAlMjAlMjAlMjBmb250LXdlaWdodCUzQSUyMGJvbGQlM0IlMEElN0QlMEElMEElNDBtZWRpYSUyMHNjcmVlbiUyMGFuZCUyMCUyOG1heC13aWR0aCUzQSUyMDYwMHB4JTI5JTIwJTdCJTBBJTIwJTIwLnRvcG5hdiUyMGElM0Fub3QlMjglM0FmaXJzdC1jaGlsZCUyOSUyMCU3QmRpc3BsYXklM0ElMjBub25lJTNCJTdEJTBBJTIwJTIwLnRvcG5hdiUyMGEuaWNvbiUyMCU3QiUwQSUyMCUyMCUyMCUyMGZsb2F0JTNBJTIwcmlnaHQlM0IlMEElMjAlMjAlMjAlMjBkaXNwbGF5JTNBJTIwYmxvY2slM0IlMEElMjAlMjAlN0QlMEElN0QlMEElMEElNDBtZWRpYSUyMHNjcmVlbiUyMGFuZCUyMCUyOG1heC13aWR0aCUzQSUyMDYwMHB4JTI5JTIwJTdCJTBBJTIwJTIwLnRvcG5hdi5yZXNwb25zaXZlJTIwJTdCcG9zaXRpb24lM0ElMjByZWxhdGl2ZSUzQiU3RCUwQSUyMCUyMC50b3BuYXYucmVzcG9uc2l2ZSUyMC5pY29uJTIwJTdCJTBBJTIwJTIwJTIwJTIwcG9zaXRpb24lM0ElMjBhYnNvbHV0ZSUzQiUwQSUyMCUyMCUyMCUyMHJpZ2h0JTNBJTIwMCUzQiUwQSUyMCUyMCUyMCUyMHRvcCUzQSUyMDAlM0IlMEElMjAlMjAlN0QlMEElMjAlMjAudG9wbmF2LnJlc3BvbnNpdmUlMjBhJTIwJTdCJTBBJTIwJTIwJTIwJTIwZmxvYXQlM0ElMjBub25lJTNCJTBBJTIwJTIwJTIwJTIwZGlzcGxheSUzQSUyMGJsb2NrJTNCJTBBJTIwJTIwJTIwJTIwdGV4dC1hbGlnbiUzQSUyMGxlZnQlM0IlMEElMjAlMjAlN0QlMEElMEElN0QlMEElM0MlMkZzdHlsZSUzRSUwQSUwQSUwQSUwQSUzQ2RpdiUyMGNsYXNzJTNEJTIydG9wbmF2JTIyJTIwaWQlM0QlMjJteVRvcG5hdiUyMiUzRSUwQSUyMCUyMCUzQ2ElMjBocmVmJTNEJTIyaHR0cCUzQSUyRiUyRnd3dy5pY3BlLnJvJTJGcm8lMkZlbmVyZ3ktaW4tdGltZSUyRiUyMiUzRUFjYXMlQzQlODMlM0MlMkZhJTNFJTBBJTIwJTIwJTNDYSUyMGhyZWYlM0QlMjJodHRwJTNBJTJGJTJGd3d3LmljcGUucm8lMkZybyUyRmVuZXJneS1pbi10aW1lJTJGZGVzcHJlLXByb2llY3QlMkYlMjIlM0VEZXNwcmUlMjBwcm9pZWN0JTNDJTJGYSUzRSUwQSUyMCUyMCUzQ2ElMjBocmVmJTNEJTIyaHR0cCUzQSUyRiUyRnd3dy5pY3BlLnJvJTJGcm8lMkZlbmVyZ3ktaW4tdGltZSUyRmNvbnNvcnRpdSUyRiUyMiUzRUNvbnNvciVDNSVBM2l1JTNDJTJGYSUzRSUwQSUyMCUyMCUzQ2ElMjBocmVmJTNEJTIyaHR0cCUzQSUyRiUyRnd3dy5pY3BlLnJvJTJGcm8lMkZlbmVyZ3ktaW4tdGltZSUyRmV0YXBlJTJGJTIyJTNFUGFjaGV0ZSUyMGRlJTIwbHVjcnUlM0MlMkZhJTNFJTBBJTIwJTIwJTNDYSUyMGhyZWYlM0QlMjJodHRwJTNBJTJGJTJGd3d3LmljcGUucm8lMkZybyUyRmVuZXJneS1pbi10aW1lJTJGbm91dGF0aSUyRiUyMiUzRU5vdXQlQzQlODMlQzUlQTNpJTNDJTJGYSUzRSUwQSUyMCUyMCUzQ2ElMjBocmVmJTNEJTIyaHR0cCUzQSUyRiUyRnd3dy5pY3BlLnJvJTJGcm8lMkZlbmVyZ3ktaW4tdGltZSUyRmNvbnRhY3QlMkYlMjIlM0VDb250YWN0JTNDJTJGYSUzRSUwQSUyMCUyMCUzQ2xpJTIwc3R5bGUlM0QlMjJmbG9hdCUzQXJpZ2h0JTIyJTNFJTNDYSUyMGNsYXNzJTNEJTIyYWN0aXZlJTIyJTIwaHJlZiUzRCUyMmh0dHAlM0ElMkYlMkZ3d3cuaWNwZS5ybyUyRmVuZXJneS1pbi10aW1lJTJGJTIyJTNFRU4lM0MlMkZhJTNFJTNDJTJGbGklM0UlMEElMEElMEElMjAlMjAlM0NhJTIwaHJlZiUzRCUyMmphdmFzY3JpcHQlM0F2b2lkJTI4MCUyOSUzQiUyMiUyMHN0eWxlJTNEJTIyZm9udC1zaXplJTNBMTVweCUzQiUyMiUyMGNsYXNzJTNEJTIyaWNvbiUyMiUyMG9uY2xpY2slM0QlMjJteUZ1bmN0aW9uJTI4JTI5JTIyJTNFJTI2JTIzOTc3NiUzQiUzQyUyRmElM0UlMEElM0MlMkZkaXYlM0UlMEElMEElM0NzY3JpcHQlM0UlMEFmdW5jdGlvbiUyMG15RnVuY3Rpb24lMjglMjklMjAlN0IlMEElMjAlMjAlMjAlMjB2YXIlMjB4JTIwJTNEJTIwZG9jdW1lbnQuZ2V0RWxlbWVudEJ5SWQlMjglMjJteVRvcG5hdiUyMiUyOSUzQiUwQSUyMCUyMCUyMCUyMGlmJTIwJTI4eC5jbGFzc05hbWUlMjAlM0QlM0QlM0QlMjAlMjJ0b3BuYXYlMjIlMjklMjAlN0IlMEElMjAlMjAlMjAlMjAlMjAlMjAlMjAlMjB4LmNsYXNzTmFtZSUyMCUyQiUzRCUyMCUyMiUyMHJlc3BvbnNpdmUlMjIlM0IlMEElMjAlMjAlMjAlMjAlN0QlMjBlbHNlJTIwJTdCJTBBJTIwJTIwJTIwJTIwJTIwJTIwJTIwJTIweC5jbGFzc05hbWUlMjAlM0QlMjAlMjJ0b3BuYXYlMjIlM0IlMEElMjAlMjAlMjAlMjAlN0QlMEElN0QlMEElM0MlMkZzY3JpcHQlM0UlMEE=[\/vc_raw_html][\/vc_column][\/vc_row][vc_row][vc_column width=&#8221;1\/1&#8243;][\/vc_column][\/vc_row][vc_row bg_color=&#8221;#efefef&#8221; top_padding=&#8221;20&#8243; bottom_padding=&#8221;20&#8243;][vc_column width=&#8221;1\/1&#8243;][\/vc_column][\/vc_row][vc_row top_padding=&#8221;40&#8243;][vc_column width=&#8221;1\/6&#8243;][vc_pie value=&#8221;100&#8243; color=&#8221;#1e73be&#8221; title=&#8221;Realizat&#8221; units=&#8221;%&#8221;][\/vc_column][vc_column width=&#8221;5\/6&#8243;][vc_column_text]Pachetul de lucru 1 Cerin\u021be \u0219i arhitectur\u0103 sistem Activitatea 1.1. Cerin\u021bele \u0219i defini\u021bia cazurilor de utilizare Activitatea 1.2. Metodologia pentru analiza energetic\u0103 Activitatea 1.3. Arhitectura sistemului Activitatea 1.4. Platform\u0103 de informa\u021bii cheie Activitatea 1.5. Metodologia achizi\u021biei de date \u0219i platforma de comunicare[\/vc_column_text][\/vc_column][\/vc_row][vc_row][vc_column width=&#8221;1\/1&#8243;][\/vc_column][\/vc_row][vc_row][vc_column width=&#8221;1\/6&#8243;][vc_pie value=&#8221;100&#8243; color=&#8221;#1e73be&#8221; title=&#8221;Realizat&#8221; units=&#8221;%&#8221;][\/vc_column][vc_column width=&#8221;5\/6&#8243;][vc_column_text]Pachetul de lucru 2 Simularea modelului de referin\u021b\u0103 Activitatea 2.1. Identificarea relevant\u0103 a parametrilor pentru modelele energetice Activitatea 2.2. Mediu de simulare pentru colectarea datelor Activitatea 2.3. Caracterizarea comportamentului utilizatorului Activitatea 2.4. Modelul de referin\u021b\u0103 al simul\u0103rii Activitatea 2.5. Calibrarea continu\u0103 a modelelor energetice[\/vc_column_text][\/vc_column][\/vc_row][vc_row][vc_column width=&#8221;1\/1&#8243;][\/vc_column][\/vc_row][vc_row][vc_column width=&#8221;1\/6&#8243;][vc_pie value=&#8221;100&#8243; color=&#8221;#1e73be&#8221; title=&#8221;Realizat&#8221; units=&#8221;%&#8221;][\/vc_column][vc_column width=&#8221;5\/6&#8243;][vc_column_text]Pachetul de lucru 3 Sistem de control inteligent pentru cl\u0103dire Activitatea 3.1. Plan de operare optim Activitatea 3.2. Controlul modelului la cerere Activitatea 3.3. Controlul adaptiv al defec\u021biunilor prin integrarea cu diagnosticarea Activitatea 3.4. Evaluarea strategiilor de optimizare a energiei \u00een mediul de simulare[\/vc_column_text][\/vc_column][\/vc_row][vc_row][vc_column width=&#8221;1\/1&#8243;][\/vc_column][\/vc_row][vc_row][vc_column width=&#8221;1\/6&#8243;][vc_pie value=&#8221;100&#8243; color=&#8221;#1e73be&#8221; title=&#8221;Realizat&#8221; units=&#8221;%&#8221;][\/vc_column][vc_column width=&#8221;5\/6&#8243;][vc_column_text]Pachetul de lucru 4 Diagnosticul \u0219i comunicarea continu\u0103 Activitatea 4.1. Metodologia continu\u0103 de punere \u00een func\u021biune Activitatea 4.2. Modelarea structurilor \u0219i analiza sistemelor Activitatea 4.3. Detectarea \u0219i diagnosticarea defec\u021biunilor (FDD) Activitatea 4.4. Mentenan\u021b\u0103 predictiv\u0103[\/vc_column_text][\/vc_column][\/vc_row][vc_row][vc_column width=&#8221;1\/1&#8243;][\/vc_column][\/vc_row][vc_row][vc_column width=&#8221;1\/6&#8243;][vc_pie value=&#8221;100&#8243; color=&#8221;#1e73be&#8221; [&hellip;]<\/p>\n","protected":false},"author":2,"featured_media":0,"parent":19534,"menu_order":272,"comment_status":"closed","ping_status":"closed","template":"","meta":[],"folder":[55],"_links":{"self":[{"href":"http:\/\/www.icpe.ro\/ro\/wp-json\/wp\/v2\/pages\/19540"}],"collection":[{"href":"http:\/\/www.icpe.ro\/ro\/wp-json\/wp\/v2\/pages"}],"about":[{"href":"http:\/\/www.icpe.ro\/ro\/wp-json\/wp\/v2\/types\/page"}],"author":[{"embeddable":true,"href":"http:\/\/www.icpe.ro\/ro\/wp-json\/wp\/v2\/users\/2"}],"replies":[{"embeddable":true,"href":"http:\/\/www.icpe.ro\/ro\/wp-json\/wp\/v2\/comments?post=19540"}],"version-history":[{"count":0,"href":"http:\/\/www.icpe.ro\/ro\/wp-json\/wp\/v2\/pages\/19540\/revisions"}],"up":[{"embeddable":true,"href":"http:\/\/www.icpe.ro\/ro\/wp-json\/wp\/v2\/pages\/19534"}],"wp:attachment":[{"href":"http:\/\/www.icpe.ro\/ro\/wp-json\/wp\/v2\/media?parent=19540"}],"wp:term":[{"taxonomy":"folder","embeddable":true,"href":"http:\/\/www.icpe.ro\/ro\/wp-json\/wp\/v2\/folder?post=19540"}],"curies":[{"name":"wp","href":"https:\/\/api.w.org\/{rel}","templated":true}]}}