{"id":19538,"date":"2018-03-02T08:41:27","date_gmt":"2018-03-02T05:41:27","guid":{"rendered":"http:\/\/www.icpe.ro\/ro\/?page_id=19538"},"modified":"2018-03-19T14:39:30","modified_gmt":"2018-03-19T11:39:30","slug":"despre-proiect","status":"publish","type":"page","link":"http:\/\/www.icpe.ro\/ro\/energy-in-time\/despre-proiect\/","title":{"rendered":"Despre proiect"},"content":{"rendered":"<p>[vc_row type=&#8221;full_width_section&#8221;][vc_column width=&#8221;1\/1&#8243;][vc_raw_html]JTNDc3R5bGUlM0UlMEEudG9wbmF2JTIwJTdCJTBBJTBBJTIwJTIwJTIwJTIwbGlzdC1zdHlsZSUzQW5vbmUlM0IlMEElMjAlMjAlMjAlMjBtYXJnaW4lM0EwJTNCJTBBJTIwJTIwJTIwJTIwcGFkZGluZyUzQTAlM0IlMEElMjAlMjAlMjAlMjB0ZXh0LWFsaWduJTNBY2VudGVyJTNCJTBBJTdEJTBBJTBBLnRvcG5hdiUyMGxpJTIwJTdCJTBBJTIwJTIwZGlzcGxheSUzQWlubGluZSUzQiUwQSU3RCUwQSUwQS50b3BuYXYlMjBhJTdCJTBBJTIwJTIwZGlzcGxheSUzQWlubGluZS1ibG9jayUzQiUwQSUyMCUyMGNvbG9yJTNBJTIwJTIzMDAwJTNCJTBBJTIwJTIwJTIwJTIwcGFkZGluZyUzQTE4cHglMjAzNnB4JTNCJTBBJTIwJTIwZm9udC1zaXplJTNBMTdweCUzQiUwQSU3RCUwQS50b3BuYXYlMjBhJTNBaG92ZXIlMjAlN0IlMEElMjAlMjBiYWNrZ3JvdW5kLWNvbG9yJTNBJTIwJTIzZGRkJTNCJTBBJTIwJTIwY29sb3IlM0ElMjBibGFjayUzQiUwQSU3RCUwQSUwQS50b3BuYXYlMjAuaWNvbiUyMCU3QiUwQSUyMCUyMGRpc3BsYXklM0ElMjBub25lJTNCJTBBJTdEJTBBLmFjdGl2ZSUyMCU3QiUwQSUyMCUyMCUyMCUyMGJhY2tncm91bmQtY29sb3IlM0ElMjAlMjNmN2Y3ZjclM0IlMEElMjAlMjAlMjAlMjBmb250LXdlaWdodCUzQSUyMGJvbGQlM0IlMEElN0QlMEElMEElNDBtZWRpYSUyMHNjcmVlbiUyMGFuZCUyMCUyOG1heC13aWR0aCUzQSUyMDYwMHB4JTI5JTIwJTdCJTBBJTIwJTIwLnRvcG5hdiUyMGElM0Fub3QlMjglM0FmaXJzdC1jaGlsZCUyOSUyMCU3QmRpc3BsYXklM0ElMjBub25lJTNCJTdEJTBBJTIwJTIwLnRvcG5hdiUyMGEuaWNvbiUyMCU3QiUwQSUyMCUyMCUyMCUyMGZsb2F0JTNBJTIwcmlnaHQlM0IlMEElMjAlMjAlMjAlMjBkaXNwbGF5JTNBJTIwYmxvY2slM0IlMEElMjAlMjAlN0QlMEElN0QlMEElMEElNDBtZWRpYSUyMHNjcmVlbiUyMGFuZCUyMCUyOG1heC13aWR0aCUzQSUyMDYwMHB4JTI5JTIwJTdCJTBBJTIwJTIwLnRvcG5hdi5yZXNwb25zaXZlJTIwJTdCcG9zaXRpb24lM0ElMjByZWxhdGl2ZSUzQiU3RCUwQSUyMCUyMC50b3BuYXYucmVzcG9uc2l2ZSUyMC5pY29uJTIwJTdCJTBBJTIwJTIwJTIwJTIwcG9zaXRpb24lM0ElMjBhYnNvbHV0ZSUzQiUwQSUyMCUyMCUyMCUyMHJpZ2h0JTNBJTIwMCUzQiUwQSUyMCUyMCUyMCUyMHRvcCUzQSUyMDAlM0IlMEElMjAlMjAlN0QlMEElMjAlMjAudG9wbmF2LnJlc3BvbnNpdmUlMjBhJTIwJTdCJTBBJTIwJTIwJTIwJTIwZmxvYXQlM0ElMjBub25lJTNCJTBBJTIwJTIwJTIwJTIwZGlzcGxheSUzQSUyMGJsb2NrJTNCJTBBJTIwJTIwJTIwJTIwdGV4dC1hbGlnbiUzQSUyMGxlZnQlM0IlMEElMjAlMjAlN0QlMEElMEElN0QlMEElM0MlMkZzdHlsZSUzRSUwQSUwQSUwQSUwQSUzQ2RpdiUyMGNsYXNzJTNEJTIydG9wbmF2JTIyJTIwaWQlM0QlMjJteVRvcG5hdiUyMiUzRSUwQSUyMCUyMCUzQ2ElMjBocmVmJTNEJTIyaHR0cCUzQSUyRiUyRnd3dy5pY3BlLnJvJTJGcm8lMkZlbmVyZ3ktaW4tdGltZSUyRiUyMiUzRUFjYXMlQzQlODMlM0MlMkZhJTNFJTBBJTIwJTIwJTNDYSUyMGhyZWYlM0QlMjJodHRwJTNBJTJGJTJGd3d3LmljcGUucm8lMkZybyUyRmVuZXJneS1pbi10aW1lJTJGZGVzcHJlLXByb2llY3QlMkYlMjIlM0VEZXNwcmUlMjBwcm9pZWN0JTNDJTJGYSUzRSUwQSUyMCUyMCUzQ2ElMjBocmVmJTNEJTIyaHR0cCUzQSUyRiUyRnd3dy5pY3BlLnJvJTJGcm8lMkZlbmVyZ3ktaW4tdGltZSUyRmNvbnNvcnRpdSUyRiUyMiUzRUNvbnNvciVDNSVBM2l1JTNDJTJGYSUzRSUwQSUyMCUyMCUzQ2ElMjBocmVmJTNEJTIyaHR0cCUzQSUyRiUyRnd3dy5pY3BlLnJvJTJGcm8lMkZlbmVyZ3ktaW4tdGltZSUyRmV0YXBlJTJGJTIyJTNFUGFjaGV0ZSUyMGRlJTIwbHVjcnUlM0MlMkZhJTNFJTBBJTIwJTIwJTNDYSUyMGhyZWYlM0QlMjJodHRwJTNBJTJGJTJGd3d3LmljcGUucm8lMkZybyUyRmVuZXJneS1pbi10aW1lJTJGbm91dGF0aSUyRiUyMiUzRU5vdXQlQzQlODMlQzUlQTNpJTNDJTJGYSUzRSUwQSUyMCUyMCUzQ2ElMjBocmVmJTNEJTIyaHR0cCUzQSUyRiUyRnd3dy5pY3BlLnJvJTJGcm8lMkZlbmVyZ3ktaW4tdGltZSUyRmNvbnRhY3QlMkYlMjIlM0VDb250YWN0JTNDJTJGYSUzRSUwQSUyMCUyMCUzQ2xpJTIwc3R5bGUlM0QlMjJmbG9hdCUzQXJpZ2h0JTIyJTNFJTNDYSUyMGNsYXNzJTNEJTIyYWN0aXZlJTIyJTIwaHJlZiUzRCUyMmh0dHAlM0ElMkYlMkZ3d3cuaWNwZS5ybyUyRmVuZXJneS1pbi10aW1lJTJGJTIyJTNFRU4lM0MlMkZhJTNFJTNDJTJGbGklM0UlMEElMEElMEElMjAlMjAlM0NhJTIwaHJlZiUzRCUyMmphdmFzY3JpcHQlM0F2b2lkJTI4MCUyOSUzQiUyMiUyMHN0eWxlJTNEJTIyZm9udC1zaXplJTNBMTVweCUzQiUyMiUyMGNsYXNzJTNEJTIyaWNvbiUyMiUyMG9uY2xpY2slM0QlMjJteUZ1bmN0aW9uJTI4JTI5JTIyJTNFJTI2JTIzOTc3NiUzQiUzQyUyRmElM0UlMEElM0MlMkZkaXYlM0UlMEElMEElM0NzY3JpcHQlM0UlMEFmdW5jdGlvbiUyMG15RnVuY3Rpb24lMjglMjklMjAlN0IlMEElMjAlMjAlMjAlMjB2YXIlMjB4JTIwJTNEJTIwZG9jdW1lbnQuZ2V0RWxlbWVudEJ5SWQlMjglMjJteVRvcG5hdiUyMiUyOSUzQiUwQSUyMCUyMCUyMCUyMGlmJTIwJTI4eC5jbGFzc05hbWUlMjAlM0QlM0QlM0QlMjAlMjJ0b3BuYXYlMjIlMjklMjAlN0IlMEElMjAlMjAlMjAlMjAlMjAlMjAlMjAlMjB4LmNsYXNzTmFtZSUyMCUyQiUzRCUyMCUyMiUyMHJlc3BvbnNpdmUlMjIlM0IlMEElMjAlMjAlMjAlMjAlN0QlMjBlbHNlJTIwJTdCJTBBJTIwJTIwJTIwJTIwJTIwJTIwJTIwJTIweC5jbGFzc05hbWUlMjAlM0QlMjAlMjJ0b3BuYXYlMjIlM0IlMEElMjAlMjAlMjAlMjAlN0QlMEElN0QlMEElM0MlMkZzY3JpcHQlM0UlMEE=[\/vc_raw_html][\/vc_column][\/vc_row][vc_row][vc_column width=&#8221;1\/1&#8243;]<div class=\"single_image wpb_content_element align-center    \" data-animation=\"none\" data-delay=\"0\"><img width=\"300\" height=\"152\" src=\"http:\/\/www.icpe.ro\/ro\/wp-content\/uploads\/2013\/01\/energy-in-time.jpg\" class=\"attachment-full\" alt=\"\" loading=\"lazy\" \/><\/div>[\/vc_column][\/vc_row][vc_row bg_color=&#8221;#efefef&#8221; top_padding=&#8221;20&#8243; bottom_padding=&#8221;20&#8243;][vc_column width=&#8221;1\/1&#8243;]<h1 class=\"headline font-inherit fontsize-m fontweight-700 lh-inherit align-center transform-uppercase \" style=\"margin: 0 0 0 0;\">Despre proiect<\/h1>[\/vc_column][\/vc_row][vc_row top_padding=&#8221;40&#8243; bottom_padding=&#8221;40&#8243;][vc_column width=&#8221;1\/2&#8243;][vc_column_text]<strong>Proiectul FP7 <a href=\"https:\/\/www.energyintime.eu\/\" target=\"_blank\" rel=\"noopener\">Energy IN TIME<\/a> a fost c\u00e2\u0219tigat \u00een cadrul programului FP7,<\/strong> <em>(Project number: 608981, Call identifier: Fp7-2013-NMP- ENV-ENERGY-ICT-EeB, Funding scheme: Collaborative project).<\/em> <strong>\u00cen acest proiect, Icpe este singurul participant din Rom\u00e2nia consor\u021biul fiind coordonat de firma ACCIONA INFRAESTRUCTURAS Spania. <\/strong><\/p>\n<p>Proiectul Energy IN TIME a fost propus de un consor\u021biu de 13 parteneri din Spania, Portugalia, Irlanda, Fran\u021ba, Rom\u00e2nia, Regatul Unit al Marii Britanii, Italia \u0219i Finlanda \u0219i este coordonat de firma ACCIONA din Spania. Propunerea se adreseaz\u0103 topicii EeB.NMP.2013-4-Integrated Control System and Methodology to Monitor and Improve Building energy performance. Proiectul este un proiect complex, partenerii av\u00e2nd experien\u021b\u0103 dovedit\u0103 \u0219i expertiz\u0103 \u00een diferitele domenii ale proiectului care sunt necesare. Consor\u021biul este un consor\u021biu european puternic \u0219i reprezentativ, organiza\u021biile partenere av\u00e2nd pe l\u00e2ng\u0103 expertiza tehnic\u0103 \u0219i capabilitatea de a dezvolta activit\u0103\u021bi de diseminare \u0219i exploatare a rezultatelor.<\/p>\n<p>Costurile \u00een stadiul opera\u021bional al cl\u0103dirilor reprezint\u0103 80% din costurile cl\u0103dirii pe toat\u0103 durata de via\u021b\u0103, iar 50% din costuri sunt consecin\u021ba consumurilor energetice. Consider\u00e2nd emisiile de carbon care apar \u00een \u00eentreaga durata de via\u021b\u0103 a cl\u0103dirii, s-a constatat c\u0103 90% apar \u00een faza opera\u021bional\u0103. Acestea sunt \u00een principal o consecin\u021b\u0103 a consumului de energie penru HVAC (incalzire-climatizare-aer conditionat), iluminat \u0219i electrocasnice. Acesta reprezint\u0103 principalul motiv de abordare a unor strategii de economisire a energiei \u00een faza opera\u021bional\u0103 a cl\u0103dirii. Aceste strategii vor avea vor avea un impact major \u00een costurile pe \u00eentregul ciclul de via\u021b\u0103 al cl\u0103dirii.<\/p>\n<p>Proiectul Energy IN TIME dep\u0103\u0219e\u0219te tehnicile de contol a cl\u0103dirilor existente, dezvolt\u00e2nd pe baza unei abord\u0103ri control \u0219i operare integrat, care va combina tehnicile ce modelare din stadiul actual cu dezvoltarea unor tehnici inovative de simulare \u0219i control, cu obiectivul de a genera planuri opera\u021bionale optime, croite pentru anumite cl\u0103diri \u0219i cerin\u021be de utilizare. O astfel de abordare, va permite reducerea ineficien\u021belor sistemului \u0219i va contribui la \u00eembun\u0103t\u0103\u021birea eficien\u021bei energetice \u0219i confortului oferit de cl\u0103dire.<\/p>\n<p>[\/vc_column_text][\/vc_column][vc_column width=&#8221;1\/2&#8243;][vc_column_text]Grupul \u021bint\u0103 pentru solu\u021biile oferite de proiectul <a href=\"https:\/\/www.energyintime.eu\/\" target=\"_blank\" rel=\"noopener\"><strong>Energy IN TIME<\/strong><\/a>, va fi cel al cl\u0103dirilor nereziden\u021biale existente. Aceste cl\u0103diri trebuie s\u0103 prezinte caracteristici care garateaz\u0103 impact ridicat \u0219i spa\u021biu pentru \u00eembun\u0103t\u0103\u021birile datorate variet\u0103\u021bii \u0219i cantit\u0103\u021bii de facilit\u0103\u021bi \u0219i echipamente acoperite de modelul de management opera\u021bional utilizare \u00een acestea. Un instrument de control va fi implementat \u00een sistemul de management al cl\u0103dirii care va fi operat automat.<br \/>\nMetodologia pentru solu\u021biile implementate va fi definit\u0103 pentru cl\u0103diri existente av\u00e2ndu-se totodat\u0103 \u00een vedere \u0219i implementarea \u00een cl\u0103diri noi. Planul de realizare al proiectului Energy IN TIME, este \u00eemp\u0103r\u021bit \u00een 9 pachete de lucru, dup\u0103 cum urmeaz\u0103:<\/p>\n<p><strong>WP1:<\/strong> Cerin\u021be \u0219i arhitectura sistemului<br \/>\n<strong>WP2:<\/strong> Model referen\u021bial de simulare<br \/>\n<strong>WP3:<\/strong> Sistem de control inteligent al \u00eentregii cl\u0103diri<br \/>\n<strong>WP4:<\/strong> Diagnoz\u0103 \u0219i comand\u0103<br \/>\n<strong>WP5:<\/strong> Instument suport de decizie<br \/>\n<strong>WP6:<\/strong> Integrarea sistemului \u0219i validarea pilot<br \/>\n<strong>WP7:<\/strong> Demonstra\u021bii a implement\u0103rii sistemelor proiectate \u0219i dezvoltate<br \/>\n<strong>WP8:<\/strong> Diseminare \u0219i exploatare<br \/>\n<strong>WP9:<\/strong> Coordonare<\/p>\n<p>Cofinan\u0163area proiectului Energy IN TIME este asigurat\u0103 de Unitatea Executiv\u0103 pentru Finan\u0163are a \u00cenv\u0103\u0163\u0103m\u00e2ntului Superior, a Cercet\u0103rii, Dezvolt\u0103rii \u015fi Inov\u0103rii (UEFISCDI) prin contractul nr.\u00a0 C.246 EU\/17.10.2013, semnat cu Autoritatea Na\u0163ional\u0103 pentru Cercetare \u015etiin\u0163ific\u0103, \u00een cadrul <a title=\"Programul PN II Capacit\u0103\u0163i \u2013 Modulul III PC7-Cofina\u0163area particip\u0103rii Rom\u00e2niei la Programul FP7\" href=\"http:\/\/uefiscdi.gov.ro\/articole\/3031\/Proiecte-de-co-finantare-a-participarii-Romaniei-la-PC-7.html\">Programului PN II Capacit\u0103\u0163i \u2013 Modulul III PC7-Cofina\u0163area particip\u0103rii Rom\u00e2niei la Programul FP7.<\/a><\/p>\n<p>Proiectul FP7 Energy IN TIME a fost c\u00e2\u0219tigat \u00een cadrul programului FP7, <em>(Project number: 608981, Call identifier: Fp7-2013-NMP- ENV-ENERGY-ICT-EeB, Funding scheme: Collaborative project)<\/em><\/p>\n<p>Proiectul se desf\u0103\u0219oar\u0103 \u00een perioada octombrie 2013 \u2013 septembrie 2016.[\/vc_column_text][\/vc_column][\/vc_row][vc_row bg_type=&#8221;bg_color&#8221; ult_hide_row=&#8221;ult_hide_row_value&#8221; ult_hide_row_tablet=&#8221;tablet&#8221; ult_hide_row_tablet_small=&#8221;xs_tablet&#8221; ult_hide_row_mobile=&#8221;mobile&#8221; ult_hide_row_mobile_large=&#8221;xl_mobile&#8221;][vc_column width=&#8221;1\/1&#8243;]<div class=\"spacer\" style=\"height: 40px;\"><\/div>[\/vc_column][\/vc_row][vc_row bg_color=&#8221;#262626&#8243; top_padding=&#8221;70&#8243; bottom_padding=&#8221;70&#8243; bg_type=&#8221;bg_color&#8221;][vc_column width=&#8221;1\/2&#8243;][vc_column_text]\u00a9 Icpe | Tehnologii pentru dezvoltare durabil\u0103<br \/>\n<a href=\"http:\/\/www.icpe.ro\/ro\/termeni\" target=\"_blank\" rel=\"noopener\">Termeni \u0219i Condi\u021bii<\/a>[\/vc_column_text][\/vc_column][vc_column text_align=&#8221;center&#8221; width=&#8221;1\/2&#8243;]<a href=\"http:\/\/www.icpe.ro\/ro\/institutul\/proiecte\/\" target=\"_blank\" class=\"button color-3 small \" style=\"border-radius: 2px;\">Vezi mai multe proiecte<\/a>[\/vc_column][\/vc_row]<\/p>\n","protected":false},"excerpt":{"rendered":"<p>[vc_row type=&#8221;full_width_section&#8221;][vc_column width=&#8221;1\/1&#8243;][vc_raw_html]JTNDc3R5bGUlM0UlMEEudG9wbmF2JTIwJTdCJTBBJTBBJTIwJTIwJTIwJTIwbGlzdC1zdHlsZSUzQW5vbmUlM0IlMEElMjAlMjAlMjAlMjBtYXJnaW4lM0EwJTNCJTBBJTIwJTIwJTIwJTIwcGFkZGluZyUzQTAlM0IlMEElMjAlMjAlMjAlMjB0ZXh0LWFsaWduJTNBY2VudGVyJTNCJTBBJTdEJTBBJTBBLnRvcG5hdiUyMGxpJTIwJTdCJTBBJTIwJTIwZGlzcGxheSUzQWlubGluZSUzQiUwQSU3RCUwQSUwQS50b3BuYXYlMjBhJTdCJTBBJTIwJTIwZGlzcGxheSUzQWlubGluZS1ibG9jayUzQiUwQSUyMCUyMGNvbG9yJTNBJTIwJTIzMDAwJTNCJTBBJTIwJTIwJTIwJTIwcGFkZGluZyUzQTE4cHglMjAzNnB4JTNCJTBBJTIwJTIwZm9udC1zaXplJTNBMTdweCUzQiUwQSU3RCUwQS50b3BuYXYlMjBhJTNBaG92ZXIlMjAlN0IlMEElMjAlMjBiYWNrZ3JvdW5kLWNvbG9yJTNBJTIwJTIzZGRkJTNCJTBBJTIwJTIwY29sb3IlM0ElMjBibGFjayUzQiUwQSU3RCUwQSUwQS50b3BuYXYlMjAuaWNvbiUyMCU3QiUwQSUyMCUyMGRpc3BsYXklM0ElMjBub25lJTNCJTBBJTdEJTBBLmFjdGl2ZSUyMCU3QiUwQSUyMCUyMCUyMCUyMGJhY2tncm91bmQtY29sb3IlM0ElMjAlMjNmN2Y3ZjclM0IlMEElMjAlMjAlMjAlMjBmb250LXdlaWdodCUzQSUyMGJvbGQlM0IlMEElN0QlMEElMEElNDBtZWRpYSUyMHNjcmVlbiUyMGFuZCUyMCUyOG1heC13aWR0aCUzQSUyMDYwMHB4JTI5JTIwJTdCJTBBJTIwJTIwLnRvcG5hdiUyMGElM0Fub3QlMjglM0FmaXJzdC1jaGlsZCUyOSUyMCU3QmRpc3BsYXklM0ElMjBub25lJTNCJTdEJTBBJTIwJTIwLnRvcG5hdiUyMGEuaWNvbiUyMCU3QiUwQSUyMCUyMCUyMCUyMGZsb2F0JTNBJTIwcmlnaHQlM0IlMEElMjAlMjAlMjAlMjBkaXNwbGF5JTNBJTIwYmxvY2slM0IlMEElMjAlMjAlN0QlMEElN0QlMEElMEElNDBtZWRpYSUyMHNjcmVlbiUyMGFuZCUyMCUyOG1heC13aWR0aCUzQSUyMDYwMHB4JTI5JTIwJTdCJTBBJTIwJTIwLnRvcG5hdi5yZXNwb25zaXZlJTIwJTdCcG9zaXRpb24lM0ElMjByZWxhdGl2ZSUzQiU3RCUwQSUyMCUyMC50b3BuYXYucmVzcG9uc2l2ZSUyMC5pY29uJTIwJTdCJTBBJTIwJTIwJTIwJTIwcG9zaXRpb24lM0ElMjBhYnNvbHV0ZSUzQiUwQSUyMCUyMCUyMCUyMHJpZ2h0JTNBJTIwMCUzQiUwQSUyMCUyMCUyMCUyMHRvcCUzQSUyMDAlM0IlMEElMjAlMjAlN0QlMEElMjAlMjAudG9wbmF2LnJlc3BvbnNpdmUlMjBhJTIwJTdCJTBBJTIwJTIwJTIwJTIwZmxvYXQlM0ElMjBub25lJTNCJTBBJTIwJTIwJTIwJTIwZGlzcGxheSUzQSUyMGJsb2NrJTNCJTBBJTIwJTIwJTIwJTIwdGV4dC1hbGlnbiUzQSUyMGxlZnQlM0IlMEElMjAlMjAlN0QlMEElMEElN0QlMEElM0MlMkZzdHlsZSUzRSUwQSUwQSUwQSUwQSUzQ2RpdiUyMGNsYXNzJTNEJTIydG9wbmF2JTIyJTIwaWQlM0QlMjJteVRvcG5hdiUyMiUzRSUwQSUyMCUyMCUzQ2ElMjBocmVmJTNEJTIyaHR0cCUzQSUyRiUyRnd3dy5pY3BlLnJvJTJGcm8lMkZlbmVyZ3ktaW4tdGltZSUyRiUyMiUzRUFjYXMlQzQlODMlM0MlMkZhJTNFJTBBJTIwJTIwJTNDYSUyMGhyZWYlM0QlMjJodHRwJTNBJTJGJTJGd3d3LmljcGUucm8lMkZybyUyRmVuZXJneS1pbi10aW1lJTJGZGVzcHJlLXByb2llY3QlMkYlMjIlM0VEZXNwcmUlMjBwcm9pZWN0JTNDJTJGYSUzRSUwQSUyMCUyMCUzQ2ElMjBocmVmJTNEJTIyaHR0cCUzQSUyRiUyRnd3dy5pY3BlLnJvJTJGcm8lMkZlbmVyZ3ktaW4tdGltZSUyRmNvbnNvcnRpdSUyRiUyMiUzRUNvbnNvciVDNSVBM2l1JTNDJTJGYSUzRSUwQSUyMCUyMCUzQ2ElMjBocmVmJTNEJTIyaHR0cCUzQSUyRiUyRnd3dy5pY3BlLnJvJTJGcm8lMkZlbmVyZ3ktaW4tdGltZSUyRmV0YXBlJTJGJTIyJTNFUGFjaGV0ZSUyMGRlJTIwbHVjcnUlM0MlMkZhJTNFJTBBJTIwJTIwJTNDYSUyMGhyZWYlM0QlMjJodHRwJTNBJTJGJTJGd3d3LmljcGUucm8lMkZybyUyRmVuZXJneS1pbi10aW1lJTJGbm91dGF0aSUyRiUyMiUzRU5vdXQlQzQlODMlQzUlQTNpJTNDJTJGYSUzRSUwQSUyMCUyMCUzQ2ElMjBocmVmJTNEJTIyaHR0cCUzQSUyRiUyRnd3dy5pY3BlLnJvJTJGcm8lMkZlbmVyZ3ktaW4tdGltZSUyRmNvbnRhY3QlMkYlMjIlM0VDb250YWN0JTNDJTJGYSUzRSUwQSUyMCUyMCUzQ2xpJTIwc3R5bGUlM0QlMjJmbG9hdCUzQXJpZ2h0JTIyJTNFJTNDYSUyMGNsYXNzJTNEJTIyYWN0aXZlJTIyJTIwaHJlZiUzRCUyMmh0dHAlM0ElMkYlMkZ3d3cuaWNwZS5ybyUyRmVuZXJneS1pbi10aW1lJTJGJTIyJTNFRU4lM0MlMkZhJTNFJTNDJTJGbGklM0UlMEElMEElMEElMjAlMjAlM0NhJTIwaHJlZiUzRCUyMmphdmFzY3JpcHQlM0F2b2lkJTI4MCUyOSUzQiUyMiUyMHN0eWxlJTNEJTIyZm9udC1zaXplJTNBMTVweCUzQiUyMiUyMGNsYXNzJTNEJTIyaWNvbiUyMiUyMG9uY2xpY2slM0QlMjJteUZ1bmN0aW9uJTI4JTI5JTIyJTNFJTI2JTIzOTc3NiUzQiUzQyUyRmElM0UlMEElM0MlMkZkaXYlM0UlMEElMEElM0NzY3JpcHQlM0UlMEFmdW5jdGlvbiUyMG15RnVuY3Rpb24lMjglMjklMjAlN0IlMEElMjAlMjAlMjAlMjB2YXIlMjB4JTIwJTNEJTIwZG9jdW1lbnQuZ2V0RWxlbWVudEJ5SWQlMjglMjJteVRvcG5hdiUyMiUyOSUzQiUwQSUyMCUyMCUyMCUyMGlmJTIwJTI4eC5jbGFzc05hbWUlMjAlM0QlM0QlM0QlMjAlMjJ0b3BuYXYlMjIlMjklMjAlN0IlMEElMjAlMjAlMjAlMjAlMjAlMjAlMjAlMjB4LmNsYXNzTmFtZSUyMCUyQiUzRCUyMCUyMiUyMHJlc3BvbnNpdmUlMjIlM0IlMEElMjAlMjAlMjAlMjAlN0QlMjBlbHNlJTIwJTdCJTBBJTIwJTIwJTIwJTIwJTIwJTIwJTIwJTIweC5jbGFzc05hbWUlMjAlM0QlMjAlMjJ0b3BuYXYlMjIlM0IlMEElMjAlMjAlMjAlMjAlN0QlMEElN0QlMEElM0MlMkZzY3JpcHQlM0UlMEE=[\/vc_raw_html][\/vc_column][\/vc_row][vc_row][vc_column width=&#8221;1\/1&#8243;][\/vc_column][\/vc_row][vc_row bg_color=&#8221;#efefef&#8221; top_padding=&#8221;20&#8243; bottom_padding=&#8221;20&#8243;][vc_column width=&#8221;1\/1&#8243;][\/vc_column][\/vc_row][vc_row top_padding=&#8221;40&#8243; bottom_padding=&#8221;40&#8243;][vc_column width=&#8221;1\/2&#8243;][vc_column_text]Proiectul FP7 Energy IN TIME a fost c\u00e2\u0219tigat \u00een cadrul programului FP7, (Project number: 608981, Call identifier: Fp7-2013-NMP- ENV-ENERGY-ICT-EeB, Funding scheme: Collaborative project). \u00cen acest proiect, Icpe este singurul participant din Rom\u00e2nia consor\u021biul fiind coordonat de firma ACCIONA INFRAESTRUCTURAS Spania. Proiectul Energy IN TIME a fost propus de un consor\u021biu de 13 parteneri din Spania, Portugalia, Irlanda, Fran\u021ba, Rom\u00e2nia, Regatul Unit al Marii Britanii, Italia \u0219i Finlanda \u0219i este coordonat de firma ACCIONA din Spania. Propunerea se adreseaz\u0103 topicii EeB.NMP.2013-4-Integrated Control System and Methodology to Monitor and Improve Building energy performance. Proiectul este un proiect complex, partenerii av\u00e2nd experien\u021b\u0103 dovedit\u0103 \u0219i expertiz\u0103 \u00een diferitele domenii ale proiectului care sunt necesare. Consor\u021biul este un consor\u021biu european puternic \u0219i reprezentativ, organiza\u021biile partenere av\u00e2nd pe l\u00e2ng\u0103 expertiza tehnic\u0103 \u0219i capabilitatea de a dezvolta activit\u0103\u021bi de diseminare \u0219i exploatare a rezultatelor. Costurile \u00een stadiul opera\u021bional al cl\u0103dirilor reprezint\u0103 80% din costurile cl\u0103dirii pe toat\u0103 durata de via\u021b\u0103, iar 50% din costuri sunt consecin\u021ba consumurilor energetice. Consider\u00e2nd emisiile de carbon care apar \u00een \u00eentreaga durata de via\u021b\u0103 a cl\u0103dirii, s-a constatat c\u0103 90% apar \u00een faza opera\u021bional\u0103. Acestea sunt \u00een principal o consecin\u021b\u0103 a consumului [&hellip;]<\/p>\n","protected":false},"author":2,"featured_media":0,"parent":19534,"menu_order":104,"comment_status":"closed","ping_status":"closed","template":"","meta":[],"folder":[55],"_links":{"self":[{"href":"http:\/\/www.icpe.ro\/ro\/wp-json\/wp\/v2\/pages\/19538"}],"collection":[{"href":"http:\/\/www.icpe.ro\/ro\/wp-json\/wp\/v2\/pages"}],"about":[{"href":"http:\/\/www.icpe.ro\/ro\/wp-json\/wp\/v2\/types\/page"}],"author":[{"embeddable":true,"href":"http:\/\/www.icpe.ro\/ro\/wp-json\/wp\/v2\/users\/2"}],"replies":[{"embeddable":true,"href":"http:\/\/www.icpe.ro\/ro\/wp-json\/wp\/v2\/comments?post=19538"}],"version-history":[{"count":0,"href":"http:\/\/www.icpe.ro\/ro\/wp-json\/wp\/v2\/pages\/19538\/revisions"}],"up":[{"embeddable":true,"href":"http:\/\/www.icpe.ro\/ro\/wp-json\/wp\/v2\/pages\/19534"}],"wp:attachment":[{"href":"http:\/\/www.icpe.ro\/ro\/wp-json\/wp\/v2\/media?parent=19538"}],"wp:term":[{"taxonomy":"folder","embeddable":true,"href":"http:\/\/www.icpe.ro\/ro\/wp-json\/wp\/v2\/folder?post=19538"}],"curies":[{"name":"wp","href":"https:\/\/api.w.org\/{rel}","templated":true}]}}