{"id":19519,"date":"2018-02-28T08:27:36","date_gmt":"2018-02-28T05:27:36","guid":{"rendered":"http:\/\/www.icpe.ro\/ro\/?page_id=19519"},"modified":"2018-09-26T08:15:25","modified_gmt":"2018-09-26T05:15:25","slug":"articole","status":"publish","type":"page","link":"http:\/\/www.icpe.ro\/ro\/smc4servo\/articole\/","title":{"rendered":"Articole"},"content":{"rendered":"<p>[vc_row type=&#8221;full_width_section&#8221;][vc_column width=&#8221;1\/1&#8243;][vc_raw_html]JTNDc3R5bGUlM0UlMEEudG9wbmF2JTIwJTdCJTBBJTBBJTIwJTIwJTIwJTIwbGlzdC1zdHlsZSUzQW5vbmUlM0IlMEElMjAlMjAlMjAlMjBtYXJnaW4lM0EwJTNCJTBBJTIwJTIwJTIwJTIwcGFkZGluZyUzQTAlM0IlMEElMjAlMjAlMjAlMjB0ZXh0LWFsaWduJTNBY2VudGVyJTNCJTBBJTdEJTBBJTBBLnRvcG5hdiUyMGxpJTIwJTdCJTBBJTIwJTIwZGlzcGxheSUzQWlubGluZSUzQiUwQSU3RCUwQSUwQS50b3BuYXYlMjBhJTdCJTBBJTIwJTIwZGlzcGxheSUzQWlubGluZS1ibG9jayUzQiUwQSUyMCUyMGNvbG9yJTNBJTIwJTIzMDAwJTNCJTBBJTIwJTIwJTIwJTIwcGFkZGluZyUzQTE4cHglMjAzNnB4JTNCJTBBJTIwJTIwZm9udC1zaXplJTNBMTdweCUzQiUwQSU3RCUwQS50b3BuYXYlMjBhJTNBaG92ZXIlMjAlN0IlMEElMjAlMjBiYWNrZ3JvdW5kLWNvbG9yJTNBJTIwJTIzZGRkJTNCJTBBJTIwJTIwY29sb3IlM0ElMjBibGFjayUzQiUwQSU3RCUwQSUwQS50b3BuYXYlMjAuaWNvbiUyMCU3QiUwQSUyMCUyMGRpc3BsYXklM0ElMjBub25lJTNCJTBBJTdEJTBBLmFjdGl2ZSUyMCU3QiUwQSUyMCUyMCUyMCUyMGJhY2tncm91bmQtY29sb3IlM0ElMjAlMjNmN2Y3ZjclM0IlMEElMjAlMjAlMjAlMjBmb250LXdlaWdodCUzQSUyMGJvbGQlM0IlMEElN0QlMEElMEElNDBtZWRpYSUyMHNjcmVlbiUyMGFuZCUyMCUyOG1heC13aWR0aCUzQSUyMDYwMHB4JTI5JTIwJTdCJTBBJTIwJTIwLnRvcG5hdiUyMGElM0Fub3QlMjglM0FmaXJzdC1jaGlsZCUyOSUyMCU3QmRpc3BsYXklM0ElMjBub25lJTNCJTdEJTBBJTIwJTIwLnRvcG5hdiUyMGEuaWNvbiUyMCU3QiUwQSUyMCUyMCUyMCUyMGZsb2F0JTNBJTIwcmlnaHQlM0IlMEElMjAlMjAlMjAlMjBkaXNwbGF5JTNBJTIwYmxvY2slM0IlMEElMjAlMjAlN0QlMEElN0QlMEElMEElNDBtZWRpYSUyMHNjcmVlbiUyMGFuZCUyMCUyOG1heC13aWR0aCUzQSUyMDYwMHB4JTI5JTIwJTdCJTBBJTIwJTIwLnRvcG5hdi5yZXNwb25zaXZlJTIwJTdCcG9zaXRpb24lM0ElMjByZWxhdGl2ZSUzQiU3RCUwQSUyMCUyMC50b3BuYXYucmVzcG9uc2l2ZSUyMC5pY29uJTIwJTdCJTBBJTIwJTIwJTIwJTIwcG9zaXRpb24lM0ElMjBhYnNvbHV0ZSUzQiUwQSUyMCUyMCUyMCUyMHJpZ2h0JTNBJTIwMCUzQiUwQSUyMCUyMCUyMCUyMHRvcCUzQSUyMDAlM0IlMEElMjAlMjAlN0QlMEElMjAlMjAudG9wbmF2LnJlc3BvbnNpdmUlMjBhJTIwJTdCJTBBJTIwJTIwJTIwJTIwZmxvYXQlM0ElMjBub25lJTNCJTBBJTIwJTIwJTIwJTIwZGlzcGxheSUzQSUyMGJsb2NrJTNCJTBBJTIwJTIwJTIwJTIwdGV4dC1hbGlnbiUzQSUyMGxlZnQlM0IlMEElMjAlMjAlN0QlMEElMEElN0QlMEElM0MlMkZzdHlsZSUzRSUwQSUwQSUwQSUwQSUzQ2RpdiUyMGNsYXNzJTNEJTIydG9wbmF2JTIyJTIwaWQlM0QlMjJteVRvcG5hdiUyMiUzRSUwQSUyMCUyMCUzQ2ElMjBocmVmJTNEJTIyaHR0cCUzQSUyRiUyRnd3dy5pY3BlLnJvJTJGcm8lMkZzbWM0c2Vydm8lMkYlMjIlM0VBY2FzJUM0JTgzJTNDJTJGYSUzRSUwQSUyMCUyMCUzQ2ElMjBocmVmJTNEJTIyaHR0cCUzQSUyRiUyRnd3dy5pY3BlLnJvJTJGcm8lMkZzbWM0c2Vydm8lMkZkZXNwcmUtcHJvaWVjdCUyRiUyMiUzRURlc3ByZSUyMHByb2llY3QlM0MlMkZhJTNFJTBBJTIwJTIwJTNDYSUyMGhyZWYlM0QlMjJodHRwJTNBJTJGJTJGd3d3LmljcGUucm8lMkZybyUyRnNtYzRzZXJ2byUyRmNvbnNvcnRpdSUyRiUyMiUzRUNvbnNvciVDNSVBM2l1JTNDJTJGYSUzRSUwQSUyMCUyMCUzQ2ElMjBocmVmJTNEJTIyaHR0cCUzQSUyRiUyRnd3dy5pY3BlLnJvJTJGcm8lMkZzbWM0c2Vydm8lMkZldGFwZSUyRiUyMiUzRUV0YXBlJTNDJTJGYSUzRSUwQSUyMCUyMCUzQ2ElMjBocmVmJTNEJTIyaHR0cCUzQSUyRiUyRnd3dy5pY3BlLnJvJTJGcm8lMkZzbWM0c2Vydm8lMkZub3V0YXRpJTJGJTIyJTNFTm91dCVDNCU4MyVDNSVBM2klM0MlMkZhJTNFJTBBJTIwJTIwJTNDYSUyMGhyZWYlM0QlMjJodHRwJTNBJTJGJTJGd3d3LmljcGUucm8lMkZybyUyRnNtYzRzZXJ2byUyRmFydGljb2xlJTJGJTIyJTNFQXJ0aWNvbGUlM0MlMkZhJTNFJTBBJTIwJTIwJTNDYSUyMGhyZWYlM0QlMjJodHRwJTNBJTJGJTJGd3d3LmljcGUucm8lMkZybyUyRnNtYzRzZXJ2byUyRmNvbnRhY3QlMkYlMjIlM0VDb250YWN0JTNDJTJGYSUzRSUwQSUyMCUyMCUzQ2xpJTIwc3R5bGUlM0QlMjJmbG9hdCUzQXJpZ2h0JTIyJTNFJTNDYSUyMGNsYXNzJTNEJTIyYWN0aXZlJTIyJTIwaHJlZiUzRCUyMmh0dHAlM0ElMkYlMkZ3d3cuaWNwZS5ybyUyRnNtYzRzZXJ2byUyRiUyMiUzRUVOJTNDJTJGYSUzRSUzQyUyRmxpJTNFJTBBJTBBJTBBJTIwJTIwJTNDYSUyMGhyZWYlM0QlMjJqYXZhc2NyaXB0JTNBdm9pZCUyODAlMjklM0IlMjIlMjBzdHlsZSUzRCUyMmZvbnQtc2l6ZSUzQTE1cHglM0IlMjIlMjBjbGFzcyUzRCUyMmljb24lMjIlMjBvbmNsaWNrJTNEJTIybXlGdW5jdGlvbiUyOCUyOSUyMiUzRSUyNiUyMzk3NzYlM0IlM0MlMkZhJTNFJTBBJTNDJTJGZGl2JTNFJTBBJTBBJTNDc2NyaXB0JTNFJTBBZnVuY3Rpb24lMjBteUZ1bmN0aW9uJTI4JTI5JTIwJTdCJTBBJTIwJTIwJTIwJTIwdmFyJTIweCUyMCUzRCUyMGRvY3VtZW50LmdldEVsZW1lbnRCeUlkJTI4JTIybXlUb3BuYXYlMjIlMjklM0IlMEElMjAlMjAlMjAlMjBpZiUyMCUyOHguY2xhc3NOYW1lJTIwJTNEJTNEJTNEJTIwJTIydG9wbmF2JTIyJTI5JTIwJTdCJTBBJTIwJTIwJTIwJTIwJTIwJTIwJTIwJTIweC5jbGFzc05hbWUlMjAlMkIlM0QlMjAlMjIlMjByZXNwb25zaXZlJTIyJTNCJTBBJTIwJTIwJTIwJTIwJTdEJTIwZWxzZSUyMCU3QiUwQSUyMCUyMCUyMCUyMCUyMCUyMCUyMCUyMHguY2xhc3NOYW1lJTIwJTNEJTIwJTIydG9wbmF2JTIyJTNCJTBBJTIwJTIwJTIwJTIwJTdEJTBBJTdEJTBBJTNDJTJGc2NyaXB0JTNF[\/vc_raw_html][\/vc_column][\/vc_row][vc_row][vc_column width=&#8221;1\/1&#8243;]<div class=\"single_image wpb_content_element align-center    \" data-animation=\"none\" data-delay=\"0\"><img width=\"300\" height=\"152\" src=\"http:\/\/www.icpe.ro\/ro\/wp-content\/uploads\/2017\/02\/SMC4SERVO.jpg\" class=\"attachment-full\" alt=\"\" loading=\"lazy\" \/><\/div>[\/vc_column][\/vc_row][vc_row bg_color=&#8221;#efefef&#8221; top_padding=&#8221;20&#8243; bottom_padding=&#8221;20&#8243;][vc_column width=&#8221;1\/1&#8243;]<h1 class=\"headline font-inherit fontsize-m fontweight-700 lh-inherit align-center transform-uppercase \" style=\"margin: 0 0 0 0;\">Articole<\/h1>[\/vc_column][\/vc_row][vc_row top_padding=&#8221;40&#8243; bottom_padding=&#8221;40&#8243;][vc_column width=&#8221;1\/1&#8243;][vc_column_text]<\/p>\n<h4><strong>Articole publicate \u00een reviste<\/strong><\/h4>\n<p>V. M\u0103nescu (P\u0103lt\u00e2nea), G. P\u0103lt\u00e2nea, H. Gavril\u0103, G. Scutaru, I. Peter, High efficiency electrical motors state of the art and challenges, Rev. Roum. Sci. Techn. &#8211; S\u00e9rie \u00c9lectrotechnique et \u00c9nerg\u00e9tique, 62, 1, ISSN 0035-4066, pp. 14-18, 5 pag., 2017, WOS:000399629400003, IDS Number: ES6AW.<\/p>\n<p>V. M\u0103nescu (P\u0103lt\u00e2nea), G. P\u0103lt\u00e2nea, H. Gavril\u0103, G. Ionescu, Comparative analysis of different pointwise identification techniques, used in scalar Preisach model, U.P.B. Sci. Bull., Series A, Vol. 79, Iss. 2, p. 285-296, 12 pag., ISSN 1223-7027, 2017, WOS: 000406126800028, IDS Number: FB4QO.<\/p>\n<p>G. P\u0103lt\u00e2nea, V. M\u0103nescu (P\u0103lt\u00e2nea), P.C. Andrei, C. Grumeza, S. Marinescu, Laboratory Set-Up to Evaluate the B-H Relationship in Soft Magnetic Materials, 2017 10th International Symposium on Advanced Topics in Electrical Engineering (ATEE), 4 pag., ISBN: 978-1-5090-5160-1, DOI: 10.1109\/ATEE.2017.7905145, WOS: 000403399400082, IDS Number: BH8KL.<\/p>\n<p>G. P\u0103lt\u00e2nea, V. M\u0103nescu (P\u0103lt\u00e2nea), H. Gavril\u0103, D.E. Gavril\u0103, I.V. Nemoianu, Influence of Increase Mechanical Cutting Degradation on 50 Hz Magnetic Properties of Non-Oriented Electrical Steels, 2017 10th International Symposium on Advanced Topics in Electrical Engineering (ATEE), 4 pag., ISBN: 978-1-5090-5160-1, DOI: 10.1109\/ATEE.2017.7905146, WOS: 000403399400083, IDS Number: BH8KL.<\/p>\n<p>V. M\u0103nescu (P\u0103lt\u00e2nea), G. P\u0103lt\u00e2nea, I.V. Nemoianu, Influence of edge mechanical stress on the 50 Hz magnetic properties of thin electrical steel, Optimization of Electrical and Electronic Equipment (OPTIM) &amp; 2017 Intl Aegean Conference on Electrical Machines and Power Electronics (ACEMP), 2017 International Conference on, pp. 450-455, 6 pag., DOI: 10.1109\/OPTIM.2017.7975010, ISBN: 978-1-5090-4489-4 (indexat IEEE Xplore).<\/p>\n<p>G. P\u0103lt\u00e2nea, V. M\u0103nescu (P\u0103lt\u00e2nea), H. Gavril\u0103, P. Minciunescu, Frequency analysis of energy losses under sinusoidal magnetic flux density in commercial soft magnetic composites, Rev. Roum. Sci. Techn. &#8211; S\u00e9rie \u00c9lectrotechnique et \u00c9nerg\u00e9tique, vol. 63, no. 1, pp. 15-18, 4 pag., ISSN 0035-4066, 2018, <strong>IF 1.036\/2016, WOS: 000430897800003, IDS Number: GE0IP<\/strong>.*<\/p>\n<p>V. M\u0103nescu (P\u0103lt\u00e2nea), G. P\u0103lt\u00e2nea, I.V. Nemoianu, Degradation of static and dynamic magnetic properties of non-oriented steel sheets by cutting, IEEE Trans. Magn., Vol. 54, No. 11, DOI: 10.1109\/TMAG.2018.2834375, 5 pag., ISSN: 0018-946, 2018, <strong>IF 1.243\/2016, WOS: , IDS Number:<\/strong> acceptat spre publicare.*<\/p>\n<p>V. M\u0103nescu (P\u0103lt\u00e2nea), G. P\u0103lt\u00e2nea, P. Minciunescu, P.C. Andrei, M. Maricaru, C. Grumeza, Soft magnetic composites used in the special electric motor magnetic cores, 2017 Electric Vehicles International Conference (EV), pp. 1-4, 4 pag., ISBN: 978-1-5386-2382-4, DOI: 10.1109\/EV.2017.8242089, <strong>WOS: 000427815000003, IDS Number: BJ7XS<\/strong>.*<\/p>\n<p>G. P\u0103lt\u00e2nea, V. M\u0103nescu (P\u0103lt\u00e2nea), H. Gavril\u0103, D.E. Gavril\u0103, Magnetic materials used in the magnetic core manufacture of electrical machines and transformers, Key Engineering Materials, vol. 775, pp. 184-190, 7 pag., ISSN 1662-9795, 2018.*<\/p>\n<p>Mihai MARICARU, Iosif Vasile NEMOIANU, George-Marian VASILESCU, Catalin-Ionut GRUMEZA et Florea Ioan HANTILA, Mod\u00e8le hybride circuit magn\u00e9tique-champ pour la d\u00e9termination de la courbe de premi\u00e8re aimantation, U.P.B. Sci. Bull., Series C (ISSN 2286-3540), accepted for publication<\/p>\n<p>Floarea Vasile, O abordare critic\u0103 a \u201cg\u00e2ndirii bazate pe risc\u201d prezent\u0103 in noua edi\u0163ie a standardului SR EN ISO 9001:2015; Revista EEA- vol 65, nr.1 ianuarie-martie 2017.<\/p>\n<p>Floarea Vasile, Optimizarea proceselor de fabrica\u0163ie a servomotoarelor electrice prin aplicarea noilor edi\u0163ii ale standardelor interna\u0163ionale privind calitatea \u015fi mediul; Revista EEA 2018.<\/p>\n<h4><strong>Lucr\u0103ri prezentate la Conferin\u021be<\/strong><\/h4>\n<p>V.Manescu (Paltanea), Gh. Paltanea, P.Andrei, C.Grumeza, P.Minciunescu, \u201cEquipment for determination of the static B-H relationship in soft magnetic alloys\u201d, IEEE International Magnetics Conference, INTERMAG Europe 2017, 24 \u2013 28 April, 2017, Dublin, Ireland.<\/p>\n<p>V.Manescu (Paltanea), Gh. Paltanea, P.Minciunescu, P.C. Andrei, M. Maricaru, C.Grumeza, , Soft magnetic composites used in the special electric motor magnetic cores, IEEE EV2017, 5-6 October, 2017, Bucharest, Romania.<\/p>\n<p>V. Manescu (Paltanea), G. Paltanea, P. Andrei, F. I. Hantila, C. Grumeza, V. Bucata, Assessment of Static B-H Relationship for Soft Magnetic Alloys Using a Novel Equipment, 2DM 2018, 24-27 septembrie 2018, Grenoble, Franta.*<\/p>\n<p>G. Paltanea, V. Manescu (Paltanea), H. Gavrila, I. V. Nemoianu, P. C. Andrei, R. Ciuceanu, Application of orientation distribution functions&#8217; theory in the case of grain-oriented steels cut through non-conventional technologies, 2DM 2018, 24-27 septembrie 2018, Grenoble, Franta.*<\/p>\n<p>P. C. Andrei, M. Maricaru, M. Stanculescu, I. F. Hantila, V. Manescu (Paltanea), G. Paltanea, Experimental Results For The First Magnetization Curve Obtained Using An Original Device ECAI 2018 &#8211; International Conference \u2013 10th Edition Electronics, Computers and Artificial Intelligence, 28 June -30 June, 2018, Iasi, Romania*<\/p>\n<p>Mihai MARICARU, Paul MINCIUNESCU, Paul Cristian ANDREI, Wilhelm KAPPEL and Florea Ioan HANTILA, Circuit-magnetic field model used to evaluate the static B-H characteristic of a soft magnetic material sample, 15th International Workshop on Optimization and Inverse Problems in Electromagnetism, September 11 \u2013 13, 2018, Hall in Tirol, Austria*<\/p>\n<p>Ioana Nasui-Zah, Andreea Madalina Nicorici, Claudia Martis. Saturation and cross-saturation in synchronous reluctance machines, 18 -19 October, 2018, Iasi, Romania.<\/p>\n<p>Florin GHITA, Radu MARTIS, Florin POP, Claudia MARTIS, Bogdan Varaticeanu, Paul Minciunescu, Soft Magnetic Composites in the design of Permanent Magnet Synchronous Actuators, 18 -19 October, 2018, Iasi, Romania.<\/p>\n<p>Mihai MARICARU, Paul MINCIUNESCU, Paul Cristian ANDREI, Wilhelm KAPPEL, Catalin GRUMEZA, Ioan Florea HANTILA, Procedure for fast determination of the static B-H relationship, Rev. Roum. Sci. Tehn-Electrotehn et Energ. Vol 61,Bucarest, 2016.<\/p>\n<p>Ioan Florea HANTILA, Mihai MARICARU, Marilena STANCULESCU, Paul MINCIUNESCU, The magnetic flux-voltage characteristic computation for a magnetic circuit branch, Journal of Engineering Sciences and Innovation (ISSN 2537 \u2013 320X), vol. 3, no. 1, 2018, pp. 59-68.<\/p>\n<p>Mihai MARICARU, Paul MINCIUNESCU, Paul Cristian ANDREI, Wilhelm KAPPEL, Catalin GRUMEZA, Ioan Florea HANTILA, Fast evaluation of the ferromagnetic materials B-H static characteristic, Rev. Roum. Sci. Tehn-Electrotehn et Energ. Vol 63, Bucarest, 2018.<\/p>\n<p>Bogdan Dumitru V\u0103r\u0103ticeanu, Paul Minciunescu, Silviu \u0218tefan Matei, Constantin NICOLESCU, Optimization and Validation of a 10 kW Permanent Magnet Brushless Motor for Small Electric Vehicles, IEEE EV2017, 5-6 October, 2017, Bucharest, Romania.<\/p>\n<p>Floarea Vasile, Noile standarde ISO privind calitatea \u015fi impactul asupra mediului a fabric\u0103rii servomotarelor electrice, in contextul pie\u0163ii globale; IEEE EV2017, 5-6 October, 2017, Bucharest, Romania.[\/vc_column_text][\/vc_column][\/vc_row][vc_row bg_type=&#8221;bg_color&#8221; ult_hide_row=&#8221;ult_hide_row_value&#8221; ult_hide_row_tablet=&#8221;tablet&#8221; ult_hide_row_tablet_small=&#8221;xs_tablet&#8221; ult_hide_row_mobile=&#8221;mobile&#8221; ult_hide_row_mobile_large=&#8221;xl_mobile&#8221;][vc_column width=&#8221;1\/1&#8243;]<div class=\"spacer\" style=\"height: 50px;\"><\/div>[\/vc_column][\/vc_row][vc_row bg_color=&#8221;#262626&#8243; top_padding=&#8221;70&#8243; bottom_padding=&#8221;70&#8243; bg_type=&#8221;bg_color&#8221;][vc_column width=&#8221;1\/2&#8243;][vc_column_text]\u00a9 Icpe | Tehnologii pentru dezvoltare durabil\u0103<br \/>\n<a href=\"http:\/\/www.icpe.ro\/ro\/termeni\" target=\"_blank\" rel=\"noopener\">Termeni \u0219i Condi\u021bii<\/a>[\/vc_column_text][\/vc_column][vc_column text_align=&#8221;center&#8221; width=&#8221;1\/2&#8243;]<a href=\"http:\/\/www.icpe.ro\/ro\/institutul\/proiecte\/\" target=\"_blank\" class=\"button color-3 small \" style=\"border-radius: 2px;\">Vezi mai multe proiecte<\/a>[\/vc_column][\/vc_row]<\/p>\n","protected":false},"excerpt":{"rendered":"<p>[vc_row type=&#8221;full_width_section&#8221;][vc_column width=&#8221;1\/1&#8243;][vc_raw_html]JTNDc3R5bGUlM0UlMEEudG9wbmF2JTIwJTdCJTBBJTBBJTIwJTIwJTIwJTIwbGlzdC1zdHlsZSUzQW5vbmUlM0IlMEElMjAlMjAlMjAlMjBtYXJnaW4lM0EwJTNCJTBBJTIwJTIwJTIwJTIwcGFkZGluZyUzQTAlM0IlMEElMjAlMjAlMjAlMjB0ZXh0LWFsaWduJTNBY2VudGVyJTNCJTBBJTdEJTBBJTBBLnRvcG5hdiUyMGxpJTIwJTdCJTBBJTIwJTIwZGlzcGxheSUzQWlubGluZSUzQiUwQSU3RCUwQSUwQS50b3BuYXYlMjBhJTdCJTBBJTIwJTIwZGlzcGxheSUzQWlubGluZS1ibG9jayUzQiUwQSUyMCUyMGNvbG9yJTNBJTIwJTIzMDAwJTNCJTBBJTIwJTIwJTIwJTIwcGFkZGluZyUzQTE4cHglMjAzNnB4JTNCJTBBJTIwJTIwZm9udC1zaXplJTNBMTdweCUzQiUwQSU3RCUwQS50b3BuYXYlMjBhJTNBaG92ZXIlMjAlN0IlMEElMjAlMjBiYWNrZ3JvdW5kLWNvbG9yJTNBJTIwJTIzZGRkJTNCJTBBJTIwJTIwY29sb3IlM0ElMjBibGFjayUzQiUwQSU3RCUwQSUwQS50b3BuYXYlMjAuaWNvbiUyMCU3QiUwQSUyMCUyMGRpc3BsYXklM0ElMjBub25lJTNCJTBBJTdEJTBBLmFjdGl2ZSUyMCU3QiUwQSUyMCUyMCUyMCUyMGJhY2tncm91bmQtY29sb3IlM0ElMjAlMjNmN2Y3ZjclM0IlMEElMjAlMjAlMjAlMjBmb250LXdlaWdodCUzQSUyMGJvbGQlM0IlMEElN0QlMEElMEElNDBtZWRpYSUyMHNjcmVlbiUyMGFuZCUyMCUyOG1heC13aWR0aCUzQSUyMDYwMHB4JTI5JTIwJTdCJTBBJTIwJTIwLnRvcG5hdiUyMGElM0Fub3QlMjglM0FmaXJzdC1jaGlsZCUyOSUyMCU3QmRpc3BsYXklM0ElMjBub25lJTNCJTdEJTBBJTIwJTIwLnRvcG5hdiUyMGEuaWNvbiUyMCU3QiUwQSUyMCUyMCUyMCUyMGZsb2F0JTNBJTIwcmlnaHQlM0IlMEElMjAlMjAlMjAlMjBkaXNwbGF5JTNBJTIwYmxvY2slM0IlMEElMjAlMjAlN0QlMEElN0QlMEElMEElNDBtZWRpYSUyMHNjcmVlbiUyMGFuZCUyMCUyOG1heC13aWR0aCUzQSUyMDYwMHB4JTI5JTIwJTdCJTBBJTIwJTIwLnRvcG5hdi5yZXNwb25zaXZlJTIwJTdCcG9zaXRpb24lM0ElMjByZWxhdGl2ZSUzQiU3RCUwQSUyMCUyMC50b3BuYXYucmVzcG9uc2l2ZSUyMC5pY29uJTIwJTdCJTBBJTIwJTIwJTIwJTIwcG9zaXRpb24lM0ElMjBhYnNvbHV0ZSUzQiUwQSUyMCUyMCUyMCUyMHJpZ2h0JTNBJTIwMCUzQiUwQSUyMCUyMCUyMCUyMHRvcCUzQSUyMDAlM0IlMEElMjAlMjAlN0QlMEElMjAlMjAudG9wbmF2LnJlc3BvbnNpdmUlMjBhJTIwJTdCJTBBJTIwJTIwJTIwJTIwZmxvYXQlM0ElMjBub25lJTNCJTBBJTIwJTIwJTIwJTIwZGlzcGxheSUzQSUyMGJsb2NrJTNCJTBBJTIwJTIwJTIwJTIwdGV4dC1hbGlnbiUzQSUyMGxlZnQlM0IlMEElMjAlMjAlN0QlMEElMEElN0QlMEElM0MlMkZzdHlsZSUzRSUwQSUwQSUwQSUwQSUzQ2RpdiUyMGNsYXNzJTNEJTIydG9wbmF2JTIyJTIwaWQlM0QlMjJteVRvcG5hdiUyMiUzRSUwQSUyMCUyMCUzQ2ElMjBocmVmJTNEJTIyaHR0cCUzQSUyRiUyRnd3dy5pY3BlLnJvJTJGcm8lMkZzbWM0c2Vydm8lMkYlMjIlM0VBY2FzJUM0JTgzJTNDJTJGYSUzRSUwQSUyMCUyMCUzQ2ElMjBocmVmJTNEJTIyaHR0cCUzQSUyRiUyRnd3dy5pY3BlLnJvJTJGcm8lMkZzbWM0c2Vydm8lMkZkZXNwcmUtcHJvaWVjdCUyRiUyMiUzRURlc3ByZSUyMHByb2llY3QlM0MlMkZhJTNFJTBBJTIwJTIwJTNDYSUyMGhyZWYlM0QlMjJodHRwJTNBJTJGJTJGd3d3LmljcGUucm8lMkZybyUyRnNtYzRzZXJ2byUyRmNvbnNvcnRpdSUyRiUyMiUzRUNvbnNvciVDNSVBM2l1JTNDJTJGYSUzRSUwQSUyMCUyMCUzQ2ElMjBocmVmJTNEJTIyaHR0cCUzQSUyRiUyRnd3dy5pY3BlLnJvJTJGcm8lMkZzbWM0c2Vydm8lMkZldGFwZSUyRiUyMiUzRUV0YXBlJTNDJTJGYSUzRSUwQSUyMCUyMCUzQ2ElMjBocmVmJTNEJTIyaHR0cCUzQSUyRiUyRnd3dy5pY3BlLnJvJTJGcm8lMkZzbWM0c2Vydm8lMkZub3V0YXRpJTJGJTIyJTNFTm91dCVDNCU4MyVDNSVBM2klM0MlMkZhJTNFJTBBJTIwJTIwJTNDYSUyMGhyZWYlM0QlMjJodHRwJTNBJTJGJTJGd3d3LmljcGUucm8lMkZybyUyRnNtYzRzZXJ2byUyRmFydGljb2xlJTJGJTIyJTNFQXJ0aWNvbGUlM0MlMkZhJTNFJTBBJTIwJTIwJTNDYSUyMGhyZWYlM0QlMjJodHRwJTNBJTJGJTJGd3d3LmljcGUucm8lMkZybyUyRnNtYzRzZXJ2byUyRmNvbnRhY3QlMkYlMjIlM0VDb250YWN0JTNDJTJGYSUzRSUwQSUyMCUyMCUzQ2xpJTIwc3R5bGUlM0QlMjJmbG9hdCUzQXJpZ2h0JTIyJTNFJTNDYSUyMGNsYXNzJTNEJTIyYWN0aXZlJTIyJTIwaHJlZiUzRCUyMmh0dHAlM0ElMkYlMkZ3d3cuaWNwZS5ybyUyRnNtYzRzZXJ2byUyRiUyMiUzRUVOJTNDJTJGYSUzRSUzQyUyRmxpJTNFJTBBJTBBJTBBJTIwJTIwJTNDYSUyMGhyZWYlM0QlMjJqYXZhc2NyaXB0JTNBdm9pZCUyODAlMjklM0IlMjIlMjBzdHlsZSUzRCUyMmZvbnQtc2l6ZSUzQTE1cHglM0IlMjIlMjBjbGFzcyUzRCUyMmljb24lMjIlMjBvbmNsaWNrJTNEJTIybXlGdW5jdGlvbiUyOCUyOSUyMiUzRSUyNiUyMzk3NzYlM0IlM0MlMkZhJTNFJTBBJTNDJTJGZGl2JTNFJTBBJTBBJTNDc2NyaXB0JTNFJTBBZnVuY3Rpb24lMjBteUZ1bmN0aW9uJTI4JTI5JTIwJTdCJTBBJTIwJTIwJTIwJTIwdmFyJTIweCUyMCUzRCUyMGRvY3VtZW50LmdldEVsZW1lbnRCeUlkJTI4JTIybXlUb3BuYXYlMjIlMjklM0IlMEElMjAlMjAlMjAlMjBpZiUyMCUyOHguY2xhc3NOYW1lJTIwJTNEJTNEJTNEJTIwJTIydG9wbmF2JTIyJTI5JTIwJTdCJTBBJTIwJTIwJTIwJTIwJTIwJTIwJTIwJTIweC5jbGFzc05hbWUlMjAlMkIlM0QlMjAlMjIlMjByZXNwb25zaXZlJTIyJTNCJTBBJTIwJTIwJTIwJTIwJTdEJTIwZWxzZSUyMCU3QiUwQSUyMCUyMCUyMCUyMCUyMCUyMCUyMCUyMHguY2xhc3NOYW1lJTIwJTNEJTIwJTIydG9wbmF2JTIyJTNCJTBBJTIwJTIwJTIwJTIwJTdEJTBBJTdEJTBBJTNDJTJGc2NyaXB0JTNF[\/vc_raw_html][\/vc_column][\/vc_row][vc_row][vc_column width=&#8221;1\/1&#8243;][\/vc_column][\/vc_row][vc_row bg_color=&#8221;#efefef&#8221; top_padding=&#8221;20&#8243; bottom_padding=&#8221;20&#8243;][vc_column width=&#8221;1\/1&#8243;][\/vc_column][\/vc_row][vc_row top_padding=&#8221;40&#8243; bottom_padding=&#8221;40&#8243;][vc_column width=&#8221;1\/1&#8243;][vc_column_text] Articole publicate \u00een reviste V. M\u0103nescu (P\u0103lt\u00e2nea), G. P\u0103lt\u00e2nea, H. Gavril\u0103, G. Scutaru, I. Peter, High efficiency electrical motors state of the art and challenges, Rev. Roum. Sci. Techn. &#8211; S\u00e9rie \u00c9lectrotechnique et \u00c9nerg\u00e9tique, 62, 1, ISSN 0035-4066, pp. 14-18, 5 pag., 2017, WOS:000399629400003, IDS Number: ES6AW. V. M\u0103nescu (P\u0103lt\u00e2nea), G. P\u0103lt\u00e2nea, H. Gavril\u0103, G. Ionescu, Comparative analysis of different pointwise identification techniques, used in scalar Preisach model, U.P.B. Sci. Bull., Series A, Vol. 79, Iss. 2, p. 285-296, 12 pag., ISSN 1223-7027, 2017, WOS: 000406126800028, IDS Number: FB4QO. G. P\u0103lt\u00e2nea, V. M\u0103nescu (P\u0103lt\u00e2nea), P.C. Andrei, C. Grumeza, S. Marinescu, Laboratory Set-Up to Evaluate the B-H Relationship in Soft Magnetic Materials, 2017 10th International Symposium on Advanced Topics in Electrical Engineering (ATEE), 4 pag., ISBN: 978-1-5090-5160-1, DOI: 10.1109\/ATEE.2017.7905145, WOS: 000403399400082, IDS Number: BH8KL. G. P\u0103lt\u00e2nea, V. M\u0103nescu (P\u0103lt\u00e2nea), H. Gavril\u0103, D.E. Gavril\u0103, I.V. Nemoianu, Influence of Increase Mechanical Cutting Degradation on 50 Hz Magnetic Properties of Non-Oriented Electrical Steels, 2017 10th International Symposium on Advanced Topics in Electrical Engineering (ATEE), 4 pag., ISBN: 978-1-5090-5160-1, DOI: 10.1109\/ATEE.2017.7905146, WOS: 000403399400083, IDS Number: BH8KL. V. M\u0103nescu (P\u0103lt\u00e2nea), G. P\u0103lt\u00e2nea, I.V. Nemoianu, Influence [&hellip;]<\/p>\n","protected":false},"author":2,"featured_media":0,"parent":19495,"menu_order":22,"comment_status":"closed","ping_status":"closed","template":"","meta":[],"folder":[53],"_links":{"self":[{"href":"http:\/\/www.icpe.ro\/ro\/wp-json\/wp\/v2\/pages\/19519"}],"collection":[{"href":"http:\/\/www.icpe.ro\/ro\/wp-json\/wp\/v2\/pages"}],"about":[{"href":"http:\/\/www.icpe.ro\/ro\/wp-json\/wp\/v2\/types\/page"}],"author":[{"embeddable":true,"href":"http:\/\/www.icpe.ro\/ro\/wp-json\/wp\/v2\/users\/2"}],"replies":[{"embeddable":true,"href":"http:\/\/www.icpe.ro\/ro\/wp-json\/wp\/v2\/comments?post=19519"}],"version-history":[{"count":0,"href":"http:\/\/www.icpe.ro\/ro\/wp-json\/wp\/v2\/pages\/19519\/revisions"}],"up":[{"embeddable":true,"href":"http:\/\/www.icpe.ro\/ro\/wp-json\/wp\/v2\/pages\/19495"}],"wp:attachment":[{"href":"http:\/\/www.icpe.ro\/ro\/wp-json\/wp\/v2\/media?parent=19519"}],"wp:term":[{"taxonomy":"folder","embeddable":true,"href":"http:\/\/www.icpe.ro\/ro\/wp-json\/wp\/v2\/folder?post=19519"}],"curies":[{"name":"wp","href":"https:\/\/api.w.org\/{rel}","templated":true}]}}