{"id":19504,"date":"2018-02-27T15:52:35","date_gmt":"2018-02-27T12:52:35","guid":{"rendered":"http:\/\/www.icpe.ro\/ro\/?page_id=19504"},"modified":"2018-02-28T08:35:23","modified_gmt":"2018-02-28T05:35:23","slug":"despre-proiect","status":"publish","type":"page","link":"http:\/\/www.icpe.ro\/ro\/smc4servo\/despre-proiect\/","title":{"rendered":"Despre proiect"},"content":{"rendered":"<p>[vc_row type=&#8221;full_width_section&#8221;][vc_column width=&#8221;1\/1&#8243;][vc_raw_html]JTNDc3R5bGUlM0UlMEEudG9wbmF2JTIwJTdCJTBBJTBBJTIwJTIwJTIwJTIwbGlzdC1zdHlsZSUzQW5vbmUlM0IlMEElMjAlMjAlMjAlMjBtYXJnaW4lM0EwJTNCJTBBJTIwJTIwJTIwJTIwcGFkZGluZyUzQTAlM0IlMEElMjAlMjAlMjAlMjB0ZXh0LWFsaWduJTNBY2VudGVyJTNCJTBBJTdEJTBBJTBBLnRvcG5hdiUyMGxpJTIwJTdCJTBBJTIwJTIwZGlzcGxheSUzQWlubGluZSUzQiUwQSU3RCUwQSUwQS50b3BuYXYlMjBhJTdCJTBBJTIwJTIwZGlzcGxheSUzQWlubGluZS1ibG9jayUzQiUwQSUyMCUyMGNvbG9yJTNBJTIwJTIzMDAwJTNCJTBBJTIwJTIwJTIwJTIwcGFkZGluZyUzQTE4cHglMjAzNnB4JTNCJTBBJTIwJTIwZm9udC1zaXplJTNBMTdweCUzQiUwQSU3RCUwQS50b3BuYXYlMjBhJTNBaG92ZXIlMjAlN0IlMEElMjAlMjBiYWNrZ3JvdW5kLWNvbG9yJTNBJTIwJTIzZGRkJTNCJTBBJTIwJTIwY29sb3IlM0ElMjBibGFjayUzQiUwQSU3RCUwQSUwQS50b3BuYXYlMjAuaWNvbiUyMCU3QiUwQSUyMCUyMGRpc3BsYXklM0ElMjBub25lJTNCJTBBJTdEJTBBLmFjdGl2ZSUyMCU3QiUwQSUyMCUyMCUyMCUyMGJhY2tncm91bmQtY29sb3IlM0ElMjAlMjNmN2Y3ZjclM0IlMEElMjAlMjAlMjAlMjBmb250LXdlaWdodCUzQSUyMGJvbGQlM0IlMEElN0QlMEElMEElNDBtZWRpYSUyMHNjcmVlbiUyMGFuZCUyMCUyOG1heC13aWR0aCUzQSUyMDYwMHB4JTI5JTIwJTdCJTBBJTIwJTIwLnRvcG5hdiUyMGElM0Fub3QlMjglM0FmaXJzdC1jaGlsZCUyOSUyMCU3QmRpc3BsYXklM0ElMjBub25lJTNCJTdEJTBBJTIwJTIwLnRvcG5hdiUyMGEuaWNvbiUyMCU3QiUwQSUyMCUyMCUyMCUyMGZsb2F0JTNBJTIwcmlnaHQlM0IlMEElMjAlMjAlMjAlMjBkaXNwbGF5JTNBJTIwYmxvY2slM0IlMEElMjAlMjAlN0QlMEElN0QlMEElMEElNDBtZWRpYSUyMHNjcmVlbiUyMGFuZCUyMCUyOG1heC13aWR0aCUzQSUyMDYwMHB4JTI5JTIwJTdCJTBBJTIwJTIwLnRvcG5hdi5yZXNwb25zaXZlJTIwJTdCcG9zaXRpb24lM0ElMjByZWxhdGl2ZSUzQiU3RCUwQSUyMCUyMC50b3BuYXYucmVzcG9uc2l2ZSUyMC5pY29uJTIwJTdCJTBBJTIwJTIwJTIwJTIwcG9zaXRpb24lM0ElMjBhYnNvbHV0ZSUzQiUwQSUyMCUyMCUyMCUyMHJpZ2h0JTNBJTIwMCUzQiUwQSUyMCUyMCUyMCUyMHRvcCUzQSUyMDAlM0IlMEElMjAlMjAlN0QlMEElMjAlMjAudG9wbmF2LnJlc3BvbnNpdmUlMjBhJTIwJTdCJTBBJTIwJTIwJTIwJTIwZmxvYXQlM0ElMjBub25lJTNCJTBBJTIwJTIwJTIwJTIwZGlzcGxheSUzQSUyMGJsb2NrJTNCJTBBJTIwJTIwJTIwJTIwdGV4dC1hbGlnbiUzQSUyMGxlZnQlM0IlMEElMjAlMjAlN0QlMEElMEElN0QlMEElM0MlMkZzdHlsZSUzRSUwQSUwQSUwQSUwQSUzQ2RpdiUyMGNsYXNzJTNEJTIydG9wbmF2JTIyJTIwaWQlM0QlMjJteVRvcG5hdiUyMiUzRSUwQSUyMCUyMCUzQ2ElMjBocmVmJTNEJTIyaHR0cCUzQSUyRiUyRnd3dy5pY3BlLnJvJTJGcm8lMkZzbWM0c2Vydm8lMkYlMjIlM0VBY2FzJUM0JTgzJTNDJTJGYSUzRSUwQSUyMCUyMCUzQ2ElMjBocmVmJTNEJTIyaHR0cCUzQSUyRiUyRnd3dy5pY3BlLnJvJTJGcm8lMkZzbWM0c2Vydm8lMkZkZXNwcmUtcHJvaWVjdCUyRiUyMiUzRURlc3ByZSUyMHByb2llY3QlM0MlMkZhJTNFJTBBJTIwJTIwJTNDYSUyMGhyZWYlM0QlMjJodHRwJTNBJTJGJTJGd3d3LmljcGUucm8lMkZybyUyRnNtYzRzZXJ2byUyRmNvbnNvcnRpdSUyRiUyMiUzRUNvbnNvciVDNSVBM2l1JTNDJTJGYSUzRSUwQSUyMCUyMCUzQ2ElMjBocmVmJTNEJTIyaHR0cCUzQSUyRiUyRnd3dy5pY3BlLnJvJTJGcm8lMkZzbWM0c2Vydm8lMkZldGFwZSUyRiUyMiUzRUV0YXBlJTNDJTJGYSUzRSUwQSUyMCUyMCUzQ2ElMjBocmVmJTNEJTIyaHR0cCUzQSUyRiUyRnd3dy5pY3BlLnJvJTJGcm8lMkZzbWM0c2Vydm8lMkZub3V0YXRpJTJGJTIyJTNFTm91dCVDNCU4MyVDNSVBM2klM0MlMkZhJTNFJTBBJTIwJTIwJTNDYSUyMGhyZWYlM0QlMjJodHRwJTNBJTJGJTJGd3d3LmljcGUucm8lMkZybyUyRnNtYzRzZXJ2byUyRmFydGljb2xlJTJGJTIyJTNFQXJ0aWNvbGUlM0MlMkZhJTNFJTBBJTIwJTIwJTNDYSUyMGhyZWYlM0QlMjJodHRwJTNBJTJGJTJGd3d3LmljcGUucm8lMkZybyUyRnNtYzRzZXJ2byUyRmNvbnRhY3QlMkYlMjIlM0VDb250YWN0JTNDJTJGYSUzRSUwQSUyMCUyMCUzQ2xpJTIwc3R5bGUlM0QlMjJmbG9hdCUzQXJpZ2h0JTIyJTNFJTNDYSUyMGNsYXNzJTNEJTIyYWN0aXZlJTIyJTIwaHJlZiUzRCUyMmh0dHAlM0ElMkYlMkZ3d3cuaWNwZS5ybyUyRnNtYzRzZXJ2byUyRiUyMiUzRUVOJTNDJTJGYSUzRSUzQyUyRmxpJTNFJTBBJTBBJTBBJTIwJTIwJTNDYSUyMGhyZWYlM0QlMjJqYXZhc2NyaXB0JTNBdm9pZCUyODAlMjklM0IlMjIlMjBzdHlsZSUzRCUyMmZvbnQtc2l6ZSUzQTE1cHglM0IlMjIlMjBjbGFzcyUzRCUyMmljb24lMjIlMjBvbmNsaWNrJTNEJTIybXlGdW5jdGlvbiUyOCUyOSUyMiUzRSUyNiUyMzk3NzYlM0IlM0MlMkZhJTNFJTBBJTNDJTJGZGl2JTNFJTBBJTBBJTNDc2NyaXB0JTNFJTBBZnVuY3Rpb24lMjBteUZ1bmN0aW9uJTI4JTI5JTIwJTdCJTBBJTIwJTIwJTIwJTIwdmFyJTIweCUyMCUzRCUyMGRvY3VtZW50LmdldEVsZW1lbnRCeUlkJTI4JTIybXlUb3BuYXYlMjIlMjklM0IlMEElMjAlMjAlMjAlMjBpZiUyMCUyOHguY2xhc3NOYW1lJTIwJTNEJTNEJTNEJTIwJTIydG9wbmF2JTIyJTI5JTIwJTdCJTBBJTIwJTIwJTIwJTIwJTIwJTIwJTIwJTIweC5jbGFzc05hbWUlMjAlMkIlM0QlMjAlMjIlMjByZXNwb25zaXZlJTIyJTNCJTBBJTIwJTIwJTIwJTIwJTdEJTIwZWxzZSUyMCU3QiUwQSUyMCUyMCUyMCUyMCUyMCUyMCUyMCUyMHguY2xhc3NOYW1lJTIwJTNEJTIwJTIydG9wbmF2JTIyJTNCJTBBJTIwJTIwJTIwJTIwJTdEJTBBJTdEJTBBJTNDJTJGc2NyaXB0JTNF[\/vc_raw_html][\/vc_column][\/vc_row][vc_row][vc_column width=&#8221;1\/1&#8243;]<div class=\"single_image wpb_content_element align-center    \" data-animation=\"none\" data-delay=\"0\"><img width=\"300\" height=\"152\" src=\"http:\/\/www.icpe.ro\/ro\/wp-content\/uploads\/2017\/02\/SMC4SERVO.jpg\" class=\"attachment-full\" alt=\"\" loading=\"lazy\" \/><\/div>[\/vc_column][\/vc_row][vc_row bg_color=&#8221;#efefef&#8221; top_padding=&#8221;20&#8243; bottom_padding=&#8221;20&#8243;][vc_column width=&#8221;1\/1&#8243;]<h1 class=\"headline font-inherit fontsize-m fontweight-700 lh-inherit align-center transform-uppercase \" style=\"margin: 0 0 0 0;\">Despre proiect<\/h1>[\/vc_column][\/vc_row][vc_row top_padding=&#8221;40&#8243; bottom_padding=&#8221;40&#8243;][vc_column width=&#8221;1\/2&#8243;][vc_column_text]Proiectul <strong>SMC4SERVO<\/strong> are ca scop s\u0103 dezvolte o nou\u0103 serie de servo-motoare electrice f\u0103r\u0103 perii cu arm\u0103turi realizate din materiale magnetice moi compozite (SMC \u2013 soft magnetic composite). Obiectivele proiectului sunt:<\/p>\n<ul>\n<li>Definirea caracteristici tehnice \u0219i specifica\u021biile seriei de servo-motoare, pentru a r\u0103spunde cerin\u021belor pie\u021bei interna\u021bionale (dimensiuni compacte, densitate de cuplu mare, densitate de putere mare, cuplu parazit de ag\u0103\u021bare magnetic\u0103 mic \u0219i ondula\u021bia cuplului electromagnetic redus\u0103)<\/li>\n<li>Proiectarea \u0219i optimizarea seriei de servo-motoare electrice cu eficien\u021b\u0103 energetic\u0103 ridicat\u0103 (de peste 90% pe mai mult de 60% din regimul de func\u021bionare) \u0219i care permite reciclarea a mai mult de 80% din materialele utilizate, pentru a r\u0103spunde cerin\u021belor directivelor UE<\/li>\n<li>Dezvoltarea seriei de servo-motoare electrice care s\u0103 permit\u0103 un proces eficient \u0219i economic de fabrica\u021bie prin cre\u0219terea automatiz\u0103rii \u0219i reducerea manoperei<\/li>\n<li>Testarea, demonstrarea func\u021bionalit\u0103\u021bii \u0219i validarea prototipului reprezentativ al seriei de servo-motoare.<\/li>\n<\/ul>\n<p>Seria de servo-motoare electrice f\u0103r\u0103 perii cu arm\u0103turi realizate din SMC va consta \u00een trei dimensiuni de gabarit. Acest proiect va avea efecte economice semnificative \u00een cadrul Icpe prin lansarea pe pia\u021b\u0103 a unei serii de servo-motoare \u0219i servo-sisteme (servo-motoare cuplat cu o ac\u021bionare electric\u0103 comercial\u0103) high-tech cu performan\u021be ridicate \u0219i pre\u021buri competitive \u0219i efecte sociale semnificative \u00een cadrul membrilor consor\u021biului prin participarea la proiectarea, testarea \u0219i validarea unor motoare electrice care folosesc cele mai noi materiale \u0219i tehnologii.[\/vc_column_text][\/vc_column][vc_column width=&#8221;1\/2&#8243;][vc_column_text]SMC4SERVO este un proiect finan\u021bat de c\u0103tre <a href=\"http:\/\/uefiscdi.gov.ro\/\">UEFISCDI<\/a> prin programul P2 &#8211; Cre\u015fterea competitivit\u0103\u0163ii economiei rom\u00e2ne\u015fti prin CDI, subprogramul Transfer la operatorul economic.<\/p>\n<p>Proiectul se desf\u0103\u0219oar\u0103 \u00een perioada octombrie 2016 \u2013 septembrie 2018.[\/vc_column_text][\/vc_column][\/vc_row][vc_row bg_type=&#8221;bg_color&#8221; ult_hide_row=&#8221;ult_hide_row_value&#8221; ult_hide_row_tablet=&#8221;tablet&#8221; ult_hide_row_tablet_small=&#8221;xs_tablet&#8221; ult_hide_row_mobile=&#8221;mobile&#8221; ult_hide_row_mobile_large=&#8221;xl_mobile&#8221;][vc_column width=&#8221;1\/1&#8243;]<div class=\"spacer\" style=\"height: 250px;\"><\/div>[\/vc_column][\/vc_row][vc_row bg_color=&#8221;#262626&#8243; top_padding=&#8221;70&#8243; bottom_padding=&#8221;70&#8243; bg_type=&#8221;bg_color&#8221;][vc_column width=&#8221;1\/2&#8243;][vc_column_text]\u00a9 Icpe | Tehnologii pentru dezvoltare durabil\u0103<br \/>\n<a href=\"http:\/\/www.icpe.ro\/ro\/termeni\" target=\"_blank\" rel=\"noopener\">Termeni \u0219i Condi\u021bii<\/a>[\/vc_column_text][\/vc_column][vc_column text_align=&#8221;center&#8221; width=&#8221;1\/2&#8243;]<a href=\"http:\/\/www.icpe.ro\/ro\/institutul\/proiecte\/\" target=\"_blank\" class=\"button color-3 small \" style=\"border-radius: 2px;\">Vezi mai multe proiecte<\/a>[\/vc_column][\/vc_row]<\/p>\n","protected":false},"excerpt":{"rendered":"<p>[vc_row type=&#8221;full_width_section&#8221;][vc_column width=&#8221;1\/1&#8243;][vc_raw_html]JTNDc3R5bGUlM0UlMEEudG9wbmF2JTIwJTdCJTBBJTBBJTIwJTIwJTIwJTIwbGlzdC1zdHlsZSUzQW5vbmUlM0IlMEElMjAlMjAlMjAlMjBtYXJnaW4lM0EwJTNCJTBBJTIwJTIwJTIwJTIwcGFkZGluZyUzQTAlM0IlMEElMjAlMjAlMjAlMjB0ZXh0LWFsaWduJTNBY2VudGVyJTNCJTBBJTdEJTBBJTBBLnRvcG5hdiUyMGxpJTIwJTdCJTBBJTIwJTIwZGlzcGxheSUzQWlubGluZSUzQiUwQSU3RCUwQSUwQS50b3BuYXYlMjBhJTdCJTBBJTIwJTIwZGlzcGxheSUzQWlubGluZS1ibG9jayUzQiUwQSUyMCUyMGNvbG9yJTNBJTIwJTIzMDAwJTNCJTBBJTIwJTIwJTIwJTIwcGFkZGluZyUzQTE4cHglMjAzNnB4JTNCJTBBJTIwJTIwZm9udC1zaXplJTNBMTdweCUzQiUwQSU3RCUwQS50b3BuYXYlMjBhJTNBaG92ZXIlMjAlN0IlMEElMjAlMjBiYWNrZ3JvdW5kLWNvbG9yJTNBJTIwJTIzZGRkJTNCJTBBJTIwJTIwY29sb3IlM0ElMjBibGFjayUzQiUwQSU3RCUwQSUwQS50b3BuYXYlMjAuaWNvbiUyMCU3QiUwQSUyMCUyMGRpc3BsYXklM0ElMjBub25lJTNCJTBBJTdEJTBBLmFjdGl2ZSUyMCU3QiUwQSUyMCUyMCUyMCUyMGJhY2tncm91bmQtY29sb3IlM0ElMjAlMjNmN2Y3ZjclM0IlMEElMjAlMjAlMjAlMjBmb250LXdlaWdodCUzQSUyMGJvbGQlM0IlMEElN0QlMEElMEElNDBtZWRpYSUyMHNjcmVlbiUyMGFuZCUyMCUyOG1heC13aWR0aCUzQSUyMDYwMHB4JTI5JTIwJTdCJTBBJTIwJTIwLnRvcG5hdiUyMGElM0Fub3QlMjglM0FmaXJzdC1jaGlsZCUyOSUyMCU3QmRpc3BsYXklM0ElMjBub25lJTNCJTdEJTBBJTIwJTIwLnRvcG5hdiUyMGEuaWNvbiUyMCU3QiUwQSUyMCUyMCUyMCUyMGZsb2F0JTNBJTIwcmlnaHQlM0IlMEElMjAlMjAlMjAlMjBkaXNwbGF5JTNBJTIwYmxvY2slM0IlMEElMjAlMjAlN0QlMEElN0QlMEElMEElNDBtZWRpYSUyMHNjcmVlbiUyMGFuZCUyMCUyOG1heC13aWR0aCUzQSUyMDYwMHB4JTI5JTIwJTdCJTBBJTIwJTIwLnRvcG5hdi5yZXNwb25zaXZlJTIwJTdCcG9zaXRpb24lM0ElMjByZWxhdGl2ZSUzQiU3RCUwQSUyMCUyMC50b3BuYXYucmVzcG9uc2l2ZSUyMC5pY29uJTIwJTdCJTBBJTIwJTIwJTIwJTIwcG9zaXRpb24lM0ElMjBhYnNvbHV0ZSUzQiUwQSUyMCUyMCUyMCUyMHJpZ2h0JTNBJTIwMCUzQiUwQSUyMCUyMCUyMCUyMHRvcCUzQSUyMDAlM0IlMEElMjAlMjAlN0QlMEElMjAlMjAudG9wbmF2LnJlc3BvbnNpdmUlMjBhJTIwJTdCJTBBJTIwJTIwJTIwJTIwZmxvYXQlM0ElMjBub25lJTNCJTBBJTIwJTIwJTIwJTIwZGlzcGxheSUzQSUyMGJsb2NrJTNCJTBBJTIwJTIwJTIwJTIwdGV4dC1hbGlnbiUzQSUyMGxlZnQlM0IlMEElMjAlMjAlN0QlMEElMEElN0QlMEElM0MlMkZzdHlsZSUzRSUwQSUwQSUwQSUwQSUzQ2RpdiUyMGNsYXNzJTNEJTIydG9wbmF2JTIyJTIwaWQlM0QlMjJteVRvcG5hdiUyMiUzRSUwQSUyMCUyMCUzQ2ElMjBocmVmJTNEJTIyaHR0cCUzQSUyRiUyRnd3dy5pY3BlLnJvJTJGcm8lMkZzbWM0c2Vydm8lMkYlMjIlM0VBY2FzJUM0JTgzJTNDJTJGYSUzRSUwQSUyMCUyMCUzQ2ElMjBocmVmJTNEJTIyaHR0cCUzQSUyRiUyRnd3dy5pY3BlLnJvJTJGcm8lMkZzbWM0c2Vydm8lMkZkZXNwcmUtcHJvaWVjdCUyRiUyMiUzRURlc3ByZSUyMHByb2llY3QlM0MlMkZhJTNFJTBBJTIwJTIwJTNDYSUyMGhyZWYlM0QlMjJodHRwJTNBJTJGJTJGd3d3LmljcGUucm8lMkZybyUyRnNtYzRzZXJ2byUyRmNvbnNvcnRpdSUyRiUyMiUzRUNvbnNvciVDNSVBM2l1JTNDJTJGYSUzRSUwQSUyMCUyMCUzQ2ElMjBocmVmJTNEJTIyaHR0cCUzQSUyRiUyRnd3dy5pY3BlLnJvJTJGcm8lMkZzbWM0c2Vydm8lMkZldGFwZSUyRiUyMiUzRUV0YXBlJTNDJTJGYSUzRSUwQSUyMCUyMCUzQ2ElMjBocmVmJTNEJTIyaHR0cCUzQSUyRiUyRnd3dy5pY3BlLnJvJTJGcm8lMkZzbWM0c2Vydm8lMkZub3V0YXRpJTJGJTIyJTNFTm91dCVDNCU4MyVDNSVBM2klM0MlMkZhJTNFJTBBJTIwJTIwJTNDYSUyMGhyZWYlM0QlMjJodHRwJTNBJTJGJTJGd3d3LmljcGUucm8lMkZybyUyRnNtYzRzZXJ2byUyRmFydGljb2xlJTJGJTIyJTNFQXJ0aWNvbGUlM0MlMkZhJTNFJTBBJTIwJTIwJTNDYSUyMGhyZWYlM0QlMjJodHRwJTNBJTJGJTJGd3d3LmljcGUucm8lMkZybyUyRnNtYzRzZXJ2byUyRmNvbnRhY3QlMkYlMjIlM0VDb250YWN0JTNDJTJGYSUzRSUwQSUyMCUyMCUzQ2xpJTIwc3R5bGUlM0QlMjJmbG9hdCUzQXJpZ2h0JTIyJTNFJTNDYSUyMGNsYXNzJTNEJTIyYWN0aXZlJTIyJTIwaHJlZiUzRCUyMmh0dHAlM0ElMkYlMkZ3d3cuaWNwZS5ybyUyRnNtYzRzZXJ2byUyRiUyMiUzRUVOJTNDJTJGYSUzRSUzQyUyRmxpJTNFJTBBJTBBJTBBJTIwJTIwJTNDYSUyMGhyZWYlM0QlMjJqYXZhc2NyaXB0JTNBdm9pZCUyODAlMjklM0IlMjIlMjBzdHlsZSUzRCUyMmZvbnQtc2l6ZSUzQTE1cHglM0IlMjIlMjBjbGFzcyUzRCUyMmljb24lMjIlMjBvbmNsaWNrJTNEJTIybXlGdW5jdGlvbiUyOCUyOSUyMiUzRSUyNiUyMzk3NzYlM0IlM0MlMkZhJTNFJTBBJTNDJTJGZGl2JTNFJTBBJTBBJTNDc2NyaXB0JTNFJTBBZnVuY3Rpb24lMjBteUZ1bmN0aW9uJTI4JTI5JTIwJTdCJTBBJTIwJTIwJTIwJTIwdmFyJTIweCUyMCUzRCUyMGRvY3VtZW50LmdldEVsZW1lbnRCeUlkJTI4JTIybXlUb3BuYXYlMjIlMjklM0IlMEElMjAlMjAlMjAlMjBpZiUyMCUyOHguY2xhc3NOYW1lJTIwJTNEJTNEJTNEJTIwJTIydG9wbmF2JTIyJTI5JTIwJTdCJTBBJTIwJTIwJTIwJTIwJTIwJTIwJTIwJTIweC5jbGFzc05hbWUlMjAlMkIlM0QlMjAlMjIlMjByZXNwb25zaXZlJTIyJTNCJTBBJTIwJTIwJTIwJTIwJTdEJTIwZWxzZSUyMCU3QiUwQSUyMCUyMCUyMCUyMCUyMCUyMCUyMCUyMHguY2xhc3NOYW1lJTIwJTNEJTIwJTIydG9wbmF2JTIyJTNCJTBBJTIwJTIwJTIwJTIwJTdEJTBBJTdEJTBBJTNDJTJGc2NyaXB0JTNF[\/vc_raw_html][\/vc_column][\/vc_row][vc_row][vc_column width=&#8221;1\/1&#8243;][\/vc_column][\/vc_row][vc_row bg_color=&#8221;#efefef&#8221; top_padding=&#8221;20&#8243; bottom_padding=&#8221;20&#8243;][vc_column width=&#8221;1\/1&#8243;][\/vc_column][\/vc_row][vc_row top_padding=&#8221;40&#8243; bottom_padding=&#8221;40&#8243;][vc_column width=&#8221;1\/2&#8243;][vc_column_text]Proiectul SMC4SERVO are ca scop s\u0103 dezvolte o nou\u0103 serie de servo-motoare electrice f\u0103r\u0103 perii cu arm\u0103turi realizate din materiale magnetice moi compozite (SMC \u2013 soft magnetic composite). Obiectivele proiectului sunt: Definirea caracteristici tehnice \u0219i specifica\u021biile seriei de servo-motoare, pentru a r\u0103spunde cerin\u021belor pie\u021bei interna\u021bionale (dimensiuni compacte, densitate de cuplu mare, densitate de putere mare, cuplu parazit de ag\u0103\u021bare magnetic\u0103 mic \u0219i ondula\u021bia cuplului electromagnetic redus\u0103) Proiectarea \u0219i optimizarea seriei de servo-motoare electrice cu eficien\u021b\u0103 energetic\u0103 ridicat\u0103 (de peste 90% pe mai mult de 60% din regimul de func\u021bionare) \u0219i care permite reciclarea a mai mult de 80% din materialele utilizate, pentru a r\u0103spunde cerin\u021belor directivelor UE Dezvoltarea seriei de servo-motoare electrice care s\u0103 permit\u0103 un proces eficient \u0219i economic de fabrica\u021bie prin cre\u0219terea automatiz\u0103rii \u0219i reducerea manoperei Testarea, demonstrarea func\u021bionalit\u0103\u021bii \u0219i validarea prototipului reprezentativ al seriei de servo-motoare. Seria de servo-motoare electrice f\u0103r\u0103 perii cu arm\u0103turi realizate din SMC va consta \u00een trei dimensiuni de gabarit. Acest proiect va avea efecte economice semnificative \u00een cadrul Icpe prin lansarea pe pia\u021b\u0103 a unei serii de servo-motoare \u0219i servo-sisteme (servo-motoare cuplat cu o ac\u021bionare electric\u0103 comercial\u0103) high-tech cu performan\u021be ridicate \u0219i [&hellip;]<\/p>\n","protected":false},"author":2,"featured_media":0,"parent":19495,"menu_order":102,"comment_status":"closed","ping_status":"closed","template":"","meta":[],"folder":[53],"_links":{"self":[{"href":"http:\/\/www.icpe.ro\/ro\/wp-json\/wp\/v2\/pages\/19504"}],"collection":[{"href":"http:\/\/www.icpe.ro\/ro\/wp-json\/wp\/v2\/pages"}],"about":[{"href":"http:\/\/www.icpe.ro\/ro\/wp-json\/wp\/v2\/types\/page"}],"author":[{"embeddable":true,"href":"http:\/\/www.icpe.ro\/ro\/wp-json\/wp\/v2\/users\/2"}],"replies":[{"embeddable":true,"href":"http:\/\/www.icpe.ro\/ro\/wp-json\/wp\/v2\/comments?post=19504"}],"version-history":[{"count":0,"href":"http:\/\/www.icpe.ro\/ro\/wp-json\/wp\/v2\/pages\/19504\/revisions"}],"up":[{"embeddable":true,"href":"http:\/\/www.icpe.ro\/ro\/wp-json\/wp\/v2\/pages\/19495"}],"wp:attachment":[{"href":"http:\/\/www.icpe.ro\/ro\/wp-json\/wp\/v2\/media?parent=19504"}],"wp:term":[{"taxonomy":"folder","embeddable":true,"href":"http:\/\/www.icpe.ro\/ro\/wp-json\/wp\/v2\/folder?post=19504"}],"curies":[{"name":"wp","href":"https:\/\/api.w.org\/{rel}","templated":true}]}}