{"id":19404,"date":"2018-02-06T12:04:17","date_gmt":"2018-02-06T09:04:17","guid":{"rendered":"http:\/\/www.icpe.ro\/ro\/?page_id=19404"},"modified":"2021-01-12T12:51:11","modified_gmt":"2021-01-12T09:51:11","slug":"personalitati-marcante","status":"publish","type":"page","link":"http:\/\/www.icpe.ro\/ro\/personalitati-marcante\/","title":{"rendered":"Personalitati marcante"},"content":{"rendered":"<p>[vc_row][vc_column width=&#8221;1\/1&#8243;]<h1 class=\"headline font-special fontsize-l fontweight-400 lh-inherit align-center transform-uppercase \" style=\"margin: 0 0 20px 0;\">Personalit\u0103\u021bi marcante<\/h1><div class=\"divider-title align-center\" ><\/div>[\/vc_column][\/vc_row][vc_row][vc_column width=&#8221;1\/2&#8243;]<div class=\"member wpb_content_element\"><div class=\"member-img\"><img src=\"http:\/\/www.icpe.ro\/ro\/wp-content\/uploads\/2018\/02\/remus-radulet.jpg\" alt=\"\" \/><\/div><h4>Academician Remus R\u0103dule\u0163<\/h4><div class=\"member-role\"><\/div><div class=\"member-content\"><p>Academicianul Remus R\u0103dule\u0163, personalitate de prestigiu a electrotehnicii europene \u015fi o prezen\u0163\u0103 de neuitat \u00een via\u0163a \u015ftiin\u0163ific\u0103 a Icpe,\u00a0s-a n\u0103scut pe 3 mai la Br\u0103deni (Heldorf), ca fiu al preotului Vasile R\u0103dule\u0163 \u015fi al Anei R\u0103dule\u0163.<\/p>\n<p>Educa\u0163ia \u015fi-o face \u00een \u015fcolile din Berivoi, Sighi\u015foara, F\u0103g\u0103ra\u015f ca elev al liceului Radu Negru (1919-1923) \u015fi bacalaureat la liceul Andrei \u015eaguna Bra\u015fov (1923). Se \u00eenscrie \u00een 1923 la \u015ecoala Politehnic\u0103 din Timi\u015foara (1923-1928) \u015fi la sfaturile Prof Plautius Andronescu \u00ee\u015fi face doctoratul la \u015ecoala Federal\u0103 din Zurich.<\/p><\/div><\/div><div class=\" ubtn-ctn-center \"><a class=\"ubtn-link ult-adjust-bottom-margin ubtn-center ubtn-normal \"  rel='' href = \"http:\/\/www.icpe.ro\/files\/0\/Remus_Radulet.pdf\" target='_blank'><button type=\"button\" id=\"ubtn-5763\" class=\"ubtn ult-adjust-bottom-margin ult-responsive ubtn-normal ubtn-no-hover-bg  none  ubtn-sep-icon ubtn-sep-icon-bottom-push  ubtn-center   tooltip-69e2d9ea13a58\"  data-hover=\"\" data-border-color=\"\" data-bg=\"#b20000\" data-hover-bg=\"\" data-border-hover=\"\" data-shadow-hover=\"\" data-shadow-click=\"none\" data-shadow=\"\" data-shd-shadow=\"\"  data-ultimate-target='#ubtn-5763'  data-responsive-json-new='{\"font-size\":\"\",\"line-height\":\"\"}'  style=\"font-weight:bold;border:none;background: #b20000;color: #ffffff;\"><span class=\"ubtn-data ubtn-icon\"><i class=\"icomoon-document-file-pdf\" style=\"font-size:32px;color:#f2f2f2;\"><\/i><\/span><span class=\"ubtn-hover\" style=\"background-color:\"><\/span><span class=\"ubtn-data ubtn-text \" >Descoper\u0103 mai multe<\/span><\/button><\/a><\/div>[\/vc_column][vc_column width=&#8221;1\/2&#8243;]<div class=\"member wpb_content_element\"><div class=\"member-img\"><img src=\"http:\/\/www.icpe.ro\/ro\/wp-content\/uploads\/2018\/02\/stefan-procopiu.jpg\" alt=\"\" \/><\/div><h4> Academician \u015eTEFAN PROCOPIU<\/h4><div class=\"member-role\"><\/div><div class=\"member-content\"><p>Fizicianul rom\u00e2n \u015etefan Procopiu este una dintre personalit\u0103\u0163ile marcante ale fizicii mondiale ale c\u0103rui descoperiri \u00eei poart\u0103 numele \u015fi reprezint\u0103 mari deschideri \u00een fizica modern\u0103.<\/p>\n<p>Ast\u0103zi, c\u00e2nd vorbim de valoare, ceea ce reprezint\u0103 ea \u015fi ceea ce ar trebui s\u0103 fie omul de valoare \u00een progresul societ\u0103\u0163ii, c\u00e2nd avem nevoie de modele pe care genera\u0163iile mai tinere mai pu\u0163in le cunosc, prezentarea acestora, pe l\u00e2ng\u0103 invita\u0163ia de a fi urmate, reprezint\u0103 \u015fi un omagiu pe care noi electrotehnicienii le \u00eenchin\u0103m cu pio\u015fenie \u015fi recuno\u015ftin\u0163\u0103 celor care au dezvoltat fizica \u015fi electrotehnica rom\u00e2neasc\u0103.<\/p><\/div><\/div><div class=\" ubtn-ctn-center \"><a class=\"ubtn-link ult-adjust-bottom-margin ubtn-center ubtn-normal \"  rel='' href = \"http:\/\/www.icpe.ro\/files\/0\/Stefan_Procopiu.pdf\" target='_blank'><button type=\"button\" id=\"ubtn-7768\" class=\"ubtn ult-adjust-bottom-margin ult-responsive ubtn-normal ubtn-no-hover-bg  none  ubtn-sep-icon ubtn-sep-icon-bottom-push  ubtn-center   tooltip-69e2d9ea14060\"  data-hover=\"\" data-border-color=\"\" data-bg=\"#b20000\" data-hover-bg=\"\" data-border-hover=\"\" data-shadow-hover=\"\" data-shadow-click=\"none\" data-shadow=\"\" data-shd-shadow=\"\"  data-ultimate-target='#ubtn-7768'  data-responsive-json-new='{\"font-size\":\"\",\"line-height\":\"\"}'  style=\"font-weight:bold;border:none;background: #b20000;color: #ffffff;\"><span class=\"ubtn-data ubtn-icon\"><i class=\"icomoon-document-file-pdf\" style=\"font-size:32px;color:#f2f2f2;\"><\/i><\/span><span class=\"ubtn-hover\" style=\"background-color:\"><\/span><span class=\"ubtn-data ubtn-text \" >Descoper\u0103 mai multe<\/span><\/button><\/a><\/div>[\/vc_column][\/vc_row]<\/p>\n","protected":false},"excerpt":{"rendered":"<p>[vc_row][vc_column width=&#8221;1\/1&#8243;][\/vc_column][\/vc_row][vc_row][vc_column width=&#8221;1\/2&#8243;][\/vc_column][vc_column width=&#8221;1\/2&#8243;][\/vc_column][\/vc_row]<\/p>\n","protected":false},"author":1,"featured_media":0,"parent":0,"menu_order":281,"comment_status":"closed","ping_status":"closed","template":"","meta":[],"folder":[46],"_links":{"self":[{"href":"http:\/\/www.icpe.ro\/ro\/wp-json\/wp\/v2\/pages\/19404"}],"collection":[{"href":"http:\/\/www.icpe.ro\/ro\/wp-json\/wp\/v2\/pages"}],"about":[{"href":"http:\/\/www.icpe.ro\/ro\/wp-json\/wp\/v2\/types\/page"}],"author":[{"embeddable":true,"href":"http:\/\/www.icpe.ro\/ro\/wp-json\/wp\/v2\/users\/1"}],"replies":[{"embeddable":true,"href":"http:\/\/www.icpe.ro\/ro\/wp-json\/wp\/v2\/comments?post=19404"}],"version-history":[{"count":0,"href":"http:\/\/www.icpe.ro\/ro\/wp-json\/wp\/v2\/pages\/19404\/revisions"}],"wp:attachment":[{"href":"http:\/\/www.icpe.ro\/ro\/wp-json\/wp\/v2\/media?parent=19404"}],"wp:term":[{"taxonomy":"folder","embeddable":true,"href":"http:\/\/www.icpe.ro\/ro\/wp-json\/wp\/v2\/folder?post=19404"}],"curies":[{"name":"wp","href":"https:\/\/api.w.org\/{rel}","templated":true}]}}