{"id":19398,"date":"2018-02-05T16:27:48","date_gmt":"2018-02-05T13:27:48","guid":{"rendered":"http:\/\/www.icpe.ro\/ro\/?page_id=19398"},"modified":"2021-05-12T11:21:00","modified_gmt":"2021-05-12T08:21:00","slug":"politica-minerale","status":"publish","type":"page","link":"http:\/\/www.icpe.ro\/ro\/politici\/politica-minerale\/","title":{"rendered":"Mineralele din zonele de conflict"},"content":{"rendered":"<p>[vc_row class=&#8221;vc_hidden-lg vc_hidden-md vc_hidden-sm vc_hidden-xs&#8221;][vc_column width=&#8221;1\/1&#8243;][vc_column_text]Icpe, ca organiza\u021bie implicat\u0103 nemijlocit \u00een proiecte R&amp;D de produse \u0219i tehnologii pentru dezvoltare durabil\u0103, sprijin\u0103 eradicarea \u00eenc\u0103lc\u0103rii drepturilor omului sub oricare din formele cunoscute, inclusive \u00een ceea ce prive\u0219te activit\u0103\u021bile de produc\u021bie pentru extrac\u021bia unor minerale din \u201czone de conflict\u201d, precum zona de EST a \u00a0Republicii Democratice Congo (RDC) \u0219i t\u0103rile din vecinatate.<\/p>\n<p>Icpe se conformeaz\u0103 normelor emise de US-Securities and Exchange Commission (\u201cSEC\u201d), pentru punerea \u00een aplicare a cerin\u021belor de raportare \u0219i publicare referitoare la \u201cconflict minerals\u201d, necesare \u00een procesul propriu de fabrica\u021bie.<\/p>\n<p>Prin \u201cconflict minerals\u201d \u00eentelegem aur, staniu, tantal \u0219i tungsten, deriva\u021bi de casiterit, columbit\u0103-tantalit, wolframit ca \u0219i altele care vor fi precizate \u00een viitor, extrase din \u201czone de conflict\u201d.<\/p>\n<p>Icpe sprijin\u0103 aceste cerin\u021be pentru a promova obiectivul umanitar de a pune cap\u0103t conflictelor violente din Republica Democratica Congo (RDC) \u0219i t\u0103rile din jur, conflicte care sunt fina\u021bate par\u021bial din exploatarea \u0219i comercializarea de \u201cconflict minerals \u201d.[\/vc_column_text]<h1 class=\"headline font-inherit fontsize-s fontweight-700 lh-inherit align-left transform-inherit \" style=\"margin: 0 0 20px 0;\">Angajamentul Icpe<\/h1>[vc_column_text]<\/p>\n<ol>\n<li>Sprijinim scopurile \u0219i obiectivele legisla\u021biei privind furnizarea de \u201cconflict minerals \u201d<\/li>\n<li>Nu procur\u0103m, cu bun\u0103 \u0219tiin\u021b\u0103, materiale definite \u201cconflict minerals \u201d care provin din instala\u021bii aflate \u00een \u201czona de conflict\u201d sau care nu sunt certificate \u201clibere de conflict\u201d<\/li>\n<li>Asigur\u0103m respectarea cerin\u021belor \u0219i cerem furnizorilor s\u0103 efectueze o analiz\u0103, \u00een lan\u021bul de aprovizionare, pentru a asigura ca aceste minerale sunt ob\u021binute numai din :<\/li>\n<\/ol>\n<ul>\n<li>Mine \u0219i topitorii aflate \u00een afara \u201czonei de conflict\u201d sau<\/li>\n<li>Mine \u0219i topitorii care au fost certificate de c\u0103tre o ter\u021b\u0103 parte independent\u0103, ca fiind \u201clibere de conflict\u201d, \u00een situa\u021bia \u00een care acestea prelucreaz\u0103 materii prime din \u201czona de conflict\u201d.<\/li>\n<\/ul>\n<p>[\/vc_column_text][vc_column_text]Aceasta include cerin\u021ba ca furnizorii nostri s\u0103 dispun\u0103 de orice dovezi scrise care s\u0103 demonstreze c\u0103 materiile prime folosite pentru a produce aur, staniu, tantal \u0219i tungsten, utilizate la fabricarea componentelor \u0219i a produselor furnizate la Icpe, provin din afara \u201czonei de conflict\u201d iar \u00een cazul \u00een care provin din interiorul unei \u201czone de conflict\u201d minele sau topitoriile au fost certificate ca fiind \u201clibere de conflict\u201d de c\u0103tre o ter\u021b\u0103 parte independent\u0103.<\/p>\n<p>Scopul acestei politici este de a ne asigura c\u0103 produsele noastre sunt fabricate numai cu materiale, componente sau piese care sunt \u201clibere de conflict\u201d. La r\u00e2ndul nostru asigur\u0103m beneficiarii nostri c\u0103 produsele livrate sunt fabricate \u201clibere de conflict\u201d.[\/vc_column_text][\/vc_column][\/vc_row][vc_row][vc_column width=&#8221;1\/2&#8243;][vc_column_text]Icpe, ca organiza\u021bie implicat\u0103 nemijlocit \u00een proiecte R&amp;D de produse \u0219i tehnologii pentru dezvoltare durabil\u0103, sprijin\u0103 eradicarea \u00eenc\u0103lc\u0103rii drepturilor omului sub oricare din formele cunoscute, inclusive \u00een ceea ce prive\u0219te activit\u0103\u021bile de produc\u021bie pentru extrac\u021bia unor minerale din \u201czone de conflict\u201d, precum zona de EST a \u00a0Republicii Democratice Congo (RDC) \u0219i t\u0103rile din vecinatate.<\/p>\n<p>Icpe se conformeaz\u0103 normelor emise de US-Securities and Exchange Commission (\u201cSEC\u201d), pentru punerea \u00een aplicare a cerin\u021belor de raportare \u0219i publicare referitoare la \u201cconflict minerals\u201d, necesare \u00een procesul propriu de fabrica\u021bie.<\/p>\n<p>Prin \u201cconflict minerals\u201d \u00eentelegem aur, staniu, tantal \u0219i tungsten, deriva\u021bi de casiterit, columbit\u0103-tantalit, wolframit ca \u0219i altele care vor fi precizate \u00een viitor, extrase din \u201czone de conflict\u201d.<\/p>\n<p>Icpe sprijin\u0103 aceste cerin\u021be pentru a promova obiectivul umanitar de a pune cap\u0103t conflictelor violente din Republica Democratica Congo (RDC) \u0219i t\u0103rile din jur, conflicte care sunt fina\u021bate par\u021bial din exploatarea \u0219i comercializarea de \u201cconflict minerals \u201d.[\/vc_column_text]<h1 class=\"headline font-inherit fontsize-s fontweight-700 lh-inherit align-left transform-inherit \" style=\"margin: 0 0 20px 0;\">Angajamentul Icpe<\/h1>[vc_column_text]<\/p>\n<ol>\n<li>Sprijinim scopurile \u0219i obiectivele legisla\u021biei privind furnizarea de \u201cconflict minerals \u201d<\/li>\n<li>Nu procur\u0103m, cu bun\u0103 \u0219tiin\u021b\u0103, materiale definite \u201cconflict minerals \u201d care provin din instala\u021bii aflate \u00een \u201czona de conflict\u201d sau care nu sunt certificate \u201clibere de conflict\u201d<\/li>\n<li>Asigur\u0103m respectarea cerin\u021belor \u0219i cerem furnizorilor s\u0103 efectueze o analiz\u0103, \u00een lan\u021bul de aprovizionare, pentru a asigura ca aceste minerale sunt ob\u021binute numai din :<\/li>\n<\/ol>\n<ul>\n<li>Mine \u0219i topitorii aflate \u00een afara \u201czonei de conflict\u201d sau<\/li>\n<li>Mine \u0219i topitorii care au fost certificate de c\u0103tre o ter\u021b\u0103 parte independent\u0103, ca fiind \u201clibere de conflict\u201d, \u00een situa\u021bia \u00een care acestea prelucreaz\u0103 materii prime din \u201czona de conflict\u201d.<\/li>\n<\/ul>\n<p>[\/vc_column_text][vc_column_text]Aceasta include cerin\u021ba ca furnizorii nostri s\u0103 dispun\u0103 de orice dovezi scrise care s\u0103 demonstreze c\u0103 materiile prime folosite pentru a produce aur, staniu, tantal \u0219i tungsten, utilizate la fabricarea componentelor \u0219i a produselor furnizate la Icpe, provin din afara \u201czonei de conflict\u201d iar \u00een cazul \u00een care provin din interiorul unei \u201czone de conflict\u201d minele sau topitoriile au fost certificate ca fiind \u201clibere de conflict\u201d de c\u0103tre o ter\u021b\u0103 parte independent\u0103.<\/p>\n<p>Scopul acestei politici este de a ne asigura c\u0103 produsele noastre sunt fabricate numai cu materiale, componente sau piese care sunt \u201clibere de conflict\u201d. La r\u00e2ndul nostru asigur\u0103m beneficiarii nostri c\u0103 produsele livrate sunt fabricate \u201clibere de conflict\u201d.[\/vc_column_text][\/vc_column][vc_column width=&#8221;1\/2&#8243;]<div class=\"single_image wpb_content_element align-center    \" data-animation=\"none\" data-delay=\"0\"><img width=\"300\" height=\"300\" src=\"http:\/\/www.icpe.ro\/ro\/wp-content\/uploads\/2018\/02\/Icon-Minerals-01-300x300.jpg\" class=\"attachment-medium\" alt=\"\" loading=\"lazy\" srcset=\"http:\/\/www.icpe.ro\/ro\/wp-content\/uploads\/2018\/02\/Icon-Minerals-01-300x300.jpg 300w, http:\/\/www.icpe.ro\/ro\/wp-content\/uploads\/2018\/02\/Icon-Minerals-01-150x150.jpg 150w, http:\/\/www.icpe.ro\/ro\/wp-content\/uploads\/2018\/02\/Icon-Minerals-01-768x768.jpg 768w, http:\/\/www.icpe.ro\/ro\/wp-content\/uploads\/2018\/02\/Icon-Minerals-01-80x80.jpg 80w, http:\/\/www.icpe.ro\/ro\/wp-content\/uploads\/2018\/02\/Icon-Minerals-01-500x500.jpg 500w, http:\/\/www.icpe.ro\/ro\/wp-content\/uploads\/2018\/02\/Icon-Minerals-01.jpg 833w\" sizes=\"(max-width: 300px) 100vw, 300px\" \/><\/div>[\/vc_column][\/vc_row]<\/p>\n","protected":false},"excerpt":{"rendered":"<p>[vc_row class=&#8221;vc_hidden-lg vc_hidden-md vc_hidden-sm vc_hidden-xs&#8221;][vc_column width=&#8221;1\/1&#8243;][vc_column_text]Icpe, ca organiza\u021bie implicat\u0103 nemijlocit \u00een proiecte R&amp;D de produse \u0219i tehnologii pentru dezvoltare durabil\u0103, sprijin\u0103 eradicarea \u00eenc\u0103lc\u0103rii drepturilor omului sub oricare din formele cunoscute, inclusive \u00een ceea ce prive\u0219te activit\u0103\u021bile de produc\u021bie pentru extrac\u021bia unor minerale din \u201czone de conflict\u201d, precum zona de EST a \u00a0Republicii Democratice Congo (RDC) \u0219i t\u0103rile din vecinatate. Icpe se conformeaz\u0103 normelor emise de US-Securities and Exchange Commission (\u201cSEC\u201d), pentru punerea \u00een aplicare a cerin\u021belor de raportare \u0219i publicare referitoare la \u201cconflict minerals\u201d, necesare \u00een procesul propriu de fabrica\u021bie. Prin \u201cconflict minerals\u201d \u00eentelegem aur, staniu, tantal \u0219i tungsten, deriva\u021bi de casiterit, columbit\u0103-tantalit, wolframit ca \u0219i altele care vor fi precizate \u00een viitor, extrase din \u201czone de conflict\u201d. Icpe sprijin\u0103 aceste cerin\u021be pentru a promova obiectivul umanitar de a pune cap\u0103t conflictelor violente din Republica Democratica Congo (RDC) \u0219i t\u0103rile din jur, conflicte care sunt fina\u021bate par\u021bial din exploatarea \u0219i comercializarea de \u201cconflict minerals \u201d.[\/vc_column_text][vc_column_text] Sprijinim scopurile \u0219i obiectivele legisla\u021biei privind furnizarea de \u201cconflict minerals \u201d Nu procur\u0103m, cu bun\u0103 \u0219tiin\u021b\u0103, materiale definite \u201cconflict minerals \u201d care provin din instala\u021bii aflate \u00een \u201czona de conflict\u201d sau care nu sunt certificate \u201clibere de conflict\u201d Asigur\u0103m respectarea cerin\u021belor \u0219i cerem furnizorilor s\u0103 [&hellip;]<\/p>\n","protected":false},"author":1,"featured_media":0,"parent":19419,"menu_order":216,"comment_status":"closed","ping_status":"closed","template":"","meta":[],"folder":[46],"_links":{"self":[{"href":"http:\/\/www.icpe.ro\/ro\/wp-json\/wp\/v2\/pages\/19398"}],"collection":[{"href":"http:\/\/www.icpe.ro\/ro\/wp-json\/wp\/v2\/pages"}],"about":[{"href":"http:\/\/www.icpe.ro\/ro\/wp-json\/wp\/v2\/types\/page"}],"author":[{"embeddable":true,"href":"http:\/\/www.icpe.ro\/ro\/wp-json\/wp\/v2\/users\/1"}],"replies":[{"embeddable":true,"href":"http:\/\/www.icpe.ro\/ro\/wp-json\/wp\/v2\/comments?post=19398"}],"version-history":[{"count":0,"href":"http:\/\/www.icpe.ro\/ro\/wp-json\/wp\/v2\/pages\/19398\/revisions"}],"up":[{"embeddable":true,"href":"http:\/\/www.icpe.ro\/ro\/wp-json\/wp\/v2\/pages\/19419"}],"wp:attachment":[{"href":"http:\/\/www.icpe.ro\/ro\/wp-json\/wp\/v2\/media?parent=19398"}],"wp:term":[{"taxonomy":"folder","embeddable":true,"href":"http:\/\/www.icpe.ro\/ro\/wp-json\/wp\/v2\/folder?post=19398"}],"curies":[{"name":"wp","href":"https:\/\/api.w.org\/{rel}","templated":true}]}}