{"id":19379,"date":"2018-01-10T11:09:21","date_gmt":"2018-01-10T08:09:21","guid":{"rendered":"http:\/\/www.icpe.ro\/ro\/?page_id=19379"},"modified":"2018-10-22T07:31:02","modified_gmt":"2018-10-22T04:31:02","slug":"noutati","status":"publish","type":"page","link":"http:\/\/www.icpe.ro\/ro\/termocan\/noutati\/","title":{"rendered":"Nout\u0103\u021bi"},"content":{"rendered":"<p>[vc_row type=&#8221;full_width_section&#8221;][vc_column width=&#8221;1\/1&#8243;][vc_raw_html]JTNDc3R5bGUlM0UlMEEudG9wbmF2JTIwJTdCJTBBJTBBJTIwJTIwJTIwJTIwbGlzdC1zdHlsZSUzQW5vbmUlM0IlMEElMjAlMjAlMjAlMjBtYXJnaW4lM0EwJTNCJTBBJTIwJTIwJTIwJTIwcGFkZGluZyUzQTAlM0IlMEElMjAlMjAlMjAlMjB0ZXh0LWFsaWduJTNBY2VudGVyJTNCJTBBJTdEJTBBJTBBLnRvcG5hdiUyMGxpJTIwJTdCJTBBJTIwJTIwZGlzcGxheSUzQWlubGluZSUzQiUwQSU3RCUwQSUwQS50b3BuYXYlMjBhJTdCJTBBJTIwJTIwZGlzcGxheSUzQWlubGluZS1ibG9jayUzQiUwQSUyMCUyMGNvbG9yJTNBJTIwJTIzMDAwJTNCJTBBJTIwJTIwJTIwJTIwcGFkZGluZyUzQTE4cHglMjAzNnB4JTNCJTBBJTIwJTIwZm9udC1zaXplJTNBMTdweCUzQiUwQSU3RCUwQS50b3BuYXYlMjBhJTNBaG92ZXIlMjAlN0IlMEElMjAlMjBiYWNrZ3JvdW5kLWNvbG9yJTNBJTIwJTIzZGRkJTNCJTBBJTIwJTIwY29sb3IlM0ElMjBibGFjayUzQiUwQSU3RCUwQSUwQS50b3BuYXYlMjAuaWNvbiUyMCU3QiUwQSUyMCUyMGRpc3BsYXklM0ElMjBub25lJTNCJTBBJTdEJTBBLmFjdGl2ZSUyMCU3QiUwQSUyMCUyMCUyMCUyMGJhY2tncm91bmQtY29sb3IlM0ElMjAlMjNmN2Y3ZjclM0IlMEElMjAlMjAlMjAlMjBmb250LXdlaWdodCUzQSUyMGJvbGQlM0IlMEElN0QlMEElMEElNDBtZWRpYSUyMHNjcmVlbiUyMGFuZCUyMCUyOG1heC13aWR0aCUzQSUyMDYwMHB4JTI5JTIwJTdCJTBBJTIwJTIwLnRvcG5hdiUyMGElM0Fub3QlMjglM0FmaXJzdC1jaGlsZCUyOSUyMCU3QmRpc3BsYXklM0ElMjBub25lJTNCJTdEJTBBJTIwJTIwLnRvcG5hdiUyMGEuaWNvbiUyMCU3QiUwQSUyMCUyMCUyMCUyMGZsb2F0JTNBJTIwcmlnaHQlM0IlMEElMjAlMjAlMjAlMjBkaXNwbGF5JTNBJTIwYmxvY2slM0IlMEElMjAlMjAlN0QlMEElN0QlMEElMEElNDBtZWRpYSUyMHNjcmVlbiUyMGFuZCUyMCUyOG1heC13aWR0aCUzQSUyMDYwMHB4JTI5JTIwJTdCJTBBJTIwJTIwLnRvcG5hdi5yZXNwb25zaXZlJTIwJTdCcG9zaXRpb24lM0ElMjByZWxhdGl2ZSUzQiU3RCUwQSUyMCUyMC50b3BuYXYucmVzcG9uc2l2ZSUyMC5pY29uJTIwJTdCJTBBJTIwJTIwJTIwJTIwcG9zaXRpb24lM0ElMjBhYnNvbHV0ZSUzQiUwQSUyMCUyMCUyMCUyMHJpZ2h0JTNBJTIwMCUzQiUwQSUyMCUyMCUyMCUyMHRvcCUzQSUyMDAlM0IlMEElMjAlMjAlN0QlMEElMjAlMjAudG9wbmF2LnJlc3BvbnNpdmUlMjBhJTIwJTdCJTBBJTIwJTIwJTIwJTIwZmxvYXQlM0ElMjBub25lJTNCJTBBJTIwJTIwJTIwJTIwZGlzcGxheSUzQSUyMGJsb2NrJTNCJTBBJTIwJTIwJTIwJTIwdGV4dC1hbGlnbiUzQSUyMGxlZnQlM0IlMEElMjAlMjAlN0QlMEElMEElN0QlMEElM0MlMkZzdHlsZSUzRSUwQSUwQSUwQSUwQSUzQ2RpdiUyMGNsYXNzJTNEJTIydG9wbmF2JTIyJTIwaWQlM0QlMjJteVRvcG5hdiUyMiUzRSUwQSUyMCUyMCUzQ2ElMjBocmVmJTNEJTIyaHR0cCUzQSUyRiUyRnd3dy5pY3BlLnJvJTJGcm8lMkZ0ZXJtb2NhbiUyRiUyMiUzRUFjYXMlQzQlODMlM0MlMkZhJTNFJTBBJTIwJTIwJTNDYSUyMGhyZWYlM0QlMjJodHRwJTNBJTJGJTJGd3d3LmljcGUucm8lMkZybyUyRnRlcm1vY2FuJTJGZGVzcHJlLXByb2llY3QlMjIlM0VEZXNwcmUlMjBwcm9pZWN0JTNDJTJGYSUzRSUwQSUyMCUyMCUzQ2ElMjBocmVmJTNEJTIyaHR0cCUzQSUyRiUyRnd3dy5pY3BlLnJvJTJGcm8lMkZ0ZXJtb2NhbiUyRmNvbnNvcnRpdSUyMiUzRUNvbnNvciVDOCU5Qml1JTNDJTJGYSUzRSUwQSUyMCUyMCUzQ2ElMjBocmVmJTNEJTIyaHR0cCUzQSUyRiUyRnd3dy5pY3BlLnJvJTJGcm8lMkZ0ZXJtb2NhbiUyRmV0YXBlJTIyJTNFRXRhcGUlMkZBY3Rpdml0JUM0JTgzJUM4JTlCaSUzQyUyRmElM0UlMEElMjAlMjAlM0NhJTIwaHJlZiUzRCUyMmh0dHAlM0ElMkYlMkZ3d3cuaWNwZS5ybyUyRnJvJTJGdGVybW9jYW4lMkZub3V0YXRpJTIyJTNFTm91dCVDNCU4MyVDOCU5QmklM0MlMkZhJTNFJTBBJTIwJTIwJTNDYSUyMGhyZWYlM0QlMjJodHRwJTNBJTJGJTJGd3d3LmljcGUucm8lMkZybyUyRnRlcm1vY2FuJTJGY29udGFjdCUyMiUzRUNvbnRhY3QlM0MlMkZhJTNFJTBBJTIwJTIwJTNDbGklMjBzdHlsZSUzRCUyMmZsb2F0JTNBcmlnaHQlMjIlM0UlM0NhJTIwY2xhc3MlM0QlMjJhY3RpdmUlMjIlMjBocmVmJTNEJTIyaHR0cCUzQSUyRiUyRnd3dy5pY3BlLnJvJTJGdGVybW9jYW4lMkYlMjIlM0VFTiUzQyUyRmElM0UlM0MlMkZsaSUzRSUwQSUwQSUyMCUyMCUzQ2ElMjBocmVmJTNEJTIyamF2YXNjcmlwdCUzQXZvaWQlMjgwJTI5JTNCJTIyJTIwc3R5bGUlM0QlMjJmb250LXNpemUlM0ExNXB4JTNCJTIyJTIwY2xhc3MlM0QlMjJpY29uJTIyJTIwb25jbGljayUzRCUyMm15RnVuY3Rpb24lMjglMjklMjIlM0UlMjYlMjM5Nzc2JTNCJTNDJTJGYSUzRSUwQSUzQyUyRmRpdiUzRSUwQSUwQSUzQ3NjcmlwdCUzRSUwQWZ1bmN0aW9uJTIwbXlGdW5jdGlvbiUyOCUyOSUyMCU3QiUwQSUyMCUyMCUyMCUyMHZhciUyMHglMjAlM0QlMjBkb2N1bWVudC5nZXRFbGVtZW50QnlJZCUyOCUyMm15VG9wbmF2JTIyJTI5JTNCJTBBJTIwJTIwJTIwJTIwaWYlMjAlMjh4LmNsYXNzTmFtZSUyMCUzRCUzRCUzRCUyMCUyMnRvcG5hdiUyMiUyOSUyMCU3QiUwQSUyMCUyMCUyMCUyMCUyMCUyMCUyMCUyMHguY2xhc3NOYW1lJTIwJTJCJTNEJTIwJTIyJTIwcmVzcG9uc2l2ZSUyMiUzQiUwQSUyMCUyMCUyMCUyMCU3RCUyMGVsc2UlMjAlN0IlMEElMjAlMjAlMjAlMjAlMjAlMjAlMjAlMjB4LmNsYXNzTmFtZSUyMCUzRCUyMCUyMnRvcG5hdiUyMiUzQiUwQSUyMCUyMCUyMCUyMCU3RCUwQSU3RCUwQSUzQyUyRnNjcmlwdCUzRSUwQQ==[\/vc_raw_html][\/vc_column][\/vc_row][vc_row][vc_column width=&#8221;1\/1&#8243;]<div class=\"single_image wpb_content_element align-center    \" data-animation=\"none\" data-delay=\"0\"><\/div>[\/vc_column][\/vc_row][vc_row][vc_column][vc_column_text]<\/p>\n<p>[\/vc_column_text][\/vc_column][\/vc_row][vc_row bg_color=&#8221;#efefef&#8221; top_padding=&#8221;20&#8243; bottom_padding=&#8221;20&#8243;][vc_column width=&#8221;1\/1&#8243;]<h1 class=\"headline font-inherit fontsize-m fontweight-700 lh-inherit align-center transform-uppercase \" style=\"margin: 0 0 0 0;\">Nout\u0103\u021bi<\/h1>[\/vc_column][\/vc_row][vc_row][vc_column][vc_column_text]<\/p>\n<p>[\/vc_column_text][\/vc_column][\/vc_row][vc_row top_padding=&#8221;40&#8243; bottom_padding=&#8221;20&#8243;][vc_column width=&#8221;1\/2&#8243;][vc_column_text]<strong>Septembrie 2018<\/strong>: A fost finalizat\u0103 etapa a III-a a proiectului, ultima etap\u0103 a proiectului; conform rezultatelor ob\u0163inute \u00een urma activit\u0103\u0163ilor specifice etapei a III-a, putem afirma c\u0103 prototipul TERMOCAN a fost proiectat, realizat \u015fi s-a dovedit func\u0163ional \u00een urma test\u0103rii \u00eentr-un mediu de testare apropiat de cel real (TRL 6).<br \/>\nProiectul \u201eTermosutien pentru detec\u0163ia \u015fi localizarea cancerului de s\u00e2n\u201d este un proiect colaborativ, un proiect cu rezultate deosebite ob\u0163inute de c\u0103tre partenerii de proiect, ICPE, Universitatea Politehnica din Bucure\u015fti \u015fi Universitatea de Medicin\u0103 \u015fi Farmacie \u201eIuliu Ha\u0163ieganu&#8221; din Cluj-Napoca.<br \/>\nICPE, prin echipa sa de cercetare de elit\u0103, a realizat cu succes, utiliz\u00e2nd tehnologii moderne precum scanarea \u015fi printarea 3D, prototipurile termosutienelor de avertizare timpurie a cancerului mamar, de uz personal, \u015fi a dispozitivului medical de detec\u021bie \u0219i localizare a pozi\u021biei posibilului nodul canceros.<br \/>\nRemarcabil este de asemenea \u015fi succesul ob\u0163inut de c\u0103tre echipa de cercetare a Universit\u0103\u0163ii Politehnica din Bucure\u015fti care a realizat software-ul de detec\u021bie \u015fi localizare a nodulilor cancerigeni.<br \/>\nNu \u00een ultimul r\u00e2nd, Universitatea de Medicin\u0103 \u015fi Farmacie \u201eIuliu Ha\u0163ieganu&#8221; din Cluj-Napoca \u015fi-a adus o contribu\u0163ie remarcabil\u0103 prin valorificarea experien\u0163ei deceniilor de activitate \u00een domeniul imagisticii medicale \u015fi a oncologiei f\u0103r\u0103 de care rezultatele acestui proiect nu s-ar fi concretizat.<br \/>\nObiectivele principale ale proiectului au fost \u00eendeplinite integral pentru aceasta fiind ob\u0163inute urm\u0103toarele rezultate:<\/p>\n<ul>\n<li>Prototip sutien echipat cu senzori de temperatur\u0103<\/li>\n<li>Prototip canapea medical\u0103 echipat\u0103 cu senzori de temperatur\u0103<\/li>\n<li>Echipament electronic de achizi\u0163ie date \u015fi prelucrare date<\/li>\n<li>Software de achizi\u0163ie date<\/li>\n<li>Software de detec\u0163ie a tumorilor<\/li>\n<li>Software de localizare a tumorilor<\/li>\n<li>Fi\u015fa de m\u0103sur\u0103tori rezultate \u00een urma test\u0103rii prototipurilor func\u0163ionale<\/li>\n<li>Manuale de utilizare pentru fiecare dintre cele dou\u0103 prototipuri func\u0163ionale<\/li>\n<li>Diseminarea rezultatelor prin comunic\u0103ri \u015ftiin\u0163ifice \u015fi articole<\/li>\n<\/ul>\n<p>[\/vc_column_text][\/vc_column][vc_column width=&#8221;1\/2&#8243;]<div class=\"spacer\" style=\"height: 40px;\"><\/div><div class=\"single_image wpb_content_element align-left    \" data-animation=\"none\" data-delay=\"0\"><img width=\"709\" height=\"472\" src=\"http:\/\/www.icpe.ro\/ro\/wp-content\/uploads\/2018\/10\/Termocan.2018.Foto_05.jpg\" class=\"attachment-full\" alt=\"\" loading=\"lazy\" srcset=\"http:\/\/www.icpe.ro\/ro\/wp-content\/uploads\/2018\/10\/Termocan.2018.Foto_05.jpg 709w, http:\/\/www.icpe.ro\/ro\/wp-content\/uploads\/2018\/10\/Termocan.2018.Foto_05-300x200.jpg 300w, http:\/\/www.icpe.ro\/ro\/wp-content\/uploads\/2018\/10\/Termocan.2018.Foto_05-600x400.jpg 600w\" sizes=\"(max-width: 709px) 100vw, 709px\" \/><\/div>[\/vc_column][\/vc_row][vc_row top_padding=&#8221;40&#8243; bottom_padding=&#8221;20&#8243;][vc_column width=&#8221;1\/2&#8243;][vc_column_text]\u00cen perioada <strong>1-3 noiembrie 2018<\/strong> \u00een cadrul conferin\u021bei interna\u0163ionale \u201eInternational Symposium on Fundamentals of Electrical Engineering\u201d care va avea loc \u00een Bucure\u015fti, Rom\u00e2nia, va fi prezentat articolul intitulat \u201eTesting of two thermographic devices with two types of temperature sensors for detecting and locating of incipient breast tumors\u201d, av\u00e2ndu-i ca autori pe George Marian Vasilescu, Ion B\u00e2rsan, Gabriel Kacso, Gabriel Valeriu R\u00e2\u015fnoveanu, Mihai Eugen Marin, Mihai\u0163\u0103 Gabriel Neac\u015fu, Mihai Maricaru, Lucian Nicolae Demeter.[\/vc_column_text][\/vc_column][vc_column width=&#8221;1\/2&#8243;]<div class=\"single_image wpb_content_element align-left    \" data-animation=\"none\" data-delay=\"0\"><img width=\"547\" height=\"166\" src=\"http:\/\/www.icpe.ro\/ro\/wp-content\/uploads\/2018\/10\/Termocan.2018.Foto_01.jpg\" class=\"attachment-full\" alt=\"\" loading=\"lazy\" srcset=\"http:\/\/www.icpe.ro\/ro\/wp-content\/uploads\/2018\/10\/Termocan.2018.Foto_01.jpg 547w, http:\/\/www.icpe.ro\/ro\/wp-content\/uploads\/2018\/10\/Termocan.2018.Foto_01-300x91.jpg 300w\" sizes=\"(max-width: 547px) 100vw, 547px\" \/><\/div>[\/vc_column][\/vc_row][vc_row top_padding=&#8221;40&#8243; bottom_padding=&#8221;20&#8243;][vc_column width=&#8221;1\/2&#8243;][vc_column_text]\u00cen num\u0103rul <strong>4\/2018<\/strong> al revistei cu apari\u0163ie trimestrial\u0103 \u201eRevue Roumaine Des Sciences Techniques, S\u00e9rie \u00c9lectrotechnique et \u00c9nerg\u00e9tique\u201d va fi publicat articolul intitulat \u201eDou\u0103 dispozitive echipate cu senzori de temperatur\u0103 folosite la detec\u021bia \u0219i localizarea tumorilor de s\u00e2n incipiente\u201d, av\u00e2ndu-i ca autori George Marian Vasilescu, Ion B\u00e2rsan, Gabriel Kacso, Mihai Eugen Marin, Mihai Maricaru, Lucian Nicolae Demeter.[\/vc_column_text][\/vc_column][vc_column width=&#8221;1\/2&#8243;]<div class=\"single_image wpb_content_element align-left    \" data-animation=\"none\" data-delay=\"0\"><img width=\"557\" height=\"142\" src=\"http:\/\/www.icpe.ro\/ro\/wp-content\/uploads\/2018\/10\/Termocan.2018.Foto_02.jpg\" class=\"attachment-full\" alt=\"\" loading=\"lazy\" srcset=\"http:\/\/www.icpe.ro\/ro\/wp-content\/uploads\/2018\/10\/Termocan.2018.Foto_02.jpg 557w, http:\/\/www.icpe.ro\/ro\/wp-content\/uploads\/2018\/10\/Termocan.2018.Foto_02-300x76.jpg 300w\" sizes=\"(max-width: 557px) 100vw, 557px\" \/><\/div>[\/vc_column][\/vc_row][vc_row top_padding=&#8221;40&#8243; bottom_padding=&#8221;20&#8243;][vc_column width=&#8221;1\/2&#8243;][vc_column_text]\u00cen perioada <strong>17-19 mai 2018<\/strong> \u00een cadrul Conferin\u021bei Na\u021bionale a Facult\u0103\u021bii de Medicin\u0103 din Universitatea Titu Maiorescu din Bucure\u0219ti, Edi\u021bia a II-a, conferin\u0163\u0103 av\u00e2nd tema \u201eAbord\u0103ri Inovatoare Transdisciplinare \u00een Medicina Modern\u0103\u201d, a fost prezentat\u0103 lucrarea intitulat\u0103 \u201ePoate fi termografia un adjuvant \u00een screeningul cancerului?\u201d, lucrare av\u00e2ndu-i ca autori pe George Marian Vasilescu, Gabriel Kacso, D. Cochior, Ioan Florea H\u0103n\u0163il\u0103, Mihai Maricaru \u0219i Ion B\u00e2rsan.[\/vc_column_text][\/vc_column][vc_column width=&#8221;1\/2&#8243;]<div class=\"single_image wpb_content_element align-left    \" data-animation=\"none\" data-delay=\"0\"><img width=\"322\" height=\"275\" src=\"http:\/\/www.icpe.ro\/ro\/wp-content\/uploads\/2018\/10\/Termocan.2018.Foto_03.jpg\" class=\"attachment-full\" alt=\"\" loading=\"lazy\" srcset=\"http:\/\/www.icpe.ro\/ro\/wp-content\/uploads\/2018\/10\/Termocan.2018.Foto_03.jpg 322w, http:\/\/www.icpe.ro\/ro\/wp-content\/uploads\/2018\/10\/Termocan.2018.Foto_03-300x256.jpg 300w\" sizes=\"(max-width: 322px) 100vw, 322px\" \/><\/div>[\/vc_column][\/vc_row][vc_row top_padding=&#8221;40&#8243; bottom_padding=&#8221;20&#8243;][vc_column width=&#8221;1\/2&#8243;][vc_column_text]\u00cen perioada <strong>11-12 mai 2018<\/strong> \u00een cadrul conferin\u0163ei interna\u0163ionale intitulate \u201eRuhr Talks\u201d, desf\u0103\u015furate \u00een Gelsenkirchen, Germania, a fost prezentat\u0103 lucrarea intitulat\u0103 \u201eTHERMO-BRA: a potential screening and therapy tool for breast cancer\u201d, lucrare av\u00e2ndu-i ca autori pe George Marian Vasilescu, Gabriel Kacso, Ioan Florea H\u0103n\u0163il\u0103, Mihai Maricaru, Lucian Demeter, Mihai Marin \u015fi Ion B\u00e2rsan.[\/vc_column_text][\/vc_column][vc_column width=&#8221;1\/2&#8243;]<div class=\"single_image wpb_content_element align-left    \" data-animation=\"none\" data-delay=\"0\"><img width=\"478\" height=\"283\" src=\"http:\/\/www.icpe.ro\/ro\/wp-content\/uploads\/2018\/10\/Termocan.2018.Foto_04.jpg\" class=\"attachment-full\" alt=\"\" loading=\"lazy\" srcset=\"http:\/\/www.icpe.ro\/ro\/wp-content\/uploads\/2018\/10\/Termocan.2018.Foto_04.jpg 478w, http:\/\/www.icpe.ro\/ro\/wp-content\/uploads\/2018\/10\/Termocan.2018.Foto_04-300x178.jpg 300w\" sizes=\"(max-width: 478px) 100vw, 478px\" \/><\/div>[\/vc_column][\/vc_row][vc_row top_padding=&#8221;40&#8243; bottom_padding=&#8221;20&#8243;][vc_column width=&#8221;1\/2&#8243;][vc_column_text]<strong>Decembrie 2017<\/strong>: A fost finalizat\u0103 etapa II a proiectului; conform rezultatelor ob\u0163inute \u00een urma activit\u0103\u0163ilor specifice etapei II, ob\u0163inute de cei trei parteneri, putem afirma urm\u0103toarele: modelul de laborator TERMOCAN a fost proiectat, realizat \u015fi testat din punct de vedere al func\u0163ionalit\u0103\u0163ii dar mai ales din punct de vedere al preciziei (\u00een urma testelor, precizia m\u0103sur\u0103torilor ob\u0163inut\u0103 corespunde cu cerin\u0163ele impuse). Obiectivele etapei II sunt \u00eendeplinite integral \u015fi se poate trece la etapa a III-a a proiectului: Proiectare, realizare \u015fi testare prototip.<\/p>\n<p>\u00cen perioada <strong>19-21 octombrie 2017<\/strong> la Grand Hotel Napoca, Cluj-Napoca, Rom\u00e2nia a fost publicat\u0103 \u015fi prezentat\u0103 o lucrare \u015ftiin\u0163ific\u0103 \u00een cadrul conferin\u0163ei din domeniu: \u201eThe 27th Annual Congress of the Romanian Society for Radiotherapy and Medical Oncology\u201d \u00eempreun\u0103 cu \u201eThe 4th National Congress of the Romanian Cancer Societies Federation\u201d; autorii lucr\u0103rii \u015ftiin\u0163ifice: G. Kacso, G.M. Vasilescu, M. Maricaru, I.F. H\u0103n\u0163il\u0103, M.E. Marin \u015fi lucrarea este intitulat\u0103 \u201c<strong>Medical thermography, an auxiliary procedure for breast cancer detection<\/strong>\u201d.[\/vc_column_text][\/vc_column][vc_column width=&#8221;1\/2&#8243;]<div class=\"single_image wpb_content_element align-left    \" data-animation=\"none\" data-delay=\"0\"><img width=\"1136\" height=\"321\" src=\"http:\/\/www.icpe.ro\/ro\/wp-content\/uploads\/2018\/01\/termocan-news-1.png\" class=\"attachment-full\" alt=\"\" loading=\"lazy\" srcset=\"http:\/\/www.icpe.ro\/ro\/wp-content\/uploads\/2018\/01\/termocan-news-1.png 1136w, http:\/\/www.icpe.ro\/ro\/wp-content\/uploads\/2018\/01\/termocan-news-1-300x85.png 300w, http:\/\/www.icpe.ro\/ro\/wp-content\/uploads\/2018\/01\/termocan-news-1-768x217.png 768w, http:\/\/www.icpe.ro\/ro\/wp-content\/uploads\/2018\/01\/termocan-news-1-1024x289.png 1024w\" sizes=\"(max-width: 1136px) 100vw, 1136px\" \/><\/div>[\/vc_column][\/vc_row][vc_row top_padding=&#8221;40&#8243; bottom_padding=&#8221;20&#8243;][vc_column width=&#8221;1\/2&#8243;][vc_column_text]\u00cen perioada <strong>5-6 octombrie 2017<\/strong>, \u00een cadrul manifest\u0103rii \u0219tiin\u021bifice EV2017 care a avut loc la sediul Icpe &#8211; Splaiul Unirii 313, Bucure\u015fti, dr.ing. Mihai Neac\u015fu \u015fi dr.ing. Paula Angheli\u021b\u0103 au prezentat stadiul proiectului TERMOCAN \u015fi au diseminat rezultatele ob\u021binute.<\/p>\n<p>&nbsp;<\/p>\n<p>G.M. Vasilescu, G. Kacso, D. Cochior, I.F. H\u0103n\u0163il\u0103, M. Maricaru, \u201e<strong>Termografia de contact, o alternativ\u0103 interesant\u0103 \u00een detec\u021bia \u0219i localizarea timpurie a cancerului de s\u00e2n<\/strong>\u201d \u00een <em>Conferin\u021ba Na\u021bional\u0103 a Facult\u0103\u021bii de Medicin\u0103 Universitatea Titu Maiorescu din Bucure\u0219ti Edi\u021bia I-a<\/em>, <strong>27-28 Aprilie 2017<\/strong>, Bucure\u0219ti Abord\u0103ri Inovative Transdisciplinare \u00een Medicina Modern\u0103, Universitatea Titu Maiorescu din Bucure\u0219ti, 28-Apr-2017.<\/p>\n<p>George Marian Vasilescu, Victor Cauni, Gabriel Kacso, Marilena St\u0103nculescu, Mihai Eugen Marin, Mihai Maricaru, Ioan Florea H\u0103n\u0163il\u0103, \u201e<strong>Issues on early cancer detection using thermographic methods<\/strong>\u201d \u00een 2017 <em>10th International Symposium on Advanced Topics in Electrical Engineering (ATEE)<\/em>,<strong> 23-25 March 2017<\/strong>, Bucharest, pp. 283-286, DOI: 10.1109\/ATEE.2017.7905121, lucrare indexat\u0103 ISI Thomson Reuters, INSPEC (Accession Number: 16836082), IEEE Xplore.[\/vc_column_text][\/vc_column][vc_column width=&#8221;1\/2&#8243;]<div class=\"single_image wpb_content_element align-left    \" data-animation=\"none\" data-delay=\"0\"><img width=\"681\" height=\"220\" src=\"http:\/\/www.icpe.ro\/ro\/wp-content\/uploads\/2018\/01\/termocan-news-2.png\" class=\"attachment-full\" alt=\"\" loading=\"lazy\" srcset=\"http:\/\/www.icpe.ro\/ro\/wp-content\/uploads\/2018\/01\/termocan-news-2.png 681w, http:\/\/www.icpe.ro\/ro\/wp-content\/uploads\/2018\/01\/termocan-news-2-300x97.png 300w\" sizes=\"(max-width: 681px) 100vw, 681px\" \/><\/div>[\/vc_column][\/vc_row][vc_row top_padding=&#8221;40&#8243; bottom_padding=&#8221;20&#8243;][vc_column width=&#8221;1\/2&#8243;][vc_column_text]La Palatul Parlamentului, \u00een cadrul manifest\u0103rilor \u0219tiin\u021bifice Salonul Cercet\u0103rii Rom\u00e2ne\u0219ti \u201eConceput \u00een Rom\u00e2nia\u201d- 2017 (<strong>25-27 octombrie 2017<\/strong>) \u0219i Forumul Inov\u0103rii edi\u021bia a X-a (<strong>26-27 octombrie 2017<\/strong>) dr.ing. Paula Angheli\u021b\u0103 a prezentat stadiul proiectului TERMOCAN \u015fi a diseminat rezultatele ob\u021binute.<\/p>\n<p>&nbsp;<\/p>\n<p><strong>Decembrie 2016<\/strong>: A fost finalizat\u0103 etapa I a proiectului \u00een cadrul c\u0103reia s-au definit parametrii termosutienului. Obiectivele etapei I sunt \u00eendeplinite integral \u015fi se poate trece la etapa a II-a a proiectului: Proiectare, realizare \u015fi testare model de laborator.[\/vc_column_text][\/vc_column][vc_column width=&#8221;1\/2&#8243;]<div class=\"single_image wpb_content_element align-left    \" data-animation=\"none\" data-delay=\"0\"><img width=\"660\" height=\"452\" src=\"http:\/\/www.icpe.ro\/ro\/wp-content\/uploads\/2018\/01\/termocan-news-3.png\" class=\"attachment-full\" alt=\"\" loading=\"lazy\" srcset=\"http:\/\/www.icpe.ro\/ro\/wp-content\/uploads\/2018\/01\/termocan-news-3.png 660w, http:\/\/www.icpe.ro\/ro\/wp-content\/uploads\/2018\/01\/termocan-news-3-300x205.png 300w\" sizes=\"(max-width: 660px) 100vw, 660px\" \/><\/div>[\/vc_column][\/vc_row][vc_row][vc_column width=&#8221;1\/1&#8243;]<div class=\"spacer\" style=\"height: 20px;\"><\/div>[\/vc_column][\/vc_row][vc_row bg_color=&#8221;#262626&#8243; top_padding=&#8221;70&#8243; bottom_padding=&#8221;70&#8243; bg_type=&#8221;bg_color&#8221;][vc_column width=&#8221;1\/2&#8243;][vc_column_text]\u00a9 Icpe | Tehnologii pentru dezvoltare durabil\u0103<br \/>\n<a href=\"http:\/\/www.icpe.ro\/ro\/termeni\" target=\"_blank\" rel=\"noopener\">Termeni \u0219i Condi\u021bii<\/a>[\/vc_column_text][\/vc_column][vc_column text_align=&#8221;center&#8221; width=&#8221;1\/2&#8243;]<a href=\"http:\/\/www.icpe.ro\/ro\/institutul\/proiecte\/\" target=\"_blank\" class=\"button color-3 small \" style=\"border-radius: 2px;\">Vezi mai multe proiecte<\/a>[\/vc_column][\/vc_row]<\/p>\n","protected":false},"excerpt":{"rendered":"<p>[vc_row type=&#8221;full_width_section&#8221;][vc_column width=&#8221;1\/1&#8243;][vc_raw_html]JTNDc3R5bGUlM0UlMEEudG9wbmF2JTIwJTdCJTBBJTBBJTIwJTIwJTIwJTIwbGlzdC1zdHlsZSUzQW5vbmUlM0IlMEElMjAlMjAlMjAlMjBtYXJnaW4lM0EwJTNCJTBBJTIwJTIwJTIwJTIwcGFkZGluZyUzQTAlM0IlMEElMjAlMjAlMjAlMjB0ZXh0LWFsaWduJTNBY2VudGVyJTNCJTBBJTdEJTBBJTBBLnRvcG5hdiUyMGxpJTIwJTdCJTBBJTIwJTIwZGlzcGxheSUzQWlubGluZSUzQiUwQSU3RCUwQSUwQS50b3BuYXYlMjBhJTdCJTBBJTIwJTIwZGlzcGxheSUzQWlubGluZS1ibG9jayUzQiUwQSUyMCUyMGNvbG9yJTNBJTIwJTIzMDAwJTNCJTBBJTIwJTIwJTIwJTIwcGFkZGluZyUzQTE4cHglMjAzNnB4JTNCJTBBJTIwJTIwZm9udC1zaXplJTNBMTdweCUzQiUwQSU3RCUwQS50b3BuYXYlMjBhJTNBaG92ZXIlMjAlN0IlMEElMjAlMjBiYWNrZ3JvdW5kLWNvbG9yJTNBJTIwJTIzZGRkJTNCJTBBJTIwJTIwY29sb3IlM0ElMjBibGFjayUzQiUwQSU3RCUwQSUwQS50b3BuYXYlMjAuaWNvbiUyMCU3QiUwQSUyMCUyMGRpc3BsYXklM0ElMjBub25lJTNCJTBBJTdEJTBBLmFjdGl2ZSUyMCU3QiUwQSUyMCUyMCUyMCUyMGJhY2tncm91bmQtY29sb3IlM0ElMjAlMjNmN2Y3ZjclM0IlMEElMjAlMjAlMjAlMjBmb250LXdlaWdodCUzQSUyMGJvbGQlM0IlMEElN0QlMEElMEElNDBtZWRpYSUyMHNjcmVlbiUyMGFuZCUyMCUyOG1heC13aWR0aCUzQSUyMDYwMHB4JTI5JTIwJTdCJTBBJTIwJTIwLnRvcG5hdiUyMGElM0Fub3QlMjglM0FmaXJzdC1jaGlsZCUyOSUyMCU3QmRpc3BsYXklM0ElMjBub25lJTNCJTdEJTBBJTIwJTIwLnRvcG5hdiUyMGEuaWNvbiUyMCU3QiUwQSUyMCUyMCUyMCUyMGZsb2F0JTNBJTIwcmlnaHQlM0IlMEElMjAlMjAlMjAlMjBkaXNwbGF5JTNBJTIwYmxvY2slM0IlMEElMjAlMjAlN0QlMEElN0QlMEElMEElNDBtZWRpYSUyMHNjcmVlbiUyMGFuZCUyMCUyOG1heC13aWR0aCUzQSUyMDYwMHB4JTI5JTIwJTdCJTBBJTIwJTIwLnRvcG5hdi5yZXNwb25zaXZlJTIwJTdCcG9zaXRpb24lM0ElMjByZWxhdGl2ZSUzQiU3RCUwQSUyMCUyMC50b3BuYXYucmVzcG9uc2l2ZSUyMC5pY29uJTIwJTdCJTBBJTIwJTIwJTIwJTIwcG9zaXRpb24lM0ElMjBhYnNvbHV0ZSUzQiUwQSUyMCUyMCUyMCUyMHJpZ2h0JTNBJTIwMCUzQiUwQSUyMCUyMCUyMCUyMHRvcCUzQSUyMDAlM0IlMEElMjAlMjAlN0QlMEElMjAlMjAudG9wbmF2LnJlc3BvbnNpdmUlMjBhJTIwJTdCJTBBJTIwJTIwJTIwJTIwZmxvYXQlM0ElMjBub25lJTNCJTBBJTIwJTIwJTIwJTIwZGlzcGxheSUzQSUyMGJsb2NrJTNCJTBBJTIwJTIwJTIwJTIwdGV4dC1hbGlnbiUzQSUyMGxlZnQlM0IlMEElMjAlMjAlN0QlMEElMEElN0QlMEElM0MlMkZzdHlsZSUzRSUwQSUwQSUwQSUwQSUzQ2RpdiUyMGNsYXNzJTNEJTIydG9wbmF2JTIyJTIwaWQlM0QlMjJteVRvcG5hdiUyMiUzRSUwQSUyMCUyMCUzQ2ElMjBocmVmJTNEJTIyaHR0cCUzQSUyRiUyRnd3dy5pY3BlLnJvJTJGcm8lMkZ0ZXJtb2NhbiUyRiUyMiUzRUFjYXMlQzQlODMlM0MlMkZhJTNFJTBBJTIwJTIwJTNDYSUyMGhyZWYlM0QlMjJodHRwJTNBJTJGJTJGd3d3LmljcGUucm8lMkZybyUyRnRlcm1vY2FuJTJGZGVzcHJlLXByb2llY3QlMjIlM0VEZXNwcmUlMjBwcm9pZWN0JTNDJTJGYSUzRSUwQSUyMCUyMCUzQ2ElMjBocmVmJTNEJTIyaHR0cCUzQSUyRiUyRnd3dy5pY3BlLnJvJTJGcm8lMkZ0ZXJtb2NhbiUyRmNvbnNvcnRpdSUyMiUzRUNvbnNvciVDOCU5Qml1JTNDJTJGYSUzRSUwQSUyMCUyMCUzQ2ElMjBocmVmJTNEJTIyaHR0cCUzQSUyRiUyRnd3dy5pY3BlLnJvJTJGcm8lMkZ0ZXJtb2NhbiUyRmV0YXBlJTIyJTNFRXRhcGUlMkZBY3Rpdml0JUM0JTgzJUM4JTlCaSUzQyUyRmElM0UlMEElMjAlMjAlM0NhJTIwaHJlZiUzRCUyMmh0dHAlM0ElMkYlMkZ3d3cuaWNwZS5ybyUyRnJvJTJGdGVybW9jYW4lMkZub3V0YXRpJTIyJTNFTm91dCVDNCU4MyVDOCU5QmklM0MlMkZhJTNFJTBBJTIwJTIwJTNDYSUyMGhyZWYlM0QlMjJodHRwJTNBJTJGJTJGd3d3LmljcGUucm8lMkZybyUyRnRlcm1vY2FuJTJGY29udGFjdCUyMiUzRUNvbnRhY3QlM0MlMkZhJTNFJTBBJTIwJTIwJTNDbGklMjBzdHlsZSUzRCUyMmZsb2F0JTNBcmlnaHQlMjIlM0UlM0NhJTIwY2xhc3MlM0QlMjJhY3RpdmUlMjIlMjBocmVmJTNEJTIyaHR0cCUzQSUyRiUyRnd3dy5pY3BlLnJvJTJGdGVybW9jYW4lMkYlMjIlM0VFTiUzQyUyRmElM0UlM0MlMkZsaSUzRSUwQSUwQSUyMCUyMCUzQ2ElMjBocmVmJTNEJTIyamF2YXNjcmlwdCUzQXZvaWQlMjgwJTI5JTNCJTIyJTIwc3R5bGUlM0QlMjJmb250LXNpemUlM0ExNXB4JTNCJTIyJTIwY2xhc3MlM0QlMjJpY29uJTIyJTIwb25jbGljayUzRCUyMm15RnVuY3Rpb24lMjglMjklMjIlM0UlMjYlMjM5Nzc2JTNCJTNDJTJGYSUzRSUwQSUzQyUyRmRpdiUzRSUwQSUwQSUzQ3NjcmlwdCUzRSUwQWZ1bmN0aW9uJTIwbXlGdW5jdGlvbiUyOCUyOSUyMCU3QiUwQSUyMCUyMCUyMCUyMHZhciUyMHglMjAlM0QlMjBkb2N1bWVudC5nZXRFbGVtZW50QnlJZCUyOCUyMm15VG9wbmF2JTIyJTI5JTNCJTBBJTIwJTIwJTIwJTIwaWYlMjAlMjh4LmNsYXNzTmFtZSUyMCUzRCUzRCUzRCUyMCUyMnRvcG5hdiUyMiUyOSUyMCU3QiUwQSUyMCUyMCUyMCUyMCUyMCUyMCUyMCUyMHguY2xhc3NOYW1lJTIwJTJCJTNEJTIwJTIyJTIwcmVzcG9uc2l2ZSUyMiUzQiUwQSUyMCUyMCUyMCUyMCU3RCUyMGVsc2UlMjAlN0IlMEElMjAlMjAlMjAlMjAlMjAlMjAlMjAlMjB4LmNsYXNzTmFtZSUyMCUzRCUyMCUyMnRvcG5hdiUyMiUzQiUwQSUyMCUyMCUyMCUyMCU3RCUwQSU3RCUwQSUzQyUyRnNjcmlwdCUzRSUwQQ==[\/vc_raw_html][\/vc_column][\/vc_row][vc_row][vc_column width=&#8221;1\/1&#8243;][\/vc_column][\/vc_row][vc_row][vc_column][vc_column_text] [\/vc_column_text][\/vc_column][\/vc_row][vc_row bg_color=&#8221;#efefef&#8221; top_padding=&#8221;20&#8243; bottom_padding=&#8221;20&#8243;][vc_column width=&#8221;1\/1&#8243;][\/vc_column][\/vc_row][vc_row][vc_column][vc_column_text] [\/vc_column_text][\/vc_column][\/vc_row][vc_row top_padding=&#8221;40&#8243; bottom_padding=&#8221;20&#8243;][vc_column width=&#8221;1\/2&#8243;][vc_column_text]Septembrie 2018: A fost finalizat\u0103 etapa a III-a a proiectului, ultima etap\u0103 a proiectului; conform rezultatelor ob\u0163inute \u00een urma activit\u0103\u0163ilor specifice etapei a III-a, putem afirma c\u0103 prototipul TERMOCAN a fost proiectat, realizat \u015fi s-a dovedit func\u0163ional \u00een urma test\u0103rii \u00eentr-un mediu de testare apropiat de cel real (TRL 6). Proiectul \u201eTermosutien pentru detec\u0163ia \u015fi localizarea cancerului de s\u00e2n\u201d este un proiect colaborativ, un proiect cu rezultate deosebite ob\u0163inute de c\u0103tre partenerii de proiect, ICPE, Universitatea Politehnica din Bucure\u015fti \u015fi Universitatea de Medicin\u0103 \u015fi Farmacie \u201eIuliu Ha\u0163ieganu&#8221; din Cluj-Napoca. ICPE, prin echipa sa de cercetare de elit\u0103, a realizat cu succes, utiliz\u00e2nd tehnologii moderne precum scanarea \u015fi printarea 3D, prototipurile termosutienelor de avertizare timpurie a cancerului mamar, de uz personal, \u015fi a dispozitivului medical de detec\u021bie \u0219i localizare a pozi\u021biei posibilului nodul canceros. Remarcabil este de asemenea \u015fi succesul ob\u0163inut de c\u0103tre echipa de cercetare a Universit\u0103\u0163ii Politehnica din Bucure\u015fti care a realizat software-ul de detec\u021bie \u015fi localizare a nodulilor cancerigeni. Nu \u00een ultimul r\u00e2nd, Universitatea de Medicin\u0103 \u015fi Farmacie \u201eIuliu Ha\u0163ieganu&#8221; din Cluj-Napoca \u015fi-a adus o contribu\u0163ie remarcabil\u0103 prin valorificarea experien\u0163ei deceniilor de activitate \u00een domeniul imagisticii [&hellip;]<\/p>\n","protected":false},"author":1,"featured_media":0,"parent":19372,"menu_order":252,"comment_status":"closed","ping_status":"closed","template":"","meta":[],"folder":[49],"_links":{"self":[{"href":"http:\/\/www.icpe.ro\/ro\/wp-json\/wp\/v2\/pages\/19379"}],"collection":[{"href":"http:\/\/www.icpe.ro\/ro\/wp-json\/wp\/v2\/pages"}],"about":[{"href":"http:\/\/www.icpe.ro\/ro\/wp-json\/wp\/v2\/types\/page"}],"author":[{"embeddable":true,"href":"http:\/\/www.icpe.ro\/ro\/wp-json\/wp\/v2\/users\/1"}],"replies":[{"embeddable":true,"href":"http:\/\/www.icpe.ro\/ro\/wp-json\/wp\/v2\/comments?post=19379"}],"version-history":[{"count":0,"href":"http:\/\/www.icpe.ro\/ro\/wp-json\/wp\/v2\/pages\/19379\/revisions"}],"up":[{"embeddable":true,"href":"http:\/\/www.icpe.ro\/ro\/wp-json\/wp\/v2\/pages\/19372"}],"wp:attachment":[{"href":"http:\/\/www.icpe.ro\/ro\/wp-json\/wp\/v2\/media?parent=19379"}],"wp:term":[{"taxonomy":"folder","embeddable":true,"href":"http:\/\/www.icpe.ro\/ro\/wp-json\/wp\/v2\/folder?post=19379"}],"curies":[{"name":"wp","href":"https:\/\/api.w.org\/{rel}","templated":true}]}}