{"id":19375,"date":"2018-01-10T10:58:57","date_gmt":"2018-01-10T07:58:57","guid":{"rendered":"http:\/\/www.icpe.ro\/ro\/?page_id=19375"},"modified":"2018-03-16T08:51:04","modified_gmt":"2018-03-16T05:51:04","slug":"despre-proiect","status":"publish","type":"page","link":"http:\/\/www.icpe.ro\/ro\/termocan\/despre-proiect\/","title":{"rendered":"Despre proiect"},"content":{"rendered":"<p>[vc_row type=&#8221;full_width_section&#8221;][vc_column width=&#8221;1\/1&#8243;][vc_raw_html]JTNDc3R5bGUlM0UlMEEudG9wbmF2JTIwJTdCJTBBJTBBJTIwJTIwJTIwJTIwbGlzdC1zdHlsZSUzQW5vbmUlM0IlMEElMjAlMjAlMjAlMjBtYXJnaW4lM0EwJTNCJTBBJTIwJTIwJTIwJTIwcGFkZGluZyUzQTAlM0IlMEElMjAlMjAlMjAlMjB0ZXh0LWFsaWduJTNBY2VudGVyJTNCJTBBJTdEJTBBJTBBLnRvcG5hdiUyMGxpJTIwJTdCJTBBJTIwJTIwZGlzcGxheSUzQWlubGluZSUzQiUwQSU3RCUwQSUwQS50b3BuYXYlMjBhJTdCJTBBJTIwJTIwZGlzcGxheSUzQWlubGluZS1ibG9jayUzQiUwQSUyMCUyMGNvbG9yJTNBJTIwJTIzMDAwJTNCJTBBJTIwJTIwJTIwJTIwcGFkZGluZyUzQTE4cHglMjAzNnB4JTNCJTBBJTIwJTIwZm9udC1zaXplJTNBMTdweCUzQiUwQSU3RCUwQS50b3BuYXYlMjBhJTNBaG92ZXIlMjAlN0IlMEElMjAlMjBiYWNrZ3JvdW5kLWNvbG9yJTNBJTIwJTIzZGRkJTNCJTBBJTIwJTIwY29sb3IlM0ElMjBibGFjayUzQiUwQSU3RCUwQSUwQS50b3BuYXYlMjAuaWNvbiUyMCU3QiUwQSUyMCUyMGRpc3BsYXklM0ElMjBub25lJTNCJTBBJTdEJTBBLmFjdGl2ZSUyMCU3QiUwQSUyMCUyMCUyMCUyMGJhY2tncm91bmQtY29sb3IlM0ElMjAlMjNmN2Y3ZjclM0IlMEElMjAlMjAlMjAlMjBmb250LXdlaWdodCUzQSUyMGJvbGQlM0IlMEElN0QlMEElMEElNDBtZWRpYSUyMHNjcmVlbiUyMGFuZCUyMCUyOG1heC13aWR0aCUzQSUyMDYwMHB4JTI5JTIwJTdCJTBBJTIwJTIwLnRvcG5hdiUyMGElM0Fub3QlMjglM0FmaXJzdC1jaGlsZCUyOSUyMCU3QmRpc3BsYXklM0ElMjBub25lJTNCJTdEJTBBJTIwJTIwLnRvcG5hdiUyMGEuaWNvbiUyMCU3QiUwQSUyMCUyMCUyMCUyMGZsb2F0JTNBJTIwcmlnaHQlM0IlMEElMjAlMjAlMjAlMjBkaXNwbGF5JTNBJTIwYmxvY2slM0IlMEElMjAlMjAlN0QlMEElN0QlMEElMEElNDBtZWRpYSUyMHNjcmVlbiUyMGFuZCUyMCUyOG1heC13aWR0aCUzQSUyMDYwMHB4JTI5JTIwJTdCJTBBJTIwJTIwLnRvcG5hdi5yZXNwb25zaXZlJTIwJTdCcG9zaXRpb24lM0ElMjByZWxhdGl2ZSUzQiU3RCUwQSUyMCUyMC50b3BuYXYucmVzcG9uc2l2ZSUyMC5pY29uJTIwJTdCJTBBJTIwJTIwJTIwJTIwcG9zaXRpb24lM0ElMjBhYnNvbHV0ZSUzQiUwQSUyMCUyMCUyMCUyMHJpZ2h0JTNBJTIwMCUzQiUwQSUyMCUyMCUyMCUyMHRvcCUzQSUyMDAlM0IlMEElMjAlMjAlN0QlMEElMjAlMjAudG9wbmF2LnJlc3BvbnNpdmUlMjBhJTIwJTdCJTBBJTIwJTIwJTIwJTIwZmxvYXQlM0ElMjBub25lJTNCJTBBJTIwJTIwJTIwJTIwZGlzcGxheSUzQSUyMGJsb2NrJTNCJTBBJTIwJTIwJTIwJTIwdGV4dC1hbGlnbiUzQSUyMGxlZnQlM0IlMEElMjAlMjAlN0QlMEElMEElN0QlMEElM0MlMkZzdHlsZSUzRSUwQSUwQSUwQSUwQSUzQ2RpdiUyMGNsYXNzJTNEJTIydG9wbmF2JTIyJTIwaWQlM0QlMjJteVRvcG5hdiUyMiUzRSUwQSUyMCUyMCUzQ2ElMjBocmVmJTNEJTIyaHR0cCUzQSUyRiUyRnd3dy5pY3BlLnJvJTJGcm8lMkZ0ZXJtb2NhbiUyRiUyMiUzRUFjYXMlQzQlODMlM0MlMkZhJTNFJTBBJTIwJTIwJTNDYSUyMGhyZWYlM0QlMjJodHRwJTNBJTJGJTJGd3d3LmljcGUucm8lMkZybyUyRnRlcm1vY2FuJTJGZGVzcHJlLXByb2llY3QlMjIlM0VEZXNwcmUlMjBwcm9pZWN0JTNDJTJGYSUzRSUwQSUyMCUyMCUzQ2ElMjBocmVmJTNEJTIyaHR0cCUzQSUyRiUyRnd3dy5pY3BlLnJvJTJGcm8lMkZ0ZXJtb2NhbiUyRmNvbnNvcnRpdSUyMiUzRUNvbnNvciVDOCU5Qml1JTNDJTJGYSUzRSUwQSUyMCUyMCUzQ2ElMjBocmVmJTNEJTIyaHR0cCUzQSUyRiUyRnd3dy5pY3BlLnJvJTJGcm8lMkZ0ZXJtb2NhbiUyRmV0YXBlJTIyJTNFRXRhcGUlMkZBY3Rpdml0JUM0JTgzJUM4JTlCaSUzQyUyRmElM0UlMEElMjAlMjAlM0NhJTIwaHJlZiUzRCUyMmh0dHAlM0ElMkYlMkZ3d3cuaWNwZS5ybyUyRnJvJTJGdGVybW9jYW4lMkZub3V0YXRpJTIyJTNFTm91dCVDNCU4MyVDOCU5QmklM0MlMkZhJTNFJTBBJTIwJTIwJTNDYSUyMGhyZWYlM0QlMjJodHRwJTNBJTJGJTJGd3d3LmljcGUucm8lMkZybyUyRnRlcm1vY2FuJTJGY29udGFjdCUyMiUzRUNvbnRhY3QlM0MlMkZhJTNFJTBBJTIwJTIwJTNDbGklMjBzdHlsZSUzRCUyMmZsb2F0JTNBcmlnaHQlMjIlM0UlM0NhJTIwY2xhc3MlM0QlMjJhY3RpdmUlMjIlMjBocmVmJTNEJTIyaHR0cCUzQSUyRiUyRnd3dy5pY3BlLnJvJTJGdGVybW9jYW4lMkYlMjIlM0VFTiUzQyUyRmElM0UlM0MlMkZsaSUzRSUwQSUyMCUyMCUzQ2ElMjBocmVmJTNEJTIyamF2YXNjcmlwdCUzQXZvaWQlMjgwJTI5JTNCJTIyJTIwc3R5bGUlM0QlMjJmb250LXNpemUlM0ExNXB4JTNCJTIyJTIwY2xhc3MlM0QlMjJpY29uJTIyJTIwb25jbGljayUzRCUyMm15RnVuY3Rpb24lMjglMjklMjIlM0UlMjYlMjM5Nzc2JTNCJTNDJTJGYSUzRSUwQSUzQyUyRmRpdiUzRSUwQSUwQSUzQ3NjcmlwdCUzRSUwQWZ1bmN0aW9uJTIwbXlGdW5jdGlvbiUyOCUyOSUyMCU3QiUwQSUyMCUyMCUyMCUyMHZhciUyMHglMjAlM0QlMjBkb2N1bWVudC5nZXRFbGVtZW50QnlJZCUyOCUyMm15VG9wbmF2JTIyJTI5JTNCJTBBJTIwJTIwJTIwJTIwaWYlMjAlMjh4LmNsYXNzTmFtZSUyMCUzRCUzRCUzRCUyMCUyMnRvcG5hdiUyMiUyOSUyMCU3QiUwQSUyMCUyMCUyMCUyMCUyMCUyMCUyMCUyMHguY2xhc3NOYW1lJTIwJTJCJTNEJTIwJTIyJTIwcmVzcG9uc2l2ZSUyMiUzQiUwQSUyMCUyMCUyMCUyMCU3RCUyMGVsc2UlMjAlN0IlMEElMjAlMjAlMjAlMjAlMjAlMjAlMjAlMjB4LmNsYXNzTmFtZSUyMCUzRCUyMCUyMnRvcG5hdiUyMiUzQiUwQSUyMCUyMCUyMCUyMCU3RCUwQSU3RCUwQSUzQyUyRnNjcmlwdCUzRSUwQQ==[\/vc_raw_html][\/vc_column][\/vc_row][vc_row][vc_column width=&#8221;1\/1&#8243;]<div class=\"single_image wpb_content_element align-center    \" data-animation=\"none\" data-delay=\"0\"><\/div>[\/vc_column][\/vc_row][vc_row bg_color=&#8221;#efefef&#8221; top_padding=&#8221;20&#8243; bottom_padding=&#8221;20&#8243;][vc_column width=&#8221;1\/1&#8243;]<h1 class=\"headline font-inherit fontsize-m fontweight-700 lh-inherit align-center transform-uppercase \" style=\"margin: 0 0 0 0;\">Despre proiect<\/h1>[\/vc_column][\/vc_row][vc_row][vc_column width=&#8221;1\/1&#8243;]<div class=\"spacer\" style=\"height: 40px;\"><\/div>[\/vc_column][\/vc_row][vc_row][vc_column width=&#8221;1\/2&#8243;][vc_column_text]<strong>Scopul proiectului<\/strong>\u00a0este de a dezvolta fabricarea de termosutiene pentru detec\u021bia \u0219i localizarea cancerului de s\u00e2n, un serviciu nou, semnificativ \u00eembun\u0103t\u0103\u021bit, \u00een domeniul oncologiei.<\/p>\n<p><strong>Obiectivele specifice proiectului sunt:<\/strong><\/p>\n<ul>\n<li>Prototipuri de termosutiene<\/li>\n<li>Definitivare software de detec\u021bie \u015fi localizare a cancerului de s\u00e2n<\/li>\n<li>Sistem de testare a termosutienului pe modele<\/li>\n<li>Raportarea rezultatelor \u00een reviste \u015fi conferin\u021be de prestigiu<\/li>\n<\/ul>\n<p>Construirea termosutienului presupune solu\u021bionarea unor probleme tehnologice importante:<\/p>\n<p>a) Realizarea cupelor rigide<br \/>\nb) Re\u021beaua de senzori<br \/>\nc) Sistem de achizi\u021bii si stocare date<br \/>\nd) Realizarea modelului pentru testarea termosutienului<\/p>\n<p>\u00cen cadrul proiectului se vor elabora programe de prelucrare a datelor culese \u0219i programe de detec\u021bie a loca\u021biei \u0219i dimensiunilor tumorii.[\/vc_column_text][\/vc_column][vc_column width=&#8221;1\/2&#8243;][vc_column_text]TERMOCAN este un proiect finan\u021bat de c\u0103tre\u00a0<a href=\"http:\/\/uefiscdi.gov.ro\/\">UEFISCDI<\/a>\u00a0prin programul P2 &#8211; Cre\u0219terea competitivit\u0103\u021bii economiei rom\u00e2ne\u0219ti prin CDI, subprogramul Transfer la operatorul economic.<\/p>\n<p>Proiectul se desf\u0103\u0219oar\u0103 \u00een perioada 06 octombrie 2016 \u2013 28 septembrie 2018.[\/vc_column_text][\/vc_column][\/vc_row][vc_row][vc_column width=&#8221;1\/1&#8243;]<div class=\"spacer\" style=\"height: 40px;\"><\/div>[\/vc_column][\/vc_row][vc_row][vc_column][vc_column_text]<br \/>\n[\/vc_column_text][\/vc_column][\/vc_row][vc_row bg_color=&#8221;#262626&#8243; top_padding=&#8221;70&#8243; bottom_padding=&#8221;70&#8243; bg_type=&#8221;bg_color&#8221;][vc_column width=&#8221;1\/2&#8243;][vc_column_text]\u00a9 Icpe | Tehnologii pentru dezvoltare durabil\u0103<br \/>\n<a href=\"http:\/\/www.icpe.ro\/ro\/termeni\" target=\"_blank\" rel=\"noopener\">Termeni \u0219i Condi\u021bii<\/a>[\/vc_column_text][\/vc_column][vc_column text_align=&#8221;center&#8221; width=&#8221;1\/2&#8243;]<a href=\"http:\/\/www.icpe.ro\/ro\/institutul\/proiecte\/\" target=\"_blank\" class=\"button color-3 small \" style=\"border-radius: 2px;\">Vezi mai multe proiecte<\/a>[\/vc_column][\/vc_row]<\/p>\n","protected":false},"excerpt":{"rendered":"<p>[vc_row type=&#8221;full_width_section&#8221;][vc_column width=&#8221;1\/1&#8243;][vc_raw_html]JTNDc3R5bGUlM0UlMEEudG9wbmF2JTIwJTdCJTBBJTBBJTIwJTIwJTIwJTIwbGlzdC1zdHlsZSUzQW5vbmUlM0IlMEElMjAlMjAlMjAlMjBtYXJnaW4lM0EwJTNCJTBBJTIwJTIwJTIwJTIwcGFkZGluZyUzQTAlM0IlMEElMjAlMjAlMjAlMjB0ZXh0LWFsaWduJTNBY2VudGVyJTNCJTBBJTdEJTBBJTBBLnRvcG5hdiUyMGxpJTIwJTdCJTBBJTIwJTIwZGlzcGxheSUzQWlubGluZSUzQiUwQSU3RCUwQSUwQS50b3BuYXYlMjBhJTdCJTBBJTIwJTIwZGlzcGxheSUzQWlubGluZS1ibG9jayUzQiUwQSUyMCUyMGNvbG9yJTNBJTIwJTIzMDAwJTNCJTBBJTIwJTIwJTIwJTIwcGFkZGluZyUzQTE4cHglMjAzNnB4JTNCJTBBJTIwJTIwZm9udC1zaXplJTNBMTdweCUzQiUwQSU3RCUwQS50b3BuYXYlMjBhJTNBaG92ZXIlMjAlN0IlMEElMjAlMjBiYWNrZ3JvdW5kLWNvbG9yJTNBJTIwJTIzZGRkJTNCJTBBJTIwJTIwY29sb3IlM0ElMjBibGFjayUzQiUwQSU3RCUwQSUwQS50b3BuYXYlMjAuaWNvbiUyMCU3QiUwQSUyMCUyMGRpc3BsYXklM0ElMjBub25lJTNCJTBBJTdEJTBBLmFjdGl2ZSUyMCU3QiUwQSUyMCUyMCUyMCUyMGJhY2tncm91bmQtY29sb3IlM0ElMjAlMjNmN2Y3ZjclM0IlMEElMjAlMjAlMjAlMjBmb250LXdlaWdodCUzQSUyMGJvbGQlM0IlMEElN0QlMEElMEElNDBtZWRpYSUyMHNjcmVlbiUyMGFuZCUyMCUyOG1heC13aWR0aCUzQSUyMDYwMHB4JTI5JTIwJTdCJTBBJTIwJTIwLnRvcG5hdiUyMGElM0Fub3QlMjglM0FmaXJzdC1jaGlsZCUyOSUyMCU3QmRpc3BsYXklM0ElMjBub25lJTNCJTdEJTBBJTIwJTIwLnRvcG5hdiUyMGEuaWNvbiUyMCU3QiUwQSUyMCUyMCUyMCUyMGZsb2F0JTNBJTIwcmlnaHQlM0IlMEElMjAlMjAlMjAlMjBkaXNwbGF5JTNBJTIwYmxvY2slM0IlMEElMjAlMjAlN0QlMEElN0QlMEElMEElNDBtZWRpYSUyMHNjcmVlbiUyMGFuZCUyMCUyOG1heC13aWR0aCUzQSUyMDYwMHB4JTI5JTIwJTdCJTBBJTIwJTIwLnRvcG5hdi5yZXNwb25zaXZlJTIwJTdCcG9zaXRpb24lM0ElMjByZWxhdGl2ZSUzQiU3RCUwQSUyMCUyMC50b3BuYXYucmVzcG9uc2l2ZSUyMC5pY29uJTIwJTdCJTBBJTIwJTIwJTIwJTIwcG9zaXRpb24lM0ElMjBhYnNvbHV0ZSUzQiUwQSUyMCUyMCUyMCUyMHJpZ2h0JTNBJTIwMCUzQiUwQSUyMCUyMCUyMCUyMHRvcCUzQSUyMDAlM0IlMEElMjAlMjAlN0QlMEElMjAlMjAudG9wbmF2LnJlc3BvbnNpdmUlMjBhJTIwJTdCJTBBJTIwJTIwJTIwJTIwZmxvYXQlM0ElMjBub25lJTNCJTBBJTIwJTIwJTIwJTIwZGlzcGxheSUzQSUyMGJsb2NrJTNCJTBBJTIwJTIwJTIwJTIwdGV4dC1hbGlnbiUzQSUyMGxlZnQlM0IlMEElMjAlMjAlN0QlMEElMEElN0QlMEElM0MlMkZzdHlsZSUzRSUwQSUwQSUwQSUwQSUzQ2RpdiUyMGNsYXNzJTNEJTIydG9wbmF2JTIyJTIwaWQlM0QlMjJteVRvcG5hdiUyMiUzRSUwQSUyMCUyMCUzQ2ElMjBocmVmJTNEJTIyaHR0cCUzQSUyRiUyRnd3dy5pY3BlLnJvJTJGcm8lMkZ0ZXJtb2NhbiUyRiUyMiUzRUFjYXMlQzQlODMlM0MlMkZhJTNFJTBBJTIwJTIwJTNDYSUyMGhyZWYlM0QlMjJodHRwJTNBJTJGJTJGd3d3LmljcGUucm8lMkZybyUyRnRlcm1vY2FuJTJGZGVzcHJlLXByb2llY3QlMjIlM0VEZXNwcmUlMjBwcm9pZWN0JTNDJTJGYSUzRSUwQSUyMCUyMCUzQ2ElMjBocmVmJTNEJTIyaHR0cCUzQSUyRiUyRnd3dy5pY3BlLnJvJTJGcm8lMkZ0ZXJtb2NhbiUyRmNvbnNvcnRpdSUyMiUzRUNvbnNvciVDOCU5Qml1JTNDJTJGYSUzRSUwQSUyMCUyMCUzQ2ElMjBocmVmJTNEJTIyaHR0cCUzQSUyRiUyRnd3dy5pY3BlLnJvJTJGcm8lMkZ0ZXJtb2NhbiUyRmV0YXBlJTIyJTNFRXRhcGUlMkZBY3Rpdml0JUM0JTgzJUM4JTlCaSUzQyUyRmElM0UlMEElMjAlMjAlM0NhJTIwaHJlZiUzRCUyMmh0dHAlM0ElMkYlMkZ3d3cuaWNwZS5ybyUyRnJvJTJGdGVybW9jYW4lMkZub3V0YXRpJTIyJTNFTm91dCVDNCU4MyVDOCU5QmklM0MlMkZhJTNFJTBBJTIwJTIwJTNDYSUyMGhyZWYlM0QlMjJodHRwJTNBJTJGJTJGd3d3LmljcGUucm8lMkZybyUyRnRlcm1vY2FuJTJGY29udGFjdCUyMiUzRUNvbnRhY3QlM0MlMkZhJTNFJTBBJTIwJTIwJTNDbGklMjBzdHlsZSUzRCUyMmZsb2F0JTNBcmlnaHQlMjIlM0UlM0NhJTIwY2xhc3MlM0QlMjJhY3RpdmUlMjIlMjBocmVmJTNEJTIyaHR0cCUzQSUyRiUyRnd3dy5pY3BlLnJvJTJGdGVybW9jYW4lMkYlMjIlM0VFTiUzQyUyRmElM0UlM0MlMkZsaSUzRSUwQSUyMCUyMCUzQ2ElMjBocmVmJTNEJTIyamF2YXNjcmlwdCUzQXZvaWQlMjgwJTI5JTNCJTIyJTIwc3R5bGUlM0QlMjJmb250LXNpemUlM0ExNXB4JTNCJTIyJTIwY2xhc3MlM0QlMjJpY29uJTIyJTIwb25jbGljayUzRCUyMm15RnVuY3Rpb24lMjglMjklMjIlM0UlMjYlMjM5Nzc2JTNCJTNDJTJGYSUzRSUwQSUzQyUyRmRpdiUzRSUwQSUwQSUzQ3NjcmlwdCUzRSUwQWZ1bmN0aW9uJTIwbXlGdW5jdGlvbiUyOCUyOSUyMCU3QiUwQSUyMCUyMCUyMCUyMHZhciUyMHglMjAlM0QlMjBkb2N1bWVudC5nZXRFbGVtZW50QnlJZCUyOCUyMm15VG9wbmF2JTIyJTI5JTNCJTBBJTIwJTIwJTIwJTIwaWYlMjAlMjh4LmNsYXNzTmFtZSUyMCUzRCUzRCUzRCUyMCUyMnRvcG5hdiUyMiUyOSUyMCU3QiUwQSUyMCUyMCUyMCUyMCUyMCUyMCUyMCUyMHguY2xhc3NOYW1lJTIwJTJCJTNEJTIwJTIyJTIwcmVzcG9uc2l2ZSUyMiUzQiUwQSUyMCUyMCUyMCUyMCU3RCUyMGVsc2UlMjAlN0IlMEElMjAlMjAlMjAlMjAlMjAlMjAlMjAlMjB4LmNsYXNzTmFtZSUyMCUzRCUyMCUyMnRvcG5hdiUyMiUzQiUwQSUyMCUyMCUyMCUyMCU3RCUwQSU3RCUwQSUzQyUyRnNjcmlwdCUzRSUwQQ==[\/vc_raw_html][\/vc_column][\/vc_row][vc_row][vc_column width=&#8221;1\/1&#8243;][\/vc_column][\/vc_row][vc_row bg_color=&#8221;#efefef&#8221; top_padding=&#8221;20&#8243; bottom_padding=&#8221;20&#8243;][vc_column width=&#8221;1\/1&#8243;][\/vc_column][\/vc_row][vc_row][vc_column width=&#8221;1\/1&#8243;][\/vc_column][\/vc_row][vc_row][vc_column width=&#8221;1\/2&#8243;][vc_column_text]Scopul proiectului\u00a0este de a dezvolta fabricarea de termosutiene pentru detec\u021bia \u0219i localizarea cancerului de s\u00e2n, un serviciu nou, semnificativ \u00eembun\u0103t\u0103\u021bit, \u00een domeniul oncologiei. Obiectivele specifice proiectului sunt: Prototipuri de termosutiene Definitivare software de detec\u021bie \u015fi localizare a cancerului de s\u00e2n Sistem de testare a termosutienului pe modele Raportarea rezultatelor \u00een reviste \u015fi conferin\u021be de prestigiu Construirea termosutienului presupune solu\u021bionarea unor probleme tehnologice importante: a) Realizarea cupelor rigide b) Re\u021beaua de senzori c) Sistem de achizi\u021bii si stocare date d) Realizarea modelului pentru testarea termosutienului \u00cen cadrul proiectului se vor elabora programe de prelucrare a datelor culese \u0219i programe de detec\u021bie a loca\u021biei \u0219i dimensiunilor tumorii.[\/vc_column_text][\/vc_column][vc_column width=&#8221;1\/2&#8243;][vc_column_text]TERMOCAN este un proiect finan\u021bat de c\u0103tre\u00a0UEFISCDI\u00a0prin programul P2 &#8211; Cre\u0219terea competitivit\u0103\u021bii economiei rom\u00e2ne\u0219ti prin CDI, subprogramul Transfer la operatorul economic. Proiectul se desf\u0103\u0219oar\u0103 \u00een perioada 06 octombrie 2016 \u2013 28 septembrie 2018.[\/vc_column_text][\/vc_column][\/vc_row][vc_row][vc_column width=&#8221;1\/1&#8243;][\/vc_column][\/vc_row][vc_row][vc_column][vc_column_text] [\/vc_column_text][\/vc_column][\/vc_row][vc_row bg_color=&#8221;#262626&#8243; top_padding=&#8221;70&#8243; bottom_padding=&#8221;70&#8243; bg_type=&#8221;bg_color&#8221;][vc_column width=&#8221;1\/2&#8243;][vc_column_text]\u00a9 Icpe | Tehnologii pentru dezvoltare durabil\u0103 Termeni \u0219i Condi\u021bii[\/vc_column_text][\/vc_column][vc_column text_align=&#8221;center&#8221; width=&#8221;1\/2&#8243;][\/vc_column][\/vc_row]<\/p>\n","protected":false},"author":1,"featured_media":0,"parent":19372,"menu_order":99,"comment_status":"closed","ping_status":"closed","template":"","meta":[],"folder":[49],"_links":{"self":[{"href":"http:\/\/www.icpe.ro\/ro\/wp-json\/wp\/v2\/pages\/19375"}],"collection":[{"href":"http:\/\/www.icpe.ro\/ro\/wp-json\/wp\/v2\/pages"}],"about":[{"href":"http:\/\/www.icpe.ro\/ro\/wp-json\/wp\/v2\/types\/page"}],"author":[{"embeddable":true,"href":"http:\/\/www.icpe.ro\/ro\/wp-json\/wp\/v2\/users\/1"}],"replies":[{"embeddable":true,"href":"http:\/\/www.icpe.ro\/ro\/wp-json\/wp\/v2\/comments?post=19375"}],"version-history":[{"count":0,"href":"http:\/\/www.icpe.ro\/ro\/wp-json\/wp\/v2\/pages\/19375\/revisions"}],"up":[{"embeddable":true,"href":"http:\/\/www.icpe.ro\/ro\/wp-json\/wp\/v2\/pages\/19372"}],"wp:attachment":[{"href":"http:\/\/www.icpe.ro\/ro\/wp-json\/wp\/v2\/media?parent=19375"}],"wp:term":[{"taxonomy":"folder","embeddable":true,"href":"http:\/\/www.icpe.ro\/ro\/wp-json\/wp\/v2\/folder?post=19375"}],"curies":[{"name":"wp","href":"https:\/\/api.w.org\/{rel}","templated":true}]}}