{"id":19345,"date":"2017-12-12T13:51:58","date_gmt":"2017-12-12T10:51:58","guid":{"rendered":"http:\/\/www.icpe.ro\/ro\/?page_id=19345"},"modified":"2018-04-25T11:51:59","modified_gmt":"2018-04-25T08:51:59","slug":"etape","status":"publish","type":"page","link":"http:\/\/www.icpe.ro\/ro\/strauss\/etape\/","title":{"rendered":"Etape\/Activit\u0103\u021bi"},"content":{"rendered":"<p>[vc_row type=&#8221;full_width_section&#8221;][vc_column width=&#8221;1\/1&#8243;][vc_raw_html]JTNDc3R5bGUlM0UlMEEudG9wbmF2JTIwJTdCJTBBJTBBJTIwJTIwJTIwJTIwbGlzdC1zdHlsZSUzQW5vbmUlM0IlMEElMjAlMjAlMjAlMjBtYXJnaW4lM0EwJTNCJTBBJTIwJTIwJTIwJTIwcGFkZGluZyUzQTAlM0IlMEElMjAlMjAlMjAlMjB0ZXh0LWFsaWduJTNBY2VudGVyJTNCJTBBJTdEJTBBJTBBLnRvcG5hdiUyMGxpJTIwJTdCJTBBJTIwJTIwZGlzcGxheSUzQWlubGluZSUzQiUwQSU3RCUwQSUwQS50b3BuYXYlMjBhJTdCJTBBJTIwJTIwZGlzcGxheSUzQWlubGluZS1ibG9jayUzQiUwQSUyMCUyMGNvbG9yJTNBJTIwJTIzMDAwJTNCJTBBJTIwJTIwJTIwJTIwcGFkZGluZyUzQTE4cHglMjAzNnB4JTNCJTBBJTIwJTIwZm9udC1zaXplJTNBMTdweCUzQiUwQSU3RCUwQS50b3BuYXYlMjBhJTNBaG92ZXIlMjAlN0IlMEElMjAlMjBiYWNrZ3JvdW5kLWNvbG9yJTNBJTIwJTIzZGRkJTNCJTBBJTIwJTIwY29sb3IlM0ElMjBibGFjayUzQiUwQSU3RCUwQSUwQS50b3BuYXYlMjAuaWNvbiUyMCU3QiUwQSUyMCUyMGRpc3BsYXklM0ElMjBub25lJTNCJTBBJTdEJTBBLmFjdGl2ZSUyMCU3QiUwQSUyMCUyMCUyMCUyMGJhY2tncm91bmQtY29sb3IlM0ElMjAlMjNmN2Y3ZjclM0IlMEElMjAlMjAlMjAlMjBmb250LXdlaWdodCUzQSUyMGJvbGQlM0IlMEElN0QlMEElMEElNDBtZWRpYSUyMHNjcmVlbiUyMGFuZCUyMCUyOG1heC13aWR0aCUzQSUyMDYwMHB4JTI5JTIwJTdCJTBBJTIwJTIwLnRvcG5hdiUyMGElM0Fub3QlMjglM0FmaXJzdC1jaGlsZCUyOSUyMCU3QmRpc3BsYXklM0ElMjBub25lJTNCJTdEJTBBJTIwJTIwLnRvcG5hdiUyMGEuaWNvbiUyMCU3QiUwQSUyMCUyMCUyMCUyMGZsb2F0JTNBJTIwcmlnaHQlM0IlMEElMjAlMjAlMjAlMjBkaXNwbGF5JTNBJTIwYmxvY2slM0IlMEElMjAlMjAlN0QlMEElN0QlMEElMEElNDBtZWRpYSUyMHNjcmVlbiUyMGFuZCUyMCUyOG1heC13aWR0aCUzQSUyMDYwMHB4JTI5JTIwJTdCJTBBJTIwJTIwLnRvcG5hdi5yZXNwb25zaXZlJTIwJTdCcG9zaXRpb24lM0ElMjByZWxhdGl2ZSUzQiU3RCUwQSUyMCUyMC50b3BuYXYucmVzcG9uc2l2ZSUyMC5pY29uJTIwJTdCJTBBJTIwJTIwJTIwJTIwcG9zaXRpb24lM0ElMjBhYnNvbHV0ZSUzQiUwQSUyMCUyMCUyMCUyMHJpZ2h0JTNBJTIwMCUzQiUwQSUyMCUyMCUyMCUyMHRvcCUzQSUyMDAlM0IlMEElMjAlMjAlN0QlMEElMjAlMjAudG9wbmF2LnJlc3BvbnNpdmUlMjBhJTIwJTdCJTBBJTIwJTIwJTIwJTIwZmxvYXQlM0ElMjBub25lJTNCJTBBJTIwJTIwJTIwJTIwZGlzcGxheSUzQSUyMGJsb2NrJTNCJTBBJTIwJTIwJTIwJTIwdGV4dC1hbGlnbiUzQSUyMGxlZnQlM0IlMEElMjAlMjAlN0QlMEElMEElN0QlMEElM0MlMkZzdHlsZSUzRSUwQSUwQSUwQSUwQSUzQ2RpdiUyMGNsYXNzJTNEJTIydG9wbmF2JTIyJTIwaWQlM0QlMjJteVRvcG5hdiUyMiUzRSUwQSUyMCUyMCUzQ2ElMjBocmVmJTNEJTIyaHR0cCUzQSUyRiUyRnd3dy5pY3BlLnJvJTJGcm8lMkZzdHJhdXNzJTJGJTIyJTNFQWNhcyVDNCU4MyUzQyUyRmElM0UlMEElMjAlMjAlM0NhJTIwaHJlZiUzRCUyMmh0dHAlM0ElMkYlMkZ3d3cuaWNwZS5ybyUyRnJvJTJGc3RyYXVzcyUyRmRlc3ByZS1wcm9pZWN0JTIyJTNFRGVzcHJlJTIwcHJvaWVjdCUzQyUyRmElM0UlMEElMjAlMjAlM0NhJTIwaHJlZiUzRCUyMmh0dHAlM0ElMkYlMkZ3d3cuaWNwZS5ybyUyRnJvJTJGc3RyYXVzcyUyRmNvbnNvcnRpdSUyMiUzRUNvbnNvciVDOCU5Qml1JTNDJTJGYSUzRSUwQSUyMCUyMCUzQ2ElMjBocmVmJTNEJTIyaHR0cCUzQSUyRiUyRnd3dy5pY3BlLnJvJTJGcm8lMkZzdHJhdXNzJTJGZXRhcGUlMjIlM0VFdGFwZSUzQyUyRmElM0UlMEElMjAlMjAlM0NhJTIwaHJlZiUzRCUyMmh0dHAlM0ElMkYlMkZ3d3cuaWNwZS5ybyUyRnJvJTJGc3RyYXVzcyUyRm5vdXRhdGklMjIlM0VOb3V0JUM0JTgzJUM4JTlCaSUzQyUyRmElM0UlMEElMjAlMjAlM0NhJTIwaHJlZiUzRCUyMmh0dHAlM0ElMkYlMkZ3d3cuaWNwZS5ybyUyRnJvJTJGc3RyYXVzcyUyRmNvbnRhY3QlMjIlM0VDb250YWN0JTNDJTJGYSUzRSUwQSUyMCUyMCUzQ2xpJTIwc3R5bGUlM0QlMjJmbG9hdCUzQXJpZ2h0JTIyJTNFJTNDYSUyMGNsYXNzJTNEJTIyYWN0aXZlJTIyJTIwaHJlZiUzRCUyMmh0dHAlM0ElMkYlMkZ3d3cuaWNwZS5ybyUyRnN0cmF1c3MlMkYlMjIlM0VFTiUzQyUyRmElM0UlM0MlMkZsaSUzRSUwQSUwQSUwQSUyMCUyMCUzQ2ElMjBocmVmJTNEJTIyamF2YXNjcmlwdCUzQXZvaWQlMjgwJTI5JTNCJTIyJTIwc3R5bGUlM0QlMjJmb250LXNpemUlM0ExNXB4JTNCJTIyJTIwY2xhc3MlM0QlMjJpY29uJTIyJTIwb25jbGljayUzRCUyMm15RnVuY3Rpb24lMjglMjklMjIlM0UlMjYlMjM5Nzc2JTNCJTNDJTJGYSUzRSUwQSUzQyUyRmRpdiUzRSUwQSUwQSUzQ3NjcmlwdCUzRSUwQWZ1bmN0aW9uJTIwbXlGdW5jdGlvbiUyOCUyOSUyMCU3QiUwQSUyMCUyMCUyMCUyMHZhciUyMHglMjAlM0QlMjBkb2N1bWVudC5nZXRFbGVtZW50QnlJZCUyOCUyMm15VG9wbmF2JTIyJTI5JTNCJTBBJTIwJTIwJTIwJTIwaWYlMjAlMjh4LmNsYXNzTmFtZSUyMCUzRCUzRCUzRCUyMCUyMnRvcG5hdiUyMiUyOSUyMCU3QiUwQSUyMCUyMCUyMCUyMCUyMCUyMCUyMCUyMHguY2xhc3NOYW1lJTIwJTJCJTNEJTIwJTIyJTIwcmVzcG9uc2l2ZSUyMiUzQiUwQSUyMCUyMCUyMCUyMCU3RCUyMGVsc2UlMjAlN0IlMEElMjAlMjAlMjAlMjAlMjAlMjAlMjAlMjB4LmNsYXNzTmFtZSUyMCUzRCUyMCUyMnRvcG5hdiUyMiUzQiUwQSUyMCUyMCUyMCUyMCU3RCUwQSU3RCUwQSUzQyUyRnNjcmlwdCUzRQ==[\/vc_raw_html][\/vc_column][\/vc_row][vc_row][vc_column width=&#8221;1\/1&#8243;]<div class=\"single_image wpb_content_element align-center    \" data-animation=\"none\" data-delay=\"0\"><img width=\"300\" height=\"152\" src=\"http:\/\/www.icpe.ro\/ro\/wp-content\/uploads\/2018\/04\/Strauss_RO.png\" class=\"attachment-full\" alt=\"\" loading=\"lazy\" \/><\/div>[\/vc_column][\/vc_row][vc_row bg_color=&#8221;#efefef&#8221; top_padding=&#8221;20&#8243; bottom_padding=&#8221;20&#8243;][vc_column width=&#8221;1\/1&#8243;]<h1 class=\"headline font-inherit fontsize-m fontweight-700 lh-inherit align-center transform-uppercase \" style=\"margin: 0 0 0 0;\">Etape<\/h1>[\/vc_column][\/vc_row][vc_row top_padding=&#8221;40&#8243;][vc_column width=&#8221;1\/6&#8243;][vc_pie value=&#8221;100&#8243; color=&#8221;#1e73be&#8221; title=&#8221;Realizat&#8221; units=&#8221;%&#8221;][\/vc_column][vc_column width=&#8221;5\/6&#8243;][vc_column_text]<strong>Etapa 1<\/strong><br \/>\n<strong>Elaborarea studiilor analitice, simul\u0103ri numerice \u0219i proiectare SEFSR (partea I)<\/strong><\/p>\n<p><strong>A 1.1.<\/strong> Elaborarea studiului analitic pentru SEFSR<br \/>\n<strong>A 1.2.<\/strong> Elaborarea unui studiu analitic pentru micro-supapa solenoidal\u0103<br \/>\n<strong>A 1.3.<\/strong> Elaborarea unui studiu analitic pentru ajutaje Laval\/aerospike \u0219i sistemul de propulsie<br \/>\n<strong>A 1.4.<\/strong> Elaborarea de studii numerice \u0219i simul\u0103ri pentru optimizarea SEFSR, ajutaje, sistemul de propulsie \u0219i de calcul al trac\u021biunii<br \/>\n<strong>A 1.5.<\/strong> Elaborarea de studii numerice \u0219i simul\u0103ri pentru electrovalva de micro-supap\u0103 solenoidal\u0103<br \/>\n<strong>A 1.6.<\/strong> Elaborarea de studii numerice \u0219i simul\u0103ri pentru optimizarea SEFSR, duze, sistem de propulsie \u0219i de calcul al trac\u021biunii (dublarea T 2.I de c\u0103tre CO)<br \/>\n<strong>A 1.7.<\/strong> Proiectarea SEFSR, ajutajelor Laval\/aerospike[\/vc_column_text][\/vc_column][\/vc_row][vc_row][vc_column width=&#8221;1\/1&#8243;]<div class=\"newdivider align-center\" style=\"border-bottom-style: solid; border-color: #999999; border-bottom-width: 2px; margin-top: 40px; margin-bottom: 40px; width: 100%; \"><\/div><div class=\"clear\"><\/div>[\/vc_column][\/vc_row][vc_row][vc_column width=&#8221;1\/6&#8243;][vc_pie value=&#8221;0&#8243; color=&#8221;#1e73be&#8221; title=&#8221;Realizat&#8221; units=&#8221;%&#8221;][\/vc_column][vc_column width=&#8221;5\/6&#8243;][vc_column_text]<strong>Etapa 2<\/strong><br \/>\n<strong>Proiectarea \u0219i fabricarea sistemului de propulsie.<\/strong><\/p>\n<p><strong>A 2.1.<\/strong> Proiectarea cadru satelit \u0219i conducte de conectare<br \/>\n<strong>A 2.2.<\/strong> Fabricarea SEFSR din materiale composite pe baz\u0103 de fibre carbon<br \/>\n<strong>A 2.3.<\/strong> Fabricarea ajutajelor Laval\/aerospike \u0219i conductelor de conectare<br \/>\n<strong>A 2.4.<\/strong> Proiectarea si fabricarea micro-supapei solenoidale[\/vc_column_text][\/vc_column][\/vc_row][vc_row][vc_column width=&#8221;1\/1&#8243;]<div class=\"newdivider align-center\" style=\"border-bottom-style: solid; border-color: #999999; border-bottom-width: 2px; margin-top: 40px; margin-bottom: 40px; width: 100%; \"><\/div><div class=\"clear\"><\/div>[\/vc_column][\/vc_row][vc_row bottom_padding=&#8221;40&#8243;][vc_column width=&#8221;1\/6&#8243;][vc_pie value=&#8221;0&#8243; color=&#8221;#1e73be&#8221; title=&#8221;Realizat&#8221; units=&#8221;%&#8221;][\/vc_column][vc_column width=&#8221;5\/6&#8243;][vc_column_text]<strong>Etapa 3<\/strong><br \/>\n<strong>Proiectare \u0219i fabricare a standului de \u00eencercare, asamblarea \u0219i testarea sistemului de propulsie<\/strong><\/p>\n<p><strong>A 3.1.<\/strong> Proiectarea standului de testare pentru sistemul de propulsie<br \/>\n<strong>A 3.2.<\/strong> Fabricarea standului de testare pentru sistemul de propulsie<br \/>\n<strong>A 3.3.<\/strong> Asamblarea sistemului de propulsie<br \/>\n<strong>A 3.4.<\/strong> Testarea sistemului de propulsie<br \/>\n<strong>A 3.5.<\/strong> Articlole trimise la conferin\u021be \u0219i depunere cereri de brevet de inven\u0163ie[\/vc_column_text][\/vc_column][\/vc_row]<\/p>\n<p>[vc_row bg_color=&#8221;#262626&#8243; top_padding=&#8221;70&#8243; bottom_padding=&#8221;70&#8243; bg_type=&#8221;bg_color&#8221;][vc_column width=&#8221;1\/2&#8243;][vc_column_text]\u00a9 Icpe | Tehnologii pentru dezvoltare durabil\u0103<br \/>\n<a href=\"http:\/\/www.icpe.ro\/ro\/termeni\" target=\"_blank\" rel=\"noopener\">Termeni \u0219i Condi\u021bii<\/a>[\/vc_column_text][\/vc_column][vc_column text_align=&#8221;center&#8221; width=&#8221;1\/2&#8243;]<a href=\"http:\/\/www.icpe.ro\/ro\/institutul\/proiecte\/\" target=\"_blank\" class=\"button color-3 small \" style=\"border-radius: 2px;\">Vezi mai multe proiecte<\/a>[\/vc_column][\/vc_row]<\/p>\n","protected":false},"excerpt":{"rendered":"<p>[vc_row type=&#8221;full_width_section&#8221;][vc_column width=&#8221;1\/1&#8243;][vc_raw_html]JTNDc3R5bGUlM0UlMEEudG9wbmF2JTIwJTdCJTBBJTBBJTIwJTIwJTIwJTIwbGlzdC1zdHlsZSUzQW5vbmUlM0IlMEElMjAlMjAlMjAlMjBtYXJnaW4lM0EwJTNCJTBBJTIwJTIwJTIwJTIwcGFkZGluZyUzQTAlM0IlMEElMjAlMjAlMjAlMjB0ZXh0LWFsaWduJTNBY2VudGVyJTNCJTBBJTdEJTBBJTBBLnRvcG5hdiUyMGxpJTIwJTdCJTBBJTIwJTIwZGlzcGxheSUzQWlubGluZSUzQiUwQSU3RCUwQSUwQS50b3BuYXYlMjBhJTdCJTBBJTIwJTIwZGlzcGxheSUzQWlubGluZS1ibG9jayUzQiUwQSUyMCUyMGNvbG9yJTNBJTIwJTIzMDAwJTNCJTBBJTIwJTIwJTIwJTIwcGFkZGluZyUzQTE4cHglMjAzNnB4JTNCJTBBJTIwJTIwZm9udC1zaXplJTNBMTdweCUzQiUwQSU3RCUwQS50b3BuYXYlMjBhJTNBaG92ZXIlMjAlN0IlMEElMjAlMjBiYWNrZ3JvdW5kLWNvbG9yJTNBJTIwJTIzZGRkJTNCJTBBJTIwJTIwY29sb3IlM0ElMjBibGFjayUzQiUwQSU3RCUwQSUwQS50b3BuYXYlMjAuaWNvbiUyMCU3QiUwQSUyMCUyMGRpc3BsYXklM0ElMjBub25lJTNCJTBBJTdEJTBBLmFjdGl2ZSUyMCU3QiUwQSUyMCUyMCUyMCUyMGJhY2tncm91bmQtY29sb3IlM0ElMjAlMjNmN2Y3ZjclM0IlMEElMjAlMjAlMjAlMjBmb250LXdlaWdodCUzQSUyMGJvbGQlM0IlMEElN0QlMEElMEElNDBtZWRpYSUyMHNjcmVlbiUyMGFuZCUyMCUyOG1heC13aWR0aCUzQSUyMDYwMHB4JTI5JTIwJTdCJTBBJTIwJTIwLnRvcG5hdiUyMGElM0Fub3QlMjglM0FmaXJzdC1jaGlsZCUyOSUyMCU3QmRpc3BsYXklM0ElMjBub25lJTNCJTdEJTBBJTIwJTIwLnRvcG5hdiUyMGEuaWNvbiUyMCU3QiUwQSUyMCUyMCUyMCUyMGZsb2F0JTNBJTIwcmlnaHQlM0IlMEElMjAlMjAlMjAlMjBkaXNwbGF5JTNBJTIwYmxvY2slM0IlMEElMjAlMjAlN0QlMEElN0QlMEElMEElNDBtZWRpYSUyMHNjcmVlbiUyMGFuZCUyMCUyOG1heC13aWR0aCUzQSUyMDYwMHB4JTI5JTIwJTdCJTBBJTIwJTIwLnRvcG5hdi5yZXNwb25zaXZlJTIwJTdCcG9zaXRpb24lM0ElMjByZWxhdGl2ZSUzQiU3RCUwQSUyMCUyMC50b3BuYXYucmVzcG9uc2l2ZSUyMC5pY29uJTIwJTdCJTBBJTIwJTIwJTIwJTIwcG9zaXRpb24lM0ElMjBhYnNvbHV0ZSUzQiUwQSUyMCUyMCUyMCUyMHJpZ2h0JTNBJTIwMCUzQiUwQSUyMCUyMCUyMCUyMHRvcCUzQSUyMDAlM0IlMEElMjAlMjAlN0QlMEElMjAlMjAudG9wbmF2LnJlc3BvbnNpdmUlMjBhJTIwJTdCJTBBJTIwJTIwJTIwJTIwZmxvYXQlM0ElMjBub25lJTNCJTBBJTIwJTIwJTIwJTIwZGlzcGxheSUzQSUyMGJsb2NrJTNCJTBBJTIwJTIwJTIwJTIwdGV4dC1hbGlnbiUzQSUyMGxlZnQlM0IlMEElMjAlMjAlN0QlMEElMEElN0QlMEElM0MlMkZzdHlsZSUzRSUwQSUwQSUwQSUwQSUzQ2RpdiUyMGNsYXNzJTNEJTIydG9wbmF2JTIyJTIwaWQlM0QlMjJteVRvcG5hdiUyMiUzRSUwQSUyMCUyMCUzQ2ElMjBocmVmJTNEJTIyaHR0cCUzQSUyRiUyRnd3dy5pY3BlLnJvJTJGcm8lMkZzdHJhdXNzJTJGJTIyJTNFQWNhcyVDNCU4MyUzQyUyRmElM0UlMEElMjAlMjAlM0NhJTIwaHJlZiUzRCUyMmh0dHAlM0ElMkYlMkZ3d3cuaWNwZS5ybyUyRnJvJTJGc3RyYXVzcyUyRmRlc3ByZS1wcm9pZWN0JTIyJTNFRGVzcHJlJTIwcHJvaWVjdCUzQyUyRmElM0UlMEElMjAlMjAlM0NhJTIwaHJlZiUzRCUyMmh0dHAlM0ElMkYlMkZ3d3cuaWNwZS5ybyUyRnJvJTJGc3RyYXVzcyUyRmNvbnNvcnRpdSUyMiUzRUNvbnNvciVDOCU5Qml1JTNDJTJGYSUzRSUwQSUyMCUyMCUzQ2ElMjBocmVmJTNEJTIyaHR0cCUzQSUyRiUyRnd3dy5pY3BlLnJvJTJGcm8lMkZzdHJhdXNzJTJGZXRhcGUlMjIlM0VFdGFwZSUzQyUyRmElM0UlMEElMjAlMjAlM0NhJTIwaHJlZiUzRCUyMmh0dHAlM0ElMkYlMkZ3d3cuaWNwZS5ybyUyRnJvJTJGc3RyYXVzcyUyRm5vdXRhdGklMjIlM0VOb3V0JUM0JTgzJUM4JTlCaSUzQyUyRmElM0UlMEElMjAlMjAlM0NhJTIwaHJlZiUzRCUyMmh0dHAlM0ElMkYlMkZ3d3cuaWNwZS5ybyUyRnJvJTJGc3RyYXVzcyUyRmNvbnRhY3QlMjIlM0VDb250YWN0JTNDJTJGYSUzRSUwQSUyMCUyMCUzQ2xpJTIwc3R5bGUlM0QlMjJmbG9hdCUzQXJpZ2h0JTIyJTNFJTNDYSUyMGNsYXNzJTNEJTIyYWN0aXZlJTIyJTIwaHJlZiUzRCUyMmh0dHAlM0ElMkYlMkZ3d3cuaWNwZS5ybyUyRnN0cmF1c3MlMkYlMjIlM0VFTiUzQyUyRmElM0UlM0MlMkZsaSUzRSUwQSUwQSUwQSUyMCUyMCUzQ2ElMjBocmVmJTNEJTIyamF2YXNjcmlwdCUzQXZvaWQlMjgwJTI5JTNCJTIyJTIwc3R5bGUlM0QlMjJmb250LXNpemUlM0ExNXB4JTNCJTIyJTIwY2xhc3MlM0QlMjJpY29uJTIyJTIwb25jbGljayUzRCUyMm15RnVuY3Rpb24lMjglMjklMjIlM0UlMjYlMjM5Nzc2JTNCJTNDJTJGYSUzRSUwQSUzQyUyRmRpdiUzRSUwQSUwQSUzQ3NjcmlwdCUzRSUwQWZ1bmN0aW9uJTIwbXlGdW5jdGlvbiUyOCUyOSUyMCU3QiUwQSUyMCUyMCUyMCUyMHZhciUyMHglMjAlM0QlMjBkb2N1bWVudC5nZXRFbGVtZW50QnlJZCUyOCUyMm15VG9wbmF2JTIyJTI5JTNCJTBBJTIwJTIwJTIwJTIwaWYlMjAlMjh4LmNsYXNzTmFtZSUyMCUzRCUzRCUzRCUyMCUyMnRvcG5hdiUyMiUyOSUyMCU3QiUwQSUyMCUyMCUyMCUyMCUyMCUyMCUyMCUyMHguY2xhc3NOYW1lJTIwJTJCJTNEJTIwJTIyJTIwcmVzcG9uc2l2ZSUyMiUzQiUwQSUyMCUyMCUyMCUyMCU3RCUyMGVsc2UlMjAlN0IlMEElMjAlMjAlMjAlMjAlMjAlMjAlMjAlMjB4LmNsYXNzTmFtZSUyMCUzRCUyMCUyMnRvcG5hdiUyMiUzQiUwQSUyMCUyMCUyMCUyMCU3RCUwQSU3RCUwQSUzQyUyRnNjcmlwdCUzRQ==[\/vc_raw_html][\/vc_column][\/vc_row][vc_row][vc_column width=&#8221;1\/1&#8243;][\/vc_column][\/vc_row][vc_row bg_color=&#8221;#efefef&#8221; top_padding=&#8221;20&#8243; bottom_padding=&#8221;20&#8243;][vc_column width=&#8221;1\/1&#8243;][\/vc_column][\/vc_row][vc_row top_padding=&#8221;40&#8243;][vc_column width=&#8221;1\/6&#8243;][vc_pie value=&#8221;100&#8243; color=&#8221;#1e73be&#8221; title=&#8221;Realizat&#8221; units=&#8221;%&#8221;][\/vc_column][vc_column width=&#8221;5\/6&#8243;][vc_column_text]Etapa 1 Elaborarea studiilor analitice, simul\u0103ri numerice \u0219i proiectare SEFSR (partea I) A 1.1. Elaborarea studiului analitic pentru SEFSR A 1.2. Elaborarea unui studiu analitic pentru micro-supapa solenoidal\u0103 A 1.3. Elaborarea unui studiu analitic pentru ajutaje Laval\/aerospike \u0219i sistemul de propulsie A 1.4. Elaborarea de studii numerice \u0219i simul\u0103ri pentru optimizarea SEFSR, ajutaje, sistemul de propulsie \u0219i de calcul al trac\u021biunii A 1.5. Elaborarea de studii numerice \u0219i simul\u0103ri pentru electrovalva de micro-supap\u0103 solenoidal\u0103 A 1.6. Elaborarea de studii numerice \u0219i simul\u0103ri pentru optimizarea SEFSR, duze, sistem de propulsie \u0219i de calcul al trac\u021biunii (dublarea T 2.I de c\u0103tre CO) A 1.7. Proiectarea SEFSR, ajutajelor Laval\/aerospike[\/vc_column_text][\/vc_column][\/vc_row][vc_row][vc_column width=&#8221;1\/1&#8243;][\/vc_column][\/vc_row][vc_row][vc_column width=&#8221;1\/6&#8243;][vc_pie value=&#8221;0&#8243; color=&#8221;#1e73be&#8221; title=&#8221;Realizat&#8221; units=&#8221;%&#8221;][\/vc_column][vc_column width=&#8221;5\/6&#8243;][vc_column_text]Etapa 2 Proiectarea \u0219i fabricarea sistemului de propulsie. A 2.1. Proiectarea cadru satelit \u0219i conducte de conectare A 2.2. Fabricarea SEFSR din materiale composite pe baz\u0103 de fibre carbon A 2.3. Fabricarea ajutajelor Laval\/aerospike \u0219i conductelor de conectare A 2.4. Proiectarea si fabricarea micro-supapei solenoidale[\/vc_column_text][\/vc_column][\/vc_row][vc_row][vc_column width=&#8221;1\/1&#8243;][\/vc_column][\/vc_row][vc_row bottom_padding=&#8221;40&#8243;][vc_column width=&#8221;1\/6&#8243;][vc_pie value=&#8221;0&#8243; color=&#8221;#1e73be&#8221; title=&#8221;Realizat&#8221; units=&#8221;%&#8221;][\/vc_column][vc_column width=&#8221;5\/6&#8243;][vc_column_text]Etapa 3 Proiectare \u0219i fabricare a standului de \u00eencercare, asamblarea \u0219i testarea sistemului de propulsie A 3.1. Proiectarea standului de testare pentru [&hellip;]<\/p>\n","protected":false},"author":3,"featured_media":0,"parent":19340,"menu_order":139,"comment_status":"closed","ping_status":"closed","template":"","meta":[],"folder":[45],"_links":{"self":[{"href":"http:\/\/www.icpe.ro\/ro\/wp-json\/wp\/v2\/pages\/19345"}],"collection":[{"href":"http:\/\/www.icpe.ro\/ro\/wp-json\/wp\/v2\/pages"}],"about":[{"href":"http:\/\/www.icpe.ro\/ro\/wp-json\/wp\/v2\/types\/page"}],"author":[{"embeddable":true,"href":"http:\/\/www.icpe.ro\/ro\/wp-json\/wp\/v2\/users\/3"}],"replies":[{"embeddable":true,"href":"http:\/\/www.icpe.ro\/ro\/wp-json\/wp\/v2\/comments?post=19345"}],"version-history":[{"count":0,"href":"http:\/\/www.icpe.ro\/ro\/wp-json\/wp\/v2\/pages\/19345\/revisions"}],"up":[{"embeddable":true,"href":"http:\/\/www.icpe.ro\/ro\/wp-json\/wp\/v2\/pages\/19340"}],"wp:attachment":[{"href":"http:\/\/www.icpe.ro\/ro\/wp-json\/wp\/v2\/media?parent=19345"}],"wp:term":[{"taxonomy":"folder","embeddable":true,"href":"http:\/\/www.icpe.ro\/ro\/wp-json\/wp\/v2\/folder?post=19345"}],"curies":[{"name":"wp","href":"https:\/\/api.w.org\/{rel}","templated":true}]}}