{"id":19243,"date":"2017-11-20T12:08:54","date_gmt":"2017-11-20T09:08:54","guid":{"rendered":"http:\/\/www.incdie-icpe.ro\/ro\/?page_id=19243"},"modified":"2017-12-14T12:29:34","modified_gmt":"2017-12-14T09:29:34","slug":"curent-post-arc-intreruptoare-joasa-tensiune-comutatie-vid-masuratori-particularitati-fizice","status":"publish","type":"page","link":"http:\/\/www.icpe.ro\/ro\/lucrari-stiintifice\/curent-post-arc-intreruptoare-joasa-tensiune-comutatie-vid-masuratori-particularitati-fizice\/","title":{"rendered":"Curentul post-arc \u00een \u00eentreruptoarele de joas\u0103 tensiune cu comuta\u021bie \u00een vid: m\u0103sur\u0103tori \u0219i particularit\u0103\u021bi fizice"},"content":{"rendered":"<p>[vc_row][vc_column bg_color=&#8221;#c6c6c6&#8243; column_padding=&#8221;custom-padding&#8221; column_custompadding=&#8221;37px 40px 40px 40px&#8221; width=&#8221;1\/2&#8243;]<h2 class=\"headline font-inherit fontsize-m fontweight-400 lh-inherit align-center transform-inherit \" style=\"margin: 0 0 20px 0;\">ABSTRACT<\/h2><h2 class=\"headline font-inherit fontsize-xs fontweight-400 lh-inherit align-left transform-inherit \" style=\"margin: 0 0 20px 0; color: #282828;\"><\/h2>[\/vc_column][vc_column column_padding=&#8221;custom-padding&#8221; column_custompadding=&#8221;40px 40px 40px 40px&#8221; width=&#8221;1\/2&#8243;]<h2 class=\"headline font-inherit fontsize-s fontweight-800 lh-inherit align-left transform-inherit \" style=\"margin: 0 0 20px 0; color: #dd3333;\">Curentul post-arc \u00een \u00eentreruptoarele de joas\u0103 tensiune cu comuta\u021bie \u00een vid: m\u0103sur\u0103tori \u0219i particularit\u0103\u021bi fizice<\/h2>[vc_column_text]DATA:<strong> 2002<\/strong><\/p>\n<p>AUTORI:\u00a0<strong>Dan PAVELESCU,\u00a0Smaranda NI\u021aU,\u00a0Gheorghe DUMITRESCU,\u00a0Paula ANGHELI\u021a\u0102<\/strong><\/p>\n<p>PUBLICAT \u00ceN:<strong> Proc. of. International Symposium on Discharges and Electrical Insulation in Vacuum ISDEIV 2002, pag. 67-70, 2004<br \/>\n<\/strong>[\/vc_column_text]<a href=\"http:\/\/ieeexplore.ieee.org\/document\/1027310\/\" target=\"_blank\" class=\"button color-5 small \" style=\"border-radius: 2px;\"><i class='fa fa-book'><\/i>Cite\u0219te online<\/a>[\/vc_column][\/vc_row]<\/p>\n","protected":false},"excerpt":{"rendered":"<p>[vc_row][vc_column bg_color=&#8221;#c6c6c6&#8243; column_padding=&#8221;custom-padding&#8221; column_custompadding=&#8221;37px 40px 40px 40px&#8221; width=&#8221;1\/2&#8243;][\/vc_column][vc_column column_padding=&#8221;custom-padding&#8221; column_custompadding=&#8221;40px 40px 40px 40px&#8221; width=&#8221;1\/2&#8243;][vc_column_text]DATA: 2002 AUTORI:\u00a0Dan PAVELESCU,\u00a0Smaranda NI\u021aU,\u00a0Gheorghe DUMITRESCU,\u00a0Paula ANGHELI\u021a\u0102 PUBLICAT \u00ceN: Proc. of. International Symposium on Discharges and Electrical Insulation in Vacuum ISDEIV 2002, pag. 67-70, 2004 [\/vc_column_text][\/vc_column][\/vc_row]<\/p>\n","protected":false},"author":2,"featured_media":0,"parent":17451,"menu_order":85,"comment_status":"closed","ping_status":"closed","template":"","meta":[],"folder":[43],"_links":{"self":[{"href":"http:\/\/www.icpe.ro\/ro\/wp-json\/wp\/v2\/pages\/19243"}],"collection":[{"href":"http:\/\/www.icpe.ro\/ro\/wp-json\/wp\/v2\/pages"}],"about":[{"href":"http:\/\/www.icpe.ro\/ro\/wp-json\/wp\/v2\/types\/page"}],"author":[{"embeddable":true,"href":"http:\/\/www.icpe.ro\/ro\/wp-json\/wp\/v2\/users\/2"}],"replies":[{"embeddable":true,"href":"http:\/\/www.icpe.ro\/ro\/wp-json\/wp\/v2\/comments?post=19243"}],"version-history":[{"count":0,"href":"http:\/\/www.icpe.ro\/ro\/wp-json\/wp\/v2\/pages\/19243\/revisions"}],"up":[{"embeddable":true,"href":"http:\/\/www.icpe.ro\/ro\/wp-json\/wp\/v2\/pages\/17451"}],"wp:attachment":[{"href":"http:\/\/www.icpe.ro\/ro\/wp-json\/wp\/v2\/media?parent=19243"}],"wp:term":[{"taxonomy":"folder","embeddable":true,"href":"http:\/\/www.icpe.ro\/ro\/wp-json\/wp\/v2\/folder?post=19243"}],"curies":[{"name":"wp","href":"https:\/\/api.w.org\/{rel}","templated":true}]}}