{"id":19234,"date":"2017-11-20T11:48:15","date_gmt":"2017-11-20T08:48:15","guid":{"rendered":"http:\/\/www.incdie-icpe.ro\/ro\/?page_id=19234"},"modified":"2017-12-14T12:31:11","modified_gmt":"2017-12-14T09:31:11","slug":"studii-analize-metode-moderne-management-marketing-urban-ue-romania-strategie-implementare-politici-urbane-gestionare-deseuri-monitorizare-mediu-potential-turistic-ridicat","status":"publish","type":"page","link":"http:\/\/www.icpe.ro\/ro\/lucrari-stiintifice\/studii-analize-metode-moderne-management-marketing-urban-ue-romania-strategie-implementare-politici-urbane-gestionare-deseuri-monitorizare-mediu-potential-turistic-ridicat\/","title":{"rendered":"Studii, analize privind metode moderne \u00een managementul \u015fi marketingul urban \u00een Uniunea Europeana \u015fi \u00een \u0163ar\u0103. Studiu de caz privind strategia de implementare a politicilor urbane viz\u00e2nd gestionarea de\u015feurilor \u015fi monitorizarea mediului \u00eentr-o municipalitate cu poten\u0163ial turistic ridicat"},"content":{"rendered":"<p>[vc_row][vc_column bg_color=&#8221;#c6c6c6&#8243; column_padding=&#8221;custom-padding&#8221; column_custompadding=&#8221;37px 40px 40px 40px&#8221; width=&#8221;1\/2&#8243;]<h2 class=\"headline font-inherit fontsize-m fontweight-400 lh-inherit align-center transform-inherit \" style=\"margin: 0 0 20px 0;\">ABSTRACT<\/h2><h2 class=\"headline font-inherit fontsize-xs fontweight-400 lh-inherit align-left transform-inherit \" style=\"margin: 0 0 20px 0; color: #282828;\"><\/h2>[\/vc_column][vc_column column_padding=&#8221;custom-padding&#8221; column_custompadding=&#8221;40px 40px 40px 40px&#8221; width=&#8221;1\/2&#8243;]<h2 class=\"headline font-inherit fontsize-s fontweight-800 lh-inherit align-left transform-inherit \" style=\"margin: 0 0 20px 0; color: #dd3333;\">Studii, analize privind metode moderne \u00een managementul \u015fi marketingul urban \u00een Uniunea Europeana \u015fi \u00een \u0163ar\u0103. Studiu de caz privind strategia de implementare a politicilor urbane viz\u00e2nd gestionarea de\u015feurilor \u015fi monitorizarea mediului \u00eentr-o municipalitate cu poten\u0163ial turistic ridicat<\/h2>[vc_column_text]DATA:<strong> 2003<\/strong><\/p>\n<p>AUTORI:\u00a0<strong>Sanda COTESCU, Ionel POPA \u015fi Colectiv<\/strong><\/p>\n<p>PUBLICAT \u00ceN:<strong> ICPE, vol. I, decembrie 2003, Bucure\u015fti<br \/>\n<\/strong>[\/vc_column_text][\/vc_column][\/vc_row]<\/p>\n","protected":false},"excerpt":{"rendered":"<p>[vc_row][vc_column bg_color=&#8221;#c6c6c6&#8243; column_padding=&#8221;custom-padding&#8221; column_custompadding=&#8221;37px 40px 40px 40px&#8221; width=&#8221;1\/2&#8243;][\/vc_column][vc_column column_padding=&#8221;custom-padding&#8221; column_custompadding=&#8221;40px 40px 40px 40px&#8221; width=&#8221;1\/2&#8243;][vc_column_text]DATA: 2003 AUTORI:\u00a0Sanda COTESCU, Ionel POPA \u015fi Colectiv PUBLICAT \u00ceN: ICPE, vol. I, decembrie 2003, Bucure\u015fti [\/vc_column_text][\/vc_column][\/vc_row]<\/p>\n","protected":false},"author":2,"featured_media":0,"parent":17451,"menu_order":361,"comment_status":"closed","ping_status":"closed","template":"","meta":[],"folder":[43],"_links":{"self":[{"href":"http:\/\/www.icpe.ro\/ro\/wp-json\/wp\/v2\/pages\/19234"}],"collection":[{"href":"http:\/\/www.icpe.ro\/ro\/wp-json\/wp\/v2\/pages"}],"about":[{"href":"http:\/\/www.icpe.ro\/ro\/wp-json\/wp\/v2\/types\/page"}],"author":[{"embeddable":true,"href":"http:\/\/www.icpe.ro\/ro\/wp-json\/wp\/v2\/users\/2"}],"replies":[{"embeddable":true,"href":"http:\/\/www.icpe.ro\/ro\/wp-json\/wp\/v2\/comments?post=19234"}],"version-history":[{"count":0,"href":"http:\/\/www.icpe.ro\/ro\/wp-json\/wp\/v2\/pages\/19234\/revisions"}],"up":[{"embeddable":true,"href":"http:\/\/www.icpe.ro\/ro\/wp-json\/wp\/v2\/pages\/17451"}],"wp:attachment":[{"href":"http:\/\/www.icpe.ro\/ro\/wp-json\/wp\/v2\/media?parent=19234"}],"wp:term":[{"taxonomy":"folder","embeddable":true,"href":"http:\/\/www.icpe.ro\/ro\/wp-json\/wp\/v2\/folder?post=19234"}],"curies":[{"name":"wp","href":"https:\/\/api.w.org\/{rel}","templated":true}]}}