{"id":19232,"date":"2017-11-20T11:42:46","date_gmt":"2017-11-20T08:42:46","guid":{"rendered":"http:\/\/www.incdie-icpe.ro\/ro\/?page_id=19232"},"modified":"2017-12-14T12:29:36","modified_gmt":"2017-12-14T09:29:36","slug":"diagnoza-optica-arc-electric-vid-sistem-spectograf-ccd-intensificare-rapida","status":"publish","type":"page","link":"http:\/\/www.icpe.ro\/ro\/lucrari-stiintifice\/diagnoza-optica-arc-electric-vid-sistem-spectograf-ccd-intensificare-rapida\/","title":{"rendered":"Diagnoza optic\u0103 a arcului electric \u00een vid utiliz\u00e2nd sistemul spectrograf CCD cu intensificare rapid\u0103"},"content":{"rendered":"<p>[vc_row][vc_column bg_color=&#8221;#c6c6c6&#8243; column_padding=&#8221;custom-padding&#8221; column_custompadding=&#8221;37px 40px 40px 40px&#8221; width=&#8221;1\/2&#8243;]<h2 class=\"headline font-inherit fontsize-m fontweight-400 lh-inherit align-center transform-inherit \" style=\"margin: 0 0 20px 0;\">ABSTRACT<\/h2><h2 class=\"headline font-inherit fontsize-xs fontweight-400 lh-inherit align-left transform-inherit \" style=\"margin: 0 0 20px 0; color: #282828;\"><\/h2>[\/vc_column][vc_column column_padding=&#8221;custom-padding&#8221; column_custompadding=&#8221;40px 40px 40px 40px&#8221; width=&#8221;1\/2&#8243;]<h2 class=\"headline font-inherit fontsize-s fontweight-800 lh-inherit align-left transform-inherit \" style=\"margin: 0 0 20px 0; color: #dd3333;\">Diagnoza optic\u0103 a arcului electric \u00een vid utiliz\u00e2nd sistemul spectrograf CCD cu intensificare rapid\u0103<\/h2>[vc_column_text]DATA:<strong> 2003<\/strong><\/p>\n<p>AUTORI:\u00a0<strong>Gabriela PAVELESCU, S. GUILLOT, Mariana BRAIC, Dunpin HONG, Dan PAVELESCU, Claude FLEURIER, Viorel BRAIC, Florin GHERENDI, Gheorghe DUMITRESCU, Paula ANGHELI\u021a\u0102<\/strong><\/p>\n<p>PREZENTAT LA:<strong> VII-th International Conference on Optics \u2013 ROMOPTO 2003, 8 &#8211; 11 Septembrie 2003, Constanta, ROMANIA<br \/>\n<\/strong>[\/vc_column_text][\/vc_column][\/vc_row]<\/p>\n","protected":false},"excerpt":{"rendered":"<p>[vc_row][vc_column bg_color=&#8221;#c6c6c6&#8243; column_padding=&#8221;custom-padding&#8221; column_custompadding=&#8221;37px 40px 40px 40px&#8221; width=&#8221;1\/2&#8243;][\/vc_column][vc_column column_padding=&#8221;custom-padding&#8221; column_custompadding=&#8221;40px 40px 40px 40px&#8221; width=&#8221;1\/2&#8243;][vc_column_text]DATA: 2003 AUTORI:\u00a0Gabriela PAVELESCU, S. GUILLOT, Mariana BRAIC, Dunpin HONG, Dan PAVELESCU, Claude FLEURIER, Viorel BRAIC, Florin GHERENDI, Gheorghe DUMITRESCU, Paula ANGHELI\u021a\u0102 PREZENTAT LA: VII-th International Conference on Optics \u2013 ROMOPTO 2003, 8 &#8211; 11 Septembrie 2003, Constanta, ROMANIA [\/vc_column_text][\/vc_column][\/vc_row]<\/p>\n","protected":false},"author":2,"featured_media":0,"parent":17451,"menu_order":114,"comment_status":"closed","ping_status":"closed","template":"","meta":[],"folder":[43],"_links":{"self":[{"href":"http:\/\/www.icpe.ro\/ro\/wp-json\/wp\/v2\/pages\/19232"}],"collection":[{"href":"http:\/\/www.icpe.ro\/ro\/wp-json\/wp\/v2\/pages"}],"about":[{"href":"http:\/\/www.icpe.ro\/ro\/wp-json\/wp\/v2\/types\/page"}],"author":[{"embeddable":true,"href":"http:\/\/www.icpe.ro\/ro\/wp-json\/wp\/v2\/users\/2"}],"replies":[{"embeddable":true,"href":"http:\/\/www.icpe.ro\/ro\/wp-json\/wp\/v2\/comments?post=19232"}],"version-history":[{"count":0,"href":"http:\/\/www.icpe.ro\/ro\/wp-json\/wp\/v2\/pages\/19232\/revisions"}],"up":[{"embeddable":true,"href":"http:\/\/www.icpe.ro\/ro\/wp-json\/wp\/v2\/pages\/17451"}],"wp:attachment":[{"href":"http:\/\/www.icpe.ro\/ro\/wp-json\/wp\/v2\/media?parent=19232"}],"wp:term":[{"taxonomy":"folder","embeddable":true,"href":"http:\/\/www.icpe.ro\/ro\/wp-json\/wp\/v2\/folder?post=19232"}],"curies":[{"name":"wp","href":"https:\/\/api.w.org\/{rel}","templated":true}]}}