{"id":19230,"date":"2017-11-20T11:38:11","date_gmt":"2017-11-20T08:38:11","guid":{"rendered":"http:\/\/www.incdie-icpe.ro\/ro\/?page_id=19230"},"modified":"2017-12-14T12:29:52","modified_gmt":"2017-12-14T09:29:52","slug":"spectroscopie-emisii-optice-plasma-arc-vid-intreruptoare-joasa-tensiune","status":"publish","type":"page","link":"http:\/\/www.icpe.ro\/ro\/lucrari-stiintifice\/spectroscopie-emisii-optice-plasma-arc-vid-intreruptoare-joasa-tensiune\/","title":{"rendered":"Spectroscopia emisiilor optice ale plasmei arcului de vid generat\u0103 \u00een \u00eentreruptoarele de joas\u0103 tensiune"},"content":{"rendered":"<p>[vc_row][vc_column bg_color=&#8221;#c6c6c6&#8243; column_padding=&#8221;custom-padding&#8221; column_custompadding=&#8221;37px 40px 40px 40px&#8221; width=&#8221;1\/2&#8243;]<h2 class=\"headline font-inherit fontsize-m fontweight-400 lh-inherit align-center transform-inherit \" style=\"margin: 0 0 20px 0;\">ABSTRACT<\/h2><h2 class=\"headline font-inherit fontsize-xs fontweight-400 lh-inherit align-left transform-inherit \" style=\"margin: 0 0 20px 0; color: #282828;\"><\/h2>[\/vc_column][vc_column column_padding=&#8221;custom-padding&#8221; column_custompadding=&#8221;40px 40px 40px 40px&#8221; width=&#8221;1\/2&#8243;]<h2 class=\"headline font-inherit fontsize-s fontweight-800 lh-inherit align-left transform-inherit \" style=\"margin: 0 0 20px 0; color: #dd3333;\">Spectroscopia emisiilor optice ale plasmei arcului de vid generat\u0103 \u00een \u00eentreruptoarele de joas\u0103 tensiune<\/h2>[vc_column_text]DATA:<strong> 2003<\/strong><\/p>\n<p>AUTORI:\u00a0<strong>Gabriela PAVELESCU, Dunpin HONG, Viorel BRAIC, Dan PAVELESCU, Claude FLEURIER, Mariana BRAIC, Florin GHERENDI, Gheorghe DUMITRESCU, Paula ANGHELI\u021a\u0102, Mihai B\u0102L\u0102CEANU<\/strong><\/p>\n<p>PREZENTAT LA:<strong> 4\u00a0 XII-th International Conference on Plasma Physics Applications \u2013 CPPA 2003, 1-3 Septembrie 2003, Iasi, ROMANIA<br \/>\n<\/strong>[\/vc_column_text][\/vc_column][\/vc_row]<\/p>\n","protected":false},"excerpt":{"rendered":"<p>[vc_row][vc_column bg_color=&#8221;#c6c6c6&#8243; column_padding=&#8221;custom-padding&#8221; column_custompadding=&#8221;37px 40px 40px 40px&#8221; width=&#8221;1\/2&#8243;][\/vc_column][vc_column column_padding=&#8221;custom-padding&#8221; column_custompadding=&#8221;40px 40px 40px 40px&#8221; width=&#8221;1\/2&#8243;][vc_column_text]DATA: 2003 AUTORI:\u00a0Gabriela PAVELESCU, Dunpin HONG, Viorel BRAIC, Dan PAVELESCU, Claude FLEURIER, Mariana BRAIC, Florin GHERENDI, Gheorghe DUMITRESCU, Paula ANGHELI\u021a\u0102, Mihai B\u0102L\u0102CEANU PREZENTAT LA: 4\u00a0 XII-th International Conference on Plasma Physics Applications \u2013 CPPA 2003, 1-3 Septembrie 2003, Iasi, ROMANIA [\/vc_column_text][\/vc_column][\/vc_row]<\/p>\n","protected":false},"author":2,"featured_media":0,"parent":17451,"menu_order":346,"comment_status":"closed","ping_status":"closed","template":"","meta":[],"folder":[43],"_links":{"self":[{"href":"http:\/\/www.icpe.ro\/ro\/wp-json\/wp\/v2\/pages\/19230"}],"collection":[{"href":"http:\/\/www.icpe.ro\/ro\/wp-json\/wp\/v2\/pages"}],"about":[{"href":"http:\/\/www.icpe.ro\/ro\/wp-json\/wp\/v2\/types\/page"}],"author":[{"embeddable":true,"href":"http:\/\/www.icpe.ro\/ro\/wp-json\/wp\/v2\/users\/2"}],"replies":[{"embeddable":true,"href":"http:\/\/www.icpe.ro\/ro\/wp-json\/wp\/v2\/comments?post=19230"}],"version-history":[{"count":0,"href":"http:\/\/www.icpe.ro\/ro\/wp-json\/wp\/v2\/pages\/19230\/revisions"}],"up":[{"embeddable":true,"href":"http:\/\/www.icpe.ro\/ro\/wp-json\/wp\/v2\/pages\/17451"}],"wp:attachment":[{"href":"http:\/\/www.icpe.ro\/ro\/wp-json\/wp\/v2\/media?parent=19230"}],"wp:term":[{"taxonomy":"folder","embeddable":true,"href":"http:\/\/www.icpe.ro\/ro\/wp-json\/wp\/v2\/folder?post=19230"}],"curies":[{"name":"wp","href":"https:\/\/api.w.org\/{rel}","templated":true}]}}