{"id":19220,"date":"2017-11-20T11:12:02","date_gmt":"2017-11-20T08:12:02","guid":{"rendered":"http:\/\/www.incdie-icpe.ro\/ro\/?page_id=19220"},"modified":"2017-12-14T12:31:11","modified_gmt":"2017-12-14T09:31:11","slug":"statie-monitorizare-calitate-aer-municipiu-constanta","status":"publish","type":"page","link":"http:\/\/www.icpe.ro\/ro\/lucrari-stiintifice\/statie-monitorizare-calitate-aer-municipiu-constanta\/","title":{"rendered":"Sta\u0163ie de monitorizare a calit\u0103\u0163ii aerului \u00een Municipiul Constan\u0163a"},"content":{"rendered":"<p>[vc_row][vc_column bg_color=&#8221;#c6c6c6&#8243; column_padding=&#8221;custom-padding&#8221; column_custompadding=&#8221;37px 40px 40px 40px&#8221; width=&#8221;1\/2&#8243;]<h2 class=\"headline font-inherit fontsize-m fontweight-400 lh-inherit align-center transform-inherit \" style=\"margin: 0 0 20px 0;\">ABSTRACT<\/h2><h2 class=\"headline font-inherit fontsize-xs fontweight-400 lh-inherit align-left transform-inherit \" style=\"margin: 0 0 20px 0; color: #282828;\"><\/h2>[\/vc_column][vc_column column_padding=&#8221;custom-padding&#8221; column_custompadding=&#8221;40px 40px 40px 40px&#8221; width=&#8221;1\/2&#8243;]<h2 class=\"headline font-inherit fontsize-s fontweight-800 lh-inherit align-left transform-inherit \" style=\"margin: 0 0 20px 0; color: #dd3333;\">Sta\u0163ie de monitorizare a calit\u0103\u0163ii aerului \u00een Municipiul Constan\u0163a<\/h2>[vc_column_text]DATA:<strong> 2004<\/strong><\/p>\n<p>AUTORI:<strong>\u00a0Nicolae VASILE, Paul PENCIOIU, Sanda COTESCU, Ionel POPA, Carmen POPESCU, Georgeta NAGHIU<br \/>\n<\/strong><\/p>\n<p>PREZENTAT LA:<strong> Simpozion \u201cZiua interna\u0163ional\u0103 pentru protec\u0163ia stratului de ozon\u201d, 16-17 septembrie 2004, Constan\u0163a<br \/>\n<\/strong>[\/vc_column_text][\/vc_column][\/vc_row]<\/p>\n","protected":false},"excerpt":{"rendered":"<p>[vc_row][vc_column bg_color=&#8221;#c6c6c6&#8243; column_padding=&#8221;custom-padding&#8221; column_custompadding=&#8221;37px 40px 40px 40px&#8221; width=&#8221;1\/2&#8243;][\/vc_column][vc_column column_padding=&#8221;custom-padding&#8221; column_custompadding=&#8221;40px 40px 40px 40px&#8221; width=&#8221;1\/2&#8243;][vc_column_text]DATA: 2004 AUTORI:\u00a0Nicolae VASILE, Paul PENCIOIU, Sanda COTESCU, Ionel POPA, Carmen POPESCU, Georgeta NAGHIU PREZENTAT LA: Simpozion \u201cZiua interna\u0163ional\u0103 pentru protec\u0163ia stratului de ozon\u201d, 16-17 septembrie 2004, Constan\u0163a [\/vc_column_text][\/vc_column][\/vc_row]<\/p>\n","protected":false},"author":2,"featured_media":0,"parent":17451,"menu_order":351,"comment_status":"closed","ping_status":"closed","template":"","meta":[],"folder":[43],"_links":{"self":[{"href":"http:\/\/www.icpe.ro\/ro\/wp-json\/wp\/v2\/pages\/19220"}],"collection":[{"href":"http:\/\/www.icpe.ro\/ro\/wp-json\/wp\/v2\/pages"}],"about":[{"href":"http:\/\/www.icpe.ro\/ro\/wp-json\/wp\/v2\/types\/page"}],"author":[{"embeddable":true,"href":"http:\/\/www.icpe.ro\/ro\/wp-json\/wp\/v2\/users\/2"}],"replies":[{"embeddable":true,"href":"http:\/\/www.icpe.ro\/ro\/wp-json\/wp\/v2\/comments?post=19220"}],"version-history":[{"count":0,"href":"http:\/\/www.icpe.ro\/ro\/wp-json\/wp\/v2\/pages\/19220\/revisions"}],"up":[{"embeddable":true,"href":"http:\/\/www.icpe.ro\/ro\/wp-json\/wp\/v2\/pages\/17451"}],"wp:attachment":[{"href":"http:\/\/www.icpe.ro\/ro\/wp-json\/wp\/v2\/media?parent=19220"}],"wp:term":[{"taxonomy":"folder","embeddable":true,"href":"http:\/\/www.icpe.ro\/ro\/wp-json\/wp\/v2\/folder?post=19220"}],"curies":[{"name":"wp","href":"https:\/\/api.w.org\/{rel}","templated":true}]}}