{"id":19211,"date":"2017-11-20T10:51:30","date_gmt":"2017-11-20T07:51:30","guid":{"rendered":"http:\/\/www.incdie-icpe.ro\/ro\/?page_id=19211"},"modified":"2017-12-14T12:29:40","modified_gmt":"2017-12-14T09:29:40","slug":"investigare-evolutie-arc-electric-intreruptoare-joasa-tensiune-vid","status":"publish","type":"page","link":"http:\/\/www.icpe.ro\/ro\/lucrari-stiintifice\/investigare-evolutie-arc-electric-intreruptoare-joasa-tensiune-vid\/","title":{"rendered":"Investigarea evolu\u021biei arcului electric \u00een \u00eentreruptoarele de joas\u0103 tensiune \u00een vid"},"content":{"rendered":"<p>[vc_row][vc_column bg_color=&#8221;#c6c6c6&#8243; column_padding=&#8221;custom-padding&#8221; column_custompadding=&#8221;37px 40px 40px 40px&#8221; width=&#8221;1\/2&#8243;]<h2 class=\"headline font-inherit fontsize-m fontweight-400 lh-inherit align-center transform-inherit \" style=\"margin: 0 0 20px 0;\">ABSTRACT<\/h2><h2 class=\"headline font-inherit fontsize-xs fontweight-400 lh-inherit align-left transform-inherit \" style=\"margin: 0 0 20px 0; color: #282828;\"><\/h2>[\/vc_column][vc_column column_padding=&#8221;custom-padding&#8221; column_custompadding=&#8221;40px 40px 40px 40px&#8221; width=&#8221;1\/2&#8243;]<h2 class=\"headline font-inherit fontsize-s fontweight-800 lh-inherit align-left transform-inherit \" style=\"margin: 0 0 20px 0; color: #dd3333;\">Investigarea evolu\u021biei arcului electric \u00een \u00eentreruptoarele de joas\u0103 tensiune \u00een vid<\/h2>[vc_column_text]DATA:<strong> 2004<\/strong><\/p>\n<p>AUTORI:\u00a0<strong>G. PAVELESCU, V. BRAIC, D. PAVELESCU, M. BRAIC, G. DUMITRESCU, M. B\u0102L\u0102CEANU, P. ANGHELI\u021a\u0102<br \/>\n<\/strong><\/p>\n<p>PREZENTAT LA:<strong> Proceeding of the XVII-th Europhysics Conference on Atomic &amp; Molecular Physics of Ionized Gases \u2013 ESCAMPIG 2004, 1-5 Septembrie 2004, Constan\u021ba, ROMANIA<br \/>\n<\/strong>[\/vc_column_text][\/vc_column][\/vc_row]<\/p>\n","protected":false},"excerpt":{"rendered":"<p>[vc_row][vc_column bg_color=&#8221;#c6c6c6&#8243; column_padding=&#8221;custom-padding&#8221; column_custompadding=&#8221;37px 40px 40px 40px&#8221; width=&#8221;1\/2&#8243;][\/vc_column][vc_column column_padding=&#8221;custom-padding&#8221; column_custompadding=&#8221;40px 40px 40px 40px&#8221; width=&#8221;1\/2&#8243;][vc_column_text]DATA: 2004 AUTORI:\u00a0G. PAVELESCU, V. BRAIC, D. PAVELESCU, M. BRAIC, G. DUMITRESCU, M. B\u0102L\u0102CEANU, P. ANGHELI\u021a\u0102 PREZENTAT LA: Proceeding of the XVII-th Europhysics Conference on Atomic &amp; Molecular Physics of Ionized Gases \u2013 ESCAMPIG 2004, 1-5 Septembrie 2004, Constan\u021ba, ROMANIA [\/vc_column_text][\/vc_column][\/vc_row]<\/p>\n","protected":false},"author":2,"featured_media":0,"parent":17451,"menu_order":181,"comment_status":"closed","ping_status":"closed","template":"","meta":[],"folder":[43],"_links":{"self":[{"href":"http:\/\/www.icpe.ro\/ro\/wp-json\/wp\/v2\/pages\/19211"}],"collection":[{"href":"http:\/\/www.icpe.ro\/ro\/wp-json\/wp\/v2\/pages"}],"about":[{"href":"http:\/\/www.icpe.ro\/ro\/wp-json\/wp\/v2\/types\/page"}],"author":[{"embeddable":true,"href":"http:\/\/www.icpe.ro\/ro\/wp-json\/wp\/v2\/users\/2"}],"replies":[{"embeddable":true,"href":"http:\/\/www.icpe.ro\/ro\/wp-json\/wp\/v2\/comments?post=19211"}],"version-history":[{"count":0,"href":"http:\/\/www.icpe.ro\/ro\/wp-json\/wp\/v2\/pages\/19211\/revisions"}],"up":[{"embeddable":true,"href":"http:\/\/www.icpe.ro\/ro\/wp-json\/wp\/v2\/pages\/17451"}],"wp:attachment":[{"href":"http:\/\/www.icpe.ro\/ro\/wp-json\/wp\/v2\/media?parent=19211"}],"wp:term":[{"taxonomy":"folder","embeddable":true,"href":"http:\/\/www.icpe.ro\/ro\/wp-json\/wp\/v2\/folder?post=19211"}],"curies":[{"name":"wp","href":"https:\/\/api.w.org\/{rel}","templated":true}]}}