{"id":19208,"date":"2017-11-20T10:45:47","date_gmt":"2017-11-20T07:45:47","guid":{"rendered":"http:\/\/www.incdie-icpe.ro\/ro\/?page_id=19208"},"modified":"2017-12-14T12:29:41","modified_gmt":"2017-12-14T09:29:41","slug":"investigatii-optice-plasma-arc-electric-rotativ-descarcari-vid","status":"publish","type":"page","link":"http:\/\/www.icpe.ro\/ro\/lucrari-stiintifice\/investigatii-optice-plasma-arc-electric-rotativ-descarcari-vid\/","title":{"rendered":"Investiga\u021bii optice ale plasmei de arc electric rotativ la desc\u0103rc\u0103rile \u00een vid"},"content":{"rendered":"<p>[vc_row][vc_column bg_color=&#8221;#c6c6c6&#8243; column_padding=&#8221;custom-padding&#8221; column_custompadding=&#8221;37px 40px 40px 40px&#8221; width=&#8221;1\/2&#8243;]<h2 class=\"headline font-inherit fontsize-m fontweight-400 lh-inherit align-center transform-inherit \" style=\"margin: 0 0 20px 0;\">ABSTRACT<\/h2><h2 class=\"headline font-inherit fontsize-xs fontweight-400 lh-inherit align-left transform-inherit \" style=\"margin: 0 0 20px 0; color: #282828;\"><\/h2>[\/vc_column][vc_column column_padding=&#8221;custom-padding&#8221; column_custompadding=&#8221;40px 40px 40px 40px&#8221; width=&#8221;1\/2&#8243;]<h2 class=\"headline font-inherit fontsize-s fontweight-800 lh-inherit align-left transform-inherit \" style=\"margin: 0 0 20px 0; color: #dd3333;\">Investiga\u021bii optice ale plasmei de arc electric rotativ la desc\u0103rc\u0103rile \u00een vid<\/h2>[vc_column_text]DATA:<strong> 2004<\/strong><\/p>\n<p>AUTORI:\u00a0<strong>G. PAVELESCU, M. BRAIC, F. GHERENDI, V. BRAIC, D. PAVELESCU, M. B\u0102L\u0102CEANU, G. DUMITRESCU, P. ANGHELI\u021a\u0102<\/strong><\/p>\n<p>PREZENTAT LA:<strong> Proceedings of the XVth Int. Conf. on Gas Discharges and their Applications &#8211; GD2004, Septembrie 2004, Toulouse, FRAN\u0162A<br \/>\n<\/strong>[\/vc_column_text][\/vc_column][\/vc_row]<\/p>\n","protected":false},"excerpt":{"rendered":"<p>[vc_row][vc_column bg_color=&#8221;#c6c6c6&#8243; column_padding=&#8221;custom-padding&#8221; column_custompadding=&#8221;37px 40px 40px 40px&#8221; width=&#8221;1\/2&#8243;][\/vc_column][vc_column column_padding=&#8221;custom-padding&#8221; column_custompadding=&#8221;40px 40px 40px 40px&#8221; width=&#8221;1\/2&#8243;][vc_column_text]DATA: 2004 AUTORI:\u00a0G. PAVELESCU, M. BRAIC, F. GHERENDI, V. BRAIC, D. PAVELESCU, M. B\u0102L\u0102CEANU, G. DUMITRESCU, P. ANGHELI\u021a\u0102 PREZENTAT LA: Proceedings of the XVth Int. Conf. on Gas Discharges and their Applications &#8211; GD2004, Septembrie 2004, Toulouse, FRAN\u0162A [\/vc_column_text][\/vc_column][\/vc_row]<\/p>\n","protected":false},"author":2,"featured_media":0,"parent":17451,"menu_order":184,"comment_status":"closed","ping_status":"closed","template":"","meta":[],"folder":[43],"_links":{"self":[{"href":"http:\/\/www.icpe.ro\/ro\/wp-json\/wp\/v2\/pages\/19208"}],"collection":[{"href":"http:\/\/www.icpe.ro\/ro\/wp-json\/wp\/v2\/pages"}],"about":[{"href":"http:\/\/www.icpe.ro\/ro\/wp-json\/wp\/v2\/types\/page"}],"author":[{"embeddable":true,"href":"http:\/\/www.icpe.ro\/ro\/wp-json\/wp\/v2\/users\/2"}],"replies":[{"embeddable":true,"href":"http:\/\/www.icpe.ro\/ro\/wp-json\/wp\/v2\/comments?post=19208"}],"version-history":[{"count":0,"href":"http:\/\/www.icpe.ro\/ro\/wp-json\/wp\/v2\/pages\/19208\/revisions"}],"up":[{"embeddable":true,"href":"http:\/\/www.icpe.ro\/ro\/wp-json\/wp\/v2\/pages\/17451"}],"wp:attachment":[{"href":"http:\/\/www.icpe.ro\/ro\/wp-json\/wp\/v2\/media?parent=19208"}],"wp:term":[{"taxonomy":"folder","embeddable":true,"href":"http:\/\/www.icpe.ro\/ro\/wp-json\/wp\/v2\/folder?post=19208"}],"curies":[{"name":"wp","href":"https:\/\/api.w.org\/{rel}","templated":true}]}}