{"id":19189,"date":"2017-11-20T09:50:43","date_gmt":"2017-11-20T06:50:43","guid":{"rendered":"http:\/\/www.incdie-icpe.ro\/ro\/?page_id=19189"},"modified":"2017-12-14T12:29:39","modified_gmt":"2017-12-14T09:29:39","slug":"influenta-camp-magnetic-transversal-tmf-arc-electric-intreruptoare-comutatie-vid","status":"publish","type":"page","link":"http:\/\/www.icpe.ro\/ro\/lucrari-stiintifice\/influenta-camp-magnetic-transversal-tmf-arc-electric-intreruptoare-comutatie-vid\/","title":{"rendered":"Influen\u021ba c\u00e2mpului magnetic transversal (TMF) asupra arcului electric dezvoltat \u00een \u00eentreruptoarele cu comuta\u021bie \u00een vid"},"content":{"rendered":"<p>[vc_row][vc_column bg_color=&#8221;#c6c6c6&#8243; column_padding=&#8221;custom-padding&#8221; column_custompadding=&#8221;37px 40px 40px 40px&#8221; width=&#8221;1\/2&#8243;]<h2 class=\"headline font-inherit fontsize-m fontweight-400 lh-inherit align-center transform-inherit \" style=\"margin: 0 0 20px 0;\">ABSTRACT<\/h2><h2 class=\"headline font-inherit fontsize-xs fontweight-400 lh-inherit align-left transform-inherit \" style=\"margin: 0 0 20px 0; color: #282828;\"><\/h2>[\/vc_column][vc_column column_padding=&#8221;custom-padding&#8221; column_custompadding=&#8221;40px 40px 40px 40px&#8221; width=&#8221;1\/2&#8243;]<h2 class=\"headline font-inherit fontsize-s fontweight-800 lh-inherit align-left transform-inherit \" style=\"margin: 0 0 20px 0; color: #dd3333;\">Influen\u021ba c\u00e2mpului magnetic transversal (TMF) asupra arcului electric dezvoltat \u00een \u00eentreruptoarele cu comuta\u021bie \u00een vid<\/h2>[vc_column_text]DATA:<strong> 2005<\/strong><\/p>\n<p>AUTORI:<strong>\u00a0Gabriela PAVELESCU, Dan PAVELESCU, Gheorghe DUMITRESCU, Paula ANGHELI\u021a\u0102, Paula LUNGU, Florin GHERENDI, Viorel BRAIC<\/strong><\/p>\n<p>PREZENTATA LA:<strong> Simpozionul \u015ftiin\u0163ific \u201e55 de ani de activitate al grupului ICPE \u00een dezvoltarea sectorului electrotehnic\u201c, 20-21 Septembrie 2005, Bucure\u015fti, ROMANIA<br \/>\n<\/strong>[\/vc_column_text][\/vc_column][\/vc_row]<\/p>\n","protected":false},"excerpt":{"rendered":"<p>[vc_row][vc_column bg_color=&#8221;#c6c6c6&#8243; column_padding=&#8221;custom-padding&#8221; column_custompadding=&#8221;37px 40px 40px 40px&#8221; width=&#8221;1\/2&#8243;][\/vc_column][vc_column column_padding=&#8221;custom-padding&#8221; column_custompadding=&#8221;40px 40px 40px 40px&#8221; width=&#8221;1\/2&#8243;][vc_column_text]DATA: 2005 AUTORI:\u00a0Gabriela PAVELESCU, Dan PAVELESCU, Gheorghe DUMITRESCU, Paula ANGHELI\u021a\u0102, Paula LUNGU, Florin GHERENDI, Viorel BRAIC PREZENTATA LA: Simpozionul \u015ftiin\u0163ific \u201e55 de ani de activitate al grupului ICPE \u00een dezvoltarea sectorului electrotehnic\u201c, 20-21 Septembrie 2005, Bucure\u015fti, ROMANIA [\/vc_column_text][\/vc_column][\/vc_row]<\/p>\n","protected":false},"author":2,"featured_media":0,"parent":17451,"menu_order":171,"comment_status":"closed","ping_status":"closed","template":"","meta":[],"folder":[43],"_links":{"self":[{"href":"http:\/\/www.icpe.ro\/ro\/wp-json\/wp\/v2\/pages\/19189"}],"collection":[{"href":"http:\/\/www.icpe.ro\/ro\/wp-json\/wp\/v2\/pages"}],"about":[{"href":"http:\/\/www.icpe.ro\/ro\/wp-json\/wp\/v2\/types\/page"}],"author":[{"embeddable":true,"href":"http:\/\/www.icpe.ro\/ro\/wp-json\/wp\/v2\/users\/2"}],"replies":[{"embeddable":true,"href":"http:\/\/www.icpe.ro\/ro\/wp-json\/wp\/v2\/comments?post=19189"}],"version-history":[{"count":0,"href":"http:\/\/www.icpe.ro\/ro\/wp-json\/wp\/v2\/pages\/19189\/revisions"}],"up":[{"embeddable":true,"href":"http:\/\/www.icpe.ro\/ro\/wp-json\/wp\/v2\/pages\/17451"}],"wp:attachment":[{"href":"http:\/\/www.icpe.ro\/ro\/wp-json\/wp\/v2\/media?parent=19189"}],"wp:term":[{"taxonomy":"folder","embeddable":true,"href":"http:\/\/www.icpe.ro\/ro\/wp-json\/wp\/v2\/folder?post=19189"}],"curies":[{"name":"wp","href":"https:\/\/api.w.org\/{rel}","templated":true}]}}