{"id":19147,"date":"2017-11-17T13:42:30","date_gmt":"2017-11-17T10:42:30","guid":{"rendered":"http:\/\/www.incdie-icpe.ro\/ro\/?page_id=19147"},"modified":"2017-12-14T12:31:12","modified_gmt":"2017-12-14T09:31:12","slug":"studiu-deplasare-arc-electric-diagnoza-plasma-intreruptoare-contacte-generatoare-camp-magnetic-transversal-tmf","status":"publish","type":"page","link":"http:\/\/www.icpe.ro\/ro\/lucrari-stiintifice\/studiu-deplasare-arc-electric-diagnoza-plasma-intreruptoare-contacte-generatoare-camp-magnetic-transversal-tmf\/","title":{"rendered":"Studiul deplas\u0103rii arcului electric \u0219i diagnoza plasmei \u00een cazul \u00eentreruptoarelor cu contacte generatoare de c\u00e2mp magnetic transversal TMF"},"content":{"rendered":"<p>[vc_row][vc_column bg_color=&#8221;#c6c6c6&#8243; column_padding=&#8221;custom-padding&#8221; column_custompadding=&#8221;37px 40px 40px 40px&#8221; width=&#8221;1\/2&#8243;]<h2 class=\"headline font-inherit fontsize-m fontweight-400 lh-inherit align-center transform-inherit \" style=\"margin: 0 0 20px 0;\">ABSTRACT<\/h2><h2 class=\"headline font-inherit fontsize-xs fontweight-400 lh-inherit align-left transform-inherit \" style=\"margin: 0 0 20px 0; color: #282828;\"><\/h2>[\/vc_column][vc_column column_padding=&#8221;custom-padding&#8221; column_custompadding=&#8221;40px 40px 40px 40px&#8221; width=&#8221;1\/2&#8243;]<h2 class=\"headline font-inherit fontsize-s fontweight-800 lh-inherit align-left transform-inherit \" style=\"margin: 0 0 20px 0; color: #dd3333;\">Studiul deplas\u0103rii arcului electric \u0219i diagnoza plasmei \u00een cazul \u00eentreruptoarelor cu contacte generatoare de c\u00e2mp magnetic transversal TMF<\/h2>[vc_column_text]DATA:<strong> 2007<\/strong><\/p>\n<p>AUTORI:\u00a0<strong>Dan PAVELESCU, Gheorghe DUMITRESCU, Gabriela PAVELESCU, Florin GHERENDI, Smaranda NI\u021aU, Viorel BRAIC, Paula ANGHELI\u021a\u0102<\/strong><\/p>\n<p>PUBLICAT \u00ceN:<strong> IEEE Transactions on Plasma Science, vol. 35, issue 4, part. 2, August 2007<br \/>\n<\/strong>[\/vc_column_text][\/vc_column][\/vc_row]<\/p>\n","protected":false},"excerpt":{"rendered":"<p>[vc_row][vc_column bg_color=&#8221;#c6c6c6&#8243; column_padding=&#8221;custom-padding&#8221; column_custompadding=&#8221;37px 40px 40px 40px&#8221; width=&#8221;1\/2&#8243;][\/vc_column][vc_column column_padding=&#8221;custom-padding&#8221; column_custompadding=&#8221;40px 40px 40px 40px&#8221; width=&#8221;1\/2&#8243;][vc_column_text]DATA: 2007 AUTORI:\u00a0Dan PAVELESCU, Gheorghe DUMITRESCU, Gabriela PAVELESCU, Florin GHERENDI, Smaranda NI\u021aU, Viorel BRAIC, Paula ANGHELI\u021a\u0102 PUBLICAT \u00ceN: IEEE Transactions on Plasma Science, vol. 35, issue 4, part. 2, August 2007 [\/vc_column_text][\/vc_column][\/vc_row]<\/p>\n","protected":false},"author":2,"featured_media":0,"parent":17451,"menu_order":365,"comment_status":"closed","ping_status":"closed","template":"","meta":[],"folder":[43],"_links":{"self":[{"href":"http:\/\/www.icpe.ro\/ro\/wp-json\/wp\/v2\/pages\/19147"}],"collection":[{"href":"http:\/\/www.icpe.ro\/ro\/wp-json\/wp\/v2\/pages"}],"about":[{"href":"http:\/\/www.icpe.ro\/ro\/wp-json\/wp\/v2\/types\/page"}],"author":[{"embeddable":true,"href":"http:\/\/www.icpe.ro\/ro\/wp-json\/wp\/v2\/users\/2"}],"replies":[{"embeddable":true,"href":"http:\/\/www.icpe.ro\/ro\/wp-json\/wp\/v2\/comments?post=19147"}],"version-history":[{"count":0,"href":"http:\/\/www.icpe.ro\/ro\/wp-json\/wp\/v2\/pages\/19147\/revisions"}],"up":[{"embeddable":true,"href":"http:\/\/www.icpe.ro\/ro\/wp-json\/wp\/v2\/pages\/17451"}],"wp:attachment":[{"href":"http:\/\/www.icpe.ro\/ro\/wp-json\/wp\/v2\/media?parent=19147"}],"wp:term":[{"taxonomy":"folder","embeddable":true,"href":"http:\/\/www.icpe.ro\/ro\/wp-json\/wp\/v2\/folder?post=19147"}],"curies":[{"name":"wp","href":"https:\/\/api.w.org\/{rel}","templated":true}]}}